{"id":25925,"date":"2024-11-19T02:15:54","date_gmt":"2024-11-18T23:15:54","guid":{"rendered":"https:\/\/saudi-gift.com\/product\/tapis-de-priere-original-rawda-sharifa-mihrab\/"},"modified":"2025-02-09T14:25:48","modified_gmt":"2025-02-09T11:25:48","slug":"tapis-de-priere-original-rawda-sharifa-mihrab","status":"publish","type":"product","link":"https:\/\/saudi-gift.com\/fr\/produit\/tapis-de-priere-original-rawda-sharifa-mihrab\/","title":{"rendered":"Tapis de pri\u00e8re &#8211; Original Rawda Sharifa Mihrab"},"content":{"rendered":"<ul>\n<li class=\"ql-align-right\">A propos du produit :<\/li>\n<\/ul>\n<p class=\"ql-align-right\">Taille : 110 * 70cm | Epaisseur : 6 mm | Poids : 1.450kg | Nombre de noeuds : 910,000 | Couleur : Vert, Rouge | Type de mat\u00e9riau : Polypropyl\u00e8ne      <\/p>\n<ul>\n<li class=\"ql-align-right\">Caract\u00e9ristiques du produit :<\/li>\n<\/ul>\n<p class=\"ql-align-right\">Lavable | hypoallerg\u00e9nique | antibact\u00e9rien et anti-acarien | technologie belge<\/p>\n","protected":false},"excerpt":{"rendered":"<p class=\"ql-align-right\">Nous sommes fiers du fait que nos produits sont fabriqu\u00e9s dans la r\u00e9gion de Medina et par les mains des habitants de Medina.<\/p>\n<p class=\"ql-align-right\">Chaque tapis est pr\u00e9sent\u00e9 dans un emballage sophistiqu\u00e9 qui convient \u00e0 tous les go\u00fbts et cr\u00e9e un look plein d&rsquo;\u00e9l\u00e9gance.<\/p>\n","protected":false},"featured_media":25872,"comment_status":"open","ping_status":"closed","template":"","meta":[],"product_brand":[],"product_cat":[3286],"product_tag":[1121,1122],"class_list":{"0":"post-25925","1":"product","2":"type-product","3":"status-publish","4":"has-post-thumbnail","6":"product_cat-tapis-de-medine","7":"product_tag--fr","8":"product_tag-_-fr","10":"first","11":"outofstock","12":"shipping-taxable","13":"purchasable","14":"product-type-simple"},"yoast_head":"<!-- This site is optimized with the Yoast SEO Premium plugin v27.2 (Yoast SEO v27.6) - https:\/\/yoast.com\/product\/yoast-seo-premium-wordpress\/ -->\n<title>Tapis de pri\u00e8re - Original Rawda Sharifa Mihrab - \u0647\u062f\u064a\u0629 \u0633\u0639\u0648\u062f\u064a\u0629<\/title>\n<meta name=\"robots\" content=\"index, follow, max-snippet:-1, max-image-preview:large, max-video-preview:-1\" \/>\n<link rel=\"canonical\" href=\"https:\/\/saudi-gift.com\/fr\/product\/tapis-de-priere-original-rawda-sharifa-mihrab\/\" \/>\n<meta property=\"og:locale\" content=\"fr_FR\" \/>\n<meta property=\"og:type\" content=\"article\" \/>\n<meta property=\"og:title\" content=\"Tapis de pri\u00e8re - Original Rawda Sharifa Mihrab\" \/>\n<meta property=\"og:description\" content=\"Nous sommes fiers du fait que nos produits sont fabriqu\u00e9s dans la r\u00e9gion de Medina et par les mains des habitants de Medina. Chaque tapis est pr\u00e9sent\u00e9 dans un emballage sophistiqu\u00e9 qui convient \u00e0 tous les go\u00fbts et cr\u00e9e un look plein d&#039;\u00e9l\u00e9gance.\" \/>\n<meta property=\"og:url\" content=\"https:\/\/saudi-gift.com\/fr\/product\/tapis-de-priere-original-rawda-sharifa-mihrab\/\" \/>\n<meta property=\"og:site_name\" content=\"\u0647\u062f\u064a\u0629 \u0633\u0639\u0648\u062f\u064a\u0629\" \/>\n<meta property=\"article:publisher\" content=\"https:\/\/www.facebook.com\/profile.php?id=61560277649059&amp;mibextid=LQQJ4d\" \/>\n<meta property=\"article:modified_time\" content=\"2025-02-09T11:25:48+00:00\" \/>\n<meta property=\"og:image\" content=\"https:\/\/saudi-gift.com\/wp-content\/uploads\/2024\/11\/l6DaO3UUVwyGWDmlRYvLm4gItHFSpftcNyJoklqp-1.jpg\" \/>\n\t<meta property=\"og:image:width\" content=\"600\" \/>\n\t<meta property=\"og:image:height\" content=\"600\" \/>\n\t<meta property=\"og:image:type\" content=\"image\/jpeg\" \/>\n<meta name=\"twitter:card\" content=\"summary_large_image\" \/>\n<meta name=\"twitter:site\" content=\"@saudigift_\" \/>\n<script type=\"application\/ld+json\" class=\"yoast-schema-graph\">{\"@context\":\"https:\\\/\\\/schema.org\",\"@graph\":[{\"@type\":\"WebPage\",\"@id\":\"https:\\\/\\\/saudi-gift.com\\\/fr\\\/product\\\/tapis-de-priere-original-rawda-sharifa-mihrab\\\/\",\"url\":\"https:\\\/\\\/saudi-gift.com\\\/fr\\\/product\\\/tapis-de-priere-original-rawda-sharifa-mihrab\\\/\",\"name\":\"Tapis de pri\u00e8re - Original Rawda Sharifa Mihrab - \u0647\u062f\u064a\u0629 \u0633\u0639\u0648\u062f\u064a\u0629\",\"isPartOf\":{\"@id\":\"https:\\\/\\\/saudi-gift.com\\\/#website\"},\"primaryImageOfPage\":{\"@id\":\"https:\\\/\\\/saudi-gift.com\\\/fr\\\/product\\\/tapis-de-priere-original-rawda-sharifa-mihrab\\\/#primaryimage\"},\"image\":{\"@id\":\"https:\\\/\\\/saudi-gift.com\\\/fr\\\/product\\\/tapis-de-priere-original-rawda-sharifa-mihrab\\\/#primaryimage\"},\"thumbnailUrl\":\"https:\\\/\\\/saudi-gift.com\\\/wp-content\\\/uploads\\\/2024\\\/11\\\/l6DaO3UUVwyGWDmlRYvLm4gItHFSpftcNyJoklqp-1.jpg\",\"datePublished\":\"2024-11-18T23:15:54+00:00\",\"dateModified\":\"2025-02-09T11:25:48+00:00\",\"breadcrumb\":{\"@id\":\"https:\\\/\\\/saudi-gift.com\\\/fr\\\/product\\\/tapis-de-priere-original-rawda-sharifa-mihrab\\\/#breadcrumb\"},\"inLanguage\":\"fr-FR\",\"potentialAction\":[{\"@type\":\"ReadAction\",\"target\":[\"https:\\\/\\\/saudi-gift.com\\\/fr\\\/product\\\/tapis-de-priere-original-rawda-sharifa-mihrab\\\/\"]}]},{\"@type\":\"ImageObject\",\"inLanguage\":\"fr-FR\",\"@id\":\"https:\\\/\\\/saudi-gift.com\\\/fr\\\/product\\\/tapis-de-priere-original-rawda-sharifa-mihrab\\\/#primaryimage\",\"url\":\"https:\\\/\\\/saudi-gift.com\\\/wp-content\\\/uploads\\\/2024\\\/11\\\/l6DaO3UUVwyGWDmlRYvLm4gItHFSpftcNyJoklqp-1.jpg\",\"contentUrl\":\"https:\\\/\\\/saudi-gift.com\\\/wp-content\\\/uploads\\\/2024\\\/11\\\/l6DaO3UUVwyGWDmlRYvLm4gItHFSpftcNyJoklqp-1.jpg\",\"width\":600,\"height\":600},{\"@type\":\"BreadcrumbList\",\"@id\":\"https:\\\/\\\/saudi-gift.com\\\/fr\\\/product\\\/tapis-de-priere-original-rawda-sharifa-mihrab\\\/#breadcrumb\",\"itemListElement\":[{\"@type\":\"ListItem\",\"position\":1,\"name\":\"Home\",\"item\":\"https:\\\/\\\/saudi-gift.com\\\/fr\\\/\"},{\"@type\":\"ListItem\",\"position\":2,\"name\":\"Acheter\",\"item\":\"https:\\\/\\\/saudi-gift.com\\\/fr\\\/acheter\\\/\"},{\"@type\":\"ListItem\",\"position\":3,\"name\":\"Tapis de pri\u00e8re &#8211; Original Rawda Sharifa Mihrab\"}]},{\"@type\":\"WebSite\",\"@id\":\"https:\\\/\\\/saudi-gift.com\\\/#website\",\"url\":\"https:\\\/\\\/saudi-gift.com\\\/\",\"name\":\"\u0647\u062f\u064a\u0629 \u0633\u0639\u0648\u062f\u064a\u0629\",\"description\":\"\u0647\u062f\u064a\u0629 \u0633\u0639\u0648\u062f\u064a\u0629 \u0645\u062a\u062c\u0631 \u0627\u0644\u0643\u062a\u0631\u0648\u0646\u064a \u064a\u0642\u062f\u0645 \u0644\u0643\u0645 \u0645\u062c\u0645\u0648\u0639\u0629 \u0645\u0646 \u0627\u0644\u0647\u062f\u0627\u064a\u0627 \u0627\u0644\u062a\u064a \u062a\u062c\u0633\u062f \u0639\u0628\u0642 \u0630\u0643\u0631\u064a\u0627\u062a\u0643\u0645 \u0641\u064a \u0627\u0644\u0645\u0634\u0627\u0639\u0631 \u0627\u0644\u0645\u0642\u062f\u0633\u0629\",\"publisher\":{\"@id\":\"https:\\\/\\\/saudi-gift.com\\\/#organization\"},\"alternateName\":\"\u0647\u062f\u064a\u0629 \u0633\u0639\u0648\u062f\u064a\u0629\",\"potentialAction\":[{\"@type\":\"SearchAction\",\"target\":{\"@type\":\"EntryPoint\",\"urlTemplate\":\"https:\\\/\\\/saudi-gift.com\\\/?s={search_term_string}\"},\"query-input\":{\"@type\":\"PropertyValueSpecification\",\"valueRequired\":true,\"valueName\":\"search_term_string\"}}],\"inLanguage\":\"fr-FR\"},{\"@type\":\"Organization\",\"@id\":\"https:\\\/\\\/saudi-gift.com\\\/#organization\",\"name\":\"\u0645\u062a\u062c\u0631 \u0627\u0644\u0647\u062f\u064a\u0629\",\"alternateName\":\"\u0647\u062f\u064a\u0629 \u0633\u0639\u0648\u062f\u064a\u0629\",\"url\":\"https:\\\/\\\/saudi-gift.com\\\/\",\"logo\":{\"@type\":\"ImageObject\",\"inLanguage\":\"fr-FR\",\"@id\":\"https:\\\/\\\/saudi-gift.com\\\/#\\\/schema\\\/logo\\\/image\\\/\",\"url\":\"https:\\\/\\\/saudi-gift.com\\\/wp-content\\\/uploads\\\/2025\\\/05\\\/2.png\",\"contentUrl\":\"https:\\\/\\\/saudi-gift.com\\\/wp-content\\\/uploads\\\/2025\\\/05\\\/2.png\",\"width\":163,\"height\":42,\"caption\":\"\u0645\u062a\u062c\u0631 \u0627\u0644\u0647\u062f\u064a\u0629\"},\"image\":{\"@id\":\"https:\\\/\\\/saudi-gift.com\\\/#\\\/schema\\\/logo\\\/image\\\/\"},\"sameAs\":[\"https:\\\/\\\/www.facebook.com\\\/profile.php?id=61560277649059&mibextid=LQQJ4d\",\"https:\\\/\\\/x.com\\\/saudigift_\"]}]}<\/script>\n<!-- \/ Yoast SEO Premium plugin. -->","yoast_head_json":{"title":"Tapis de pri\u00e8re - Original Rawda Sharifa Mihrab - \u0647\u062f\u064a\u0629 \u0633\u0639\u0648\u062f\u064a\u0629","robots":{"index":"index","follow":"follow","max-snippet":"max-snippet:-1","max-image-preview":"max-image-preview:large","max-video-preview":"max-video-preview:-1"},"canonical":"https:\/\/saudi-gift.com\/fr\/product\/tapis-de-priere-original-rawda-sharifa-mihrab\/","og_locale":"fr_FR","og_type":"article","og_title":"Tapis de pri\u00e8re - Original Rawda Sharifa Mihrab","og_description":"Nous sommes fiers du fait que nos produits sont fabriqu\u00e9s dans la r\u00e9gion de Medina et par les mains des habitants de Medina. Chaque tapis est pr\u00e9sent\u00e9 dans un emballage sophistiqu\u00e9 qui convient \u00e0 tous les go\u00fbts et cr\u00e9e un look plein d'\u00e9l\u00e9gance.","og_url":"https:\/\/saudi-gift.com\/fr\/product\/tapis-de-priere-original-rawda-sharifa-mihrab\/","og_site_name":"\u0647\u062f\u064a\u0629 \u0633\u0639\u0648\u062f\u064a\u0629","article_publisher":"https:\/\/www.facebook.com\/profile.php?id=61560277649059&mibextid=LQQJ4d","article_modified_time":"2025-02-09T11:25:48+00:00","og_image":[{"width":600,"height":600,"url":"https:\/\/saudi-gift.com\/wp-content\/uploads\/2024\/11\/l6DaO3UUVwyGWDmlRYvLm4gItHFSpftcNyJoklqp-1.jpg","type":"image\/jpeg"}],"twitter_card":"summary_large_image","twitter_site":"@saudigift_","schema":{"@context":"https:\/\/schema.org","@graph":[{"@type":"WebPage","@id":"https:\/\/saudi-gift.com\/fr\/product\/tapis-de-priere-original-rawda-sharifa-mihrab\/","url":"https:\/\/saudi-gift.com\/fr\/product\/tapis-de-priere-original-rawda-sharifa-mihrab\/","name":"Tapis de pri\u00e8re - Original Rawda Sharifa Mihrab - \u0647\u062f\u064a\u0629 \u0633\u0639\u0648\u062f\u064a\u0629","isPartOf":{"@id":"https:\/\/saudi-gift.com\/#website"},"primaryImageOfPage":{"@id":"https:\/\/saudi-gift.com\/fr\/product\/tapis-de-priere-original-rawda-sharifa-mihrab\/#primaryimage"},"image":{"@id":"https:\/\/saudi-gift.com\/fr\/product\/tapis-de-priere-original-rawda-sharifa-mihrab\/#primaryimage"},"thumbnailUrl":"https:\/\/saudi-gift.com\/wp-content\/uploads\/2024\/11\/l6DaO3UUVwyGWDmlRYvLm4gItHFSpftcNyJoklqp-1.jpg","datePublished":"2024-11-18T23:15:54+00:00","dateModified":"2025-02-09T11:25:48+00:00","breadcrumb":{"@id":"https:\/\/saudi-gift.com\/fr\/product\/tapis-de-priere-original-rawda-sharifa-mihrab\/#breadcrumb"},"inLanguage":"fr-FR","potentialAction":[{"@type":"ReadAction","target":["https:\/\/saudi-gift.com\/fr\/product\/tapis-de-priere-original-rawda-sharifa-mihrab\/"]}]},{"@type":"ImageObject","inLanguage":"fr-FR","@id":"https:\/\/saudi-gift.com\/fr\/product\/tapis-de-priere-original-rawda-sharifa-mihrab\/#primaryimage","url":"https:\/\/saudi-gift.com\/wp-content\/uploads\/2024\/11\/l6DaO3UUVwyGWDmlRYvLm4gItHFSpftcNyJoklqp-1.jpg","contentUrl":"https:\/\/saudi-gift.com\/wp-content\/uploads\/2024\/11\/l6DaO3UUVwyGWDmlRYvLm4gItHFSpftcNyJoklqp-1.jpg","width":600,"height":600},{"@type":"BreadcrumbList","@id":"https:\/\/saudi-gift.com\/fr\/product\/tapis-de-priere-original-rawda-sharifa-mihrab\/#breadcrumb","itemListElement":[{"@type":"ListItem","position":1,"name":"Home","item":"https:\/\/saudi-gift.com\/fr\/"},{"@type":"ListItem","position":2,"name":"Acheter","item":"https:\/\/saudi-gift.com\/fr\/acheter\/"},{"@type":"ListItem","position":3,"name":"Tapis de pri\u00e8re &#8211; Original Rawda Sharifa Mihrab"}]},{"@type":"WebSite","@id":"https:\/\/saudi-gift.com\/#website","url":"https:\/\/saudi-gift.com\/","name":"\u0647\u062f\u064a\u0629 \u0633\u0639\u0648\u062f\u064a\u0629","description":"\u0647\u062f\u064a\u0629 \u0633\u0639\u0648\u062f\u064a\u0629 \u0645\u062a\u062c\u0631 \u0627\u0644\u0643\u062a\u0631\u0648\u0646\u064a \u064a\u0642\u062f\u0645 \u0644\u0643\u0645 \u0645\u062c\u0645\u0648\u0639\u0629 \u0645\u0646 \u0627\u0644\u0647\u062f\u0627\u064a\u0627 \u0627\u0644\u062a\u064a \u062a\u062c\u0633\u062f \u0639\u0628\u0642 \u0630\u0643\u0631\u064a\u0627\u062a\u0643\u0645 \u0641\u064a \u0627\u0644\u0645\u0634\u0627\u0639\u0631 \u0627\u0644\u0645\u0642\u062f\u0633\u0629","publisher":{"@id":"https:\/\/saudi-gift.com\/#organization"},"alternateName":"\u0647\u062f\u064a\u0629 \u0633\u0639\u0648\u062f\u064a\u0629","potentialAction":[{"@type":"SearchAction","target":{"@type":"EntryPoint","urlTemplate":"https:\/\/saudi-gift.com\/?s={search_term_string}"},"query-input":{"@type":"PropertyValueSpecification","valueRequired":true,"valueName":"search_term_string"}}],"inLanguage":"fr-FR"},{"@type":"Organization","@id":"https:\/\/saudi-gift.com\/#organization","name":"\u0645\u062a\u062c\u0631 \u0627\u0644\u0647\u062f\u064a\u0629","alternateName":"\u0647\u062f\u064a\u0629 \u0633\u0639\u0648\u062f\u064a\u0629","url":"https:\/\/saudi-gift.com\/","logo":{"@type":"ImageObject","inLanguage":"fr-FR","@id":"https:\/\/saudi-gift.com\/#\/schema\/logo\/image\/","url":"https:\/\/saudi-gift.com\/wp-content\/uploads\/2025\/05\/2.png","contentUrl":"https:\/\/saudi-gift.com\/wp-content\/uploads\/2025\/05\/2.png","width":163,"height":42,"caption":"\u0645\u062a\u062c\u0631 \u0627\u0644\u0647\u062f\u064a\u0629"},"image":{"@id":"https:\/\/saudi-gift.com\/#\/schema\/logo\/image\/"},"sameAs":["https:\/\/www.facebook.com\/profile.php?id=61560277649059&mibextid=LQQJ4d","https:\/\/x.com\/saudigift_"]}]}},"jetpack-related-posts":[],"_links":{"self":[{"href":"https:\/\/saudi-gift.com\/fr\/wp-json\/wp\/v2\/product\/25925","targetHints":{"allow":["GET"]}}],"collection":[{"href":"https:\/\/saudi-gift.com\/fr\/wp-json\/wp\/v2\/product"}],"about":[{"href":"https:\/\/saudi-gift.com\/fr\/wp-json\/wp\/v2\/types\/product"}],"replies":[{"embeddable":true,"href":"https:\/\/saudi-gift.com\/fr\/wp-json\/wp\/v2\/comments?post=25925"}],"version-history":[{"count":0,"href":"https:\/\/saudi-gift.com\/fr\/wp-json\/wp\/v2\/product\/25925\/revisions"}],"wp:featuredmedia":[{"embeddable":true,"href":"https:\/\/saudi-gift.com\/fr\/wp-json\/wp\/v2\/media\/25872"}],"wp:attachment":[{"href":"https:\/\/saudi-gift.com\/fr\/wp-json\/wp\/v2\/media?parent=25925"}],"wp:term":[{"taxonomy":"product_brand","embeddable":true,"href":"https:\/\/saudi-gift.com\/fr\/wp-json\/wp\/v2\/product_brand?post=25925"},{"taxonomy":"product_cat","embeddable":true,"href":"https:\/\/saudi-gift.com\/fr\/wp-json\/wp\/v2\/product_cat?post=25925"},{"taxonomy":"product_tag","embeddable":true,"href":"https:\/\/saudi-gift.com\/fr\/wp-json\/wp\/v2\/product_tag?post=25925"}],"curies":[{"name":"wp","href":"https:\/\/api.w.org\/{rel}","templated":true}]}}