{"id":26183,"date":"2024-11-17T17:11:14","date_gmt":"2024-11-17T14:11:14","guid":{"rendered":"https:\/\/saudi-gift.com\/product\/tapis-de-priere-al-rawdah-featured\/"},"modified":"2025-01-08T19:41:01","modified_gmt":"2025-01-08T16:41:01","slug":"tapis-de-priere-al-rawdah-featured","status":"publish","type":"product","link":"https:\/\/saudi-gift.com\/fr\/produit\/tapis-de-priere-al-rawdah-featured\/","title":{"rendered":"Tapis de pri\u00e8re &#8211; Al Rawdah Featured"},"content":{"rendered":"<ul>\n<li class=\"ql-align-right\">A propos du produit :<\/li>\n<\/ul>\n<p class=\"ql-align-right\">Taille : 110 * 70cm | Epaisseur : 8 mm | Poids : 1.2kg | Nombre de noeuds : 910,000 | Type de mat\u00e9riel : Polypropyl\u00e8ne Heat Set     <\/p>\n<ul>\n<li class=\"ql-align-right\">Caract\u00e9ristiques du produit :<\/li>\n<\/ul>\n<p class=\"ql-align-right\">Lavable | hypoallerg\u00e9nique | antibact\u00e9rien et anti-acarien | technologie belge<\/p>\n","protected":false},"excerpt":{"rendered":"<p class=\"ql-align-right\">Nous sommes fiers du fait que nos produits sont fabriqu\u00e9s dans la r\u00e9gion de Medina et par les mains des habitants de Medina.<\/p>\n<p class=\"ql-align-right\">Chaque tapis est pr\u00e9sent\u00e9 dans un emballage sophistiqu\u00e9 qui convient \u00e0 tous les go\u00fbts et cr\u00e9e un look plein d&rsquo;\u00e9l\u00e9gance.<\/p>\n","protected":false},"featured_media":25809,"comment_status":"open","ping_status":"closed","template":"","meta":[],"product_brand":[],"product_cat":[3286],"product_tag":[1121,1122],"class_list":{"0":"post-26183","1":"product","2":"type-product","3":"status-publish","4":"has-post-thumbnail","6":"product_cat-tapis-de-medine","7":"product_tag--fr","8":"product_tag-_-fr","10":"first","11":"outofstock","12":"shipping-taxable","13":"purchasable","14":"product-type-variable"},"yoast_head":"<!-- This site is optimized with the Yoast SEO Premium plugin v27.2 (Yoast SEO v27.6) - https:\/\/yoast.com\/product\/yoast-seo-premium-wordpress\/ -->\n<title>Tapis de pri\u00e8re - Al Rawdah Featured<\/title>\n<meta name=\"description\" content=\"D\u00e9couvrez l&#039;atmosph\u00e8re de la sainte Rawdah avec un tapis soigneusement con\u00e7u pour allier confort et beaut\u00e9. Inspir\u00e9 du mihrab de la sainte Rawdah, il conf\u00e8re une dimension spirituelle \u00e0 vos pri\u00e8res.\" \/>\n<meta name=\"robots\" content=\"index, follow, max-snippet:-1, max-image-preview:large, max-video-preview:-1\" \/>\n<link rel=\"canonical\" href=\"https:\/\/saudi-gift.com\/fr\/product\/tapis-de-priere-al-rawdah-featured\/\" \/>\n<meta property=\"og:locale\" content=\"fr_FR\" \/>\n<meta property=\"og:type\" content=\"article\" \/>\n<meta property=\"og:title\" content=\"Tapis de pri\u00e8re - Al Rawdah Featured\" \/>\n<meta property=\"og:description\" content=\"D\u00e9couvrez l&#039;atmosph\u00e8re de la sainte Rawdah avec un tapis soigneusement con\u00e7u pour allier confort et beaut\u00e9. Inspir\u00e9 du mihrab de la sainte Rawdah, il conf\u00e8re une dimension spirituelle \u00e0 vos pri\u00e8res.\" \/>\n<meta property=\"og:url\" content=\"https:\/\/saudi-gift.com\/fr\/product\/tapis-de-priere-al-rawdah-featured\/\" \/>\n<meta property=\"og:site_name\" content=\"\u0647\u062f\u064a\u0629 \u0633\u0639\u0648\u062f\u064a\u0629\" \/>\n<meta property=\"article:publisher\" content=\"https:\/\/www.facebook.com\/profile.php?id=61560277649059&amp;mibextid=LQQJ4d\" \/>\n<meta property=\"article:modified_time\" content=\"2025-01-08T16:41:01+00:00\" \/>\n<meta property=\"og:image\" content=\"https:\/\/saudi-gift.com\/wp-content\/uploads\/2024\/11\/N2qotmnepvsyRi0eyU0Wbg6bq6YksrHPBJHNurTC-1.jpg\" \/>\n\t<meta property=\"og:image:width\" content=\"600\" \/>\n\t<meta property=\"og:image:height\" content=\"600\" \/>\n\t<meta property=\"og:image:type\" content=\"image\/jpeg\" \/>\n<meta name=\"twitter:card\" content=\"summary_large_image\" \/>\n<meta name=\"twitter:site\" content=\"@saudigift_\" \/>\n<script type=\"application\/ld+json\" class=\"yoast-schema-graph\">{\"@context\":\"https:\\\/\\\/schema.org\",\"@graph\":[{\"@type\":\"WebPage\",\"@id\":\"https:\\\/\\\/saudi-gift.com\\\/fr\\\/product\\\/tapis-de-priere-al-rawdah-featured\\\/\",\"url\":\"https:\\\/\\\/saudi-gift.com\\\/fr\\\/product\\\/tapis-de-priere-al-rawdah-featured\\\/\",\"name\":\"Tapis de pri\u00e8re - Al Rawdah Featured\",\"isPartOf\":{\"@id\":\"https:\\\/\\\/saudi-gift.com\\\/#website\"},\"primaryImageOfPage\":{\"@id\":\"https:\\\/\\\/saudi-gift.com\\\/fr\\\/product\\\/tapis-de-priere-al-rawdah-featured\\\/#primaryimage\"},\"image\":{\"@id\":\"https:\\\/\\\/saudi-gift.com\\\/fr\\\/product\\\/tapis-de-priere-al-rawdah-featured\\\/#primaryimage\"},\"thumbnailUrl\":\"https:\\\/\\\/saudi-gift.com\\\/wp-content\\\/uploads\\\/2024\\\/11\\\/N2qotmnepvsyRi0eyU0Wbg6bq6YksrHPBJHNurTC-1.jpg\",\"datePublished\":\"2024-11-17T14:11:14+00:00\",\"dateModified\":\"2025-01-08T16:41:01+00:00\",\"description\":\"D\u00e9couvrez l'atmosph\u00e8re de la sainte Rawdah avec un tapis soigneusement con\u00e7u pour allier confort et beaut\u00e9. Inspir\u00e9 du mihrab de la sainte Rawdah, il conf\u00e8re une dimension spirituelle \u00e0 vos pri\u00e8res.\",\"breadcrumb\":{\"@id\":\"https:\\\/\\\/saudi-gift.com\\\/fr\\\/product\\\/tapis-de-priere-al-rawdah-featured\\\/#breadcrumb\"},\"inLanguage\":\"fr-FR\",\"potentialAction\":[{\"@type\":\"ReadAction\",\"target\":[\"https:\\\/\\\/saudi-gift.com\\\/fr\\\/product\\\/tapis-de-priere-al-rawdah-featured\\\/\"]}]},{\"@type\":\"ImageObject\",\"inLanguage\":\"fr-FR\",\"@id\":\"https:\\\/\\\/saudi-gift.com\\\/fr\\\/product\\\/tapis-de-priere-al-rawdah-featured\\\/#primaryimage\",\"url\":\"https:\\\/\\\/saudi-gift.com\\\/wp-content\\\/uploads\\\/2024\\\/11\\\/N2qotmnepvsyRi0eyU0Wbg6bq6YksrHPBJHNurTC-1.jpg\",\"contentUrl\":\"https:\\\/\\\/saudi-gift.com\\\/wp-content\\\/uploads\\\/2024\\\/11\\\/N2qotmnepvsyRi0eyU0Wbg6bq6YksrHPBJHNurTC-1.jpg\",\"width\":600,\"height\":600},{\"@type\":\"BreadcrumbList\",\"@id\":\"https:\\\/\\\/saudi-gift.com\\\/fr\\\/product\\\/tapis-de-priere-al-rawdah-featured\\\/#breadcrumb\",\"itemListElement\":[{\"@type\":\"ListItem\",\"position\":1,\"name\":\"Home\",\"item\":\"https:\\\/\\\/saudi-gift.com\\\/fr\\\/\"},{\"@type\":\"ListItem\",\"position\":2,\"name\":\"Acheter\",\"item\":\"https:\\\/\\\/saudi-gift.com\\\/fr\\\/acheter\\\/\"},{\"@type\":\"ListItem\",\"position\":3,\"name\":\"Tapis de pri\u00e8re &#8211; Al Rawdah Featured\"}]},{\"@type\":\"WebSite\",\"@id\":\"https:\\\/\\\/saudi-gift.com\\\/#website\",\"url\":\"https:\\\/\\\/saudi-gift.com\\\/\",\"name\":\"\u0647\u062f\u064a\u0629 \u0633\u0639\u0648\u062f\u064a\u0629\",\"description\":\"\u0647\u062f\u064a\u0629 \u0633\u0639\u0648\u062f\u064a\u0629 \u0645\u062a\u062c\u0631 \u0627\u0644\u0643\u062a\u0631\u0648\u0646\u064a \u064a\u0642\u062f\u0645 \u0644\u0643\u0645 \u0645\u062c\u0645\u0648\u0639\u0629 \u0645\u0646 \u0627\u0644\u0647\u062f\u0627\u064a\u0627 \u0627\u0644\u062a\u064a \u062a\u062c\u0633\u062f \u0639\u0628\u0642 \u0630\u0643\u0631\u064a\u0627\u062a\u0643\u0645 \u0641\u064a \u0627\u0644\u0645\u0634\u0627\u0639\u0631 \u0627\u0644\u0645\u0642\u062f\u0633\u0629\",\"publisher\":{\"@id\":\"https:\\\/\\\/saudi-gift.com\\\/#organization\"},\"alternateName\":\"\u0647\u062f\u064a\u0629 \u0633\u0639\u0648\u062f\u064a\u0629\",\"potentialAction\":[{\"@type\":\"SearchAction\",\"target\":{\"@type\":\"EntryPoint\",\"urlTemplate\":\"https:\\\/\\\/saudi-gift.com\\\/?s={search_term_string}\"},\"query-input\":{\"@type\":\"PropertyValueSpecification\",\"valueRequired\":true,\"valueName\":\"search_term_string\"}}],\"inLanguage\":\"fr-FR\"},{\"@type\":\"Organization\",\"@id\":\"https:\\\/\\\/saudi-gift.com\\\/#organization\",\"name\":\"\u0645\u062a\u062c\u0631 \u0627\u0644\u0647\u062f\u064a\u0629\",\"alternateName\":\"\u0647\u062f\u064a\u0629 \u0633\u0639\u0648\u062f\u064a\u0629\",\"url\":\"https:\\\/\\\/saudi-gift.com\\\/\",\"logo\":{\"@type\":\"ImageObject\",\"inLanguage\":\"fr-FR\",\"@id\":\"https:\\\/\\\/saudi-gift.com\\\/#\\\/schema\\\/logo\\\/image\\\/\",\"url\":\"https:\\\/\\\/saudi-gift.com\\\/wp-content\\\/uploads\\\/2025\\\/05\\\/2.png\",\"contentUrl\":\"https:\\\/\\\/saudi-gift.com\\\/wp-content\\\/uploads\\\/2025\\\/05\\\/2.png\",\"width\":163,\"height\":42,\"caption\":\"\u0645\u062a\u062c\u0631 \u0627\u0644\u0647\u062f\u064a\u0629\"},\"image\":{\"@id\":\"https:\\\/\\\/saudi-gift.com\\\/#\\\/schema\\\/logo\\\/image\\\/\"},\"sameAs\":[\"https:\\\/\\\/www.facebook.com\\\/profile.php?id=61560277649059&mibextid=LQQJ4d\",\"https:\\\/\\\/x.com\\\/saudigift_\"]}]}<\/script>\n<!-- \/ Yoast SEO Premium plugin. -->","yoast_head_json":{"title":"Tapis de pri\u00e8re - Al Rawdah Featured","description":"D\u00e9couvrez l'atmosph\u00e8re de la sainte Rawdah avec un tapis soigneusement con\u00e7u pour allier confort et beaut\u00e9. Inspir\u00e9 du mihrab de la sainte Rawdah, il conf\u00e8re une dimension spirituelle \u00e0 vos pri\u00e8res.","robots":{"index":"index","follow":"follow","max-snippet":"max-snippet:-1","max-image-preview":"max-image-preview:large","max-video-preview":"max-video-preview:-1"},"canonical":"https:\/\/saudi-gift.com\/fr\/product\/tapis-de-priere-al-rawdah-featured\/","og_locale":"fr_FR","og_type":"article","og_title":"Tapis de pri\u00e8re - Al Rawdah Featured","og_description":"D\u00e9couvrez l'atmosph\u00e8re de la sainte Rawdah avec un tapis soigneusement con\u00e7u pour allier confort et beaut\u00e9. Inspir\u00e9 du mihrab de la sainte Rawdah, il conf\u00e8re une dimension spirituelle \u00e0 vos pri\u00e8res.","og_url":"https:\/\/saudi-gift.com\/fr\/product\/tapis-de-priere-al-rawdah-featured\/","og_site_name":"\u0647\u062f\u064a\u0629 \u0633\u0639\u0648\u062f\u064a\u0629","article_publisher":"https:\/\/www.facebook.com\/profile.php?id=61560277649059&mibextid=LQQJ4d","article_modified_time":"2025-01-08T16:41:01+00:00","og_image":[{"width":600,"height":600,"url":"https:\/\/saudi-gift.com\/wp-content\/uploads\/2024\/11\/N2qotmnepvsyRi0eyU0Wbg6bq6YksrHPBJHNurTC-1.jpg","type":"image\/jpeg"}],"twitter_card":"summary_large_image","twitter_site":"@saudigift_","schema":{"@context":"https:\/\/schema.org","@graph":[{"@type":"WebPage","@id":"https:\/\/saudi-gift.com\/fr\/product\/tapis-de-priere-al-rawdah-featured\/","url":"https:\/\/saudi-gift.com\/fr\/product\/tapis-de-priere-al-rawdah-featured\/","name":"Tapis de pri\u00e8re - Al Rawdah Featured","isPartOf":{"@id":"https:\/\/saudi-gift.com\/#website"},"primaryImageOfPage":{"@id":"https:\/\/saudi-gift.com\/fr\/product\/tapis-de-priere-al-rawdah-featured\/#primaryimage"},"image":{"@id":"https:\/\/saudi-gift.com\/fr\/product\/tapis-de-priere-al-rawdah-featured\/#primaryimage"},"thumbnailUrl":"https:\/\/saudi-gift.com\/wp-content\/uploads\/2024\/11\/N2qotmnepvsyRi0eyU0Wbg6bq6YksrHPBJHNurTC-1.jpg","datePublished":"2024-11-17T14:11:14+00:00","dateModified":"2025-01-08T16:41:01+00:00","description":"D\u00e9couvrez l'atmosph\u00e8re de la sainte Rawdah avec un tapis soigneusement con\u00e7u pour allier confort et beaut\u00e9. Inspir\u00e9 du mihrab de la sainte Rawdah, il conf\u00e8re une dimension spirituelle \u00e0 vos pri\u00e8res.","breadcrumb":{"@id":"https:\/\/saudi-gift.com\/fr\/product\/tapis-de-priere-al-rawdah-featured\/#breadcrumb"},"inLanguage":"fr-FR","potentialAction":[{"@type":"ReadAction","target":["https:\/\/saudi-gift.com\/fr\/product\/tapis-de-priere-al-rawdah-featured\/"]}]},{"@type":"ImageObject","inLanguage":"fr-FR","@id":"https:\/\/saudi-gift.com\/fr\/product\/tapis-de-priere-al-rawdah-featured\/#primaryimage","url":"https:\/\/saudi-gift.com\/wp-content\/uploads\/2024\/11\/N2qotmnepvsyRi0eyU0Wbg6bq6YksrHPBJHNurTC-1.jpg","contentUrl":"https:\/\/saudi-gift.com\/wp-content\/uploads\/2024\/11\/N2qotmnepvsyRi0eyU0Wbg6bq6YksrHPBJHNurTC-1.jpg","width":600,"height":600},{"@type":"BreadcrumbList","@id":"https:\/\/saudi-gift.com\/fr\/product\/tapis-de-priere-al-rawdah-featured\/#breadcrumb","itemListElement":[{"@type":"ListItem","position":1,"name":"Home","item":"https:\/\/saudi-gift.com\/fr\/"},{"@type":"ListItem","position":2,"name":"Acheter","item":"https:\/\/saudi-gift.com\/fr\/acheter\/"},{"@type":"ListItem","position":3,"name":"Tapis de pri\u00e8re &#8211; Al Rawdah Featured"}]},{"@type":"WebSite","@id":"https:\/\/saudi-gift.com\/#website","url":"https:\/\/saudi-gift.com\/","name":"\u0647\u062f\u064a\u0629 \u0633\u0639\u0648\u062f\u064a\u0629","description":"\u0647\u062f\u064a\u0629 \u0633\u0639\u0648\u062f\u064a\u0629 \u0645\u062a\u062c\u0631 \u0627\u0644\u0643\u062a\u0631\u0648\u0646\u064a \u064a\u0642\u062f\u0645 \u0644\u0643\u0645 \u0645\u062c\u0645\u0648\u0639\u0629 \u0645\u0646 \u0627\u0644\u0647\u062f\u0627\u064a\u0627 \u0627\u0644\u062a\u064a \u062a\u062c\u0633\u062f \u0639\u0628\u0642 \u0630\u0643\u0631\u064a\u0627\u062a\u0643\u0645 \u0641\u064a \u0627\u0644\u0645\u0634\u0627\u0639\u0631 \u0627\u0644\u0645\u0642\u062f\u0633\u0629","publisher":{"@id":"https:\/\/saudi-gift.com\/#organization"},"alternateName":"\u0647\u062f\u064a\u0629 \u0633\u0639\u0648\u062f\u064a\u0629","potentialAction":[{"@type":"SearchAction","target":{"@type":"EntryPoint","urlTemplate":"https:\/\/saudi-gift.com\/?s={search_term_string}"},"query-input":{"@type":"PropertyValueSpecification","valueRequired":true,"valueName":"search_term_string"}}],"inLanguage":"fr-FR"},{"@type":"Organization","@id":"https:\/\/saudi-gift.com\/#organization","name":"\u0645\u062a\u062c\u0631 \u0627\u0644\u0647\u062f\u064a\u0629","alternateName":"\u0647\u062f\u064a\u0629 \u0633\u0639\u0648\u062f\u064a\u0629","url":"https:\/\/saudi-gift.com\/","logo":{"@type":"ImageObject","inLanguage":"fr-FR","@id":"https:\/\/saudi-gift.com\/#\/schema\/logo\/image\/","url":"https:\/\/saudi-gift.com\/wp-content\/uploads\/2025\/05\/2.png","contentUrl":"https:\/\/saudi-gift.com\/wp-content\/uploads\/2025\/05\/2.png","width":163,"height":42,"caption":"\u0645\u062a\u062c\u0631 \u0627\u0644\u0647\u062f\u064a\u0629"},"image":{"@id":"https:\/\/saudi-gift.com\/#\/schema\/logo\/image\/"},"sameAs":["https:\/\/www.facebook.com\/profile.php?id=61560277649059&mibextid=LQQJ4d","https:\/\/x.com\/saudigift_"]}]}},"jetpack-related-posts":[],"_links":{"self":[{"href":"https:\/\/saudi-gift.com\/fr\/wp-json\/wp\/v2\/product\/26183","targetHints":{"allow":["GET"]}}],"collection":[{"href":"https:\/\/saudi-gift.com\/fr\/wp-json\/wp\/v2\/product"}],"about":[{"href":"https:\/\/saudi-gift.com\/fr\/wp-json\/wp\/v2\/types\/product"}],"replies":[{"embeddable":true,"href":"https:\/\/saudi-gift.com\/fr\/wp-json\/wp\/v2\/comments?post=26183"}],"version-history":[{"count":0,"href":"https:\/\/saudi-gift.com\/fr\/wp-json\/wp\/v2\/product\/26183\/revisions"}],"wp:featuredmedia":[{"embeddable":true,"href":"https:\/\/saudi-gift.com\/fr\/wp-json\/wp\/v2\/media\/25809"}],"wp:attachment":[{"href":"https:\/\/saudi-gift.com\/fr\/wp-json\/wp\/v2\/media?parent=26183"}],"wp:term":[{"taxonomy":"product_brand","embeddable":true,"href":"https:\/\/saudi-gift.com\/fr\/wp-json\/wp\/v2\/product_brand?post=26183"},{"taxonomy":"product_cat","embeddable":true,"href":"https:\/\/saudi-gift.com\/fr\/wp-json\/wp\/v2\/product_cat?post=26183"},{"taxonomy":"product_tag","embeddable":true,"href":"https:\/\/saudi-gift.com\/fr\/wp-json\/wp\/v2\/product_tag?post=26183"}],"curies":[{"name":"wp","href":"https:\/\/api.w.org\/{rel}","templated":true}]}}