{"id":38461,"date":"2024-12-26T16:22:03","date_gmt":"2024-12-26T13:22:03","guid":{"rendered":"https:\/\/saudi-gift.com\/product\/sukkari-farci-damandes-douces\/"},"modified":"2024-12-26T16:22:03","modified_gmt":"2024-12-26T13:22:03","slug":"sukkari-farci-damandes-douces","status":"publish","type":"product","link":"https:\/\/saudi-gift.com\/fr\/produit\/sukkari-farci-damandes-douces\/","title":{"rendered":"Sukkari farci d&rsquo;amandes douces"},"content":{"rendered":"<p>Avec leur belle couleur orange fonc\u00e9 et leur ar\u00f4me unique, ces dattes ne sont pas seulement un repas, mais une exp\u00e9rience inoubliable. Laissez la richesse des amandes et la douceur des dattes vous emmener dans un voyage de saveurs.  <\/p>\n<p><strong>Une grande saveur qui met l&rsquo;eau \u00e0 la bouche :<\/strong><\/p>\n<ul>\n<li class=\"ql-indent-1\">Les dattes sucr\u00e9es sont d\u00e9licieusement douces et sal\u00e9es, et se marient parfaitement avec la douceur des amandes. <\/li>\n<\/ul>\n<p><strong>Rempli avec soin et pr\u00e9cision :<\/strong><\/p>\n<ul>\n<li class=\"ql-indent-1\">Chacune de ces dattes est m\u00e9ticuleusement emball\u00e9e avec des amandes fines, ce qui leur conf\u00e8re une touche de sophistication et de luxe. <\/li>\n<\/ul>\n<p><strong>Go\u00fbt unique et nutritif :<\/strong><\/p>\n<ul>\n<li class=\"ql-indent-1\">Les dattes sont riches en de nombreux nutriments essentiels \u00e0 la sant\u00e9 de l&rsquo;organisme, en plus des bienfaits des amandes douces pour le c\u0153ur et la sant\u00e9 en g\u00e9n\u00e9ral. <\/li>\n<\/ul>\n<p><strong>Des moments de douceur et de bonheur :<\/strong><\/p>\n<ul>\n<li class=\"ql-indent-1\">Laissez-vous entra\u00eener par ces dattes dans un voyage de douceur et de bonheur o\u00f9 chaque touche de saveur vous fera vivre des moments exceptionnels et inoubliables. <\/li>\n<\/ul>\n<p><strong>D\u00e9couvrez un aper\u00e7u du luxe et de la d\u00e9licatesse avec les dattes Sukkari farcies d&rsquo;amandes douces, et profitez d&rsquo;une exp\u00e9rience in\u00e9gal\u00e9e \u00e0 chaque fois que vous les savourez ! <\/strong><\/p>\n","protected":false},"excerpt":{"rendered":"<p>Une exp\u00e9rience luxueuse et app\u00e9tissante sans pareille, les dattes Sukkari fourr\u00e9es aux amandes ont une texture douce et tendre et sont remplies d&rsquo;amandes douces et cr\u00e9meuses. <\/p>\n<p>&nbsp;<\/p>\n<p>&nbsp;<\/p>\n<p><strong><span style=\"font-size: 17px\">Enrob\u00e9 de pilule ?<\/span><\/strong><\/p>\n","protected":false},"featured_media":31495,"comment_status":"open","ping_status":"closed","template":"","meta":[],"product_brand":[],"product_cat":[3122],"product_tag":[1381,693,1383],"class_list":{"0":"post-38461","1":"product","2":"type-product","3":"status-publish","4":"has-post-thumbnail","6":"product_cat-3122","7":"product_tag-_","8":"product_tag-693","11":"first","12":"instock","13":"sale","14":"sold-individually","15":"shipping-taxable","16":"purchasable","17":"product-type-variable"},"yoast_head":"<!-- This site is optimized with the Yoast SEO Premium plugin v27.2 (Yoast SEO v27.6) - https:\/\/yoast.com\/product\/yoast-seo-premium-wordpress\/ -->\n<title>Dattes au sucre et amandes douces - Boutique en ligne Saudi Gift Now<\/title>\n<meta name=\"description\" content=\"Une exp\u00e9rience luxueuse et app\u00e9tissante sans pareille, les dattes Sukkari fourr\u00e9es aux amandes ont une texture douce et tendre et sont remplies d&#039;amandes douces et cr\u00e9meuses.\" \/>\n<meta name=\"robots\" content=\"index, follow, max-snippet:-1, max-image-preview:large, max-video-preview:-1\" \/>\n<link rel=\"canonical\" href=\"https:\/\/saudi-gift.com\/product\/\u062a\u0645\u0631-\u0633\u0643\u0631\u064a-\u0645\u062d\u0634\u064a-\u0628\u0627\u0644\u0644\u0648\u0632-\u0627\u0644\u0646\u0627\u0639\u0645\/\" \/>\n<meta property=\"og:locale\" content=\"fr_FR\" \/>\n<meta property=\"og:type\" content=\"article\" \/>\n<meta property=\"og:title\" content=\"Sukkari farci d&#039;amandes douces\" \/>\n<meta property=\"og:description\" content=\"Une exp\u00e9rience luxueuse et app\u00e9tissante sans pareille, les dattes Sukkari fourr\u00e9es aux amandes ont une texture douce et tendre et sont remplies d&#039;amandes douces et cr\u00e9meuses.\" \/>\n<meta property=\"og:url\" content=\"https:\/\/saudi-gift.com\/product\/\u062a\u0645\u0631-\u0633\u0643\u0631\u064a-\u0645\u062d\u0634\u064a-\u0628\u0627\u0644\u0644\u0648\u0632-\u0627\u0644\u0646\u0627\u0639\u0645\/\" \/>\n<meta property=\"og:site_name\" content=\"\u0647\u062f\u064a\u0629 \u0633\u0639\u0648\u062f\u064a\u0629\" \/>\n<meta property=\"article:publisher\" content=\"https:\/\/www.facebook.com\/profile.php?id=61560277649059&amp;mibextid=LQQJ4d\" \/>\n<meta property=\"og:image\" content=\"https:\/\/saudi-gift.com\/wp-content\/uploads\/2024\/12\/563eb74a-39eb-453a-b4aa-64744195fd03-1000x737-mioq79JjBJNftfFebQ8vcDb5pXNbUGPSuvg6oWNp-1.webp\" \/>\n\t<meta property=\"og:image:width\" content=\"600\" \/>\n\t<meta property=\"og:image:height\" content=\"600\" \/>\n\t<meta property=\"og:image:type\" content=\"image\/webp\" \/>\n<meta name=\"twitter:card\" content=\"summary_large_image\" \/>\n<meta name=\"twitter:site\" content=\"@saudigift_\" \/>\n<meta name=\"twitter:label1\" content=\"Dur\u00e9e de lecture estim\u00e9e\" \/>\n\t<meta name=\"twitter:data1\" content=\"1 minute\" \/>\n<script type=\"application\/ld+json\" class=\"yoast-schema-graph\">{\"@context\":\"https:\\\/\\\/schema.org\",\"@graph\":[{\"@type\":\"WebPage\",\"@id\":\"https:\\\/\\\/saudi-gift.com\\\/product\\\/%d8%aa%d9%85%d8%b1-%d8%b3%d9%83%d8%b1%d9%8a-%d9%85%d8%ad%d8%b4%d9%8a-%d8%a8%d8%a7%d9%84%d9%84%d9%88%d8%b2-%d8%a7%d9%84%d9%86%d8%a7%d8%b9%d9%85\\\/\",\"url\":\"https:\\\/\\\/saudi-gift.com\\\/product\\\/%d8%aa%d9%85%d8%b1-%d8%b3%d9%83%d8%b1%d9%8a-%d9%85%d8%ad%d8%b4%d9%8a-%d8%a8%d8%a7%d9%84%d9%84%d9%88%d8%b2-%d8%a7%d9%84%d9%86%d8%a7%d8%b9%d9%85\\\/\",\"name\":\"Dattes au sucre et amandes douces - Boutique en ligne Saudi Gift Now\",\"isPartOf\":{\"@id\":\"https:\\\/\\\/saudi-gift.com\\\/#website\"},\"primaryImageOfPage\":{\"@id\":\"https:\\\/\\\/saudi-gift.com\\\/product\\\/%d8%aa%d9%85%d8%b1-%d8%b3%d9%83%d8%b1%d9%8a-%d9%85%d8%ad%d8%b4%d9%8a-%d8%a8%d8%a7%d9%84%d9%84%d9%88%d8%b2-%d8%a7%d9%84%d9%86%d8%a7%d8%b9%d9%85\\\/#primaryimage\"},\"image\":{\"@id\":\"https:\\\/\\\/saudi-gift.com\\\/product\\\/%d8%aa%d9%85%d8%b1-%d8%b3%d9%83%d8%b1%d9%8a-%d9%85%d8%ad%d8%b4%d9%8a-%d8%a8%d8%a7%d9%84%d9%84%d9%88%d8%b2-%d8%a7%d9%84%d9%86%d8%a7%d8%b9%d9%85\\\/#primaryimage\"},\"thumbnailUrl\":\"https:\\\/\\\/saudi-gift.com\\\/wp-content\\\/uploads\\\/2024\\\/12\\\/563eb74a-39eb-453a-b4aa-64744195fd03-1000x737-mioq79JjBJNftfFebQ8vcDb5pXNbUGPSuvg6oWNp-1.webp\",\"datePublished\":\"2024-12-26T13:22:03+00:00\",\"description\":\"Une exp\u00e9rience luxueuse et app\u00e9tissante sans pareille, les dattes Sukkari fourr\u00e9es aux amandes ont une texture douce et tendre et sont remplies d'amandes douces et cr\u00e9meuses.\",\"breadcrumb\":{\"@id\":\"https:\\\/\\\/saudi-gift.com\\\/product\\\/%d8%aa%d9%85%d8%b1-%d8%b3%d9%83%d8%b1%d9%8a-%d9%85%d8%ad%d8%b4%d9%8a-%d8%a8%d8%a7%d9%84%d9%84%d9%88%d8%b2-%d8%a7%d9%84%d9%86%d8%a7%d8%b9%d9%85\\\/#breadcrumb\"},\"inLanguage\":\"fr-FR\",\"potentialAction\":[{\"@type\":\"ReadAction\",\"target\":[\"https:\\\/\\\/saudi-gift.com\\\/product\\\/%d8%aa%d9%85%d8%b1-%d8%b3%d9%83%d8%b1%d9%8a-%d9%85%d8%ad%d8%b4%d9%8a-%d8%a8%d8%a7%d9%84%d9%84%d9%88%d8%b2-%d8%a7%d9%84%d9%86%d8%a7%d8%b9%d9%85\\\/\"]}]},{\"@type\":\"ImageObject\",\"inLanguage\":\"fr-FR\",\"@id\":\"https:\\\/\\\/saudi-gift.com\\\/product\\\/%d8%aa%d9%85%d8%b1-%d8%b3%d9%83%d8%b1%d9%8a-%d9%85%d8%ad%d8%b4%d9%8a-%d8%a8%d8%a7%d9%84%d9%84%d9%88%d8%b2-%d8%a7%d9%84%d9%86%d8%a7%d8%b9%d9%85\\\/#primaryimage\",\"url\":\"https:\\\/\\\/saudi-gift.com\\\/wp-content\\\/uploads\\\/2024\\\/12\\\/563eb74a-39eb-453a-b4aa-64744195fd03-1000x737-mioq79JjBJNftfFebQ8vcDb5pXNbUGPSuvg6oWNp-1.webp\",\"contentUrl\":\"https:\\\/\\\/saudi-gift.com\\\/wp-content\\\/uploads\\\/2024\\\/12\\\/563eb74a-39eb-453a-b4aa-64744195fd03-1000x737-mioq79JjBJNftfFebQ8vcDb5pXNbUGPSuvg6oWNp-1.webp\",\"width\":600,\"height\":600},{\"@type\":\"BreadcrumbList\",\"@id\":\"https:\\\/\\\/saudi-gift.com\\\/product\\\/%d8%aa%d9%85%d8%b1-%d8%b3%d9%83%d8%b1%d9%8a-%d9%85%d8%ad%d8%b4%d9%8a-%d8%a8%d8%a7%d9%84%d9%84%d9%88%d8%b2-%d8%a7%d9%84%d9%86%d8%a7%d8%b9%d9%85\\\/#breadcrumb\",\"itemListElement\":[{\"@type\":\"ListItem\",\"position\":1,\"name\":\"Home\",\"item\":\"https:\\\/\\\/saudi-gift.com\\\/fr\\\/\"},{\"@type\":\"ListItem\",\"position\":2,\"name\":\"Acheter\",\"item\":\"https:\\\/\\\/saudi-gift.com\\\/fr\\\/acheter\\\/\"},{\"@type\":\"ListItem\",\"position\":3,\"name\":\"Sukkari farci d&#8217;amandes douces\"}]},{\"@type\":\"WebSite\",\"@id\":\"https:\\\/\\\/saudi-gift.com\\\/#website\",\"url\":\"https:\\\/\\\/saudi-gift.com\\\/\",\"name\":\"\u0647\u062f\u064a\u0629 \u0633\u0639\u0648\u062f\u064a\u0629\",\"description\":\"\u0647\u062f\u064a\u0629 \u0633\u0639\u0648\u062f\u064a\u0629 \u0645\u062a\u062c\u0631 \u0627\u0644\u0643\u062a\u0631\u0648\u0646\u064a \u064a\u0642\u062f\u0645 \u0644\u0643\u0645 \u0645\u062c\u0645\u0648\u0639\u0629 \u0645\u0646 \u0627\u0644\u0647\u062f\u0627\u064a\u0627 \u0627\u0644\u062a\u064a \u062a\u062c\u0633\u062f \u0639\u0628\u0642 \u0630\u0643\u0631\u064a\u0627\u062a\u0643\u0645 \u0641\u064a \u0627\u0644\u0645\u0634\u0627\u0639\u0631 \u0627\u0644\u0645\u0642\u062f\u0633\u0629\",\"publisher\":{\"@id\":\"https:\\\/\\\/saudi-gift.com\\\/#organization\"},\"alternateName\":\"\u0647\u062f\u064a\u0629 \u0633\u0639\u0648\u062f\u064a\u0629\",\"potentialAction\":[{\"@type\":\"SearchAction\",\"target\":{\"@type\":\"EntryPoint\",\"urlTemplate\":\"https:\\\/\\\/saudi-gift.com\\\/?s={search_term_string}\"},\"query-input\":{\"@type\":\"PropertyValueSpecification\",\"valueRequired\":true,\"valueName\":\"search_term_string\"}}],\"inLanguage\":\"fr-FR\"},{\"@type\":\"Organization\",\"@id\":\"https:\\\/\\\/saudi-gift.com\\\/#organization\",\"name\":\"\u0645\u062a\u062c\u0631 \u0627\u0644\u0647\u062f\u064a\u0629\",\"alternateName\":\"\u0647\u062f\u064a\u0629 \u0633\u0639\u0648\u062f\u064a\u0629\",\"url\":\"https:\\\/\\\/saudi-gift.com\\\/\",\"logo\":{\"@type\":\"ImageObject\",\"inLanguage\":\"fr-FR\",\"@id\":\"https:\\\/\\\/saudi-gift.com\\\/#\\\/schema\\\/logo\\\/image\\\/\",\"url\":\"https:\\\/\\\/saudi-gift.com\\\/wp-content\\\/uploads\\\/2025\\\/05\\\/2.png\",\"contentUrl\":\"https:\\\/\\\/saudi-gift.com\\\/wp-content\\\/uploads\\\/2025\\\/05\\\/2.png\",\"width\":163,\"height\":42,\"caption\":\"\u0645\u062a\u062c\u0631 \u0627\u0644\u0647\u062f\u064a\u0629\"},\"image\":{\"@id\":\"https:\\\/\\\/saudi-gift.com\\\/#\\\/schema\\\/logo\\\/image\\\/\"},\"sameAs\":[\"https:\\\/\\\/www.facebook.com\\\/profile.php?id=61560277649059&mibextid=LQQJ4d\",\"https:\\\/\\\/x.com\\\/saudigift_\"]}]}<\/script>\n<!-- \/ Yoast SEO Premium plugin. -->","yoast_head_json":{"title":"Dattes au sucre et amandes douces - Boutique en ligne Saudi Gift Now","description":"Une exp\u00e9rience luxueuse et app\u00e9tissante sans pareille, les dattes Sukkari fourr\u00e9es aux amandes ont une texture douce et tendre et sont remplies d'amandes douces et cr\u00e9meuses.","robots":{"index":"index","follow":"follow","max-snippet":"max-snippet:-1","max-image-preview":"max-image-preview:large","max-video-preview":"max-video-preview:-1"},"canonical":"https:\/\/saudi-gift.com\/product\/\u062a\u0645\u0631-\u0633\u0643\u0631\u064a-\u0645\u062d\u0634\u064a-\u0628\u0627\u0644\u0644\u0648\u0632-\u0627\u0644\u0646\u0627\u0639\u0645\/","og_locale":"fr_FR","og_type":"article","og_title":"Sukkari farci d'amandes douces","og_description":"Une exp\u00e9rience luxueuse et app\u00e9tissante sans pareille, les dattes Sukkari fourr\u00e9es aux amandes ont une texture douce et tendre et sont remplies d'amandes douces et cr\u00e9meuses.","og_url":"https:\/\/saudi-gift.com\/product\/\u062a\u0645\u0631-\u0633\u0643\u0631\u064a-\u0645\u062d\u0634\u064a-\u0628\u0627\u0644\u0644\u0648\u0632-\u0627\u0644\u0646\u0627\u0639\u0645\/","og_site_name":"\u0647\u062f\u064a\u0629 \u0633\u0639\u0648\u062f\u064a\u0629","article_publisher":"https:\/\/www.facebook.com\/profile.php?id=61560277649059&mibextid=LQQJ4d","og_image":[{"width":600,"height":600,"url":"https:\/\/saudi-gift.com\/wp-content\/uploads\/2024\/12\/563eb74a-39eb-453a-b4aa-64744195fd03-1000x737-mioq79JjBJNftfFebQ8vcDb5pXNbUGPSuvg6oWNp-1.webp","type":"image\/webp"}],"twitter_card":"summary_large_image","twitter_site":"@saudigift_","twitter_misc":{"Dur\u00e9e de lecture estim\u00e9e":"1 minute"},"schema":{"@context":"https:\/\/schema.org","@graph":[{"@type":"WebPage","@id":"https:\/\/saudi-gift.com\/product\/%d8%aa%d9%85%d8%b1-%d8%b3%d9%83%d8%b1%d9%8a-%d9%85%d8%ad%d8%b4%d9%8a-%d8%a8%d8%a7%d9%84%d9%84%d9%88%d8%b2-%d8%a7%d9%84%d9%86%d8%a7%d8%b9%d9%85\/","url":"https:\/\/saudi-gift.com\/product\/%d8%aa%d9%85%d8%b1-%d8%b3%d9%83%d8%b1%d9%8a-%d9%85%d8%ad%d8%b4%d9%8a-%d8%a8%d8%a7%d9%84%d9%84%d9%88%d8%b2-%d8%a7%d9%84%d9%86%d8%a7%d8%b9%d9%85\/","name":"Dattes au sucre et amandes douces - Boutique en ligne Saudi Gift Now","isPartOf":{"@id":"https:\/\/saudi-gift.com\/#website"},"primaryImageOfPage":{"@id":"https:\/\/saudi-gift.com\/product\/%d8%aa%d9%85%d8%b1-%d8%b3%d9%83%d8%b1%d9%8a-%d9%85%d8%ad%d8%b4%d9%8a-%d8%a8%d8%a7%d9%84%d9%84%d9%88%d8%b2-%d8%a7%d9%84%d9%86%d8%a7%d8%b9%d9%85\/#primaryimage"},"image":{"@id":"https:\/\/saudi-gift.com\/product\/%d8%aa%d9%85%d8%b1-%d8%b3%d9%83%d8%b1%d9%8a-%d9%85%d8%ad%d8%b4%d9%8a-%d8%a8%d8%a7%d9%84%d9%84%d9%88%d8%b2-%d8%a7%d9%84%d9%86%d8%a7%d8%b9%d9%85\/#primaryimage"},"thumbnailUrl":"https:\/\/saudi-gift.com\/wp-content\/uploads\/2024\/12\/563eb74a-39eb-453a-b4aa-64744195fd03-1000x737-mioq79JjBJNftfFebQ8vcDb5pXNbUGPSuvg6oWNp-1.webp","datePublished":"2024-12-26T13:22:03+00:00","description":"Une exp\u00e9rience luxueuse et app\u00e9tissante sans pareille, les dattes Sukkari fourr\u00e9es aux amandes ont une texture douce et tendre et sont remplies d'amandes douces et cr\u00e9meuses.","breadcrumb":{"@id":"https:\/\/saudi-gift.com\/product\/%d8%aa%d9%85%d8%b1-%d8%b3%d9%83%d8%b1%d9%8a-%d9%85%d8%ad%d8%b4%d9%8a-%d8%a8%d8%a7%d9%84%d9%84%d9%88%d8%b2-%d8%a7%d9%84%d9%86%d8%a7%d8%b9%d9%85\/#breadcrumb"},"inLanguage":"fr-FR","potentialAction":[{"@type":"ReadAction","target":["https:\/\/saudi-gift.com\/product\/%d8%aa%d9%85%d8%b1-%d8%b3%d9%83%d8%b1%d9%8a-%d9%85%d8%ad%d8%b4%d9%8a-%d8%a8%d8%a7%d9%84%d9%84%d9%88%d8%b2-%d8%a7%d9%84%d9%86%d8%a7%d8%b9%d9%85\/"]}]},{"@type":"ImageObject","inLanguage":"fr-FR","@id":"https:\/\/saudi-gift.com\/product\/%d8%aa%d9%85%d8%b1-%d8%b3%d9%83%d8%b1%d9%8a-%d9%85%d8%ad%d8%b4%d9%8a-%d8%a8%d8%a7%d9%84%d9%84%d9%88%d8%b2-%d8%a7%d9%84%d9%86%d8%a7%d8%b9%d9%85\/#primaryimage","url":"https:\/\/saudi-gift.com\/wp-content\/uploads\/2024\/12\/563eb74a-39eb-453a-b4aa-64744195fd03-1000x737-mioq79JjBJNftfFebQ8vcDb5pXNbUGPSuvg6oWNp-1.webp","contentUrl":"https:\/\/saudi-gift.com\/wp-content\/uploads\/2024\/12\/563eb74a-39eb-453a-b4aa-64744195fd03-1000x737-mioq79JjBJNftfFebQ8vcDb5pXNbUGPSuvg6oWNp-1.webp","width":600,"height":600},{"@type":"BreadcrumbList","@id":"https:\/\/saudi-gift.com\/product\/%d8%aa%d9%85%d8%b1-%d8%b3%d9%83%d8%b1%d9%8a-%d9%85%d8%ad%d8%b4%d9%8a-%d8%a8%d8%a7%d9%84%d9%84%d9%88%d8%b2-%d8%a7%d9%84%d9%86%d8%a7%d8%b9%d9%85\/#breadcrumb","itemListElement":[{"@type":"ListItem","position":1,"name":"Home","item":"https:\/\/saudi-gift.com\/fr\/"},{"@type":"ListItem","position":2,"name":"Acheter","item":"https:\/\/saudi-gift.com\/fr\/acheter\/"},{"@type":"ListItem","position":3,"name":"Sukkari farci d&#8217;amandes douces"}]},{"@type":"WebSite","@id":"https:\/\/saudi-gift.com\/#website","url":"https:\/\/saudi-gift.com\/","name":"\u0647\u062f\u064a\u0629 \u0633\u0639\u0648\u062f\u064a\u0629","description":"\u0647\u062f\u064a\u0629 \u0633\u0639\u0648\u062f\u064a\u0629 \u0645\u062a\u062c\u0631 \u0627\u0644\u0643\u062a\u0631\u0648\u0646\u064a \u064a\u0642\u062f\u0645 \u0644\u0643\u0645 \u0645\u062c\u0645\u0648\u0639\u0629 \u0645\u0646 \u0627\u0644\u0647\u062f\u0627\u064a\u0627 \u0627\u0644\u062a\u064a \u062a\u062c\u0633\u062f \u0639\u0628\u0642 \u0630\u0643\u0631\u064a\u0627\u062a\u0643\u0645 \u0641\u064a \u0627\u0644\u0645\u0634\u0627\u0639\u0631 \u0627\u0644\u0645\u0642\u062f\u0633\u0629","publisher":{"@id":"https:\/\/saudi-gift.com\/#organization"},"alternateName":"\u0647\u062f\u064a\u0629 \u0633\u0639\u0648\u062f\u064a\u0629","potentialAction":[{"@type":"SearchAction","target":{"@type":"EntryPoint","urlTemplate":"https:\/\/saudi-gift.com\/?s={search_term_string}"},"query-input":{"@type":"PropertyValueSpecification","valueRequired":true,"valueName":"search_term_string"}}],"inLanguage":"fr-FR"},{"@type":"Organization","@id":"https:\/\/saudi-gift.com\/#organization","name":"\u0645\u062a\u062c\u0631 \u0627\u0644\u0647\u062f\u064a\u0629","alternateName":"\u0647\u062f\u064a\u0629 \u0633\u0639\u0648\u062f\u064a\u0629","url":"https:\/\/saudi-gift.com\/","logo":{"@type":"ImageObject","inLanguage":"fr-FR","@id":"https:\/\/saudi-gift.com\/#\/schema\/logo\/image\/","url":"https:\/\/saudi-gift.com\/wp-content\/uploads\/2025\/05\/2.png","contentUrl":"https:\/\/saudi-gift.com\/wp-content\/uploads\/2025\/05\/2.png","width":163,"height":42,"caption":"\u0645\u062a\u062c\u0631 \u0627\u0644\u0647\u062f\u064a\u0629"},"image":{"@id":"https:\/\/saudi-gift.com\/#\/schema\/logo\/image\/"},"sameAs":["https:\/\/www.facebook.com\/profile.php?id=61560277649059&mibextid=LQQJ4d","https:\/\/x.com\/saudigift_"]}]}},"jetpack-related-posts":[],"_links":{"self":[{"href":"https:\/\/saudi-gift.com\/fr\/wp-json\/wp\/v2\/product\/38461","targetHints":{"allow":["GET"]}}],"collection":[{"href":"https:\/\/saudi-gift.com\/fr\/wp-json\/wp\/v2\/product"}],"about":[{"href":"https:\/\/saudi-gift.com\/fr\/wp-json\/wp\/v2\/types\/product"}],"replies":[{"embeddable":true,"href":"https:\/\/saudi-gift.com\/fr\/wp-json\/wp\/v2\/comments?post=38461"}],"version-history":[{"count":0,"href":"https:\/\/saudi-gift.com\/fr\/wp-json\/wp\/v2\/product\/38461\/revisions"}],"wp:featuredmedia":[{"embeddable":true,"href":"https:\/\/saudi-gift.com\/fr\/wp-json\/wp\/v2\/media\/31495"}],"wp:attachment":[{"href":"https:\/\/saudi-gift.com\/fr\/wp-json\/wp\/v2\/media?parent=38461"}],"wp:term":[{"taxonomy":"product_brand","embeddable":true,"href":"https:\/\/saudi-gift.com\/fr\/wp-json\/wp\/v2\/product_brand?post=38461"},{"taxonomy":"product_cat","embeddable":true,"href":"https:\/\/saudi-gift.com\/fr\/wp-json\/wp\/v2\/product_cat?post=38461"},{"taxonomy":"product_tag","embeddable":true,"href":"https:\/\/saudi-gift.com\/fr\/wp-json\/wp\/v2\/product_tag?post=38461"}],"curies":[{"name":"wp","href":"https:\/\/api.w.org\/{rel}","templated":true}]}}