{"id":38486,"date":"2024-12-26T15:26:13","date_gmt":"2024-12-26T12:26:13","guid":{"rendered":"https:\/\/saudi-gift.com\/product\/dattes-au-sucre-farcies-de-cacahuetes\/"},"modified":"2024-12-26T15:26:13","modified_gmt":"2024-12-26T12:26:13","slug":"dattes-au-sucre-farcies-de-cacahuetes","status":"publish","type":"product","link":"https:\/\/saudi-gift.com\/fr\/produit\/dattes-au-sucre-farcies-de-cacahuetes\/","title":{"rendered":"Dattes au sucre farcies de cacahu\u00e8tes"},"content":{"rendered":"<p>Dattes au sucre farcies de cacahu\u00e8tes<\/p>\n<p>Ces dattes farcies sont la combinaison parfaite de saveurs riches et d&rsquo;ingr\u00e9dients nutritionnels homog\u00e8nes, ce qui en fait un choix id\u00e9al pour satisfaire vos envies nutritionnelles et ajouter une touche d\u00e9licieuse \u00e0 votre temps. <\/p>\n<p><strong>Saveur d\u00e9licieuse et \u00e9quilibr\u00e9e :<\/strong><\/p>\n<ul>\n<li class=\"ql-indent-1\">Le Tamar Sukari a une saveur riche et sucr\u00e9e qui se marie parfaitement avec le go\u00fbt cr\u00e9meux des cacahu\u00e8tes.<\/li>\n<\/ul>\n<p><strong>Valeur nutritionnelle :<\/strong><\/p>\n<ul>\n<li class=\"ql-indent-1\">Les dattes sont une riche source de vitamines et de min\u00e9raux, tandis que les cacahu\u00e8tes apportent des prot\u00e9ines, des graisses saines et des fibres. <\/li>\n<\/ul>\n<p><strong>Ingr\u00e9dients naturels :<\/strong><\/p>\n<ul>\n<li class=\"ql-indent-1\">Ces dattes ne contiennent que des ingr\u00e9dients naturels et sains, sans conservateurs ajout\u00e9s. <\/li>\n<\/ul>\n<p><strong>Convient \u00e0 tout moment :<\/strong><\/p>\n<ul>\n<li class=\"ql-indent-1\">Ces dattes constituent un choix id\u00e9al pour un en-cas sain ou un en-cas \u00e9nerg\u00e9tique pour un regain d&rsquo;\u00e9nergie au cours de la journ\u00e9e.<\/li>\n<\/ul>\n<p><strong>Profitez d&rsquo;une exp\u00e9rience unique et distinctive avec les dattes sucr\u00e9es fourr\u00e9es aux cacahu\u00e8tes, et b\u00e9n\u00e9ficiez de leurs avantages nutritionnels \u00e9lev\u00e9s \u00e0 chaque repas ! <\/strong><\/p>\n","protected":false},"excerpt":{"rendered":"<p>Savourez une exp\u00e9rience d\u00e9licieuse et nutritive avec les dattes farcies aux cacahu\u00e8tes de Sukari, o\u00f9 le go\u00fbt naturel et riche en vitamines et min\u00e9raux des dattes s&rsquo;associe au go\u00fbt cr\u00e9meux et riche en prot\u00e9ines des cacahu\u00e8tes. <\/p>\n<p>&nbsp;<\/p>\n<p>&nbsp;<\/p>\n<p><strong><span style=\"font-size: 17px;\">Enrob\u00e9 de pilule ?<\/span><\/strong><\/p>\n","protected":false},"featured_media":31470,"comment_status":"open","ping_status":"closed","template":"","meta":[],"product_brand":[],"product_cat":[3122],"product_tag":[1381,693,611],"class_list":{"0":"post-38486","1":"product","2":"type-product","3":"status-publish","4":"has-post-thumbnail","6":"product_cat-3122","7":"product_tag-_","8":"product_tag-693","9":"product_tag-611","11":"first","12":"instock","13":"sale","14":"sold-individually","15":"shipping-taxable","16":"purchasable","17":"product-type-variable"},"yoast_head":"<!-- This site is optimized with the Yoast SEO Premium plugin v27.2 (Yoast SEO v27.6) - https:\/\/yoast.com\/product\/yoast-seo-premium-wordpress\/ -->\n<title>Dattes au sucre farcies de cacahu\u00e8tes<\/title>\n<meta name=\"description\" content=\"Savourez une exp\u00e9rience d\u00e9licieuse et nutritive avec les dattes farcies aux cacahu\u00e8tes de Sukari, o\u00f9 le go\u00fbt naturel et riche en vitamines et min\u00e9raux des dattes s&#039;associe au go\u00fbt cr\u00e9meux et riche en prot\u00e9ines des cacahu\u00e8tes.\" \/>\n<meta name=\"robots\" content=\"index, follow, max-snippet:-1, max-image-preview:large, max-video-preview:-1\" \/>\n<link rel=\"canonical\" href=\"https:\/\/saudi-gift.com\/product\/\u062a\u0645\u0631-\u0633\u0643\u0631\u064a-\u0645\u062d\u0634\u064a-\u0628\u0627\u0644\u0641\u0648\u0644-\u0627\u0644\u0633\u0648\u062f\u0627\u0646\u064a\/\" \/>\n<meta property=\"og:locale\" content=\"fr_FR\" \/>\n<meta property=\"og:type\" content=\"article\" \/>\n<meta property=\"og:title\" content=\"Dattes au sucre farcies de cacahu\u00e8tes\" \/>\n<meta property=\"og:description\" content=\"Savourez une exp\u00e9rience d\u00e9licieuse et nutritive avec les dattes farcies aux cacahu\u00e8tes de Sukari, o\u00f9 le go\u00fbt naturel et riche en vitamines et min\u00e9raux des dattes s&#039;associe au go\u00fbt cr\u00e9meux et riche en prot\u00e9ines des cacahu\u00e8tes.\" \/>\n<meta property=\"og:url\" content=\"https:\/\/saudi-gift.com\/product\/\u062a\u0645\u0631-\u0633\u0643\u0631\u064a-\u0645\u062d\u0634\u064a-\u0628\u0627\u0644\u0641\u0648\u0644-\u0627\u0644\u0633\u0648\u062f\u0627\u0646\u064a\/\" \/>\n<meta property=\"og:site_name\" content=\"\u0647\u062f\u064a\u0629 \u0633\u0639\u0648\u062f\u064a\u0629\" \/>\n<meta property=\"article:publisher\" content=\"https:\/\/www.facebook.com\/profile.php?id=61560277649059&amp;mibextid=LQQJ4d\" \/>\n<meta property=\"og:image\" content=\"https:\/\/saudi-gift.com\/wp-content\/uploads\/2024\/12\/df6f87a9-067a-4e57-95dc-afcd3722432b-1000x737-qJ6goEtKHMcBpg1IczbdRfJLPzSAAasa1OHJy1Y8-1.webp\" \/>\n\t<meta property=\"og:image:width\" content=\"600\" \/>\n\t<meta property=\"og:image:height\" content=\"600\" \/>\n\t<meta property=\"og:image:type\" content=\"image\/webp\" \/>\n<meta name=\"twitter:card\" content=\"summary_large_image\" \/>\n<meta name=\"twitter:site\" content=\"@saudigift_\" \/>\n<meta name=\"twitter:label1\" content=\"Dur\u00e9e de lecture estim\u00e9e\" \/>\n\t<meta name=\"twitter:data1\" content=\"1 minute\" \/>\n<script type=\"application\/ld+json\" class=\"yoast-schema-graph\">{\"@context\":\"https:\\\/\\\/schema.org\",\"@graph\":[{\"@type\":\"WebPage\",\"@id\":\"https:\\\/\\\/saudi-gift.com\\\/product\\\/%d8%aa%d9%85%d8%b1-%d8%b3%d9%83%d8%b1%d9%8a-%d9%85%d8%ad%d8%b4%d9%8a-%d8%a8%d8%a7%d9%84%d9%81%d9%88%d9%84-%d8%a7%d9%84%d8%b3%d9%88%d8%af%d8%a7%d9%86%d9%8a\\\/\",\"url\":\"https:\\\/\\\/saudi-gift.com\\\/product\\\/%d8%aa%d9%85%d8%b1-%d8%b3%d9%83%d8%b1%d9%8a-%d9%85%d8%ad%d8%b4%d9%8a-%d8%a8%d8%a7%d9%84%d9%81%d9%88%d9%84-%d8%a7%d9%84%d8%b3%d9%88%d8%af%d8%a7%d9%86%d9%8a\\\/\",\"name\":\"Dattes au sucre farcies de cacahu\u00e8tes\",\"isPartOf\":{\"@id\":\"https:\\\/\\\/saudi-gift.com\\\/#website\"},\"primaryImageOfPage\":{\"@id\":\"https:\\\/\\\/saudi-gift.com\\\/product\\\/%d8%aa%d9%85%d8%b1-%d8%b3%d9%83%d8%b1%d9%8a-%d9%85%d8%ad%d8%b4%d9%8a-%d8%a8%d8%a7%d9%84%d9%81%d9%88%d9%84-%d8%a7%d9%84%d8%b3%d9%88%d8%af%d8%a7%d9%86%d9%8a\\\/#primaryimage\"},\"image\":{\"@id\":\"https:\\\/\\\/saudi-gift.com\\\/product\\\/%d8%aa%d9%85%d8%b1-%d8%b3%d9%83%d8%b1%d9%8a-%d9%85%d8%ad%d8%b4%d9%8a-%d8%a8%d8%a7%d9%84%d9%81%d9%88%d9%84-%d8%a7%d9%84%d8%b3%d9%88%d8%af%d8%a7%d9%86%d9%8a\\\/#primaryimage\"},\"thumbnailUrl\":\"https:\\\/\\\/saudi-gift.com\\\/wp-content\\\/uploads\\\/2024\\\/12\\\/df6f87a9-067a-4e57-95dc-afcd3722432b-1000x737-qJ6goEtKHMcBpg1IczbdRfJLPzSAAasa1OHJy1Y8-1.webp\",\"datePublished\":\"2024-12-26T12:26:13+00:00\",\"description\":\"Savourez une exp\u00e9rience d\u00e9licieuse et nutritive avec les dattes farcies aux cacahu\u00e8tes de Sukari, o\u00f9 le go\u00fbt naturel et riche en vitamines et min\u00e9raux des dattes s'associe au go\u00fbt cr\u00e9meux et riche en prot\u00e9ines des cacahu\u00e8tes.\",\"breadcrumb\":{\"@id\":\"https:\\\/\\\/saudi-gift.com\\\/product\\\/%d8%aa%d9%85%d8%b1-%d8%b3%d9%83%d8%b1%d9%8a-%d9%85%d8%ad%d8%b4%d9%8a-%d8%a8%d8%a7%d9%84%d9%81%d9%88%d9%84-%d8%a7%d9%84%d8%b3%d9%88%d8%af%d8%a7%d9%86%d9%8a\\\/#breadcrumb\"},\"inLanguage\":\"fr-FR\",\"potentialAction\":[{\"@type\":\"ReadAction\",\"target\":[\"https:\\\/\\\/saudi-gift.com\\\/product\\\/%d8%aa%d9%85%d8%b1-%d8%b3%d9%83%d8%b1%d9%8a-%d9%85%d8%ad%d8%b4%d9%8a-%d8%a8%d8%a7%d9%84%d9%81%d9%88%d9%84-%d8%a7%d9%84%d8%b3%d9%88%d8%af%d8%a7%d9%86%d9%8a\\\/\"]}]},{\"@type\":\"ImageObject\",\"inLanguage\":\"fr-FR\",\"@id\":\"https:\\\/\\\/saudi-gift.com\\\/product\\\/%d8%aa%d9%85%d8%b1-%d8%b3%d9%83%d8%b1%d9%8a-%d9%85%d8%ad%d8%b4%d9%8a-%d8%a8%d8%a7%d9%84%d9%81%d9%88%d9%84-%d8%a7%d9%84%d8%b3%d9%88%d8%af%d8%a7%d9%86%d9%8a\\\/#primaryimage\",\"url\":\"https:\\\/\\\/saudi-gift.com\\\/wp-content\\\/uploads\\\/2024\\\/12\\\/df6f87a9-067a-4e57-95dc-afcd3722432b-1000x737-qJ6goEtKHMcBpg1IczbdRfJLPzSAAasa1OHJy1Y8-1.webp\",\"contentUrl\":\"https:\\\/\\\/saudi-gift.com\\\/wp-content\\\/uploads\\\/2024\\\/12\\\/df6f87a9-067a-4e57-95dc-afcd3722432b-1000x737-qJ6goEtKHMcBpg1IczbdRfJLPzSAAasa1OHJy1Y8-1.webp\",\"width\":600,\"height\":600},{\"@type\":\"BreadcrumbList\",\"@id\":\"https:\\\/\\\/saudi-gift.com\\\/product\\\/%d8%aa%d9%85%d8%b1-%d8%b3%d9%83%d8%b1%d9%8a-%d9%85%d8%ad%d8%b4%d9%8a-%d8%a8%d8%a7%d9%84%d9%81%d9%88%d9%84-%d8%a7%d9%84%d8%b3%d9%88%d8%af%d8%a7%d9%86%d9%8a\\\/#breadcrumb\",\"itemListElement\":[{\"@type\":\"ListItem\",\"position\":1,\"name\":\"Home\",\"item\":\"https:\\\/\\\/saudi-gift.com\\\/fr\\\/\"},{\"@type\":\"ListItem\",\"position\":2,\"name\":\"Acheter\",\"item\":\"https:\\\/\\\/saudi-gift.com\\\/fr\\\/acheter\\\/\"},{\"@type\":\"ListItem\",\"position\":3,\"name\":\"Dattes au sucre farcies de cacahu\u00e8tes\"}]},{\"@type\":\"WebSite\",\"@id\":\"https:\\\/\\\/saudi-gift.com\\\/#website\",\"url\":\"https:\\\/\\\/saudi-gift.com\\\/\",\"name\":\"\u0647\u062f\u064a\u0629 \u0633\u0639\u0648\u062f\u064a\u0629\",\"description\":\"\u0647\u062f\u064a\u0629 \u0633\u0639\u0648\u062f\u064a\u0629 \u0645\u062a\u062c\u0631 \u0627\u0644\u0643\u062a\u0631\u0648\u0646\u064a \u064a\u0642\u062f\u0645 \u0644\u0643\u0645 \u0645\u062c\u0645\u0648\u0639\u0629 \u0645\u0646 \u0627\u0644\u0647\u062f\u0627\u064a\u0627 \u0627\u0644\u062a\u064a \u062a\u062c\u0633\u062f \u0639\u0628\u0642 \u0630\u0643\u0631\u064a\u0627\u062a\u0643\u0645 \u0641\u064a \u0627\u0644\u0645\u0634\u0627\u0639\u0631 \u0627\u0644\u0645\u0642\u062f\u0633\u0629\",\"publisher\":{\"@id\":\"https:\\\/\\\/saudi-gift.com\\\/#organization\"},\"alternateName\":\"\u0647\u062f\u064a\u0629 \u0633\u0639\u0648\u062f\u064a\u0629\",\"potentialAction\":[{\"@type\":\"SearchAction\",\"target\":{\"@type\":\"EntryPoint\",\"urlTemplate\":\"https:\\\/\\\/saudi-gift.com\\\/?s={search_term_string}\"},\"query-input\":{\"@type\":\"PropertyValueSpecification\",\"valueRequired\":true,\"valueName\":\"search_term_string\"}}],\"inLanguage\":\"fr-FR\"},{\"@type\":\"Organization\",\"@id\":\"https:\\\/\\\/saudi-gift.com\\\/#organization\",\"name\":\"\u0645\u062a\u062c\u0631 \u0627\u0644\u0647\u062f\u064a\u0629\",\"alternateName\":\"\u0647\u062f\u064a\u0629 \u0633\u0639\u0648\u062f\u064a\u0629\",\"url\":\"https:\\\/\\\/saudi-gift.com\\\/\",\"logo\":{\"@type\":\"ImageObject\",\"inLanguage\":\"fr-FR\",\"@id\":\"https:\\\/\\\/saudi-gift.com\\\/#\\\/schema\\\/logo\\\/image\\\/\",\"url\":\"https:\\\/\\\/saudi-gift.com\\\/wp-content\\\/uploads\\\/2025\\\/05\\\/2.png\",\"contentUrl\":\"https:\\\/\\\/saudi-gift.com\\\/wp-content\\\/uploads\\\/2025\\\/05\\\/2.png\",\"width\":163,\"height\":42,\"caption\":\"\u0645\u062a\u062c\u0631 \u0627\u0644\u0647\u062f\u064a\u0629\"},\"image\":{\"@id\":\"https:\\\/\\\/saudi-gift.com\\\/#\\\/schema\\\/logo\\\/image\\\/\"},\"sameAs\":[\"https:\\\/\\\/www.facebook.com\\\/profile.php?id=61560277649059&mibextid=LQQJ4d\",\"https:\\\/\\\/x.com\\\/saudigift_\"]}]}<\/script>\n<!-- \/ Yoast SEO Premium plugin. -->","yoast_head_json":{"title":"Dattes au sucre farcies de cacahu\u00e8tes","description":"Savourez une exp\u00e9rience d\u00e9licieuse et nutritive avec les dattes farcies aux cacahu\u00e8tes de Sukari, o\u00f9 le go\u00fbt naturel et riche en vitamines et min\u00e9raux des dattes s'associe au go\u00fbt cr\u00e9meux et riche en prot\u00e9ines des cacahu\u00e8tes.","robots":{"index":"index","follow":"follow","max-snippet":"max-snippet:-1","max-image-preview":"max-image-preview:large","max-video-preview":"max-video-preview:-1"},"canonical":"https:\/\/saudi-gift.com\/product\/\u062a\u0645\u0631-\u0633\u0643\u0631\u064a-\u0645\u062d\u0634\u064a-\u0628\u0627\u0644\u0641\u0648\u0644-\u0627\u0644\u0633\u0648\u062f\u0627\u0646\u064a\/","og_locale":"fr_FR","og_type":"article","og_title":"Dattes au sucre farcies de cacahu\u00e8tes","og_description":"Savourez une exp\u00e9rience d\u00e9licieuse et nutritive avec les dattes farcies aux cacahu\u00e8tes de Sukari, o\u00f9 le go\u00fbt naturel et riche en vitamines et min\u00e9raux des dattes s'associe au go\u00fbt cr\u00e9meux et riche en prot\u00e9ines des cacahu\u00e8tes.","og_url":"https:\/\/saudi-gift.com\/product\/\u062a\u0645\u0631-\u0633\u0643\u0631\u064a-\u0645\u062d\u0634\u064a-\u0628\u0627\u0644\u0641\u0648\u0644-\u0627\u0644\u0633\u0648\u062f\u0627\u0646\u064a\/","og_site_name":"\u0647\u062f\u064a\u0629 \u0633\u0639\u0648\u062f\u064a\u0629","article_publisher":"https:\/\/www.facebook.com\/profile.php?id=61560277649059&mibextid=LQQJ4d","og_image":[{"width":600,"height":600,"url":"https:\/\/saudi-gift.com\/wp-content\/uploads\/2024\/12\/df6f87a9-067a-4e57-95dc-afcd3722432b-1000x737-qJ6goEtKHMcBpg1IczbdRfJLPzSAAasa1OHJy1Y8-1.webp","type":"image\/webp"}],"twitter_card":"summary_large_image","twitter_site":"@saudigift_","twitter_misc":{"Dur\u00e9e de lecture estim\u00e9e":"1 minute"},"schema":{"@context":"https:\/\/schema.org","@graph":[{"@type":"WebPage","@id":"https:\/\/saudi-gift.com\/product\/%d8%aa%d9%85%d8%b1-%d8%b3%d9%83%d8%b1%d9%8a-%d9%85%d8%ad%d8%b4%d9%8a-%d8%a8%d8%a7%d9%84%d9%81%d9%88%d9%84-%d8%a7%d9%84%d8%b3%d9%88%d8%af%d8%a7%d9%86%d9%8a\/","url":"https:\/\/saudi-gift.com\/product\/%d8%aa%d9%85%d8%b1-%d8%b3%d9%83%d8%b1%d9%8a-%d9%85%d8%ad%d8%b4%d9%8a-%d8%a8%d8%a7%d9%84%d9%81%d9%88%d9%84-%d8%a7%d9%84%d8%b3%d9%88%d8%af%d8%a7%d9%86%d9%8a\/","name":"Dattes au sucre farcies de cacahu\u00e8tes","isPartOf":{"@id":"https:\/\/saudi-gift.com\/#website"},"primaryImageOfPage":{"@id":"https:\/\/saudi-gift.com\/product\/%d8%aa%d9%85%d8%b1-%d8%b3%d9%83%d8%b1%d9%8a-%d9%85%d8%ad%d8%b4%d9%8a-%d8%a8%d8%a7%d9%84%d9%81%d9%88%d9%84-%d8%a7%d9%84%d8%b3%d9%88%d8%af%d8%a7%d9%86%d9%8a\/#primaryimage"},"image":{"@id":"https:\/\/saudi-gift.com\/product\/%d8%aa%d9%85%d8%b1-%d8%b3%d9%83%d8%b1%d9%8a-%d9%85%d8%ad%d8%b4%d9%8a-%d8%a8%d8%a7%d9%84%d9%81%d9%88%d9%84-%d8%a7%d9%84%d8%b3%d9%88%d8%af%d8%a7%d9%86%d9%8a\/#primaryimage"},"thumbnailUrl":"https:\/\/saudi-gift.com\/wp-content\/uploads\/2024\/12\/df6f87a9-067a-4e57-95dc-afcd3722432b-1000x737-qJ6goEtKHMcBpg1IczbdRfJLPzSAAasa1OHJy1Y8-1.webp","datePublished":"2024-12-26T12:26:13+00:00","description":"Savourez une exp\u00e9rience d\u00e9licieuse et nutritive avec les dattes farcies aux cacahu\u00e8tes de Sukari, o\u00f9 le go\u00fbt naturel et riche en vitamines et min\u00e9raux des dattes s'associe au go\u00fbt cr\u00e9meux et riche en prot\u00e9ines des cacahu\u00e8tes.","breadcrumb":{"@id":"https:\/\/saudi-gift.com\/product\/%d8%aa%d9%85%d8%b1-%d8%b3%d9%83%d8%b1%d9%8a-%d9%85%d8%ad%d8%b4%d9%8a-%d8%a8%d8%a7%d9%84%d9%81%d9%88%d9%84-%d8%a7%d9%84%d8%b3%d9%88%d8%af%d8%a7%d9%86%d9%8a\/#breadcrumb"},"inLanguage":"fr-FR","potentialAction":[{"@type":"ReadAction","target":["https:\/\/saudi-gift.com\/product\/%d8%aa%d9%85%d8%b1-%d8%b3%d9%83%d8%b1%d9%8a-%d9%85%d8%ad%d8%b4%d9%8a-%d8%a8%d8%a7%d9%84%d9%81%d9%88%d9%84-%d8%a7%d9%84%d8%b3%d9%88%d8%af%d8%a7%d9%86%d9%8a\/"]}]},{"@type":"ImageObject","inLanguage":"fr-FR","@id":"https:\/\/saudi-gift.com\/product\/%d8%aa%d9%85%d8%b1-%d8%b3%d9%83%d8%b1%d9%8a-%d9%85%d8%ad%d8%b4%d9%8a-%d8%a8%d8%a7%d9%84%d9%81%d9%88%d9%84-%d8%a7%d9%84%d8%b3%d9%88%d8%af%d8%a7%d9%86%d9%8a\/#primaryimage","url":"https:\/\/saudi-gift.com\/wp-content\/uploads\/2024\/12\/df6f87a9-067a-4e57-95dc-afcd3722432b-1000x737-qJ6goEtKHMcBpg1IczbdRfJLPzSAAasa1OHJy1Y8-1.webp","contentUrl":"https:\/\/saudi-gift.com\/wp-content\/uploads\/2024\/12\/df6f87a9-067a-4e57-95dc-afcd3722432b-1000x737-qJ6goEtKHMcBpg1IczbdRfJLPzSAAasa1OHJy1Y8-1.webp","width":600,"height":600},{"@type":"BreadcrumbList","@id":"https:\/\/saudi-gift.com\/product\/%d8%aa%d9%85%d8%b1-%d8%b3%d9%83%d8%b1%d9%8a-%d9%85%d8%ad%d8%b4%d9%8a-%d8%a8%d8%a7%d9%84%d9%81%d9%88%d9%84-%d8%a7%d9%84%d8%b3%d9%88%d8%af%d8%a7%d9%86%d9%8a\/#breadcrumb","itemListElement":[{"@type":"ListItem","position":1,"name":"Home","item":"https:\/\/saudi-gift.com\/fr\/"},{"@type":"ListItem","position":2,"name":"Acheter","item":"https:\/\/saudi-gift.com\/fr\/acheter\/"},{"@type":"ListItem","position":3,"name":"Dattes au sucre farcies de cacahu\u00e8tes"}]},{"@type":"WebSite","@id":"https:\/\/saudi-gift.com\/#website","url":"https:\/\/saudi-gift.com\/","name":"\u0647\u062f\u064a\u0629 \u0633\u0639\u0648\u062f\u064a\u0629","description":"\u0647\u062f\u064a\u0629 \u0633\u0639\u0648\u062f\u064a\u0629 \u0645\u062a\u062c\u0631 \u0627\u0644\u0643\u062a\u0631\u0648\u0646\u064a \u064a\u0642\u062f\u0645 \u0644\u0643\u0645 \u0645\u062c\u0645\u0648\u0639\u0629 \u0645\u0646 \u0627\u0644\u0647\u062f\u0627\u064a\u0627 \u0627\u0644\u062a\u064a \u062a\u062c\u0633\u062f \u0639\u0628\u0642 \u0630\u0643\u0631\u064a\u0627\u062a\u0643\u0645 \u0641\u064a \u0627\u0644\u0645\u0634\u0627\u0639\u0631 \u0627\u0644\u0645\u0642\u062f\u0633\u0629","publisher":{"@id":"https:\/\/saudi-gift.com\/#organization"},"alternateName":"\u0647\u062f\u064a\u0629 \u0633\u0639\u0648\u062f\u064a\u0629","potentialAction":[{"@type":"SearchAction","target":{"@type":"EntryPoint","urlTemplate":"https:\/\/saudi-gift.com\/?s={search_term_string}"},"query-input":{"@type":"PropertyValueSpecification","valueRequired":true,"valueName":"search_term_string"}}],"inLanguage":"fr-FR"},{"@type":"Organization","@id":"https:\/\/saudi-gift.com\/#organization","name":"\u0645\u062a\u062c\u0631 \u0627\u0644\u0647\u062f\u064a\u0629","alternateName":"\u0647\u062f\u064a\u0629 \u0633\u0639\u0648\u062f\u064a\u0629","url":"https:\/\/saudi-gift.com\/","logo":{"@type":"ImageObject","inLanguage":"fr-FR","@id":"https:\/\/saudi-gift.com\/#\/schema\/logo\/image\/","url":"https:\/\/saudi-gift.com\/wp-content\/uploads\/2025\/05\/2.png","contentUrl":"https:\/\/saudi-gift.com\/wp-content\/uploads\/2025\/05\/2.png","width":163,"height":42,"caption":"\u0645\u062a\u062c\u0631 \u0627\u0644\u0647\u062f\u064a\u0629"},"image":{"@id":"https:\/\/saudi-gift.com\/#\/schema\/logo\/image\/"},"sameAs":["https:\/\/www.facebook.com\/profile.php?id=61560277649059&mibextid=LQQJ4d","https:\/\/x.com\/saudigift_"]}]}},"jetpack-related-posts":[],"_links":{"self":[{"href":"https:\/\/saudi-gift.com\/fr\/wp-json\/wp\/v2\/product\/38486","targetHints":{"allow":["GET"]}}],"collection":[{"href":"https:\/\/saudi-gift.com\/fr\/wp-json\/wp\/v2\/product"}],"about":[{"href":"https:\/\/saudi-gift.com\/fr\/wp-json\/wp\/v2\/types\/product"}],"replies":[{"embeddable":true,"href":"https:\/\/saudi-gift.com\/fr\/wp-json\/wp\/v2\/comments?post=38486"}],"version-history":[{"count":0,"href":"https:\/\/saudi-gift.com\/fr\/wp-json\/wp\/v2\/product\/38486\/revisions"}],"wp:featuredmedia":[{"embeddable":true,"href":"https:\/\/saudi-gift.com\/fr\/wp-json\/wp\/v2\/media\/31470"}],"wp:attachment":[{"href":"https:\/\/saudi-gift.com\/fr\/wp-json\/wp\/v2\/media?parent=38486"}],"wp:term":[{"taxonomy":"product_brand","embeddable":true,"href":"https:\/\/saudi-gift.com\/fr\/wp-json\/wp\/v2\/product_brand?post=38486"},{"taxonomy":"product_cat","embeddable":true,"href":"https:\/\/saudi-gift.com\/fr\/wp-json\/wp\/v2\/product_cat?post=38486"},{"taxonomy":"product_tag","embeddable":true,"href":"https:\/\/saudi-gift.com\/fr\/wp-json\/wp\/v2\/product_tag?post=38486"}],"curies":[{"name":"wp","href":"https:\/\/api.w.org\/{rel}","templated":true}]}}