{"id":38489,"date":"2024-12-25T14:49:41","date_gmt":"2024-12-25T11:49:41","guid":{"rendered":"https:\/\/saudi-gift.com\/product\/variete-de-dattes-de-qualite-superieure\/"},"modified":"2025-06-02T12:49:50","modified_gmt":"2025-06-02T09:49:50","slug":"variete-de-dattes-de-qualite-superieure","status":"publish","type":"product","link":"https:\/\/saudi-gift.com\/fr\/produit\/variete-de-dattes-de-qualite-superieure\/","title":{"rendered":"Vari\u00e9t\u00e9 de dattes de qualit\u00e9 sup\u00e9rieure"},"content":{"rendered":"<p><span style=\"font-weight: 400;\">Les luxueux assortiments de dattes vous offrent une exp\u00e9rience d\u00e9licieuse et saine. Les dattes de la meilleure qualit\u00e9 sont s\u00e9lectionn\u00e9es pour leur riche saveur et leur haute valeur nutritionnelle. Un m\u00e9lange de dattes de qualit\u00e9 sup\u00e9rieure qui convient \u00e0 tous les go\u00fbts, combinant une saveur luxueuse et une valeur nutritionnelle \u00e9lev\u00e9e.   <\/span><\/p>\n<h2><b>Sp\u00e9cifications des vari\u00e9t\u00e9s de dattes de qualit\u00e9 sup\u00e9rieure :<\/b><\/h2>\n<ul>\n<li style=\"font-weight: 400;\" aria-level=\"1\"><span style=\"font-weight: 400;\">Nom : Dates de luxe <\/span><\/li>\n<li style=\"font-weight: 400;\" aria-level=\"1\"><span style=\"font-weight: 400;\">Cat\u00e9gorie : Dattes et desserts <\/span><\/li>\n<li style=\"font-weight: 400;\" aria-level=\"1\"><span style=\"font-weight: 400;\">Groupe cible : Unisexe <\/span><\/li>\n<\/ul>\n<h2><b>Vous y trouverez une vari\u00e9t\u00e9 de dates premium :<\/b><\/h2>\n<ul>\n<li style=\"font-weight: 400;\" aria-level=\"1\"><span style=\"font-weight: 400;\">Un m\u00e9lange unique : Les meilleures dattes ont \u00e9t\u00e9 soigneusement s\u00e9lectionn\u00e9es pour offrir une saveur riche et luxueuse. <\/span><\/li>\n<li style=\"font-weight: 400;\" aria-level=\"1\"><span style=\"font-weight: 400;\">Emballage soigneusement assorti : Le paquet contient une vari\u00e9t\u00e9 de dattes de qualit\u00e9 sup\u00e9rieure, ce qui vous permet de d\u00e9guster le meilleur du meilleur.  <\/span><\/li>\n<li style=\"font-weight: 400;\" aria-level=\"1\"><span style=\"font-weight: 400;\">Des dattes soigneusement s\u00e9lectionn\u00e9es : Nos dattes proviennent d&rsquo;exploitations agricoles de grande qualit\u00e9, ce qui leur conf\u00e8re un go\u00fbt frais et naturel. <\/span><\/li>\n<li style=\"font-weight: 400;\" aria-level=\"1\"><span style=\"font-weight: 400;\">Riche en fibres et en min\u00e9raux : Une source riche en fibres et en nutriments essentiels tels que le potassium et le magn\u00e9sium. <\/span><\/li>\n<li style=\"font-weight: 400;\" aria-level=\"1\"><span style=\"font-weight: 400;\">Un choix parfait pour l&rsquo;h\u00f4tellerie : Parfait pour les occasions sp\u00e9ciales ou comme en-cas sain \u00e0 tout moment de la journ\u00e9e. <\/span><\/li>\n<li style=\"font-weight: 400;\" aria-level=\"1\"><span style=\"font-weight: 400;\">Emballage soign\u00e9 : Nos dattes sont soigneusement emball\u00e9es pour pr\u00e9server leur fra\u00eecheur et leur qualit\u00e9, vous garantissant ainsi une exp\u00e9rience gastronomique unique.  <\/span><\/li>\n<li style=\"font-weight: 400;\" aria-level=\"1\"><span style=\"font-weight: 400;\">Un cadeau de luxe : Un choix parfait comme cadeau de luxe pour les amateurs de dattes et de saveurs arabes authentiques. <\/span><\/li>\n<\/ul>\n<p><span style=\"font-weight: 400;\">D\u00e9couvrez une luxueuse vari\u00e9t\u00e9 de dattes qui allient luxe, saveur naturelle et bienfaits pour la sant\u00e9 dans chaque bouch\u00e9e.<\/span><\/p>\n<p><span style=\"font-weight: 400;\">Cette formule vous convient-elle ?<\/span><\/p>\n","protected":false},"excerpt":{"rendered":"<p class=\"ql-align-right\">Des bo\u00eetes de dattes de luxe qui allient luxe et qualit\u00e9 dans un m\u00eame emballage. Les dattes de la meilleure qualit\u00e9 ont \u00e9t\u00e9 soigneusement s\u00e9lectionn\u00e9es pour vous offrir une exp\u00e9rience gastronomique exceptionnelle, o\u00f9 la saveur c\u00f4toie les bienfaits pour la sant\u00e9. Chaque datte repr\u00e9sente une saveur authentique qui incarne l&rsquo;excellence de la production arabe et refl\u00e8te la tradition de l&rsquo;hospitalit\u00e9 de luxe.   <\/p>\n","protected":false},"featured_media":31113,"comment_status":"open","ping_status":"closed","template":"","meta":[],"product_brand":[],"product_cat":[167,3255,3122],"product_tag":[1374,611],"class_list":{"0":"post-38489","1":"product","2":"type-product","3":"status-publish","4":"has-post-thumbnail","6":"product_cat-167","7":"product_cat-3255","8":"product_cat-3122","9":"product_tag-1374","10":"product_tag-611","12":"first","13":"instock","14":"sale","15":"sold-individually","16":"shipping-taxable","17":"purchasable","18":"product-type-variable"},"yoast_head":"<!-- This site is optimized with the Yoast SEO Premium plugin v27.2 (Yoast SEO v27.6) - https:\/\/yoast.com\/product\/yoast-seo-premium-wordpress\/ -->\n<title>Dattes de luxe assorties - achetez en ligne aux prix les plus bas sur Saudi Gift Now<\/title>\n<meta name=\"description\" content=\"Une luxueuse vari\u00e9t\u00e9 de dattes pour une exp\u00e9rience d\u00e9licieuse et saine, o\u00f9 les meilleures dattes sont s\u00e9lectionn\u00e9es pour leur riche saveur et leurs bienfaits nutritionnels. Un m\u00e9lange de dattes de qualit\u00e9 sup\u00e9rieure\" \/>\n<meta name=\"robots\" content=\"index, follow, max-snippet:-1, max-image-preview:large, max-video-preview:-1\" \/>\n<link rel=\"canonical\" href=\"https:\/\/saudi-gift.com\/fr\/product\/variete-de-dattes-de-qualite-superieure\/\" \/>\n<meta property=\"og:locale\" content=\"fr_FR\" \/>\n<meta property=\"og:type\" content=\"article\" \/>\n<meta property=\"og:title\" content=\"Vari\u00e9t\u00e9 de dattes de qualit\u00e9 sup\u00e9rieure\" \/>\n<meta property=\"og:description\" content=\"Une luxueuse vari\u00e9t\u00e9 de dattes pour une exp\u00e9rience d\u00e9licieuse et saine, o\u00f9 les meilleures dattes sont s\u00e9lectionn\u00e9es pour leur riche saveur et leurs bienfaits nutritionnels. Un m\u00e9lange de dattes de qualit\u00e9 sup\u00e9rieure\" \/>\n<meta property=\"og:url\" content=\"https:\/\/saudi-gift.com\/fr\/product\/variete-de-dattes-de-qualite-superieure\/\" \/>\n<meta property=\"og:site_name\" content=\"\u0647\u062f\u064a\u0629 \u0633\u0639\u0648\u062f\u064a\u0629\" \/>\n<meta property=\"article:publisher\" content=\"https:\/\/www.facebook.com\/profile.php?id=61560277649059&amp;mibextid=LQQJ4d\" \/>\n<meta property=\"article:modified_time\" content=\"2025-06-02T09:49:50+00:00\" \/>\n<meta property=\"og:image\" content=\"https:\/\/saudi-gift.com\/wp-content\/uploads\/2024\/12\/70dc9a25-844b-4e98-b39b-75643eba5a99-1000x1000-eYhCI4LhmgKNIMfwaOSzxdY4xJ3kWfR1G4fqxmyM.webp\" \/>\n\t<meta property=\"og:image:width\" content=\"600\" \/>\n\t<meta property=\"og:image:height\" content=\"600\" \/>\n\t<meta property=\"og:image:type\" content=\"image\/webp\" \/>\n<meta name=\"twitter:card\" content=\"summary_large_image\" \/>\n<meta name=\"twitter:site\" content=\"@saudigift_\" \/>\n<meta name=\"twitter:label1\" content=\"Dur\u00e9e de lecture estim\u00e9e\" \/>\n\t<meta name=\"twitter:data1\" content=\"1 minute\" \/>\n<script type=\"application\/ld+json\" class=\"yoast-schema-graph\">{\"@context\":\"https:\\\/\\\/schema.org\",\"@graph\":[{\"@type\":\"WebPage\",\"@id\":\"https:\\\/\\\/saudi-gift.com\\\/fr\\\/product\\\/variete-de-dattes-de-qualite-superieure\\\/\",\"url\":\"https:\\\/\\\/saudi-gift.com\\\/fr\\\/product\\\/variete-de-dattes-de-qualite-superieure\\\/\",\"name\":\"Dattes de luxe assorties - achetez en ligne aux prix les plus bas sur Saudi Gift Now\",\"isPartOf\":{\"@id\":\"https:\\\/\\\/saudi-gift.com\\\/#website\"},\"primaryImageOfPage\":{\"@id\":\"https:\\\/\\\/saudi-gift.com\\\/fr\\\/product\\\/variete-de-dattes-de-qualite-superieure\\\/#primaryimage\"},\"image\":{\"@id\":\"https:\\\/\\\/saudi-gift.com\\\/fr\\\/product\\\/variete-de-dattes-de-qualite-superieure\\\/#primaryimage\"},\"thumbnailUrl\":\"https:\\\/\\\/saudi-gift.com\\\/wp-content\\\/uploads\\\/2024\\\/12\\\/70dc9a25-844b-4e98-b39b-75643eba5a99-1000x1000-eYhCI4LhmgKNIMfwaOSzxdY4xJ3kWfR1G4fqxmyM.webp\",\"datePublished\":\"2024-12-25T11:49:41+00:00\",\"dateModified\":\"2025-06-02T09:49:50+00:00\",\"description\":\"Une luxueuse vari\u00e9t\u00e9 de dattes pour une exp\u00e9rience d\u00e9licieuse et saine, o\u00f9 les meilleures dattes sont s\u00e9lectionn\u00e9es pour leur riche saveur et leurs bienfaits nutritionnels. Un m\u00e9lange de dattes de qualit\u00e9 sup\u00e9rieure\",\"breadcrumb\":{\"@id\":\"https:\\\/\\\/saudi-gift.com\\\/fr\\\/product\\\/variete-de-dattes-de-qualite-superieure\\\/#breadcrumb\"},\"inLanguage\":\"fr-FR\",\"potentialAction\":[{\"@type\":\"ReadAction\",\"target\":[\"https:\\\/\\\/saudi-gift.com\\\/fr\\\/product\\\/variete-de-dattes-de-qualite-superieure\\\/\"]}]},{\"@type\":\"ImageObject\",\"inLanguage\":\"fr-FR\",\"@id\":\"https:\\\/\\\/saudi-gift.com\\\/fr\\\/product\\\/variete-de-dattes-de-qualite-superieure\\\/#primaryimage\",\"url\":\"https:\\\/\\\/saudi-gift.com\\\/wp-content\\\/uploads\\\/2024\\\/12\\\/70dc9a25-844b-4e98-b39b-75643eba5a99-1000x1000-eYhCI4LhmgKNIMfwaOSzxdY4xJ3kWfR1G4fqxmyM.webp\",\"contentUrl\":\"https:\\\/\\\/saudi-gift.com\\\/wp-content\\\/uploads\\\/2024\\\/12\\\/70dc9a25-844b-4e98-b39b-75643eba5a99-1000x1000-eYhCI4LhmgKNIMfwaOSzxdY4xJ3kWfR1G4fqxmyM.webp\",\"width\":600,\"height\":600},{\"@type\":\"BreadcrumbList\",\"@id\":\"https:\\\/\\\/saudi-gift.com\\\/fr\\\/product\\\/variete-de-dattes-de-qualite-superieure\\\/#breadcrumb\",\"itemListElement\":[{\"@type\":\"ListItem\",\"position\":1,\"name\":\"Home\",\"item\":\"https:\\\/\\\/saudi-gift.com\\\/fr\\\/\"},{\"@type\":\"ListItem\",\"position\":2,\"name\":\"Acheter\",\"item\":\"https:\\\/\\\/saudi-gift.com\\\/fr\\\/acheter\\\/\"},{\"@type\":\"ListItem\",\"position\":3,\"name\":\"Vari\u00e9t\u00e9 de dattes de qualit\u00e9 sup\u00e9rieure\"}]},{\"@type\":\"WebSite\",\"@id\":\"https:\\\/\\\/saudi-gift.com\\\/#website\",\"url\":\"https:\\\/\\\/saudi-gift.com\\\/\",\"name\":\"\u0647\u062f\u064a\u0629 \u0633\u0639\u0648\u062f\u064a\u0629\",\"description\":\"\u0647\u062f\u064a\u0629 \u0633\u0639\u0648\u062f\u064a\u0629 \u0645\u062a\u062c\u0631 \u0627\u0644\u0643\u062a\u0631\u0648\u0646\u064a \u064a\u0642\u062f\u0645 \u0644\u0643\u0645 \u0645\u062c\u0645\u0648\u0639\u0629 \u0645\u0646 \u0627\u0644\u0647\u062f\u0627\u064a\u0627 \u0627\u0644\u062a\u064a \u062a\u062c\u0633\u062f \u0639\u0628\u0642 \u0630\u0643\u0631\u064a\u0627\u062a\u0643\u0645 \u0641\u064a \u0627\u0644\u0645\u0634\u0627\u0639\u0631 \u0627\u0644\u0645\u0642\u062f\u0633\u0629\",\"publisher\":{\"@id\":\"https:\\\/\\\/saudi-gift.com\\\/#organization\"},\"alternateName\":\"\u0647\u062f\u064a\u0629 \u0633\u0639\u0648\u062f\u064a\u0629\",\"potentialAction\":[{\"@type\":\"SearchAction\",\"target\":{\"@type\":\"EntryPoint\",\"urlTemplate\":\"https:\\\/\\\/saudi-gift.com\\\/?s={search_term_string}\"},\"query-input\":{\"@type\":\"PropertyValueSpecification\",\"valueRequired\":true,\"valueName\":\"search_term_string\"}}],\"inLanguage\":\"fr-FR\"},{\"@type\":\"Organization\",\"@id\":\"https:\\\/\\\/saudi-gift.com\\\/#organization\",\"name\":\"\u0645\u062a\u062c\u0631 \u0627\u0644\u0647\u062f\u064a\u0629\",\"alternateName\":\"\u0647\u062f\u064a\u0629 \u0633\u0639\u0648\u062f\u064a\u0629\",\"url\":\"https:\\\/\\\/saudi-gift.com\\\/\",\"logo\":{\"@type\":\"ImageObject\",\"inLanguage\":\"fr-FR\",\"@id\":\"https:\\\/\\\/saudi-gift.com\\\/#\\\/schema\\\/logo\\\/image\\\/\",\"url\":\"https:\\\/\\\/saudi-gift.com\\\/wp-content\\\/uploads\\\/2025\\\/05\\\/2.png\",\"contentUrl\":\"https:\\\/\\\/saudi-gift.com\\\/wp-content\\\/uploads\\\/2025\\\/05\\\/2.png\",\"width\":163,\"height\":42,\"caption\":\"\u0645\u062a\u062c\u0631 \u0627\u0644\u0647\u062f\u064a\u0629\"},\"image\":{\"@id\":\"https:\\\/\\\/saudi-gift.com\\\/#\\\/schema\\\/logo\\\/image\\\/\"},\"sameAs\":[\"https:\\\/\\\/www.facebook.com\\\/profile.php?id=61560277649059&mibextid=LQQJ4d\",\"https:\\\/\\\/x.com\\\/saudigift_\"]}]}<\/script>\n<!-- \/ Yoast SEO Premium plugin. -->","yoast_head_json":{"title":"Dattes de luxe assorties - achetez en ligne aux prix les plus bas sur Saudi Gift Now","description":"Une luxueuse vari\u00e9t\u00e9 de dattes pour une exp\u00e9rience d\u00e9licieuse et saine, o\u00f9 les meilleures dattes sont s\u00e9lectionn\u00e9es pour leur riche saveur et leurs bienfaits nutritionnels. Un m\u00e9lange de dattes de qualit\u00e9 sup\u00e9rieure","robots":{"index":"index","follow":"follow","max-snippet":"max-snippet:-1","max-image-preview":"max-image-preview:large","max-video-preview":"max-video-preview:-1"},"canonical":"https:\/\/saudi-gift.com\/fr\/product\/variete-de-dattes-de-qualite-superieure\/","og_locale":"fr_FR","og_type":"article","og_title":"Vari\u00e9t\u00e9 de dattes de qualit\u00e9 sup\u00e9rieure","og_description":"Une luxueuse vari\u00e9t\u00e9 de dattes pour une exp\u00e9rience d\u00e9licieuse et saine, o\u00f9 les meilleures dattes sont s\u00e9lectionn\u00e9es pour leur riche saveur et leurs bienfaits nutritionnels. Un m\u00e9lange de dattes de qualit\u00e9 sup\u00e9rieure","og_url":"https:\/\/saudi-gift.com\/fr\/product\/variete-de-dattes-de-qualite-superieure\/","og_site_name":"\u0647\u062f\u064a\u0629 \u0633\u0639\u0648\u062f\u064a\u0629","article_publisher":"https:\/\/www.facebook.com\/profile.php?id=61560277649059&mibextid=LQQJ4d","article_modified_time":"2025-06-02T09:49:50+00:00","og_image":[{"width":600,"height":600,"url":"https:\/\/saudi-gift.com\/wp-content\/uploads\/2024\/12\/70dc9a25-844b-4e98-b39b-75643eba5a99-1000x1000-eYhCI4LhmgKNIMfwaOSzxdY4xJ3kWfR1G4fqxmyM.webp","type":"image\/webp"}],"twitter_card":"summary_large_image","twitter_site":"@saudigift_","twitter_misc":{"Dur\u00e9e de lecture estim\u00e9e":"1 minute"},"schema":{"@context":"https:\/\/schema.org","@graph":[{"@type":"WebPage","@id":"https:\/\/saudi-gift.com\/fr\/product\/variete-de-dattes-de-qualite-superieure\/","url":"https:\/\/saudi-gift.com\/fr\/product\/variete-de-dattes-de-qualite-superieure\/","name":"Dattes de luxe assorties - achetez en ligne aux prix les plus bas sur Saudi Gift Now","isPartOf":{"@id":"https:\/\/saudi-gift.com\/#website"},"primaryImageOfPage":{"@id":"https:\/\/saudi-gift.com\/fr\/product\/variete-de-dattes-de-qualite-superieure\/#primaryimage"},"image":{"@id":"https:\/\/saudi-gift.com\/fr\/product\/variete-de-dattes-de-qualite-superieure\/#primaryimage"},"thumbnailUrl":"https:\/\/saudi-gift.com\/wp-content\/uploads\/2024\/12\/70dc9a25-844b-4e98-b39b-75643eba5a99-1000x1000-eYhCI4LhmgKNIMfwaOSzxdY4xJ3kWfR1G4fqxmyM.webp","datePublished":"2024-12-25T11:49:41+00:00","dateModified":"2025-06-02T09:49:50+00:00","description":"Une luxueuse vari\u00e9t\u00e9 de dattes pour une exp\u00e9rience d\u00e9licieuse et saine, o\u00f9 les meilleures dattes sont s\u00e9lectionn\u00e9es pour leur riche saveur et leurs bienfaits nutritionnels. Un m\u00e9lange de dattes de qualit\u00e9 sup\u00e9rieure","breadcrumb":{"@id":"https:\/\/saudi-gift.com\/fr\/product\/variete-de-dattes-de-qualite-superieure\/#breadcrumb"},"inLanguage":"fr-FR","potentialAction":[{"@type":"ReadAction","target":["https:\/\/saudi-gift.com\/fr\/product\/variete-de-dattes-de-qualite-superieure\/"]}]},{"@type":"ImageObject","inLanguage":"fr-FR","@id":"https:\/\/saudi-gift.com\/fr\/product\/variete-de-dattes-de-qualite-superieure\/#primaryimage","url":"https:\/\/saudi-gift.com\/wp-content\/uploads\/2024\/12\/70dc9a25-844b-4e98-b39b-75643eba5a99-1000x1000-eYhCI4LhmgKNIMfwaOSzxdY4xJ3kWfR1G4fqxmyM.webp","contentUrl":"https:\/\/saudi-gift.com\/wp-content\/uploads\/2024\/12\/70dc9a25-844b-4e98-b39b-75643eba5a99-1000x1000-eYhCI4LhmgKNIMfwaOSzxdY4xJ3kWfR1G4fqxmyM.webp","width":600,"height":600},{"@type":"BreadcrumbList","@id":"https:\/\/saudi-gift.com\/fr\/product\/variete-de-dattes-de-qualite-superieure\/#breadcrumb","itemListElement":[{"@type":"ListItem","position":1,"name":"Home","item":"https:\/\/saudi-gift.com\/fr\/"},{"@type":"ListItem","position":2,"name":"Acheter","item":"https:\/\/saudi-gift.com\/fr\/acheter\/"},{"@type":"ListItem","position":3,"name":"Vari\u00e9t\u00e9 de dattes de qualit\u00e9 sup\u00e9rieure"}]},{"@type":"WebSite","@id":"https:\/\/saudi-gift.com\/#website","url":"https:\/\/saudi-gift.com\/","name":"\u0647\u062f\u064a\u0629 \u0633\u0639\u0648\u062f\u064a\u0629","description":"\u0647\u062f\u064a\u0629 \u0633\u0639\u0648\u062f\u064a\u0629 \u0645\u062a\u062c\u0631 \u0627\u0644\u0643\u062a\u0631\u0648\u0646\u064a \u064a\u0642\u062f\u0645 \u0644\u0643\u0645 \u0645\u062c\u0645\u0648\u0639\u0629 \u0645\u0646 \u0627\u0644\u0647\u062f\u0627\u064a\u0627 \u0627\u0644\u062a\u064a \u062a\u062c\u0633\u062f \u0639\u0628\u0642 \u0630\u0643\u0631\u064a\u0627\u062a\u0643\u0645 \u0641\u064a \u0627\u0644\u0645\u0634\u0627\u0639\u0631 \u0627\u0644\u0645\u0642\u062f\u0633\u0629","publisher":{"@id":"https:\/\/saudi-gift.com\/#organization"},"alternateName":"\u0647\u062f\u064a\u0629 \u0633\u0639\u0648\u062f\u064a\u0629","potentialAction":[{"@type":"SearchAction","target":{"@type":"EntryPoint","urlTemplate":"https:\/\/saudi-gift.com\/?s={search_term_string}"},"query-input":{"@type":"PropertyValueSpecification","valueRequired":true,"valueName":"search_term_string"}}],"inLanguage":"fr-FR"},{"@type":"Organization","@id":"https:\/\/saudi-gift.com\/#organization","name":"\u0645\u062a\u062c\u0631 \u0627\u0644\u0647\u062f\u064a\u0629","alternateName":"\u0647\u062f\u064a\u0629 \u0633\u0639\u0648\u062f\u064a\u0629","url":"https:\/\/saudi-gift.com\/","logo":{"@type":"ImageObject","inLanguage":"fr-FR","@id":"https:\/\/saudi-gift.com\/#\/schema\/logo\/image\/","url":"https:\/\/saudi-gift.com\/wp-content\/uploads\/2025\/05\/2.png","contentUrl":"https:\/\/saudi-gift.com\/wp-content\/uploads\/2025\/05\/2.png","width":163,"height":42,"caption":"\u0645\u062a\u062c\u0631 \u0627\u0644\u0647\u062f\u064a\u0629"},"image":{"@id":"https:\/\/saudi-gift.com\/#\/schema\/logo\/image\/"},"sameAs":["https:\/\/www.facebook.com\/profile.php?id=61560277649059&mibextid=LQQJ4d","https:\/\/x.com\/saudigift_"]}]}},"jetpack-related-posts":[],"_links":{"self":[{"href":"https:\/\/saudi-gift.com\/fr\/wp-json\/wp\/v2\/product\/38489","targetHints":{"allow":["GET"]}}],"collection":[{"href":"https:\/\/saudi-gift.com\/fr\/wp-json\/wp\/v2\/product"}],"about":[{"href":"https:\/\/saudi-gift.com\/fr\/wp-json\/wp\/v2\/types\/product"}],"replies":[{"embeddable":true,"href":"https:\/\/saudi-gift.com\/fr\/wp-json\/wp\/v2\/comments?post=38489"}],"version-history":[{"count":1,"href":"https:\/\/saudi-gift.com\/fr\/wp-json\/wp\/v2\/product\/38489\/revisions"}],"predecessor-version":[{"id":67422,"href":"https:\/\/saudi-gift.com\/fr\/wp-json\/wp\/v2\/product\/38489\/revisions\/67422"}],"wp:featuredmedia":[{"embeddable":true,"href":"https:\/\/saudi-gift.com\/fr\/wp-json\/wp\/v2\/media\/31113"}],"wp:attachment":[{"href":"https:\/\/saudi-gift.com\/fr\/wp-json\/wp\/v2\/media?parent=38489"}],"wp:term":[{"taxonomy":"product_brand","embeddable":true,"href":"https:\/\/saudi-gift.com\/fr\/wp-json\/wp\/v2\/product_brand?post=38489"},{"taxonomy":"product_cat","embeddable":true,"href":"https:\/\/saudi-gift.com\/fr\/wp-json\/wp\/v2\/product_cat?post=38489"},{"taxonomy":"product_tag","embeddable":true,"href":"https:\/\/saudi-gift.com\/fr\/wp-json\/wp\/v2\/product_tag?post=38489"}],"curies":[{"name":"wp","href":"https:\/\/api.w.org\/{rel}","templated":true}]}}