{"id":38511,"date":"2024-12-26T14:56:13","date_gmt":"2024-12-26T11:56:13","guid":{"rendered":"https:\/\/saudi-gift.com\/product\/dattes-a-sucre-farcies-au-lotus\/"},"modified":"2024-12-26T14:56:13","modified_gmt":"2024-12-26T11:56:13","slug":"dattes-a-sucre-farcies-au-lotus","status":"publish","type":"product","link":"https:\/\/saudi-gift.com\/fr\/produit\/dattes-a-sucre-farcies-au-lotus\/","title":{"rendered":"Dattes \u00e0 sucre farcies au lotus"},"content":{"rendered":"<p>Dattes \u00e0 sucre farcies au lotus<\/p>\n<p>&nbsp;<\/p>\n<p><strong>Une saveur merveilleuse et unique :<\/strong><\/p>\n<ul>\n<li class=\"ql-indent-1\">Les dattes de sucre ont une saveur merveilleuse et, lorsqu&rsquo;elles sont remplies d&rsquo;ar\u00f4me de lotus, elles deviennent irr\u00e9sistibles.  <\/li>\n<\/ul>\n<p><strong>Rempli de pr\u00e9cision et de qualit\u00e9 :<\/strong><\/p>\n<ul>\n<li class=\"ql-indent-1\">Chacune de ces dattes Lotus est soigneusement remplie de lotus, vous offrant une exp\u00e9rience d\u00e9licieuse et \u00e9quilibr\u00e9e \u00e0 chaque fois que vous les d\u00e9gustez. <\/li>\n<\/ul>\n<p><strong>Une exp\u00e9rience luxueuse et nourrissante :<\/strong><\/p>\n<ul>\n<li class=\"ql-indent-1\">Les dattes sont tr\u00e8s nutritives et lorsqu&rsquo;elles sont remplies de lotus, elles ajoutent une valeur nutritive et un luxe suppl\u00e9mentaires.  <\/li>\n<\/ul>\n<p><strong>Des moments de plaisir :<\/strong><\/p>\n<ul>\n<li class=\"ql-indent-1\">Laissez les dattes Lotus vous emmener dans un voyage d\u00e9licieux et appr\u00e9ciez chaque touche, ce qui en fait un choix parfait \u00e0 savourer \u00e0 tout moment de la journ\u00e9e. <\/li>\n<\/ul>\n<p><strong>Vivez une exp\u00e9rience unique et luxueuse avec les dattes fourr\u00e9es au lotus, et laissez leur go\u00fbt d\u00e9licieux captiver vos sens et vous procurer de v\u00e9ritables moments de plaisir ! <\/strong><\/p>\n","protected":false},"excerpt":{"rendered":"<p>Appr\u00e9ciez un soup\u00e7on de luxe et de saveur avec nos dattes farcies au lotus, o\u00f9 la douceur naturelle des dattes rencontre la saveur riche et cr\u00e9meuse du lotus. \u00c9quilibre parfait entre la douceur naturelle des dattes et la saveur unique du lotus, ces dattes offrent une exp\u00e9rience inoubliable \u00e0 chaque fois que vous les touchez.   <\/p>\n<p>&nbsp;<\/p>\n<p>&nbsp;<\/p>\n<p><span style=\"font-size: 17px;\"><strong>Enrob\u00e9 de pilule ?<\/strong><\/span><\/p>\n","protected":false},"featured_media":31452,"comment_status":"open","ping_status":"closed","template":"","meta":[],"product_brand":[],"product_cat":[3122],"product_tag":[1381,1382,611],"class_list":{"0":"post-38511","1":"product","2":"type-product","3":"status-publish","4":"has-post-thumbnail","6":"product_cat-3122","7":"product_tag-_","9":"product_tag-611","11":"first","12":"instock","13":"sale","14":"sold-individually","15":"shipping-taxable","16":"purchasable","17":"product-type-variable"},"yoast_head":"<!-- This site is optimized with the Yoast SEO Premium plugin v27.2 (Yoast SEO v27.6) - https:\/\/yoast.com\/product\/yoast-seo-premium-wordpress\/ -->\n<title>Dattes de sucre farcies au lotus - achetez en ligne aux prix les plus bas sur Saudi Gift Now<\/title>\n<meta name=\"description\" content=\"Profitez d&#039;un soup\u00e7on de luxe et d&#039;une saveur all\u00e9chante avec les dattes farcies au lotus, o\u00f9 le go\u00fbt exquis des dattes naturelles est associ\u00e9 \u00e0 la saveur riche et cr\u00e9meuse du lotus.\" \/>\n<meta name=\"robots\" content=\"index, follow, max-snippet:-1, max-image-preview:large, max-video-preview:-1\" \/>\n<link rel=\"canonical\" href=\"https:\/\/saudi-gift.com\/product\/\u062a\u0645\u0631-\u0633\u0643\u0631\u064a-\u0645\u062d\u0634\u064a-\u0628\u0627\u0644\u0644\u0648\u062a\u0633\/\" \/>\n<meta property=\"og:locale\" content=\"fr_FR\" \/>\n<meta property=\"og:type\" content=\"article\" \/>\n<meta property=\"og:title\" content=\"Dattes \u00e0 sucre farcies au lotus\" \/>\n<meta property=\"og:description\" content=\"Profitez d&#039;un soup\u00e7on de luxe et d&#039;une saveur all\u00e9chante avec les dattes farcies au lotus, o\u00f9 le go\u00fbt exquis des dattes naturelles est associ\u00e9 \u00e0 la saveur riche et cr\u00e9meuse du lotus.\" \/>\n<meta property=\"og:url\" content=\"https:\/\/saudi-gift.com\/product\/\u062a\u0645\u0631-\u0633\u0643\u0631\u064a-\u0645\u062d\u0634\u064a-\u0628\u0627\u0644\u0644\u0648\u062a\u0633\/\" \/>\n<meta property=\"og:site_name\" content=\"\u0647\u062f\u064a\u0629 \u0633\u0639\u0648\u062f\u064a\u0629\" \/>\n<meta property=\"article:publisher\" content=\"https:\/\/www.facebook.com\/profile.php?id=61560277649059&amp;mibextid=LQQJ4d\" \/>\n<meta property=\"og:image\" content=\"https:\/\/saudi-gift.com\/wp-content\/uploads\/2024\/12\/083540e1-ca48-40c0-81c2-0d9565167a6d-1000x737-YAqZk90knYEIE8kYNNYFaWWDaCd6ZpWVRzVikbek-1.webp\" \/>\n\t<meta property=\"og:image:width\" content=\"600\" \/>\n\t<meta property=\"og:image:height\" content=\"600\" \/>\n\t<meta property=\"og:image:type\" content=\"image\/webp\" \/>\n<meta name=\"twitter:card\" content=\"summary_large_image\" \/>\n<meta name=\"twitter:site\" content=\"@saudigift_\" \/>\n<meta name=\"twitter:label1\" content=\"Dur\u00e9e de lecture estim\u00e9e\" \/>\n\t<meta name=\"twitter:data1\" content=\"1 minute\" \/>\n<script type=\"application\/ld+json\" class=\"yoast-schema-graph\">{\"@context\":\"https:\\\/\\\/schema.org\",\"@graph\":[{\"@type\":\"WebPage\",\"@id\":\"https:\\\/\\\/saudi-gift.com\\\/product\\\/%d8%aa%d9%85%d8%b1-%d8%b3%d9%83%d8%b1%d9%8a-%d9%85%d8%ad%d8%b4%d9%8a-%d8%a8%d8%a7%d9%84%d9%84%d9%88%d8%aa%d8%b3\\\/\",\"url\":\"https:\\\/\\\/saudi-gift.com\\\/product\\\/%d8%aa%d9%85%d8%b1-%d8%b3%d9%83%d8%b1%d9%8a-%d9%85%d8%ad%d8%b4%d9%8a-%d8%a8%d8%a7%d9%84%d9%84%d9%88%d8%aa%d8%b3\\\/\",\"name\":\"Dattes de sucre farcies au lotus - achetez en ligne aux prix les plus bas sur Saudi Gift Now\",\"isPartOf\":{\"@id\":\"https:\\\/\\\/saudi-gift.com\\\/#website\"},\"primaryImageOfPage\":{\"@id\":\"https:\\\/\\\/saudi-gift.com\\\/product\\\/%d8%aa%d9%85%d8%b1-%d8%b3%d9%83%d8%b1%d9%8a-%d9%85%d8%ad%d8%b4%d9%8a-%d8%a8%d8%a7%d9%84%d9%84%d9%88%d8%aa%d8%b3\\\/#primaryimage\"},\"image\":{\"@id\":\"https:\\\/\\\/saudi-gift.com\\\/product\\\/%d8%aa%d9%85%d8%b1-%d8%b3%d9%83%d8%b1%d9%8a-%d9%85%d8%ad%d8%b4%d9%8a-%d8%a8%d8%a7%d9%84%d9%84%d9%88%d8%aa%d8%b3\\\/#primaryimage\"},\"thumbnailUrl\":\"https:\\\/\\\/saudi-gift.com\\\/wp-content\\\/uploads\\\/2024\\\/12\\\/083540e1-ca48-40c0-81c2-0d9565167a6d-1000x737-YAqZk90knYEIE8kYNNYFaWWDaCd6ZpWVRzVikbek-1.webp\",\"datePublished\":\"2024-12-26T11:56:13+00:00\",\"description\":\"Profitez d'un soup\u00e7on de luxe et d'une saveur all\u00e9chante avec les dattes farcies au lotus, o\u00f9 le go\u00fbt exquis des dattes naturelles est associ\u00e9 \u00e0 la saveur riche et cr\u00e9meuse du lotus.\",\"breadcrumb\":{\"@id\":\"https:\\\/\\\/saudi-gift.com\\\/product\\\/%d8%aa%d9%85%d8%b1-%d8%b3%d9%83%d8%b1%d9%8a-%d9%85%d8%ad%d8%b4%d9%8a-%d8%a8%d8%a7%d9%84%d9%84%d9%88%d8%aa%d8%b3\\\/#breadcrumb\"},\"inLanguage\":\"fr-FR\",\"potentialAction\":[{\"@type\":\"ReadAction\",\"target\":[\"https:\\\/\\\/saudi-gift.com\\\/product\\\/%d8%aa%d9%85%d8%b1-%d8%b3%d9%83%d8%b1%d9%8a-%d9%85%d8%ad%d8%b4%d9%8a-%d8%a8%d8%a7%d9%84%d9%84%d9%88%d8%aa%d8%b3\\\/\"]}]},{\"@type\":\"ImageObject\",\"inLanguage\":\"fr-FR\",\"@id\":\"https:\\\/\\\/saudi-gift.com\\\/product\\\/%d8%aa%d9%85%d8%b1-%d8%b3%d9%83%d8%b1%d9%8a-%d9%85%d8%ad%d8%b4%d9%8a-%d8%a8%d8%a7%d9%84%d9%84%d9%88%d8%aa%d8%b3\\\/#primaryimage\",\"url\":\"https:\\\/\\\/saudi-gift.com\\\/wp-content\\\/uploads\\\/2024\\\/12\\\/083540e1-ca48-40c0-81c2-0d9565167a6d-1000x737-YAqZk90knYEIE8kYNNYFaWWDaCd6ZpWVRzVikbek-1.webp\",\"contentUrl\":\"https:\\\/\\\/saudi-gift.com\\\/wp-content\\\/uploads\\\/2024\\\/12\\\/083540e1-ca48-40c0-81c2-0d9565167a6d-1000x737-YAqZk90knYEIE8kYNNYFaWWDaCd6ZpWVRzVikbek-1.webp\",\"width\":600,\"height\":600},{\"@type\":\"BreadcrumbList\",\"@id\":\"https:\\\/\\\/saudi-gift.com\\\/product\\\/%d8%aa%d9%85%d8%b1-%d8%b3%d9%83%d8%b1%d9%8a-%d9%85%d8%ad%d8%b4%d9%8a-%d8%a8%d8%a7%d9%84%d9%84%d9%88%d8%aa%d8%b3\\\/#breadcrumb\",\"itemListElement\":[{\"@type\":\"ListItem\",\"position\":1,\"name\":\"Home\",\"item\":\"https:\\\/\\\/saudi-gift.com\\\/fr\\\/\"},{\"@type\":\"ListItem\",\"position\":2,\"name\":\"Acheter\",\"item\":\"https:\\\/\\\/saudi-gift.com\\\/fr\\\/acheter\\\/\"},{\"@type\":\"ListItem\",\"position\":3,\"name\":\"Dattes \u00e0 sucre farcies au lotus\"}]},{\"@type\":\"WebSite\",\"@id\":\"https:\\\/\\\/saudi-gift.com\\\/#website\",\"url\":\"https:\\\/\\\/saudi-gift.com\\\/\",\"name\":\"\u0647\u062f\u064a\u0629 \u0633\u0639\u0648\u062f\u064a\u0629\",\"description\":\"\u0647\u062f\u064a\u0629 \u0633\u0639\u0648\u062f\u064a\u0629 \u0645\u062a\u062c\u0631 \u0627\u0644\u0643\u062a\u0631\u0648\u0646\u064a \u064a\u0642\u062f\u0645 \u0644\u0643\u0645 \u0645\u062c\u0645\u0648\u0639\u0629 \u0645\u0646 \u0627\u0644\u0647\u062f\u0627\u064a\u0627 \u0627\u0644\u062a\u064a \u062a\u062c\u0633\u062f \u0639\u0628\u0642 \u0630\u0643\u0631\u064a\u0627\u062a\u0643\u0645 \u0641\u064a \u0627\u0644\u0645\u0634\u0627\u0639\u0631 \u0627\u0644\u0645\u0642\u062f\u0633\u0629\",\"publisher\":{\"@id\":\"https:\\\/\\\/saudi-gift.com\\\/#organization\"},\"alternateName\":\"\u0647\u062f\u064a\u0629 \u0633\u0639\u0648\u062f\u064a\u0629\",\"potentialAction\":[{\"@type\":\"SearchAction\",\"target\":{\"@type\":\"EntryPoint\",\"urlTemplate\":\"https:\\\/\\\/saudi-gift.com\\\/?s={search_term_string}\"},\"query-input\":{\"@type\":\"PropertyValueSpecification\",\"valueRequired\":true,\"valueName\":\"search_term_string\"}}],\"inLanguage\":\"fr-FR\"},{\"@type\":\"Organization\",\"@id\":\"https:\\\/\\\/saudi-gift.com\\\/#organization\",\"name\":\"\u0645\u062a\u062c\u0631 \u0627\u0644\u0647\u062f\u064a\u0629\",\"alternateName\":\"\u0647\u062f\u064a\u0629 \u0633\u0639\u0648\u062f\u064a\u0629\",\"url\":\"https:\\\/\\\/saudi-gift.com\\\/\",\"logo\":{\"@type\":\"ImageObject\",\"inLanguage\":\"fr-FR\",\"@id\":\"https:\\\/\\\/saudi-gift.com\\\/#\\\/schema\\\/logo\\\/image\\\/\",\"url\":\"https:\\\/\\\/saudi-gift.com\\\/wp-content\\\/uploads\\\/2025\\\/05\\\/2.png\",\"contentUrl\":\"https:\\\/\\\/saudi-gift.com\\\/wp-content\\\/uploads\\\/2025\\\/05\\\/2.png\",\"width\":163,\"height\":42,\"caption\":\"\u0645\u062a\u062c\u0631 \u0627\u0644\u0647\u062f\u064a\u0629\"},\"image\":{\"@id\":\"https:\\\/\\\/saudi-gift.com\\\/#\\\/schema\\\/logo\\\/image\\\/\"},\"sameAs\":[\"https:\\\/\\\/www.facebook.com\\\/profile.php?id=61560277649059&mibextid=LQQJ4d\",\"https:\\\/\\\/x.com\\\/saudigift_\"]}]}<\/script>\n<!-- \/ Yoast SEO Premium plugin. -->","yoast_head_json":{"title":"Dattes de sucre farcies au lotus - achetez en ligne aux prix les plus bas sur Saudi Gift Now","description":"Profitez d'un soup\u00e7on de luxe et d'une saveur all\u00e9chante avec les dattes farcies au lotus, o\u00f9 le go\u00fbt exquis des dattes naturelles est associ\u00e9 \u00e0 la saveur riche et cr\u00e9meuse du lotus.","robots":{"index":"index","follow":"follow","max-snippet":"max-snippet:-1","max-image-preview":"max-image-preview:large","max-video-preview":"max-video-preview:-1"},"canonical":"https:\/\/saudi-gift.com\/product\/\u062a\u0645\u0631-\u0633\u0643\u0631\u064a-\u0645\u062d\u0634\u064a-\u0628\u0627\u0644\u0644\u0648\u062a\u0633\/","og_locale":"fr_FR","og_type":"article","og_title":"Dattes \u00e0 sucre farcies au lotus","og_description":"Profitez d'un soup\u00e7on de luxe et d'une saveur all\u00e9chante avec les dattes farcies au lotus, o\u00f9 le go\u00fbt exquis des dattes naturelles est associ\u00e9 \u00e0 la saveur riche et cr\u00e9meuse du lotus.","og_url":"https:\/\/saudi-gift.com\/product\/\u062a\u0645\u0631-\u0633\u0643\u0631\u064a-\u0645\u062d\u0634\u064a-\u0628\u0627\u0644\u0644\u0648\u062a\u0633\/","og_site_name":"\u0647\u062f\u064a\u0629 \u0633\u0639\u0648\u062f\u064a\u0629","article_publisher":"https:\/\/www.facebook.com\/profile.php?id=61560277649059&mibextid=LQQJ4d","og_image":[{"width":600,"height":600,"url":"https:\/\/saudi-gift.com\/wp-content\/uploads\/2024\/12\/083540e1-ca48-40c0-81c2-0d9565167a6d-1000x737-YAqZk90knYEIE8kYNNYFaWWDaCd6ZpWVRzVikbek-1.webp","type":"image\/webp"}],"twitter_card":"summary_large_image","twitter_site":"@saudigift_","twitter_misc":{"Dur\u00e9e de lecture estim\u00e9e":"1 minute"},"schema":{"@context":"https:\/\/schema.org","@graph":[{"@type":"WebPage","@id":"https:\/\/saudi-gift.com\/product\/%d8%aa%d9%85%d8%b1-%d8%b3%d9%83%d8%b1%d9%8a-%d9%85%d8%ad%d8%b4%d9%8a-%d8%a8%d8%a7%d9%84%d9%84%d9%88%d8%aa%d8%b3\/","url":"https:\/\/saudi-gift.com\/product\/%d8%aa%d9%85%d8%b1-%d8%b3%d9%83%d8%b1%d9%8a-%d9%85%d8%ad%d8%b4%d9%8a-%d8%a8%d8%a7%d9%84%d9%84%d9%88%d8%aa%d8%b3\/","name":"Dattes de sucre farcies au lotus - achetez en ligne aux prix les plus bas sur Saudi Gift Now","isPartOf":{"@id":"https:\/\/saudi-gift.com\/#website"},"primaryImageOfPage":{"@id":"https:\/\/saudi-gift.com\/product\/%d8%aa%d9%85%d8%b1-%d8%b3%d9%83%d8%b1%d9%8a-%d9%85%d8%ad%d8%b4%d9%8a-%d8%a8%d8%a7%d9%84%d9%84%d9%88%d8%aa%d8%b3\/#primaryimage"},"image":{"@id":"https:\/\/saudi-gift.com\/product\/%d8%aa%d9%85%d8%b1-%d8%b3%d9%83%d8%b1%d9%8a-%d9%85%d8%ad%d8%b4%d9%8a-%d8%a8%d8%a7%d9%84%d9%84%d9%88%d8%aa%d8%b3\/#primaryimage"},"thumbnailUrl":"https:\/\/saudi-gift.com\/wp-content\/uploads\/2024\/12\/083540e1-ca48-40c0-81c2-0d9565167a6d-1000x737-YAqZk90knYEIE8kYNNYFaWWDaCd6ZpWVRzVikbek-1.webp","datePublished":"2024-12-26T11:56:13+00:00","description":"Profitez d'un soup\u00e7on de luxe et d'une saveur all\u00e9chante avec les dattes farcies au lotus, o\u00f9 le go\u00fbt exquis des dattes naturelles est associ\u00e9 \u00e0 la saveur riche et cr\u00e9meuse du lotus.","breadcrumb":{"@id":"https:\/\/saudi-gift.com\/product\/%d8%aa%d9%85%d8%b1-%d8%b3%d9%83%d8%b1%d9%8a-%d9%85%d8%ad%d8%b4%d9%8a-%d8%a8%d8%a7%d9%84%d9%84%d9%88%d8%aa%d8%b3\/#breadcrumb"},"inLanguage":"fr-FR","potentialAction":[{"@type":"ReadAction","target":["https:\/\/saudi-gift.com\/product\/%d8%aa%d9%85%d8%b1-%d8%b3%d9%83%d8%b1%d9%8a-%d9%85%d8%ad%d8%b4%d9%8a-%d8%a8%d8%a7%d9%84%d9%84%d9%88%d8%aa%d8%b3\/"]}]},{"@type":"ImageObject","inLanguage":"fr-FR","@id":"https:\/\/saudi-gift.com\/product\/%d8%aa%d9%85%d8%b1-%d8%b3%d9%83%d8%b1%d9%8a-%d9%85%d8%ad%d8%b4%d9%8a-%d8%a8%d8%a7%d9%84%d9%84%d9%88%d8%aa%d8%b3\/#primaryimage","url":"https:\/\/saudi-gift.com\/wp-content\/uploads\/2024\/12\/083540e1-ca48-40c0-81c2-0d9565167a6d-1000x737-YAqZk90knYEIE8kYNNYFaWWDaCd6ZpWVRzVikbek-1.webp","contentUrl":"https:\/\/saudi-gift.com\/wp-content\/uploads\/2024\/12\/083540e1-ca48-40c0-81c2-0d9565167a6d-1000x737-YAqZk90knYEIE8kYNNYFaWWDaCd6ZpWVRzVikbek-1.webp","width":600,"height":600},{"@type":"BreadcrumbList","@id":"https:\/\/saudi-gift.com\/product\/%d8%aa%d9%85%d8%b1-%d8%b3%d9%83%d8%b1%d9%8a-%d9%85%d8%ad%d8%b4%d9%8a-%d8%a8%d8%a7%d9%84%d9%84%d9%88%d8%aa%d8%b3\/#breadcrumb","itemListElement":[{"@type":"ListItem","position":1,"name":"Home","item":"https:\/\/saudi-gift.com\/fr\/"},{"@type":"ListItem","position":2,"name":"Acheter","item":"https:\/\/saudi-gift.com\/fr\/acheter\/"},{"@type":"ListItem","position":3,"name":"Dattes \u00e0 sucre farcies au lotus"}]},{"@type":"WebSite","@id":"https:\/\/saudi-gift.com\/#website","url":"https:\/\/saudi-gift.com\/","name":"\u0647\u062f\u064a\u0629 \u0633\u0639\u0648\u062f\u064a\u0629","description":"\u0647\u062f\u064a\u0629 \u0633\u0639\u0648\u062f\u064a\u0629 \u0645\u062a\u062c\u0631 \u0627\u0644\u0643\u062a\u0631\u0648\u0646\u064a \u064a\u0642\u062f\u0645 \u0644\u0643\u0645 \u0645\u062c\u0645\u0648\u0639\u0629 \u0645\u0646 \u0627\u0644\u0647\u062f\u0627\u064a\u0627 \u0627\u0644\u062a\u064a \u062a\u062c\u0633\u062f \u0639\u0628\u0642 \u0630\u0643\u0631\u064a\u0627\u062a\u0643\u0645 \u0641\u064a \u0627\u0644\u0645\u0634\u0627\u0639\u0631 \u0627\u0644\u0645\u0642\u062f\u0633\u0629","publisher":{"@id":"https:\/\/saudi-gift.com\/#organization"},"alternateName":"\u0647\u062f\u064a\u0629 \u0633\u0639\u0648\u062f\u064a\u0629","potentialAction":[{"@type":"SearchAction","target":{"@type":"EntryPoint","urlTemplate":"https:\/\/saudi-gift.com\/?s={search_term_string}"},"query-input":{"@type":"PropertyValueSpecification","valueRequired":true,"valueName":"search_term_string"}}],"inLanguage":"fr-FR"},{"@type":"Organization","@id":"https:\/\/saudi-gift.com\/#organization","name":"\u0645\u062a\u062c\u0631 \u0627\u0644\u0647\u062f\u064a\u0629","alternateName":"\u0647\u062f\u064a\u0629 \u0633\u0639\u0648\u062f\u064a\u0629","url":"https:\/\/saudi-gift.com\/","logo":{"@type":"ImageObject","inLanguage":"fr-FR","@id":"https:\/\/saudi-gift.com\/#\/schema\/logo\/image\/","url":"https:\/\/saudi-gift.com\/wp-content\/uploads\/2025\/05\/2.png","contentUrl":"https:\/\/saudi-gift.com\/wp-content\/uploads\/2025\/05\/2.png","width":163,"height":42,"caption":"\u0645\u062a\u062c\u0631 \u0627\u0644\u0647\u062f\u064a\u0629"},"image":{"@id":"https:\/\/saudi-gift.com\/#\/schema\/logo\/image\/"},"sameAs":["https:\/\/www.facebook.com\/profile.php?id=61560277649059&mibextid=LQQJ4d","https:\/\/x.com\/saudigift_"]}]}},"jetpack-related-posts":[],"_links":{"self":[{"href":"https:\/\/saudi-gift.com\/fr\/wp-json\/wp\/v2\/product\/38511","targetHints":{"allow":["GET"]}}],"collection":[{"href":"https:\/\/saudi-gift.com\/fr\/wp-json\/wp\/v2\/product"}],"about":[{"href":"https:\/\/saudi-gift.com\/fr\/wp-json\/wp\/v2\/types\/product"}],"replies":[{"embeddable":true,"href":"https:\/\/saudi-gift.com\/fr\/wp-json\/wp\/v2\/comments?post=38511"}],"version-history":[{"count":0,"href":"https:\/\/saudi-gift.com\/fr\/wp-json\/wp\/v2\/product\/38511\/revisions"}],"wp:featuredmedia":[{"embeddable":true,"href":"https:\/\/saudi-gift.com\/fr\/wp-json\/wp\/v2\/media\/31452"}],"wp:attachment":[{"href":"https:\/\/saudi-gift.com\/fr\/wp-json\/wp\/v2\/media?parent=38511"}],"wp:term":[{"taxonomy":"product_brand","embeddable":true,"href":"https:\/\/saudi-gift.com\/fr\/wp-json\/wp\/v2\/product_brand?post=38511"},{"taxonomy":"product_cat","embeddable":true,"href":"https:\/\/saudi-gift.com\/fr\/wp-json\/wp\/v2\/product_cat?post=38511"},{"taxonomy":"product_tag","embeddable":true,"href":"https:\/\/saudi-gift.com\/fr\/wp-json\/wp\/v2\/product_tag?post=38511"}],"curies":[{"name":"wp","href":"https:\/\/api.w.org\/{rel}","templated":true}]}}