{"id":38546,"date":"2024-12-26T14:43:07","date_gmt":"2024-12-26T11:43:07","guid":{"rendered":"https:\/\/saudi-gift.com\/product\/dattes-au-sucre-rape-fantaisie\/"},"modified":"2024-12-26T14:43:07","modified_gmt":"2024-12-26T11:43:07","slug":"dattes-au-sucre-rape-fantaisie","status":"publish","type":"product","link":"https:\/\/saudi-gift.com\/fr\/produit\/dattes-au-sucre-rape-fantaisie\/","title":{"rendered":"Dattes au sucre r\u00e2p\u00e9 fantaisie"},"content":{"rendered":"<p class=\"ql-direction-rtl\"><strong>Dattes au sucre fantaisie  <\/strong><\/p>\n<p>&nbsp;<\/p>\n<p class=\"ql-direction-rtl\"><strong>Comment conserver plus longtemps vos dattes diab\u00e9tiques ?<\/strong><\/p>\n<p class=\"ql-direction-rtl\">Pour prolonger la dur\u00e9e de vie de vos dattes, \u00e9vitez de les laver \u00e0 l&rsquo;eau, sauf avant de les utiliser. Les dattes se conservent pendant des semaines, mais si vous voulez les garder pendant des mois, couvrez-les et congelez-les.    <\/p>\n<p class=\"ql-direction-rtl\"><strong>Pourquoi acheter des dattes au sucre de palme Asalah ?<\/strong><\/p>\n<p class=\"ql-direction-rtl\">&#8211; Toutes les dattes d&rsquo;Asalah Palm Farms sont de la plus haute qualit\u00e9.<\/p>\n<p class=\"ql-direction-rtl\">&#8211; Toutes les dattes de l&rsquo;Asala Al Nakheel sont 100% naturelles.<\/p>\n<p class=\"ql-direction-rtl\">&#8211; Toutes nos dattes sont nettoy\u00e9es, tri\u00e9es et emball\u00e9es dans des bo\u00eetes herm\u00e9tiques.<\/p>\n<p class=\"ql-direction-rtl\">&#8211; Toutes nos dates sont tri\u00e9es sur le volet et s\u00e9lectionn\u00e9es avec soin.<\/p>\n","protected":false},"excerpt":{"rendered":"<p class=\"ql-direction-rtl\">Les <strong>dattes Sukari r\u00e2p\u00e9es<\/strong> ont des noyaux de taille moyenne \u00e0 grande et sont l&rsquo;un des types de dattes Sukari les plus populaires. Les dattes r\u00e2p\u00e9es sont celles dont la peau a \u00e9t\u00e9 r\u00e2p\u00e9e et coll\u00e9e \u00e0 la datte, et dont la texture se situe entre le mou et le sec.   <\/p>\n<p>&nbsp;<\/p>\n<p>&nbsp;<\/p>\n<p><strong><span style=\"font-size: 17px;\">Enrob\u00e9 de pilule ?<\/span><\/strong><\/p>\n","protected":false},"featured_media":31414,"comment_status":"open","ping_status":"closed","template":"","meta":[],"product_brand":[],"product_cat":[3122],"product_tag":[1381,693,611],"class_list":{"0":"post-38546","1":"product","2":"type-product","3":"status-publish","4":"has-post-thumbnail","6":"product_cat-3122","7":"product_tag-_","8":"product_tag-693","9":"product_tag-611","11":"first","12":"instock","13":"sold-individually","14":"shipping-taxable","15":"purchasable","16":"product-type-variable"},"yoast_head":"<!-- This site is optimized with the Yoast SEO Premium plugin v27.2 (Yoast SEO v27.6) - https:\/\/yoast.com\/product\/yoast-seo-premium-wordpress\/ -->\n<title>Dattes de luxe au sucre r\u00e2p\u00e9 - Achetez en ligne parmi des dizaines de magasins sur Saudi Gift Now<\/title>\n<meta name=\"description\" content=\"Les dattes Sukari r\u00e2p\u00e9es ont des noyaux de taille moyenne \u00e0 grande et sont l&#039;un des types de dattes Sukari les plus populaires. Les dattes r\u00e2p\u00e9es sont celles dont la peau a \u00e9t\u00e9 r\u00e2p\u00e9e et coll\u00e9e \u00e0 la datte, et dont la texture se situe entre le mou et le sec.\" \/>\n<meta name=\"robots\" content=\"index, follow, max-snippet:-1, max-image-preview:large, max-video-preview:-1\" \/>\n<link rel=\"canonical\" href=\"https:\/\/saudi-gift.com\/product\/\u062a\u0645\u0631-\u0633\u0643\u0631\u064a-\u0645\u0641\u062a\u0644-\u0641\u0627\u062e\u0631\/\" \/>\n<meta property=\"og:locale\" content=\"fr_FR\" \/>\n<meta property=\"og:type\" content=\"article\" \/>\n<meta property=\"og:title\" content=\"Dattes au sucre r\u00e2p\u00e9 fantaisie\" \/>\n<meta property=\"og:description\" content=\"Les dattes Sukari r\u00e2p\u00e9es ont des noyaux de taille moyenne \u00e0 grande et sont l&#039;un des types de dattes Sukari les plus populaires. Les dattes r\u00e2p\u00e9es sont celles dont la peau a \u00e9t\u00e9 r\u00e2p\u00e9e et coll\u00e9e \u00e0 la datte, et dont la texture se situe entre le mou et le sec.\" \/>\n<meta property=\"og:url\" content=\"https:\/\/saudi-gift.com\/product\/\u062a\u0645\u0631-\u0633\u0643\u0631\u064a-\u0645\u0641\u062a\u0644-\u0641\u0627\u062e\u0631\/\" \/>\n<meta property=\"og:site_name\" content=\"\u0647\u062f\u064a\u0629 \u0633\u0639\u0648\u062f\u064a\u0629\" \/>\n<meta property=\"article:publisher\" content=\"https:\/\/www.facebook.com\/profile.php?id=61560277649059&amp;mibextid=LQQJ4d\" \/>\n<meta property=\"og:image\" content=\"https:\/\/saudi-gift.com\/wp-content\/uploads\/2024\/12\/061250e4-ef10-4b8c-87e3-77ac3b047e63-1000x1000-yxp8DfXuhn4K6mx6s2BVGCnKsi2PuhnHu11SywcN-1.webp\" \/>\n\t<meta property=\"og:image:width\" content=\"600\" \/>\n\t<meta property=\"og:image:height\" content=\"600\" \/>\n\t<meta property=\"og:image:type\" content=\"image\/webp\" \/>\n<meta name=\"twitter:card\" content=\"summary_large_image\" \/>\n<meta name=\"twitter:site\" content=\"@saudigift_\" \/>\n<meta name=\"twitter:label1\" content=\"Dur\u00e9e de lecture estim\u00e9e\" \/>\n\t<meta name=\"twitter:data1\" content=\"1 minute\" \/>\n<script type=\"application\/ld+json\" class=\"yoast-schema-graph\">{\"@context\":\"https:\\\/\\\/schema.org\",\"@graph\":[{\"@type\":\"WebPage\",\"@id\":\"https:\\\/\\\/saudi-gift.com\\\/product\\\/%d8%aa%d9%85%d8%b1-%d8%b3%d9%83%d8%b1%d9%8a-%d9%85%d9%81%d8%aa%d9%84-%d9%81%d8%a7%d8%ae%d8%b1\\\/\",\"url\":\"https:\\\/\\\/saudi-gift.com\\\/product\\\/%d8%aa%d9%85%d8%b1-%d8%b3%d9%83%d8%b1%d9%8a-%d9%85%d9%81%d8%aa%d9%84-%d9%81%d8%a7%d8%ae%d8%b1\\\/\",\"name\":\"Dattes de luxe au sucre r\u00e2p\u00e9 - Achetez en ligne parmi des dizaines de magasins sur Saudi Gift Now\",\"isPartOf\":{\"@id\":\"https:\\\/\\\/saudi-gift.com\\\/#website\"},\"primaryImageOfPage\":{\"@id\":\"https:\\\/\\\/saudi-gift.com\\\/product\\\/%d8%aa%d9%85%d8%b1-%d8%b3%d9%83%d8%b1%d9%8a-%d9%85%d9%81%d8%aa%d9%84-%d9%81%d8%a7%d8%ae%d8%b1\\\/#primaryimage\"},\"image\":{\"@id\":\"https:\\\/\\\/saudi-gift.com\\\/product\\\/%d8%aa%d9%85%d8%b1-%d8%b3%d9%83%d8%b1%d9%8a-%d9%85%d9%81%d8%aa%d9%84-%d9%81%d8%a7%d8%ae%d8%b1\\\/#primaryimage\"},\"thumbnailUrl\":\"https:\\\/\\\/saudi-gift.com\\\/wp-content\\\/uploads\\\/2024\\\/12\\\/061250e4-ef10-4b8c-87e3-77ac3b047e63-1000x1000-yxp8DfXuhn4K6mx6s2BVGCnKsi2PuhnHu11SywcN-1.webp\",\"datePublished\":\"2024-12-26T11:43:07+00:00\",\"description\":\"Les dattes Sukari r\u00e2p\u00e9es ont des noyaux de taille moyenne \u00e0 grande et sont l'un des types de dattes Sukari les plus populaires. Les dattes r\u00e2p\u00e9es sont celles dont la peau a \u00e9t\u00e9 r\u00e2p\u00e9e et coll\u00e9e \u00e0 la datte, et dont la texture se situe entre le mou et le sec.\",\"breadcrumb\":{\"@id\":\"https:\\\/\\\/saudi-gift.com\\\/product\\\/%d8%aa%d9%85%d8%b1-%d8%b3%d9%83%d8%b1%d9%8a-%d9%85%d9%81%d8%aa%d9%84-%d9%81%d8%a7%d8%ae%d8%b1\\\/#breadcrumb\"},\"inLanguage\":\"fr-FR\",\"potentialAction\":[{\"@type\":\"ReadAction\",\"target\":[\"https:\\\/\\\/saudi-gift.com\\\/product\\\/%d8%aa%d9%85%d8%b1-%d8%b3%d9%83%d8%b1%d9%8a-%d9%85%d9%81%d8%aa%d9%84-%d9%81%d8%a7%d8%ae%d8%b1\\\/\"]}]},{\"@type\":\"ImageObject\",\"inLanguage\":\"fr-FR\",\"@id\":\"https:\\\/\\\/saudi-gift.com\\\/product\\\/%d8%aa%d9%85%d8%b1-%d8%b3%d9%83%d8%b1%d9%8a-%d9%85%d9%81%d8%aa%d9%84-%d9%81%d8%a7%d8%ae%d8%b1\\\/#primaryimage\",\"url\":\"https:\\\/\\\/saudi-gift.com\\\/wp-content\\\/uploads\\\/2024\\\/12\\\/061250e4-ef10-4b8c-87e3-77ac3b047e63-1000x1000-yxp8DfXuhn4K6mx6s2BVGCnKsi2PuhnHu11SywcN-1.webp\",\"contentUrl\":\"https:\\\/\\\/saudi-gift.com\\\/wp-content\\\/uploads\\\/2024\\\/12\\\/061250e4-ef10-4b8c-87e3-77ac3b047e63-1000x1000-yxp8DfXuhn4K6mx6s2BVGCnKsi2PuhnHu11SywcN-1.webp\",\"width\":600,\"height\":600},{\"@type\":\"BreadcrumbList\",\"@id\":\"https:\\\/\\\/saudi-gift.com\\\/product\\\/%d8%aa%d9%85%d8%b1-%d8%b3%d9%83%d8%b1%d9%8a-%d9%85%d9%81%d8%aa%d9%84-%d9%81%d8%a7%d8%ae%d8%b1\\\/#breadcrumb\",\"itemListElement\":[{\"@type\":\"ListItem\",\"position\":1,\"name\":\"Home\",\"item\":\"https:\\\/\\\/saudi-gift.com\\\/fr\\\/\"},{\"@type\":\"ListItem\",\"position\":2,\"name\":\"Acheter\",\"item\":\"https:\\\/\\\/saudi-gift.com\\\/fr\\\/acheter\\\/\"},{\"@type\":\"ListItem\",\"position\":3,\"name\":\"Dattes au sucre r\u00e2p\u00e9 fantaisie\"}]},{\"@type\":\"WebSite\",\"@id\":\"https:\\\/\\\/saudi-gift.com\\\/#website\",\"url\":\"https:\\\/\\\/saudi-gift.com\\\/\",\"name\":\"\u0647\u062f\u064a\u0629 \u0633\u0639\u0648\u062f\u064a\u0629\",\"description\":\"\u0647\u062f\u064a\u0629 \u0633\u0639\u0648\u062f\u064a\u0629 \u0645\u062a\u062c\u0631 \u0627\u0644\u0643\u062a\u0631\u0648\u0646\u064a \u064a\u0642\u062f\u0645 \u0644\u0643\u0645 \u0645\u062c\u0645\u0648\u0639\u0629 \u0645\u0646 \u0627\u0644\u0647\u062f\u0627\u064a\u0627 \u0627\u0644\u062a\u064a \u062a\u062c\u0633\u062f \u0639\u0628\u0642 \u0630\u0643\u0631\u064a\u0627\u062a\u0643\u0645 \u0641\u064a \u0627\u0644\u0645\u0634\u0627\u0639\u0631 \u0627\u0644\u0645\u0642\u062f\u0633\u0629\",\"publisher\":{\"@id\":\"https:\\\/\\\/saudi-gift.com\\\/#organization\"},\"alternateName\":\"\u0647\u062f\u064a\u0629 \u0633\u0639\u0648\u062f\u064a\u0629\",\"potentialAction\":[{\"@type\":\"SearchAction\",\"target\":{\"@type\":\"EntryPoint\",\"urlTemplate\":\"https:\\\/\\\/saudi-gift.com\\\/?s={search_term_string}\"},\"query-input\":{\"@type\":\"PropertyValueSpecification\",\"valueRequired\":true,\"valueName\":\"search_term_string\"}}],\"inLanguage\":\"fr-FR\"},{\"@type\":\"Organization\",\"@id\":\"https:\\\/\\\/saudi-gift.com\\\/#organization\",\"name\":\"\u0645\u062a\u062c\u0631 \u0627\u0644\u0647\u062f\u064a\u0629\",\"alternateName\":\"\u0647\u062f\u064a\u0629 \u0633\u0639\u0648\u062f\u064a\u0629\",\"url\":\"https:\\\/\\\/saudi-gift.com\\\/\",\"logo\":{\"@type\":\"ImageObject\",\"inLanguage\":\"fr-FR\",\"@id\":\"https:\\\/\\\/saudi-gift.com\\\/#\\\/schema\\\/logo\\\/image\\\/\",\"url\":\"https:\\\/\\\/saudi-gift.com\\\/wp-content\\\/uploads\\\/2025\\\/05\\\/2.png\",\"contentUrl\":\"https:\\\/\\\/saudi-gift.com\\\/wp-content\\\/uploads\\\/2025\\\/05\\\/2.png\",\"width\":163,\"height\":42,\"caption\":\"\u0645\u062a\u062c\u0631 \u0627\u0644\u0647\u062f\u064a\u0629\"},\"image\":{\"@id\":\"https:\\\/\\\/saudi-gift.com\\\/#\\\/schema\\\/logo\\\/image\\\/\"},\"sameAs\":[\"https:\\\/\\\/www.facebook.com\\\/profile.php?id=61560277649059&mibextid=LQQJ4d\",\"https:\\\/\\\/x.com\\\/saudigift_\"]}]}<\/script>\n<!-- \/ Yoast SEO Premium plugin. -->","yoast_head_json":{"title":"Dattes de luxe au sucre r\u00e2p\u00e9 - Achetez en ligne parmi des dizaines de magasins sur Saudi Gift Now","description":"Les dattes Sukari r\u00e2p\u00e9es ont des noyaux de taille moyenne \u00e0 grande et sont l'un des types de dattes Sukari les plus populaires. Les dattes r\u00e2p\u00e9es sont celles dont la peau a \u00e9t\u00e9 r\u00e2p\u00e9e et coll\u00e9e \u00e0 la datte, et dont la texture se situe entre le mou et le sec.","robots":{"index":"index","follow":"follow","max-snippet":"max-snippet:-1","max-image-preview":"max-image-preview:large","max-video-preview":"max-video-preview:-1"},"canonical":"https:\/\/saudi-gift.com\/product\/\u062a\u0645\u0631-\u0633\u0643\u0631\u064a-\u0645\u0641\u062a\u0644-\u0641\u0627\u062e\u0631\/","og_locale":"fr_FR","og_type":"article","og_title":"Dattes au sucre r\u00e2p\u00e9 fantaisie","og_description":"Les dattes Sukari r\u00e2p\u00e9es ont des noyaux de taille moyenne \u00e0 grande et sont l'un des types de dattes Sukari les plus populaires. Les dattes r\u00e2p\u00e9es sont celles dont la peau a \u00e9t\u00e9 r\u00e2p\u00e9e et coll\u00e9e \u00e0 la datte, et dont la texture se situe entre le mou et le sec.","og_url":"https:\/\/saudi-gift.com\/product\/\u062a\u0645\u0631-\u0633\u0643\u0631\u064a-\u0645\u0641\u062a\u0644-\u0641\u0627\u062e\u0631\/","og_site_name":"\u0647\u062f\u064a\u0629 \u0633\u0639\u0648\u062f\u064a\u0629","article_publisher":"https:\/\/www.facebook.com\/profile.php?id=61560277649059&mibextid=LQQJ4d","og_image":[{"width":600,"height":600,"url":"https:\/\/saudi-gift.com\/wp-content\/uploads\/2024\/12\/061250e4-ef10-4b8c-87e3-77ac3b047e63-1000x1000-yxp8DfXuhn4K6mx6s2BVGCnKsi2PuhnHu11SywcN-1.webp","type":"image\/webp"}],"twitter_card":"summary_large_image","twitter_site":"@saudigift_","twitter_misc":{"Dur\u00e9e de lecture estim\u00e9e":"1 minute"},"schema":{"@context":"https:\/\/schema.org","@graph":[{"@type":"WebPage","@id":"https:\/\/saudi-gift.com\/product\/%d8%aa%d9%85%d8%b1-%d8%b3%d9%83%d8%b1%d9%8a-%d9%85%d9%81%d8%aa%d9%84-%d9%81%d8%a7%d8%ae%d8%b1\/","url":"https:\/\/saudi-gift.com\/product\/%d8%aa%d9%85%d8%b1-%d8%b3%d9%83%d8%b1%d9%8a-%d9%85%d9%81%d8%aa%d9%84-%d9%81%d8%a7%d8%ae%d8%b1\/","name":"Dattes de luxe au sucre r\u00e2p\u00e9 - Achetez en ligne parmi des dizaines de magasins sur Saudi Gift Now","isPartOf":{"@id":"https:\/\/saudi-gift.com\/#website"},"primaryImageOfPage":{"@id":"https:\/\/saudi-gift.com\/product\/%d8%aa%d9%85%d8%b1-%d8%b3%d9%83%d8%b1%d9%8a-%d9%85%d9%81%d8%aa%d9%84-%d9%81%d8%a7%d8%ae%d8%b1\/#primaryimage"},"image":{"@id":"https:\/\/saudi-gift.com\/product\/%d8%aa%d9%85%d8%b1-%d8%b3%d9%83%d8%b1%d9%8a-%d9%85%d9%81%d8%aa%d9%84-%d9%81%d8%a7%d8%ae%d8%b1\/#primaryimage"},"thumbnailUrl":"https:\/\/saudi-gift.com\/wp-content\/uploads\/2024\/12\/061250e4-ef10-4b8c-87e3-77ac3b047e63-1000x1000-yxp8DfXuhn4K6mx6s2BVGCnKsi2PuhnHu11SywcN-1.webp","datePublished":"2024-12-26T11:43:07+00:00","description":"Les dattes Sukari r\u00e2p\u00e9es ont des noyaux de taille moyenne \u00e0 grande et sont l'un des types de dattes Sukari les plus populaires. Les dattes r\u00e2p\u00e9es sont celles dont la peau a \u00e9t\u00e9 r\u00e2p\u00e9e et coll\u00e9e \u00e0 la datte, et dont la texture se situe entre le mou et le sec.","breadcrumb":{"@id":"https:\/\/saudi-gift.com\/product\/%d8%aa%d9%85%d8%b1-%d8%b3%d9%83%d8%b1%d9%8a-%d9%85%d9%81%d8%aa%d9%84-%d9%81%d8%a7%d8%ae%d8%b1\/#breadcrumb"},"inLanguage":"fr-FR","potentialAction":[{"@type":"ReadAction","target":["https:\/\/saudi-gift.com\/product\/%d8%aa%d9%85%d8%b1-%d8%b3%d9%83%d8%b1%d9%8a-%d9%85%d9%81%d8%aa%d9%84-%d9%81%d8%a7%d8%ae%d8%b1\/"]}]},{"@type":"ImageObject","inLanguage":"fr-FR","@id":"https:\/\/saudi-gift.com\/product\/%d8%aa%d9%85%d8%b1-%d8%b3%d9%83%d8%b1%d9%8a-%d9%85%d9%81%d8%aa%d9%84-%d9%81%d8%a7%d8%ae%d8%b1\/#primaryimage","url":"https:\/\/saudi-gift.com\/wp-content\/uploads\/2024\/12\/061250e4-ef10-4b8c-87e3-77ac3b047e63-1000x1000-yxp8DfXuhn4K6mx6s2BVGCnKsi2PuhnHu11SywcN-1.webp","contentUrl":"https:\/\/saudi-gift.com\/wp-content\/uploads\/2024\/12\/061250e4-ef10-4b8c-87e3-77ac3b047e63-1000x1000-yxp8DfXuhn4K6mx6s2BVGCnKsi2PuhnHu11SywcN-1.webp","width":600,"height":600},{"@type":"BreadcrumbList","@id":"https:\/\/saudi-gift.com\/product\/%d8%aa%d9%85%d8%b1-%d8%b3%d9%83%d8%b1%d9%8a-%d9%85%d9%81%d8%aa%d9%84-%d9%81%d8%a7%d8%ae%d8%b1\/#breadcrumb","itemListElement":[{"@type":"ListItem","position":1,"name":"Home","item":"https:\/\/saudi-gift.com\/fr\/"},{"@type":"ListItem","position":2,"name":"Acheter","item":"https:\/\/saudi-gift.com\/fr\/acheter\/"},{"@type":"ListItem","position":3,"name":"Dattes au sucre r\u00e2p\u00e9 fantaisie"}]},{"@type":"WebSite","@id":"https:\/\/saudi-gift.com\/#website","url":"https:\/\/saudi-gift.com\/","name":"\u0647\u062f\u064a\u0629 \u0633\u0639\u0648\u062f\u064a\u0629","description":"\u0647\u062f\u064a\u0629 \u0633\u0639\u0648\u062f\u064a\u0629 \u0645\u062a\u062c\u0631 \u0627\u0644\u0643\u062a\u0631\u0648\u0646\u064a \u064a\u0642\u062f\u0645 \u0644\u0643\u0645 \u0645\u062c\u0645\u0648\u0639\u0629 \u0645\u0646 \u0627\u0644\u0647\u062f\u0627\u064a\u0627 \u0627\u0644\u062a\u064a \u062a\u062c\u0633\u062f \u0639\u0628\u0642 \u0630\u0643\u0631\u064a\u0627\u062a\u0643\u0645 \u0641\u064a \u0627\u0644\u0645\u0634\u0627\u0639\u0631 \u0627\u0644\u0645\u0642\u062f\u0633\u0629","publisher":{"@id":"https:\/\/saudi-gift.com\/#organization"},"alternateName":"\u0647\u062f\u064a\u0629 \u0633\u0639\u0648\u062f\u064a\u0629","potentialAction":[{"@type":"SearchAction","target":{"@type":"EntryPoint","urlTemplate":"https:\/\/saudi-gift.com\/?s={search_term_string}"},"query-input":{"@type":"PropertyValueSpecification","valueRequired":true,"valueName":"search_term_string"}}],"inLanguage":"fr-FR"},{"@type":"Organization","@id":"https:\/\/saudi-gift.com\/#organization","name":"\u0645\u062a\u062c\u0631 \u0627\u0644\u0647\u062f\u064a\u0629","alternateName":"\u0647\u062f\u064a\u0629 \u0633\u0639\u0648\u062f\u064a\u0629","url":"https:\/\/saudi-gift.com\/","logo":{"@type":"ImageObject","inLanguage":"fr-FR","@id":"https:\/\/saudi-gift.com\/#\/schema\/logo\/image\/","url":"https:\/\/saudi-gift.com\/wp-content\/uploads\/2025\/05\/2.png","contentUrl":"https:\/\/saudi-gift.com\/wp-content\/uploads\/2025\/05\/2.png","width":163,"height":42,"caption":"\u0645\u062a\u062c\u0631 \u0627\u0644\u0647\u062f\u064a\u0629"},"image":{"@id":"https:\/\/saudi-gift.com\/#\/schema\/logo\/image\/"},"sameAs":["https:\/\/www.facebook.com\/profile.php?id=61560277649059&mibextid=LQQJ4d","https:\/\/x.com\/saudigift_"]}]}},"jetpack-related-posts":[],"_links":{"self":[{"href":"https:\/\/saudi-gift.com\/fr\/wp-json\/wp\/v2\/product\/38546","targetHints":{"allow":["GET"]}}],"collection":[{"href":"https:\/\/saudi-gift.com\/fr\/wp-json\/wp\/v2\/product"}],"about":[{"href":"https:\/\/saudi-gift.com\/fr\/wp-json\/wp\/v2\/types\/product"}],"replies":[{"embeddable":true,"href":"https:\/\/saudi-gift.com\/fr\/wp-json\/wp\/v2\/comments?post=38546"}],"version-history":[{"count":0,"href":"https:\/\/saudi-gift.com\/fr\/wp-json\/wp\/v2\/product\/38546\/revisions"}],"wp:featuredmedia":[{"embeddable":true,"href":"https:\/\/saudi-gift.com\/fr\/wp-json\/wp\/v2\/media\/31414"}],"wp:attachment":[{"href":"https:\/\/saudi-gift.com\/fr\/wp-json\/wp\/v2\/media?parent=38546"}],"wp:term":[{"taxonomy":"product_brand","embeddable":true,"href":"https:\/\/saudi-gift.com\/fr\/wp-json\/wp\/v2\/product_brand?post=38546"},{"taxonomy":"product_cat","embeddable":true,"href":"https:\/\/saudi-gift.com\/fr\/wp-json\/wp\/v2\/product_cat?post=38546"},{"taxonomy":"product_tag","embeddable":true,"href":"https:\/\/saudi-gift.com\/fr\/wp-json\/wp\/v2\/product_tag?post=38546"}],"curies":[{"name":"wp","href":"https:\/\/api.w.org\/{rel}","templated":true}]}}