{"id":38767,"date":"2024-12-25T19:48:22","date_gmt":"2024-12-25T16:48:22","guid":{"rendered":"https:\/\/saudi-gift.com\/product\/medina-ajwa-dates\/"},"modified":"2024-12-25T19:48:22","modified_gmt":"2024-12-25T16:48:22","slug":"medina-ajwa-dates","status":"publish","type":"product","link":"https:\/\/saudi-gift.com\/fr\/produit\/medina-ajwa-dates\/","title":{"rendered":"Medina Ajwa Dates"},"content":{"rendered":"<p>Medina Ajwa Dates<\/p>\n<p><strong>De Medina Farms :<\/strong><\/p>\n<ul>\n<li class=\"ql-indent-1\">Elles proviennent des fermes de Medina, r\u00e9put\u00e9es pour la qualit\u00e9 de leurs dattes.<\/li>\n<\/ul>\n<p><strong>Couleur et go\u00fbt uniques :<\/strong><\/p>\n<ul>\n<li class=\"ql-indent-1\">Il se caract\u00e9rise par sa couleur noire brillante, sa pulpe tendre et son go\u00fbt unique.  <\/li>\n<\/ul>\n<p><strong>Les plus recherch\u00e9s :<\/strong><\/p>\n<ul>\n<li class=\"ql-indent-1\">C&rsquo;est l&rsquo;une des dates les plus recherch\u00e9es dans le monde.<\/li>\n<\/ul>\n<p><strong>Excellente qualit\u00e9 :<\/strong><\/p>\n<ul>\n<li class=\"ql-indent-1\">Nous l&rsquo;avons m\u00e9ticuleusement st\u00e9rilis\u00e9 et nettoy\u00e9 pour garantir les normes de qualit\u00e9 et d&rsquo;hygi\u00e8ne les plus \u00e9lev\u00e9es.<\/li>\n<\/ul>\n<p><strong>Valeur nutritionnelle \u00e9lev\u00e9e :<\/strong><\/p>\n<ul>\n<li class=\"ql-indent-1\">Riche en fibres et en vitamines et min\u00e9raux essentiels. Chaque portion de 100 g contient 282 calories, ce qui en fait un choix sain et nutritif.  <\/li>\n<\/ul>\n<p><strong>Taille luxueuse :<\/strong><\/p>\n<ul>\n<li class=\"ql-indent-1\">La taille luxueuse des dattes les rend parfaites pour les occasions sp\u00e9ciales ou comme cadeau.<\/li>\n<\/ul>\n<p><strong>Des prestations de sant\u00e9 exceptionnelles :<\/strong><\/p>\n<ul>\n<li class=\"ql-indent-1\">Selon le hadith : \u00ab\u00a0Quiconque mange sept dattes juteuses le matin, ni poison ni magie ne lui feront de mal ce jour-l\u00e0\u00a0\u00bb. &#8211; Rapport\u00e9 par Saad ibn Abi Waqqas de la part du Proph\u00e8te (sur lui la paix).    <\/li>\n<\/ul>\n<p><strong>Utilisations multiples :<\/strong><\/p>\n<ul>\n<li class=\"ql-indent-1\">Il peut \u00eatre consomm\u00e9 comme en-cas ou utilis\u00e9 dans les desserts et plats traditionnels.<\/li>\n<\/ul>\n<p><strong>Garantie de satisfaction :<\/strong><\/p>\n<ul>\n<li class=\"ql-indent-1\">Nous garantissons la qualit\u00e9 du produit et vous offrons la possibilit\u00e9 de le retourner si vous n&rsquo;\u00eates pas satisfait.<\/li>\n<\/ul>\n<p><strong>Commandez maintenant et profitez de l&rsquo;exp\u00e9rience des dattes Ajwa de Medina<\/strong><\/p>\n","protected":false},"excerpt":{"rendered":"<p>Les dattes de M\u00e9dine proviennent des fermes de M\u00e9dine et sont d&rsquo;une qualit\u00e9 et d&rsquo;une saveur exceptionnelles. Gr\u00e2ce \u00e0 leurs bienfaits exceptionnels pour la sant\u00e9 et \u00e0 leurs multiples utilisations, vous constaterez que les dattes Medina Ajwa ne sont pas seulement un choix sain, mais aussi un excellent cadeau pour vos proches.  <\/p>\n<p>&nbsp;<\/p>\n<p><span style=\"font-size: 17px;\"><strong>Envelopp\u00e9 de pilules ?<\/strong><\/span><\/p>\n","protected":false},"featured_media":31262,"comment_status":"open","ping_status":"closed","template":"","meta":[],"product_brand":[],"product_cat":[385,3285,3176],"product_tag":[1663,718,784],"class_list":{"0":"post-38767","1":"product","2":"type-product","3":"status-publish","4":"has-post-thumbnail","6":"product_cat-articles-du-ramadan","7":"product_cat-dattes-de-medine","8":"product_cat-hospitalite","9":"product_tag-_-fr","10":"product_tag--fr","13":"first","14":"instock","15":"sale","16":"sold-individually","17":"shipping-taxable","18":"purchasable","19":"product-type-variable"},"yoast_head":"<!-- This site is optimized with the Yoast SEO Premium plugin v27.2 (Yoast SEO v27.6) - https:\/\/yoast.com\/product\/yoast-seo-premium-wordpress\/ -->\n<title>Medina Ajwa Dates - Achetez en ligne aux prix les plus bas sur Saudi Gift Now<\/title>\n<meta name=\"description\" content=\"Gr\u00e2ce \u00e0 leurs bienfaits exceptionnels pour la sant\u00e9 et \u00e0 leur polyvalence, les dattes Medina Ajwa ne sont pas seulement un choix sain, mais aussi un excellent cadeau pour vos proches.\" \/>\n<meta name=\"robots\" content=\"index, follow, max-snippet:-1, max-image-preview:large, max-video-preview:-1\" \/>\n<link rel=\"canonical\" href=\"https:\/\/saudi-gift.com\/fr\/product\/medina-ajwa-dates\/\" \/>\n<meta property=\"og:locale\" content=\"fr_FR\" \/>\n<meta property=\"og:type\" content=\"article\" \/>\n<meta property=\"og:title\" content=\"Medina Ajwa Dates\" \/>\n<meta property=\"og:description\" content=\"Gr\u00e2ce \u00e0 leurs bienfaits exceptionnels pour la sant\u00e9 et \u00e0 leur polyvalence, les dattes Medina Ajwa ne sont pas seulement un choix sain, mais aussi un excellent cadeau pour vos proches.\" \/>\n<meta property=\"og:url\" content=\"https:\/\/saudi-gift.com\/fr\/product\/medina-ajwa-dates\/\" \/>\n<meta property=\"og:site_name\" content=\"\u0647\u062f\u064a\u0629 \u0633\u0639\u0648\u062f\u064a\u0629\" \/>\n<meta property=\"article:publisher\" content=\"https:\/\/www.facebook.com\/profile.php?id=61560277649059&amp;mibextid=LQQJ4d\" \/>\n<meta property=\"og:image\" content=\"https:\/\/saudi-gift.com\/wp-content\/uploads\/2024\/12\/372a9c26-bd0e-4235-a34d-6b7e14b6d82c-1000x1000-6g347WSpmhNAxfkZ76Vfe6wrHoNqMwRInv5z0AeH.webp\" \/>\n\t<meta property=\"og:image:width\" content=\"600\" \/>\n\t<meta property=\"og:image:height\" content=\"600\" \/>\n\t<meta property=\"og:image:type\" content=\"image\/webp\" \/>\n<meta name=\"twitter:card\" content=\"summary_large_image\" \/>\n<meta name=\"twitter:site\" content=\"@saudigift_\" \/>\n<meta name=\"twitter:label1\" content=\"Dur\u00e9e de lecture estim\u00e9e\" \/>\n\t<meta name=\"twitter:data1\" content=\"1 minute\" \/>\n<script type=\"application\/ld+json\" class=\"yoast-schema-graph\">{\"@context\":\"https:\\\/\\\/schema.org\",\"@graph\":[{\"@type\":\"WebPage\",\"@id\":\"https:\\\/\\\/saudi-gift.com\\\/fr\\\/product\\\/medina-ajwa-dates\\\/\",\"url\":\"https:\\\/\\\/saudi-gift.com\\\/fr\\\/product\\\/medina-ajwa-dates\\\/\",\"name\":\"Medina Ajwa Dates - Achetez en ligne aux prix les plus bas sur Saudi Gift Now\",\"isPartOf\":{\"@id\":\"https:\\\/\\\/saudi-gift.com\\\/#website\"},\"primaryImageOfPage\":{\"@id\":\"https:\\\/\\\/saudi-gift.com\\\/fr\\\/product\\\/medina-ajwa-dates\\\/#primaryimage\"},\"image\":{\"@id\":\"https:\\\/\\\/saudi-gift.com\\\/fr\\\/product\\\/medina-ajwa-dates\\\/#primaryimage\"},\"thumbnailUrl\":\"https:\\\/\\\/saudi-gift.com\\\/wp-content\\\/uploads\\\/2024\\\/12\\\/372a9c26-bd0e-4235-a34d-6b7e14b6d82c-1000x1000-6g347WSpmhNAxfkZ76Vfe6wrHoNqMwRInv5z0AeH.webp\",\"datePublished\":\"2024-12-25T16:48:22+00:00\",\"description\":\"Gr\u00e2ce \u00e0 leurs bienfaits exceptionnels pour la sant\u00e9 et \u00e0 leur polyvalence, les dattes Medina Ajwa ne sont pas seulement un choix sain, mais aussi un excellent cadeau pour vos proches.\",\"breadcrumb\":{\"@id\":\"https:\\\/\\\/saudi-gift.com\\\/fr\\\/product\\\/medina-ajwa-dates\\\/#breadcrumb\"},\"inLanguage\":\"fr-FR\",\"potentialAction\":[{\"@type\":\"ReadAction\",\"target\":[\"https:\\\/\\\/saudi-gift.com\\\/fr\\\/product\\\/medina-ajwa-dates\\\/\"]}]},{\"@type\":\"ImageObject\",\"inLanguage\":\"fr-FR\",\"@id\":\"https:\\\/\\\/saudi-gift.com\\\/fr\\\/product\\\/medina-ajwa-dates\\\/#primaryimage\",\"url\":\"https:\\\/\\\/saudi-gift.com\\\/wp-content\\\/uploads\\\/2024\\\/12\\\/372a9c26-bd0e-4235-a34d-6b7e14b6d82c-1000x1000-6g347WSpmhNAxfkZ76Vfe6wrHoNqMwRInv5z0AeH.webp\",\"contentUrl\":\"https:\\\/\\\/saudi-gift.com\\\/wp-content\\\/uploads\\\/2024\\\/12\\\/372a9c26-bd0e-4235-a34d-6b7e14b6d82c-1000x1000-6g347WSpmhNAxfkZ76Vfe6wrHoNqMwRInv5z0AeH.webp\",\"width\":600,\"height\":600},{\"@type\":\"BreadcrumbList\",\"@id\":\"https:\\\/\\\/saudi-gift.com\\\/fr\\\/product\\\/medina-ajwa-dates\\\/#breadcrumb\",\"itemListElement\":[{\"@type\":\"ListItem\",\"position\":1,\"name\":\"Home\",\"item\":\"https:\\\/\\\/saudi-gift.com\\\/fr\\\/\"},{\"@type\":\"ListItem\",\"position\":2,\"name\":\"Acheter\",\"item\":\"https:\\\/\\\/saudi-gift.com\\\/fr\\\/acheter\\\/\"},{\"@type\":\"ListItem\",\"position\":3,\"name\":\"Medina Ajwa Dates\"}]},{\"@type\":\"WebSite\",\"@id\":\"https:\\\/\\\/saudi-gift.com\\\/#website\",\"url\":\"https:\\\/\\\/saudi-gift.com\\\/\",\"name\":\"\u0647\u062f\u064a\u0629 \u0633\u0639\u0648\u062f\u064a\u0629\",\"description\":\"\u0647\u062f\u064a\u0629 \u0633\u0639\u0648\u062f\u064a\u0629 \u0645\u062a\u062c\u0631 \u0627\u0644\u0643\u062a\u0631\u0648\u0646\u064a \u064a\u0642\u062f\u0645 \u0644\u0643\u0645 \u0645\u062c\u0645\u0648\u0639\u0629 \u0645\u0646 \u0627\u0644\u0647\u062f\u0627\u064a\u0627 \u0627\u0644\u062a\u064a \u062a\u062c\u0633\u062f \u0639\u0628\u0642 \u0630\u0643\u0631\u064a\u0627\u062a\u0643\u0645 \u0641\u064a \u0627\u0644\u0645\u0634\u0627\u0639\u0631 \u0627\u0644\u0645\u0642\u062f\u0633\u0629\",\"publisher\":{\"@id\":\"https:\\\/\\\/saudi-gift.com\\\/#organization\"},\"alternateName\":\"\u0647\u062f\u064a\u0629 \u0633\u0639\u0648\u062f\u064a\u0629\",\"potentialAction\":[{\"@type\":\"SearchAction\",\"target\":{\"@type\":\"EntryPoint\",\"urlTemplate\":\"https:\\\/\\\/saudi-gift.com\\\/?s={search_term_string}\"},\"query-input\":{\"@type\":\"PropertyValueSpecification\",\"valueRequired\":true,\"valueName\":\"search_term_string\"}}],\"inLanguage\":\"fr-FR\"},{\"@type\":\"Organization\",\"@id\":\"https:\\\/\\\/saudi-gift.com\\\/#organization\",\"name\":\"\u0645\u062a\u062c\u0631 \u0627\u0644\u0647\u062f\u064a\u0629\",\"alternateName\":\"\u0647\u062f\u064a\u0629 \u0633\u0639\u0648\u062f\u064a\u0629\",\"url\":\"https:\\\/\\\/saudi-gift.com\\\/\",\"logo\":{\"@type\":\"ImageObject\",\"inLanguage\":\"fr-FR\",\"@id\":\"https:\\\/\\\/saudi-gift.com\\\/#\\\/schema\\\/logo\\\/image\\\/\",\"url\":\"https:\\\/\\\/saudi-gift.com\\\/wp-content\\\/uploads\\\/2025\\\/05\\\/2.png\",\"contentUrl\":\"https:\\\/\\\/saudi-gift.com\\\/wp-content\\\/uploads\\\/2025\\\/05\\\/2.png\",\"width\":163,\"height\":42,\"caption\":\"\u0645\u062a\u062c\u0631 \u0627\u0644\u0647\u062f\u064a\u0629\"},\"image\":{\"@id\":\"https:\\\/\\\/saudi-gift.com\\\/#\\\/schema\\\/logo\\\/image\\\/\"},\"sameAs\":[\"https:\\\/\\\/www.facebook.com\\\/profile.php?id=61560277649059&mibextid=LQQJ4d\",\"https:\\\/\\\/x.com\\\/saudigift_\"]}]}<\/script>\n<!-- \/ Yoast SEO Premium plugin. -->","yoast_head_json":{"title":"Medina Ajwa Dates - Achetez en ligne aux prix les plus bas sur Saudi Gift Now","description":"Gr\u00e2ce \u00e0 leurs bienfaits exceptionnels pour la sant\u00e9 et \u00e0 leur polyvalence, les dattes Medina Ajwa ne sont pas seulement un choix sain, mais aussi un excellent cadeau pour vos proches.","robots":{"index":"index","follow":"follow","max-snippet":"max-snippet:-1","max-image-preview":"max-image-preview:large","max-video-preview":"max-video-preview:-1"},"canonical":"https:\/\/saudi-gift.com\/fr\/product\/medina-ajwa-dates\/","og_locale":"fr_FR","og_type":"article","og_title":"Medina Ajwa Dates","og_description":"Gr\u00e2ce \u00e0 leurs bienfaits exceptionnels pour la sant\u00e9 et \u00e0 leur polyvalence, les dattes Medina Ajwa ne sont pas seulement un choix sain, mais aussi un excellent cadeau pour vos proches.","og_url":"https:\/\/saudi-gift.com\/fr\/product\/medina-ajwa-dates\/","og_site_name":"\u0647\u062f\u064a\u0629 \u0633\u0639\u0648\u062f\u064a\u0629","article_publisher":"https:\/\/www.facebook.com\/profile.php?id=61560277649059&mibextid=LQQJ4d","og_image":[{"width":600,"height":600,"url":"https:\/\/saudi-gift.com\/wp-content\/uploads\/2024\/12\/372a9c26-bd0e-4235-a34d-6b7e14b6d82c-1000x1000-6g347WSpmhNAxfkZ76Vfe6wrHoNqMwRInv5z0AeH.webp","type":"image\/webp"}],"twitter_card":"summary_large_image","twitter_site":"@saudigift_","twitter_misc":{"Dur\u00e9e de lecture estim\u00e9e":"1 minute"},"schema":{"@context":"https:\/\/schema.org","@graph":[{"@type":"WebPage","@id":"https:\/\/saudi-gift.com\/fr\/product\/medina-ajwa-dates\/","url":"https:\/\/saudi-gift.com\/fr\/product\/medina-ajwa-dates\/","name":"Medina Ajwa Dates - Achetez en ligne aux prix les plus bas sur Saudi Gift Now","isPartOf":{"@id":"https:\/\/saudi-gift.com\/#website"},"primaryImageOfPage":{"@id":"https:\/\/saudi-gift.com\/fr\/product\/medina-ajwa-dates\/#primaryimage"},"image":{"@id":"https:\/\/saudi-gift.com\/fr\/product\/medina-ajwa-dates\/#primaryimage"},"thumbnailUrl":"https:\/\/saudi-gift.com\/wp-content\/uploads\/2024\/12\/372a9c26-bd0e-4235-a34d-6b7e14b6d82c-1000x1000-6g347WSpmhNAxfkZ76Vfe6wrHoNqMwRInv5z0AeH.webp","datePublished":"2024-12-25T16:48:22+00:00","description":"Gr\u00e2ce \u00e0 leurs bienfaits exceptionnels pour la sant\u00e9 et \u00e0 leur polyvalence, les dattes Medina Ajwa ne sont pas seulement un choix sain, mais aussi un excellent cadeau pour vos proches.","breadcrumb":{"@id":"https:\/\/saudi-gift.com\/fr\/product\/medina-ajwa-dates\/#breadcrumb"},"inLanguage":"fr-FR","potentialAction":[{"@type":"ReadAction","target":["https:\/\/saudi-gift.com\/fr\/product\/medina-ajwa-dates\/"]}]},{"@type":"ImageObject","inLanguage":"fr-FR","@id":"https:\/\/saudi-gift.com\/fr\/product\/medina-ajwa-dates\/#primaryimage","url":"https:\/\/saudi-gift.com\/wp-content\/uploads\/2024\/12\/372a9c26-bd0e-4235-a34d-6b7e14b6d82c-1000x1000-6g347WSpmhNAxfkZ76Vfe6wrHoNqMwRInv5z0AeH.webp","contentUrl":"https:\/\/saudi-gift.com\/wp-content\/uploads\/2024\/12\/372a9c26-bd0e-4235-a34d-6b7e14b6d82c-1000x1000-6g347WSpmhNAxfkZ76Vfe6wrHoNqMwRInv5z0AeH.webp","width":600,"height":600},{"@type":"BreadcrumbList","@id":"https:\/\/saudi-gift.com\/fr\/product\/medina-ajwa-dates\/#breadcrumb","itemListElement":[{"@type":"ListItem","position":1,"name":"Home","item":"https:\/\/saudi-gift.com\/fr\/"},{"@type":"ListItem","position":2,"name":"Acheter","item":"https:\/\/saudi-gift.com\/fr\/acheter\/"},{"@type":"ListItem","position":3,"name":"Medina Ajwa Dates"}]},{"@type":"WebSite","@id":"https:\/\/saudi-gift.com\/#website","url":"https:\/\/saudi-gift.com\/","name":"\u0647\u062f\u064a\u0629 \u0633\u0639\u0648\u062f\u064a\u0629","description":"\u0647\u062f\u064a\u0629 \u0633\u0639\u0648\u062f\u064a\u0629 \u0645\u062a\u062c\u0631 \u0627\u0644\u0643\u062a\u0631\u0648\u0646\u064a \u064a\u0642\u062f\u0645 \u0644\u0643\u0645 \u0645\u062c\u0645\u0648\u0639\u0629 \u0645\u0646 \u0627\u0644\u0647\u062f\u0627\u064a\u0627 \u0627\u0644\u062a\u064a \u062a\u062c\u0633\u062f \u0639\u0628\u0642 \u0630\u0643\u0631\u064a\u0627\u062a\u0643\u0645 \u0641\u064a \u0627\u0644\u0645\u0634\u0627\u0639\u0631 \u0627\u0644\u0645\u0642\u062f\u0633\u0629","publisher":{"@id":"https:\/\/saudi-gift.com\/#organization"},"alternateName":"\u0647\u062f\u064a\u0629 \u0633\u0639\u0648\u062f\u064a\u0629","potentialAction":[{"@type":"SearchAction","target":{"@type":"EntryPoint","urlTemplate":"https:\/\/saudi-gift.com\/?s={search_term_string}"},"query-input":{"@type":"PropertyValueSpecification","valueRequired":true,"valueName":"search_term_string"}}],"inLanguage":"fr-FR"},{"@type":"Organization","@id":"https:\/\/saudi-gift.com\/#organization","name":"\u0645\u062a\u062c\u0631 \u0627\u0644\u0647\u062f\u064a\u0629","alternateName":"\u0647\u062f\u064a\u0629 \u0633\u0639\u0648\u062f\u064a\u0629","url":"https:\/\/saudi-gift.com\/","logo":{"@type":"ImageObject","inLanguage":"fr-FR","@id":"https:\/\/saudi-gift.com\/#\/schema\/logo\/image\/","url":"https:\/\/saudi-gift.com\/wp-content\/uploads\/2025\/05\/2.png","contentUrl":"https:\/\/saudi-gift.com\/wp-content\/uploads\/2025\/05\/2.png","width":163,"height":42,"caption":"\u0645\u062a\u062c\u0631 \u0627\u0644\u0647\u062f\u064a\u0629"},"image":{"@id":"https:\/\/saudi-gift.com\/#\/schema\/logo\/image\/"},"sameAs":["https:\/\/www.facebook.com\/profile.php?id=61560277649059&mibextid=LQQJ4d","https:\/\/x.com\/saudigift_"]}]}},"jetpack-related-posts":[],"_links":{"self":[{"href":"https:\/\/saudi-gift.com\/fr\/wp-json\/wp\/v2\/product\/38767","targetHints":{"allow":["GET"]}}],"collection":[{"href":"https:\/\/saudi-gift.com\/fr\/wp-json\/wp\/v2\/product"}],"about":[{"href":"https:\/\/saudi-gift.com\/fr\/wp-json\/wp\/v2\/types\/product"}],"replies":[{"embeddable":true,"href":"https:\/\/saudi-gift.com\/fr\/wp-json\/wp\/v2\/comments?post=38767"}],"version-history":[{"count":0,"href":"https:\/\/saudi-gift.com\/fr\/wp-json\/wp\/v2\/product\/38767\/revisions"}],"wp:featuredmedia":[{"embeddable":true,"href":"https:\/\/saudi-gift.com\/fr\/wp-json\/wp\/v2\/media\/31262"}],"wp:attachment":[{"href":"https:\/\/saudi-gift.com\/fr\/wp-json\/wp\/v2\/media?parent=38767"}],"wp:term":[{"taxonomy":"product_brand","embeddable":true,"href":"https:\/\/saudi-gift.com\/fr\/wp-json\/wp\/v2\/product_brand?post=38767"},{"taxonomy":"product_cat","embeddable":true,"href":"https:\/\/saudi-gift.com\/fr\/wp-json\/wp\/v2\/product_cat?post=38767"},{"taxonomy":"product_tag","embeddable":true,"href":"https:\/\/saudi-gift.com\/fr\/wp-json\/wp\/v2\/product_tag?post=38767"}],"curies":[{"name":"wp","href":"https:\/\/api.w.org\/{rel}","templated":true}]}}