{"id":38938,"date":"2024-12-25T18:27:45","date_gmt":"2024-12-25T15:27:45","guid":{"rendered":"https:\/\/saudi-gift.com\/product\/sucre-frit-enveloppe-de-grains\/"},"modified":"2024-12-25T18:27:45","modified_gmt":"2024-12-25T15:27:45","slug":"sucre-frit-enveloppe-de-grains","status":"publish","type":"product","link":"https:\/\/saudi-gift.com\/fr\/produit\/sucre-frit-enveloppe-de-grains\/","title":{"rendered":"Sucre frit envelopp\u00e9 de grains"},"content":{"rendered":"<p><strong>Dattes \u00e0 sucre d\u00e9noyaut\u00e9es envelopp\u00e9es de noyaux<\/strong><\/p>\n<p>Il a une texture douce et est enrob\u00e9 d&rsquo;une amande qui ajoute une touche de luxe et de saveur \u00e0 chaque morceau.<\/p>\n<p><strong>Saveur unique et nutritive :<\/strong><\/p>\n<ul>\n<li>Le go\u00fbt naturel des dattes est associ\u00e9 \u00e0 la saveur des amandes fra\u00eeches et grill\u00e9es, ce qui leur conf\u00e8re un caract\u00e8re distinctif et une saveur riche et d\u00e9licieuse. <\/li>\n<\/ul>\n<p><strong>Texture douce et savoureuse :<\/strong><\/p>\n<ul>\n<li class=\"ql-indent-1\">Les morceaux ont une texture douce qui fond dans la bouche, faisant de chaque d\u00e9gustation une exp\u00e9rience d\u00e9licieuse et agr\u00e9able. <\/li>\n<\/ul>\n<p><strong>Farci d&rsquo;amandes fra\u00eeches :<\/strong><\/p>\n<ul>\n<li class=\"ql-indent-1\">Chaque morceau de dattes sucr\u00e9es r\u00e2p\u00e9es est rempli d&rsquo;amandes fra\u00eeches et savoureuses, ajoutant une touche de luxe et de beaut\u00e9. <\/li>\n<\/ul>\n<p><strong>Convient \u00e0 tout moment :<\/strong><\/p>\n<ul>\n<li class=\"ql-indent-1\">Parfait pour les occasions sp\u00e9ciales ou comme en-cas pour satisfaire votre gourmandise.<\/li>\n<\/ul>\n<p><strong>Profitez d&rsquo;une exp\u00e9rience unique et app\u00e9tissante avec les dattes en sucre r\u00e2p\u00e9 envelopp\u00e9es d&rsquo;amandes, et laissez leur d\u00e9licieuse saveur captiver vos sens et vous procurer des moments de plaisir inoubliables ! <\/strong><\/p>\n<p>277 calories par 100g<\/p>\n","protected":false},"excerpt":{"rendered":"<p>Profitez d&rsquo;un soup\u00e7on de luxe et d&rsquo;une saveur all\u00e9chante avec les dattes au sucre r\u00e2p\u00e9 envelopp\u00e9es d&rsquo;amandes, qui associent le go\u00fbt riche et naturel des dattes \u00e0 la d\u00e9licieuse saveur grill\u00e9e des amandes. <\/p>\n","protected":false},"featured_media":31214,"comment_status":"open","ping_status":"closed","template":"","meta":[],"product_brand":[],"product_cat":[3122],"product_tag":[1374,1376,611],"class_list":{"0":"post-38938","1":"product","2":"type-product","3":"status-publish","4":"has-post-thumbnail","6":"product_cat-3122","7":"product_tag-1374","8":"product_tag-_","9":"product_tag-611","11":"first","12":"instock","13":"sale","14":"sold-individually","15":"shipping-taxable","16":"purchasable","17":"product-type-variable"},"yoast_head":"<!-- This site is optimized with the Yoast SEO Premium plugin v27.2 (Yoast SEO v27.6) - https:\/\/yoast.com\/product\/yoast-seo-premium-wordpress\/ -->\n<title>Des dattes au sucre r\u00e2p\u00e9 envelopp\u00e9es dans du grain - achetez en ligne parmi des dizaines de magasins sur Saudi Gift Now<\/title>\n<meta name=\"description\" content=\"Profitez d&#039;un soup\u00e7on de luxe et d&#039;une saveur all\u00e9chante avec les dattes au sucre r\u00e2p\u00e9 envelopp\u00e9es d&#039;amandes, qui associent le go\u00fbt riche et naturel des dattes \u00e0 la d\u00e9licieuse saveur grill\u00e9e des amandes.\" \/>\n<meta name=\"robots\" content=\"index, follow, max-snippet:-1, max-image-preview:large, max-video-preview:-1\" \/>\n<link rel=\"canonical\" href=\"https:\/\/saudi-gift.com\/product\/\u0633\u0643\u0631\u064a-\u0645\u0641\u062a\u0644-\u0645\u063a\u0644\u0641-\u0628\u0627\u0644\u062d\u0628\u0629\/\" \/>\n<meta property=\"og:locale\" content=\"fr_FR\" \/>\n<meta property=\"og:type\" content=\"article\" \/>\n<meta property=\"og:title\" content=\"Sucre frit envelopp\u00e9 de grains\" \/>\n<meta property=\"og:description\" content=\"Profitez d&#039;un soup\u00e7on de luxe et d&#039;une saveur all\u00e9chante avec les dattes au sucre r\u00e2p\u00e9 envelopp\u00e9es d&#039;amandes, qui associent le go\u00fbt riche et naturel des dattes \u00e0 la d\u00e9licieuse saveur grill\u00e9e des amandes.\" \/>\n<meta property=\"og:url\" content=\"https:\/\/saudi-gift.com\/product\/\u0633\u0643\u0631\u064a-\u0645\u0641\u062a\u0644-\u0645\u063a\u0644\u0641-\u0628\u0627\u0644\u062d\u0628\u0629\/\" \/>\n<meta property=\"og:site_name\" content=\"\u0647\u062f\u064a\u0629 \u0633\u0639\u0648\u062f\u064a\u0629\" \/>\n<meta property=\"article:publisher\" content=\"https:\/\/www.facebook.com\/profile.php?id=61560277649059&amp;mibextid=LQQJ4d\" \/>\n<meta property=\"og:image\" content=\"https:\/\/saudi-gift.com\/wp-content\/uploads\/2024\/12\/bd63eb7c-ff2c-43a6-8c59-b634b71ccc23-1000x1000-HsgWqbakXIOkd63r2gICX1OWmAZzSx6KCa5DJvRp.webp\" \/>\n\t<meta property=\"og:image:width\" content=\"600\" \/>\n\t<meta property=\"og:image:height\" content=\"600\" \/>\n\t<meta property=\"og:image:type\" content=\"image\/webp\" \/>\n<meta name=\"twitter:card\" content=\"summary_large_image\" \/>\n<meta name=\"twitter:site\" content=\"@saudigift_\" \/>\n<meta name=\"twitter:label1\" content=\"Dur\u00e9e de lecture estim\u00e9e\" \/>\n\t<meta name=\"twitter:data1\" content=\"1 minute\" \/>\n<script type=\"application\/ld+json\" class=\"yoast-schema-graph\">{\"@context\":\"https:\\\/\\\/schema.org\",\"@graph\":[{\"@type\":\"WebPage\",\"@id\":\"https:\\\/\\\/saudi-gift.com\\\/product\\\/%d8%b3%d9%83%d8%b1%d9%8a-%d9%85%d9%81%d8%aa%d9%84-%d9%85%d8%ba%d9%84%d9%81-%d8%a8%d8%a7%d9%84%d8%ad%d8%a8%d8%a9\\\/\",\"url\":\"https:\\\/\\\/saudi-gift.com\\\/product\\\/%d8%b3%d9%83%d8%b1%d9%8a-%d9%85%d9%81%d8%aa%d9%84-%d9%85%d8%ba%d9%84%d9%81-%d8%a8%d8%a7%d9%84%d8%ad%d8%a8%d8%a9\\\/\",\"name\":\"Des dattes au sucre r\u00e2p\u00e9 envelopp\u00e9es dans du grain - achetez en ligne parmi des dizaines de magasins sur Saudi Gift Now\",\"isPartOf\":{\"@id\":\"https:\\\/\\\/saudi-gift.com\\\/#website\"},\"primaryImageOfPage\":{\"@id\":\"https:\\\/\\\/saudi-gift.com\\\/product\\\/%d8%b3%d9%83%d8%b1%d9%8a-%d9%85%d9%81%d8%aa%d9%84-%d9%85%d8%ba%d9%84%d9%81-%d8%a8%d8%a7%d9%84%d8%ad%d8%a8%d8%a9\\\/#primaryimage\"},\"image\":{\"@id\":\"https:\\\/\\\/saudi-gift.com\\\/product\\\/%d8%b3%d9%83%d8%b1%d9%8a-%d9%85%d9%81%d8%aa%d9%84-%d9%85%d8%ba%d9%84%d9%81-%d8%a8%d8%a7%d9%84%d8%ad%d8%a8%d8%a9\\\/#primaryimage\"},\"thumbnailUrl\":\"https:\\\/\\\/saudi-gift.com\\\/wp-content\\\/uploads\\\/2024\\\/12\\\/bd63eb7c-ff2c-43a6-8c59-b634b71ccc23-1000x1000-HsgWqbakXIOkd63r2gICX1OWmAZzSx6KCa5DJvRp.webp\",\"datePublished\":\"2024-12-25T15:27:45+00:00\",\"description\":\"Profitez d'un soup\u00e7on de luxe et d'une saveur all\u00e9chante avec les dattes au sucre r\u00e2p\u00e9 envelopp\u00e9es d'amandes, qui associent le go\u00fbt riche et naturel des dattes \u00e0 la d\u00e9licieuse saveur grill\u00e9e des amandes.\",\"breadcrumb\":{\"@id\":\"https:\\\/\\\/saudi-gift.com\\\/product\\\/%d8%b3%d9%83%d8%b1%d9%8a-%d9%85%d9%81%d8%aa%d9%84-%d9%85%d8%ba%d9%84%d9%81-%d8%a8%d8%a7%d9%84%d8%ad%d8%a8%d8%a9\\\/#breadcrumb\"},\"inLanguage\":\"fr-FR\",\"potentialAction\":[{\"@type\":\"ReadAction\",\"target\":[\"https:\\\/\\\/saudi-gift.com\\\/product\\\/%d8%b3%d9%83%d8%b1%d9%8a-%d9%85%d9%81%d8%aa%d9%84-%d9%85%d8%ba%d9%84%d9%81-%d8%a8%d8%a7%d9%84%d8%ad%d8%a8%d8%a9\\\/\"]}]},{\"@type\":\"ImageObject\",\"inLanguage\":\"fr-FR\",\"@id\":\"https:\\\/\\\/saudi-gift.com\\\/product\\\/%d8%b3%d9%83%d8%b1%d9%8a-%d9%85%d9%81%d8%aa%d9%84-%d9%85%d8%ba%d9%84%d9%81-%d8%a8%d8%a7%d9%84%d8%ad%d8%a8%d8%a9\\\/#primaryimage\",\"url\":\"https:\\\/\\\/saudi-gift.com\\\/wp-content\\\/uploads\\\/2024\\\/12\\\/bd63eb7c-ff2c-43a6-8c59-b634b71ccc23-1000x1000-HsgWqbakXIOkd63r2gICX1OWmAZzSx6KCa5DJvRp.webp\",\"contentUrl\":\"https:\\\/\\\/saudi-gift.com\\\/wp-content\\\/uploads\\\/2024\\\/12\\\/bd63eb7c-ff2c-43a6-8c59-b634b71ccc23-1000x1000-HsgWqbakXIOkd63r2gICX1OWmAZzSx6KCa5DJvRp.webp\",\"width\":600,\"height\":600},{\"@type\":\"BreadcrumbList\",\"@id\":\"https:\\\/\\\/saudi-gift.com\\\/product\\\/%d8%b3%d9%83%d8%b1%d9%8a-%d9%85%d9%81%d8%aa%d9%84-%d9%85%d8%ba%d9%84%d9%81-%d8%a8%d8%a7%d9%84%d8%ad%d8%a8%d8%a9\\\/#breadcrumb\",\"itemListElement\":[{\"@type\":\"ListItem\",\"position\":1,\"name\":\"Home\",\"item\":\"https:\\\/\\\/saudi-gift.com\\\/fr\\\/\"},{\"@type\":\"ListItem\",\"position\":2,\"name\":\"Acheter\",\"item\":\"https:\\\/\\\/saudi-gift.com\\\/fr\\\/acheter\\\/\"},{\"@type\":\"ListItem\",\"position\":3,\"name\":\"Sucre frit envelopp\u00e9 de grains\"}]},{\"@type\":\"WebSite\",\"@id\":\"https:\\\/\\\/saudi-gift.com\\\/#website\",\"url\":\"https:\\\/\\\/saudi-gift.com\\\/\",\"name\":\"\u0647\u062f\u064a\u0629 \u0633\u0639\u0648\u062f\u064a\u0629\",\"description\":\"\u0647\u062f\u064a\u0629 \u0633\u0639\u0648\u062f\u064a\u0629 \u0645\u062a\u062c\u0631 \u0627\u0644\u0643\u062a\u0631\u0648\u0646\u064a \u064a\u0642\u062f\u0645 \u0644\u0643\u0645 \u0645\u062c\u0645\u0648\u0639\u0629 \u0645\u0646 \u0627\u0644\u0647\u062f\u0627\u064a\u0627 \u0627\u0644\u062a\u064a \u062a\u062c\u0633\u062f \u0639\u0628\u0642 \u0630\u0643\u0631\u064a\u0627\u062a\u0643\u0645 \u0641\u064a \u0627\u0644\u0645\u0634\u0627\u0639\u0631 \u0627\u0644\u0645\u0642\u062f\u0633\u0629\",\"publisher\":{\"@id\":\"https:\\\/\\\/saudi-gift.com\\\/#organization\"},\"alternateName\":\"\u0647\u062f\u064a\u0629 \u0633\u0639\u0648\u062f\u064a\u0629\",\"potentialAction\":[{\"@type\":\"SearchAction\",\"target\":{\"@type\":\"EntryPoint\",\"urlTemplate\":\"https:\\\/\\\/saudi-gift.com\\\/?s={search_term_string}\"},\"query-input\":{\"@type\":\"PropertyValueSpecification\",\"valueRequired\":true,\"valueName\":\"search_term_string\"}}],\"inLanguage\":\"fr-FR\"},{\"@type\":\"Organization\",\"@id\":\"https:\\\/\\\/saudi-gift.com\\\/#organization\",\"name\":\"\u0645\u062a\u062c\u0631 \u0627\u0644\u0647\u062f\u064a\u0629\",\"alternateName\":\"\u0647\u062f\u064a\u0629 \u0633\u0639\u0648\u062f\u064a\u0629\",\"url\":\"https:\\\/\\\/saudi-gift.com\\\/\",\"logo\":{\"@type\":\"ImageObject\",\"inLanguage\":\"fr-FR\",\"@id\":\"https:\\\/\\\/saudi-gift.com\\\/#\\\/schema\\\/logo\\\/image\\\/\",\"url\":\"https:\\\/\\\/saudi-gift.com\\\/wp-content\\\/uploads\\\/2025\\\/05\\\/2.png\",\"contentUrl\":\"https:\\\/\\\/saudi-gift.com\\\/wp-content\\\/uploads\\\/2025\\\/05\\\/2.png\",\"width\":163,\"height\":42,\"caption\":\"\u0645\u062a\u062c\u0631 \u0627\u0644\u0647\u062f\u064a\u0629\"},\"image\":{\"@id\":\"https:\\\/\\\/saudi-gift.com\\\/#\\\/schema\\\/logo\\\/image\\\/\"},\"sameAs\":[\"https:\\\/\\\/www.facebook.com\\\/profile.php?id=61560277649059&mibextid=LQQJ4d\",\"https:\\\/\\\/x.com\\\/saudigift_\"]}]}<\/script>\n<!-- \/ Yoast SEO Premium plugin. -->","yoast_head_json":{"title":"Des dattes au sucre r\u00e2p\u00e9 envelopp\u00e9es dans du grain - achetez en ligne parmi des dizaines de magasins sur Saudi Gift Now","description":"Profitez d'un soup\u00e7on de luxe et d'une saveur all\u00e9chante avec les dattes au sucre r\u00e2p\u00e9 envelopp\u00e9es d'amandes, qui associent le go\u00fbt riche et naturel des dattes \u00e0 la d\u00e9licieuse saveur grill\u00e9e des amandes.","robots":{"index":"index","follow":"follow","max-snippet":"max-snippet:-1","max-image-preview":"max-image-preview:large","max-video-preview":"max-video-preview:-1"},"canonical":"https:\/\/saudi-gift.com\/product\/\u0633\u0643\u0631\u064a-\u0645\u0641\u062a\u0644-\u0645\u063a\u0644\u0641-\u0628\u0627\u0644\u062d\u0628\u0629\/","og_locale":"fr_FR","og_type":"article","og_title":"Sucre frit envelopp\u00e9 de grains","og_description":"Profitez d'un soup\u00e7on de luxe et d'une saveur all\u00e9chante avec les dattes au sucre r\u00e2p\u00e9 envelopp\u00e9es d'amandes, qui associent le go\u00fbt riche et naturel des dattes \u00e0 la d\u00e9licieuse saveur grill\u00e9e des amandes.","og_url":"https:\/\/saudi-gift.com\/product\/\u0633\u0643\u0631\u064a-\u0645\u0641\u062a\u0644-\u0645\u063a\u0644\u0641-\u0628\u0627\u0644\u062d\u0628\u0629\/","og_site_name":"\u0647\u062f\u064a\u0629 \u0633\u0639\u0648\u062f\u064a\u0629","article_publisher":"https:\/\/www.facebook.com\/profile.php?id=61560277649059&mibextid=LQQJ4d","og_image":[{"width":600,"height":600,"url":"https:\/\/saudi-gift.com\/wp-content\/uploads\/2024\/12\/bd63eb7c-ff2c-43a6-8c59-b634b71ccc23-1000x1000-HsgWqbakXIOkd63r2gICX1OWmAZzSx6KCa5DJvRp.webp","type":"image\/webp"}],"twitter_card":"summary_large_image","twitter_site":"@saudigift_","twitter_misc":{"Dur\u00e9e de lecture estim\u00e9e":"1 minute"},"schema":{"@context":"https:\/\/schema.org","@graph":[{"@type":"WebPage","@id":"https:\/\/saudi-gift.com\/product\/%d8%b3%d9%83%d8%b1%d9%8a-%d9%85%d9%81%d8%aa%d9%84-%d9%85%d8%ba%d9%84%d9%81-%d8%a8%d8%a7%d9%84%d8%ad%d8%a8%d8%a9\/","url":"https:\/\/saudi-gift.com\/product\/%d8%b3%d9%83%d8%b1%d9%8a-%d9%85%d9%81%d8%aa%d9%84-%d9%85%d8%ba%d9%84%d9%81-%d8%a8%d8%a7%d9%84%d8%ad%d8%a8%d8%a9\/","name":"Des dattes au sucre r\u00e2p\u00e9 envelopp\u00e9es dans du grain - achetez en ligne parmi des dizaines de magasins sur Saudi Gift Now","isPartOf":{"@id":"https:\/\/saudi-gift.com\/#website"},"primaryImageOfPage":{"@id":"https:\/\/saudi-gift.com\/product\/%d8%b3%d9%83%d8%b1%d9%8a-%d9%85%d9%81%d8%aa%d9%84-%d9%85%d8%ba%d9%84%d9%81-%d8%a8%d8%a7%d9%84%d8%ad%d8%a8%d8%a9\/#primaryimage"},"image":{"@id":"https:\/\/saudi-gift.com\/product\/%d8%b3%d9%83%d8%b1%d9%8a-%d9%85%d9%81%d8%aa%d9%84-%d9%85%d8%ba%d9%84%d9%81-%d8%a8%d8%a7%d9%84%d8%ad%d8%a8%d8%a9\/#primaryimage"},"thumbnailUrl":"https:\/\/saudi-gift.com\/wp-content\/uploads\/2024\/12\/bd63eb7c-ff2c-43a6-8c59-b634b71ccc23-1000x1000-HsgWqbakXIOkd63r2gICX1OWmAZzSx6KCa5DJvRp.webp","datePublished":"2024-12-25T15:27:45+00:00","description":"Profitez d'un soup\u00e7on de luxe et d'une saveur all\u00e9chante avec les dattes au sucre r\u00e2p\u00e9 envelopp\u00e9es d'amandes, qui associent le go\u00fbt riche et naturel des dattes \u00e0 la d\u00e9licieuse saveur grill\u00e9e des amandes.","breadcrumb":{"@id":"https:\/\/saudi-gift.com\/product\/%d8%b3%d9%83%d8%b1%d9%8a-%d9%85%d9%81%d8%aa%d9%84-%d9%85%d8%ba%d9%84%d9%81-%d8%a8%d8%a7%d9%84%d8%ad%d8%a8%d8%a9\/#breadcrumb"},"inLanguage":"fr-FR","potentialAction":[{"@type":"ReadAction","target":["https:\/\/saudi-gift.com\/product\/%d8%b3%d9%83%d8%b1%d9%8a-%d9%85%d9%81%d8%aa%d9%84-%d9%85%d8%ba%d9%84%d9%81-%d8%a8%d8%a7%d9%84%d8%ad%d8%a8%d8%a9\/"]}]},{"@type":"ImageObject","inLanguage":"fr-FR","@id":"https:\/\/saudi-gift.com\/product\/%d8%b3%d9%83%d8%b1%d9%8a-%d9%85%d9%81%d8%aa%d9%84-%d9%85%d8%ba%d9%84%d9%81-%d8%a8%d8%a7%d9%84%d8%ad%d8%a8%d8%a9\/#primaryimage","url":"https:\/\/saudi-gift.com\/wp-content\/uploads\/2024\/12\/bd63eb7c-ff2c-43a6-8c59-b634b71ccc23-1000x1000-HsgWqbakXIOkd63r2gICX1OWmAZzSx6KCa5DJvRp.webp","contentUrl":"https:\/\/saudi-gift.com\/wp-content\/uploads\/2024\/12\/bd63eb7c-ff2c-43a6-8c59-b634b71ccc23-1000x1000-HsgWqbakXIOkd63r2gICX1OWmAZzSx6KCa5DJvRp.webp","width":600,"height":600},{"@type":"BreadcrumbList","@id":"https:\/\/saudi-gift.com\/product\/%d8%b3%d9%83%d8%b1%d9%8a-%d9%85%d9%81%d8%aa%d9%84-%d9%85%d8%ba%d9%84%d9%81-%d8%a8%d8%a7%d9%84%d8%ad%d8%a8%d8%a9\/#breadcrumb","itemListElement":[{"@type":"ListItem","position":1,"name":"Home","item":"https:\/\/saudi-gift.com\/fr\/"},{"@type":"ListItem","position":2,"name":"Acheter","item":"https:\/\/saudi-gift.com\/fr\/acheter\/"},{"@type":"ListItem","position":3,"name":"Sucre frit envelopp\u00e9 de grains"}]},{"@type":"WebSite","@id":"https:\/\/saudi-gift.com\/#website","url":"https:\/\/saudi-gift.com\/","name":"\u0647\u062f\u064a\u0629 \u0633\u0639\u0648\u062f\u064a\u0629","description":"\u0647\u062f\u064a\u0629 \u0633\u0639\u0648\u062f\u064a\u0629 \u0645\u062a\u062c\u0631 \u0627\u0644\u0643\u062a\u0631\u0648\u0646\u064a \u064a\u0642\u062f\u0645 \u0644\u0643\u0645 \u0645\u062c\u0645\u0648\u0639\u0629 \u0645\u0646 \u0627\u0644\u0647\u062f\u0627\u064a\u0627 \u0627\u0644\u062a\u064a \u062a\u062c\u0633\u062f \u0639\u0628\u0642 \u0630\u0643\u0631\u064a\u0627\u062a\u0643\u0645 \u0641\u064a \u0627\u0644\u0645\u0634\u0627\u0639\u0631 \u0627\u0644\u0645\u0642\u062f\u0633\u0629","publisher":{"@id":"https:\/\/saudi-gift.com\/#organization"},"alternateName":"\u0647\u062f\u064a\u0629 \u0633\u0639\u0648\u062f\u064a\u0629","potentialAction":[{"@type":"SearchAction","target":{"@type":"EntryPoint","urlTemplate":"https:\/\/saudi-gift.com\/?s={search_term_string}"},"query-input":{"@type":"PropertyValueSpecification","valueRequired":true,"valueName":"search_term_string"}}],"inLanguage":"fr-FR"},{"@type":"Organization","@id":"https:\/\/saudi-gift.com\/#organization","name":"\u0645\u062a\u062c\u0631 \u0627\u0644\u0647\u062f\u064a\u0629","alternateName":"\u0647\u062f\u064a\u0629 \u0633\u0639\u0648\u062f\u064a\u0629","url":"https:\/\/saudi-gift.com\/","logo":{"@type":"ImageObject","inLanguage":"fr-FR","@id":"https:\/\/saudi-gift.com\/#\/schema\/logo\/image\/","url":"https:\/\/saudi-gift.com\/wp-content\/uploads\/2025\/05\/2.png","contentUrl":"https:\/\/saudi-gift.com\/wp-content\/uploads\/2025\/05\/2.png","width":163,"height":42,"caption":"\u0645\u062a\u062c\u0631 \u0627\u0644\u0647\u062f\u064a\u0629"},"image":{"@id":"https:\/\/saudi-gift.com\/#\/schema\/logo\/image\/"},"sameAs":["https:\/\/www.facebook.com\/profile.php?id=61560277649059&mibextid=LQQJ4d","https:\/\/x.com\/saudigift_"]}]}},"jetpack-related-posts":[],"_links":{"self":[{"href":"https:\/\/saudi-gift.com\/fr\/wp-json\/wp\/v2\/product\/38938","targetHints":{"allow":["GET"]}}],"collection":[{"href":"https:\/\/saudi-gift.com\/fr\/wp-json\/wp\/v2\/product"}],"about":[{"href":"https:\/\/saudi-gift.com\/fr\/wp-json\/wp\/v2\/types\/product"}],"replies":[{"embeddable":true,"href":"https:\/\/saudi-gift.com\/fr\/wp-json\/wp\/v2\/comments?post=38938"}],"version-history":[{"count":0,"href":"https:\/\/saudi-gift.com\/fr\/wp-json\/wp\/v2\/product\/38938\/revisions"}],"wp:featuredmedia":[{"embeddable":true,"href":"https:\/\/saudi-gift.com\/fr\/wp-json\/wp\/v2\/media\/31214"}],"wp:attachment":[{"href":"https:\/\/saudi-gift.com\/fr\/wp-json\/wp\/v2\/media?parent=38938"}],"wp:term":[{"taxonomy":"product_brand","embeddable":true,"href":"https:\/\/saudi-gift.com\/fr\/wp-json\/wp\/v2\/product_brand?post=38938"},{"taxonomy":"product_cat","embeddable":true,"href":"https:\/\/saudi-gift.com\/fr\/wp-json\/wp\/v2\/product_cat?post=38938"},{"taxonomy":"product_tag","embeddable":true,"href":"https:\/\/saudi-gift.com\/fr\/wp-json\/wp\/v2\/product_tag?post=38938"}],"curies":[{"name":"wp","href":"https:\/\/api.w.org\/{rel}","templated":true}]}}