{"id":39134,"date":"2024-12-25T18:59:43","date_gmt":"2024-12-25T15:59:43","guid":{"rendered":"https:\/\/saudi-gift.com\/product\/sajaqi-enveloppe-damandes\/"},"modified":"2024-12-25T18:59:43","modified_gmt":"2024-12-25T15:59:43","slug":"sajaqi-enveloppe-damandes","status":"publish","type":"product","link":"https:\/\/saudi-gift.com\/fr\/produit\/sajaqi-enveloppe-damandes\/","title":{"rendered":"Sajaqi envelopp\u00e9 d&rsquo;amandes"},"content":{"rendered":"<p><strong>Dattes envelopp\u00e9es d&rsquo;amandes avec des amandes<\/strong><\/p>\n<p>Il a une texture douce et est enrob\u00e9 d&rsquo;une amande qui ajoute une touche de luxe et de saveur \u00e0 chaque morceau.<\/p>\n<p><strong>Saveur unique et nutritive :<\/strong><\/p>\n<ul>\n<li class=\"ql-indent-1\">Le go\u00fbt naturel des dattes se m\u00eale \u00e0 celui des amandes fra\u00eeches et grill\u00e9es, ce qui leur conf\u00e8re un caract\u00e8re distinctif et une saveur riche et d\u00e9licieuse. <\/li>\n<\/ul>\n<p><strong>Texture douce et savoureuse :<\/strong><\/p>\n<ul>\n<li class=\"ql-indent-1\">Les morceaux ont une texture douce qui fond dans la bouche, faisant de chaque d\u00e9gustation une exp\u00e9rience d\u00e9licieuse et agr\u00e9able. <\/li>\n<\/ul>\n<p><strong>Farci d&rsquo;amandes fra\u00eeches :<\/strong><\/p>\n<ul>\n<li class=\"ql-indent-1\">Chaque pi\u00e8ce de Saqiq Date est remplie d&rsquo;amandes fra\u00eeches et savoureuses, ajoutant une touche de luxe et de beaut\u00e9. <\/li>\n<\/ul>\n<p><strong>Convient \u00e0 tout moment :<\/strong><\/p>\n<ul>\n<li class=\"ql-indent-1\">Parfait pour les occasions sp\u00e9ciales ou comme en-cas pour satisfaire votre gourmandise.<\/li>\n<\/ul>\n<p><strong>Vivez une exp\u00e9rience unique et app\u00e9tissante avec les dattes Saqa&rsquo;i infus\u00e9es et incrust\u00e9es d&rsquo;amandes, et laissez leur saveur all\u00e9chante captiver vos sens et vous procurer des moments inoubliables de plaisir et de d\u00e9lectation ! <\/strong><\/p>\n","protected":false},"excerpt":{"rendered":"<p>Vivez une exp\u00e9rience d\u00e9licieuse et luxueuse avec les dattes Saqa&rsquo;i infus\u00e9es aux amandes et l&rsquo;enrobage aux amandes, o\u00f9 le go\u00fbt riche et naturel des dattes s&rsquo;allie \u00e0 la saveur des amandes fra\u00eechement torr\u00e9fi\u00e9es. <\/p>\n","protected":false},"featured_media":31226,"comment_status":"open","ping_status":"closed","template":"","meta":[],"product_brand":[],"product_cat":[3122],"product_tag":[1377,693,611],"class_list":{"0":"post-39134","1":"product","2":"type-product","3":"status-publish","4":"has-post-thumbnail","6":"product_cat-3122","7":"product_tag-_","8":"product_tag-693","9":"product_tag-611","11":"first","12":"instock","13":"sale","14":"sold-individually","15":"shipping-taxable","16":"purchasable","17":"product-type-variable"},"yoast_head":"<!-- This site is optimized with the Yoast SEO Premium plugin v27.2 (Yoast SEO v27.6) - https:\/\/yoast.com\/product\/yoast-seo-premium-wordpress\/ -->\n<title>Dattes envelopp\u00e9es d&#039;amandes - Boutique en ligne Saudi Gift Now<\/title>\n<meta name=\"description\" content=\"Vivez une exp\u00e9rience d\u00e9licieuse et luxueuse avec les dattes Saqa&#039;i infus\u00e9es aux amandes et l&#039;enrobage aux amandes, o\u00f9 le go\u00fbt riche et naturel des dattes s&#039;allie \u00e0 la saveur des amandes fra\u00eechement torr\u00e9fi\u00e9es.\" \/>\n<meta name=\"robots\" content=\"index, follow, max-snippet:-1, max-image-preview:large, max-video-preview:-1\" \/>\n<link rel=\"canonical\" href=\"https:\/\/saudi-gift.com\/product\/\u0635\u0642\u0639\u064a-\u0628\u0627\u0644\u0644\u0648\u0632-\u0645\u063a\u0644\u0641-\u0628\u0627\u0644\u062d\u0628\u0629\/\" \/>\n<meta property=\"og:locale\" content=\"fr_FR\" \/>\n<meta property=\"og:type\" content=\"article\" \/>\n<meta property=\"og:title\" content=\"Sajaqi envelopp\u00e9 d&#039;amandes\" \/>\n<meta property=\"og:description\" content=\"Vivez une exp\u00e9rience d\u00e9licieuse et luxueuse avec les dattes Saqa&#039;i infus\u00e9es aux amandes et l&#039;enrobage aux amandes, o\u00f9 le go\u00fbt riche et naturel des dattes s&#039;allie \u00e0 la saveur des amandes fra\u00eechement torr\u00e9fi\u00e9es.\" \/>\n<meta property=\"og:url\" content=\"https:\/\/saudi-gift.com\/product\/\u0635\u0642\u0639\u064a-\u0628\u0627\u0644\u0644\u0648\u0632-\u0645\u063a\u0644\u0641-\u0628\u0627\u0644\u062d\u0628\u0629\/\" \/>\n<meta property=\"og:site_name\" content=\"\u0647\u062f\u064a\u0629 \u0633\u0639\u0648\u062f\u064a\u0629\" \/>\n<meta property=\"article:publisher\" content=\"https:\/\/www.facebook.com\/profile.php?id=61560277649059&amp;mibextid=LQQJ4d\" \/>\n<meta property=\"og:image\" content=\"https:\/\/saudi-gift.com\/wp-content\/uploads\/2024\/12\/803c6fa2-10f3-428c-899b-1d34745ff24f-1000x1000-CLGfiFbKT6PKEn0WZztEzYnqFizIxHlWLWdSdqZu.webp\" \/>\n\t<meta property=\"og:image:width\" content=\"600\" \/>\n\t<meta property=\"og:image:height\" content=\"600\" \/>\n\t<meta property=\"og:image:type\" content=\"image\/webp\" \/>\n<meta name=\"twitter:card\" content=\"summary_large_image\" \/>\n<meta name=\"twitter:site\" content=\"@saudigift_\" \/>\n<meta name=\"twitter:label1\" content=\"Dur\u00e9e de lecture estim\u00e9e\" \/>\n\t<meta name=\"twitter:data1\" content=\"1 minute\" \/>\n<script type=\"application\/ld+json\" class=\"yoast-schema-graph\">{\"@context\":\"https:\\\/\\\/schema.org\",\"@graph\":[{\"@type\":\"WebPage\",\"@id\":\"https:\\\/\\\/saudi-gift.com\\\/product\\\/%d8%b5%d9%82%d8%b9%d9%8a-%d8%a8%d8%a7%d9%84%d9%84%d9%88%d8%b2-%d9%85%d8%ba%d9%84%d9%81-%d8%a8%d8%a7%d9%84%d8%ad%d8%a8%d8%a9\\\/\",\"url\":\"https:\\\/\\\/saudi-gift.com\\\/product\\\/%d8%b5%d9%82%d8%b9%d9%8a-%d8%a8%d8%a7%d9%84%d9%84%d9%88%d8%b2-%d9%85%d8%ba%d9%84%d9%81-%d8%a8%d8%a7%d9%84%d8%ad%d8%a8%d8%a9\\\/\",\"name\":\"Dattes envelopp\u00e9es d'amandes - Boutique en ligne Saudi Gift Now\",\"isPartOf\":{\"@id\":\"https:\\\/\\\/saudi-gift.com\\\/#website\"},\"primaryImageOfPage\":{\"@id\":\"https:\\\/\\\/saudi-gift.com\\\/product\\\/%d8%b5%d9%82%d8%b9%d9%8a-%d8%a8%d8%a7%d9%84%d9%84%d9%88%d8%b2-%d9%85%d8%ba%d9%84%d9%81-%d8%a8%d8%a7%d9%84%d8%ad%d8%a8%d8%a9\\\/#primaryimage\"},\"image\":{\"@id\":\"https:\\\/\\\/saudi-gift.com\\\/product\\\/%d8%b5%d9%82%d8%b9%d9%8a-%d8%a8%d8%a7%d9%84%d9%84%d9%88%d8%b2-%d9%85%d8%ba%d9%84%d9%81-%d8%a8%d8%a7%d9%84%d8%ad%d8%a8%d8%a9\\\/#primaryimage\"},\"thumbnailUrl\":\"https:\\\/\\\/saudi-gift.com\\\/wp-content\\\/uploads\\\/2024\\\/12\\\/803c6fa2-10f3-428c-899b-1d34745ff24f-1000x1000-CLGfiFbKT6PKEn0WZztEzYnqFizIxHlWLWdSdqZu.webp\",\"datePublished\":\"2024-12-25T15:59:43+00:00\",\"description\":\"Vivez une exp\u00e9rience d\u00e9licieuse et luxueuse avec les dattes Saqa'i infus\u00e9es aux amandes et l'enrobage aux amandes, o\u00f9 le go\u00fbt riche et naturel des dattes s'allie \u00e0 la saveur des amandes fra\u00eechement torr\u00e9fi\u00e9es.\",\"breadcrumb\":{\"@id\":\"https:\\\/\\\/saudi-gift.com\\\/product\\\/%d8%b5%d9%82%d8%b9%d9%8a-%d8%a8%d8%a7%d9%84%d9%84%d9%88%d8%b2-%d9%85%d8%ba%d9%84%d9%81-%d8%a8%d8%a7%d9%84%d8%ad%d8%a8%d8%a9\\\/#breadcrumb\"},\"inLanguage\":\"fr-FR\",\"potentialAction\":[{\"@type\":\"ReadAction\",\"target\":[\"https:\\\/\\\/saudi-gift.com\\\/product\\\/%d8%b5%d9%82%d8%b9%d9%8a-%d8%a8%d8%a7%d9%84%d9%84%d9%88%d8%b2-%d9%85%d8%ba%d9%84%d9%81-%d8%a8%d8%a7%d9%84%d8%ad%d8%a8%d8%a9\\\/\"]}]},{\"@type\":\"ImageObject\",\"inLanguage\":\"fr-FR\",\"@id\":\"https:\\\/\\\/saudi-gift.com\\\/product\\\/%d8%b5%d9%82%d8%b9%d9%8a-%d8%a8%d8%a7%d9%84%d9%84%d9%88%d8%b2-%d9%85%d8%ba%d9%84%d9%81-%d8%a8%d8%a7%d9%84%d8%ad%d8%a8%d8%a9\\\/#primaryimage\",\"url\":\"https:\\\/\\\/saudi-gift.com\\\/wp-content\\\/uploads\\\/2024\\\/12\\\/803c6fa2-10f3-428c-899b-1d34745ff24f-1000x1000-CLGfiFbKT6PKEn0WZztEzYnqFizIxHlWLWdSdqZu.webp\",\"contentUrl\":\"https:\\\/\\\/saudi-gift.com\\\/wp-content\\\/uploads\\\/2024\\\/12\\\/803c6fa2-10f3-428c-899b-1d34745ff24f-1000x1000-CLGfiFbKT6PKEn0WZztEzYnqFizIxHlWLWdSdqZu.webp\",\"width\":600,\"height\":600},{\"@type\":\"BreadcrumbList\",\"@id\":\"https:\\\/\\\/saudi-gift.com\\\/product\\\/%d8%b5%d9%82%d8%b9%d9%8a-%d8%a8%d8%a7%d9%84%d9%84%d9%88%d8%b2-%d9%85%d8%ba%d9%84%d9%81-%d8%a8%d8%a7%d9%84%d8%ad%d8%a8%d8%a9\\\/#breadcrumb\",\"itemListElement\":[{\"@type\":\"ListItem\",\"position\":1,\"name\":\"Home\",\"item\":\"https:\\\/\\\/saudi-gift.com\\\/fr\\\/\"},{\"@type\":\"ListItem\",\"position\":2,\"name\":\"Acheter\",\"item\":\"https:\\\/\\\/saudi-gift.com\\\/fr\\\/acheter\\\/\"},{\"@type\":\"ListItem\",\"position\":3,\"name\":\"Sajaqi envelopp\u00e9 d&#8217;amandes\"}]},{\"@type\":\"WebSite\",\"@id\":\"https:\\\/\\\/saudi-gift.com\\\/#website\",\"url\":\"https:\\\/\\\/saudi-gift.com\\\/\",\"name\":\"\u0647\u062f\u064a\u0629 \u0633\u0639\u0648\u062f\u064a\u0629\",\"description\":\"\u0647\u062f\u064a\u0629 \u0633\u0639\u0648\u062f\u064a\u0629 \u0645\u062a\u062c\u0631 \u0627\u0644\u0643\u062a\u0631\u0648\u0646\u064a \u064a\u0642\u062f\u0645 \u0644\u0643\u0645 \u0645\u062c\u0645\u0648\u0639\u0629 \u0645\u0646 \u0627\u0644\u0647\u062f\u0627\u064a\u0627 \u0627\u0644\u062a\u064a \u062a\u062c\u0633\u062f \u0639\u0628\u0642 \u0630\u0643\u0631\u064a\u0627\u062a\u0643\u0645 \u0641\u064a \u0627\u0644\u0645\u0634\u0627\u0639\u0631 \u0627\u0644\u0645\u0642\u062f\u0633\u0629\",\"publisher\":{\"@id\":\"https:\\\/\\\/saudi-gift.com\\\/#organization\"},\"alternateName\":\"\u0647\u062f\u064a\u0629 \u0633\u0639\u0648\u062f\u064a\u0629\",\"potentialAction\":[{\"@type\":\"SearchAction\",\"target\":{\"@type\":\"EntryPoint\",\"urlTemplate\":\"https:\\\/\\\/saudi-gift.com\\\/?s={search_term_string}\"},\"query-input\":{\"@type\":\"PropertyValueSpecification\",\"valueRequired\":true,\"valueName\":\"search_term_string\"}}],\"inLanguage\":\"fr-FR\"},{\"@type\":\"Organization\",\"@id\":\"https:\\\/\\\/saudi-gift.com\\\/#organization\",\"name\":\"\u0645\u062a\u062c\u0631 \u0627\u0644\u0647\u062f\u064a\u0629\",\"alternateName\":\"\u0647\u062f\u064a\u0629 \u0633\u0639\u0648\u062f\u064a\u0629\",\"url\":\"https:\\\/\\\/saudi-gift.com\\\/\",\"logo\":{\"@type\":\"ImageObject\",\"inLanguage\":\"fr-FR\",\"@id\":\"https:\\\/\\\/saudi-gift.com\\\/#\\\/schema\\\/logo\\\/image\\\/\",\"url\":\"https:\\\/\\\/saudi-gift.com\\\/wp-content\\\/uploads\\\/2025\\\/05\\\/2.png\",\"contentUrl\":\"https:\\\/\\\/saudi-gift.com\\\/wp-content\\\/uploads\\\/2025\\\/05\\\/2.png\",\"width\":163,\"height\":42,\"caption\":\"\u0645\u062a\u062c\u0631 \u0627\u0644\u0647\u062f\u064a\u0629\"},\"image\":{\"@id\":\"https:\\\/\\\/saudi-gift.com\\\/#\\\/schema\\\/logo\\\/image\\\/\"},\"sameAs\":[\"https:\\\/\\\/www.facebook.com\\\/profile.php?id=61560277649059&mibextid=LQQJ4d\",\"https:\\\/\\\/x.com\\\/saudigift_\"]}]}<\/script>\n<!-- \/ Yoast SEO Premium plugin. -->","yoast_head_json":{"title":"Dattes envelopp\u00e9es d'amandes - Boutique en ligne Saudi Gift Now","description":"Vivez une exp\u00e9rience d\u00e9licieuse et luxueuse avec les dattes Saqa'i infus\u00e9es aux amandes et l'enrobage aux amandes, o\u00f9 le go\u00fbt riche et naturel des dattes s'allie \u00e0 la saveur des amandes fra\u00eechement torr\u00e9fi\u00e9es.","robots":{"index":"index","follow":"follow","max-snippet":"max-snippet:-1","max-image-preview":"max-image-preview:large","max-video-preview":"max-video-preview:-1"},"canonical":"https:\/\/saudi-gift.com\/product\/\u0635\u0642\u0639\u064a-\u0628\u0627\u0644\u0644\u0648\u0632-\u0645\u063a\u0644\u0641-\u0628\u0627\u0644\u062d\u0628\u0629\/","og_locale":"fr_FR","og_type":"article","og_title":"Sajaqi envelopp\u00e9 d'amandes","og_description":"Vivez une exp\u00e9rience d\u00e9licieuse et luxueuse avec les dattes Saqa'i infus\u00e9es aux amandes et l'enrobage aux amandes, o\u00f9 le go\u00fbt riche et naturel des dattes s'allie \u00e0 la saveur des amandes fra\u00eechement torr\u00e9fi\u00e9es.","og_url":"https:\/\/saudi-gift.com\/product\/\u0635\u0642\u0639\u064a-\u0628\u0627\u0644\u0644\u0648\u0632-\u0645\u063a\u0644\u0641-\u0628\u0627\u0644\u062d\u0628\u0629\/","og_site_name":"\u0647\u062f\u064a\u0629 \u0633\u0639\u0648\u062f\u064a\u0629","article_publisher":"https:\/\/www.facebook.com\/profile.php?id=61560277649059&mibextid=LQQJ4d","og_image":[{"width":600,"height":600,"url":"https:\/\/saudi-gift.com\/wp-content\/uploads\/2024\/12\/803c6fa2-10f3-428c-899b-1d34745ff24f-1000x1000-CLGfiFbKT6PKEn0WZztEzYnqFizIxHlWLWdSdqZu.webp","type":"image\/webp"}],"twitter_card":"summary_large_image","twitter_site":"@saudigift_","twitter_misc":{"Dur\u00e9e de lecture estim\u00e9e":"1 minute"},"schema":{"@context":"https:\/\/schema.org","@graph":[{"@type":"WebPage","@id":"https:\/\/saudi-gift.com\/product\/%d8%b5%d9%82%d8%b9%d9%8a-%d8%a8%d8%a7%d9%84%d9%84%d9%88%d8%b2-%d9%85%d8%ba%d9%84%d9%81-%d8%a8%d8%a7%d9%84%d8%ad%d8%a8%d8%a9\/","url":"https:\/\/saudi-gift.com\/product\/%d8%b5%d9%82%d8%b9%d9%8a-%d8%a8%d8%a7%d9%84%d9%84%d9%88%d8%b2-%d9%85%d8%ba%d9%84%d9%81-%d8%a8%d8%a7%d9%84%d8%ad%d8%a8%d8%a9\/","name":"Dattes envelopp\u00e9es d'amandes - Boutique en ligne Saudi Gift Now","isPartOf":{"@id":"https:\/\/saudi-gift.com\/#website"},"primaryImageOfPage":{"@id":"https:\/\/saudi-gift.com\/product\/%d8%b5%d9%82%d8%b9%d9%8a-%d8%a8%d8%a7%d9%84%d9%84%d9%88%d8%b2-%d9%85%d8%ba%d9%84%d9%81-%d8%a8%d8%a7%d9%84%d8%ad%d8%a8%d8%a9\/#primaryimage"},"image":{"@id":"https:\/\/saudi-gift.com\/product\/%d8%b5%d9%82%d8%b9%d9%8a-%d8%a8%d8%a7%d9%84%d9%84%d9%88%d8%b2-%d9%85%d8%ba%d9%84%d9%81-%d8%a8%d8%a7%d9%84%d8%ad%d8%a8%d8%a9\/#primaryimage"},"thumbnailUrl":"https:\/\/saudi-gift.com\/wp-content\/uploads\/2024\/12\/803c6fa2-10f3-428c-899b-1d34745ff24f-1000x1000-CLGfiFbKT6PKEn0WZztEzYnqFizIxHlWLWdSdqZu.webp","datePublished":"2024-12-25T15:59:43+00:00","description":"Vivez une exp\u00e9rience d\u00e9licieuse et luxueuse avec les dattes Saqa'i infus\u00e9es aux amandes et l'enrobage aux amandes, o\u00f9 le go\u00fbt riche et naturel des dattes s'allie \u00e0 la saveur des amandes fra\u00eechement torr\u00e9fi\u00e9es.","breadcrumb":{"@id":"https:\/\/saudi-gift.com\/product\/%d8%b5%d9%82%d8%b9%d9%8a-%d8%a8%d8%a7%d9%84%d9%84%d9%88%d8%b2-%d9%85%d8%ba%d9%84%d9%81-%d8%a8%d8%a7%d9%84%d8%ad%d8%a8%d8%a9\/#breadcrumb"},"inLanguage":"fr-FR","potentialAction":[{"@type":"ReadAction","target":["https:\/\/saudi-gift.com\/product\/%d8%b5%d9%82%d8%b9%d9%8a-%d8%a8%d8%a7%d9%84%d9%84%d9%88%d8%b2-%d9%85%d8%ba%d9%84%d9%81-%d8%a8%d8%a7%d9%84%d8%ad%d8%a8%d8%a9\/"]}]},{"@type":"ImageObject","inLanguage":"fr-FR","@id":"https:\/\/saudi-gift.com\/product\/%d8%b5%d9%82%d8%b9%d9%8a-%d8%a8%d8%a7%d9%84%d9%84%d9%88%d8%b2-%d9%85%d8%ba%d9%84%d9%81-%d8%a8%d8%a7%d9%84%d8%ad%d8%a8%d8%a9\/#primaryimage","url":"https:\/\/saudi-gift.com\/wp-content\/uploads\/2024\/12\/803c6fa2-10f3-428c-899b-1d34745ff24f-1000x1000-CLGfiFbKT6PKEn0WZztEzYnqFizIxHlWLWdSdqZu.webp","contentUrl":"https:\/\/saudi-gift.com\/wp-content\/uploads\/2024\/12\/803c6fa2-10f3-428c-899b-1d34745ff24f-1000x1000-CLGfiFbKT6PKEn0WZztEzYnqFizIxHlWLWdSdqZu.webp","width":600,"height":600},{"@type":"BreadcrumbList","@id":"https:\/\/saudi-gift.com\/product\/%d8%b5%d9%82%d8%b9%d9%8a-%d8%a8%d8%a7%d9%84%d9%84%d9%88%d8%b2-%d9%85%d8%ba%d9%84%d9%81-%d8%a8%d8%a7%d9%84%d8%ad%d8%a8%d8%a9\/#breadcrumb","itemListElement":[{"@type":"ListItem","position":1,"name":"Home","item":"https:\/\/saudi-gift.com\/fr\/"},{"@type":"ListItem","position":2,"name":"Acheter","item":"https:\/\/saudi-gift.com\/fr\/acheter\/"},{"@type":"ListItem","position":3,"name":"Sajaqi envelopp\u00e9 d&#8217;amandes"}]},{"@type":"WebSite","@id":"https:\/\/saudi-gift.com\/#website","url":"https:\/\/saudi-gift.com\/","name":"\u0647\u062f\u064a\u0629 \u0633\u0639\u0648\u062f\u064a\u0629","description":"\u0647\u062f\u064a\u0629 \u0633\u0639\u0648\u062f\u064a\u0629 \u0645\u062a\u062c\u0631 \u0627\u0644\u0643\u062a\u0631\u0648\u0646\u064a \u064a\u0642\u062f\u0645 \u0644\u0643\u0645 \u0645\u062c\u0645\u0648\u0639\u0629 \u0645\u0646 \u0627\u0644\u0647\u062f\u0627\u064a\u0627 \u0627\u0644\u062a\u064a \u062a\u062c\u0633\u062f \u0639\u0628\u0642 \u0630\u0643\u0631\u064a\u0627\u062a\u0643\u0645 \u0641\u064a \u0627\u0644\u0645\u0634\u0627\u0639\u0631 \u0627\u0644\u0645\u0642\u062f\u0633\u0629","publisher":{"@id":"https:\/\/saudi-gift.com\/#organization"},"alternateName":"\u0647\u062f\u064a\u0629 \u0633\u0639\u0648\u062f\u064a\u0629","potentialAction":[{"@type":"SearchAction","target":{"@type":"EntryPoint","urlTemplate":"https:\/\/saudi-gift.com\/?s={search_term_string}"},"query-input":{"@type":"PropertyValueSpecification","valueRequired":true,"valueName":"search_term_string"}}],"inLanguage":"fr-FR"},{"@type":"Organization","@id":"https:\/\/saudi-gift.com\/#organization","name":"\u0645\u062a\u062c\u0631 \u0627\u0644\u0647\u062f\u064a\u0629","alternateName":"\u0647\u062f\u064a\u0629 \u0633\u0639\u0648\u062f\u064a\u0629","url":"https:\/\/saudi-gift.com\/","logo":{"@type":"ImageObject","inLanguage":"fr-FR","@id":"https:\/\/saudi-gift.com\/#\/schema\/logo\/image\/","url":"https:\/\/saudi-gift.com\/wp-content\/uploads\/2025\/05\/2.png","contentUrl":"https:\/\/saudi-gift.com\/wp-content\/uploads\/2025\/05\/2.png","width":163,"height":42,"caption":"\u0645\u062a\u062c\u0631 \u0627\u0644\u0647\u062f\u064a\u0629"},"image":{"@id":"https:\/\/saudi-gift.com\/#\/schema\/logo\/image\/"},"sameAs":["https:\/\/www.facebook.com\/profile.php?id=61560277649059&mibextid=LQQJ4d","https:\/\/x.com\/saudigift_"]}]}},"jetpack-related-posts":[],"_links":{"self":[{"href":"https:\/\/saudi-gift.com\/fr\/wp-json\/wp\/v2\/product\/39134","targetHints":{"allow":["GET"]}}],"collection":[{"href":"https:\/\/saudi-gift.com\/fr\/wp-json\/wp\/v2\/product"}],"about":[{"href":"https:\/\/saudi-gift.com\/fr\/wp-json\/wp\/v2\/types\/product"}],"replies":[{"embeddable":true,"href":"https:\/\/saudi-gift.com\/fr\/wp-json\/wp\/v2\/comments?post=39134"}],"version-history":[{"count":0,"href":"https:\/\/saudi-gift.com\/fr\/wp-json\/wp\/v2\/product\/39134\/revisions"}],"wp:featuredmedia":[{"embeddable":true,"href":"https:\/\/saudi-gift.com\/fr\/wp-json\/wp\/v2\/media\/31226"}],"wp:attachment":[{"href":"https:\/\/saudi-gift.com\/fr\/wp-json\/wp\/v2\/media?parent=39134"}],"wp:term":[{"taxonomy":"product_brand","embeddable":true,"href":"https:\/\/saudi-gift.com\/fr\/wp-json\/wp\/v2\/product_brand?post=39134"},{"taxonomy":"product_cat","embeddable":true,"href":"https:\/\/saudi-gift.com\/fr\/wp-json\/wp\/v2\/product_cat?post=39134"},{"taxonomy":"product_tag","embeddable":true,"href":"https:\/\/saudi-gift.com\/fr\/wp-json\/wp\/v2\/product_tag?post=39134"}],"curies":[{"name":"wp","href":"https:\/\/api.w.org\/{rel}","templated":true}]}}