{"id":39202,"date":"2024-12-25T15:41:54","date_gmt":"2024-12-25T12:41:54","guid":{"rendered":"https:\/\/saudi-gift.com\/product\/boite-de-luxe-de-dattes-fourrees-assorties\/"},"modified":"2025-06-02T12:49:54","modified_gmt":"2025-06-02T09:49:54","slug":"boite-de-luxe-de-dattes-fourrees-assorties","status":"publish","type":"product","link":"https:\/\/saudi-gift.com\/fr\/produit\/boite-de-luxe-de-dattes-fourrees-assorties\/","title":{"rendered":"Bo\u00eete de luxe de dattes fourr\u00e9es assorties"},"content":{"rendered":"<p>Bo\u00eete de luxe de dattes fourr\u00e9es assorties<\/p>\n<p>Ces dattes farcies sont la combinaison parfaite de saveurs riches et d&rsquo;ingr\u00e9dients nutritionnels homog\u00e8nes, ce qui en fait un choix id\u00e9al pour satisfaire vos envies nutritionnelles et ajouter une touche d\u00e9licieuse \u00e0 votre temps. <\/p>\n<p>&nbsp;<\/p>\n<p><strong>Valeur nutritionnelle :<\/strong><\/p>\n<ul>\n<li class=\"ql-indent-1\">Les dattes sont une riche source de vitamines et de min\u00e9raux, tandis que les garnitures et les noix apportent des prot\u00e9ines, des graisses saines et des fibres.  <\/li>\n<\/ul>\n<p><strong>Ingr\u00e9dients naturels :<\/strong><\/p>\n<ul>\n<li class=\"ql-indent-1\">Ces dattes ne contiennent que des ingr\u00e9dients naturels et sains, sans conservateurs ajout\u00e9s. <\/li>\n<\/ul>\n<p><strong>Convient \u00e0 tout moment :<\/strong><\/p>\n<ul>\n<li class=\"ql-indent-1\">Ces dattes constituent un choix id\u00e9al pour un en-cas sain ou un en-cas \u00e9nerg\u00e9tique pour un regain d&rsquo;\u00e9nergie au cours de la journ\u00e9e.<\/li>\n<\/ul>\n","protected":false},"excerpt":{"rendered":"<p><strong>Vivez une exp\u00e9rience unique et distinctive avec notre gamme de dattes farcies aromatis\u00e9es et profitez de leur haute valeur nutritionnelle \u00e0 chaque repas ! <\/strong><\/p>\n","protected":false},"featured_media":31107,"comment_status":"open","ping_status":"closed","template":"","meta":[],"product_brand":[],"product_cat":[167,3255,3122],"product_tag":[1374,611],"class_list":{"0":"post-39202","1":"product","2":"type-product","3":"status-publish","4":"has-post-thumbnail","6":"product_cat-167","7":"product_cat-3255","8":"product_cat-3122","9":"product_tag-1374","10":"product_tag-611","12":"first","13":"instock","14":"sale","15":"sold-individually","16":"shipping-taxable","17":"purchasable","18":"product-type-variable"},"yoast_head":"<!-- This site is optimized with the Yoast SEO Premium plugin v27.2 (Yoast SEO v27.6) - https:\/\/yoast.com\/product\/yoast-seo-premium-wordpress\/ -->\n<title>Collection de dattes empaill\u00e9es de luxe - Achetez en ligne aux prix les plus bas sur Saudi Gift Now<\/title>\n<meta name=\"description\" content=\"Vivez une exp\u00e9rience unique et distinctive avec notre gamme de dattes farcies aromatis\u00e9es et profitez de leur haute valeur nutritionnelle \u00e0 chaque repas !\" \/>\n<meta name=\"robots\" content=\"index, follow, max-snippet:-1, max-image-preview:large, max-video-preview:-1\" \/>\n<link rel=\"canonical\" href=\"https:\/\/saudi-gift.com\/fr\/product\/boite-de-luxe-de-dattes-fourrees-assorties\/\" \/>\n<meta property=\"og:locale\" content=\"fr_FR\" \/>\n<meta property=\"og:type\" content=\"article\" \/>\n<meta property=\"og:title\" content=\"Bo\u00eete de luxe de dattes fourr\u00e9es assorties\" \/>\n<meta property=\"og:description\" content=\"Vivez une exp\u00e9rience unique et distinctive avec notre gamme de dattes farcies aromatis\u00e9es et profitez de leur haute valeur nutritionnelle \u00e0 chaque repas !\" \/>\n<meta property=\"og:url\" content=\"https:\/\/saudi-gift.com\/fr\/product\/boite-de-luxe-de-dattes-fourrees-assorties\/\" \/>\n<meta property=\"og:site_name\" content=\"\u0647\u062f\u064a\u0629 \u0633\u0639\u0648\u062f\u064a\u0629\" \/>\n<meta property=\"article:publisher\" content=\"https:\/\/www.facebook.com\/profile.php?id=61560277649059&amp;mibextid=LQQJ4d\" \/>\n<meta property=\"article:modified_time\" content=\"2025-06-02T09:49:54+00:00\" \/>\n<meta property=\"og:image\" content=\"https:\/\/saudi-gift.com\/wp-content\/uploads\/2024\/12\/51c3ccd6-4f03-429b-96f7-cf9fde930fbf-1000x1000-zOern5oh8V5F4gNx4gfM0AqdD6Ju2nlXUkA82xPd.webp\" \/>\n\t<meta property=\"og:image:width\" content=\"600\" \/>\n\t<meta property=\"og:image:height\" content=\"600\" \/>\n\t<meta property=\"og:image:type\" content=\"image\/webp\" \/>\n<meta name=\"twitter:card\" content=\"summary_large_image\" \/>\n<meta name=\"twitter:site\" content=\"@saudigift_\" \/>\n<meta name=\"twitter:label1\" content=\"Dur\u00e9e de lecture estim\u00e9e\" \/>\n\t<meta name=\"twitter:data1\" content=\"1 minute\" \/>\n<script type=\"application\/ld+json\" class=\"yoast-schema-graph\">{\"@context\":\"https:\\\/\\\/schema.org\",\"@graph\":[{\"@type\":\"WebPage\",\"@id\":\"https:\\\/\\\/saudi-gift.com\\\/fr\\\/product\\\/boite-de-luxe-de-dattes-fourrees-assorties\\\/\",\"url\":\"https:\\\/\\\/saudi-gift.com\\\/fr\\\/product\\\/boite-de-luxe-de-dattes-fourrees-assorties\\\/\",\"name\":\"Collection de dattes empaill\u00e9es de luxe - Achetez en ligne aux prix les plus bas sur Saudi Gift Now\",\"isPartOf\":{\"@id\":\"https:\\\/\\\/saudi-gift.com\\\/#website\"},\"primaryImageOfPage\":{\"@id\":\"https:\\\/\\\/saudi-gift.com\\\/fr\\\/product\\\/boite-de-luxe-de-dattes-fourrees-assorties\\\/#primaryimage\"},\"image\":{\"@id\":\"https:\\\/\\\/saudi-gift.com\\\/fr\\\/product\\\/boite-de-luxe-de-dattes-fourrees-assorties\\\/#primaryimage\"},\"thumbnailUrl\":\"https:\\\/\\\/saudi-gift.com\\\/wp-content\\\/uploads\\\/2024\\\/12\\\/51c3ccd6-4f03-429b-96f7-cf9fde930fbf-1000x1000-zOern5oh8V5F4gNx4gfM0AqdD6Ju2nlXUkA82xPd.webp\",\"datePublished\":\"2024-12-25T12:41:54+00:00\",\"dateModified\":\"2025-06-02T09:49:54+00:00\",\"description\":\"Vivez une exp\u00e9rience unique et distinctive avec notre gamme de dattes farcies aromatis\u00e9es et profitez de leur haute valeur nutritionnelle \u00e0 chaque repas !\",\"breadcrumb\":{\"@id\":\"https:\\\/\\\/saudi-gift.com\\\/fr\\\/product\\\/boite-de-luxe-de-dattes-fourrees-assorties\\\/#breadcrumb\"},\"inLanguage\":\"fr-FR\",\"potentialAction\":[{\"@type\":\"ReadAction\",\"target\":[\"https:\\\/\\\/saudi-gift.com\\\/fr\\\/product\\\/boite-de-luxe-de-dattes-fourrees-assorties\\\/\"]}]},{\"@type\":\"ImageObject\",\"inLanguage\":\"fr-FR\",\"@id\":\"https:\\\/\\\/saudi-gift.com\\\/fr\\\/product\\\/boite-de-luxe-de-dattes-fourrees-assorties\\\/#primaryimage\",\"url\":\"https:\\\/\\\/saudi-gift.com\\\/wp-content\\\/uploads\\\/2024\\\/12\\\/51c3ccd6-4f03-429b-96f7-cf9fde930fbf-1000x1000-zOern5oh8V5F4gNx4gfM0AqdD6Ju2nlXUkA82xPd.webp\",\"contentUrl\":\"https:\\\/\\\/saudi-gift.com\\\/wp-content\\\/uploads\\\/2024\\\/12\\\/51c3ccd6-4f03-429b-96f7-cf9fde930fbf-1000x1000-zOern5oh8V5F4gNx4gfM0AqdD6Ju2nlXUkA82xPd.webp\",\"width\":600,\"height\":600},{\"@type\":\"BreadcrumbList\",\"@id\":\"https:\\\/\\\/saudi-gift.com\\\/fr\\\/product\\\/boite-de-luxe-de-dattes-fourrees-assorties\\\/#breadcrumb\",\"itemListElement\":[{\"@type\":\"ListItem\",\"position\":1,\"name\":\"Home\",\"item\":\"https:\\\/\\\/saudi-gift.com\\\/fr\\\/\"},{\"@type\":\"ListItem\",\"position\":2,\"name\":\"Acheter\",\"item\":\"https:\\\/\\\/saudi-gift.com\\\/fr\\\/acheter\\\/\"},{\"@type\":\"ListItem\",\"position\":3,\"name\":\"Bo\u00eete de luxe de dattes fourr\u00e9es assorties\"}]},{\"@type\":\"WebSite\",\"@id\":\"https:\\\/\\\/saudi-gift.com\\\/#website\",\"url\":\"https:\\\/\\\/saudi-gift.com\\\/\",\"name\":\"\u0647\u062f\u064a\u0629 \u0633\u0639\u0648\u062f\u064a\u0629\",\"description\":\"\u0647\u062f\u064a\u0629 \u0633\u0639\u0648\u062f\u064a\u0629 \u0645\u062a\u062c\u0631 \u0627\u0644\u0643\u062a\u0631\u0648\u0646\u064a \u064a\u0642\u062f\u0645 \u0644\u0643\u0645 \u0645\u062c\u0645\u0648\u0639\u0629 \u0645\u0646 \u0627\u0644\u0647\u062f\u0627\u064a\u0627 \u0627\u0644\u062a\u064a \u062a\u062c\u0633\u062f \u0639\u0628\u0642 \u0630\u0643\u0631\u064a\u0627\u062a\u0643\u0645 \u0641\u064a \u0627\u0644\u0645\u0634\u0627\u0639\u0631 \u0627\u0644\u0645\u0642\u062f\u0633\u0629\",\"publisher\":{\"@id\":\"https:\\\/\\\/saudi-gift.com\\\/#organization\"},\"alternateName\":\"\u0647\u062f\u064a\u0629 \u0633\u0639\u0648\u062f\u064a\u0629\",\"potentialAction\":[{\"@type\":\"SearchAction\",\"target\":{\"@type\":\"EntryPoint\",\"urlTemplate\":\"https:\\\/\\\/saudi-gift.com\\\/?s={search_term_string}\"},\"query-input\":{\"@type\":\"PropertyValueSpecification\",\"valueRequired\":true,\"valueName\":\"search_term_string\"}}],\"inLanguage\":\"fr-FR\"},{\"@type\":\"Organization\",\"@id\":\"https:\\\/\\\/saudi-gift.com\\\/#organization\",\"name\":\"\u0645\u062a\u062c\u0631 \u0627\u0644\u0647\u062f\u064a\u0629\",\"alternateName\":\"\u0647\u062f\u064a\u0629 \u0633\u0639\u0648\u062f\u064a\u0629\",\"url\":\"https:\\\/\\\/saudi-gift.com\\\/\",\"logo\":{\"@type\":\"ImageObject\",\"inLanguage\":\"fr-FR\",\"@id\":\"https:\\\/\\\/saudi-gift.com\\\/#\\\/schema\\\/logo\\\/image\\\/\",\"url\":\"https:\\\/\\\/saudi-gift.com\\\/wp-content\\\/uploads\\\/2025\\\/05\\\/2.png\",\"contentUrl\":\"https:\\\/\\\/saudi-gift.com\\\/wp-content\\\/uploads\\\/2025\\\/05\\\/2.png\",\"width\":163,\"height\":42,\"caption\":\"\u0645\u062a\u062c\u0631 \u0627\u0644\u0647\u062f\u064a\u0629\"},\"image\":{\"@id\":\"https:\\\/\\\/saudi-gift.com\\\/#\\\/schema\\\/logo\\\/image\\\/\"},\"sameAs\":[\"https:\\\/\\\/www.facebook.com\\\/profile.php?id=61560277649059&mibextid=LQQJ4d\",\"https:\\\/\\\/x.com\\\/saudigift_\"]}]}<\/script>\n<!-- \/ Yoast SEO Premium plugin. -->","yoast_head_json":{"title":"Collection de dattes empaill\u00e9es de luxe - Achetez en ligne aux prix les plus bas sur Saudi Gift Now","description":"Vivez une exp\u00e9rience unique et distinctive avec notre gamme de dattes farcies aromatis\u00e9es et profitez de leur haute valeur nutritionnelle \u00e0 chaque repas !","robots":{"index":"index","follow":"follow","max-snippet":"max-snippet:-1","max-image-preview":"max-image-preview:large","max-video-preview":"max-video-preview:-1"},"canonical":"https:\/\/saudi-gift.com\/fr\/product\/boite-de-luxe-de-dattes-fourrees-assorties\/","og_locale":"fr_FR","og_type":"article","og_title":"Bo\u00eete de luxe de dattes fourr\u00e9es assorties","og_description":"Vivez une exp\u00e9rience unique et distinctive avec notre gamme de dattes farcies aromatis\u00e9es et profitez de leur haute valeur nutritionnelle \u00e0 chaque repas !","og_url":"https:\/\/saudi-gift.com\/fr\/product\/boite-de-luxe-de-dattes-fourrees-assorties\/","og_site_name":"\u0647\u062f\u064a\u0629 \u0633\u0639\u0648\u062f\u064a\u0629","article_publisher":"https:\/\/www.facebook.com\/profile.php?id=61560277649059&mibextid=LQQJ4d","article_modified_time":"2025-06-02T09:49:54+00:00","og_image":[{"width":600,"height":600,"url":"https:\/\/saudi-gift.com\/wp-content\/uploads\/2024\/12\/51c3ccd6-4f03-429b-96f7-cf9fde930fbf-1000x1000-zOern5oh8V5F4gNx4gfM0AqdD6Ju2nlXUkA82xPd.webp","type":"image\/webp"}],"twitter_card":"summary_large_image","twitter_site":"@saudigift_","twitter_misc":{"Dur\u00e9e de lecture estim\u00e9e":"1 minute"},"schema":{"@context":"https:\/\/schema.org","@graph":[{"@type":"WebPage","@id":"https:\/\/saudi-gift.com\/fr\/product\/boite-de-luxe-de-dattes-fourrees-assorties\/","url":"https:\/\/saudi-gift.com\/fr\/product\/boite-de-luxe-de-dattes-fourrees-assorties\/","name":"Collection de dattes empaill\u00e9es de luxe - Achetez en ligne aux prix les plus bas sur Saudi Gift Now","isPartOf":{"@id":"https:\/\/saudi-gift.com\/#website"},"primaryImageOfPage":{"@id":"https:\/\/saudi-gift.com\/fr\/product\/boite-de-luxe-de-dattes-fourrees-assorties\/#primaryimage"},"image":{"@id":"https:\/\/saudi-gift.com\/fr\/product\/boite-de-luxe-de-dattes-fourrees-assorties\/#primaryimage"},"thumbnailUrl":"https:\/\/saudi-gift.com\/wp-content\/uploads\/2024\/12\/51c3ccd6-4f03-429b-96f7-cf9fde930fbf-1000x1000-zOern5oh8V5F4gNx4gfM0AqdD6Ju2nlXUkA82xPd.webp","datePublished":"2024-12-25T12:41:54+00:00","dateModified":"2025-06-02T09:49:54+00:00","description":"Vivez une exp\u00e9rience unique et distinctive avec notre gamme de dattes farcies aromatis\u00e9es et profitez de leur haute valeur nutritionnelle \u00e0 chaque repas !","breadcrumb":{"@id":"https:\/\/saudi-gift.com\/fr\/product\/boite-de-luxe-de-dattes-fourrees-assorties\/#breadcrumb"},"inLanguage":"fr-FR","potentialAction":[{"@type":"ReadAction","target":["https:\/\/saudi-gift.com\/fr\/product\/boite-de-luxe-de-dattes-fourrees-assorties\/"]}]},{"@type":"ImageObject","inLanguage":"fr-FR","@id":"https:\/\/saudi-gift.com\/fr\/product\/boite-de-luxe-de-dattes-fourrees-assorties\/#primaryimage","url":"https:\/\/saudi-gift.com\/wp-content\/uploads\/2024\/12\/51c3ccd6-4f03-429b-96f7-cf9fde930fbf-1000x1000-zOern5oh8V5F4gNx4gfM0AqdD6Ju2nlXUkA82xPd.webp","contentUrl":"https:\/\/saudi-gift.com\/wp-content\/uploads\/2024\/12\/51c3ccd6-4f03-429b-96f7-cf9fde930fbf-1000x1000-zOern5oh8V5F4gNx4gfM0AqdD6Ju2nlXUkA82xPd.webp","width":600,"height":600},{"@type":"BreadcrumbList","@id":"https:\/\/saudi-gift.com\/fr\/product\/boite-de-luxe-de-dattes-fourrees-assorties\/#breadcrumb","itemListElement":[{"@type":"ListItem","position":1,"name":"Home","item":"https:\/\/saudi-gift.com\/fr\/"},{"@type":"ListItem","position":2,"name":"Acheter","item":"https:\/\/saudi-gift.com\/fr\/acheter\/"},{"@type":"ListItem","position":3,"name":"Bo\u00eete de luxe de dattes fourr\u00e9es assorties"}]},{"@type":"WebSite","@id":"https:\/\/saudi-gift.com\/#website","url":"https:\/\/saudi-gift.com\/","name":"\u0647\u062f\u064a\u0629 \u0633\u0639\u0648\u062f\u064a\u0629","description":"\u0647\u062f\u064a\u0629 \u0633\u0639\u0648\u062f\u064a\u0629 \u0645\u062a\u062c\u0631 \u0627\u0644\u0643\u062a\u0631\u0648\u0646\u064a \u064a\u0642\u062f\u0645 \u0644\u0643\u0645 \u0645\u062c\u0645\u0648\u0639\u0629 \u0645\u0646 \u0627\u0644\u0647\u062f\u0627\u064a\u0627 \u0627\u0644\u062a\u064a \u062a\u062c\u0633\u062f \u0639\u0628\u0642 \u0630\u0643\u0631\u064a\u0627\u062a\u0643\u0645 \u0641\u064a \u0627\u0644\u0645\u0634\u0627\u0639\u0631 \u0627\u0644\u0645\u0642\u062f\u0633\u0629","publisher":{"@id":"https:\/\/saudi-gift.com\/#organization"},"alternateName":"\u0647\u062f\u064a\u0629 \u0633\u0639\u0648\u062f\u064a\u0629","potentialAction":[{"@type":"SearchAction","target":{"@type":"EntryPoint","urlTemplate":"https:\/\/saudi-gift.com\/?s={search_term_string}"},"query-input":{"@type":"PropertyValueSpecification","valueRequired":true,"valueName":"search_term_string"}}],"inLanguage":"fr-FR"},{"@type":"Organization","@id":"https:\/\/saudi-gift.com\/#organization","name":"\u0645\u062a\u062c\u0631 \u0627\u0644\u0647\u062f\u064a\u0629","alternateName":"\u0647\u062f\u064a\u0629 \u0633\u0639\u0648\u062f\u064a\u0629","url":"https:\/\/saudi-gift.com\/","logo":{"@type":"ImageObject","inLanguage":"fr-FR","@id":"https:\/\/saudi-gift.com\/#\/schema\/logo\/image\/","url":"https:\/\/saudi-gift.com\/wp-content\/uploads\/2025\/05\/2.png","contentUrl":"https:\/\/saudi-gift.com\/wp-content\/uploads\/2025\/05\/2.png","width":163,"height":42,"caption":"\u0645\u062a\u062c\u0631 \u0627\u0644\u0647\u062f\u064a\u0629"},"image":{"@id":"https:\/\/saudi-gift.com\/#\/schema\/logo\/image\/"},"sameAs":["https:\/\/www.facebook.com\/profile.php?id=61560277649059&mibextid=LQQJ4d","https:\/\/x.com\/saudigift_"]}]}},"jetpack-related-posts":[],"_links":{"self":[{"href":"https:\/\/saudi-gift.com\/fr\/wp-json\/wp\/v2\/product\/39202","targetHints":{"allow":["GET"]}}],"collection":[{"href":"https:\/\/saudi-gift.com\/fr\/wp-json\/wp\/v2\/product"}],"about":[{"href":"https:\/\/saudi-gift.com\/fr\/wp-json\/wp\/v2\/types\/product"}],"replies":[{"embeddable":true,"href":"https:\/\/saudi-gift.com\/fr\/wp-json\/wp\/v2\/comments?post=39202"}],"version-history":[{"count":1,"href":"https:\/\/saudi-gift.com\/fr\/wp-json\/wp\/v2\/product\/39202\/revisions"}],"predecessor-version":[{"id":67428,"href":"https:\/\/saudi-gift.com\/fr\/wp-json\/wp\/v2\/product\/39202\/revisions\/67428"}],"wp:featuredmedia":[{"embeddable":true,"href":"https:\/\/saudi-gift.com\/fr\/wp-json\/wp\/v2\/media\/31107"}],"wp:attachment":[{"href":"https:\/\/saudi-gift.com\/fr\/wp-json\/wp\/v2\/media?parent=39202"}],"wp:term":[{"taxonomy":"product_brand","embeddable":true,"href":"https:\/\/saudi-gift.com\/fr\/wp-json\/wp\/v2\/product_brand?post=39202"},{"taxonomy":"product_cat","embeddable":true,"href":"https:\/\/saudi-gift.com\/fr\/wp-json\/wp\/v2\/product_cat?post=39202"},{"taxonomy":"product_tag","embeddable":true,"href":"https:\/\/saudi-gift.com\/fr\/wp-json\/wp\/v2\/product_tag?post=39202"}],"curies":[{"name":"wp","href":"https:\/\/api.w.org\/{rel}","templated":true}]}}