{"id":39625,"date":"2025-01-22T14:51:17","date_gmt":"2025-01-22T11:51:17","guid":{"rendered":"https:\/\/saudi-gift.com\/product\/precision-urbaine\/"},"modified":"2025-02-01T20:22:15","modified_gmt":"2025-02-01T17:22:15","slug":"precision-urbaine","status":"publish","type":"product","link":"https:\/\/saudi-gift.com\/fr\/produit\/precision-urbaine\/","title":{"rendered":"Pr\u00e9cision urbaine"},"content":{"rendered":"<h2 class=\"ql-direction-rtl\"><span style=\"font-size: 17px;\">Pr\u00e9cision urbaine  <\/span><\/h2>\n<h2 class=\"ql-direction-rtl\"><span style=\"font-size: 17px;\">Ingr\u00e9dients pour la farine Medina :<\/span><\/h2>\n<ul>\n<li class=\"ql-direction-rtl ql-align-right\"><strong>Graines de cumin<\/strong>: Connues pour leurs vertus digestives et anti-ballonnements, elles ont une odeur et un go\u00fbt particuliers.<\/li>\n<li class=\"ql-direction-rtl ql-align-right\"><strong>Poivre noir<\/strong>: Il am\u00e9liore l&rsquo;absorption des nutriments par l&rsquo;organisme et donne une saveur \u00e9pic\u00e9e aux plats.<\/li>\n<li class=\"ql-direction-rtl ql-align-right\"><strong>S\u00e9same<\/strong>: Riche en prot\u00e9ines, en fibres et en min\u00e9raux essentiels tels que le calcium et le magn\u00e9sium, le s\u00e9same conf\u00e8re une riche saveur aux plats.<\/li>\n<li class=\"ql-direction-rtl ql-align-right\"><strong>Sel kamrani<\/strong>: Il est connu pour ses effets b\u00e9n\u00e9fiques sur la sant\u00e9, notamment pour r\u00e9duire la tension art\u00e9rielle et donner une saveur particuli\u00e8re aux plats : la r\u00e9duction de la tension art\u00e9rielle et l&rsquo;ajout d&rsquo;une saveur particuli\u00e8re aux plats.<\/li>\n<li class=\"ql-direction-rtl ql-align-right\"><strong>Sel de citron<\/strong>: Rehausse la saveur des aliments et ajoute une touche d&rsquo;acidit\u00e9.<\/li>\n<li class=\"ql-direction-rtl ql-align-right\"><strong>La coriandre<\/strong>: Connue pour ses bienfaits digestifs et anti-inflammatoires, elle est riche en antioxydants et donne une saveur particuli\u00e8re aux plats.<\/li>\n<li class=\"ql-direction-rtl ql-align-right\"><strong>Roses de M\u00e9dine<\/strong>: Ajoute une saveur aromatique aux plats.<\/li>\n<\/ul>\n<h2 class=\"ql-direction-rtl\">Utilisations de la pr\u00e9cision urbaine :<\/h2>\n<ul>\n<li class=\"ql-direction-rtl ql-align-right\">Mariner la viande et la volaille : La farine de m\u00e9dina est utilis\u00e9e pour mariner la viande et la volaille avant la cuisson. <\/li>\n<li class=\"ql-direction-rtl ql-align-right\">Ajoutez de la saveur aux salades : La farine de m\u00e9dina peut \u00eatre ajout\u00e9e \u00e0 certains types de salades, comme les salades au yaourt, pour leur donner une saveur particuli\u00e8re.   <\/li>\n<li class=\"ql-direction-rtl ql-align-right\">Pr\u00e9paration du houmous : La farine de m\u00e9dina est utilis\u00e9e dans la fabrication du houmous pour lui donner une saveur particuli\u00e8re.  <\/li>\n<li class=\"ql-direction-rtl ql-align-right\">Plat d&rsquo;abats : La farine de m\u00e9dina est l&rsquo;une des meilleures \u00e9pices pour pr\u00e9parer un excellent plat de farine. <\/li>\n<\/ul>\n","protected":false},"excerpt":{"rendered":"<p>Pr\u00e9cision urbaine Ingr\u00e9dients pour la farine Medina : Graines de cumin: Connues pour leurs vertus digestives et anti-ballonnements, elles ont<\/p>\n","protected":false},"featured_media":39495,"comment_status":"open","ping_status":"closed","template":"","meta":[],"product_brand":[],"product_cat":[3122],"product_tag":[1691],"class_list":{"0":"post-39625","1":"product","2":"type-product","3":"status-publish","4":"has-post-thumbnail","6":"product_cat-3122","7":"product_tag-1691","9":"first","10":"instock","11":"shipping-taxable","12":"purchasable","13":"product-type-simple"},"yoast_head":"<!-- This site is optimized with the Yoast SEO Premium plugin v27.2 (Yoast SEO v27.6) - https:\/\/yoast.com\/product\/yoast-seo-premium-wordpress\/ -->\n<title>Pr\u00e9cision urbaine - \u0647\u062f\u064a\u0629 \u0633\u0639\u0648\u062f\u064a\u0629<\/title>\n<meta name=\"robots\" content=\"index, follow, max-snippet:-1, max-image-preview:large, max-video-preview:-1\" \/>\n<link rel=\"canonical\" href=\"https:\/\/saudi-gift.com\/product\/\u062f\u0642\u0629-\u0645\u062f\u064a\u0646\u064a\u0629\/\" \/>\n<meta property=\"og:locale\" content=\"fr_FR\" \/>\n<meta property=\"og:type\" content=\"article\" \/>\n<meta property=\"og:title\" content=\"Pr\u00e9cision urbaine\" \/>\n<meta property=\"og:description\" content=\"Pr\u00e9cision urbaine Ingr\u00e9dients pour la farine Medina : Graines de cumin: Connues pour leurs vertus digestives et anti-ballonnements, elles ont\" \/>\n<meta property=\"og:url\" content=\"https:\/\/saudi-gift.com\/product\/\u062f\u0642\u0629-\u0645\u062f\u064a\u0646\u064a\u0629\/\" \/>\n<meta property=\"og:site_name\" content=\"\u0647\u062f\u064a\u0629 \u0633\u0639\u0648\u062f\u064a\u0629\" \/>\n<meta property=\"article:publisher\" content=\"https:\/\/www.facebook.com\/profile.php?id=61560277649059&amp;mibextid=LQQJ4d\" \/>\n<meta property=\"article:modified_time\" content=\"2025-02-01T17:22:15+00:00\" \/>\n<meta property=\"og:image\" content=\"https:\/\/saudi-gift.com\/wp-content\/uploads\/2025\/01\/c7862b20-602a-4a7e-b7b3-ac61c5e4b6e6-1000x1000-wobyn7y2QWHhHd00D6HfuCrOSL3TgpmRSyJGU805.webp\" \/>\n\t<meta property=\"og:image:width\" content=\"1000\" \/>\n\t<meta property=\"og:image:height\" content=\"1000\" \/>\n\t<meta property=\"og:image:type\" content=\"image\/webp\" \/>\n<meta name=\"twitter:card\" content=\"summary_large_image\" \/>\n<meta name=\"twitter:site\" content=\"@saudigift_\" \/>\n<meta name=\"twitter:label1\" content=\"Dur\u00e9e de lecture estim\u00e9e\" \/>\n\t<meta name=\"twitter:data1\" content=\"1 minute\" \/>\n<script type=\"application\/ld+json\" class=\"yoast-schema-graph\">{\"@context\":\"https:\\\/\\\/schema.org\",\"@graph\":[{\"@type\":\"WebPage\",\"@id\":\"https:\\\/\\\/saudi-gift.com\\\/product\\\/%d8%af%d9%82%d8%a9-%d9%85%d8%af%d9%8a%d9%86%d9%8a%d8%a9\\\/\",\"url\":\"https:\\\/\\\/saudi-gift.com\\\/product\\\/%d8%af%d9%82%d8%a9-%d9%85%d8%af%d9%8a%d9%86%d9%8a%d8%a9\\\/\",\"name\":\"Pr\u00e9cision urbaine - \u0647\u062f\u064a\u0629 \u0633\u0639\u0648\u062f\u064a\u0629\",\"isPartOf\":{\"@id\":\"https:\\\/\\\/saudi-gift.com\\\/#website\"},\"primaryImageOfPage\":{\"@id\":\"https:\\\/\\\/saudi-gift.com\\\/product\\\/%d8%af%d9%82%d8%a9-%d9%85%d8%af%d9%8a%d9%86%d9%8a%d8%a9\\\/#primaryimage\"},\"image\":{\"@id\":\"https:\\\/\\\/saudi-gift.com\\\/product\\\/%d8%af%d9%82%d8%a9-%d9%85%d8%af%d9%8a%d9%86%d9%8a%d8%a9\\\/#primaryimage\"},\"thumbnailUrl\":\"https:\\\/\\\/saudi-gift.com\\\/wp-content\\\/uploads\\\/2025\\\/01\\\/c7862b20-602a-4a7e-b7b3-ac61c5e4b6e6-1000x1000-wobyn7y2QWHhHd00D6HfuCrOSL3TgpmRSyJGU805.webp\",\"datePublished\":\"2025-01-22T11:51:17+00:00\",\"dateModified\":\"2025-02-01T17:22:15+00:00\",\"breadcrumb\":{\"@id\":\"https:\\\/\\\/saudi-gift.com\\\/product\\\/%d8%af%d9%82%d8%a9-%d9%85%d8%af%d9%8a%d9%86%d9%8a%d8%a9\\\/#breadcrumb\"},\"inLanguage\":\"fr-FR\",\"potentialAction\":[{\"@type\":\"ReadAction\",\"target\":[\"https:\\\/\\\/saudi-gift.com\\\/product\\\/%d8%af%d9%82%d8%a9-%d9%85%d8%af%d9%8a%d9%86%d9%8a%d8%a9\\\/\"]}]},{\"@type\":\"ImageObject\",\"inLanguage\":\"fr-FR\",\"@id\":\"https:\\\/\\\/saudi-gift.com\\\/product\\\/%d8%af%d9%82%d8%a9-%d9%85%d8%af%d9%8a%d9%86%d9%8a%d8%a9\\\/#primaryimage\",\"url\":\"https:\\\/\\\/saudi-gift.com\\\/wp-content\\\/uploads\\\/2025\\\/01\\\/c7862b20-602a-4a7e-b7b3-ac61c5e4b6e6-1000x1000-wobyn7y2QWHhHd00D6HfuCrOSL3TgpmRSyJGU805.webp\",\"contentUrl\":\"https:\\\/\\\/saudi-gift.com\\\/wp-content\\\/uploads\\\/2025\\\/01\\\/c7862b20-602a-4a7e-b7b3-ac61c5e4b6e6-1000x1000-wobyn7y2QWHhHd00D6HfuCrOSL3TgpmRSyJGU805.webp\",\"width\":1000,\"height\":1000},{\"@type\":\"BreadcrumbList\",\"@id\":\"https:\\\/\\\/saudi-gift.com\\\/product\\\/%d8%af%d9%82%d8%a9-%d9%85%d8%af%d9%8a%d9%86%d9%8a%d8%a9\\\/#breadcrumb\",\"itemListElement\":[{\"@type\":\"ListItem\",\"position\":1,\"name\":\"Home\",\"item\":\"https:\\\/\\\/saudi-gift.com\\\/fr\\\/\"},{\"@type\":\"ListItem\",\"position\":2,\"name\":\"Acheter\",\"item\":\"https:\\\/\\\/saudi-gift.com\\\/fr\\\/acheter\\\/\"},{\"@type\":\"ListItem\",\"position\":3,\"name\":\"Pr\u00e9cision urbaine\"}]},{\"@type\":\"WebSite\",\"@id\":\"https:\\\/\\\/saudi-gift.com\\\/#website\",\"url\":\"https:\\\/\\\/saudi-gift.com\\\/\",\"name\":\"\u0647\u062f\u064a\u0629 \u0633\u0639\u0648\u062f\u064a\u0629\",\"description\":\"\u0647\u062f\u064a\u0629 \u0633\u0639\u0648\u062f\u064a\u0629 \u0645\u062a\u062c\u0631 \u0627\u0644\u0643\u062a\u0631\u0648\u0646\u064a \u064a\u0642\u062f\u0645 \u0644\u0643\u0645 \u0645\u062c\u0645\u0648\u0639\u0629 \u0645\u0646 \u0627\u0644\u0647\u062f\u0627\u064a\u0627 \u0627\u0644\u062a\u064a \u062a\u062c\u0633\u062f \u0639\u0628\u0642 \u0630\u0643\u0631\u064a\u0627\u062a\u0643\u0645 \u0641\u064a \u0627\u0644\u0645\u0634\u0627\u0639\u0631 \u0627\u0644\u0645\u0642\u062f\u0633\u0629\",\"publisher\":{\"@id\":\"https:\\\/\\\/saudi-gift.com\\\/#organization\"},\"alternateName\":\"\u0647\u062f\u064a\u0629 \u0633\u0639\u0648\u062f\u064a\u0629\",\"potentialAction\":[{\"@type\":\"SearchAction\",\"target\":{\"@type\":\"EntryPoint\",\"urlTemplate\":\"https:\\\/\\\/saudi-gift.com\\\/?s={search_term_string}\"},\"query-input\":{\"@type\":\"PropertyValueSpecification\",\"valueRequired\":true,\"valueName\":\"search_term_string\"}}],\"inLanguage\":\"fr-FR\"},{\"@type\":\"Organization\",\"@id\":\"https:\\\/\\\/saudi-gift.com\\\/#organization\",\"name\":\"\u0645\u062a\u062c\u0631 \u0627\u0644\u0647\u062f\u064a\u0629\",\"alternateName\":\"\u0647\u062f\u064a\u0629 \u0633\u0639\u0648\u062f\u064a\u0629\",\"url\":\"https:\\\/\\\/saudi-gift.com\\\/\",\"logo\":{\"@type\":\"ImageObject\",\"inLanguage\":\"fr-FR\",\"@id\":\"https:\\\/\\\/saudi-gift.com\\\/#\\\/schema\\\/logo\\\/image\\\/\",\"url\":\"https:\\\/\\\/saudi-gift.com\\\/wp-content\\\/uploads\\\/2025\\\/05\\\/2.png\",\"contentUrl\":\"https:\\\/\\\/saudi-gift.com\\\/wp-content\\\/uploads\\\/2025\\\/05\\\/2.png\",\"width\":163,\"height\":42,\"caption\":\"\u0645\u062a\u062c\u0631 \u0627\u0644\u0647\u062f\u064a\u0629\"},\"image\":{\"@id\":\"https:\\\/\\\/saudi-gift.com\\\/#\\\/schema\\\/logo\\\/image\\\/\"},\"sameAs\":[\"https:\\\/\\\/www.facebook.com\\\/profile.php?id=61560277649059&mibextid=LQQJ4d\",\"https:\\\/\\\/x.com\\\/saudigift_\"]}]}<\/script>\n<!-- \/ Yoast SEO Premium plugin. -->","yoast_head_json":{"title":"Pr\u00e9cision urbaine - \u0647\u062f\u064a\u0629 \u0633\u0639\u0648\u062f\u064a\u0629","robots":{"index":"index","follow":"follow","max-snippet":"max-snippet:-1","max-image-preview":"max-image-preview:large","max-video-preview":"max-video-preview:-1"},"canonical":"https:\/\/saudi-gift.com\/product\/\u062f\u0642\u0629-\u0645\u062f\u064a\u0646\u064a\u0629\/","og_locale":"fr_FR","og_type":"article","og_title":"Pr\u00e9cision urbaine","og_description":"Pr\u00e9cision urbaine Ingr\u00e9dients pour la farine Medina : Graines de cumin: Connues pour leurs vertus digestives et anti-ballonnements, elles ont","og_url":"https:\/\/saudi-gift.com\/product\/\u062f\u0642\u0629-\u0645\u062f\u064a\u0646\u064a\u0629\/","og_site_name":"\u0647\u062f\u064a\u0629 \u0633\u0639\u0648\u062f\u064a\u0629","article_publisher":"https:\/\/www.facebook.com\/profile.php?id=61560277649059&mibextid=LQQJ4d","article_modified_time":"2025-02-01T17:22:15+00:00","og_image":[{"width":1000,"height":1000,"url":"https:\/\/saudi-gift.com\/wp-content\/uploads\/2025\/01\/c7862b20-602a-4a7e-b7b3-ac61c5e4b6e6-1000x1000-wobyn7y2QWHhHd00D6HfuCrOSL3TgpmRSyJGU805.webp","type":"image\/webp"}],"twitter_card":"summary_large_image","twitter_site":"@saudigift_","twitter_misc":{"Dur\u00e9e de lecture estim\u00e9e":"1 minute"},"schema":{"@context":"https:\/\/schema.org","@graph":[{"@type":"WebPage","@id":"https:\/\/saudi-gift.com\/product\/%d8%af%d9%82%d8%a9-%d9%85%d8%af%d9%8a%d9%86%d9%8a%d8%a9\/","url":"https:\/\/saudi-gift.com\/product\/%d8%af%d9%82%d8%a9-%d9%85%d8%af%d9%8a%d9%86%d9%8a%d8%a9\/","name":"Pr\u00e9cision urbaine - \u0647\u062f\u064a\u0629 \u0633\u0639\u0648\u062f\u064a\u0629","isPartOf":{"@id":"https:\/\/saudi-gift.com\/#website"},"primaryImageOfPage":{"@id":"https:\/\/saudi-gift.com\/product\/%d8%af%d9%82%d8%a9-%d9%85%d8%af%d9%8a%d9%86%d9%8a%d8%a9\/#primaryimage"},"image":{"@id":"https:\/\/saudi-gift.com\/product\/%d8%af%d9%82%d8%a9-%d9%85%d8%af%d9%8a%d9%86%d9%8a%d8%a9\/#primaryimage"},"thumbnailUrl":"https:\/\/saudi-gift.com\/wp-content\/uploads\/2025\/01\/c7862b20-602a-4a7e-b7b3-ac61c5e4b6e6-1000x1000-wobyn7y2QWHhHd00D6HfuCrOSL3TgpmRSyJGU805.webp","datePublished":"2025-01-22T11:51:17+00:00","dateModified":"2025-02-01T17:22:15+00:00","breadcrumb":{"@id":"https:\/\/saudi-gift.com\/product\/%d8%af%d9%82%d8%a9-%d9%85%d8%af%d9%8a%d9%86%d9%8a%d8%a9\/#breadcrumb"},"inLanguage":"fr-FR","potentialAction":[{"@type":"ReadAction","target":["https:\/\/saudi-gift.com\/product\/%d8%af%d9%82%d8%a9-%d9%85%d8%af%d9%8a%d9%86%d9%8a%d8%a9\/"]}]},{"@type":"ImageObject","inLanguage":"fr-FR","@id":"https:\/\/saudi-gift.com\/product\/%d8%af%d9%82%d8%a9-%d9%85%d8%af%d9%8a%d9%86%d9%8a%d8%a9\/#primaryimage","url":"https:\/\/saudi-gift.com\/wp-content\/uploads\/2025\/01\/c7862b20-602a-4a7e-b7b3-ac61c5e4b6e6-1000x1000-wobyn7y2QWHhHd00D6HfuCrOSL3TgpmRSyJGU805.webp","contentUrl":"https:\/\/saudi-gift.com\/wp-content\/uploads\/2025\/01\/c7862b20-602a-4a7e-b7b3-ac61c5e4b6e6-1000x1000-wobyn7y2QWHhHd00D6HfuCrOSL3TgpmRSyJGU805.webp","width":1000,"height":1000},{"@type":"BreadcrumbList","@id":"https:\/\/saudi-gift.com\/product\/%d8%af%d9%82%d8%a9-%d9%85%d8%af%d9%8a%d9%86%d9%8a%d8%a9\/#breadcrumb","itemListElement":[{"@type":"ListItem","position":1,"name":"Home","item":"https:\/\/saudi-gift.com\/fr\/"},{"@type":"ListItem","position":2,"name":"Acheter","item":"https:\/\/saudi-gift.com\/fr\/acheter\/"},{"@type":"ListItem","position":3,"name":"Pr\u00e9cision urbaine"}]},{"@type":"WebSite","@id":"https:\/\/saudi-gift.com\/#website","url":"https:\/\/saudi-gift.com\/","name":"\u0647\u062f\u064a\u0629 \u0633\u0639\u0648\u062f\u064a\u0629","description":"\u0647\u062f\u064a\u0629 \u0633\u0639\u0648\u062f\u064a\u0629 \u0645\u062a\u062c\u0631 \u0627\u0644\u0643\u062a\u0631\u0648\u0646\u064a \u064a\u0642\u062f\u0645 \u0644\u0643\u0645 \u0645\u062c\u0645\u0648\u0639\u0629 \u0645\u0646 \u0627\u0644\u0647\u062f\u0627\u064a\u0627 \u0627\u0644\u062a\u064a \u062a\u062c\u0633\u062f \u0639\u0628\u0642 \u0630\u0643\u0631\u064a\u0627\u062a\u0643\u0645 \u0641\u064a \u0627\u0644\u0645\u0634\u0627\u0639\u0631 \u0627\u0644\u0645\u0642\u062f\u0633\u0629","publisher":{"@id":"https:\/\/saudi-gift.com\/#organization"},"alternateName":"\u0647\u062f\u064a\u0629 \u0633\u0639\u0648\u062f\u064a\u0629","potentialAction":[{"@type":"SearchAction","target":{"@type":"EntryPoint","urlTemplate":"https:\/\/saudi-gift.com\/?s={search_term_string}"},"query-input":{"@type":"PropertyValueSpecification","valueRequired":true,"valueName":"search_term_string"}}],"inLanguage":"fr-FR"},{"@type":"Organization","@id":"https:\/\/saudi-gift.com\/#organization","name":"\u0645\u062a\u062c\u0631 \u0627\u0644\u0647\u062f\u064a\u0629","alternateName":"\u0647\u062f\u064a\u0629 \u0633\u0639\u0648\u062f\u064a\u0629","url":"https:\/\/saudi-gift.com\/","logo":{"@type":"ImageObject","inLanguage":"fr-FR","@id":"https:\/\/saudi-gift.com\/#\/schema\/logo\/image\/","url":"https:\/\/saudi-gift.com\/wp-content\/uploads\/2025\/05\/2.png","contentUrl":"https:\/\/saudi-gift.com\/wp-content\/uploads\/2025\/05\/2.png","width":163,"height":42,"caption":"\u0645\u062a\u062c\u0631 \u0627\u0644\u0647\u062f\u064a\u0629"},"image":{"@id":"https:\/\/saudi-gift.com\/#\/schema\/logo\/image\/"},"sameAs":["https:\/\/www.facebook.com\/profile.php?id=61560277649059&mibextid=LQQJ4d","https:\/\/x.com\/saudigift_"]}]}},"jetpack-related-posts":[],"_links":{"self":[{"href":"https:\/\/saudi-gift.com\/fr\/wp-json\/wp\/v2\/product\/39625","targetHints":{"allow":["GET"]}}],"collection":[{"href":"https:\/\/saudi-gift.com\/fr\/wp-json\/wp\/v2\/product"}],"about":[{"href":"https:\/\/saudi-gift.com\/fr\/wp-json\/wp\/v2\/types\/product"}],"replies":[{"embeddable":true,"href":"https:\/\/saudi-gift.com\/fr\/wp-json\/wp\/v2\/comments?post=39625"}],"version-history":[{"count":0,"href":"https:\/\/saudi-gift.com\/fr\/wp-json\/wp\/v2\/product\/39625\/revisions"}],"wp:featuredmedia":[{"embeddable":true,"href":"https:\/\/saudi-gift.com\/fr\/wp-json\/wp\/v2\/media\/39495"}],"wp:attachment":[{"href":"https:\/\/saudi-gift.com\/fr\/wp-json\/wp\/v2\/media?parent=39625"}],"wp:term":[{"taxonomy":"product_brand","embeddable":true,"href":"https:\/\/saudi-gift.com\/fr\/wp-json\/wp\/v2\/product_brand?post=39625"},{"taxonomy":"product_cat","embeddable":true,"href":"https:\/\/saudi-gift.com\/fr\/wp-json\/wp\/v2\/product_cat?post=39625"},{"taxonomy":"product_tag","embeddable":true,"href":"https:\/\/saudi-gift.com\/fr\/wp-json\/wp\/v2\/product_tag?post=39625"}],"curies":[{"name":"wp","href":"https:\/\/api.w.org\/{rel}","templated":true}]}}