{"id":39741,"date":"2025-01-18T18:29:53","date_gmt":"2025-01-18T15:29:53","guid":{"rendered":"https:\/\/saudi-gift.com\/product\/boite-de-varietes-de-luxe-2kg\/"},"modified":"2025-01-18T18:29:53","modified_gmt":"2025-01-18T15:29:53","slug":"boite-de-varietes-de-luxe-2kg","status":"publish","type":"product","link":"https:\/\/saudi-gift.com\/fr\/produit\/boite-de-varietes-de-luxe-2kg\/","title":{"rendered":"Bo\u00eete de vari\u00e9t\u00e9s de luxe (2kg)"},"content":{"rendered":"<p>Bo\u00eete de vari\u00e9t\u00e9 de luxe (2kg) Appr\u00e9ciez le go\u00fbt des dattes Medina de Elixir Farms \u00e0 Medina. Nous vous proposons une bo\u00eete de vari\u00e9t\u00e9 de luxe contenant les meilleures dattes Medina, qui se caract\u00e9risent par leur haute qualit\u00e9 et leurs incroyables bienfaits pour la sant\u00e9. Id\u00e9ales pour augmenter votre \u00e9nergie quotidienne, elles constituent un excellent cadeau pour vos proches.<\/p>\n<h4><strong>Composants de la bo\u00eete<\/strong><\/h4>\n<p>500 g Agwa + 500 g Sakki + 500 g Safawi + 500 g Safawi + 500 g Majdal<\/p>\n<h3>Caract\u00e9ristiques<\/h3>\n<p><strong>Enti\u00e8rement naturelles : <\/strong>Les dattes d&rsquo;Elixir sont toutes exemptes de produits chimiques et d&rsquo;additifs artificiels. Chez Elixir, nous vous garantissons un produit sain et s\u00fbr sur lequel vous pouvez compter pour votre sant\u00e9 et celle de votre famille. <strong>Bo\u00eete de vari\u00e9t\u00e9s :<\/strong> Cette bo\u00eete contient 4 vari\u00e9t\u00e9s de dattes Medina de premi\u00e8re qualit\u00e9. <\/p>\n<h3>Avantages pour la sant\u00e9<\/h3>\n<ul>\n<li>Favoriser la sant\u00e9 digestive : riche en fibres qui contribuent \u00e0 am\u00e9liorer le transit intestinal. <\/li>\n<li>Favorisez la sant\u00e9 cardiaque : Les dattes contiennent du potassium et du magn\u00e9sium, qui sont importants pour r\u00e9guler la tension art\u00e9rielle et renforcer le muscle cardiaque.  <\/li>\n<li>Renforcer l&rsquo;immunit\u00e9 : Riche en antioxydants qui prot\u00e8gent l&rsquo;organisme contre les inflammations et les maladies chroniques. <\/li>\n<li>R\u00e9guler le taux de sucre dans le sang : Les sucres naturels contenus dans les dattes sont absorb\u00e9s lentement, ce qui contribue \u00e0 r\u00e9guler le taux de sucre.  <\/li>\n<li>Une source d&rsquo;\u00e9nergie : La teneur \u00e9lev\u00e9e en sucres naturels fournit \u00e0 l&rsquo;organisme une \u00e9nergie rapide gr\u00e2ce \u00e0 sa teneur \u00e9lev\u00e9e en sucres naturels. <\/li>\n<li>Am\u00e9liore la sant\u00e9 des os : Contient des min\u00e9raux tels que le calcium et le magn\u00e9sium qui favorisent la sant\u00e9 des os et minimisent le risque d&rsquo;ost\u00e9oporose. <\/li>\n<\/ul>\n<h3>Pourquoi choisir Elixir Dates ?<\/h3>\n<ul>\n<li>La qualit\u00e9 par la nature : Chez Elixir, nous pensons que la v\u00e9ritable qualit\u00e9 provient de l&rsquo;utilisation d&rsquo;ingr\u00e9dients enti\u00e8rement naturels. <\/li>\n<li>Riche en bienfaits pour la sant\u00e9 : Nos dattes biologiques vous offrent de nombreux avantages nutritionnels et une saveur in\u00e9gal\u00e9e. <\/li>\n<li>Un emballage original : L&rsquo;\u00e9lixir de dattes de luxe est pr\u00e9sent\u00e9 dans un emballage soigneusement con\u00e7u pour offrir un cadeau unique au c\u0153ur de la M\u00e9dina. <\/li>\n<\/ul>\n<h3>Instructions de stockage<\/h3>\n<p>Conservez les dattes dans un endroit frais et sec pour pr\u00e9server leur saveur et leur qualit\u00e9. Poids net : 2 kilos Commandez votre bo\u00eete de dattes assorties dans la boutique Elixir et d\u00e9couvrez la qualit\u00e9 in\u00e9gal\u00e9e des dattes Elixir !<\/p>\n","protected":false},"excerpt":{"rendered":"<p><strong>Bo\u00eete de luxe divers &#8211; Dattes de luxe divers d&rsquo;Elixir : Des saveurs naturelles et l&rsquo;authenticit\u00e9 de la ville dans chaque datte <\/strong><\/p>\n","protected":false},"featured_media":37662,"comment_status":"open","ping_status":"closed","template":"","meta":[],"product_brand":[],"product_cat":[167,3255,3122],"product_tag":[1374,1591],"class_list":{"0":"post-39741","1":"product","2":"type-product","3":"status-publish","4":"has-post-thumbnail","6":"product_cat-167","7":"product_cat-3255","8":"product_cat-3122","9":"product_tag-1374","10":"product_tag-_","12":"first","13":"instock","14":"shipping-taxable","15":"purchasable","16":"product-type-simple"},"yoast_head":"<!-- This site is optimized with the Yoast SEO Premium plugin v27.2 (Yoast SEO v27.6) - https:\/\/yoast.com\/product\/yoast-seo-premium-wordpress\/ -->\n<title>Bo\u00eete de vari\u00e9t\u00e9s de luxe (2kg) - \u0647\u062f\u064a\u0629 \u0633\u0639\u0648\u062f\u064a\u0629<\/title>\n<meta name=\"robots\" content=\"index, follow, max-snippet:-1, max-image-preview:large, max-video-preview:-1\" \/>\n<link rel=\"canonical\" href=\"https:\/\/saudi-gift.com\/fr\/product\/boite-de-varietes-de-luxe-2kg\/\" \/>\n<meta property=\"og:locale\" content=\"fr_FR\" \/>\n<meta property=\"og:type\" content=\"article\" \/>\n<meta property=\"og:title\" content=\"Bo\u00eete de vari\u00e9t\u00e9s de luxe (2kg)\" \/>\n<meta property=\"og:description\" content=\"Bo\u00eete de luxe divers - Dattes de luxe divers d&#039;Elixir : Des saveurs naturelles et l&#039;authenticit\u00e9 de la ville dans chaque datte\" \/>\n<meta property=\"og:url\" content=\"https:\/\/saudi-gift.com\/fr\/product\/boite-de-varietes-de-luxe-2kg\/\" \/>\n<meta property=\"og:site_name\" content=\"\u0647\u062f\u064a\u0629 \u0633\u0639\u0648\u062f\u064a\u0629\" \/>\n<meta property=\"article:publisher\" content=\"https:\/\/www.facebook.com\/profile.php?id=61560277649059&amp;mibextid=LQQJ4d\" \/>\n<meta property=\"og:image\" content=\"https:\/\/saudi-gift.com\/wp-content\/uploads\/2025\/01\/bc368e55-2f01-425e-a231-9aba021a1fbb-1000x740.74074074074-ggSaiYwHLWSRf3nYcNnqIMVr3RWc2dL4ITgabbAC-2.webp\" \/>\n\t<meta property=\"og:image:width\" content=\"600\" \/>\n\t<meta property=\"og:image:height\" content=\"600\" \/>\n\t<meta property=\"og:image:type\" content=\"image\/webp\" \/>\n<meta name=\"twitter:card\" content=\"summary_large_image\" \/>\n<meta name=\"twitter:site\" content=\"@saudigift_\" \/>\n<meta name=\"twitter:label1\" content=\"Dur\u00e9e de lecture estim\u00e9e\" \/>\n\t<meta name=\"twitter:data1\" content=\"2 minutes\" \/>\n<script type=\"application\/ld+json\" class=\"yoast-schema-graph\">{\"@context\":\"https:\\\/\\\/schema.org\",\"@graph\":[{\"@type\":\"WebPage\",\"@id\":\"https:\\\/\\\/saudi-gift.com\\\/fr\\\/product\\\/boite-de-varietes-de-luxe-2kg\\\/\",\"url\":\"https:\\\/\\\/saudi-gift.com\\\/fr\\\/product\\\/boite-de-varietes-de-luxe-2kg\\\/\",\"name\":\"Bo\u00eete de vari\u00e9t\u00e9s de luxe (2kg) - \u0647\u062f\u064a\u0629 \u0633\u0639\u0648\u062f\u064a\u0629\",\"isPartOf\":{\"@id\":\"https:\\\/\\\/saudi-gift.com\\\/#website\"},\"primaryImageOfPage\":{\"@id\":\"https:\\\/\\\/saudi-gift.com\\\/fr\\\/product\\\/boite-de-varietes-de-luxe-2kg\\\/#primaryimage\"},\"image\":{\"@id\":\"https:\\\/\\\/saudi-gift.com\\\/fr\\\/product\\\/boite-de-varietes-de-luxe-2kg\\\/#primaryimage\"},\"thumbnailUrl\":\"https:\\\/\\\/saudi-gift.com\\\/wp-content\\\/uploads\\\/2025\\\/01\\\/bc368e55-2f01-425e-a231-9aba021a1fbb-1000x740.74074074074-ggSaiYwHLWSRf3nYcNnqIMVr3RWc2dL4ITgabbAC-2.webp\",\"datePublished\":\"2025-01-18T15:29:53+00:00\",\"breadcrumb\":{\"@id\":\"https:\\\/\\\/saudi-gift.com\\\/fr\\\/product\\\/boite-de-varietes-de-luxe-2kg\\\/#breadcrumb\"},\"inLanguage\":\"fr-FR\",\"potentialAction\":[{\"@type\":\"ReadAction\",\"target\":[\"https:\\\/\\\/saudi-gift.com\\\/fr\\\/product\\\/boite-de-varietes-de-luxe-2kg\\\/\"]}]},{\"@type\":\"ImageObject\",\"inLanguage\":\"fr-FR\",\"@id\":\"https:\\\/\\\/saudi-gift.com\\\/fr\\\/product\\\/boite-de-varietes-de-luxe-2kg\\\/#primaryimage\",\"url\":\"https:\\\/\\\/saudi-gift.com\\\/wp-content\\\/uploads\\\/2025\\\/01\\\/bc368e55-2f01-425e-a231-9aba021a1fbb-1000x740.74074074074-ggSaiYwHLWSRf3nYcNnqIMVr3RWc2dL4ITgabbAC-2.webp\",\"contentUrl\":\"https:\\\/\\\/saudi-gift.com\\\/wp-content\\\/uploads\\\/2025\\\/01\\\/bc368e55-2f01-425e-a231-9aba021a1fbb-1000x740.74074074074-ggSaiYwHLWSRf3nYcNnqIMVr3RWc2dL4ITgabbAC-2.webp\",\"width\":600,\"height\":600},{\"@type\":\"BreadcrumbList\",\"@id\":\"https:\\\/\\\/saudi-gift.com\\\/fr\\\/product\\\/boite-de-varietes-de-luxe-2kg\\\/#breadcrumb\",\"itemListElement\":[{\"@type\":\"ListItem\",\"position\":1,\"name\":\"Home\",\"item\":\"https:\\\/\\\/saudi-gift.com\\\/fr\\\/\"},{\"@type\":\"ListItem\",\"position\":2,\"name\":\"Acheter\",\"item\":\"https:\\\/\\\/saudi-gift.com\\\/fr\\\/acheter\\\/\"},{\"@type\":\"ListItem\",\"position\":3,\"name\":\"Bo\u00eete de vari\u00e9t\u00e9s de luxe (2kg)\"}]},{\"@type\":\"WebSite\",\"@id\":\"https:\\\/\\\/saudi-gift.com\\\/#website\",\"url\":\"https:\\\/\\\/saudi-gift.com\\\/\",\"name\":\"\u0647\u062f\u064a\u0629 \u0633\u0639\u0648\u062f\u064a\u0629\",\"description\":\"\u0647\u062f\u064a\u0629 \u0633\u0639\u0648\u062f\u064a\u0629 \u0645\u062a\u062c\u0631 \u0627\u0644\u0643\u062a\u0631\u0648\u0646\u064a \u064a\u0642\u062f\u0645 \u0644\u0643\u0645 \u0645\u062c\u0645\u0648\u0639\u0629 \u0645\u0646 \u0627\u0644\u0647\u062f\u0627\u064a\u0627 \u0627\u0644\u062a\u064a \u062a\u062c\u0633\u062f \u0639\u0628\u0642 \u0630\u0643\u0631\u064a\u0627\u062a\u0643\u0645 \u0641\u064a \u0627\u0644\u0645\u0634\u0627\u0639\u0631 \u0627\u0644\u0645\u0642\u062f\u0633\u0629\",\"publisher\":{\"@id\":\"https:\\\/\\\/saudi-gift.com\\\/#organization\"},\"alternateName\":\"\u0647\u062f\u064a\u0629 \u0633\u0639\u0648\u062f\u064a\u0629\",\"potentialAction\":[{\"@type\":\"SearchAction\",\"target\":{\"@type\":\"EntryPoint\",\"urlTemplate\":\"https:\\\/\\\/saudi-gift.com\\\/?s={search_term_string}\"},\"query-input\":{\"@type\":\"PropertyValueSpecification\",\"valueRequired\":true,\"valueName\":\"search_term_string\"}}],\"inLanguage\":\"fr-FR\"},{\"@type\":\"Organization\",\"@id\":\"https:\\\/\\\/saudi-gift.com\\\/#organization\",\"name\":\"\u0645\u062a\u062c\u0631 \u0627\u0644\u0647\u062f\u064a\u0629\",\"alternateName\":\"\u0647\u062f\u064a\u0629 \u0633\u0639\u0648\u062f\u064a\u0629\",\"url\":\"https:\\\/\\\/saudi-gift.com\\\/\",\"logo\":{\"@type\":\"ImageObject\",\"inLanguage\":\"fr-FR\",\"@id\":\"https:\\\/\\\/saudi-gift.com\\\/#\\\/schema\\\/logo\\\/image\\\/\",\"url\":\"https:\\\/\\\/saudi-gift.com\\\/wp-content\\\/uploads\\\/2025\\\/05\\\/2.png\",\"contentUrl\":\"https:\\\/\\\/saudi-gift.com\\\/wp-content\\\/uploads\\\/2025\\\/05\\\/2.png\",\"width\":163,\"height\":42,\"caption\":\"\u0645\u062a\u062c\u0631 \u0627\u0644\u0647\u062f\u064a\u0629\"},\"image\":{\"@id\":\"https:\\\/\\\/saudi-gift.com\\\/#\\\/schema\\\/logo\\\/image\\\/\"},\"sameAs\":[\"https:\\\/\\\/www.facebook.com\\\/profile.php?id=61560277649059&mibextid=LQQJ4d\",\"https:\\\/\\\/x.com\\\/saudigift_\"]}]}<\/script>\n<!-- \/ Yoast SEO Premium plugin. -->","yoast_head_json":{"title":"Bo\u00eete de vari\u00e9t\u00e9s de luxe (2kg) - \u0647\u062f\u064a\u0629 \u0633\u0639\u0648\u062f\u064a\u0629","robots":{"index":"index","follow":"follow","max-snippet":"max-snippet:-1","max-image-preview":"max-image-preview:large","max-video-preview":"max-video-preview:-1"},"canonical":"https:\/\/saudi-gift.com\/fr\/product\/boite-de-varietes-de-luxe-2kg\/","og_locale":"fr_FR","og_type":"article","og_title":"Bo\u00eete de vari\u00e9t\u00e9s de luxe (2kg)","og_description":"Bo\u00eete de luxe divers - Dattes de luxe divers d'Elixir : Des saveurs naturelles et l'authenticit\u00e9 de la ville dans chaque datte","og_url":"https:\/\/saudi-gift.com\/fr\/product\/boite-de-varietes-de-luxe-2kg\/","og_site_name":"\u0647\u062f\u064a\u0629 \u0633\u0639\u0648\u062f\u064a\u0629","article_publisher":"https:\/\/www.facebook.com\/profile.php?id=61560277649059&mibextid=LQQJ4d","og_image":[{"width":600,"height":600,"url":"https:\/\/saudi-gift.com\/wp-content\/uploads\/2025\/01\/bc368e55-2f01-425e-a231-9aba021a1fbb-1000x740.74074074074-ggSaiYwHLWSRf3nYcNnqIMVr3RWc2dL4ITgabbAC-2.webp","type":"image\/webp"}],"twitter_card":"summary_large_image","twitter_site":"@saudigift_","twitter_misc":{"Dur\u00e9e de lecture estim\u00e9e":"2 minutes"},"schema":{"@context":"https:\/\/schema.org","@graph":[{"@type":"WebPage","@id":"https:\/\/saudi-gift.com\/fr\/product\/boite-de-varietes-de-luxe-2kg\/","url":"https:\/\/saudi-gift.com\/fr\/product\/boite-de-varietes-de-luxe-2kg\/","name":"Bo\u00eete de vari\u00e9t\u00e9s de luxe (2kg) - \u0647\u062f\u064a\u0629 \u0633\u0639\u0648\u062f\u064a\u0629","isPartOf":{"@id":"https:\/\/saudi-gift.com\/#website"},"primaryImageOfPage":{"@id":"https:\/\/saudi-gift.com\/fr\/product\/boite-de-varietes-de-luxe-2kg\/#primaryimage"},"image":{"@id":"https:\/\/saudi-gift.com\/fr\/product\/boite-de-varietes-de-luxe-2kg\/#primaryimage"},"thumbnailUrl":"https:\/\/saudi-gift.com\/wp-content\/uploads\/2025\/01\/bc368e55-2f01-425e-a231-9aba021a1fbb-1000x740.74074074074-ggSaiYwHLWSRf3nYcNnqIMVr3RWc2dL4ITgabbAC-2.webp","datePublished":"2025-01-18T15:29:53+00:00","breadcrumb":{"@id":"https:\/\/saudi-gift.com\/fr\/product\/boite-de-varietes-de-luxe-2kg\/#breadcrumb"},"inLanguage":"fr-FR","potentialAction":[{"@type":"ReadAction","target":["https:\/\/saudi-gift.com\/fr\/product\/boite-de-varietes-de-luxe-2kg\/"]}]},{"@type":"ImageObject","inLanguage":"fr-FR","@id":"https:\/\/saudi-gift.com\/fr\/product\/boite-de-varietes-de-luxe-2kg\/#primaryimage","url":"https:\/\/saudi-gift.com\/wp-content\/uploads\/2025\/01\/bc368e55-2f01-425e-a231-9aba021a1fbb-1000x740.74074074074-ggSaiYwHLWSRf3nYcNnqIMVr3RWc2dL4ITgabbAC-2.webp","contentUrl":"https:\/\/saudi-gift.com\/wp-content\/uploads\/2025\/01\/bc368e55-2f01-425e-a231-9aba021a1fbb-1000x740.74074074074-ggSaiYwHLWSRf3nYcNnqIMVr3RWc2dL4ITgabbAC-2.webp","width":600,"height":600},{"@type":"BreadcrumbList","@id":"https:\/\/saudi-gift.com\/fr\/product\/boite-de-varietes-de-luxe-2kg\/#breadcrumb","itemListElement":[{"@type":"ListItem","position":1,"name":"Home","item":"https:\/\/saudi-gift.com\/fr\/"},{"@type":"ListItem","position":2,"name":"Acheter","item":"https:\/\/saudi-gift.com\/fr\/acheter\/"},{"@type":"ListItem","position":3,"name":"Bo\u00eete de vari\u00e9t\u00e9s de luxe (2kg)"}]},{"@type":"WebSite","@id":"https:\/\/saudi-gift.com\/#website","url":"https:\/\/saudi-gift.com\/","name":"\u0647\u062f\u064a\u0629 \u0633\u0639\u0648\u062f\u064a\u0629","description":"\u0647\u062f\u064a\u0629 \u0633\u0639\u0648\u062f\u064a\u0629 \u0645\u062a\u062c\u0631 \u0627\u0644\u0643\u062a\u0631\u0648\u0646\u064a \u064a\u0642\u062f\u0645 \u0644\u0643\u0645 \u0645\u062c\u0645\u0648\u0639\u0629 \u0645\u0646 \u0627\u0644\u0647\u062f\u0627\u064a\u0627 \u0627\u0644\u062a\u064a \u062a\u062c\u0633\u062f \u0639\u0628\u0642 \u0630\u0643\u0631\u064a\u0627\u062a\u0643\u0645 \u0641\u064a \u0627\u0644\u0645\u0634\u0627\u0639\u0631 \u0627\u0644\u0645\u0642\u062f\u0633\u0629","publisher":{"@id":"https:\/\/saudi-gift.com\/#organization"},"alternateName":"\u0647\u062f\u064a\u0629 \u0633\u0639\u0648\u062f\u064a\u0629","potentialAction":[{"@type":"SearchAction","target":{"@type":"EntryPoint","urlTemplate":"https:\/\/saudi-gift.com\/?s={search_term_string}"},"query-input":{"@type":"PropertyValueSpecification","valueRequired":true,"valueName":"search_term_string"}}],"inLanguage":"fr-FR"},{"@type":"Organization","@id":"https:\/\/saudi-gift.com\/#organization","name":"\u0645\u062a\u062c\u0631 \u0627\u0644\u0647\u062f\u064a\u0629","alternateName":"\u0647\u062f\u064a\u0629 \u0633\u0639\u0648\u062f\u064a\u0629","url":"https:\/\/saudi-gift.com\/","logo":{"@type":"ImageObject","inLanguage":"fr-FR","@id":"https:\/\/saudi-gift.com\/#\/schema\/logo\/image\/","url":"https:\/\/saudi-gift.com\/wp-content\/uploads\/2025\/05\/2.png","contentUrl":"https:\/\/saudi-gift.com\/wp-content\/uploads\/2025\/05\/2.png","width":163,"height":42,"caption":"\u0645\u062a\u062c\u0631 \u0627\u0644\u0647\u062f\u064a\u0629"},"image":{"@id":"https:\/\/saudi-gift.com\/#\/schema\/logo\/image\/"},"sameAs":["https:\/\/www.facebook.com\/profile.php?id=61560277649059&mibextid=LQQJ4d","https:\/\/x.com\/saudigift_"]}]}},"jetpack-related-posts":[],"_links":{"self":[{"href":"https:\/\/saudi-gift.com\/fr\/wp-json\/wp\/v2\/product\/39741","targetHints":{"allow":["GET"]}}],"collection":[{"href":"https:\/\/saudi-gift.com\/fr\/wp-json\/wp\/v2\/product"}],"about":[{"href":"https:\/\/saudi-gift.com\/fr\/wp-json\/wp\/v2\/types\/product"}],"replies":[{"embeddable":true,"href":"https:\/\/saudi-gift.com\/fr\/wp-json\/wp\/v2\/comments?post=39741"}],"version-history":[{"count":0,"href":"https:\/\/saudi-gift.com\/fr\/wp-json\/wp\/v2\/product\/39741\/revisions"}],"wp:featuredmedia":[{"embeddable":true,"href":"https:\/\/saudi-gift.com\/fr\/wp-json\/wp\/v2\/media\/37662"}],"wp:attachment":[{"href":"https:\/\/saudi-gift.com\/fr\/wp-json\/wp\/v2\/media?parent=39741"}],"wp:term":[{"taxonomy":"product_brand","embeddable":true,"href":"https:\/\/saudi-gift.com\/fr\/wp-json\/wp\/v2\/product_brand?post=39741"},{"taxonomy":"product_cat","embeddable":true,"href":"https:\/\/saudi-gift.com\/fr\/wp-json\/wp\/v2\/product_cat?post=39741"},{"taxonomy":"product_tag","embeddable":true,"href":"https:\/\/saudi-gift.com\/fr\/wp-json\/wp\/v2\/product_tag?post=39741"}],"curies":[{"name":"wp","href":"https:\/\/api.w.org\/{rel}","templated":true}]}}