{"id":40260,"date":"2025-01-07T15:19:23","date_gmt":"2025-01-07T12:19:23","guid":{"rendered":"https:\/\/saudi-gift.com\/product\/modele-du-mihrab-du-prophete-muhammad-paix-et-salut-sur-lui-avec-la-chaire\/"},"modified":"2025-01-07T15:19:23","modified_gmt":"2025-01-07T12:19:23","slug":"modele-du-mihrab-du-prophete-muhammad-paix-et-salut-sur-lui-avec-la-chaire","status":"publish","type":"product","link":"https:\/\/saudi-gift.com\/fr\/produit\/modele-du-mihrab-du-prophete-muhammad-paix-et-salut-sur-lui-avec-la-chaire\/","title":{"rendered":"Mod\u00e8le du Mihrab du Proph\u00e8te Muhammad (paix et salut sur lui) avec la chaire"},"content":{"rendered":"<p>Mihrab du proph\u00e8te Mahomet avec la chaire Repr\u00e9sentation fid\u00e8le du mihrab \u00e0 l&rsquo;int\u00e9rieur de la mosqu\u00e9e du proph\u00e8te avec l&rsquo;inclusion d&rsquo;autres \u00e9l\u00e9ments architecturaux tels que la chaire.<\/p>\n","protected":false},"excerpt":{"rendered":"<p>Un \u00e9l\u00e9ment important de la conception de la mosqu\u00e9e est le mihrab avec le minbar de la mosqu\u00e9e du proph\u00e8te \u00e0 M\u00e9dine, un endroit important pour indiquer l&#8217;emplacement de l&rsquo;imam pendant les pri\u00e8res. <\/p>\n","protected":false},"featured_media":33450,"comment_status":"closed","ping_status":"closed","template":"","meta":[],"product_brand":[],"product_cat":[3253],"product_tag":[671],"class_list":{"0":"post-40260","1":"product","2":"type-product","3":"status-publish","4":"has-post-thumbnail","6":"product_cat-3253","7":"product_tag-671","9":"first","10":"outofstock","11":"shipping-taxable","12":"purchasable","13":"product-type-simple"},"yoast_head":"<!-- This site is optimized with the Yoast SEO Premium plugin v27.2 (Yoast SEO v27.6) - https:\/\/yoast.com\/product\/yoast-seo-premium-wordpress\/ -->\n<title>Mod\u00e8le du Mihrab du Proph\u00e8te Muhammad (paix et salut sur lui) avec la chaire - \u0647\u062f\u064a\u0629 \u0633\u0639\u0648\u062f\u064a\u0629<\/title>\n<meta name=\"robots\" content=\"index, follow, max-snippet:-1, max-image-preview:large, max-video-preview:-1\" \/>\n<link rel=\"canonical\" href=\"https:\/\/saudi-gift.com\/fr\/product\/modele-du-mihrab-du-prophete-muhammad-paix-et-salut-sur-lui-avec-la-chaire\/\" \/>\n<meta property=\"og:locale\" content=\"fr_FR\" \/>\n<meta property=\"og:type\" content=\"article\" \/>\n<meta property=\"og:title\" content=\"Mod\u00e8le du Mihrab du Proph\u00e8te Muhammad (paix et salut sur lui) avec la chaire\" \/>\n<meta property=\"og:description\" content=\"Un \u00e9l\u00e9ment important de la conception de la mosqu\u00e9e est le mihrab avec le minbar de la mosqu\u00e9e du proph\u00e8te \u00e0 M\u00e9dine, un endroit important pour indiquer l&#039;emplacement de l&#039;imam pendant les pri\u00e8res.\" \/>\n<meta property=\"og:url\" content=\"https:\/\/saudi-gift.com\/fr\/product\/modele-du-mihrab-du-prophete-muhammad-paix-et-salut-sur-lui-avec-la-chaire\/\" \/>\n<meta property=\"og:site_name\" content=\"\u0647\u062f\u064a\u0629 \u0633\u0639\u0648\u062f\u064a\u0629\" \/>\n<meta property=\"article:publisher\" content=\"https:\/\/www.facebook.com\/profile.php?id=61560277649059&amp;mibextid=LQQJ4d\" \/>\n<meta property=\"og:image\" content=\"https:\/\/saudi-gift.com\/wp-content\/uploads\/2025\/01\/IMG_4566.webp\" \/>\n\t<meta property=\"og:image:width\" content=\"600\" \/>\n\t<meta property=\"og:image:height\" content=\"600\" \/>\n\t<meta property=\"og:image:type\" content=\"image\/webp\" \/>\n<meta name=\"twitter:card\" content=\"summary_large_image\" \/>\n<meta name=\"twitter:site\" content=\"@saudigift_\" \/>\n<script type=\"application\/ld+json\" class=\"yoast-schema-graph\">{\"@context\":\"https:\\\/\\\/schema.org\",\"@graph\":[{\"@type\":\"WebPage\",\"@id\":\"https:\\\/\\\/saudi-gift.com\\\/fr\\\/product\\\/modele-du-mihrab-du-prophete-muhammad-paix-et-salut-sur-lui-avec-la-chaire\\\/\",\"url\":\"https:\\\/\\\/saudi-gift.com\\\/fr\\\/product\\\/modele-du-mihrab-du-prophete-muhammad-paix-et-salut-sur-lui-avec-la-chaire\\\/\",\"name\":\"Mod\u00e8le du Mihrab du Proph\u00e8te Muhammad (paix et salut sur lui) avec la chaire - \u0647\u062f\u064a\u0629 \u0633\u0639\u0648\u062f\u064a\u0629\",\"isPartOf\":{\"@id\":\"https:\\\/\\\/saudi-gift.com\\\/#website\"},\"primaryImageOfPage\":{\"@id\":\"https:\\\/\\\/saudi-gift.com\\\/fr\\\/product\\\/modele-du-mihrab-du-prophete-muhammad-paix-et-salut-sur-lui-avec-la-chaire\\\/#primaryimage\"},\"image\":{\"@id\":\"https:\\\/\\\/saudi-gift.com\\\/fr\\\/product\\\/modele-du-mihrab-du-prophete-muhammad-paix-et-salut-sur-lui-avec-la-chaire\\\/#primaryimage\"},\"thumbnailUrl\":\"https:\\\/\\\/saudi-gift.com\\\/wp-content\\\/uploads\\\/2025\\\/01\\\/IMG_4566.webp\",\"datePublished\":\"2025-01-07T12:19:23+00:00\",\"breadcrumb\":{\"@id\":\"https:\\\/\\\/saudi-gift.com\\\/fr\\\/product\\\/modele-du-mihrab-du-prophete-muhammad-paix-et-salut-sur-lui-avec-la-chaire\\\/#breadcrumb\"},\"inLanguage\":\"fr-FR\",\"potentialAction\":[{\"@type\":\"ReadAction\",\"target\":[\"https:\\\/\\\/saudi-gift.com\\\/fr\\\/product\\\/modele-du-mihrab-du-prophete-muhammad-paix-et-salut-sur-lui-avec-la-chaire\\\/\"]}]},{\"@type\":\"ImageObject\",\"inLanguage\":\"fr-FR\",\"@id\":\"https:\\\/\\\/saudi-gift.com\\\/fr\\\/product\\\/modele-du-mihrab-du-prophete-muhammad-paix-et-salut-sur-lui-avec-la-chaire\\\/#primaryimage\",\"url\":\"https:\\\/\\\/saudi-gift.com\\\/wp-content\\\/uploads\\\/2025\\\/01\\\/IMG_4566.webp\",\"contentUrl\":\"https:\\\/\\\/saudi-gift.com\\\/wp-content\\\/uploads\\\/2025\\\/01\\\/IMG_4566.webp\",\"width\":600,\"height\":600,\"caption\":\"\u0645\u062c\u0633\u0645 \u0645\u062d\u0631\u0627\u0628 \u0633\u064a\u062f\u0646\u0627 \u0645\u062d\u0645\u062f \ufdfa \u0645\u0639 \u0627\u0644\u0645\u0646\u0628\u0631\"},{\"@type\":\"BreadcrumbList\",\"@id\":\"https:\\\/\\\/saudi-gift.com\\\/fr\\\/product\\\/modele-du-mihrab-du-prophete-muhammad-paix-et-salut-sur-lui-avec-la-chaire\\\/#breadcrumb\",\"itemListElement\":[{\"@type\":\"ListItem\",\"position\":1,\"name\":\"Home\",\"item\":\"https:\\\/\\\/saudi-gift.com\\\/fr\\\/\"},{\"@type\":\"ListItem\",\"position\":2,\"name\":\"Acheter\",\"item\":\"https:\\\/\\\/saudi-gift.com\\\/fr\\\/acheter\\\/\"},{\"@type\":\"ListItem\",\"position\":3,\"name\":\"Mod\u00e8le du Mihrab du Proph\u00e8te Muhammad (paix et salut sur lui) avec la chaire\"}]},{\"@type\":\"WebSite\",\"@id\":\"https:\\\/\\\/saudi-gift.com\\\/#website\",\"url\":\"https:\\\/\\\/saudi-gift.com\\\/\",\"name\":\"\u0647\u062f\u064a\u0629 \u0633\u0639\u0648\u062f\u064a\u0629\",\"description\":\"\u0647\u062f\u064a\u0629 \u0633\u0639\u0648\u062f\u064a\u0629 \u0645\u062a\u062c\u0631 \u0627\u0644\u0643\u062a\u0631\u0648\u0646\u064a \u064a\u0642\u062f\u0645 \u0644\u0643\u0645 \u0645\u062c\u0645\u0648\u0639\u0629 \u0645\u0646 \u0627\u0644\u0647\u062f\u0627\u064a\u0627 \u0627\u0644\u062a\u064a \u062a\u062c\u0633\u062f \u0639\u0628\u0642 \u0630\u0643\u0631\u064a\u0627\u062a\u0643\u0645 \u0641\u064a \u0627\u0644\u0645\u0634\u0627\u0639\u0631 \u0627\u0644\u0645\u0642\u062f\u0633\u0629\",\"publisher\":{\"@id\":\"https:\\\/\\\/saudi-gift.com\\\/#organization\"},\"alternateName\":\"\u0647\u062f\u064a\u0629 \u0633\u0639\u0648\u062f\u064a\u0629\",\"potentialAction\":[{\"@type\":\"SearchAction\",\"target\":{\"@type\":\"EntryPoint\",\"urlTemplate\":\"https:\\\/\\\/saudi-gift.com\\\/?s={search_term_string}\"},\"query-input\":{\"@type\":\"PropertyValueSpecification\",\"valueRequired\":true,\"valueName\":\"search_term_string\"}}],\"inLanguage\":\"fr-FR\"},{\"@type\":\"Organization\",\"@id\":\"https:\\\/\\\/saudi-gift.com\\\/#organization\",\"name\":\"\u0645\u062a\u062c\u0631 \u0627\u0644\u0647\u062f\u064a\u0629\",\"alternateName\":\"\u0647\u062f\u064a\u0629 \u0633\u0639\u0648\u062f\u064a\u0629\",\"url\":\"https:\\\/\\\/saudi-gift.com\\\/\",\"logo\":{\"@type\":\"ImageObject\",\"inLanguage\":\"fr-FR\",\"@id\":\"https:\\\/\\\/saudi-gift.com\\\/#\\\/schema\\\/logo\\\/image\\\/\",\"url\":\"https:\\\/\\\/saudi-gift.com\\\/wp-content\\\/uploads\\\/2025\\\/05\\\/2.png\",\"contentUrl\":\"https:\\\/\\\/saudi-gift.com\\\/wp-content\\\/uploads\\\/2025\\\/05\\\/2.png\",\"width\":163,\"height\":42,\"caption\":\"\u0645\u062a\u062c\u0631 \u0627\u0644\u0647\u062f\u064a\u0629\"},\"image\":{\"@id\":\"https:\\\/\\\/saudi-gift.com\\\/#\\\/schema\\\/logo\\\/image\\\/\"},\"sameAs\":[\"https:\\\/\\\/www.facebook.com\\\/profile.php?id=61560277649059&mibextid=LQQJ4d\",\"https:\\\/\\\/x.com\\\/saudigift_\"]}]}<\/script>\n<!-- \/ Yoast SEO Premium plugin. -->","yoast_head_json":{"title":"Mod\u00e8le du Mihrab du Proph\u00e8te Muhammad (paix et salut sur lui) avec la chaire - \u0647\u062f\u064a\u0629 \u0633\u0639\u0648\u062f\u064a\u0629","robots":{"index":"index","follow":"follow","max-snippet":"max-snippet:-1","max-image-preview":"max-image-preview:large","max-video-preview":"max-video-preview:-1"},"canonical":"https:\/\/saudi-gift.com\/fr\/product\/modele-du-mihrab-du-prophete-muhammad-paix-et-salut-sur-lui-avec-la-chaire\/","og_locale":"fr_FR","og_type":"article","og_title":"Mod\u00e8le du Mihrab du Proph\u00e8te Muhammad (paix et salut sur lui) avec la chaire","og_description":"Un \u00e9l\u00e9ment important de la conception de la mosqu\u00e9e est le mihrab avec le minbar de la mosqu\u00e9e du proph\u00e8te \u00e0 M\u00e9dine, un endroit important pour indiquer l'emplacement de l'imam pendant les pri\u00e8res.","og_url":"https:\/\/saudi-gift.com\/fr\/product\/modele-du-mihrab-du-prophete-muhammad-paix-et-salut-sur-lui-avec-la-chaire\/","og_site_name":"\u0647\u062f\u064a\u0629 \u0633\u0639\u0648\u062f\u064a\u0629","article_publisher":"https:\/\/www.facebook.com\/profile.php?id=61560277649059&mibextid=LQQJ4d","og_image":[{"width":600,"height":600,"url":"https:\/\/saudi-gift.com\/wp-content\/uploads\/2025\/01\/IMG_4566.webp","type":"image\/webp"}],"twitter_card":"summary_large_image","twitter_site":"@saudigift_","schema":{"@context":"https:\/\/schema.org","@graph":[{"@type":"WebPage","@id":"https:\/\/saudi-gift.com\/fr\/product\/modele-du-mihrab-du-prophete-muhammad-paix-et-salut-sur-lui-avec-la-chaire\/","url":"https:\/\/saudi-gift.com\/fr\/product\/modele-du-mihrab-du-prophete-muhammad-paix-et-salut-sur-lui-avec-la-chaire\/","name":"Mod\u00e8le du Mihrab du Proph\u00e8te Muhammad (paix et salut sur lui) avec la chaire - \u0647\u062f\u064a\u0629 \u0633\u0639\u0648\u062f\u064a\u0629","isPartOf":{"@id":"https:\/\/saudi-gift.com\/#website"},"primaryImageOfPage":{"@id":"https:\/\/saudi-gift.com\/fr\/product\/modele-du-mihrab-du-prophete-muhammad-paix-et-salut-sur-lui-avec-la-chaire\/#primaryimage"},"image":{"@id":"https:\/\/saudi-gift.com\/fr\/product\/modele-du-mihrab-du-prophete-muhammad-paix-et-salut-sur-lui-avec-la-chaire\/#primaryimage"},"thumbnailUrl":"https:\/\/saudi-gift.com\/wp-content\/uploads\/2025\/01\/IMG_4566.webp","datePublished":"2025-01-07T12:19:23+00:00","breadcrumb":{"@id":"https:\/\/saudi-gift.com\/fr\/product\/modele-du-mihrab-du-prophete-muhammad-paix-et-salut-sur-lui-avec-la-chaire\/#breadcrumb"},"inLanguage":"fr-FR","potentialAction":[{"@type":"ReadAction","target":["https:\/\/saudi-gift.com\/fr\/product\/modele-du-mihrab-du-prophete-muhammad-paix-et-salut-sur-lui-avec-la-chaire\/"]}]},{"@type":"ImageObject","inLanguage":"fr-FR","@id":"https:\/\/saudi-gift.com\/fr\/product\/modele-du-mihrab-du-prophete-muhammad-paix-et-salut-sur-lui-avec-la-chaire\/#primaryimage","url":"https:\/\/saudi-gift.com\/wp-content\/uploads\/2025\/01\/IMG_4566.webp","contentUrl":"https:\/\/saudi-gift.com\/wp-content\/uploads\/2025\/01\/IMG_4566.webp","width":600,"height":600,"caption":"\u0645\u062c\u0633\u0645 \u0645\u062d\u0631\u0627\u0628 \u0633\u064a\u062f\u0646\u0627 \u0645\u062d\u0645\u062f \ufdfa \u0645\u0639 \u0627\u0644\u0645\u0646\u0628\u0631"},{"@type":"BreadcrumbList","@id":"https:\/\/saudi-gift.com\/fr\/product\/modele-du-mihrab-du-prophete-muhammad-paix-et-salut-sur-lui-avec-la-chaire\/#breadcrumb","itemListElement":[{"@type":"ListItem","position":1,"name":"Home","item":"https:\/\/saudi-gift.com\/fr\/"},{"@type":"ListItem","position":2,"name":"Acheter","item":"https:\/\/saudi-gift.com\/fr\/acheter\/"},{"@type":"ListItem","position":3,"name":"Mod\u00e8le du Mihrab du Proph\u00e8te Muhammad (paix et salut sur lui) avec la chaire"}]},{"@type":"WebSite","@id":"https:\/\/saudi-gift.com\/#website","url":"https:\/\/saudi-gift.com\/","name":"\u0647\u062f\u064a\u0629 \u0633\u0639\u0648\u062f\u064a\u0629","description":"\u0647\u062f\u064a\u0629 \u0633\u0639\u0648\u062f\u064a\u0629 \u0645\u062a\u062c\u0631 \u0627\u0644\u0643\u062a\u0631\u0648\u0646\u064a \u064a\u0642\u062f\u0645 \u0644\u0643\u0645 \u0645\u062c\u0645\u0648\u0639\u0629 \u0645\u0646 \u0627\u0644\u0647\u062f\u0627\u064a\u0627 \u0627\u0644\u062a\u064a \u062a\u062c\u0633\u062f \u0639\u0628\u0642 \u0630\u0643\u0631\u064a\u0627\u062a\u0643\u0645 \u0641\u064a \u0627\u0644\u0645\u0634\u0627\u0639\u0631 \u0627\u0644\u0645\u0642\u062f\u0633\u0629","publisher":{"@id":"https:\/\/saudi-gift.com\/#organization"},"alternateName":"\u0647\u062f\u064a\u0629 \u0633\u0639\u0648\u062f\u064a\u0629","potentialAction":[{"@type":"SearchAction","target":{"@type":"EntryPoint","urlTemplate":"https:\/\/saudi-gift.com\/?s={search_term_string}"},"query-input":{"@type":"PropertyValueSpecification","valueRequired":true,"valueName":"search_term_string"}}],"inLanguage":"fr-FR"},{"@type":"Organization","@id":"https:\/\/saudi-gift.com\/#organization","name":"\u0645\u062a\u062c\u0631 \u0627\u0644\u0647\u062f\u064a\u0629","alternateName":"\u0647\u062f\u064a\u0629 \u0633\u0639\u0648\u062f\u064a\u0629","url":"https:\/\/saudi-gift.com\/","logo":{"@type":"ImageObject","inLanguage":"fr-FR","@id":"https:\/\/saudi-gift.com\/#\/schema\/logo\/image\/","url":"https:\/\/saudi-gift.com\/wp-content\/uploads\/2025\/05\/2.png","contentUrl":"https:\/\/saudi-gift.com\/wp-content\/uploads\/2025\/05\/2.png","width":163,"height":42,"caption":"\u0645\u062a\u062c\u0631 \u0627\u0644\u0647\u062f\u064a\u0629"},"image":{"@id":"https:\/\/saudi-gift.com\/#\/schema\/logo\/image\/"},"sameAs":["https:\/\/www.facebook.com\/profile.php?id=61560277649059&mibextid=LQQJ4d","https:\/\/x.com\/saudigift_"]}]}},"jetpack-related-posts":[],"_links":{"self":[{"href":"https:\/\/saudi-gift.com\/fr\/wp-json\/wp\/v2\/product\/40260","targetHints":{"allow":["GET"]}}],"collection":[{"href":"https:\/\/saudi-gift.com\/fr\/wp-json\/wp\/v2\/product"}],"about":[{"href":"https:\/\/saudi-gift.com\/fr\/wp-json\/wp\/v2\/types\/product"}],"replies":[{"embeddable":true,"href":"https:\/\/saudi-gift.com\/fr\/wp-json\/wp\/v2\/comments?post=40260"}],"version-history":[{"count":0,"href":"https:\/\/saudi-gift.com\/fr\/wp-json\/wp\/v2\/product\/40260\/revisions"}],"wp:featuredmedia":[{"embeddable":true,"href":"https:\/\/saudi-gift.com\/fr\/wp-json\/wp\/v2\/media\/33450"}],"wp:attachment":[{"href":"https:\/\/saudi-gift.com\/fr\/wp-json\/wp\/v2\/media?parent=40260"}],"wp:term":[{"taxonomy":"product_brand","embeddable":true,"href":"https:\/\/saudi-gift.com\/fr\/wp-json\/wp\/v2\/product_brand?post=40260"},{"taxonomy":"product_cat","embeddable":true,"href":"https:\/\/saudi-gift.com\/fr\/wp-json\/wp\/v2\/product_cat?post=40260"},{"taxonomy":"product_tag","embeddable":true,"href":"https:\/\/saudi-gift.com\/fr\/wp-json\/wp\/v2\/product_tag?post=40260"}],"curies":[{"name":"wp","href":"https:\/\/api.w.org\/{rel}","templated":true}]}}