{"id":40301,"date":"2025-01-06T19:33:36","date_gmt":"2025-01-06T16:33:36","guid":{"rendered":"https:\/\/saudi-gift.com\/product\/un-modele-de-la-niche-du-prophete-muhammad-paix-et-benedictions-dallah-soient-sur-lui\/"},"modified":"2025-01-06T19:33:36","modified_gmt":"2025-01-06T16:33:36","slug":"un-modele-de-la-niche-du-prophete-muhammad-paix-et-benedictions-dallah-soient-sur-lui","status":"publish","type":"product","link":"https:\/\/saudi-gift.com\/fr\/produit\/un-modele-de-la-niche-du-prophete-muhammad-paix-et-benedictions-dallah-soient-sur-lui\/","title":{"rendered":"Un mod\u00e8le de la niche du Proph\u00e8te Muhammad (paix et b\u00e9n\u00e9dictions d&rsquo;Allah soient sur lui)"},"content":{"rendered":"<p style=\"text-align: right;\">Un mod\u00e8le de la niche du Proph\u00e8te Muhammad (paix et b\u00e9n\u00e9dictions d&rsquo;Allah soient sur lui)<\/p>\n<p style=\"text-align: right;\">Le mug Mihrab est un produit religieux ou spirituel qui refl\u00e8te une profonde appr\u00e9ciation de la personnalit\u00e9 islamique et de la spiritualit\u00e9 associ\u00e9e \u00e0 Dieu et \u00e0 son proph\u00e8te Muhammad (que la paix soit sur lui). Il s&rsquo;agit d&rsquo;une \u0153uvre d&rsquo;art \u00e0 caract\u00e8re religieux, qui combine le symbolisme du mihrab (lieu de pri\u00e8re). <\/p>\n<p style=\"text-align: right;\">Longueur 24 Largeur 27<\/p>\n","protected":false},"excerpt":{"rendered":"<p><span style=\"font-size: 18px;\"><strong>La figure du Proph\u00e8te Muhammad (que la paix soit sur lui) avec les sourates al-Falaq et al-Nas  <\/strong><\/span><\/p>\n","protected":false},"featured_media":33395,"comment_status":"open","ping_status":"closed","template":"","meta":[],"product_brand":[],"product_cat":[3253],"product_tag":[671],"class_list":{"0":"post-40301","1":"product","2":"type-product","3":"status-publish","4":"has-post-thumbnail","6":"product_cat-3253","7":"product_tag-671","9":"first","10":"outofstock","11":"shipping-taxable","12":"purchasable","13":"product-type-simple"},"yoast_head":"<!-- This site is optimized with the Yoast SEO Premium plugin v27.2 (Yoast SEO v27.6) - https:\/\/yoast.com\/product\/yoast-seo-premium-wordpress\/ -->\n<title>Un mod\u00e8le de la niche du Proph\u00e8te Muhammad (paix et b\u00e9n\u00e9dictions d&#039;Allah soient sur lui) - \u0647\u062f\u064a\u0629 \u0633\u0639\u0648\u062f\u064a\u0629<\/title>\n<meta name=\"robots\" content=\"index, follow, max-snippet:-1, max-image-preview:large, max-video-preview:-1\" \/>\n<link rel=\"canonical\" href=\"https:\/\/saudi-gift.com\/fr\/product\/un-modele-de-la-niche-du-prophete-muhammad-paix-et-benedictions-dallah-soient-sur-lui\/\" \/>\n<meta property=\"og:locale\" content=\"fr_FR\" \/>\n<meta property=\"og:type\" content=\"article\" \/>\n<meta property=\"og:title\" content=\"Un mod\u00e8le de la niche du Proph\u00e8te Muhammad (paix et b\u00e9n\u00e9dictions d&#039;Allah soient sur lui)\" \/>\n<meta property=\"og:description\" content=\"La figure du Proph\u00e8te Muhammad (que la paix soit sur lui) avec les sourates al-Falaq et al-Nas\" \/>\n<meta property=\"og:url\" content=\"https:\/\/saudi-gift.com\/fr\/product\/un-modele-de-la-niche-du-prophete-muhammad-paix-et-benedictions-dallah-soient-sur-lui\/\" \/>\n<meta property=\"og:site_name\" content=\"\u0647\u062f\u064a\u0629 \u0633\u0639\u0648\u062f\u064a\u0629\" \/>\n<meta property=\"article:publisher\" content=\"https:\/\/www.facebook.com\/profile.php?id=61560277649059&amp;mibextid=LQQJ4d\" \/>\n<meta property=\"og:image\" content=\"https:\/\/saudi-gift.com\/wp-content\/uploads\/2025\/01\/IMG_4544.webp\" \/>\n\t<meta property=\"og:image:width\" content=\"600\" \/>\n\t<meta property=\"og:image:height\" content=\"600\" \/>\n\t<meta property=\"og:image:type\" content=\"image\/webp\" \/>\n<meta name=\"twitter:card\" content=\"summary_large_image\" \/>\n<meta name=\"twitter:site\" content=\"@saudigift_\" \/>\n<script type=\"application\/ld+json\" class=\"yoast-schema-graph\">{\"@context\":\"https:\\\/\\\/schema.org\",\"@graph\":[{\"@type\":\"WebPage\",\"@id\":\"https:\\\/\\\/saudi-gift.com\\\/fr\\\/product\\\/un-modele-de-la-niche-du-prophete-muhammad-paix-et-benedictions-dallah-soient-sur-lui\\\/\",\"url\":\"https:\\\/\\\/saudi-gift.com\\\/fr\\\/product\\\/un-modele-de-la-niche-du-prophete-muhammad-paix-et-benedictions-dallah-soient-sur-lui\\\/\",\"name\":\"Un mod\u00e8le de la niche du Proph\u00e8te Muhammad (paix et b\u00e9n\u00e9dictions d'Allah soient sur lui) - \u0647\u062f\u064a\u0629 \u0633\u0639\u0648\u062f\u064a\u0629\",\"isPartOf\":{\"@id\":\"https:\\\/\\\/saudi-gift.com\\\/#website\"},\"primaryImageOfPage\":{\"@id\":\"https:\\\/\\\/saudi-gift.com\\\/fr\\\/product\\\/un-modele-de-la-niche-du-prophete-muhammad-paix-et-benedictions-dallah-soient-sur-lui\\\/#primaryimage\"},\"image\":{\"@id\":\"https:\\\/\\\/saudi-gift.com\\\/fr\\\/product\\\/un-modele-de-la-niche-du-prophete-muhammad-paix-et-benedictions-dallah-soient-sur-lui\\\/#primaryimage\"},\"thumbnailUrl\":\"https:\\\/\\\/saudi-gift.com\\\/wp-content\\\/uploads\\\/2025\\\/01\\\/IMG_4544.webp\",\"datePublished\":\"2025-01-06T16:33:36+00:00\",\"breadcrumb\":{\"@id\":\"https:\\\/\\\/saudi-gift.com\\\/fr\\\/product\\\/un-modele-de-la-niche-du-prophete-muhammad-paix-et-benedictions-dallah-soient-sur-lui\\\/#breadcrumb\"},\"inLanguage\":\"fr-FR\",\"potentialAction\":[{\"@type\":\"ReadAction\",\"target\":[\"https:\\\/\\\/saudi-gift.com\\\/fr\\\/product\\\/un-modele-de-la-niche-du-prophete-muhammad-paix-et-benedictions-dallah-soient-sur-lui\\\/\"]}]},{\"@type\":\"ImageObject\",\"inLanguage\":\"fr-FR\",\"@id\":\"https:\\\/\\\/saudi-gift.com\\\/fr\\\/product\\\/un-modele-de-la-niche-du-prophete-muhammad-paix-et-benedictions-dallah-soient-sur-lui\\\/#primaryimage\",\"url\":\"https:\\\/\\\/saudi-gift.com\\\/wp-content\\\/uploads\\\/2025\\\/01\\\/IMG_4544.webp\",\"contentUrl\":\"https:\\\/\\\/saudi-gift.com\\\/wp-content\\\/uploads\\\/2025\\\/01\\\/IMG_4544.webp\",\"width\":600,\"height\":600},{\"@type\":\"BreadcrumbList\",\"@id\":\"https:\\\/\\\/saudi-gift.com\\\/fr\\\/product\\\/un-modele-de-la-niche-du-prophete-muhammad-paix-et-benedictions-dallah-soient-sur-lui\\\/#breadcrumb\",\"itemListElement\":[{\"@type\":\"ListItem\",\"position\":1,\"name\":\"Home\",\"item\":\"https:\\\/\\\/saudi-gift.com\\\/fr\\\/\"},{\"@type\":\"ListItem\",\"position\":2,\"name\":\"Acheter\",\"item\":\"https:\\\/\\\/saudi-gift.com\\\/fr\\\/acheter\\\/\"},{\"@type\":\"ListItem\",\"position\":3,\"name\":\"Un mod\u00e8le de la niche du Proph\u00e8te Muhammad (paix et b\u00e9n\u00e9dictions d&#8217;Allah soient sur lui)\"}]},{\"@type\":\"WebSite\",\"@id\":\"https:\\\/\\\/saudi-gift.com\\\/#website\",\"url\":\"https:\\\/\\\/saudi-gift.com\\\/\",\"name\":\"\u0647\u062f\u064a\u0629 \u0633\u0639\u0648\u062f\u064a\u0629\",\"description\":\"\u0647\u062f\u064a\u0629 \u0633\u0639\u0648\u062f\u064a\u0629 \u0645\u062a\u062c\u0631 \u0627\u0644\u0643\u062a\u0631\u0648\u0646\u064a \u064a\u0642\u062f\u0645 \u0644\u0643\u0645 \u0645\u062c\u0645\u0648\u0639\u0629 \u0645\u0646 \u0627\u0644\u0647\u062f\u0627\u064a\u0627 \u0627\u0644\u062a\u064a \u062a\u062c\u0633\u062f \u0639\u0628\u0642 \u0630\u0643\u0631\u064a\u0627\u062a\u0643\u0645 \u0641\u064a \u0627\u0644\u0645\u0634\u0627\u0639\u0631 \u0627\u0644\u0645\u0642\u062f\u0633\u0629\",\"publisher\":{\"@id\":\"https:\\\/\\\/saudi-gift.com\\\/#organization\"},\"alternateName\":\"\u0647\u062f\u064a\u0629 \u0633\u0639\u0648\u062f\u064a\u0629\",\"potentialAction\":[{\"@type\":\"SearchAction\",\"target\":{\"@type\":\"EntryPoint\",\"urlTemplate\":\"https:\\\/\\\/saudi-gift.com\\\/?s={search_term_string}\"},\"query-input\":{\"@type\":\"PropertyValueSpecification\",\"valueRequired\":true,\"valueName\":\"search_term_string\"}}],\"inLanguage\":\"fr-FR\"},{\"@type\":\"Organization\",\"@id\":\"https:\\\/\\\/saudi-gift.com\\\/#organization\",\"name\":\"\u0645\u062a\u062c\u0631 \u0627\u0644\u0647\u062f\u064a\u0629\",\"alternateName\":\"\u0647\u062f\u064a\u0629 \u0633\u0639\u0648\u062f\u064a\u0629\",\"url\":\"https:\\\/\\\/saudi-gift.com\\\/\",\"logo\":{\"@type\":\"ImageObject\",\"inLanguage\":\"fr-FR\",\"@id\":\"https:\\\/\\\/saudi-gift.com\\\/#\\\/schema\\\/logo\\\/image\\\/\",\"url\":\"https:\\\/\\\/saudi-gift.com\\\/wp-content\\\/uploads\\\/2025\\\/05\\\/2.png\",\"contentUrl\":\"https:\\\/\\\/saudi-gift.com\\\/wp-content\\\/uploads\\\/2025\\\/05\\\/2.png\",\"width\":163,\"height\":42,\"caption\":\"\u0645\u062a\u062c\u0631 \u0627\u0644\u0647\u062f\u064a\u0629\"},\"image\":{\"@id\":\"https:\\\/\\\/saudi-gift.com\\\/#\\\/schema\\\/logo\\\/image\\\/\"},\"sameAs\":[\"https:\\\/\\\/www.facebook.com\\\/profile.php?id=61560277649059&mibextid=LQQJ4d\",\"https:\\\/\\\/x.com\\\/saudigift_\"]}]}<\/script>\n<!-- \/ Yoast SEO Premium plugin. -->","yoast_head_json":{"title":"Un mod\u00e8le de la niche du Proph\u00e8te Muhammad (paix et b\u00e9n\u00e9dictions d'Allah soient sur lui) - \u0647\u062f\u064a\u0629 \u0633\u0639\u0648\u062f\u064a\u0629","robots":{"index":"index","follow":"follow","max-snippet":"max-snippet:-1","max-image-preview":"max-image-preview:large","max-video-preview":"max-video-preview:-1"},"canonical":"https:\/\/saudi-gift.com\/fr\/product\/un-modele-de-la-niche-du-prophete-muhammad-paix-et-benedictions-dallah-soient-sur-lui\/","og_locale":"fr_FR","og_type":"article","og_title":"Un mod\u00e8le de la niche du Proph\u00e8te Muhammad (paix et b\u00e9n\u00e9dictions d'Allah soient sur lui)","og_description":"La figure du Proph\u00e8te Muhammad (que la paix soit sur lui) avec les sourates al-Falaq et al-Nas","og_url":"https:\/\/saudi-gift.com\/fr\/product\/un-modele-de-la-niche-du-prophete-muhammad-paix-et-benedictions-dallah-soient-sur-lui\/","og_site_name":"\u0647\u062f\u064a\u0629 \u0633\u0639\u0648\u062f\u064a\u0629","article_publisher":"https:\/\/www.facebook.com\/profile.php?id=61560277649059&mibextid=LQQJ4d","og_image":[{"width":600,"height":600,"url":"https:\/\/saudi-gift.com\/wp-content\/uploads\/2025\/01\/IMG_4544.webp","type":"image\/webp"}],"twitter_card":"summary_large_image","twitter_site":"@saudigift_","schema":{"@context":"https:\/\/schema.org","@graph":[{"@type":"WebPage","@id":"https:\/\/saudi-gift.com\/fr\/product\/un-modele-de-la-niche-du-prophete-muhammad-paix-et-benedictions-dallah-soient-sur-lui\/","url":"https:\/\/saudi-gift.com\/fr\/product\/un-modele-de-la-niche-du-prophete-muhammad-paix-et-benedictions-dallah-soient-sur-lui\/","name":"Un mod\u00e8le de la niche du Proph\u00e8te Muhammad (paix et b\u00e9n\u00e9dictions d'Allah soient sur lui) - \u0647\u062f\u064a\u0629 \u0633\u0639\u0648\u062f\u064a\u0629","isPartOf":{"@id":"https:\/\/saudi-gift.com\/#website"},"primaryImageOfPage":{"@id":"https:\/\/saudi-gift.com\/fr\/product\/un-modele-de-la-niche-du-prophete-muhammad-paix-et-benedictions-dallah-soient-sur-lui\/#primaryimage"},"image":{"@id":"https:\/\/saudi-gift.com\/fr\/product\/un-modele-de-la-niche-du-prophete-muhammad-paix-et-benedictions-dallah-soient-sur-lui\/#primaryimage"},"thumbnailUrl":"https:\/\/saudi-gift.com\/wp-content\/uploads\/2025\/01\/IMG_4544.webp","datePublished":"2025-01-06T16:33:36+00:00","breadcrumb":{"@id":"https:\/\/saudi-gift.com\/fr\/product\/un-modele-de-la-niche-du-prophete-muhammad-paix-et-benedictions-dallah-soient-sur-lui\/#breadcrumb"},"inLanguage":"fr-FR","potentialAction":[{"@type":"ReadAction","target":["https:\/\/saudi-gift.com\/fr\/product\/un-modele-de-la-niche-du-prophete-muhammad-paix-et-benedictions-dallah-soient-sur-lui\/"]}]},{"@type":"ImageObject","inLanguage":"fr-FR","@id":"https:\/\/saudi-gift.com\/fr\/product\/un-modele-de-la-niche-du-prophete-muhammad-paix-et-benedictions-dallah-soient-sur-lui\/#primaryimage","url":"https:\/\/saudi-gift.com\/wp-content\/uploads\/2025\/01\/IMG_4544.webp","contentUrl":"https:\/\/saudi-gift.com\/wp-content\/uploads\/2025\/01\/IMG_4544.webp","width":600,"height":600},{"@type":"BreadcrumbList","@id":"https:\/\/saudi-gift.com\/fr\/product\/un-modele-de-la-niche-du-prophete-muhammad-paix-et-benedictions-dallah-soient-sur-lui\/#breadcrumb","itemListElement":[{"@type":"ListItem","position":1,"name":"Home","item":"https:\/\/saudi-gift.com\/fr\/"},{"@type":"ListItem","position":2,"name":"Acheter","item":"https:\/\/saudi-gift.com\/fr\/acheter\/"},{"@type":"ListItem","position":3,"name":"Un mod\u00e8le de la niche du Proph\u00e8te Muhammad (paix et b\u00e9n\u00e9dictions d&#8217;Allah soient sur lui)"}]},{"@type":"WebSite","@id":"https:\/\/saudi-gift.com\/#website","url":"https:\/\/saudi-gift.com\/","name":"\u0647\u062f\u064a\u0629 \u0633\u0639\u0648\u062f\u064a\u0629","description":"\u0647\u062f\u064a\u0629 \u0633\u0639\u0648\u062f\u064a\u0629 \u0645\u062a\u062c\u0631 \u0627\u0644\u0643\u062a\u0631\u0648\u0646\u064a \u064a\u0642\u062f\u0645 \u0644\u0643\u0645 \u0645\u062c\u0645\u0648\u0639\u0629 \u0645\u0646 \u0627\u0644\u0647\u062f\u0627\u064a\u0627 \u0627\u0644\u062a\u064a \u062a\u062c\u0633\u062f \u0639\u0628\u0642 \u0630\u0643\u0631\u064a\u0627\u062a\u0643\u0645 \u0641\u064a \u0627\u0644\u0645\u0634\u0627\u0639\u0631 \u0627\u0644\u0645\u0642\u062f\u0633\u0629","publisher":{"@id":"https:\/\/saudi-gift.com\/#organization"},"alternateName":"\u0647\u062f\u064a\u0629 \u0633\u0639\u0648\u062f\u064a\u0629","potentialAction":[{"@type":"SearchAction","target":{"@type":"EntryPoint","urlTemplate":"https:\/\/saudi-gift.com\/?s={search_term_string}"},"query-input":{"@type":"PropertyValueSpecification","valueRequired":true,"valueName":"search_term_string"}}],"inLanguage":"fr-FR"},{"@type":"Organization","@id":"https:\/\/saudi-gift.com\/#organization","name":"\u0645\u062a\u062c\u0631 \u0627\u0644\u0647\u062f\u064a\u0629","alternateName":"\u0647\u062f\u064a\u0629 \u0633\u0639\u0648\u062f\u064a\u0629","url":"https:\/\/saudi-gift.com\/","logo":{"@type":"ImageObject","inLanguage":"fr-FR","@id":"https:\/\/saudi-gift.com\/#\/schema\/logo\/image\/","url":"https:\/\/saudi-gift.com\/wp-content\/uploads\/2025\/05\/2.png","contentUrl":"https:\/\/saudi-gift.com\/wp-content\/uploads\/2025\/05\/2.png","width":163,"height":42,"caption":"\u0645\u062a\u062c\u0631 \u0627\u0644\u0647\u062f\u064a\u0629"},"image":{"@id":"https:\/\/saudi-gift.com\/#\/schema\/logo\/image\/"},"sameAs":["https:\/\/www.facebook.com\/profile.php?id=61560277649059&mibextid=LQQJ4d","https:\/\/x.com\/saudigift_"]}]}},"jetpack-related-posts":[],"_links":{"self":[{"href":"https:\/\/saudi-gift.com\/fr\/wp-json\/wp\/v2\/product\/40301","targetHints":{"allow":["GET"]}}],"collection":[{"href":"https:\/\/saudi-gift.com\/fr\/wp-json\/wp\/v2\/product"}],"about":[{"href":"https:\/\/saudi-gift.com\/fr\/wp-json\/wp\/v2\/types\/product"}],"replies":[{"embeddable":true,"href":"https:\/\/saudi-gift.com\/fr\/wp-json\/wp\/v2\/comments?post=40301"}],"version-history":[{"count":0,"href":"https:\/\/saudi-gift.com\/fr\/wp-json\/wp\/v2\/product\/40301\/revisions"}],"wp:featuredmedia":[{"embeddable":true,"href":"https:\/\/saudi-gift.com\/fr\/wp-json\/wp\/v2\/media\/33395"}],"wp:attachment":[{"href":"https:\/\/saudi-gift.com\/fr\/wp-json\/wp\/v2\/media?parent=40301"}],"wp:term":[{"taxonomy":"product_brand","embeddable":true,"href":"https:\/\/saudi-gift.com\/fr\/wp-json\/wp\/v2\/product_brand?post=40301"},{"taxonomy":"product_cat","embeddable":true,"href":"https:\/\/saudi-gift.com\/fr\/wp-json\/wp\/v2\/product_cat?post=40301"},{"taxonomy":"product_tag","embeddable":true,"href":"https:\/\/saudi-gift.com\/fr\/wp-json\/wp\/v2\/product_tag?post=40301"}],"curies":[{"name":"wp","href":"https:\/\/api.w.org\/{rel}","templated":true}]}}