{"id":40318,"date":"2025-01-06T19:01:43","date_gmt":"2025-01-06T16:01:43","guid":{"rendered":"https:\/\/saudi-gift.com\/product\/tour-de-lhorloge-kaaba-et-dome-vert\/"},"modified":"2025-01-06T19:01:43","modified_gmt":"2025-01-06T16:01:43","slug":"tour-de-lhorloge-kaaba-et-dome-vert","status":"publish","type":"product","link":"https:\/\/saudi-gift.com\/fr\/produit\/tour-de-lhorloge-kaaba-et-dome-vert\/","title":{"rendered":"Tour de l&rsquo;horloge, Kaaba et d\u00f4me vert"},"content":{"rendered":"<p style=\"text-align: right;\">Tour de l&rsquo;horloge, Kaaba et d\u00f4me vert<\/p>\n<p style=\"text-align: right;\">Le produit est une sculpture en verre distinctive qui combine trois points de rep\u00e8re islamiques embl\u00e9matiques et symboliques. Elle se compose des \u00e9l\u00e9ments suivants : <\/p>\n<ol style=\"text-align: right;\">\n<li>La <strong>tour de l&rsquo;horloge<\/strong>: La tour de l&rsquo;horloge se caract\u00e9rise par son design exquis qui refl\u00e8te l&rsquo;architecture islamique moderne. La tour est d\u00e9licatement d\u00e9cor\u00e9e et indique clairement l&rsquo;heure, ce qui en fait un \u00e9l\u00e9ment important de l&rsquo;installation.<\/li>\n<li>La <strong>sainte Kaaba<\/strong>: La Kaaba est repr\u00e9sent\u00e9e dans les moindres d\u00e9tails, montrant la forme majestueuse du cube qui est le centre sacr\u00e9 de l&rsquo;islam \u00e0 La Mecque. Les ar\u00eates et les lignes soulignent la beaut\u00e9 de la structure et refl\u00e8tent la spiritualit\u00e9 du lieu.<\/li>\n<li>Le <strong>d\u00f4me vert<\/strong>: Le d\u00f4me vert de M\u00e9dine est une repr\u00e9sentation \u00e9tonnamment d\u00e9taill\u00e9e de son architecture unique. Le d\u00f4me est repr\u00e9sent\u00e9 dans des proportions pr\u00e9cises, refl\u00e9tant la grandeur de la conception et le symbolisme du site.<\/li>\n<\/ol>\n<p style=\"text-align: right;\">Le mod\u00e8le est en verre transparent, ce qui permet de voir les d\u00e9tails complexes de ces lieux sacr\u00e9s sous tous les angles. Le produit est transparent et brillant, ce qui lui conf\u00e8re une touche de luxe et de spiritualit\u00e9. Parfait comme souvenir ou comme \u00e9l\u00e9ment d\u00e9coratif \u00e9l\u00e9gant qui ajoute une touche de beaut\u00e9 spirituelle \u00e0 n&rsquo;importe quel espace. Hauteur 16 Largeur 13<\/p>\n","protected":false},"excerpt":{"rendered":"<p><strong><span style=\"font-size: 18px;\">Tour de l&rsquo;horloge, Kaaba et d\u00f4me vert<\/span><\/strong><\/p>\n","protected":false},"featured_media":33352,"comment_status":"open","ping_status":"closed","template":"","meta":[],"product_brand":[],"product_cat":[177],"product_tag":[],"class_list":{"0":"post-40318","1":"product","2":"type-product","3":"status-publish","4":"has-post-thumbnail","6":"product_cat-177","8":"first","9":"outofstock","10":"shipping-taxable","11":"purchasable","12":"product-type-simple"},"yoast_head":"<!-- This site is optimized with the Yoast SEO Premium plugin v27.2 (Yoast SEO v27.6) - https:\/\/yoast.com\/product\/yoast-seo-premium-wordpress\/ -->\n<title>Tour de l&#039;horloge, Kaaba et d\u00f4me vert - \u0647\u062f\u064a\u0629 \u0633\u0639\u0648\u062f\u064a\u0629<\/title>\n<meta name=\"robots\" content=\"index, follow, max-snippet:-1, max-image-preview:large, max-video-preview:-1\" \/>\n<link rel=\"canonical\" href=\"https:\/\/saudi-gift.com\/fr\/product\/tour-de-lhorloge-kaaba-et-dome-vert\/\" \/>\n<meta property=\"og:locale\" content=\"fr_FR\" \/>\n<meta property=\"og:type\" content=\"article\" \/>\n<meta property=\"og:title\" content=\"Tour de l&#039;horloge, Kaaba et d\u00f4me vert\" \/>\n<meta property=\"og:description\" content=\"Tour de l&#039;horloge, Kaaba et d\u00f4me vert\" \/>\n<meta property=\"og:url\" content=\"https:\/\/saudi-gift.com\/fr\/product\/tour-de-lhorloge-kaaba-et-dome-vert\/\" \/>\n<meta property=\"og:site_name\" content=\"\u0647\u062f\u064a\u0629 \u0633\u0639\u0648\u062f\u064a\u0629\" \/>\n<meta property=\"article:publisher\" content=\"https:\/\/www.facebook.com\/profile.php?id=61560277649059&amp;mibextid=LQQJ4d\" \/>\n<meta property=\"og:image\" content=\"https:\/\/saudi-gift.com\/wp-content\/uploads\/2025\/05\/2.png\" \/>\n\t<meta property=\"og:image:width\" content=\"163\" \/>\n\t<meta property=\"og:image:height\" content=\"42\" \/>\n\t<meta property=\"og:image:type\" content=\"image\/png\" \/>\n<meta name=\"twitter:card\" content=\"summary_large_image\" \/>\n<meta name=\"twitter:site\" content=\"@saudigift_\" \/>\n<meta name=\"twitter:label1\" content=\"Dur\u00e9e de lecture estim\u00e9e\" \/>\n\t<meta name=\"twitter:data1\" content=\"1 minute\" \/>\n<script type=\"application\/ld+json\" class=\"yoast-schema-graph\">{\"@context\":\"https:\\\/\\\/schema.org\",\"@graph\":[{\"@type\":\"WebPage\",\"@id\":\"https:\\\/\\\/saudi-gift.com\\\/fr\\\/product\\\/tour-de-lhorloge-kaaba-et-dome-vert\\\/\",\"url\":\"https:\\\/\\\/saudi-gift.com\\\/fr\\\/product\\\/tour-de-lhorloge-kaaba-et-dome-vert\\\/\",\"name\":\"Tour de l'horloge, Kaaba et d\u00f4me vert - \u0647\u062f\u064a\u0629 \u0633\u0639\u0648\u062f\u064a\u0629\",\"isPartOf\":{\"@id\":\"https:\\\/\\\/saudi-gift.com\\\/#website\"},\"primaryImageOfPage\":{\"@id\":\"https:\\\/\\\/saudi-gift.com\\\/fr\\\/product\\\/tour-de-lhorloge-kaaba-et-dome-vert\\\/#primaryimage\"},\"image\":{\"@id\":\"https:\\\/\\\/saudi-gift.com\\\/fr\\\/product\\\/tour-de-lhorloge-kaaba-et-dome-vert\\\/#primaryimage\"},\"thumbnailUrl\":\"https:\\\/\\\/saudi-gift.com\\\/wp-content\\\/uploads\\\/2025\\\/01\\\/IMG_4516.webp\",\"datePublished\":\"2025-01-06T16:01:43+00:00\",\"breadcrumb\":{\"@id\":\"https:\\\/\\\/saudi-gift.com\\\/fr\\\/product\\\/tour-de-lhorloge-kaaba-et-dome-vert\\\/#breadcrumb\"},\"inLanguage\":\"fr-FR\",\"potentialAction\":[{\"@type\":\"ReadAction\",\"target\":[\"https:\\\/\\\/saudi-gift.com\\\/fr\\\/product\\\/tour-de-lhorloge-kaaba-et-dome-vert\\\/\"]}]},{\"@type\":\"ImageObject\",\"inLanguage\":\"fr-FR\",\"@id\":\"https:\\\/\\\/saudi-gift.com\\\/fr\\\/product\\\/tour-de-lhorloge-kaaba-et-dome-vert\\\/#primaryimage\",\"url\":\"https:\\\/\\\/saudi-gift.com\\\/wp-content\\\/uploads\\\/2025\\\/01\\\/IMG_4516.webp\",\"contentUrl\":\"https:\\\/\\\/saudi-gift.com\\\/wp-content\\\/uploads\\\/2025\\\/01\\\/IMG_4516.webp\",\"width\":600,\"height\":600,\"caption\":\"\u0645\u062c\u0633\u0645 \u0628\u0631\u062c \u0627\u0644\u0633\u0627\u0639\u0629 \u0648\u0627\u0644\u0643\u0639\u0628\u0629 \u0648\u0627\u0644\u0642\u0628\u0629 \u0627\u0644\u062e\u0636\u0631\u0627\u0621\"},{\"@type\":\"BreadcrumbList\",\"@id\":\"https:\\\/\\\/saudi-gift.com\\\/fr\\\/product\\\/tour-de-lhorloge-kaaba-et-dome-vert\\\/#breadcrumb\",\"itemListElement\":[{\"@type\":\"ListItem\",\"position\":1,\"name\":\"Home\",\"item\":\"https:\\\/\\\/saudi-gift.com\\\/fr\\\/\"},{\"@type\":\"ListItem\",\"position\":2,\"name\":\"Acheter\",\"item\":\"https:\\\/\\\/saudi-gift.com\\\/fr\\\/acheter\\\/\"},{\"@type\":\"ListItem\",\"position\":3,\"name\":\"Tour de l&#8217;horloge, Kaaba et d\u00f4me vert\"}]},{\"@type\":\"WebSite\",\"@id\":\"https:\\\/\\\/saudi-gift.com\\\/#website\",\"url\":\"https:\\\/\\\/saudi-gift.com\\\/\",\"name\":\"\u0647\u062f\u064a\u0629 \u0633\u0639\u0648\u062f\u064a\u0629\",\"description\":\"\u0647\u062f\u064a\u0629 \u0633\u0639\u0648\u062f\u064a\u0629 \u0645\u062a\u062c\u0631 \u0627\u0644\u0643\u062a\u0631\u0648\u0646\u064a \u064a\u0642\u062f\u0645 \u0644\u0643\u0645 \u0645\u062c\u0645\u0648\u0639\u0629 \u0645\u0646 \u0627\u0644\u0647\u062f\u0627\u064a\u0627 \u0627\u0644\u062a\u064a \u062a\u062c\u0633\u062f \u0639\u0628\u0642 \u0630\u0643\u0631\u064a\u0627\u062a\u0643\u0645 \u0641\u064a \u0627\u0644\u0645\u0634\u0627\u0639\u0631 \u0627\u0644\u0645\u0642\u062f\u0633\u0629\",\"publisher\":{\"@id\":\"https:\\\/\\\/saudi-gift.com\\\/#organization\"},\"alternateName\":\"\u0647\u062f\u064a\u0629 \u0633\u0639\u0648\u062f\u064a\u0629\",\"potentialAction\":[{\"@type\":\"SearchAction\",\"target\":{\"@type\":\"EntryPoint\",\"urlTemplate\":\"https:\\\/\\\/saudi-gift.com\\\/?s={search_term_string}\"},\"query-input\":{\"@type\":\"PropertyValueSpecification\",\"valueRequired\":true,\"valueName\":\"search_term_string\"}}],\"inLanguage\":\"fr-FR\"},{\"@type\":\"Organization\",\"@id\":\"https:\\\/\\\/saudi-gift.com\\\/#organization\",\"name\":\"\u0645\u062a\u062c\u0631 \u0627\u0644\u0647\u062f\u064a\u0629\",\"alternateName\":\"\u0647\u062f\u064a\u0629 \u0633\u0639\u0648\u062f\u064a\u0629\",\"url\":\"https:\\\/\\\/saudi-gift.com\\\/\",\"logo\":{\"@type\":\"ImageObject\",\"inLanguage\":\"fr-FR\",\"@id\":\"https:\\\/\\\/saudi-gift.com\\\/#\\\/schema\\\/logo\\\/image\\\/\",\"url\":\"https:\\\/\\\/saudi-gift.com\\\/wp-content\\\/uploads\\\/2025\\\/05\\\/2.png\",\"contentUrl\":\"https:\\\/\\\/saudi-gift.com\\\/wp-content\\\/uploads\\\/2025\\\/05\\\/2.png\",\"width\":163,\"height\":42,\"caption\":\"\u0645\u062a\u062c\u0631 \u0627\u0644\u0647\u062f\u064a\u0629\"},\"image\":{\"@id\":\"https:\\\/\\\/saudi-gift.com\\\/#\\\/schema\\\/logo\\\/image\\\/\"},\"sameAs\":[\"https:\\\/\\\/www.facebook.com\\\/profile.php?id=61560277649059&mibextid=LQQJ4d\",\"https:\\\/\\\/x.com\\\/saudigift_\"]}]}<\/script>\n<!-- \/ Yoast SEO Premium plugin. -->","yoast_head_json":{"title":"Tour de l'horloge, Kaaba et d\u00f4me vert - \u0647\u062f\u064a\u0629 \u0633\u0639\u0648\u062f\u064a\u0629","robots":{"index":"index","follow":"follow","max-snippet":"max-snippet:-1","max-image-preview":"max-image-preview:large","max-video-preview":"max-video-preview:-1"},"canonical":"https:\/\/saudi-gift.com\/fr\/product\/tour-de-lhorloge-kaaba-et-dome-vert\/","og_locale":"fr_FR","og_type":"article","og_title":"Tour de l'horloge, Kaaba et d\u00f4me vert","og_description":"Tour de l'horloge, Kaaba et d\u00f4me vert","og_url":"https:\/\/saudi-gift.com\/fr\/product\/tour-de-lhorloge-kaaba-et-dome-vert\/","og_site_name":"\u0647\u062f\u064a\u0629 \u0633\u0639\u0648\u062f\u064a\u0629","article_publisher":"https:\/\/www.facebook.com\/profile.php?id=61560277649059&mibextid=LQQJ4d","og_image":[{"width":163,"height":42,"url":"https:\/\/saudi-gift.com\/wp-content\/uploads\/2025\/05\/2.png","type":"image\/png"}],"twitter_card":"summary_large_image","twitter_site":"@saudigift_","twitter_misc":{"Dur\u00e9e de lecture estim\u00e9e":"1 minute"},"schema":{"@context":"https:\/\/schema.org","@graph":[{"@type":"WebPage","@id":"https:\/\/saudi-gift.com\/fr\/product\/tour-de-lhorloge-kaaba-et-dome-vert\/","url":"https:\/\/saudi-gift.com\/fr\/product\/tour-de-lhorloge-kaaba-et-dome-vert\/","name":"Tour de l'horloge, Kaaba et d\u00f4me vert - \u0647\u062f\u064a\u0629 \u0633\u0639\u0648\u062f\u064a\u0629","isPartOf":{"@id":"https:\/\/saudi-gift.com\/#website"},"primaryImageOfPage":{"@id":"https:\/\/saudi-gift.com\/fr\/product\/tour-de-lhorloge-kaaba-et-dome-vert\/#primaryimage"},"image":{"@id":"https:\/\/saudi-gift.com\/fr\/product\/tour-de-lhorloge-kaaba-et-dome-vert\/#primaryimage"},"thumbnailUrl":"https:\/\/saudi-gift.com\/wp-content\/uploads\/2025\/01\/IMG_4516.webp","datePublished":"2025-01-06T16:01:43+00:00","breadcrumb":{"@id":"https:\/\/saudi-gift.com\/fr\/product\/tour-de-lhorloge-kaaba-et-dome-vert\/#breadcrumb"},"inLanguage":"fr-FR","potentialAction":[{"@type":"ReadAction","target":["https:\/\/saudi-gift.com\/fr\/product\/tour-de-lhorloge-kaaba-et-dome-vert\/"]}]},{"@type":"ImageObject","inLanguage":"fr-FR","@id":"https:\/\/saudi-gift.com\/fr\/product\/tour-de-lhorloge-kaaba-et-dome-vert\/#primaryimage","url":"https:\/\/saudi-gift.com\/wp-content\/uploads\/2025\/01\/IMG_4516.webp","contentUrl":"https:\/\/saudi-gift.com\/wp-content\/uploads\/2025\/01\/IMG_4516.webp","width":600,"height":600,"caption":"\u0645\u062c\u0633\u0645 \u0628\u0631\u062c \u0627\u0644\u0633\u0627\u0639\u0629 \u0648\u0627\u0644\u0643\u0639\u0628\u0629 \u0648\u0627\u0644\u0642\u0628\u0629 \u0627\u0644\u062e\u0636\u0631\u0627\u0621"},{"@type":"BreadcrumbList","@id":"https:\/\/saudi-gift.com\/fr\/product\/tour-de-lhorloge-kaaba-et-dome-vert\/#breadcrumb","itemListElement":[{"@type":"ListItem","position":1,"name":"Home","item":"https:\/\/saudi-gift.com\/fr\/"},{"@type":"ListItem","position":2,"name":"Acheter","item":"https:\/\/saudi-gift.com\/fr\/acheter\/"},{"@type":"ListItem","position":3,"name":"Tour de l&#8217;horloge, Kaaba et d\u00f4me vert"}]},{"@type":"WebSite","@id":"https:\/\/saudi-gift.com\/#website","url":"https:\/\/saudi-gift.com\/","name":"\u0647\u062f\u064a\u0629 \u0633\u0639\u0648\u062f\u064a\u0629","description":"\u0647\u062f\u064a\u0629 \u0633\u0639\u0648\u062f\u064a\u0629 \u0645\u062a\u062c\u0631 \u0627\u0644\u0643\u062a\u0631\u0648\u0646\u064a \u064a\u0642\u062f\u0645 \u0644\u0643\u0645 \u0645\u062c\u0645\u0648\u0639\u0629 \u0645\u0646 \u0627\u0644\u0647\u062f\u0627\u064a\u0627 \u0627\u0644\u062a\u064a \u062a\u062c\u0633\u062f \u0639\u0628\u0642 \u0630\u0643\u0631\u064a\u0627\u062a\u0643\u0645 \u0641\u064a \u0627\u0644\u0645\u0634\u0627\u0639\u0631 \u0627\u0644\u0645\u0642\u062f\u0633\u0629","publisher":{"@id":"https:\/\/saudi-gift.com\/#organization"},"alternateName":"\u0647\u062f\u064a\u0629 \u0633\u0639\u0648\u062f\u064a\u0629","potentialAction":[{"@type":"SearchAction","target":{"@type":"EntryPoint","urlTemplate":"https:\/\/saudi-gift.com\/?s={search_term_string}"},"query-input":{"@type":"PropertyValueSpecification","valueRequired":true,"valueName":"search_term_string"}}],"inLanguage":"fr-FR"},{"@type":"Organization","@id":"https:\/\/saudi-gift.com\/#organization","name":"\u0645\u062a\u062c\u0631 \u0627\u0644\u0647\u062f\u064a\u0629","alternateName":"\u0647\u062f\u064a\u0629 \u0633\u0639\u0648\u062f\u064a\u0629","url":"https:\/\/saudi-gift.com\/","logo":{"@type":"ImageObject","inLanguage":"fr-FR","@id":"https:\/\/saudi-gift.com\/#\/schema\/logo\/image\/","url":"https:\/\/saudi-gift.com\/wp-content\/uploads\/2025\/05\/2.png","contentUrl":"https:\/\/saudi-gift.com\/wp-content\/uploads\/2025\/05\/2.png","width":163,"height":42,"caption":"\u0645\u062a\u062c\u0631 \u0627\u0644\u0647\u062f\u064a\u0629"},"image":{"@id":"https:\/\/saudi-gift.com\/#\/schema\/logo\/image\/"},"sameAs":["https:\/\/www.facebook.com\/profile.php?id=61560277649059&mibextid=LQQJ4d","https:\/\/x.com\/saudigift_"]}]}},"jetpack-related-posts":[],"_links":{"self":[{"href":"https:\/\/saudi-gift.com\/fr\/wp-json\/wp\/v2\/product\/40318","targetHints":{"allow":["GET"]}}],"collection":[{"href":"https:\/\/saudi-gift.com\/fr\/wp-json\/wp\/v2\/product"}],"about":[{"href":"https:\/\/saudi-gift.com\/fr\/wp-json\/wp\/v2\/types\/product"}],"replies":[{"embeddable":true,"href":"https:\/\/saudi-gift.com\/fr\/wp-json\/wp\/v2\/comments?post=40318"}],"version-history":[{"count":0,"href":"https:\/\/saudi-gift.com\/fr\/wp-json\/wp\/v2\/product\/40318\/revisions"}],"wp:featuredmedia":[{"embeddable":true,"href":"https:\/\/saudi-gift.com\/fr\/wp-json\/wp\/v2\/media\/33352"}],"wp:attachment":[{"href":"https:\/\/saudi-gift.com\/fr\/wp-json\/wp\/v2\/media?parent=40318"}],"wp:term":[{"taxonomy":"product_brand","embeddable":true,"href":"https:\/\/saudi-gift.com\/fr\/wp-json\/wp\/v2\/product_brand?post=40318"},{"taxonomy":"product_cat","embeddable":true,"href":"https:\/\/saudi-gift.com\/fr\/wp-json\/wp\/v2\/product_cat?post=40318"},{"taxonomy":"product_tag","embeddable":true,"href":"https:\/\/saudi-gift.com\/fr\/wp-json\/wp\/v2\/product_tag?post=40318"}],"curies":[{"name":"wp","href":"https:\/\/api.w.org\/{rel}","templated":true}]}}