{"id":40373,"date":"2025-01-05T19:24:49","date_gmt":"2025-01-05T16:24:49","guid":{"rendered":"https:\/\/saudi-gift.com\/product\/modele-de-porte-de-la-kaaba-makkah-et-medine\/"},"modified":"2025-01-05T19:24:49","modified_gmt":"2025-01-05T16:24:49","slug":"modele-de-porte-de-la-kaaba-makkah-et-medine","status":"publish","type":"product","link":"https:\/\/saudi-gift.com\/fr\/produit\/modele-de-porte-de-la-kaaba-makkah-et-medine\/","title":{"rendered":"Mod\u00e8le de porte de la Kaaba, Makkah et M\u00e9dine"},"content":{"rendered":"<p style=\"text-align: right;\"><strong>Maquette de la porte de la Kaaba de la Mecque et de M\u00e9dine<\/strong><\/p>\n<p style=\"text-align: right;\"><strong>Le produit est fabriqu\u00e9 \u00e0 partir de Rizen<\/strong><\/p>\n<p style=\"text-align: right;\">Ce produit luxueux et \u00e9labor\u00e9 est l&rsquo;un des meilleurs souvenirs qui allient beaut\u00e9 artistique et spiritualit\u00e9 profonde. Le motif de la porte de La Mecque et de M\u00e9dine, qui se compose de trois portes repr\u00e9sentant les c\u00e9l\u00e8bres portes de la Grande Mosqu\u00e9e et de la Mosqu\u00e9e du Proph\u00e8te, refl\u00e8te la beaut\u00e9 et la splendeur des lieux saints et ajoute une touche artistique luxueuse \u00e0 n&rsquo;importe quel endroit. Ce produit est fabriqu\u00e9 en Rizen, ce qui permet une grande pr\u00e9cision dans les d\u00e9tails et contribue \u00e0 mettre en valeur les dimensions esth\u00e9tiques et religieuses de ces portes.    <\/p>\n<p style=\"text-align: right;\"><strong>Caract\u00e9ristiques :<\/strong><\/p>\n<ul>\n<li style=\"text-align: right;\">  Le produit est livr\u00e9 avec trois portes repr\u00e9sentant les portes principales de la Grande Mosqu\u00e9e de La Mecque et de la Mosqu\u00e9e du Proph\u00e8te \u00e0 M\u00e9dine, offrant aux utilisateurs une exp\u00e9rience spirituelle et esth\u00e9tique compl\u00e8te. Longueur : 23 23 Largeur : 27\n<\/li>\n<\/ul>\n","protected":false},"excerpt":{"rendered":"<p style=\"text-align: right;\"><strong><span style=\"font-size: 18px;\">Mod\u00e8le de la porte de la Sainte Kaaba, \u00e0 La Mecque et \u00e0 M\u00e9dine <\/span><\/strong><strong><span style=\"font-size: 18px;\">compos\u00e9e de trois portes<\/span><\/strong><\/p>\n","protected":false},"featured_media":33277,"comment_status":"open","ping_status":"closed","template":"","meta":[],"product_brand":[],"product_cat":[395],"product_tag":[1122],"class_list":{"0":"post-40373","1":"product","2":"type-product","3":"status-publish","4":"has-post-thumbnail","6":"product_cat-maquettes-decorations","7":"product_tag-_-fr","9":"first","10":"instock","11":"shipping-taxable","12":"purchasable","13":"product-type-simple"},"yoast_head":"<!-- This site is optimized with the Yoast SEO Premium plugin v27.2 (Yoast SEO v27.6) - https:\/\/yoast.com\/product\/yoast-seo-premium-wordpress\/ -->\n<title>Mod\u00e8le de porte de la Kaaba, Makkah et M\u00e9dine - \u0647\u062f\u064a\u0629 \u0633\u0639\u0648\u062f\u064a\u0629<\/title>\n<meta name=\"robots\" content=\"index, follow, max-snippet:-1, max-image-preview:large, max-video-preview:-1\" \/>\n<link rel=\"canonical\" href=\"https:\/\/saudi-gift.com\/produit\/\u0645\u062c\u0633\u0645-\u0628\u0627\u0628-\u0627\u0644\u0643\u0639\u0628\u0629\/\" \/>\n<meta property=\"og:locale\" content=\"fr_FR\" \/>\n<meta property=\"og:type\" content=\"article\" \/>\n<meta property=\"og:title\" content=\"Mod\u00e8le de porte de la Kaaba, Makkah et M\u00e9dine\" \/>\n<meta property=\"og:description\" content=\"Mod\u00e8le de la porte de la Sainte Kaaba, \u00e0 La Mecque et \u00e0 M\u00e9dine compos\u00e9e de trois portes\" \/>\n<meta property=\"og:url\" content=\"https:\/\/saudi-gift.com\/produit\/\u0645\u062c\u0633\u0645-\u0628\u0627\u0628-\u0627\u0644\u0643\u0639\u0628\u0629\/\" \/>\n<meta property=\"og:site_name\" content=\"\u0647\u062f\u064a\u0629 \u0633\u0639\u0648\u062f\u064a\u0629\" \/>\n<meta property=\"article:publisher\" content=\"https:\/\/www.facebook.com\/profile.php?id=61560277649059&amp;mibextid=LQQJ4d\" \/>\n<meta property=\"og:image\" content=\"https:\/\/i0.wp.com\/saudi-gift.com\/wp-content\/uploads\/2025\/01\/IMG_4497.webp?fit=600%2C600&ssl=1\" \/>\n\t<meta property=\"og:image:width\" content=\"600\" \/>\n\t<meta property=\"og:image:height\" content=\"600\" \/>\n\t<meta property=\"og:image:type\" content=\"image\/webp\" \/>\n<meta name=\"twitter:card\" content=\"summary_large_image\" \/>\n<meta name=\"twitter:site\" content=\"@saudigift_\" \/>\n<meta name=\"twitter:label1\" content=\"Dur\u00e9e de lecture estim\u00e9e\" \/>\n\t<meta name=\"twitter:data1\" content=\"1 minute\" \/>\n<script type=\"application\/ld+json\" class=\"yoast-schema-graph\">{\"@context\":\"https:\\\/\\\/schema.org\",\"@graph\":[{\"@type\":\"WebPage\",\"@id\":\"https:\\\/\\\/saudi-gift.com\\\/produit\\\/%d9%85%d8%ac%d8%b3%d9%85-%d8%a8%d8%a7%d8%a8-%d8%a7%d9%84%d9%83%d8%b9%d8%a8%d8%a9\\\/\",\"url\":\"https:\\\/\\\/saudi-gift.com\\\/produit\\\/%d9%85%d8%ac%d8%b3%d9%85-%d8%a8%d8%a7%d8%a8-%d8%a7%d9%84%d9%83%d8%b9%d8%a8%d8%a9\\\/\",\"name\":\"Mod\u00e8le de porte de la Kaaba, Makkah et M\u00e9dine - \u0647\u062f\u064a\u0629 \u0633\u0639\u0648\u062f\u064a\u0629\",\"isPartOf\":{\"@id\":\"https:\\\/\\\/saudi-gift.com\\\/#website\"},\"primaryImageOfPage\":{\"@id\":\"https:\\\/\\\/saudi-gift.com\\\/produit\\\/%d9%85%d8%ac%d8%b3%d9%85-%d8%a8%d8%a7%d8%a8-%d8%a7%d9%84%d9%83%d8%b9%d8%a8%d8%a9\\\/#primaryimage\"},\"image\":{\"@id\":\"https:\\\/\\\/saudi-gift.com\\\/produit\\\/%d9%85%d8%ac%d8%b3%d9%85-%d8%a8%d8%a7%d8%a8-%d8%a7%d9%84%d9%83%d8%b9%d8%a8%d8%a9\\\/#primaryimage\"},\"thumbnailUrl\":\"https:\\\/\\\/saudi-gift.com\\\/wp-content\\\/uploads\\\/2025\\\/01\\\/IMG_4497.webp\",\"datePublished\":\"2025-01-05T16:24:49+00:00\",\"breadcrumb\":{\"@id\":\"https:\\\/\\\/saudi-gift.com\\\/produit\\\/%d9%85%d8%ac%d8%b3%d9%85-%d8%a8%d8%a7%d8%a8-%d8%a7%d9%84%d9%83%d8%b9%d8%a8%d8%a9\\\/#breadcrumb\"},\"inLanguage\":\"fr-FR\",\"potentialAction\":[{\"@type\":\"ReadAction\",\"target\":[\"https:\\\/\\\/saudi-gift.com\\\/produit\\\/%d9%85%d8%ac%d8%b3%d9%85-%d8%a8%d8%a7%d8%a8-%d8%a7%d9%84%d9%83%d8%b9%d8%a8%d8%a9\\\/\"]}]},{\"@type\":\"ImageObject\",\"inLanguage\":\"fr-FR\",\"@id\":\"https:\\\/\\\/saudi-gift.com\\\/produit\\\/%d9%85%d8%ac%d8%b3%d9%85-%d8%a8%d8%a7%d8%a8-%d8%a7%d9%84%d9%83%d8%b9%d8%a8%d8%a9\\\/#primaryimage\",\"url\":\"https:\\\/\\\/saudi-gift.com\\\/wp-content\\\/uploads\\\/2025\\\/01\\\/IMG_4497.webp\",\"contentUrl\":\"https:\\\/\\\/saudi-gift.com\\\/wp-content\\\/uploads\\\/2025\\\/01\\\/IMG_4497.webp\",\"width\":600,\"height\":600,\"caption\":\"\u0645\u062c\u0633\u0645 \u0628\u0627\u0628 \u0627\u0644\u0643\u0639\u0628\u0629\"},{\"@type\":\"BreadcrumbList\",\"@id\":\"https:\\\/\\\/saudi-gift.com\\\/produit\\\/%d9%85%d8%ac%d8%b3%d9%85-%d8%a8%d8%a7%d8%a8-%d8%a7%d9%84%d9%83%d8%b9%d8%a8%d8%a9\\\/#breadcrumb\",\"itemListElement\":[{\"@type\":\"ListItem\",\"position\":1,\"name\":\"Home\",\"item\":\"https:\\\/\\\/saudi-gift.com\\\/fr\\\/\"},{\"@type\":\"ListItem\",\"position\":2,\"name\":\"Acheter\",\"item\":\"https:\\\/\\\/saudi-gift.com\\\/fr\\\/acheter\\\/\"},{\"@type\":\"ListItem\",\"position\":3,\"name\":\"Mod\u00e8le de porte de la Kaaba, Makkah et M\u00e9dine\"}]},{\"@type\":\"WebSite\",\"@id\":\"https:\\\/\\\/saudi-gift.com\\\/#website\",\"url\":\"https:\\\/\\\/saudi-gift.com\\\/\",\"name\":\"\u0647\u062f\u064a\u0629 \u0633\u0639\u0648\u062f\u064a\u0629\",\"description\":\"\u0647\u062f\u064a\u0629 \u0633\u0639\u0648\u062f\u064a\u0629 \u0645\u062a\u062c\u0631 \u0627\u0644\u0643\u062a\u0631\u0648\u0646\u064a \u064a\u0642\u062f\u0645 \u0644\u0643\u0645 \u0645\u062c\u0645\u0648\u0639\u0629 \u0645\u0646 \u0627\u0644\u0647\u062f\u0627\u064a\u0627 \u0627\u0644\u062a\u064a \u062a\u062c\u0633\u062f \u0639\u0628\u0642 \u0630\u0643\u0631\u064a\u0627\u062a\u0643\u0645 \u0641\u064a \u0627\u0644\u0645\u0634\u0627\u0639\u0631 \u0627\u0644\u0645\u0642\u062f\u0633\u0629\",\"publisher\":{\"@id\":\"https:\\\/\\\/saudi-gift.com\\\/#organization\"},\"alternateName\":\"\u0647\u062f\u064a\u0629 \u0633\u0639\u0648\u062f\u064a\u0629\",\"potentialAction\":[{\"@type\":\"SearchAction\",\"target\":{\"@type\":\"EntryPoint\",\"urlTemplate\":\"https:\\\/\\\/saudi-gift.com\\\/?s={search_term_string}\"},\"query-input\":{\"@type\":\"PropertyValueSpecification\",\"valueRequired\":true,\"valueName\":\"search_term_string\"}}],\"inLanguage\":\"fr-FR\"},{\"@type\":\"Organization\",\"@id\":\"https:\\\/\\\/saudi-gift.com\\\/#organization\",\"name\":\"\u0645\u062a\u062c\u0631 \u0627\u0644\u0647\u062f\u064a\u0629\",\"alternateName\":\"\u0647\u062f\u064a\u0629 \u0633\u0639\u0648\u062f\u064a\u0629\",\"url\":\"https:\\\/\\\/saudi-gift.com\\\/\",\"logo\":{\"@type\":\"ImageObject\",\"inLanguage\":\"fr-FR\",\"@id\":\"https:\\\/\\\/saudi-gift.com\\\/#\\\/schema\\\/logo\\\/image\\\/\",\"url\":\"https:\\\/\\\/saudi-gift.com\\\/wp-content\\\/uploads\\\/2025\\\/05\\\/2.png\",\"contentUrl\":\"https:\\\/\\\/saudi-gift.com\\\/wp-content\\\/uploads\\\/2025\\\/05\\\/2.png\",\"width\":163,\"height\":42,\"caption\":\"\u0645\u062a\u062c\u0631 \u0627\u0644\u0647\u062f\u064a\u0629\"},\"image\":{\"@id\":\"https:\\\/\\\/saudi-gift.com\\\/#\\\/schema\\\/logo\\\/image\\\/\"},\"sameAs\":[\"https:\\\/\\\/www.facebook.com\\\/profile.php?id=61560277649059&mibextid=LQQJ4d\",\"https:\\\/\\\/x.com\\\/saudigift_\"]}]}<\/script>\n<!-- \/ Yoast SEO Premium plugin. -->","yoast_head_json":{"title":"Mod\u00e8le de porte de la Kaaba, Makkah et M\u00e9dine - \u0647\u062f\u064a\u0629 \u0633\u0639\u0648\u062f\u064a\u0629","robots":{"index":"index","follow":"follow","max-snippet":"max-snippet:-1","max-image-preview":"max-image-preview:large","max-video-preview":"max-video-preview:-1"},"canonical":"https:\/\/saudi-gift.com\/produit\/\u0645\u062c\u0633\u0645-\u0628\u0627\u0628-\u0627\u0644\u0643\u0639\u0628\u0629\/","og_locale":"fr_FR","og_type":"article","og_title":"Mod\u00e8le de porte de la Kaaba, Makkah et M\u00e9dine","og_description":"Mod\u00e8le de la porte de la Sainte Kaaba, \u00e0 La Mecque et \u00e0 M\u00e9dine compos\u00e9e de trois portes","og_url":"https:\/\/saudi-gift.com\/produit\/\u0645\u062c\u0633\u0645-\u0628\u0627\u0628-\u0627\u0644\u0643\u0639\u0628\u0629\/","og_site_name":"\u0647\u062f\u064a\u0629 \u0633\u0639\u0648\u062f\u064a\u0629","article_publisher":"https:\/\/www.facebook.com\/profile.php?id=61560277649059&mibextid=LQQJ4d","og_image":[{"width":600,"height":600,"url":"https:\/\/i0.wp.com\/saudi-gift.com\/wp-content\/uploads\/2025\/01\/IMG_4497.webp?fit=600%2C600&ssl=1","type":"image\/webp"}],"twitter_card":"summary_large_image","twitter_site":"@saudigift_","twitter_misc":{"Dur\u00e9e de lecture estim\u00e9e":"1 minute"},"schema":{"@context":"https:\/\/schema.org","@graph":[{"@type":"WebPage","@id":"https:\/\/saudi-gift.com\/produit\/%d9%85%d8%ac%d8%b3%d9%85-%d8%a8%d8%a7%d8%a8-%d8%a7%d9%84%d9%83%d8%b9%d8%a8%d8%a9\/","url":"https:\/\/saudi-gift.com\/produit\/%d9%85%d8%ac%d8%b3%d9%85-%d8%a8%d8%a7%d8%a8-%d8%a7%d9%84%d9%83%d8%b9%d8%a8%d8%a9\/","name":"Mod\u00e8le de porte de la Kaaba, Makkah et M\u00e9dine - \u0647\u062f\u064a\u0629 \u0633\u0639\u0648\u062f\u064a\u0629","isPartOf":{"@id":"https:\/\/saudi-gift.com\/#website"},"primaryImageOfPage":{"@id":"https:\/\/saudi-gift.com\/produit\/%d9%85%d8%ac%d8%b3%d9%85-%d8%a8%d8%a7%d8%a8-%d8%a7%d9%84%d9%83%d8%b9%d8%a8%d8%a9\/#primaryimage"},"image":{"@id":"https:\/\/saudi-gift.com\/produit\/%d9%85%d8%ac%d8%b3%d9%85-%d8%a8%d8%a7%d8%a8-%d8%a7%d9%84%d9%83%d8%b9%d8%a8%d8%a9\/#primaryimage"},"thumbnailUrl":"https:\/\/saudi-gift.com\/wp-content\/uploads\/2025\/01\/IMG_4497.webp","datePublished":"2025-01-05T16:24:49+00:00","breadcrumb":{"@id":"https:\/\/saudi-gift.com\/produit\/%d9%85%d8%ac%d8%b3%d9%85-%d8%a8%d8%a7%d8%a8-%d8%a7%d9%84%d9%83%d8%b9%d8%a8%d8%a9\/#breadcrumb"},"inLanguage":"fr-FR","potentialAction":[{"@type":"ReadAction","target":["https:\/\/saudi-gift.com\/produit\/%d9%85%d8%ac%d8%b3%d9%85-%d8%a8%d8%a7%d8%a8-%d8%a7%d9%84%d9%83%d8%b9%d8%a8%d8%a9\/"]}]},{"@type":"ImageObject","inLanguage":"fr-FR","@id":"https:\/\/saudi-gift.com\/produit\/%d9%85%d8%ac%d8%b3%d9%85-%d8%a8%d8%a7%d8%a8-%d8%a7%d9%84%d9%83%d8%b9%d8%a8%d8%a9\/#primaryimage","url":"https:\/\/saudi-gift.com\/wp-content\/uploads\/2025\/01\/IMG_4497.webp","contentUrl":"https:\/\/saudi-gift.com\/wp-content\/uploads\/2025\/01\/IMG_4497.webp","width":600,"height":600,"caption":"\u0645\u062c\u0633\u0645 \u0628\u0627\u0628 \u0627\u0644\u0643\u0639\u0628\u0629"},{"@type":"BreadcrumbList","@id":"https:\/\/saudi-gift.com\/produit\/%d9%85%d8%ac%d8%b3%d9%85-%d8%a8%d8%a7%d8%a8-%d8%a7%d9%84%d9%83%d8%b9%d8%a8%d8%a9\/#breadcrumb","itemListElement":[{"@type":"ListItem","position":1,"name":"Home","item":"https:\/\/saudi-gift.com\/fr\/"},{"@type":"ListItem","position":2,"name":"Acheter","item":"https:\/\/saudi-gift.com\/fr\/acheter\/"},{"@type":"ListItem","position":3,"name":"Mod\u00e8le de porte de la Kaaba, Makkah et M\u00e9dine"}]},{"@type":"WebSite","@id":"https:\/\/saudi-gift.com\/#website","url":"https:\/\/saudi-gift.com\/","name":"\u0647\u062f\u064a\u0629 \u0633\u0639\u0648\u062f\u064a\u0629","description":"\u0647\u062f\u064a\u0629 \u0633\u0639\u0648\u062f\u064a\u0629 \u0645\u062a\u062c\u0631 \u0627\u0644\u0643\u062a\u0631\u0648\u0646\u064a \u064a\u0642\u062f\u0645 \u0644\u0643\u0645 \u0645\u062c\u0645\u0648\u0639\u0629 \u0645\u0646 \u0627\u0644\u0647\u062f\u0627\u064a\u0627 \u0627\u0644\u062a\u064a \u062a\u062c\u0633\u062f \u0639\u0628\u0642 \u0630\u0643\u0631\u064a\u0627\u062a\u0643\u0645 \u0641\u064a \u0627\u0644\u0645\u0634\u0627\u0639\u0631 \u0627\u0644\u0645\u0642\u062f\u0633\u0629","publisher":{"@id":"https:\/\/saudi-gift.com\/#organization"},"alternateName":"\u0647\u062f\u064a\u0629 \u0633\u0639\u0648\u062f\u064a\u0629","potentialAction":[{"@type":"SearchAction","target":{"@type":"EntryPoint","urlTemplate":"https:\/\/saudi-gift.com\/?s={search_term_string}"},"query-input":{"@type":"PropertyValueSpecification","valueRequired":true,"valueName":"search_term_string"}}],"inLanguage":"fr-FR"},{"@type":"Organization","@id":"https:\/\/saudi-gift.com\/#organization","name":"\u0645\u062a\u062c\u0631 \u0627\u0644\u0647\u062f\u064a\u0629","alternateName":"\u0647\u062f\u064a\u0629 \u0633\u0639\u0648\u062f\u064a\u0629","url":"https:\/\/saudi-gift.com\/","logo":{"@type":"ImageObject","inLanguage":"fr-FR","@id":"https:\/\/saudi-gift.com\/#\/schema\/logo\/image\/","url":"https:\/\/saudi-gift.com\/wp-content\/uploads\/2025\/05\/2.png","contentUrl":"https:\/\/saudi-gift.com\/wp-content\/uploads\/2025\/05\/2.png","width":163,"height":42,"caption":"\u0645\u062a\u062c\u0631 \u0627\u0644\u0647\u062f\u064a\u0629"},"image":{"@id":"https:\/\/saudi-gift.com\/#\/schema\/logo\/image\/"},"sameAs":["https:\/\/www.facebook.com\/profile.php?id=61560277649059&mibextid=LQQJ4d","https:\/\/x.com\/saudigift_"]}]}},"jetpack-related-posts":[],"_links":{"self":[{"href":"https:\/\/saudi-gift.com\/fr\/wp-json\/wp\/v2\/product\/40373","targetHints":{"allow":["GET"]}}],"collection":[{"href":"https:\/\/saudi-gift.com\/fr\/wp-json\/wp\/v2\/product"}],"about":[{"href":"https:\/\/saudi-gift.com\/fr\/wp-json\/wp\/v2\/types\/product"}],"replies":[{"embeddable":true,"href":"https:\/\/saudi-gift.com\/fr\/wp-json\/wp\/v2\/comments?post=40373"}],"version-history":[{"count":0,"href":"https:\/\/saudi-gift.com\/fr\/wp-json\/wp\/v2\/product\/40373\/revisions"}],"wp:featuredmedia":[{"embeddable":true,"href":"https:\/\/saudi-gift.com\/fr\/wp-json\/wp\/v2\/media\/33277"}],"wp:attachment":[{"href":"https:\/\/saudi-gift.com\/fr\/wp-json\/wp\/v2\/media?parent=40373"}],"wp:term":[{"taxonomy":"product_brand","embeddable":true,"href":"https:\/\/saudi-gift.com\/fr\/wp-json\/wp\/v2\/product_brand?post=40373"},{"taxonomy":"product_cat","embeddable":true,"href":"https:\/\/saudi-gift.com\/fr\/wp-json\/wp\/v2\/product_cat?post=40373"},{"taxonomy":"product_tag","embeddable":true,"href":"https:\/\/saudi-gift.com\/fr\/wp-json\/wp\/v2\/product_tag?post=40373"}],"curies":[{"name":"wp","href":"https:\/\/api.w.org\/{rel}","templated":true}]}}