{"id":42368,"date":"2025-01-18T20:06:33","date_gmt":"2025-01-18T17:06:33","guid":{"rendered":"https:\/\/saudi-gift.com\/product\/pate-de-dattes-1kg\/"},"modified":"2025-02-01T19:52:55","modified_gmt":"2025-02-01T16:52:55","slug":"pate-de-dattes-1kg","status":"publish","type":"product","link":"https:\/\/saudi-gift.com\/fr\/produit\/pate-de-dattes-1kg\/","title":{"rendered":"P\u00e2te de dattes (1kg)"},"content":{"rendered":"<h2><strong>P\u00e2te de dattes (1kg)<\/strong><\/h2>\n<ul>\n<li>Cette p\u00e2te de dattes a une saveur riche qui provient de la combinaison de <strong>dattes naturelles<\/strong> d\u00e9licatement m\u00e9lang\u00e9es.<\/li>\n<li>P\u00e2te de dattes sans sucre ajout\u00e9, elle se caract\u00e9rise par son caract\u00e8re sain car elle ne contient pas de sucres ajout\u00e9s et s&rsquo;appuie uniquement sur la douceur naturelle des dattes.  <\/li>\n<li>La p\u00e2te de dattes peut \u00eatre utilis\u00e9e dans de nombreuses recettes et plats diff\u00e9rents, tels que les desserts et les p\u00e2tisseries.<\/li>\n<li>Il contient tous les nutriments importants des dattes tels que les fibres, les vitamines et les min\u00e9raux.<\/li>\n<\/ul>\n<p>Appr\u00e9ciez le go\u00fbt naturel et les bienfaits pour la sant\u00e9 de la p\u00e2te de dattes d&rsquo;<strong>Elixir <\/strong>Store D\u00e9couvrez le go\u00fbt sucr\u00e9 naturel et riche en nutriments, et ajoutez une touche saine et d\u00e9licieuse \u00e0 vos repas quotidiens, obtenez la p\u00e2te de dattes maintenant et profitez d&rsquo;un go\u00fbt unique et de multiples bienfaits pour la sant\u00e9.  <\/p>\n","protected":false},"excerpt":{"rendered":"<p>La <strong>p\u00e2te de<\/strong>dattes est une p\u00e2te form\u00e9e \u00e0 partir d&rsquo;une p\u00e2te de dattes parfaite qui combine plus de 6 vari\u00e9t\u00e9s des meilleures<strong> dattes<\/strong> de M\u00e9dine.<\/p>\n","protected":false},"featured_media":37870,"comment_status":"open","ping_status":"closed","template":"","meta":[],"product_brand":[],"product_cat":[3122],"product_tag":[1374,1592],"class_list":{"0":"post-42368","1":"product","2":"type-product","3":"status-publish","4":"has-post-thumbnail","6":"product_cat-3122","7":"product_tag-1374","8":"product_tag-_","10":"first","11":"instock","12":"shipping-taxable","13":"purchasable","14":"product-type-simple"},"yoast_head":"<!-- This site is optimized with the Yoast SEO Premium plugin v27.2 (Yoast SEO v27.6) - https:\/\/yoast.com\/product\/yoast-seo-premium-wordpress\/ -->\n<title>P\u00e2te de dattes (1kg) - \u0647\u062f\u064a\u0629 \u0633\u0639\u0648\u062f\u064a\u0629<\/title>\n<meta name=\"robots\" content=\"index, follow, max-snippet:-1, max-image-preview:large, max-video-preview:-1\" \/>\n<link rel=\"canonical\" href=\"https:\/\/saudi-gift.com\/product\/\u0645\u0639\u062c\u0648\u0646-\u062a\u0645\u0631\/\" \/>\n<meta property=\"og:locale\" content=\"fr_FR\" \/>\n<meta property=\"og:type\" content=\"article\" \/>\n<meta property=\"og:title\" content=\"P\u00e2te de dattes (1kg)\" \/>\n<meta property=\"og:description\" content=\"La p\u00e2te dedattes est une p\u00e2te form\u00e9e \u00e0 partir d&#039;une p\u00e2te de dattes parfaite qui combine plus de 6 vari\u00e9t\u00e9s des meilleures dattes de M\u00e9dine.\" \/>\n<meta property=\"og:url\" content=\"https:\/\/saudi-gift.com\/product\/\u0645\u0639\u062c\u0648\u0646-\u062a\u0645\u0631\/\" \/>\n<meta property=\"og:site_name\" content=\"\u0647\u062f\u064a\u0629 \u0633\u0639\u0648\u062f\u064a\u0629\" \/>\n<meta property=\"article:publisher\" content=\"https:\/\/www.facebook.com\/profile.php?id=61560277649059&amp;mibextid=LQQJ4d\" \/>\n<meta property=\"article:modified_time\" content=\"2025-02-01T16:52:55+00:00\" \/>\n<meta property=\"og:image\" content=\"https:\/\/saudi-gift.com\/wp-content\/uploads\/2025\/01\/83582913-cacb-47b8-80ee-2c568ca52357-1000x1000-4FtxcJGBa6YRxgzd00e3KJcmz7FAGnuQVfTXnW9N-1.webp\" \/>\n\t<meta property=\"og:image:width\" content=\"600\" \/>\n\t<meta property=\"og:image:height\" content=\"600\" \/>\n\t<meta property=\"og:image:type\" content=\"image\/webp\" \/>\n<meta name=\"twitter:card\" content=\"summary_large_image\" \/>\n<meta name=\"twitter:site\" content=\"@saudigift_\" \/>\n<meta name=\"twitter:label1\" content=\"Dur\u00e9e de lecture estim\u00e9e\" \/>\n\t<meta name=\"twitter:data1\" content=\"1 minute\" \/>\n<script type=\"application\/ld+json\" class=\"yoast-schema-graph\">{\"@context\":\"https:\\\/\\\/schema.org\",\"@graph\":[{\"@type\":\"WebPage\",\"@id\":\"https:\\\/\\\/saudi-gift.com\\\/product\\\/%d9%85%d8%b9%d8%ac%d9%88%d9%86-%d8%aa%d9%85%d8%b1\\\/\",\"url\":\"https:\\\/\\\/saudi-gift.com\\\/product\\\/%d9%85%d8%b9%d8%ac%d9%88%d9%86-%d8%aa%d9%85%d8%b1\\\/\",\"name\":\"P\u00e2te de dattes (1kg) - \u0647\u062f\u064a\u0629 \u0633\u0639\u0648\u062f\u064a\u0629\",\"isPartOf\":{\"@id\":\"https:\\\/\\\/saudi-gift.com\\\/#website\"},\"primaryImageOfPage\":{\"@id\":\"https:\\\/\\\/saudi-gift.com\\\/product\\\/%d9%85%d8%b9%d8%ac%d9%88%d9%86-%d8%aa%d9%85%d8%b1\\\/#primaryimage\"},\"image\":{\"@id\":\"https:\\\/\\\/saudi-gift.com\\\/product\\\/%d9%85%d8%b9%d8%ac%d9%88%d9%86-%d8%aa%d9%85%d8%b1\\\/#primaryimage\"},\"thumbnailUrl\":\"https:\\\/\\\/saudi-gift.com\\\/wp-content\\\/uploads\\\/2025\\\/01\\\/83582913-cacb-47b8-80ee-2c568ca52357-1000x1000-4FtxcJGBa6YRxgzd00e3KJcmz7FAGnuQVfTXnW9N-1.webp\",\"datePublished\":\"2025-01-18T17:06:33+00:00\",\"dateModified\":\"2025-02-01T16:52:55+00:00\",\"breadcrumb\":{\"@id\":\"https:\\\/\\\/saudi-gift.com\\\/product\\\/%d9%85%d8%b9%d8%ac%d9%88%d9%86-%d8%aa%d9%85%d8%b1\\\/#breadcrumb\"},\"inLanguage\":\"fr-FR\",\"potentialAction\":[{\"@type\":\"ReadAction\",\"target\":[\"https:\\\/\\\/saudi-gift.com\\\/product\\\/%d9%85%d8%b9%d8%ac%d9%88%d9%86-%d8%aa%d9%85%d8%b1\\\/\"]}]},{\"@type\":\"ImageObject\",\"inLanguage\":\"fr-FR\",\"@id\":\"https:\\\/\\\/saudi-gift.com\\\/product\\\/%d9%85%d8%b9%d8%ac%d9%88%d9%86-%d8%aa%d9%85%d8%b1\\\/#primaryimage\",\"url\":\"https:\\\/\\\/saudi-gift.com\\\/wp-content\\\/uploads\\\/2025\\\/01\\\/83582913-cacb-47b8-80ee-2c568ca52357-1000x1000-4FtxcJGBa6YRxgzd00e3KJcmz7FAGnuQVfTXnW9N-1.webp\",\"contentUrl\":\"https:\\\/\\\/saudi-gift.com\\\/wp-content\\\/uploads\\\/2025\\\/01\\\/83582913-cacb-47b8-80ee-2c568ca52357-1000x1000-4FtxcJGBa6YRxgzd00e3KJcmz7FAGnuQVfTXnW9N-1.webp\",\"width\":600,\"height\":600},{\"@type\":\"BreadcrumbList\",\"@id\":\"https:\\\/\\\/saudi-gift.com\\\/product\\\/%d9%85%d8%b9%d8%ac%d9%88%d9%86-%d8%aa%d9%85%d8%b1\\\/#breadcrumb\",\"itemListElement\":[{\"@type\":\"ListItem\",\"position\":1,\"name\":\"Home\",\"item\":\"https:\\\/\\\/saudi-gift.com\\\/fr\\\/\"},{\"@type\":\"ListItem\",\"position\":2,\"name\":\"Acheter\",\"item\":\"https:\\\/\\\/saudi-gift.com\\\/fr\\\/acheter\\\/\"},{\"@type\":\"ListItem\",\"position\":3,\"name\":\"P\u00e2te de dattes (1kg)\"}]},{\"@type\":\"WebSite\",\"@id\":\"https:\\\/\\\/saudi-gift.com\\\/#website\",\"url\":\"https:\\\/\\\/saudi-gift.com\\\/\",\"name\":\"\u0647\u062f\u064a\u0629 \u0633\u0639\u0648\u062f\u064a\u0629\",\"description\":\"\u0647\u062f\u064a\u0629 \u0633\u0639\u0648\u062f\u064a\u0629 \u0645\u062a\u062c\u0631 \u0627\u0644\u0643\u062a\u0631\u0648\u0646\u064a \u064a\u0642\u062f\u0645 \u0644\u0643\u0645 \u0645\u062c\u0645\u0648\u0639\u0629 \u0645\u0646 \u0627\u0644\u0647\u062f\u0627\u064a\u0627 \u0627\u0644\u062a\u064a \u062a\u062c\u0633\u062f \u0639\u0628\u0642 \u0630\u0643\u0631\u064a\u0627\u062a\u0643\u0645 \u0641\u064a \u0627\u0644\u0645\u0634\u0627\u0639\u0631 \u0627\u0644\u0645\u0642\u062f\u0633\u0629\",\"publisher\":{\"@id\":\"https:\\\/\\\/saudi-gift.com\\\/#organization\"},\"alternateName\":\"\u0647\u062f\u064a\u0629 \u0633\u0639\u0648\u062f\u064a\u0629\",\"potentialAction\":[{\"@type\":\"SearchAction\",\"target\":{\"@type\":\"EntryPoint\",\"urlTemplate\":\"https:\\\/\\\/saudi-gift.com\\\/?s={search_term_string}\"},\"query-input\":{\"@type\":\"PropertyValueSpecification\",\"valueRequired\":true,\"valueName\":\"search_term_string\"}}],\"inLanguage\":\"fr-FR\"},{\"@type\":\"Organization\",\"@id\":\"https:\\\/\\\/saudi-gift.com\\\/#organization\",\"name\":\"\u0645\u062a\u062c\u0631 \u0627\u0644\u0647\u062f\u064a\u0629\",\"alternateName\":\"\u0647\u062f\u064a\u0629 \u0633\u0639\u0648\u062f\u064a\u0629\",\"url\":\"https:\\\/\\\/saudi-gift.com\\\/\",\"logo\":{\"@type\":\"ImageObject\",\"inLanguage\":\"fr-FR\",\"@id\":\"https:\\\/\\\/saudi-gift.com\\\/#\\\/schema\\\/logo\\\/image\\\/\",\"url\":\"https:\\\/\\\/saudi-gift.com\\\/wp-content\\\/uploads\\\/2025\\\/05\\\/2.png\",\"contentUrl\":\"https:\\\/\\\/saudi-gift.com\\\/wp-content\\\/uploads\\\/2025\\\/05\\\/2.png\",\"width\":163,\"height\":42,\"caption\":\"\u0645\u062a\u062c\u0631 \u0627\u0644\u0647\u062f\u064a\u0629\"},\"image\":{\"@id\":\"https:\\\/\\\/saudi-gift.com\\\/#\\\/schema\\\/logo\\\/image\\\/\"},\"sameAs\":[\"https:\\\/\\\/www.facebook.com\\\/profile.php?id=61560277649059&mibextid=LQQJ4d\",\"https:\\\/\\\/x.com\\\/saudigift_\"]}]}<\/script>\n<!-- \/ Yoast SEO Premium plugin. -->","yoast_head_json":{"title":"P\u00e2te de dattes (1kg) - \u0647\u062f\u064a\u0629 \u0633\u0639\u0648\u062f\u064a\u0629","robots":{"index":"index","follow":"follow","max-snippet":"max-snippet:-1","max-image-preview":"max-image-preview:large","max-video-preview":"max-video-preview:-1"},"canonical":"https:\/\/saudi-gift.com\/product\/\u0645\u0639\u062c\u0648\u0646-\u062a\u0645\u0631\/","og_locale":"fr_FR","og_type":"article","og_title":"P\u00e2te de dattes (1kg)","og_description":"La p\u00e2te dedattes est une p\u00e2te form\u00e9e \u00e0 partir d'une p\u00e2te de dattes parfaite qui combine plus de 6 vari\u00e9t\u00e9s des meilleures dattes de M\u00e9dine.","og_url":"https:\/\/saudi-gift.com\/product\/\u0645\u0639\u062c\u0648\u0646-\u062a\u0645\u0631\/","og_site_name":"\u0647\u062f\u064a\u0629 \u0633\u0639\u0648\u062f\u064a\u0629","article_publisher":"https:\/\/www.facebook.com\/profile.php?id=61560277649059&mibextid=LQQJ4d","article_modified_time":"2025-02-01T16:52:55+00:00","og_image":[{"width":600,"height":600,"url":"https:\/\/saudi-gift.com\/wp-content\/uploads\/2025\/01\/83582913-cacb-47b8-80ee-2c568ca52357-1000x1000-4FtxcJGBa6YRxgzd00e3KJcmz7FAGnuQVfTXnW9N-1.webp","type":"image\/webp"}],"twitter_card":"summary_large_image","twitter_site":"@saudigift_","twitter_misc":{"Dur\u00e9e de lecture estim\u00e9e":"1 minute"},"schema":{"@context":"https:\/\/schema.org","@graph":[{"@type":"WebPage","@id":"https:\/\/saudi-gift.com\/product\/%d9%85%d8%b9%d8%ac%d9%88%d9%86-%d8%aa%d9%85%d8%b1\/","url":"https:\/\/saudi-gift.com\/product\/%d9%85%d8%b9%d8%ac%d9%88%d9%86-%d8%aa%d9%85%d8%b1\/","name":"P\u00e2te de dattes (1kg) - \u0647\u062f\u064a\u0629 \u0633\u0639\u0648\u062f\u064a\u0629","isPartOf":{"@id":"https:\/\/saudi-gift.com\/#website"},"primaryImageOfPage":{"@id":"https:\/\/saudi-gift.com\/product\/%d9%85%d8%b9%d8%ac%d9%88%d9%86-%d8%aa%d9%85%d8%b1\/#primaryimage"},"image":{"@id":"https:\/\/saudi-gift.com\/product\/%d9%85%d8%b9%d8%ac%d9%88%d9%86-%d8%aa%d9%85%d8%b1\/#primaryimage"},"thumbnailUrl":"https:\/\/saudi-gift.com\/wp-content\/uploads\/2025\/01\/83582913-cacb-47b8-80ee-2c568ca52357-1000x1000-4FtxcJGBa6YRxgzd00e3KJcmz7FAGnuQVfTXnW9N-1.webp","datePublished":"2025-01-18T17:06:33+00:00","dateModified":"2025-02-01T16:52:55+00:00","breadcrumb":{"@id":"https:\/\/saudi-gift.com\/product\/%d9%85%d8%b9%d8%ac%d9%88%d9%86-%d8%aa%d9%85%d8%b1\/#breadcrumb"},"inLanguage":"fr-FR","potentialAction":[{"@type":"ReadAction","target":["https:\/\/saudi-gift.com\/product\/%d9%85%d8%b9%d8%ac%d9%88%d9%86-%d8%aa%d9%85%d8%b1\/"]}]},{"@type":"ImageObject","inLanguage":"fr-FR","@id":"https:\/\/saudi-gift.com\/product\/%d9%85%d8%b9%d8%ac%d9%88%d9%86-%d8%aa%d9%85%d8%b1\/#primaryimage","url":"https:\/\/saudi-gift.com\/wp-content\/uploads\/2025\/01\/83582913-cacb-47b8-80ee-2c568ca52357-1000x1000-4FtxcJGBa6YRxgzd00e3KJcmz7FAGnuQVfTXnW9N-1.webp","contentUrl":"https:\/\/saudi-gift.com\/wp-content\/uploads\/2025\/01\/83582913-cacb-47b8-80ee-2c568ca52357-1000x1000-4FtxcJGBa6YRxgzd00e3KJcmz7FAGnuQVfTXnW9N-1.webp","width":600,"height":600},{"@type":"BreadcrumbList","@id":"https:\/\/saudi-gift.com\/product\/%d9%85%d8%b9%d8%ac%d9%88%d9%86-%d8%aa%d9%85%d8%b1\/#breadcrumb","itemListElement":[{"@type":"ListItem","position":1,"name":"Home","item":"https:\/\/saudi-gift.com\/fr\/"},{"@type":"ListItem","position":2,"name":"Acheter","item":"https:\/\/saudi-gift.com\/fr\/acheter\/"},{"@type":"ListItem","position":3,"name":"P\u00e2te de dattes (1kg)"}]},{"@type":"WebSite","@id":"https:\/\/saudi-gift.com\/#website","url":"https:\/\/saudi-gift.com\/","name":"\u0647\u062f\u064a\u0629 \u0633\u0639\u0648\u062f\u064a\u0629","description":"\u0647\u062f\u064a\u0629 \u0633\u0639\u0648\u062f\u064a\u0629 \u0645\u062a\u062c\u0631 \u0627\u0644\u0643\u062a\u0631\u0648\u0646\u064a \u064a\u0642\u062f\u0645 \u0644\u0643\u0645 \u0645\u062c\u0645\u0648\u0639\u0629 \u0645\u0646 \u0627\u0644\u0647\u062f\u0627\u064a\u0627 \u0627\u0644\u062a\u064a \u062a\u062c\u0633\u062f \u0639\u0628\u0642 \u0630\u0643\u0631\u064a\u0627\u062a\u0643\u0645 \u0641\u064a \u0627\u0644\u0645\u0634\u0627\u0639\u0631 \u0627\u0644\u0645\u0642\u062f\u0633\u0629","publisher":{"@id":"https:\/\/saudi-gift.com\/#organization"},"alternateName":"\u0647\u062f\u064a\u0629 \u0633\u0639\u0648\u062f\u064a\u0629","potentialAction":[{"@type":"SearchAction","target":{"@type":"EntryPoint","urlTemplate":"https:\/\/saudi-gift.com\/?s={search_term_string}"},"query-input":{"@type":"PropertyValueSpecification","valueRequired":true,"valueName":"search_term_string"}}],"inLanguage":"fr-FR"},{"@type":"Organization","@id":"https:\/\/saudi-gift.com\/#organization","name":"\u0645\u062a\u062c\u0631 \u0627\u0644\u0647\u062f\u064a\u0629","alternateName":"\u0647\u062f\u064a\u0629 \u0633\u0639\u0648\u062f\u064a\u0629","url":"https:\/\/saudi-gift.com\/","logo":{"@type":"ImageObject","inLanguage":"fr-FR","@id":"https:\/\/saudi-gift.com\/#\/schema\/logo\/image\/","url":"https:\/\/saudi-gift.com\/wp-content\/uploads\/2025\/05\/2.png","contentUrl":"https:\/\/saudi-gift.com\/wp-content\/uploads\/2025\/05\/2.png","width":163,"height":42,"caption":"\u0645\u062a\u062c\u0631 \u0627\u0644\u0647\u062f\u064a\u0629"},"image":{"@id":"https:\/\/saudi-gift.com\/#\/schema\/logo\/image\/"},"sameAs":["https:\/\/www.facebook.com\/profile.php?id=61560277649059&mibextid=LQQJ4d","https:\/\/x.com\/saudigift_"]}]}},"jetpack-related-posts":[],"_links":{"self":[{"href":"https:\/\/saudi-gift.com\/fr\/wp-json\/wp\/v2\/product\/42368","targetHints":{"allow":["GET"]}}],"collection":[{"href":"https:\/\/saudi-gift.com\/fr\/wp-json\/wp\/v2\/product"}],"about":[{"href":"https:\/\/saudi-gift.com\/fr\/wp-json\/wp\/v2\/types\/product"}],"replies":[{"embeddable":true,"href":"https:\/\/saudi-gift.com\/fr\/wp-json\/wp\/v2\/comments?post=42368"}],"version-history":[{"count":0,"href":"https:\/\/saudi-gift.com\/fr\/wp-json\/wp\/v2\/product\/42368\/revisions"}],"wp:featuredmedia":[{"embeddable":true,"href":"https:\/\/saudi-gift.com\/fr\/wp-json\/wp\/v2\/media\/37870"}],"wp:attachment":[{"href":"https:\/\/saudi-gift.com\/fr\/wp-json\/wp\/v2\/media?parent=42368"}],"wp:term":[{"taxonomy":"product_brand","embeddable":true,"href":"https:\/\/saudi-gift.com\/fr\/wp-json\/wp\/v2\/product_brand?post=42368"},{"taxonomy":"product_cat","embeddable":true,"href":"https:\/\/saudi-gift.com\/fr\/wp-json\/wp\/v2\/product_cat?post=42368"},{"taxonomy":"product_tag","embeddable":true,"href":"https:\/\/saudi-gift.com\/fr\/wp-json\/wp\/v2\/product_tag?post=42368"}],"curies":[{"name":"wp","href":"https:\/\/api.w.org\/{rel}","templated":true}]}}