{"id":42913,"date":"2025-01-18T15:41:20","date_gmt":"2025-01-18T12:41:20","guid":{"rendered":"https:\/\/saudi-gift.com\/product\/city-luxury-ajwa\/"},"modified":"2025-01-18T15:41:20","modified_gmt":"2025-01-18T12:41:20","slug":"city-luxury-ajwa","status":"publish","type":"product","link":"https:\/\/saudi-gift.com\/fr\/produit\/city-luxury-ajwa\/","title":{"rendered":"City Luxury Ajwa"},"content":{"rendered":"<h3 style=\"text-align: right;\">Luxueuse M\u00e9dina Ajwa Dates<\/h3>\n<h3 style=\"text-align: right;\">Caract\u00e9ristiques<\/h3>\n<p style=\"text-align: right;\"><strong>Enti\u00e8rement naturelles<\/strong>: Les <strong>v\u00e9ritables dattes Ajwa<\/strong> sont exemptes de produits chimiques et d&rsquo;additifs artificiels. Chez Elixir, nous vous garantissons un produit sain et s\u00fbr sur lequel vous pouvez compter pour votre sant\u00e9 et celle de votre famille.<\/p>\n<h3 style=\"text-align: right;\">Avantages pour la sant\u00e9<\/h3>\n<ul style=\"text-align: right;\">\n<li><strong>Favoriser la sant\u00e9 digestive<\/strong>: riche en fibres qui contribuent \u00e0 am\u00e9liorer le transit intestinal.<\/li>\n<li><strong>Favorisez la sant\u00e9 cardiaque<\/strong>: Contient du potassium et du magn\u00e9sium, qui sont importants pour r\u00e9guler la tension art\u00e9rielle et renforcer le muscle cardiaque.<\/li>\n<li><strong>Renforcer l&rsquo;immunit\u00e9<\/strong>: Riche en antioxydants qui prot\u00e8gent l&rsquo;organisme contre les inflammations et les maladies chroniques.<\/li>\n<li><strong>R\u00e9guler le taux de sucre dans le sang<\/strong>: Les sucres naturels contenus dans <strong>Medina Ojwa<\/strong> sont absorb\u00e9s lentement. Cela permet de r\u00e9guler le taux de sucre.<\/li>\n<li><strong>Une source d&rsquo;\u00e9nergie<\/strong>: La teneur \u00e9lev\u00e9e en sucres naturels fournit \u00e0 l&rsquo;organisme une \u00e9nergie rapide gr\u00e2ce \u00e0 sa teneur \u00e9lev\u00e9e en sucres naturels.<\/li>\n<li><strong>Am\u00e9liore la sant\u00e9 des os<\/strong>: Contient des min\u00e9raux tels que le calcium et le magn\u00e9sium qui favorisent la sant\u00e9 des os et minimisent le risque d&rsquo;ost\u00e9oporose.<\/li>\n<\/ul>\n<h3 style=\"text-align: right;\">Pourquoi choisir Elixir Dates ?<\/h3>\n<ul style=\"text-align: right;\">\n<li><strong>La qualit\u00e9 par la nature<\/strong>: Chez Elixir, nous pensons que la v\u00e9ritable qualit\u00e9 provient de l&rsquo;utilisation d&rsquo;ingr\u00e9dients enti\u00e8rement naturels.<\/li>\n<li><strong>Riche en bienfaits pour la sant\u00e9<\/strong>: Nos <strong>dattes Ajwa biologiques<\/strong> vous offrent de nombreux avantages nutritionnels et une saveur in\u00e9gal\u00e9e.<\/li>\n<li><strong>Un emballage original<\/strong>: L&rsquo;\u00e9lixir de <strong>dattes de luxe<\/strong> est pr\u00e9sent\u00e9 dans un emballage soigneusement con\u00e7u pour offrir un cadeau unique au c\u0153ur de la <strong>M\u00e9dina<\/strong>.<\/li>\n<\/ul>\n<h3 style=\"text-align: right;\">Instructions de stockage<\/h3>\n<p style=\"text-align: right;\">Conservez les dattes dans un endroit frais et sec pour pr\u00e9server leur saveur et leur qualit\u00e9.<\/p>\n<p style=\"text-align: right;\"><strong>Commandez d\u00e8s maintenant<\/strong> dans la <strong>boutique Elixir <\/strong>et d\u00e9couvrez la qualit\u00e9 in\u00e9gal\u00e9e des <strong>dattes Al-Ajwa originales<\/strong> d&rsquo;<strong>Elixir<\/strong>!<\/p>\n","protected":false},"excerpt":{"rendered":"<p><strong>Medina Ajoura &#8211; Les dattes Ajoura de qualit\u00e9 sup\u00e9rieure d&rsquo;Elixir : La saveur de la nature et l&rsquo;authenticit\u00e9 de la ville \u00e0 chaque date<\/strong><\/p>\n<p><strong>Savourez le go\u00fbt des<\/strong> authentiques <strong>dattes<\/strong> Medina <strong>Ajwa<\/strong> d&rsquo;<strong>Elixir Farms<\/strong> \u00e0 <strong>Medina<\/strong>. Nous vous proposons une <strong>luxueuse Ajwa<\/strong><\/p>\n","protected":false},"featured_media":37573,"comment_status":"open","ping_status":"closed","template":"","meta":[],"product_brand":[],"product_cat":[385,3285,3176],"product_tag":[1715,1663],"class_list":{"0":"post-42913","1":"product","2":"type-product","3":"status-publish","4":"has-post-thumbnail","6":"product_cat-articles-du-ramadan","7":"product_cat-dattes-de-medine","8":"product_cat-hospitalite","9":"product_tag-_-fr","12":"first","13":"instock","14":"sale","15":"shipping-taxable","16":"purchasable","17":"product-type-variable"},"yoast_head":"<!-- This site is optimized with the Yoast SEO Premium plugin v27.2 (Yoast SEO v27.6) - https:\/\/yoast.com\/product\/yoast-seo-premium-wordpress\/ -->\n<title>City Luxury Ajwa - \u0647\u062f\u064a\u0629 \u0633\u0639\u0648\u062f\u064a\u0629<\/title>\n<meta name=\"robots\" content=\"index, follow, max-snippet:-1, max-image-preview:large, max-video-preview:-1\" \/>\n<link rel=\"canonical\" href=\"https:\/\/saudi-gift.com\/fr\/product\/city-luxury-ajwa\/\" \/>\n<meta property=\"og:locale\" content=\"fr_FR\" \/>\n<meta property=\"og:type\" content=\"article\" \/>\n<meta property=\"og:title\" content=\"City Luxury Ajwa\" \/>\n<meta property=\"og:description\" content=\"Medina Ajoura - Les dattes Ajoura de qualit\u00e9 sup\u00e9rieure d&#039;Elixir : La saveur de la nature et l&#039;authenticit\u00e9 de la ville \u00e0 chaque date Savourez le go\u00fbt des authentiques dattes Medina Ajwa d&#039;Elixir Farms \u00e0 Medina. Nous vous proposons une luxueuse Ajwa\" \/>\n<meta property=\"og:url\" content=\"https:\/\/saudi-gift.com\/fr\/product\/city-luxury-ajwa\/\" \/>\n<meta property=\"og:site_name\" content=\"\u0647\u062f\u064a\u0629 \u0633\u0639\u0648\u062f\u064a\u0629\" \/>\n<meta property=\"article:publisher\" content=\"https:\/\/www.facebook.com\/profile.php?id=61560277649059&amp;mibextid=LQQJ4d\" \/>\n<meta property=\"og:image\" content=\"https:\/\/saudi-gift.com\/wp-content\/uploads\/2025\/01\/35e976bb-93bc-4fc7-b856-7a43b7ea4448-1000x1000-mFP9E9GYicIEfrykgr41pMLG8SjylEXoMvaigpw5-1.webp\" \/>\n\t<meta property=\"og:image:width\" content=\"600\" \/>\n\t<meta property=\"og:image:height\" content=\"600\" \/>\n\t<meta property=\"og:image:type\" content=\"image\/webp\" \/>\n<meta name=\"twitter:card\" content=\"summary_large_image\" \/>\n<meta name=\"twitter:site\" content=\"@saudigift_\" \/>\n<meta name=\"twitter:label1\" content=\"Dur\u00e9e de lecture estim\u00e9e\" \/>\n\t<meta name=\"twitter:data1\" content=\"2 minutes\" \/>\n<script type=\"application\/ld+json\" class=\"yoast-schema-graph\">{\"@context\":\"https:\\\/\\\/schema.org\",\"@graph\":[{\"@type\":\"WebPage\",\"@id\":\"https:\\\/\\\/saudi-gift.com\\\/fr\\\/product\\\/city-luxury-ajwa\\\/\",\"url\":\"https:\\\/\\\/saudi-gift.com\\\/fr\\\/product\\\/city-luxury-ajwa\\\/\",\"name\":\"City Luxury Ajwa - \u0647\u062f\u064a\u0629 \u0633\u0639\u0648\u062f\u064a\u0629\",\"isPartOf\":{\"@id\":\"https:\\\/\\\/saudi-gift.com\\\/#website\"},\"primaryImageOfPage\":{\"@id\":\"https:\\\/\\\/saudi-gift.com\\\/fr\\\/product\\\/city-luxury-ajwa\\\/#primaryimage\"},\"image\":{\"@id\":\"https:\\\/\\\/saudi-gift.com\\\/fr\\\/product\\\/city-luxury-ajwa\\\/#primaryimage\"},\"thumbnailUrl\":\"https:\\\/\\\/saudi-gift.com\\\/wp-content\\\/uploads\\\/2025\\\/01\\\/35e976bb-93bc-4fc7-b856-7a43b7ea4448-1000x1000-mFP9E9GYicIEfrykgr41pMLG8SjylEXoMvaigpw5-1.webp\",\"datePublished\":\"2025-01-18T12:41:20+00:00\",\"breadcrumb\":{\"@id\":\"https:\\\/\\\/saudi-gift.com\\\/fr\\\/product\\\/city-luxury-ajwa\\\/#breadcrumb\"},\"inLanguage\":\"fr-FR\",\"potentialAction\":[{\"@type\":\"ReadAction\",\"target\":[\"https:\\\/\\\/saudi-gift.com\\\/fr\\\/product\\\/city-luxury-ajwa\\\/\"]}]},{\"@type\":\"ImageObject\",\"inLanguage\":\"fr-FR\",\"@id\":\"https:\\\/\\\/saudi-gift.com\\\/fr\\\/product\\\/city-luxury-ajwa\\\/#primaryimage\",\"url\":\"https:\\\/\\\/saudi-gift.com\\\/wp-content\\\/uploads\\\/2025\\\/01\\\/35e976bb-93bc-4fc7-b856-7a43b7ea4448-1000x1000-mFP9E9GYicIEfrykgr41pMLG8SjylEXoMvaigpw5-1.webp\",\"contentUrl\":\"https:\\\/\\\/saudi-gift.com\\\/wp-content\\\/uploads\\\/2025\\\/01\\\/35e976bb-93bc-4fc7-b856-7a43b7ea4448-1000x1000-mFP9E9GYicIEfrykgr41pMLG8SjylEXoMvaigpw5-1.webp\",\"width\":600,\"height\":600},{\"@type\":\"BreadcrumbList\",\"@id\":\"https:\\\/\\\/saudi-gift.com\\\/fr\\\/product\\\/city-luxury-ajwa\\\/#breadcrumb\",\"itemListElement\":[{\"@type\":\"ListItem\",\"position\":1,\"name\":\"Home\",\"item\":\"https:\\\/\\\/saudi-gift.com\\\/fr\\\/\"},{\"@type\":\"ListItem\",\"position\":2,\"name\":\"Acheter\",\"item\":\"https:\\\/\\\/saudi-gift.com\\\/fr\\\/acheter\\\/\"},{\"@type\":\"ListItem\",\"position\":3,\"name\":\"City Luxury Ajwa\"}]},{\"@type\":\"WebSite\",\"@id\":\"https:\\\/\\\/saudi-gift.com\\\/#website\",\"url\":\"https:\\\/\\\/saudi-gift.com\\\/\",\"name\":\"\u0647\u062f\u064a\u0629 \u0633\u0639\u0648\u062f\u064a\u0629\",\"description\":\"\u0647\u062f\u064a\u0629 \u0633\u0639\u0648\u062f\u064a\u0629 \u0645\u062a\u062c\u0631 \u0627\u0644\u0643\u062a\u0631\u0648\u0646\u064a \u064a\u0642\u062f\u0645 \u0644\u0643\u0645 \u0645\u062c\u0645\u0648\u0639\u0629 \u0645\u0646 \u0627\u0644\u0647\u062f\u0627\u064a\u0627 \u0627\u0644\u062a\u064a \u062a\u062c\u0633\u062f \u0639\u0628\u0642 \u0630\u0643\u0631\u064a\u0627\u062a\u0643\u0645 \u0641\u064a \u0627\u0644\u0645\u0634\u0627\u0639\u0631 \u0627\u0644\u0645\u0642\u062f\u0633\u0629\",\"publisher\":{\"@id\":\"https:\\\/\\\/saudi-gift.com\\\/#organization\"},\"alternateName\":\"\u0647\u062f\u064a\u0629 \u0633\u0639\u0648\u062f\u064a\u0629\",\"potentialAction\":[{\"@type\":\"SearchAction\",\"target\":{\"@type\":\"EntryPoint\",\"urlTemplate\":\"https:\\\/\\\/saudi-gift.com\\\/?s={search_term_string}\"},\"query-input\":{\"@type\":\"PropertyValueSpecification\",\"valueRequired\":true,\"valueName\":\"search_term_string\"}}],\"inLanguage\":\"fr-FR\"},{\"@type\":\"Organization\",\"@id\":\"https:\\\/\\\/saudi-gift.com\\\/#organization\",\"name\":\"\u0645\u062a\u062c\u0631 \u0627\u0644\u0647\u062f\u064a\u0629\",\"alternateName\":\"\u0647\u062f\u064a\u0629 \u0633\u0639\u0648\u062f\u064a\u0629\",\"url\":\"https:\\\/\\\/saudi-gift.com\\\/\",\"logo\":{\"@type\":\"ImageObject\",\"inLanguage\":\"fr-FR\",\"@id\":\"https:\\\/\\\/saudi-gift.com\\\/#\\\/schema\\\/logo\\\/image\\\/\",\"url\":\"https:\\\/\\\/saudi-gift.com\\\/wp-content\\\/uploads\\\/2025\\\/05\\\/2.png\",\"contentUrl\":\"https:\\\/\\\/saudi-gift.com\\\/wp-content\\\/uploads\\\/2025\\\/05\\\/2.png\",\"width\":163,\"height\":42,\"caption\":\"\u0645\u062a\u062c\u0631 \u0627\u0644\u0647\u062f\u064a\u0629\"},\"image\":{\"@id\":\"https:\\\/\\\/saudi-gift.com\\\/#\\\/schema\\\/logo\\\/image\\\/\"},\"sameAs\":[\"https:\\\/\\\/www.facebook.com\\\/profile.php?id=61560277649059&mibextid=LQQJ4d\",\"https:\\\/\\\/x.com\\\/saudigift_\"]}]}<\/script>\n<!-- \/ Yoast SEO Premium plugin. -->","yoast_head_json":{"title":"City Luxury Ajwa - \u0647\u062f\u064a\u0629 \u0633\u0639\u0648\u062f\u064a\u0629","robots":{"index":"index","follow":"follow","max-snippet":"max-snippet:-1","max-image-preview":"max-image-preview:large","max-video-preview":"max-video-preview:-1"},"canonical":"https:\/\/saudi-gift.com\/fr\/product\/city-luxury-ajwa\/","og_locale":"fr_FR","og_type":"article","og_title":"City Luxury Ajwa","og_description":"Medina Ajoura - Les dattes Ajoura de qualit\u00e9 sup\u00e9rieure d'Elixir : La saveur de la nature et l'authenticit\u00e9 de la ville \u00e0 chaque date Savourez le go\u00fbt des authentiques dattes Medina Ajwa d'Elixir Farms \u00e0 Medina. Nous vous proposons une luxueuse Ajwa","og_url":"https:\/\/saudi-gift.com\/fr\/product\/city-luxury-ajwa\/","og_site_name":"\u0647\u062f\u064a\u0629 \u0633\u0639\u0648\u062f\u064a\u0629","article_publisher":"https:\/\/www.facebook.com\/profile.php?id=61560277649059&mibextid=LQQJ4d","og_image":[{"width":600,"height":600,"url":"https:\/\/saudi-gift.com\/wp-content\/uploads\/2025\/01\/35e976bb-93bc-4fc7-b856-7a43b7ea4448-1000x1000-mFP9E9GYicIEfrykgr41pMLG8SjylEXoMvaigpw5-1.webp","type":"image\/webp"}],"twitter_card":"summary_large_image","twitter_site":"@saudigift_","twitter_misc":{"Dur\u00e9e de lecture estim\u00e9e":"2 minutes"},"schema":{"@context":"https:\/\/schema.org","@graph":[{"@type":"WebPage","@id":"https:\/\/saudi-gift.com\/fr\/product\/city-luxury-ajwa\/","url":"https:\/\/saudi-gift.com\/fr\/product\/city-luxury-ajwa\/","name":"City Luxury Ajwa - \u0647\u062f\u064a\u0629 \u0633\u0639\u0648\u062f\u064a\u0629","isPartOf":{"@id":"https:\/\/saudi-gift.com\/#website"},"primaryImageOfPage":{"@id":"https:\/\/saudi-gift.com\/fr\/product\/city-luxury-ajwa\/#primaryimage"},"image":{"@id":"https:\/\/saudi-gift.com\/fr\/product\/city-luxury-ajwa\/#primaryimage"},"thumbnailUrl":"https:\/\/saudi-gift.com\/wp-content\/uploads\/2025\/01\/35e976bb-93bc-4fc7-b856-7a43b7ea4448-1000x1000-mFP9E9GYicIEfrykgr41pMLG8SjylEXoMvaigpw5-1.webp","datePublished":"2025-01-18T12:41:20+00:00","breadcrumb":{"@id":"https:\/\/saudi-gift.com\/fr\/product\/city-luxury-ajwa\/#breadcrumb"},"inLanguage":"fr-FR","potentialAction":[{"@type":"ReadAction","target":["https:\/\/saudi-gift.com\/fr\/product\/city-luxury-ajwa\/"]}]},{"@type":"ImageObject","inLanguage":"fr-FR","@id":"https:\/\/saudi-gift.com\/fr\/product\/city-luxury-ajwa\/#primaryimage","url":"https:\/\/saudi-gift.com\/wp-content\/uploads\/2025\/01\/35e976bb-93bc-4fc7-b856-7a43b7ea4448-1000x1000-mFP9E9GYicIEfrykgr41pMLG8SjylEXoMvaigpw5-1.webp","contentUrl":"https:\/\/saudi-gift.com\/wp-content\/uploads\/2025\/01\/35e976bb-93bc-4fc7-b856-7a43b7ea4448-1000x1000-mFP9E9GYicIEfrykgr41pMLG8SjylEXoMvaigpw5-1.webp","width":600,"height":600},{"@type":"BreadcrumbList","@id":"https:\/\/saudi-gift.com\/fr\/product\/city-luxury-ajwa\/#breadcrumb","itemListElement":[{"@type":"ListItem","position":1,"name":"Home","item":"https:\/\/saudi-gift.com\/fr\/"},{"@type":"ListItem","position":2,"name":"Acheter","item":"https:\/\/saudi-gift.com\/fr\/acheter\/"},{"@type":"ListItem","position":3,"name":"City Luxury Ajwa"}]},{"@type":"WebSite","@id":"https:\/\/saudi-gift.com\/#website","url":"https:\/\/saudi-gift.com\/","name":"\u0647\u062f\u064a\u0629 \u0633\u0639\u0648\u062f\u064a\u0629","description":"\u0647\u062f\u064a\u0629 \u0633\u0639\u0648\u062f\u064a\u0629 \u0645\u062a\u062c\u0631 \u0627\u0644\u0643\u062a\u0631\u0648\u0646\u064a \u064a\u0642\u062f\u0645 \u0644\u0643\u0645 \u0645\u062c\u0645\u0648\u0639\u0629 \u0645\u0646 \u0627\u0644\u0647\u062f\u0627\u064a\u0627 \u0627\u0644\u062a\u064a \u062a\u062c\u0633\u062f \u0639\u0628\u0642 \u0630\u0643\u0631\u064a\u0627\u062a\u0643\u0645 \u0641\u064a \u0627\u0644\u0645\u0634\u0627\u0639\u0631 \u0627\u0644\u0645\u0642\u062f\u0633\u0629","publisher":{"@id":"https:\/\/saudi-gift.com\/#organization"},"alternateName":"\u0647\u062f\u064a\u0629 \u0633\u0639\u0648\u062f\u064a\u0629","potentialAction":[{"@type":"SearchAction","target":{"@type":"EntryPoint","urlTemplate":"https:\/\/saudi-gift.com\/?s={search_term_string}"},"query-input":{"@type":"PropertyValueSpecification","valueRequired":true,"valueName":"search_term_string"}}],"inLanguage":"fr-FR"},{"@type":"Organization","@id":"https:\/\/saudi-gift.com\/#organization","name":"\u0645\u062a\u062c\u0631 \u0627\u0644\u0647\u062f\u064a\u0629","alternateName":"\u0647\u062f\u064a\u0629 \u0633\u0639\u0648\u062f\u064a\u0629","url":"https:\/\/saudi-gift.com\/","logo":{"@type":"ImageObject","inLanguage":"fr-FR","@id":"https:\/\/saudi-gift.com\/#\/schema\/logo\/image\/","url":"https:\/\/saudi-gift.com\/wp-content\/uploads\/2025\/05\/2.png","contentUrl":"https:\/\/saudi-gift.com\/wp-content\/uploads\/2025\/05\/2.png","width":163,"height":42,"caption":"\u0645\u062a\u062c\u0631 \u0627\u0644\u0647\u062f\u064a\u0629"},"image":{"@id":"https:\/\/saudi-gift.com\/#\/schema\/logo\/image\/"},"sameAs":["https:\/\/www.facebook.com\/profile.php?id=61560277649059&mibextid=LQQJ4d","https:\/\/x.com\/saudigift_"]}]}},"jetpack-related-posts":[],"_links":{"self":[{"href":"https:\/\/saudi-gift.com\/fr\/wp-json\/wp\/v2\/product\/42913","targetHints":{"allow":["GET"]}}],"collection":[{"href":"https:\/\/saudi-gift.com\/fr\/wp-json\/wp\/v2\/product"}],"about":[{"href":"https:\/\/saudi-gift.com\/fr\/wp-json\/wp\/v2\/types\/product"}],"replies":[{"embeddable":true,"href":"https:\/\/saudi-gift.com\/fr\/wp-json\/wp\/v2\/comments?post=42913"}],"version-history":[{"count":0,"href":"https:\/\/saudi-gift.com\/fr\/wp-json\/wp\/v2\/product\/42913\/revisions"}],"wp:featuredmedia":[{"embeddable":true,"href":"https:\/\/saudi-gift.com\/fr\/wp-json\/wp\/v2\/media\/37573"}],"wp:attachment":[{"href":"https:\/\/saudi-gift.com\/fr\/wp-json\/wp\/v2\/media?parent=42913"}],"wp:term":[{"taxonomy":"product_brand","embeddable":true,"href":"https:\/\/saudi-gift.com\/fr\/wp-json\/wp\/v2\/product_brand?post=42913"},{"taxonomy":"product_cat","embeddable":true,"href":"https:\/\/saudi-gift.com\/fr\/wp-json\/wp\/v2\/product_cat?post=42913"},{"taxonomy":"product_tag","embeddable":true,"href":"https:\/\/saudi-gift.com\/fr\/wp-json\/wp\/v2\/product_tag?post=42913"}],"curies":[{"name":"wp","href":"https:\/\/api.w.org\/{rel}","templated":true}]}}