{"id":43212,"date":"2025-01-21T16:57:59","date_gmt":"2025-01-21T13:57:59","guid":{"rendered":"https:\/\/saudi-gift.com\/product\/medina-ojwa-aux-amandes-et-a-la-cardamome-500g\/"},"modified":"2025-01-21T16:57:59","modified_gmt":"2025-01-21T13:57:59","slug":"medina-ojwa-aux-amandes-et-a-la-cardamome-500g","status":"publish","type":"product","link":"https:\/\/saudi-gift.com\/fr\/produit\/medina-ojwa-aux-amandes-et-a-la-cardamome-500g\/","title":{"rendered":"Medina Ojwa aux amandes et \u00e0 la cardamome 500g"},"content":{"rendered":"<p>Medina Ojwa aux amandes et \u00e0 la cardamome 500g<\/p>\n<p>Saad ibn Abi Waqqas (qu&rsquo;Allah le b\u00e9nisse et lui accorde la paix) a rapport\u00e9 du Proph\u00e8te (que la pri\u00e8re et la paix d&rsquo;Allah soient sur lui) qu&rsquo;il a dit :<\/p>\n<p>(Celui qui mange sept dattes juteuses le matin ne sera pas atteint par le poison ou la magie ce jour-l\u00e0).  <\/p>\n","protected":false},"excerpt":{"rendered":"<p>Nettoy\u00e9, st\u00e9rilis\u00e9 et scell\u00e9 \u00e0 chaud. Pilule de taille moyenne<\/p>\n","protected":false},"featured_media":38967,"comment_status":"open","ping_status":"closed","template":"","meta":[],"product_brand":[],"product_cat":[3122],"product_tag":[1374,1378,1383],"class_list":{"0":"post-43212","1":"product","2":"type-product","3":"status-publish","4":"has-post-thumbnail","6":"product_cat-3122","7":"product_tag-1374","8":"product_tag-_","11":"first","12":"instock","13":"shipping-taxable","14":"purchasable","15":"product-type-simple"},"yoast_head":"<!-- This site is optimized with the Yoast SEO Premium plugin v27.2 (Yoast SEO v27.6) - https:\/\/yoast.com\/product\/yoast-seo-premium-wordpress\/ -->\n<title>Medina Ojwa aux amandes et \u00e0 la cardamome 500g - \u0647\u062f\u064a\u0629 \u0633\u0639\u0648\u062f\u064a\u0629<\/title>\n<meta name=\"robots\" content=\"index, follow, max-snippet:-1, max-image-preview:large, max-video-preview:-1\" \/>\n<link rel=\"canonical\" href=\"https:\/\/saudi-gift.com\/product\/\u0639\u062c\u0648\u0629-\u0627\u0644\u0645\u062f\u064a\u0646\u0629-\u0628\u0627\u0644\u0644\u0648\u0632-\u0648\u0627\u0644\u0647\u064a\u0644-2\/\" \/>\n<meta property=\"og:locale\" content=\"fr_FR\" \/>\n<meta property=\"og:type\" content=\"article\" \/>\n<meta property=\"og:title\" content=\"Medina Ojwa aux amandes et \u00e0 la cardamome 500g\" \/>\n<meta property=\"og:description\" content=\"Nettoy\u00e9, st\u00e9rilis\u00e9 et scell\u00e9 \u00e0 chaud. Pilule de taille moyenne\" \/>\n<meta property=\"og:url\" content=\"https:\/\/saudi-gift.com\/product\/\u0639\u062c\u0648\u0629-\u0627\u0644\u0645\u062f\u064a\u0646\u0629-\u0628\u0627\u0644\u0644\u0648\u0632-\u0648\u0627\u0644\u0647\u064a\u0644-2\/\" \/>\n<meta property=\"og:site_name\" content=\"\u0647\u062f\u064a\u0629 \u0633\u0639\u0648\u062f\u064a\u0629\" \/>\n<meta property=\"article:publisher\" content=\"https:\/\/www.facebook.com\/profile.php?id=61560277649059&amp;mibextid=LQQJ4d\" \/>\n<meta property=\"og:image\" content=\"https:\/\/saudi-gift.com\/wp-content\/uploads\/2025\/01\/26b5c078-927f-40d0-8491-f1fb79dccb13-1000x1000-SzzafstJMjKV05HSu36L7W3UHfJ5MbuZDbEU3jf7.webp\" \/>\n\t<meta property=\"og:image:width\" content=\"600\" \/>\n\t<meta property=\"og:image:height\" content=\"600\" \/>\n\t<meta property=\"og:image:type\" content=\"image\/webp\" \/>\n<meta name=\"twitter:card\" content=\"summary_large_image\" \/>\n<meta name=\"twitter:site\" content=\"@saudigift_\" \/>\n<script type=\"application\/ld+json\" class=\"yoast-schema-graph\">{\"@context\":\"https:\\\/\\\/schema.org\",\"@graph\":[{\"@type\":\"WebPage\",\"@id\":\"https:\\\/\\\/saudi-gift.com\\\/product\\\/%d8%b9%d8%ac%d9%88%d8%a9-%d8%a7%d9%84%d9%85%d8%af%d9%8a%d9%86%d8%a9-%d8%a8%d8%a7%d9%84%d9%84%d9%88%d8%b2-%d9%88%d8%a7%d9%84%d9%87%d9%8a%d9%84-2\\\/\",\"url\":\"https:\\\/\\\/saudi-gift.com\\\/product\\\/%d8%b9%d8%ac%d9%88%d8%a9-%d8%a7%d9%84%d9%85%d8%af%d9%8a%d9%86%d8%a9-%d8%a8%d8%a7%d9%84%d9%84%d9%88%d8%b2-%d9%88%d8%a7%d9%84%d9%87%d9%8a%d9%84-2\\\/\",\"name\":\"Medina Ojwa aux amandes et \u00e0 la cardamome 500g - \u0647\u062f\u064a\u0629 \u0633\u0639\u0648\u062f\u064a\u0629\",\"isPartOf\":{\"@id\":\"https:\\\/\\\/saudi-gift.com\\\/#website\"},\"primaryImageOfPage\":{\"@id\":\"https:\\\/\\\/saudi-gift.com\\\/product\\\/%d8%b9%d8%ac%d9%88%d8%a9-%d8%a7%d9%84%d9%85%d8%af%d9%8a%d9%86%d8%a9-%d8%a8%d8%a7%d9%84%d9%84%d9%88%d8%b2-%d9%88%d8%a7%d9%84%d9%87%d9%8a%d9%84-2\\\/#primaryimage\"},\"image\":{\"@id\":\"https:\\\/\\\/saudi-gift.com\\\/product\\\/%d8%b9%d8%ac%d9%88%d8%a9-%d8%a7%d9%84%d9%85%d8%af%d9%8a%d9%86%d8%a9-%d8%a8%d8%a7%d9%84%d9%84%d9%88%d8%b2-%d9%88%d8%a7%d9%84%d9%87%d9%8a%d9%84-2\\\/#primaryimage\"},\"thumbnailUrl\":\"https:\\\/\\\/saudi-gift.com\\\/wp-content\\\/uploads\\\/2025\\\/01\\\/26b5c078-927f-40d0-8491-f1fb79dccb13-1000x1000-SzzafstJMjKV05HSu36L7W3UHfJ5MbuZDbEU3jf7.webp\",\"datePublished\":\"2025-01-21T13:57:59+00:00\",\"breadcrumb\":{\"@id\":\"https:\\\/\\\/saudi-gift.com\\\/product\\\/%d8%b9%d8%ac%d9%88%d8%a9-%d8%a7%d9%84%d9%85%d8%af%d9%8a%d9%86%d8%a9-%d8%a8%d8%a7%d9%84%d9%84%d9%88%d8%b2-%d9%88%d8%a7%d9%84%d9%87%d9%8a%d9%84-2\\\/#breadcrumb\"},\"inLanguage\":\"fr-FR\",\"potentialAction\":[{\"@type\":\"ReadAction\",\"target\":[\"https:\\\/\\\/saudi-gift.com\\\/product\\\/%d8%b9%d8%ac%d9%88%d8%a9-%d8%a7%d9%84%d9%85%d8%af%d9%8a%d9%86%d8%a9-%d8%a8%d8%a7%d9%84%d9%84%d9%88%d8%b2-%d9%88%d8%a7%d9%84%d9%87%d9%8a%d9%84-2\\\/\"]}]},{\"@type\":\"ImageObject\",\"inLanguage\":\"fr-FR\",\"@id\":\"https:\\\/\\\/saudi-gift.com\\\/product\\\/%d8%b9%d8%ac%d9%88%d8%a9-%d8%a7%d9%84%d9%85%d8%af%d9%8a%d9%86%d8%a9-%d8%a8%d8%a7%d9%84%d9%84%d9%88%d8%b2-%d9%88%d8%a7%d9%84%d9%87%d9%8a%d9%84-2\\\/#primaryimage\",\"url\":\"https:\\\/\\\/saudi-gift.com\\\/wp-content\\\/uploads\\\/2025\\\/01\\\/26b5c078-927f-40d0-8491-f1fb79dccb13-1000x1000-SzzafstJMjKV05HSu36L7W3UHfJ5MbuZDbEU3jf7.webp\",\"contentUrl\":\"https:\\\/\\\/saudi-gift.com\\\/wp-content\\\/uploads\\\/2025\\\/01\\\/26b5c078-927f-40d0-8491-f1fb79dccb13-1000x1000-SzzafstJMjKV05HSu36L7W3UHfJ5MbuZDbEU3jf7.webp\",\"width\":600,\"height\":600},{\"@type\":\"BreadcrumbList\",\"@id\":\"https:\\\/\\\/saudi-gift.com\\\/product\\\/%d8%b9%d8%ac%d9%88%d8%a9-%d8%a7%d9%84%d9%85%d8%af%d9%8a%d9%86%d8%a9-%d8%a8%d8%a7%d9%84%d9%84%d9%88%d8%b2-%d9%88%d8%a7%d9%84%d9%87%d9%8a%d9%84-2\\\/#breadcrumb\",\"itemListElement\":[{\"@type\":\"ListItem\",\"position\":1,\"name\":\"Home\",\"item\":\"https:\\\/\\\/saudi-gift.com\\\/fr\\\/\"},{\"@type\":\"ListItem\",\"position\":2,\"name\":\"Acheter\",\"item\":\"https:\\\/\\\/saudi-gift.com\\\/fr\\\/acheter\\\/\"},{\"@type\":\"ListItem\",\"position\":3,\"name\":\"Medina Ojwa aux amandes et \u00e0 la cardamome 500g\"}]},{\"@type\":\"WebSite\",\"@id\":\"https:\\\/\\\/saudi-gift.com\\\/#website\",\"url\":\"https:\\\/\\\/saudi-gift.com\\\/\",\"name\":\"\u0647\u062f\u064a\u0629 \u0633\u0639\u0648\u062f\u064a\u0629\",\"description\":\"\u0647\u062f\u064a\u0629 \u0633\u0639\u0648\u062f\u064a\u0629 \u0645\u062a\u062c\u0631 \u0627\u0644\u0643\u062a\u0631\u0648\u0646\u064a \u064a\u0642\u062f\u0645 \u0644\u0643\u0645 \u0645\u062c\u0645\u0648\u0639\u0629 \u0645\u0646 \u0627\u0644\u0647\u062f\u0627\u064a\u0627 \u0627\u0644\u062a\u064a \u062a\u062c\u0633\u062f \u0639\u0628\u0642 \u0630\u0643\u0631\u064a\u0627\u062a\u0643\u0645 \u0641\u064a \u0627\u0644\u0645\u0634\u0627\u0639\u0631 \u0627\u0644\u0645\u0642\u062f\u0633\u0629\",\"publisher\":{\"@id\":\"https:\\\/\\\/saudi-gift.com\\\/#organization\"},\"alternateName\":\"\u0647\u062f\u064a\u0629 \u0633\u0639\u0648\u062f\u064a\u0629\",\"potentialAction\":[{\"@type\":\"SearchAction\",\"target\":{\"@type\":\"EntryPoint\",\"urlTemplate\":\"https:\\\/\\\/saudi-gift.com\\\/?s={search_term_string}\"},\"query-input\":{\"@type\":\"PropertyValueSpecification\",\"valueRequired\":true,\"valueName\":\"search_term_string\"}}],\"inLanguage\":\"fr-FR\"},{\"@type\":\"Organization\",\"@id\":\"https:\\\/\\\/saudi-gift.com\\\/#organization\",\"name\":\"\u0645\u062a\u062c\u0631 \u0627\u0644\u0647\u062f\u064a\u0629\",\"alternateName\":\"\u0647\u062f\u064a\u0629 \u0633\u0639\u0648\u062f\u064a\u0629\",\"url\":\"https:\\\/\\\/saudi-gift.com\\\/\",\"logo\":{\"@type\":\"ImageObject\",\"inLanguage\":\"fr-FR\",\"@id\":\"https:\\\/\\\/saudi-gift.com\\\/#\\\/schema\\\/logo\\\/image\\\/\",\"url\":\"https:\\\/\\\/saudi-gift.com\\\/wp-content\\\/uploads\\\/2025\\\/05\\\/2.png\",\"contentUrl\":\"https:\\\/\\\/saudi-gift.com\\\/wp-content\\\/uploads\\\/2025\\\/05\\\/2.png\",\"width\":163,\"height\":42,\"caption\":\"\u0645\u062a\u062c\u0631 \u0627\u0644\u0647\u062f\u064a\u0629\"},\"image\":{\"@id\":\"https:\\\/\\\/saudi-gift.com\\\/#\\\/schema\\\/logo\\\/image\\\/\"},\"sameAs\":[\"https:\\\/\\\/www.facebook.com\\\/profile.php?id=61560277649059&mibextid=LQQJ4d\",\"https:\\\/\\\/x.com\\\/saudigift_\"]}]}<\/script>\n<!-- \/ Yoast SEO Premium plugin. -->","yoast_head_json":{"title":"Medina Ojwa aux amandes et \u00e0 la cardamome 500g - \u0647\u062f\u064a\u0629 \u0633\u0639\u0648\u062f\u064a\u0629","robots":{"index":"index","follow":"follow","max-snippet":"max-snippet:-1","max-image-preview":"max-image-preview:large","max-video-preview":"max-video-preview:-1"},"canonical":"https:\/\/saudi-gift.com\/product\/\u0639\u062c\u0648\u0629-\u0627\u0644\u0645\u062f\u064a\u0646\u0629-\u0628\u0627\u0644\u0644\u0648\u0632-\u0648\u0627\u0644\u0647\u064a\u0644-2\/","og_locale":"fr_FR","og_type":"article","og_title":"Medina Ojwa aux amandes et \u00e0 la cardamome 500g","og_description":"Nettoy\u00e9, st\u00e9rilis\u00e9 et scell\u00e9 \u00e0 chaud. Pilule de taille moyenne","og_url":"https:\/\/saudi-gift.com\/product\/\u0639\u062c\u0648\u0629-\u0627\u0644\u0645\u062f\u064a\u0646\u0629-\u0628\u0627\u0644\u0644\u0648\u0632-\u0648\u0627\u0644\u0647\u064a\u0644-2\/","og_site_name":"\u0647\u062f\u064a\u0629 \u0633\u0639\u0648\u062f\u064a\u0629","article_publisher":"https:\/\/www.facebook.com\/profile.php?id=61560277649059&mibextid=LQQJ4d","og_image":[{"width":600,"height":600,"url":"https:\/\/saudi-gift.com\/wp-content\/uploads\/2025\/01\/26b5c078-927f-40d0-8491-f1fb79dccb13-1000x1000-SzzafstJMjKV05HSu36L7W3UHfJ5MbuZDbEU3jf7.webp","type":"image\/webp"}],"twitter_card":"summary_large_image","twitter_site":"@saudigift_","schema":{"@context":"https:\/\/schema.org","@graph":[{"@type":"WebPage","@id":"https:\/\/saudi-gift.com\/product\/%d8%b9%d8%ac%d9%88%d8%a9-%d8%a7%d9%84%d9%85%d8%af%d9%8a%d9%86%d8%a9-%d8%a8%d8%a7%d9%84%d9%84%d9%88%d8%b2-%d9%88%d8%a7%d9%84%d9%87%d9%8a%d9%84-2\/","url":"https:\/\/saudi-gift.com\/product\/%d8%b9%d8%ac%d9%88%d8%a9-%d8%a7%d9%84%d9%85%d8%af%d9%8a%d9%86%d8%a9-%d8%a8%d8%a7%d9%84%d9%84%d9%88%d8%b2-%d9%88%d8%a7%d9%84%d9%87%d9%8a%d9%84-2\/","name":"Medina Ojwa aux amandes et \u00e0 la cardamome 500g - \u0647\u062f\u064a\u0629 \u0633\u0639\u0648\u062f\u064a\u0629","isPartOf":{"@id":"https:\/\/saudi-gift.com\/#website"},"primaryImageOfPage":{"@id":"https:\/\/saudi-gift.com\/product\/%d8%b9%d8%ac%d9%88%d8%a9-%d8%a7%d9%84%d9%85%d8%af%d9%8a%d9%86%d8%a9-%d8%a8%d8%a7%d9%84%d9%84%d9%88%d8%b2-%d9%88%d8%a7%d9%84%d9%87%d9%8a%d9%84-2\/#primaryimage"},"image":{"@id":"https:\/\/saudi-gift.com\/product\/%d8%b9%d8%ac%d9%88%d8%a9-%d8%a7%d9%84%d9%85%d8%af%d9%8a%d9%86%d8%a9-%d8%a8%d8%a7%d9%84%d9%84%d9%88%d8%b2-%d9%88%d8%a7%d9%84%d9%87%d9%8a%d9%84-2\/#primaryimage"},"thumbnailUrl":"https:\/\/saudi-gift.com\/wp-content\/uploads\/2025\/01\/26b5c078-927f-40d0-8491-f1fb79dccb13-1000x1000-SzzafstJMjKV05HSu36L7W3UHfJ5MbuZDbEU3jf7.webp","datePublished":"2025-01-21T13:57:59+00:00","breadcrumb":{"@id":"https:\/\/saudi-gift.com\/product\/%d8%b9%d8%ac%d9%88%d8%a9-%d8%a7%d9%84%d9%85%d8%af%d9%8a%d9%86%d8%a9-%d8%a8%d8%a7%d9%84%d9%84%d9%88%d8%b2-%d9%88%d8%a7%d9%84%d9%87%d9%8a%d9%84-2\/#breadcrumb"},"inLanguage":"fr-FR","potentialAction":[{"@type":"ReadAction","target":["https:\/\/saudi-gift.com\/product\/%d8%b9%d8%ac%d9%88%d8%a9-%d8%a7%d9%84%d9%85%d8%af%d9%8a%d9%86%d8%a9-%d8%a8%d8%a7%d9%84%d9%84%d9%88%d8%b2-%d9%88%d8%a7%d9%84%d9%87%d9%8a%d9%84-2\/"]}]},{"@type":"ImageObject","inLanguage":"fr-FR","@id":"https:\/\/saudi-gift.com\/product\/%d8%b9%d8%ac%d9%88%d8%a9-%d8%a7%d9%84%d9%85%d8%af%d9%8a%d9%86%d8%a9-%d8%a8%d8%a7%d9%84%d9%84%d9%88%d8%b2-%d9%88%d8%a7%d9%84%d9%87%d9%8a%d9%84-2\/#primaryimage","url":"https:\/\/saudi-gift.com\/wp-content\/uploads\/2025\/01\/26b5c078-927f-40d0-8491-f1fb79dccb13-1000x1000-SzzafstJMjKV05HSu36L7W3UHfJ5MbuZDbEU3jf7.webp","contentUrl":"https:\/\/saudi-gift.com\/wp-content\/uploads\/2025\/01\/26b5c078-927f-40d0-8491-f1fb79dccb13-1000x1000-SzzafstJMjKV05HSu36L7W3UHfJ5MbuZDbEU3jf7.webp","width":600,"height":600},{"@type":"BreadcrumbList","@id":"https:\/\/saudi-gift.com\/product\/%d8%b9%d8%ac%d9%88%d8%a9-%d8%a7%d9%84%d9%85%d8%af%d9%8a%d9%86%d8%a9-%d8%a8%d8%a7%d9%84%d9%84%d9%88%d8%b2-%d9%88%d8%a7%d9%84%d9%87%d9%8a%d9%84-2\/#breadcrumb","itemListElement":[{"@type":"ListItem","position":1,"name":"Home","item":"https:\/\/saudi-gift.com\/fr\/"},{"@type":"ListItem","position":2,"name":"Acheter","item":"https:\/\/saudi-gift.com\/fr\/acheter\/"},{"@type":"ListItem","position":3,"name":"Medina Ojwa aux amandes et \u00e0 la cardamome 500g"}]},{"@type":"WebSite","@id":"https:\/\/saudi-gift.com\/#website","url":"https:\/\/saudi-gift.com\/","name":"\u0647\u062f\u064a\u0629 \u0633\u0639\u0648\u062f\u064a\u0629","description":"\u0647\u062f\u064a\u0629 \u0633\u0639\u0648\u062f\u064a\u0629 \u0645\u062a\u062c\u0631 \u0627\u0644\u0643\u062a\u0631\u0648\u0646\u064a \u064a\u0642\u062f\u0645 \u0644\u0643\u0645 \u0645\u062c\u0645\u0648\u0639\u0629 \u0645\u0646 \u0627\u0644\u0647\u062f\u0627\u064a\u0627 \u0627\u0644\u062a\u064a \u062a\u062c\u0633\u062f \u0639\u0628\u0642 \u0630\u0643\u0631\u064a\u0627\u062a\u0643\u0645 \u0641\u064a \u0627\u0644\u0645\u0634\u0627\u0639\u0631 \u0627\u0644\u0645\u0642\u062f\u0633\u0629","publisher":{"@id":"https:\/\/saudi-gift.com\/#organization"},"alternateName":"\u0647\u062f\u064a\u0629 \u0633\u0639\u0648\u062f\u064a\u0629","potentialAction":[{"@type":"SearchAction","target":{"@type":"EntryPoint","urlTemplate":"https:\/\/saudi-gift.com\/?s={search_term_string}"},"query-input":{"@type":"PropertyValueSpecification","valueRequired":true,"valueName":"search_term_string"}}],"inLanguage":"fr-FR"},{"@type":"Organization","@id":"https:\/\/saudi-gift.com\/#organization","name":"\u0645\u062a\u062c\u0631 \u0627\u0644\u0647\u062f\u064a\u0629","alternateName":"\u0647\u062f\u064a\u0629 \u0633\u0639\u0648\u062f\u064a\u0629","url":"https:\/\/saudi-gift.com\/","logo":{"@type":"ImageObject","inLanguage":"fr-FR","@id":"https:\/\/saudi-gift.com\/#\/schema\/logo\/image\/","url":"https:\/\/saudi-gift.com\/wp-content\/uploads\/2025\/05\/2.png","contentUrl":"https:\/\/saudi-gift.com\/wp-content\/uploads\/2025\/05\/2.png","width":163,"height":42,"caption":"\u0645\u062a\u062c\u0631 \u0627\u0644\u0647\u062f\u064a\u0629"},"image":{"@id":"https:\/\/saudi-gift.com\/#\/schema\/logo\/image\/"},"sameAs":["https:\/\/www.facebook.com\/profile.php?id=61560277649059&mibextid=LQQJ4d","https:\/\/x.com\/saudigift_"]}]}},"jetpack-related-posts":[],"_links":{"self":[{"href":"https:\/\/saudi-gift.com\/fr\/wp-json\/wp\/v2\/product\/43212","targetHints":{"allow":["GET"]}}],"collection":[{"href":"https:\/\/saudi-gift.com\/fr\/wp-json\/wp\/v2\/product"}],"about":[{"href":"https:\/\/saudi-gift.com\/fr\/wp-json\/wp\/v2\/types\/product"}],"replies":[{"embeddable":true,"href":"https:\/\/saudi-gift.com\/fr\/wp-json\/wp\/v2\/comments?post=43212"}],"version-history":[{"count":0,"href":"https:\/\/saudi-gift.com\/fr\/wp-json\/wp\/v2\/product\/43212\/revisions"}],"wp:featuredmedia":[{"embeddable":true,"href":"https:\/\/saudi-gift.com\/fr\/wp-json\/wp\/v2\/media\/38967"}],"wp:attachment":[{"href":"https:\/\/saudi-gift.com\/fr\/wp-json\/wp\/v2\/media?parent=43212"}],"wp:term":[{"taxonomy":"product_brand","embeddable":true,"href":"https:\/\/saudi-gift.com\/fr\/wp-json\/wp\/v2\/product_brand?post=43212"},{"taxonomy":"product_cat","embeddable":true,"href":"https:\/\/saudi-gift.com\/fr\/wp-json\/wp\/v2\/product_cat?post=43212"},{"taxonomy":"product_tag","embeddable":true,"href":"https:\/\/saudi-gift.com\/fr\/wp-json\/wp\/v2\/product_tag?post=43212"}],"curies":[{"name":"wp","href":"https:\/\/api.w.org\/{rel}","templated":true}]}}