{"id":43238,"date":"2025-01-18T20:24:29","date_gmt":"2025-01-18T17:24:29","guid":{"rendered":"https:\/\/saudi-gift.com\/product\/reponse-dun-civil\/"},"modified":"2025-01-18T20:24:29","modified_gmt":"2025-01-18T17:24:29","slug":"reponse-dun-civil","status":"publish","type":"product","link":"https:\/\/saudi-gift.com\/fr\/produit\/reponse-dun-civil\/","title":{"rendered":"R\u00e9ponse d&rsquo;un civil"},"content":{"rendered":"<p>R\u00e9ponse d&rsquo;un civil<\/p>\n","protected":false},"excerpt":{"rendered":"<h5>La rose Medina est l&rsquo;une des roses naturelles les plus raffin\u00e9es, cultiv\u00e9e \u00e0 Medina. Elle a une saveur et un ar\u00f4me distinctifs. Les roses de M\u00e9dine se caract\u00e9risent par leur puret\u00e9 et leur haute qualit\u00e9, et elles sont livr\u00e9es dans un emballage \u00e9l\u00e9gant, ce qui en fait un choix id\u00e9al pour les cadeaux. Nous vous fournissons des roses de M\u00e9dine originales directement depuis les fermes de M\u00e9dine jusqu&rsquo;\u00e0 votre porte.   <\/h5>\n","protected":false},"featured_media":37904,"comment_status":"open","ping_status":"closed","template":"","meta":[],"product_brand":[],"product_cat":[3122],"product_tag":[],"class_list":{"0":"post-43238","1":"product","2":"type-product","3":"status-publish","4":"has-post-thumbnail","6":"product_cat-3122","8":"first","9":"instock","10":"sale","11":"shipping-taxable","12":"purchasable","13":"product-type-simple"},"yoast_head":"<!-- This site is optimized with the Yoast SEO Premium plugin v27.2 (Yoast SEO v27.6) - https:\/\/yoast.com\/product\/yoast-seo-premium-wordpress\/ -->\n<title>R\u00e9ponse d&#039;un civil - \u0647\u062f\u064a\u0629 \u0633\u0639\u0648\u062f\u064a\u0629<\/title>\n<meta name=\"robots\" content=\"index, follow, max-snippet:-1, max-image-preview:large, max-video-preview:-1\" \/>\n<link rel=\"canonical\" href=\"https:\/\/saudi-gift.com\/product\/\u0648\u0631\u062f-\u0645\u062f\u064a\u0646\u064a\/\" \/>\n<meta property=\"og:locale\" content=\"fr_FR\" \/>\n<meta property=\"og:type\" content=\"article\" \/>\n<meta property=\"og:title\" content=\"R\u00e9ponse d&#039;un civil\" \/>\n<meta property=\"og:description\" content=\"La rose Medina est l&#039;une des roses naturelles les plus raffin\u00e9es, cultiv\u00e9e \u00e0 Medina. Elle a une saveur et un ar\u00f4me distinctifs. Les roses de M\u00e9dine se caract\u00e9risent par leur puret\u00e9 et leur haute qualit\u00e9, et elles sont livr\u00e9es dans un emballage \u00e9l\u00e9gant, ce qui en fait un choix id\u00e9al pour les cadeaux. Nous vous fournissons des roses de M\u00e9dine originales directement depuis les fermes de M\u00e9dine jusqu&#039;\u00e0 votre porte.\" \/>\n<meta property=\"og:url\" content=\"https:\/\/saudi-gift.com\/product\/\u0648\u0631\u062f-\u0645\u062f\u064a\u0646\u064a\/\" \/>\n<meta property=\"og:site_name\" content=\"\u0647\u062f\u064a\u0629 \u0633\u0639\u0648\u062f\u064a\u0629\" \/>\n<meta property=\"article:publisher\" content=\"https:\/\/www.facebook.com\/profile.php?id=61560277649059&amp;mibextid=LQQJ4d\" \/>\n<meta property=\"og:image\" content=\"https:\/\/saudi-gift.com\/wp-content\/uploads\/2025\/05\/2.png\" \/>\n\t<meta property=\"og:image:width\" content=\"163\" \/>\n\t<meta property=\"og:image:height\" content=\"42\" \/>\n\t<meta property=\"og:image:type\" content=\"image\/png\" \/>\n<meta name=\"twitter:card\" content=\"summary_large_image\" \/>\n<meta name=\"twitter:site\" content=\"@saudigift_\" \/>\n<script type=\"application\/ld+json\" class=\"yoast-schema-graph\">{\"@context\":\"https:\\\/\\\/schema.org\",\"@graph\":[{\"@type\":\"WebPage\",\"@id\":\"https:\\\/\\\/saudi-gift.com\\\/product\\\/%d9%88%d8%b1%d8%af-%d9%85%d8%af%d9%8a%d9%86%d9%8a\\\/\",\"url\":\"https:\\\/\\\/saudi-gift.com\\\/product\\\/%d9%88%d8%b1%d8%af-%d9%85%d8%af%d9%8a%d9%86%d9%8a\\\/\",\"name\":\"R\u00e9ponse d'un civil - \u0647\u062f\u064a\u0629 \u0633\u0639\u0648\u062f\u064a\u0629\",\"isPartOf\":{\"@id\":\"https:\\\/\\\/saudi-gift.com\\\/#website\"},\"primaryImageOfPage\":{\"@id\":\"https:\\\/\\\/saudi-gift.com\\\/product\\\/%d9%88%d8%b1%d8%af-%d9%85%d8%af%d9%8a%d9%86%d9%8a\\\/#primaryimage\"},\"image\":{\"@id\":\"https:\\\/\\\/saudi-gift.com\\\/product\\\/%d9%88%d8%b1%d8%af-%d9%85%d8%af%d9%8a%d9%86%d9%8a\\\/#primaryimage\"},\"thumbnailUrl\":\"https:\\\/\\\/saudi-gift.com\\\/wp-content\\\/uploads\\\/2025\\\/01\\\/0a7c5182-9380-4932-98b3-dee6eeb256cf-1000x1000-WO5cf6xpTXpPulaVivCa90siukLQ2F1qx26sia5x-1.webp\",\"datePublished\":\"2025-01-18T17:24:29+00:00\",\"breadcrumb\":{\"@id\":\"https:\\\/\\\/saudi-gift.com\\\/product\\\/%d9%88%d8%b1%d8%af-%d9%85%d8%af%d9%8a%d9%86%d9%8a\\\/#breadcrumb\"},\"inLanguage\":\"fr-FR\",\"potentialAction\":[{\"@type\":\"ReadAction\",\"target\":[\"https:\\\/\\\/saudi-gift.com\\\/product\\\/%d9%88%d8%b1%d8%af-%d9%85%d8%af%d9%8a%d9%86%d9%8a\\\/\"]}]},{\"@type\":\"ImageObject\",\"inLanguage\":\"fr-FR\",\"@id\":\"https:\\\/\\\/saudi-gift.com\\\/product\\\/%d9%88%d8%b1%d8%af-%d9%85%d8%af%d9%8a%d9%86%d9%8a\\\/#primaryimage\",\"url\":\"https:\\\/\\\/saudi-gift.com\\\/wp-content\\\/uploads\\\/2025\\\/01\\\/0a7c5182-9380-4932-98b3-dee6eeb256cf-1000x1000-WO5cf6xpTXpPulaVivCa90siukLQ2F1qx26sia5x-1.webp\",\"contentUrl\":\"https:\\\/\\\/saudi-gift.com\\\/wp-content\\\/uploads\\\/2025\\\/01\\\/0a7c5182-9380-4932-98b3-dee6eeb256cf-1000x1000-WO5cf6xpTXpPulaVivCa90siukLQ2F1qx26sia5x-1.webp\",\"width\":600,\"height\":600},{\"@type\":\"BreadcrumbList\",\"@id\":\"https:\\\/\\\/saudi-gift.com\\\/product\\\/%d9%88%d8%b1%d8%af-%d9%85%d8%af%d9%8a%d9%86%d9%8a\\\/#breadcrumb\",\"itemListElement\":[{\"@type\":\"ListItem\",\"position\":1,\"name\":\"Home\",\"item\":\"https:\\\/\\\/saudi-gift.com\\\/fr\\\/\"},{\"@type\":\"ListItem\",\"position\":2,\"name\":\"Acheter\",\"item\":\"https:\\\/\\\/saudi-gift.com\\\/fr\\\/acheter\\\/\"},{\"@type\":\"ListItem\",\"position\":3,\"name\":\"R\u00e9ponse d&rsquo;un civil\"}]},{\"@type\":\"WebSite\",\"@id\":\"https:\\\/\\\/saudi-gift.com\\\/#website\",\"url\":\"https:\\\/\\\/saudi-gift.com\\\/\",\"name\":\"\u0647\u062f\u064a\u0629 \u0633\u0639\u0648\u062f\u064a\u0629\",\"description\":\"\u0647\u062f\u064a\u0629 \u0633\u0639\u0648\u062f\u064a\u0629 \u0645\u062a\u062c\u0631 \u0627\u0644\u0643\u062a\u0631\u0648\u0646\u064a \u064a\u0642\u062f\u0645 \u0644\u0643\u0645 \u0645\u062c\u0645\u0648\u0639\u0629 \u0645\u0646 \u0627\u0644\u0647\u062f\u0627\u064a\u0627 \u0627\u0644\u062a\u064a \u062a\u062c\u0633\u062f \u0639\u0628\u0642 \u0630\u0643\u0631\u064a\u0627\u062a\u0643\u0645 \u0641\u064a \u0627\u0644\u0645\u0634\u0627\u0639\u0631 \u0627\u0644\u0645\u0642\u062f\u0633\u0629\",\"publisher\":{\"@id\":\"https:\\\/\\\/saudi-gift.com\\\/#organization\"},\"alternateName\":\"\u0647\u062f\u064a\u0629 \u0633\u0639\u0648\u062f\u064a\u0629\",\"potentialAction\":[{\"@type\":\"SearchAction\",\"target\":{\"@type\":\"EntryPoint\",\"urlTemplate\":\"https:\\\/\\\/saudi-gift.com\\\/?s={search_term_string}\"},\"query-input\":{\"@type\":\"PropertyValueSpecification\",\"valueRequired\":true,\"valueName\":\"search_term_string\"}}],\"inLanguage\":\"fr-FR\"},{\"@type\":\"Organization\",\"@id\":\"https:\\\/\\\/saudi-gift.com\\\/#organization\",\"name\":\"\u0645\u062a\u062c\u0631 \u0627\u0644\u0647\u062f\u064a\u0629\",\"alternateName\":\"\u0647\u062f\u064a\u0629 \u0633\u0639\u0648\u062f\u064a\u0629\",\"url\":\"https:\\\/\\\/saudi-gift.com\\\/\",\"logo\":{\"@type\":\"ImageObject\",\"inLanguage\":\"fr-FR\",\"@id\":\"https:\\\/\\\/saudi-gift.com\\\/#\\\/schema\\\/logo\\\/image\\\/\",\"url\":\"https:\\\/\\\/saudi-gift.com\\\/wp-content\\\/uploads\\\/2025\\\/05\\\/2.png\",\"contentUrl\":\"https:\\\/\\\/saudi-gift.com\\\/wp-content\\\/uploads\\\/2025\\\/05\\\/2.png\",\"width\":163,\"height\":42,\"caption\":\"\u0645\u062a\u062c\u0631 \u0627\u0644\u0647\u062f\u064a\u0629\"},\"image\":{\"@id\":\"https:\\\/\\\/saudi-gift.com\\\/#\\\/schema\\\/logo\\\/image\\\/\"},\"sameAs\":[\"https:\\\/\\\/www.facebook.com\\\/profile.php?id=61560277649059&mibextid=LQQJ4d\",\"https:\\\/\\\/x.com\\\/saudigift_\"]}]}<\/script>\n<!-- \/ Yoast SEO Premium plugin. -->","yoast_head_json":{"title":"R\u00e9ponse d'un civil - \u0647\u062f\u064a\u0629 \u0633\u0639\u0648\u062f\u064a\u0629","robots":{"index":"index","follow":"follow","max-snippet":"max-snippet:-1","max-image-preview":"max-image-preview:large","max-video-preview":"max-video-preview:-1"},"canonical":"https:\/\/saudi-gift.com\/product\/\u0648\u0631\u062f-\u0645\u062f\u064a\u0646\u064a\/","og_locale":"fr_FR","og_type":"article","og_title":"R\u00e9ponse d'un civil","og_description":"La rose Medina est l'une des roses naturelles les plus raffin\u00e9es, cultiv\u00e9e \u00e0 Medina. Elle a une saveur et un ar\u00f4me distinctifs. Les roses de M\u00e9dine se caract\u00e9risent par leur puret\u00e9 et leur haute qualit\u00e9, et elles sont livr\u00e9es dans un emballage \u00e9l\u00e9gant, ce qui en fait un choix id\u00e9al pour les cadeaux. Nous vous fournissons des roses de M\u00e9dine originales directement depuis les fermes de M\u00e9dine jusqu'\u00e0 votre porte.","og_url":"https:\/\/saudi-gift.com\/product\/\u0648\u0631\u062f-\u0645\u062f\u064a\u0646\u064a\/","og_site_name":"\u0647\u062f\u064a\u0629 \u0633\u0639\u0648\u062f\u064a\u0629","article_publisher":"https:\/\/www.facebook.com\/profile.php?id=61560277649059&mibextid=LQQJ4d","og_image":[{"width":163,"height":42,"url":"https:\/\/saudi-gift.com\/wp-content\/uploads\/2025\/05\/2.png","type":"image\/png"}],"twitter_card":"summary_large_image","twitter_site":"@saudigift_","schema":{"@context":"https:\/\/schema.org","@graph":[{"@type":"WebPage","@id":"https:\/\/saudi-gift.com\/product\/%d9%88%d8%b1%d8%af-%d9%85%d8%af%d9%8a%d9%86%d9%8a\/","url":"https:\/\/saudi-gift.com\/product\/%d9%88%d8%b1%d8%af-%d9%85%d8%af%d9%8a%d9%86%d9%8a\/","name":"R\u00e9ponse d'un civil - \u0647\u062f\u064a\u0629 \u0633\u0639\u0648\u062f\u064a\u0629","isPartOf":{"@id":"https:\/\/saudi-gift.com\/#website"},"primaryImageOfPage":{"@id":"https:\/\/saudi-gift.com\/product\/%d9%88%d8%b1%d8%af-%d9%85%d8%af%d9%8a%d9%86%d9%8a\/#primaryimage"},"image":{"@id":"https:\/\/saudi-gift.com\/product\/%d9%88%d8%b1%d8%af-%d9%85%d8%af%d9%8a%d9%86%d9%8a\/#primaryimage"},"thumbnailUrl":"https:\/\/saudi-gift.com\/wp-content\/uploads\/2025\/01\/0a7c5182-9380-4932-98b3-dee6eeb256cf-1000x1000-WO5cf6xpTXpPulaVivCa90siukLQ2F1qx26sia5x-1.webp","datePublished":"2025-01-18T17:24:29+00:00","breadcrumb":{"@id":"https:\/\/saudi-gift.com\/product\/%d9%88%d8%b1%d8%af-%d9%85%d8%af%d9%8a%d9%86%d9%8a\/#breadcrumb"},"inLanguage":"fr-FR","potentialAction":[{"@type":"ReadAction","target":["https:\/\/saudi-gift.com\/product\/%d9%88%d8%b1%d8%af-%d9%85%d8%af%d9%8a%d9%86%d9%8a\/"]}]},{"@type":"ImageObject","inLanguage":"fr-FR","@id":"https:\/\/saudi-gift.com\/product\/%d9%88%d8%b1%d8%af-%d9%85%d8%af%d9%8a%d9%86%d9%8a\/#primaryimage","url":"https:\/\/saudi-gift.com\/wp-content\/uploads\/2025\/01\/0a7c5182-9380-4932-98b3-dee6eeb256cf-1000x1000-WO5cf6xpTXpPulaVivCa90siukLQ2F1qx26sia5x-1.webp","contentUrl":"https:\/\/saudi-gift.com\/wp-content\/uploads\/2025\/01\/0a7c5182-9380-4932-98b3-dee6eeb256cf-1000x1000-WO5cf6xpTXpPulaVivCa90siukLQ2F1qx26sia5x-1.webp","width":600,"height":600},{"@type":"BreadcrumbList","@id":"https:\/\/saudi-gift.com\/product\/%d9%88%d8%b1%d8%af-%d9%85%d8%af%d9%8a%d9%86%d9%8a\/#breadcrumb","itemListElement":[{"@type":"ListItem","position":1,"name":"Home","item":"https:\/\/saudi-gift.com\/fr\/"},{"@type":"ListItem","position":2,"name":"Acheter","item":"https:\/\/saudi-gift.com\/fr\/acheter\/"},{"@type":"ListItem","position":3,"name":"R\u00e9ponse d&rsquo;un civil"}]},{"@type":"WebSite","@id":"https:\/\/saudi-gift.com\/#website","url":"https:\/\/saudi-gift.com\/","name":"\u0647\u062f\u064a\u0629 \u0633\u0639\u0648\u062f\u064a\u0629","description":"\u0647\u062f\u064a\u0629 \u0633\u0639\u0648\u062f\u064a\u0629 \u0645\u062a\u062c\u0631 \u0627\u0644\u0643\u062a\u0631\u0648\u0646\u064a \u064a\u0642\u062f\u0645 \u0644\u0643\u0645 \u0645\u062c\u0645\u0648\u0639\u0629 \u0645\u0646 \u0627\u0644\u0647\u062f\u0627\u064a\u0627 \u0627\u0644\u062a\u064a \u062a\u062c\u0633\u062f \u0639\u0628\u0642 \u0630\u0643\u0631\u064a\u0627\u062a\u0643\u0645 \u0641\u064a \u0627\u0644\u0645\u0634\u0627\u0639\u0631 \u0627\u0644\u0645\u0642\u062f\u0633\u0629","publisher":{"@id":"https:\/\/saudi-gift.com\/#organization"},"alternateName":"\u0647\u062f\u064a\u0629 \u0633\u0639\u0648\u062f\u064a\u0629","potentialAction":[{"@type":"SearchAction","target":{"@type":"EntryPoint","urlTemplate":"https:\/\/saudi-gift.com\/?s={search_term_string}"},"query-input":{"@type":"PropertyValueSpecification","valueRequired":true,"valueName":"search_term_string"}}],"inLanguage":"fr-FR"},{"@type":"Organization","@id":"https:\/\/saudi-gift.com\/#organization","name":"\u0645\u062a\u062c\u0631 \u0627\u0644\u0647\u062f\u064a\u0629","alternateName":"\u0647\u062f\u064a\u0629 \u0633\u0639\u0648\u062f\u064a\u0629","url":"https:\/\/saudi-gift.com\/","logo":{"@type":"ImageObject","inLanguage":"fr-FR","@id":"https:\/\/saudi-gift.com\/#\/schema\/logo\/image\/","url":"https:\/\/saudi-gift.com\/wp-content\/uploads\/2025\/05\/2.png","contentUrl":"https:\/\/saudi-gift.com\/wp-content\/uploads\/2025\/05\/2.png","width":163,"height":42,"caption":"\u0645\u062a\u062c\u0631 \u0627\u0644\u0647\u062f\u064a\u0629"},"image":{"@id":"https:\/\/saudi-gift.com\/#\/schema\/logo\/image\/"},"sameAs":["https:\/\/www.facebook.com\/profile.php?id=61560277649059&mibextid=LQQJ4d","https:\/\/x.com\/saudigift_"]}]}},"jetpack-related-posts":[],"_links":{"self":[{"href":"https:\/\/saudi-gift.com\/fr\/wp-json\/wp\/v2\/product\/43238","targetHints":{"allow":["GET"]}}],"collection":[{"href":"https:\/\/saudi-gift.com\/fr\/wp-json\/wp\/v2\/product"}],"about":[{"href":"https:\/\/saudi-gift.com\/fr\/wp-json\/wp\/v2\/types\/product"}],"replies":[{"embeddable":true,"href":"https:\/\/saudi-gift.com\/fr\/wp-json\/wp\/v2\/comments?post=43238"}],"version-history":[{"count":0,"href":"https:\/\/saudi-gift.com\/fr\/wp-json\/wp\/v2\/product\/43238\/revisions"}],"wp:featuredmedia":[{"embeddable":true,"href":"https:\/\/saudi-gift.com\/fr\/wp-json\/wp\/v2\/media\/37904"}],"wp:attachment":[{"href":"https:\/\/saudi-gift.com\/fr\/wp-json\/wp\/v2\/media?parent=43238"}],"wp:term":[{"taxonomy":"product_brand","embeddable":true,"href":"https:\/\/saudi-gift.com\/fr\/wp-json\/wp\/v2\/product_brand?post=43238"},{"taxonomy":"product_cat","embeddable":true,"href":"https:\/\/saudi-gift.com\/fr\/wp-json\/wp\/v2\/product_cat?post=43238"},{"taxonomy":"product_tag","embeddable":true,"href":"https:\/\/saudi-gift.com\/fr\/wp-json\/wp\/v2\/product_tag?post=43238"}],"curies":[{"name":"wp","href":"https:\/\/api.w.org\/{rel}","templated":true}]}}