{"id":44583,"date":"2025-01-26T16:23:37","date_gmt":"2025-01-26T13:23:37","guid":{"rendered":"https:\/\/saudi-gift.com\/product\/medina-ojwa-unie-paquet-de-7-pieces\/"},"modified":"2025-01-26T16:23:37","modified_gmt":"2025-01-26T13:23:37","slug":"medina-ojwa-unie-paquet-de-7-pieces","status":"publish","type":"product","link":"https:\/\/saudi-gift.com\/fr\/produit\/medina-ojwa-unie-paquet-de-7-pieces\/","title":{"rendered":"Medina Ojwa unie paquet de 7 pi\u00e8ces"},"content":{"rendered":"<h3 class=\"ql-direction-rtl\"><strong>Medina Ojwa unie paquet de 7 pi\u00e8ces  <\/strong><\/h3>\n<h3 class=\"ql-direction-rtl\"><strong>Sp\u00e9cifications du produit<\/strong><\/h3>\n<p class=\"ql-direction-rtl\"><strong>Nom du produit :<\/strong> Medina Ojwa nature &#8211; paquet de 7 dattes.<\/p>\n<p class=\"ql-direction-rtl\"><strong>Nombre de dates :<\/strong> 7 dates.<\/p>\n<p class=\"ql-direction-rtl\"><strong>Couleur de la date :<\/strong> Noir fonc\u00e9 avec un reflet naturel.<\/p>\n<p class=\"ql-direction-rtl\"><strong>Qualit\u00e9 :<\/strong> Premi\u00e8re classe et premi\u00e8re qualit\u00e9.<\/p>\n<p class=\"ql-direction-rtl\"><strong>La source :<\/strong> Medina Farms.<\/p>\n<p class=\"ql-direction-rtl\"><strong>Emballage<\/strong>: Emballage herm\u00e9tique pour pr\u00e9server la saveur et la fra\u00eecheur.<\/p>\n<p class=\"ql-direction-rtl\"><strong>Utilisation<\/strong>: Parfait comme en-cas quotidien ou comme cadeau raffin\u00e9.<\/p>\n","protected":false},"excerpt":{"rendered":"<p>Symbole d&rsquo;authenticit\u00e9 et de puret\u00e9, les dattes de M\u00e9dine sont l&rsquo;un des types de dattes les plus caract\u00e9ristiques, avec leur saveur riche et leur valeur patrimoniale.  <\/p>\n","protected":false},"featured_media":41922,"comment_status":"open","ping_status":"closed","template":"","meta":[],"product_brand":[],"product_cat":[3176],"product_tag":[1663,718],"class_list":{"0":"post-44583","1":"product","2":"type-product","3":"status-publish","4":"has-post-thumbnail","6":"product_cat-hospitalite","7":"product_tag-_-fr","8":"product_tag--fr","10":"first","11":"instock","12":"sale","13":"shipping-taxable","14":"purchasable","15":"product-type-simple"},"yoast_head":"<!-- This site is optimized with the Yoast SEO Premium plugin v27.2 (Yoast SEO v27.6) - https:\/\/yoast.com\/product\/yoast-seo-premium-wordpress\/ -->\n<title>Medina Ojwa unie paquet de 7 pi\u00e8ces - \u0647\u062f\u064a\u0629 \u0633\u0639\u0648\u062f\u064a\u0629<\/title>\n<meta name=\"robots\" content=\"index, follow, max-snippet:-1, max-image-preview:large, max-video-preview:-1\" \/>\n<link rel=\"canonical\" href=\"https:\/\/saudi-gift.com\/product\/\u0639\u0628\u0648\u0629-\u0639\u062c\u0648\u0629-\u0627\u0644\u0645\u062f\u064a\u0646\u0629-\u0633\u0627\u062f\u0629-7-\u062d\u0628\u0627\u062a\/\" \/>\n<meta property=\"og:locale\" content=\"fr_FR\" \/>\n<meta property=\"og:type\" content=\"article\" \/>\n<meta property=\"og:title\" content=\"Medina Ojwa unie paquet de 7 pi\u00e8ces\" \/>\n<meta property=\"og:description\" content=\"Symbole d&#039;authenticit\u00e9 et de puret\u00e9, les dattes de M\u00e9dine sont l&#039;un des types de dattes les plus caract\u00e9ristiques, avec leur saveur riche et leur valeur patrimoniale.\" \/>\n<meta property=\"og:url\" content=\"https:\/\/saudi-gift.com\/product\/\u0639\u0628\u0648\u0629-\u0639\u062c\u0648\u0629-\u0627\u0644\u0645\u062f\u064a\u0646\u0629-\u0633\u0627\u062f\u0629-7-\u062d\u0628\u0627\u062a\/\" \/>\n<meta property=\"og:site_name\" content=\"\u0647\u062f\u064a\u0629 \u0633\u0639\u0648\u062f\u064a\u0629\" \/>\n<meta property=\"article:publisher\" content=\"https:\/\/www.facebook.com\/profile.php?id=61560277649059&amp;mibextid=LQQJ4d\" \/>\n<meta property=\"og:image\" content=\"https:\/\/saudi-gift.com\/wp-content\/uploads\/2025\/01\/a9829851-0fc5-4492-9045-93f391855563-1000x972.85429141717-yjH779FkrwpLZI8IINMt4OiiCsfXXZGXB1AV818m-1.webp\" \/>\n\t<meta property=\"og:image:width\" content=\"600\" \/>\n\t<meta property=\"og:image:height\" content=\"600\" \/>\n\t<meta property=\"og:image:type\" content=\"image\/webp\" \/>\n<meta name=\"twitter:card\" content=\"summary_large_image\" \/>\n<meta name=\"twitter:site\" content=\"@saudigift_\" \/>\n<script type=\"application\/ld+json\" class=\"yoast-schema-graph\">{\"@context\":\"https:\\\/\\\/schema.org\",\"@graph\":[{\"@type\":\"WebPage\",\"@id\":\"https:\\\/\\\/saudi-gift.com\\\/product\\\/%d8%b9%d8%a8%d9%88%d8%a9-%d8%b9%d8%ac%d9%88%d8%a9-%d8%a7%d9%84%d9%85%d8%af%d9%8a%d9%86%d8%a9-%d8%b3%d8%a7%d8%af%d8%a9-7-%d8%ad%d8%a8%d8%a7%d8%aa\\\/\",\"url\":\"https:\\\/\\\/saudi-gift.com\\\/product\\\/%d8%b9%d8%a8%d9%88%d8%a9-%d8%b9%d8%ac%d9%88%d8%a9-%d8%a7%d9%84%d9%85%d8%af%d9%8a%d9%86%d8%a9-%d8%b3%d8%a7%d8%af%d8%a9-7-%d8%ad%d8%a8%d8%a7%d8%aa\\\/\",\"name\":\"Medina Ojwa unie paquet de 7 pi\u00e8ces - \u0647\u062f\u064a\u0629 \u0633\u0639\u0648\u062f\u064a\u0629\",\"isPartOf\":{\"@id\":\"https:\\\/\\\/saudi-gift.com\\\/#website\"},\"primaryImageOfPage\":{\"@id\":\"https:\\\/\\\/saudi-gift.com\\\/product\\\/%d8%b9%d8%a8%d9%88%d8%a9-%d8%b9%d8%ac%d9%88%d8%a9-%d8%a7%d9%84%d9%85%d8%af%d9%8a%d9%86%d8%a9-%d8%b3%d8%a7%d8%af%d8%a9-7-%d8%ad%d8%a8%d8%a7%d8%aa\\\/#primaryimage\"},\"image\":{\"@id\":\"https:\\\/\\\/saudi-gift.com\\\/product\\\/%d8%b9%d8%a8%d9%88%d8%a9-%d8%b9%d8%ac%d9%88%d8%a9-%d8%a7%d9%84%d9%85%d8%af%d9%8a%d9%86%d8%a9-%d8%b3%d8%a7%d8%af%d8%a9-7-%d8%ad%d8%a8%d8%a7%d8%aa\\\/#primaryimage\"},\"thumbnailUrl\":\"https:\\\/\\\/saudi-gift.com\\\/wp-content\\\/uploads\\\/2025\\\/01\\\/a9829851-0fc5-4492-9045-93f391855563-1000x972.85429141717-yjH779FkrwpLZI8IINMt4OiiCsfXXZGXB1AV818m-1.webp\",\"datePublished\":\"2025-01-26T13:23:37+00:00\",\"breadcrumb\":{\"@id\":\"https:\\\/\\\/saudi-gift.com\\\/product\\\/%d8%b9%d8%a8%d9%88%d8%a9-%d8%b9%d8%ac%d9%88%d8%a9-%d8%a7%d9%84%d9%85%d8%af%d9%8a%d9%86%d8%a9-%d8%b3%d8%a7%d8%af%d8%a9-7-%d8%ad%d8%a8%d8%a7%d8%aa\\\/#breadcrumb\"},\"inLanguage\":\"fr-FR\",\"potentialAction\":[{\"@type\":\"ReadAction\",\"target\":[\"https:\\\/\\\/saudi-gift.com\\\/product\\\/%d8%b9%d8%a8%d9%88%d8%a9-%d8%b9%d8%ac%d9%88%d8%a9-%d8%a7%d9%84%d9%85%d8%af%d9%8a%d9%86%d8%a9-%d8%b3%d8%a7%d8%af%d8%a9-7-%d8%ad%d8%a8%d8%a7%d8%aa\\\/\"]}]},{\"@type\":\"ImageObject\",\"inLanguage\":\"fr-FR\",\"@id\":\"https:\\\/\\\/saudi-gift.com\\\/product\\\/%d8%b9%d8%a8%d9%88%d8%a9-%d8%b9%d8%ac%d9%88%d8%a9-%d8%a7%d9%84%d9%85%d8%af%d9%8a%d9%86%d8%a9-%d8%b3%d8%a7%d8%af%d8%a9-7-%d8%ad%d8%a8%d8%a7%d8%aa\\\/#primaryimage\",\"url\":\"https:\\\/\\\/saudi-gift.com\\\/wp-content\\\/uploads\\\/2025\\\/01\\\/a9829851-0fc5-4492-9045-93f391855563-1000x972.85429141717-yjH779FkrwpLZI8IINMt4OiiCsfXXZGXB1AV818m-1.webp\",\"contentUrl\":\"https:\\\/\\\/saudi-gift.com\\\/wp-content\\\/uploads\\\/2025\\\/01\\\/a9829851-0fc5-4492-9045-93f391855563-1000x972.85429141717-yjH779FkrwpLZI8IINMt4OiiCsfXXZGXB1AV818m-1.webp\",\"width\":600,\"height\":600},{\"@type\":\"BreadcrumbList\",\"@id\":\"https:\\\/\\\/saudi-gift.com\\\/product\\\/%d8%b9%d8%a8%d9%88%d8%a9-%d8%b9%d8%ac%d9%88%d8%a9-%d8%a7%d9%84%d9%85%d8%af%d9%8a%d9%86%d8%a9-%d8%b3%d8%a7%d8%af%d8%a9-7-%d8%ad%d8%a8%d8%a7%d8%aa\\\/#breadcrumb\",\"itemListElement\":[{\"@type\":\"ListItem\",\"position\":1,\"name\":\"Home\",\"item\":\"https:\\\/\\\/saudi-gift.com\\\/fr\\\/\"},{\"@type\":\"ListItem\",\"position\":2,\"name\":\"Acheter\",\"item\":\"https:\\\/\\\/saudi-gift.com\\\/fr\\\/acheter\\\/\"},{\"@type\":\"ListItem\",\"position\":3,\"name\":\"Medina Ojwa unie paquet de 7 pi\u00e8ces\"}]},{\"@type\":\"WebSite\",\"@id\":\"https:\\\/\\\/saudi-gift.com\\\/#website\",\"url\":\"https:\\\/\\\/saudi-gift.com\\\/\",\"name\":\"\u0647\u062f\u064a\u0629 \u0633\u0639\u0648\u062f\u064a\u0629\",\"description\":\"\u0647\u062f\u064a\u0629 \u0633\u0639\u0648\u062f\u064a\u0629 \u0645\u062a\u062c\u0631 \u0627\u0644\u0643\u062a\u0631\u0648\u0646\u064a \u064a\u0642\u062f\u0645 \u0644\u0643\u0645 \u0645\u062c\u0645\u0648\u0639\u0629 \u0645\u0646 \u0627\u0644\u0647\u062f\u0627\u064a\u0627 \u0627\u0644\u062a\u064a \u062a\u062c\u0633\u062f \u0639\u0628\u0642 \u0630\u0643\u0631\u064a\u0627\u062a\u0643\u0645 \u0641\u064a \u0627\u0644\u0645\u0634\u0627\u0639\u0631 \u0627\u0644\u0645\u0642\u062f\u0633\u0629\",\"publisher\":{\"@id\":\"https:\\\/\\\/saudi-gift.com\\\/#organization\"},\"alternateName\":\"\u0647\u062f\u064a\u0629 \u0633\u0639\u0648\u062f\u064a\u0629\",\"potentialAction\":[{\"@type\":\"SearchAction\",\"target\":{\"@type\":\"EntryPoint\",\"urlTemplate\":\"https:\\\/\\\/saudi-gift.com\\\/?s={search_term_string}\"},\"query-input\":{\"@type\":\"PropertyValueSpecification\",\"valueRequired\":true,\"valueName\":\"search_term_string\"}}],\"inLanguage\":\"fr-FR\"},{\"@type\":\"Organization\",\"@id\":\"https:\\\/\\\/saudi-gift.com\\\/#organization\",\"name\":\"\u0645\u062a\u062c\u0631 \u0627\u0644\u0647\u062f\u064a\u0629\",\"alternateName\":\"\u0647\u062f\u064a\u0629 \u0633\u0639\u0648\u062f\u064a\u0629\",\"url\":\"https:\\\/\\\/saudi-gift.com\\\/\",\"logo\":{\"@type\":\"ImageObject\",\"inLanguage\":\"fr-FR\",\"@id\":\"https:\\\/\\\/saudi-gift.com\\\/#\\\/schema\\\/logo\\\/image\\\/\",\"url\":\"https:\\\/\\\/saudi-gift.com\\\/wp-content\\\/uploads\\\/2025\\\/05\\\/2.png\",\"contentUrl\":\"https:\\\/\\\/saudi-gift.com\\\/wp-content\\\/uploads\\\/2025\\\/05\\\/2.png\",\"width\":163,\"height\":42,\"caption\":\"\u0645\u062a\u062c\u0631 \u0627\u0644\u0647\u062f\u064a\u0629\"},\"image\":{\"@id\":\"https:\\\/\\\/saudi-gift.com\\\/#\\\/schema\\\/logo\\\/image\\\/\"},\"sameAs\":[\"https:\\\/\\\/www.facebook.com\\\/profile.php?id=61560277649059&mibextid=LQQJ4d\",\"https:\\\/\\\/x.com\\\/saudigift_\"]}]}<\/script>\n<!-- \/ Yoast SEO Premium plugin. -->","yoast_head_json":{"title":"Medina Ojwa unie paquet de 7 pi\u00e8ces - \u0647\u062f\u064a\u0629 \u0633\u0639\u0648\u062f\u064a\u0629","robots":{"index":"index","follow":"follow","max-snippet":"max-snippet:-1","max-image-preview":"max-image-preview:large","max-video-preview":"max-video-preview:-1"},"canonical":"https:\/\/saudi-gift.com\/product\/\u0639\u0628\u0648\u0629-\u0639\u062c\u0648\u0629-\u0627\u0644\u0645\u062f\u064a\u0646\u0629-\u0633\u0627\u062f\u0629-7-\u062d\u0628\u0627\u062a\/","og_locale":"fr_FR","og_type":"article","og_title":"Medina Ojwa unie paquet de 7 pi\u00e8ces","og_description":"Symbole d'authenticit\u00e9 et de puret\u00e9, les dattes de M\u00e9dine sont l'un des types de dattes les plus caract\u00e9ristiques, avec leur saveur riche et leur valeur patrimoniale.","og_url":"https:\/\/saudi-gift.com\/product\/\u0639\u0628\u0648\u0629-\u0639\u062c\u0648\u0629-\u0627\u0644\u0645\u062f\u064a\u0646\u0629-\u0633\u0627\u062f\u0629-7-\u062d\u0628\u0627\u062a\/","og_site_name":"\u0647\u062f\u064a\u0629 \u0633\u0639\u0648\u062f\u064a\u0629","article_publisher":"https:\/\/www.facebook.com\/profile.php?id=61560277649059&mibextid=LQQJ4d","og_image":[{"width":600,"height":600,"url":"https:\/\/saudi-gift.com\/wp-content\/uploads\/2025\/01\/a9829851-0fc5-4492-9045-93f391855563-1000x972.85429141717-yjH779FkrwpLZI8IINMt4OiiCsfXXZGXB1AV818m-1.webp","type":"image\/webp"}],"twitter_card":"summary_large_image","twitter_site":"@saudigift_","schema":{"@context":"https:\/\/schema.org","@graph":[{"@type":"WebPage","@id":"https:\/\/saudi-gift.com\/product\/%d8%b9%d8%a8%d9%88%d8%a9-%d8%b9%d8%ac%d9%88%d8%a9-%d8%a7%d9%84%d9%85%d8%af%d9%8a%d9%86%d8%a9-%d8%b3%d8%a7%d8%af%d8%a9-7-%d8%ad%d8%a8%d8%a7%d8%aa\/","url":"https:\/\/saudi-gift.com\/product\/%d8%b9%d8%a8%d9%88%d8%a9-%d8%b9%d8%ac%d9%88%d8%a9-%d8%a7%d9%84%d9%85%d8%af%d9%8a%d9%86%d8%a9-%d8%b3%d8%a7%d8%af%d8%a9-7-%d8%ad%d8%a8%d8%a7%d8%aa\/","name":"Medina Ojwa unie paquet de 7 pi\u00e8ces - \u0647\u062f\u064a\u0629 \u0633\u0639\u0648\u062f\u064a\u0629","isPartOf":{"@id":"https:\/\/saudi-gift.com\/#website"},"primaryImageOfPage":{"@id":"https:\/\/saudi-gift.com\/product\/%d8%b9%d8%a8%d9%88%d8%a9-%d8%b9%d8%ac%d9%88%d8%a9-%d8%a7%d9%84%d9%85%d8%af%d9%8a%d9%86%d8%a9-%d8%b3%d8%a7%d8%af%d8%a9-7-%d8%ad%d8%a8%d8%a7%d8%aa\/#primaryimage"},"image":{"@id":"https:\/\/saudi-gift.com\/product\/%d8%b9%d8%a8%d9%88%d8%a9-%d8%b9%d8%ac%d9%88%d8%a9-%d8%a7%d9%84%d9%85%d8%af%d9%8a%d9%86%d8%a9-%d8%b3%d8%a7%d8%af%d8%a9-7-%d8%ad%d8%a8%d8%a7%d8%aa\/#primaryimage"},"thumbnailUrl":"https:\/\/saudi-gift.com\/wp-content\/uploads\/2025\/01\/a9829851-0fc5-4492-9045-93f391855563-1000x972.85429141717-yjH779FkrwpLZI8IINMt4OiiCsfXXZGXB1AV818m-1.webp","datePublished":"2025-01-26T13:23:37+00:00","breadcrumb":{"@id":"https:\/\/saudi-gift.com\/product\/%d8%b9%d8%a8%d9%88%d8%a9-%d8%b9%d8%ac%d9%88%d8%a9-%d8%a7%d9%84%d9%85%d8%af%d9%8a%d9%86%d8%a9-%d8%b3%d8%a7%d8%af%d8%a9-7-%d8%ad%d8%a8%d8%a7%d8%aa\/#breadcrumb"},"inLanguage":"fr-FR","potentialAction":[{"@type":"ReadAction","target":["https:\/\/saudi-gift.com\/product\/%d8%b9%d8%a8%d9%88%d8%a9-%d8%b9%d8%ac%d9%88%d8%a9-%d8%a7%d9%84%d9%85%d8%af%d9%8a%d9%86%d8%a9-%d8%b3%d8%a7%d8%af%d8%a9-7-%d8%ad%d8%a8%d8%a7%d8%aa\/"]}]},{"@type":"ImageObject","inLanguage":"fr-FR","@id":"https:\/\/saudi-gift.com\/product\/%d8%b9%d8%a8%d9%88%d8%a9-%d8%b9%d8%ac%d9%88%d8%a9-%d8%a7%d9%84%d9%85%d8%af%d9%8a%d9%86%d8%a9-%d8%b3%d8%a7%d8%af%d8%a9-7-%d8%ad%d8%a8%d8%a7%d8%aa\/#primaryimage","url":"https:\/\/saudi-gift.com\/wp-content\/uploads\/2025\/01\/a9829851-0fc5-4492-9045-93f391855563-1000x972.85429141717-yjH779FkrwpLZI8IINMt4OiiCsfXXZGXB1AV818m-1.webp","contentUrl":"https:\/\/saudi-gift.com\/wp-content\/uploads\/2025\/01\/a9829851-0fc5-4492-9045-93f391855563-1000x972.85429141717-yjH779FkrwpLZI8IINMt4OiiCsfXXZGXB1AV818m-1.webp","width":600,"height":600},{"@type":"BreadcrumbList","@id":"https:\/\/saudi-gift.com\/product\/%d8%b9%d8%a8%d9%88%d8%a9-%d8%b9%d8%ac%d9%88%d8%a9-%d8%a7%d9%84%d9%85%d8%af%d9%8a%d9%86%d8%a9-%d8%b3%d8%a7%d8%af%d8%a9-7-%d8%ad%d8%a8%d8%a7%d8%aa\/#breadcrumb","itemListElement":[{"@type":"ListItem","position":1,"name":"Home","item":"https:\/\/saudi-gift.com\/fr\/"},{"@type":"ListItem","position":2,"name":"Acheter","item":"https:\/\/saudi-gift.com\/fr\/acheter\/"},{"@type":"ListItem","position":3,"name":"Medina Ojwa unie paquet de 7 pi\u00e8ces"}]},{"@type":"WebSite","@id":"https:\/\/saudi-gift.com\/#website","url":"https:\/\/saudi-gift.com\/","name":"\u0647\u062f\u064a\u0629 \u0633\u0639\u0648\u062f\u064a\u0629","description":"\u0647\u062f\u064a\u0629 \u0633\u0639\u0648\u062f\u064a\u0629 \u0645\u062a\u062c\u0631 \u0627\u0644\u0643\u062a\u0631\u0648\u0646\u064a \u064a\u0642\u062f\u0645 \u0644\u0643\u0645 \u0645\u062c\u0645\u0648\u0639\u0629 \u0645\u0646 \u0627\u0644\u0647\u062f\u0627\u064a\u0627 \u0627\u0644\u062a\u064a \u062a\u062c\u0633\u062f \u0639\u0628\u0642 \u0630\u0643\u0631\u064a\u0627\u062a\u0643\u0645 \u0641\u064a \u0627\u0644\u0645\u0634\u0627\u0639\u0631 \u0627\u0644\u0645\u0642\u062f\u0633\u0629","publisher":{"@id":"https:\/\/saudi-gift.com\/#organization"},"alternateName":"\u0647\u062f\u064a\u0629 \u0633\u0639\u0648\u062f\u064a\u0629","potentialAction":[{"@type":"SearchAction","target":{"@type":"EntryPoint","urlTemplate":"https:\/\/saudi-gift.com\/?s={search_term_string}"},"query-input":{"@type":"PropertyValueSpecification","valueRequired":true,"valueName":"search_term_string"}}],"inLanguage":"fr-FR"},{"@type":"Organization","@id":"https:\/\/saudi-gift.com\/#organization","name":"\u0645\u062a\u062c\u0631 \u0627\u0644\u0647\u062f\u064a\u0629","alternateName":"\u0647\u062f\u064a\u0629 \u0633\u0639\u0648\u062f\u064a\u0629","url":"https:\/\/saudi-gift.com\/","logo":{"@type":"ImageObject","inLanguage":"fr-FR","@id":"https:\/\/saudi-gift.com\/#\/schema\/logo\/image\/","url":"https:\/\/saudi-gift.com\/wp-content\/uploads\/2025\/05\/2.png","contentUrl":"https:\/\/saudi-gift.com\/wp-content\/uploads\/2025\/05\/2.png","width":163,"height":42,"caption":"\u0645\u062a\u062c\u0631 \u0627\u0644\u0647\u062f\u064a\u0629"},"image":{"@id":"https:\/\/saudi-gift.com\/#\/schema\/logo\/image\/"},"sameAs":["https:\/\/www.facebook.com\/profile.php?id=61560277649059&mibextid=LQQJ4d","https:\/\/x.com\/saudigift_"]}]}},"jetpack-related-posts":[],"_links":{"self":[{"href":"https:\/\/saudi-gift.com\/fr\/wp-json\/wp\/v2\/product\/44583","targetHints":{"allow":["GET"]}}],"collection":[{"href":"https:\/\/saudi-gift.com\/fr\/wp-json\/wp\/v2\/product"}],"about":[{"href":"https:\/\/saudi-gift.com\/fr\/wp-json\/wp\/v2\/types\/product"}],"replies":[{"embeddable":true,"href":"https:\/\/saudi-gift.com\/fr\/wp-json\/wp\/v2\/comments?post=44583"}],"version-history":[{"count":0,"href":"https:\/\/saudi-gift.com\/fr\/wp-json\/wp\/v2\/product\/44583\/revisions"}],"wp:featuredmedia":[{"embeddable":true,"href":"https:\/\/saudi-gift.com\/fr\/wp-json\/wp\/v2\/media\/41922"}],"wp:attachment":[{"href":"https:\/\/saudi-gift.com\/fr\/wp-json\/wp\/v2\/media?parent=44583"}],"wp:term":[{"taxonomy":"product_brand","embeddable":true,"href":"https:\/\/saudi-gift.com\/fr\/wp-json\/wp\/v2\/product_brand?post=44583"},{"taxonomy":"product_cat","embeddable":true,"href":"https:\/\/saudi-gift.com\/fr\/wp-json\/wp\/v2\/product_cat?post=44583"},{"taxonomy":"product_tag","embeddable":true,"href":"https:\/\/saudi-gift.com\/fr\/wp-json\/wp\/v2\/product_tag?post=44583"}],"curies":[{"name":"wp","href":"https:\/\/api.w.org\/{rel}","templated":true}]}}