{"id":45745,"date":"2025-01-30T17:38:34","date_gmt":"2025-01-30T14:38:34","guid":{"rendered":"https:\/\/saudi-gift.com\/product\/dialogue-sur-la-coupe-des-enfants\/"},"modified":"2025-02-08T15:40:48","modified_gmt":"2025-02-08T12:40:48","slug":"dialogue-sur-la-coupe-des-enfants","status":"publish","type":"product","link":"https:\/\/saudi-gift.com\/fr\/produit\/dialogue-sur-la-coupe-des-enfants\/","title":{"rendered":"Dialogue sur la Coupe des enfants"},"content":{"rendered":"<p>Dialogue sur la Coupe des enfants<\/p>\n<p>\u00ab\u00a0C&rsquo;est au c\u0153ur du vaste d\u00e9sert d&rsquo;Arabie, l\u00e0 o\u00f9 le sable dor\u00e9 et le ciel bleu se rencontrent, qu&rsquo;est n\u00e9 Hawar, le chameau. Dans ce monde riche en histoire et en culture, Hewar est un symbole de l&rsquo;authenticit\u00e9 et du patrimoine de l&rsquo;Arabie saoudite.    <\/p>\n<p>Conception du produit Dans un monde plein d&rsquo;amusement et de cr\u00e9ativit\u00e9, le mug Dialogue pour enfants est le compagnon id\u00e9al de votre enfant \u00e0 tout moment. Con\u00e7ue pour \u00eatre sans danger pour les enfants, cette tasse allie durabilit\u00e9 et design amusant du personnage Dialogue. Que ce soit \u00e0 la maison ou en d\u00e9placement, c&rsquo;est le choix id\u00e9al pour que les enfants puissent savourer leur boisson quotidienne.     <\/p>\n<p>Caract\u00e9ristiques Incassable : Le gobelet est fabriqu\u00e9 \u00e0 partir de mat\u00e9riaux durables et incassables, ce qui le rend totalement s\u00fbr pour une utilisation quotidienne par les enfants. Il rassure les parents et donne aux enfants la libert\u00e9 de s&rsquo;amuser sans craindre que le gobelet ne se brise.<br \/>\nGraphisme en silicone : Le mug est d\u00e9cor\u00e9 d&rsquo;un personnage \u00ab\u00a0Dialogue\u00a0\u00bb amusant et adapt\u00e9 aux enfants, fabriqu\u00e9 en silicone de haute qualit\u00e9. Ces motifs ne s&rsquo;effacent pas, m\u00eame apr\u00e8s de nombreux lavages, ce qui permet au mug de conserver sa beaut\u00e9 et son \u00e9l\u00e9gance pendant longtemps.<br \/>\nUtilisation s\u00fbre : Le gobelet est exempt de substances nocives, ce qui le rend totalement s\u00fbr pour les enfants. Tous les mat\u00e9riaux utilis\u00e9s ont \u00e9t\u00e9 test\u00e9s pour s&rsquo;assurer qu&rsquo;ils r\u00e9pondent aux normes de s\u00e9curit\u00e9 et de qualit\u00e9 les plus strictes.   <\/p>\n<p>Signification de \u00ab\u00a0Dialogue\u00a0\u00bb Le nom \u00ab\u00a0Dialogue\u00a0\u00bb n&rsquo;a pas \u00e9t\u00e9 choisi par hasard. Dialogue est une petite phrase qui repr\u00e9sente un nouveau d\u00e9part et un espoir renouvel\u00e9. Le nom porte \u00e9galement en lui les significations de dialogue et de compr\u00e9hension, valeurs que la soci\u00e9t\u00e9 saoudienne promeut dans ses relations avec les autres.  <\/p>\n<p>Collection int\u00e9ressante La collection \u00ab\u00a0Hewar\u00a0\u00bb comprend divers accessoires qui rendent l&rsquo;exp\u00e9rience plus interactive et \u00e9ducative pour les enfants : &#8211; Poup\u00e9e Hewar : le compagnon id\u00e9al pour les enfants, qu&rsquo;ils peuvent c\u00e2liner et endormir \u00e0 ses c\u00f4t\u00e9s, pour faire partie de leurs r\u00eaves et de leurs moments de jeu &#8211; Sac d&rsquo;art : contient toutes sortes de bois, de couleurs liquides et de cire, permettant aux enfants d&rsquo;exprimer leur cr\u00e9ativit\u00e9.<br \/>\n&#8211; Un journal intime : Un carnet unique pour consigner les aventures et les pens\u00e9es des enfants avec Dialogue.<br \/>\n&#8211; Un stylo : Un stylo sp\u00e9cial con\u00e7u par Dialogue pour aider les enfants \u00e0 \u00e9crire et \u00e0 dessiner.<br \/>\n&#8211; Casse-t\u00eate en coton : Un jeu amusant qui aide les enfants \u00e0 d\u00e9velopper leur motricit\u00e9 et leur esprit logique.<br \/>\n&#8211; M\u00e9daillon de dialogue : Un petit m\u00e9daillon qui peut \u00eatre attach\u00e9 \u00e0 un sac ou port\u00e9 avec des cl\u00e9s, afin que les enfants aient toujours Hewar avec eux, o\u00f9 qu&rsquo;ils aillent.<br \/>\n&#8211; Jeu d&rsquo;affiches : Hawar dans divers costumes traditionnels saoudiens.<br \/>\n&#8211; Livret de coloriage : Un livret contenant des images de l&rsquo;esprit de l&rsquo;Arabie saoudite, que les enfants peuvent colorier et d\u00e9couvrir la beaut\u00e9 du patrimoine saoudien.  <\/p>\n<p>\u00ab\u00a0Hawar\u00a0\u00bb n&rsquo;est pas une simple marionnette, mais un message d&rsquo;amour et de paix venu du c\u0153ur du d\u00e9sert. Il est un symbole pour tous ceux qui ont connu l&rsquo;Arabie saoudite et pour ceux qui sont impatients de d\u00e9couvrir sa beaut\u00e9 et son patrimoine. En poss\u00e9dant Hewar et son int\u00e9ressante collection, vous avez emport\u00e9 avec vous un morceau de l&rsquo;esprit et du patrimoine de l&rsquo;Arabie saoudite, et vous l&rsquo;avez partag\u00e9 avec vos enfants pour qu&rsquo;il fasse partie de leurs souvenirs heureux et de leurs moments de jeu.\u00a0\u00bb      <\/p>\n","protected":false},"excerpt":{"rendered":"<p>Graphiques en silicone<\/p>\n<p>Incassable : Le gobelet est fabriqu\u00e9 \u00e0 partir de mat\u00e9riaux durables et incassables, ce qui le rend tout \u00e0 fait s\u00fbr pour une utilisation quotidienne par les enfants.  <\/p>\n","protected":false},"featured_media":44397,"comment_status":"open","ping_status":"closed","template":"","meta":[],"product_brand":[],"product_cat":[382],"product_tag":[2000,1999],"class_list":{"0":"post-45745","1":"product","2":"type-product","3":"status-publish","4":"has-post-thumbnail","6":"product_cat-fabrique-a-medine","7":"product_tag--fr","8":"product_tag-_-fr","10":"first","11":"instock","12":"shipping-taxable","13":"purchasable","14":"product-type-simple"},"yoast_head":"<!-- This site is optimized with the Yoast SEO Premium plugin v27.2 (Yoast SEO v27.6) - https:\/\/yoast.com\/product\/yoast-seo-premium-wordpress\/ -->\n<title>Dialogue sur la Coupe des enfants - \u0647\u062f\u064a\u0629 \u0633\u0639\u0648\u062f\u064a\u0629<\/title>\n<meta name=\"description\" content=\"&quot;Makiyah a \u00e9t\u00e9 soigneusement con\u00e7ue pour incarner la beaut\u00e9 et la s\u00e9r\u00e9nit\u00e9 d&#039;un bain de fi\u00e8vre. Toute la collection est fabriqu\u00e9e dans des mat\u00e9riaux s\u00fbrs, doux et adapt\u00e9s aux enfants, avec des d\u00e9tails d\u00e9licats qui refl\u00e8tent ses plumes d&#039;un blanc \u00e9clatant et ses yeux sereins. L&#039;ensemble : La tasse est fabriqu\u00e9e dans un mat\u00e9riau durable et incassable.\" \/>\n<meta name=\"robots\" content=\"index, follow, max-snippet:-1, max-image-preview:large, max-video-preview:-1\" \/>\n<link rel=\"canonical\" href=\"https:\/\/saudi-gift.com\/fr\/product\/dialogue-sur-la-coupe-des-enfants\/\" \/>\n<meta property=\"og:locale\" content=\"fr_FR\" \/>\n<meta property=\"og:type\" content=\"article\" \/>\n<meta property=\"og:title\" content=\"Dialogue sur la Coupe des enfants\" \/>\n<meta property=\"og:description\" content=\"&quot;Makiyah a \u00e9t\u00e9 soigneusement con\u00e7ue pour incarner la beaut\u00e9 et la s\u00e9r\u00e9nit\u00e9 d&#039;un bain de fi\u00e8vre. Toute la collection est fabriqu\u00e9e dans des mat\u00e9riaux s\u00fbrs, doux et adapt\u00e9s aux enfants, avec des d\u00e9tails d\u00e9licats qui refl\u00e8tent ses plumes d&#039;un blanc \u00e9clatant et ses yeux sereins. L&#039;ensemble : La tasse est fabriqu\u00e9e dans un mat\u00e9riau durable et incassable.\" \/>\n<meta property=\"og:url\" content=\"https:\/\/saudi-gift.com\/fr\/product\/dialogue-sur-la-coupe-des-enfants\/\" \/>\n<meta property=\"og:site_name\" content=\"\u0647\u062f\u064a\u0629 \u0633\u0639\u0648\u062f\u064a\u0629\" \/>\n<meta property=\"article:publisher\" content=\"https:\/\/www.facebook.com\/profile.php?id=61560277649059&amp;mibextid=LQQJ4d\" \/>\n<meta property=\"article:modified_time\" content=\"2025-02-08T12:40:48+00:00\" \/>\n<meta property=\"og:image\" content=\"https:\/\/saudi-gift.com\/wp-content\/uploads\/2025\/01\/\u0643\u0623\u0633-\u0623\u0637\u0641\u0627\u0644-\u062d\u0648\u0627\u0631.webp\" \/>\n\t<meta property=\"og:image:width\" content=\"600\" \/>\n\t<meta property=\"og:image:height\" content=\"600\" \/>\n\t<meta property=\"og:image:type\" content=\"image\/webp\" \/>\n<meta name=\"twitter:card\" content=\"summary_large_image\" \/>\n<meta name=\"twitter:site\" content=\"@saudigift_\" \/>\n<meta name=\"twitter:label1\" content=\"Dur\u00e9e de lecture estim\u00e9e\" \/>\n\t<meta name=\"twitter:data1\" content=\"3 minutes\" \/>\n<script type=\"application\/ld+json\" class=\"yoast-schema-graph\">{\"@context\":\"https:\\\/\\\/schema.org\",\"@graph\":[{\"@type\":\"WebPage\",\"@id\":\"https:\\\/\\\/saudi-gift.com\\\/fr\\\/product\\\/dialogue-sur-la-coupe-des-enfants\\\/\",\"url\":\"https:\\\/\\\/saudi-gift.com\\\/fr\\\/product\\\/dialogue-sur-la-coupe-des-enfants\\\/\",\"name\":\"Dialogue sur la Coupe des enfants - \u0647\u062f\u064a\u0629 \u0633\u0639\u0648\u062f\u064a\u0629\",\"isPartOf\":{\"@id\":\"https:\\\/\\\/saudi-gift.com\\\/#website\"},\"primaryImageOfPage\":{\"@id\":\"https:\\\/\\\/saudi-gift.com\\\/fr\\\/product\\\/dialogue-sur-la-coupe-des-enfants\\\/#primaryimage\"},\"image\":{\"@id\":\"https:\\\/\\\/saudi-gift.com\\\/fr\\\/product\\\/dialogue-sur-la-coupe-des-enfants\\\/#primaryimage\"},\"thumbnailUrl\":\"https:\\\/\\\/saudi-gift.com\\\/wp-content\\\/uploads\\\/2025\\\/01\\\/\u0643\u0623\u0633-\u0623\u0637\u0641\u0627\u0644-\u062d\u0648\u0627\u0631.webp\",\"datePublished\":\"2025-01-30T14:38:34+00:00\",\"dateModified\":\"2025-02-08T12:40:48+00:00\",\"description\":\"\\\"Makiyah a \u00e9t\u00e9 soigneusement con\u00e7ue pour incarner la beaut\u00e9 et la s\u00e9r\u00e9nit\u00e9 d'un bain de fi\u00e8vre. Toute la collection est fabriqu\u00e9e dans des mat\u00e9riaux s\u00fbrs, doux et adapt\u00e9s aux enfants, avec des d\u00e9tails d\u00e9licats qui refl\u00e8tent ses plumes d'un blanc \u00e9clatant et ses yeux sereins. L'ensemble : La tasse est fabriqu\u00e9e dans un mat\u00e9riau durable et incassable.\",\"breadcrumb\":{\"@id\":\"https:\\\/\\\/saudi-gift.com\\\/fr\\\/product\\\/dialogue-sur-la-coupe-des-enfants\\\/#breadcrumb\"},\"inLanguage\":\"fr-FR\",\"potentialAction\":[{\"@type\":\"ReadAction\",\"target\":[\"https:\\\/\\\/saudi-gift.com\\\/fr\\\/product\\\/dialogue-sur-la-coupe-des-enfants\\\/\"]}]},{\"@type\":\"ImageObject\",\"inLanguage\":\"fr-FR\",\"@id\":\"https:\\\/\\\/saudi-gift.com\\\/fr\\\/product\\\/dialogue-sur-la-coupe-des-enfants\\\/#primaryimage\",\"url\":\"https:\\\/\\\/saudi-gift.com\\\/wp-content\\\/uploads\\\/2025\\\/01\\\/\u0643\u0623\u0633-\u0623\u0637\u0641\u0627\u0644-\u062d\u0648\u0627\u0631.webp\",\"contentUrl\":\"https:\\\/\\\/saudi-gift.com\\\/wp-content\\\/uploads\\\/2025\\\/01\\\/\u0643\u0623\u0633-\u0623\u0637\u0641\u0627\u0644-\u062d\u0648\u0627\u0631.webp\",\"width\":600,\"height\":600,\"caption\":\"\u0643\u0623\u0633 \u0623\u0637\u0641\u0627\u0644 \u062d\u0648\u0627\u0631\"},{\"@type\":\"BreadcrumbList\",\"@id\":\"https:\\\/\\\/saudi-gift.com\\\/fr\\\/product\\\/dialogue-sur-la-coupe-des-enfants\\\/#breadcrumb\",\"itemListElement\":[{\"@type\":\"ListItem\",\"position\":1,\"name\":\"Home\",\"item\":\"https:\\\/\\\/saudi-gift.com\\\/fr\\\/\"},{\"@type\":\"ListItem\",\"position\":2,\"name\":\"Acheter\",\"item\":\"https:\\\/\\\/saudi-gift.com\\\/fr\\\/acheter\\\/\"},{\"@type\":\"ListItem\",\"position\":3,\"name\":\"Dialogue sur la Coupe des enfants\"}]},{\"@type\":\"WebSite\",\"@id\":\"https:\\\/\\\/saudi-gift.com\\\/#website\",\"url\":\"https:\\\/\\\/saudi-gift.com\\\/\",\"name\":\"\u0647\u062f\u064a\u0629 \u0633\u0639\u0648\u062f\u064a\u0629\",\"description\":\"\u0647\u062f\u064a\u0629 \u0633\u0639\u0648\u062f\u064a\u0629 \u0645\u062a\u062c\u0631 \u0627\u0644\u0643\u062a\u0631\u0648\u0646\u064a \u064a\u0642\u062f\u0645 \u0644\u0643\u0645 \u0645\u062c\u0645\u0648\u0639\u0629 \u0645\u0646 \u0627\u0644\u0647\u062f\u0627\u064a\u0627 \u0627\u0644\u062a\u064a \u062a\u062c\u0633\u062f \u0639\u0628\u0642 \u0630\u0643\u0631\u064a\u0627\u062a\u0643\u0645 \u0641\u064a \u0627\u0644\u0645\u0634\u0627\u0639\u0631 \u0627\u0644\u0645\u0642\u062f\u0633\u0629\",\"publisher\":{\"@id\":\"https:\\\/\\\/saudi-gift.com\\\/#organization\"},\"alternateName\":\"\u0647\u062f\u064a\u0629 \u0633\u0639\u0648\u062f\u064a\u0629\",\"potentialAction\":[{\"@type\":\"SearchAction\",\"target\":{\"@type\":\"EntryPoint\",\"urlTemplate\":\"https:\\\/\\\/saudi-gift.com\\\/?s={search_term_string}\"},\"query-input\":{\"@type\":\"PropertyValueSpecification\",\"valueRequired\":true,\"valueName\":\"search_term_string\"}}],\"inLanguage\":\"fr-FR\"},{\"@type\":\"Organization\",\"@id\":\"https:\\\/\\\/saudi-gift.com\\\/#organization\",\"name\":\"\u0645\u062a\u062c\u0631 \u0627\u0644\u0647\u062f\u064a\u0629\",\"alternateName\":\"\u0647\u062f\u064a\u0629 \u0633\u0639\u0648\u062f\u064a\u0629\",\"url\":\"https:\\\/\\\/saudi-gift.com\\\/\",\"logo\":{\"@type\":\"ImageObject\",\"inLanguage\":\"fr-FR\",\"@id\":\"https:\\\/\\\/saudi-gift.com\\\/#\\\/schema\\\/logo\\\/image\\\/\",\"url\":\"https:\\\/\\\/saudi-gift.com\\\/wp-content\\\/uploads\\\/2025\\\/05\\\/2.png\",\"contentUrl\":\"https:\\\/\\\/saudi-gift.com\\\/wp-content\\\/uploads\\\/2025\\\/05\\\/2.png\",\"width\":163,\"height\":42,\"caption\":\"\u0645\u062a\u062c\u0631 \u0627\u0644\u0647\u062f\u064a\u0629\"},\"image\":{\"@id\":\"https:\\\/\\\/saudi-gift.com\\\/#\\\/schema\\\/logo\\\/image\\\/\"},\"sameAs\":[\"https:\\\/\\\/www.facebook.com\\\/profile.php?id=61560277649059&mibextid=LQQJ4d\",\"https:\\\/\\\/x.com\\\/saudigift_\"]}]}<\/script>\n<!-- \/ Yoast SEO Premium plugin. -->","yoast_head_json":{"title":"Dialogue sur la Coupe des enfants - \u0647\u062f\u064a\u0629 \u0633\u0639\u0648\u062f\u064a\u0629","description":"\"Makiyah a \u00e9t\u00e9 soigneusement con\u00e7ue pour incarner la beaut\u00e9 et la s\u00e9r\u00e9nit\u00e9 d'un bain de fi\u00e8vre. Toute la collection est fabriqu\u00e9e dans des mat\u00e9riaux s\u00fbrs, doux et adapt\u00e9s aux enfants, avec des d\u00e9tails d\u00e9licats qui refl\u00e8tent ses plumes d'un blanc \u00e9clatant et ses yeux sereins. L'ensemble : La tasse est fabriqu\u00e9e dans un mat\u00e9riau durable et incassable.","robots":{"index":"index","follow":"follow","max-snippet":"max-snippet:-1","max-image-preview":"max-image-preview:large","max-video-preview":"max-video-preview:-1"},"canonical":"https:\/\/saudi-gift.com\/fr\/product\/dialogue-sur-la-coupe-des-enfants\/","og_locale":"fr_FR","og_type":"article","og_title":"Dialogue sur la Coupe des enfants","og_description":"\"Makiyah a \u00e9t\u00e9 soigneusement con\u00e7ue pour incarner la beaut\u00e9 et la s\u00e9r\u00e9nit\u00e9 d'un bain de fi\u00e8vre. Toute la collection est fabriqu\u00e9e dans des mat\u00e9riaux s\u00fbrs, doux et adapt\u00e9s aux enfants, avec des d\u00e9tails d\u00e9licats qui refl\u00e8tent ses plumes d'un blanc \u00e9clatant et ses yeux sereins. L'ensemble : La tasse est fabriqu\u00e9e dans un mat\u00e9riau durable et incassable.","og_url":"https:\/\/saudi-gift.com\/fr\/product\/dialogue-sur-la-coupe-des-enfants\/","og_site_name":"\u0647\u062f\u064a\u0629 \u0633\u0639\u0648\u062f\u064a\u0629","article_publisher":"https:\/\/www.facebook.com\/profile.php?id=61560277649059&mibextid=LQQJ4d","article_modified_time":"2025-02-08T12:40:48+00:00","og_image":[{"width":600,"height":600,"url":"https:\/\/saudi-gift.com\/wp-content\/uploads\/2025\/01\/\u0643\u0623\u0633-\u0623\u0637\u0641\u0627\u0644-\u062d\u0648\u0627\u0631.webp","type":"image\/webp"}],"twitter_card":"summary_large_image","twitter_site":"@saudigift_","twitter_misc":{"Dur\u00e9e de lecture estim\u00e9e":"3 minutes"},"schema":{"@context":"https:\/\/schema.org","@graph":[{"@type":"WebPage","@id":"https:\/\/saudi-gift.com\/fr\/product\/dialogue-sur-la-coupe-des-enfants\/","url":"https:\/\/saudi-gift.com\/fr\/product\/dialogue-sur-la-coupe-des-enfants\/","name":"Dialogue sur la Coupe des enfants - \u0647\u062f\u064a\u0629 \u0633\u0639\u0648\u062f\u064a\u0629","isPartOf":{"@id":"https:\/\/saudi-gift.com\/#website"},"primaryImageOfPage":{"@id":"https:\/\/saudi-gift.com\/fr\/product\/dialogue-sur-la-coupe-des-enfants\/#primaryimage"},"image":{"@id":"https:\/\/saudi-gift.com\/fr\/product\/dialogue-sur-la-coupe-des-enfants\/#primaryimage"},"thumbnailUrl":"https:\/\/saudi-gift.com\/wp-content\/uploads\/2025\/01\/\u0643\u0623\u0633-\u0623\u0637\u0641\u0627\u0644-\u062d\u0648\u0627\u0631.webp","datePublished":"2025-01-30T14:38:34+00:00","dateModified":"2025-02-08T12:40:48+00:00","description":"\"Makiyah a \u00e9t\u00e9 soigneusement con\u00e7ue pour incarner la beaut\u00e9 et la s\u00e9r\u00e9nit\u00e9 d'un bain de fi\u00e8vre. Toute la collection est fabriqu\u00e9e dans des mat\u00e9riaux s\u00fbrs, doux et adapt\u00e9s aux enfants, avec des d\u00e9tails d\u00e9licats qui refl\u00e8tent ses plumes d'un blanc \u00e9clatant et ses yeux sereins. L'ensemble : La tasse est fabriqu\u00e9e dans un mat\u00e9riau durable et incassable.","breadcrumb":{"@id":"https:\/\/saudi-gift.com\/fr\/product\/dialogue-sur-la-coupe-des-enfants\/#breadcrumb"},"inLanguage":"fr-FR","potentialAction":[{"@type":"ReadAction","target":["https:\/\/saudi-gift.com\/fr\/product\/dialogue-sur-la-coupe-des-enfants\/"]}]},{"@type":"ImageObject","inLanguage":"fr-FR","@id":"https:\/\/saudi-gift.com\/fr\/product\/dialogue-sur-la-coupe-des-enfants\/#primaryimage","url":"https:\/\/saudi-gift.com\/wp-content\/uploads\/2025\/01\/\u0643\u0623\u0633-\u0623\u0637\u0641\u0627\u0644-\u062d\u0648\u0627\u0631.webp","contentUrl":"https:\/\/saudi-gift.com\/wp-content\/uploads\/2025\/01\/\u0643\u0623\u0633-\u0623\u0637\u0641\u0627\u0644-\u062d\u0648\u0627\u0631.webp","width":600,"height":600,"caption":"\u0643\u0623\u0633 \u0623\u0637\u0641\u0627\u0644 \u062d\u0648\u0627\u0631"},{"@type":"BreadcrumbList","@id":"https:\/\/saudi-gift.com\/fr\/product\/dialogue-sur-la-coupe-des-enfants\/#breadcrumb","itemListElement":[{"@type":"ListItem","position":1,"name":"Home","item":"https:\/\/saudi-gift.com\/fr\/"},{"@type":"ListItem","position":2,"name":"Acheter","item":"https:\/\/saudi-gift.com\/fr\/acheter\/"},{"@type":"ListItem","position":3,"name":"Dialogue sur la Coupe des enfants"}]},{"@type":"WebSite","@id":"https:\/\/saudi-gift.com\/#website","url":"https:\/\/saudi-gift.com\/","name":"\u0647\u062f\u064a\u0629 \u0633\u0639\u0648\u062f\u064a\u0629","description":"\u0647\u062f\u064a\u0629 \u0633\u0639\u0648\u062f\u064a\u0629 \u0645\u062a\u062c\u0631 \u0627\u0644\u0643\u062a\u0631\u0648\u0646\u064a \u064a\u0642\u062f\u0645 \u0644\u0643\u0645 \u0645\u062c\u0645\u0648\u0639\u0629 \u0645\u0646 \u0627\u0644\u0647\u062f\u0627\u064a\u0627 \u0627\u0644\u062a\u064a \u062a\u062c\u0633\u062f \u0639\u0628\u0642 \u0630\u0643\u0631\u064a\u0627\u062a\u0643\u0645 \u0641\u064a \u0627\u0644\u0645\u0634\u0627\u0639\u0631 \u0627\u0644\u0645\u0642\u062f\u0633\u0629","publisher":{"@id":"https:\/\/saudi-gift.com\/#organization"},"alternateName":"\u0647\u062f\u064a\u0629 \u0633\u0639\u0648\u062f\u064a\u0629","potentialAction":[{"@type":"SearchAction","target":{"@type":"EntryPoint","urlTemplate":"https:\/\/saudi-gift.com\/?s={search_term_string}"},"query-input":{"@type":"PropertyValueSpecification","valueRequired":true,"valueName":"search_term_string"}}],"inLanguage":"fr-FR"},{"@type":"Organization","@id":"https:\/\/saudi-gift.com\/#organization","name":"\u0645\u062a\u062c\u0631 \u0627\u0644\u0647\u062f\u064a\u0629","alternateName":"\u0647\u062f\u064a\u0629 \u0633\u0639\u0648\u062f\u064a\u0629","url":"https:\/\/saudi-gift.com\/","logo":{"@type":"ImageObject","inLanguage":"fr-FR","@id":"https:\/\/saudi-gift.com\/#\/schema\/logo\/image\/","url":"https:\/\/saudi-gift.com\/wp-content\/uploads\/2025\/05\/2.png","contentUrl":"https:\/\/saudi-gift.com\/wp-content\/uploads\/2025\/05\/2.png","width":163,"height":42,"caption":"\u0645\u062a\u062c\u0631 \u0627\u0644\u0647\u062f\u064a\u0629"},"image":{"@id":"https:\/\/saudi-gift.com\/#\/schema\/logo\/image\/"},"sameAs":["https:\/\/www.facebook.com\/profile.php?id=61560277649059&mibextid=LQQJ4d","https:\/\/x.com\/saudigift_"]}]}},"jetpack-related-posts":[],"_links":{"self":[{"href":"https:\/\/saudi-gift.com\/fr\/wp-json\/wp\/v2\/product\/45745","targetHints":{"allow":["GET"]}}],"collection":[{"href":"https:\/\/saudi-gift.com\/fr\/wp-json\/wp\/v2\/product"}],"about":[{"href":"https:\/\/saudi-gift.com\/fr\/wp-json\/wp\/v2\/types\/product"}],"replies":[{"embeddable":true,"href":"https:\/\/saudi-gift.com\/fr\/wp-json\/wp\/v2\/comments?post=45745"}],"version-history":[{"count":0,"href":"https:\/\/saudi-gift.com\/fr\/wp-json\/wp\/v2\/product\/45745\/revisions"}],"wp:featuredmedia":[{"embeddable":true,"href":"https:\/\/saudi-gift.com\/fr\/wp-json\/wp\/v2\/media\/44397"}],"wp:attachment":[{"href":"https:\/\/saudi-gift.com\/fr\/wp-json\/wp\/v2\/media?parent=45745"}],"wp:term":[{"taxonomy":"product_brand","embeddable":true,"href":"https:\/\/saudi-gift.com\/fr\/wp-json\/wp\/v2\/product_brand?post=45745"},{"taxonomy":"product_cat","embeddable":true,"href":"https:\/\/saudi-gift.com\/fr\/wp-json\/wp\/v2\/product_cat?post=45745"},{"taxonomy":"product_tag","embeddable":true,"href":"https:\/\/saudi-gift.com\/fr\/wp-json\/wp\/v2\/product_tag?post=45745"}],"curies":[{"name":"wp","href":"https:\/\/api.w.org\/{rel}","templated":true}]}}