{"id":46017,"date":"2025-02-01T15:56:45","date_gmt":"2025-02-01T12:56:45","guid":{"rendered":"https:\/\/saudi-gift.com\/product\/un-porte-cles-avec-une-carte-du-royaume-decoree-de-sables-dores-et-dun-bateau-du-desert\/"},"modified":"2025-02-06T12:52:28","modified_gmt":"2025-02-06T09:52:28","slug":"un-porte-cles-avec-une-carte-du-royaume-decoree-de-sables-dores-et-dun-bateau-du-desert","status":"publish","type":"product","link":"https:\/\/saudi-gift.com\/fr\/produit\/un-porte-cles-avec-une-carte-du-royaume-decoree-de-sables-dores-et-dun-bateau-du-desert\/","title":{"rendered":"Un porte-cl\u00e9s avec une carte du Royaume d\u00e9cor\u00e9e de sables dor\u00e9s et d&rsquo;un bateau du d\u00e9sert."},"content":{"rendered":"<p>Porte-cl\u00e9s avec motif de carte du royaume<\/p>\n<p>\u00ab\u00a0L&rsquo;Arabie saoudite, avec ses tr\u00e9sors naturels et son histoire ancienne, est une source d&rsquo;inspiration in\u00e9puisable. Ce m\u00e9daillon est con\u00e7u pour refl\u00e9ter la beaut\u00e9 des sables dor\u00e9s et le vaisseau du d\u00e9sert, le chameau, qui incarne l&rsquo;esprit nomade de l&rsquo;Arabie saoudite.   Ce m\u00e9daillon, r\u00e9alis\u00e9 en bois avec beaucoup de soin et de qualit\u00e9, vous emm\u00e8ne en voyage au c\u0153ur du d\u00e9sert, l\u00e0 o\u00f9 les dunes de sable brillent de couleurs dor\u00e9es et o\u00f9 les chameaux sont les plus beaux.  <\/p>\n<p>Caract\u00e9ristiques du produit :<\/p>\n<p>Un design unique : Refl\u00e8te la beaut\u00e9 des sables dor\u00e9s et des chameaux.<br \/>\nBien fait : Fabriqu\u00e9 en bois de haute qualit\u00e9 pour garantir sa durabilit\u00e9 et sa beaut\u00e9.<br \/>\nUn excellent souvenir : Capture l&rsquo;esprit du lieu et ajoute une touche d&rsquo;authenticit\u00e9 \u00e0 vos objets de collection.<br \/>\nUtilisation multiple : Il peut \u00eatre utilis\u00e9 pour suspendre des cl\u00e9s ou comme support de sac, et constitue un cadeau parfait pour vos proches.\u00a0\u00bb  <\/p>\n","protected":false},"excerpt":{"rendered":"<p><strong>Ce m\u00e9daillon est con\u00e7u pour refl\u00e9ter la beaut\u00e9 des sables dor\u00e9s et le vaisseau du d\u00e9sert, le chameau, qui incarne l&rsquo;esprit nomade de l&rsquo;Arabie saoudite. <\/strong><\/p>\n","protected":false},"featured_media":45732,"comment_status":"open","ping_status":"closed","template":"","meta":[],"product_brand":[],"product_cat":[122],"product_tag":[1768],"class_list":{"0":"post-46017","1":"product","2":"type-product","3":"status-publish","4":"has-post-thumbnail","6":"product_cat-tourist-gifts","7":"product_tag-1768","9":"first","10":"instock","11":"shipping-taxable","12":"purchasable","13":"product-type-simple"},"yoast_head":"<!-- This site is optimized with the Yoast SEO Premium plugin v27.2 (Yoast SEO v27.6) - https:\/\/yoast.com\/product\/yoast-seo-premium-wordpress\/ -->\n<title>Un porte-cl\u00e9s avec une carte du Royaume d\u00e9cor\u00e9e de sables dor\u00e9s et d&#039;un bateau du d\u00e9sert. - \u0647\u062f\u064a\u0629 \u0633\u0639\u0648\u062f\u064a\u0629<\/title>\n<meta name=\"description\" content=\"Ce m\u00e9daillon est con\u00e7u pour refl\u00e9ter la beaut\u00e9 des sables dor\u00e9s et le vaisseau du d\u00e9sert, le chameau, qui incarne l&#039;esprit nomade de l&#039;Arabie saoudite. Ce m\u00e9daillon, r\u00e9alis\u00e9 en bois avec beaucoup de soin et de qualit\u00e9, vous emm\u00e8ne en voyage au c\u0153ur du d\u00e9sert, l\u00e0 o\u00f9 les dunes de sable brillent de couleurs dor\u00e9es et o\u00f9 les chameaux sont les plus beaux.\" \/>\n<meta name=\"robots\" content=\"index, follow, max-snippet:-1, max-image-preview:large, max-video-preview:-1\" \/>\n<link rel=\"canonical\" href=\"https:\/\/saudi-gift.com\/fr\/product\/un-porte-cles-avec-une-carte-du-royaume-decoree-de-sables-dores-et-dun-bateau-du-desert\/\" \/>\n<meta property=\"og:locale\" content=\"fr_FR\" \/>\n<meta property=\"og:type\" content=\"article\" \/>\n<meta property=\"og:title\" content=\"Un porte-cl\u00e9s avec une carte du Royaume d\u00e9cor\u00e9e de sables dor\u00e9s et d&#039;un bateau du d\u00e9sert.\" \/>\n<meta property=\"og:description\" content=\"Ce m\u00e9daillon est con\u00e7u pour refl\u00e9ter la beaut\u00e9 des sables dor\u00e9s et le vaisseau du d\u00e9sert, le chameau, qui incarne l&#039;esprit nomade de l&#039;Arabie saoudite. Ce m\u00e9daillon, r\u00e9alis\u00e9 en bois avec beaucoup de soin et de qualit\u00e9, vous emm\u00e8ne en voyage au c\u0153ur du d\u00e9sert, l\u00e0 o\u00f9 les dunes de sable brillent de couleurs dor\u00e9es et o\u00f9 les chameaux sont les plus beaux.\" \/>\n<meta property=\"og:url\" content=\"https:\/\/saudi-gift.com\/fr\/product\/un-porte-cles-avec-une-carte-du-royaume-decoree-de-sables-dores-et-dun-bateau-du-desert\/\" \/>\n<meta property=\"og:site_name\" content=\"\u0647\u062f\u064a\u0629 \u0633\u0639\u0648\u062f\u064a\u0629\" \/>\n<meta property=\"article:publisher\" content=\"https:\/\/www.facebook.com\/profile.php?id=61560277649059&amp;mibextid=LQQJ4d\" \/>\n<meta property=\"article:modified_time\" content=\"2025-02-06T09:52:28+00:00\" \/>\n<meta property=\"og:image\" content=\"https:\/\/saudi-gift.com\/wp-content\/uploads\/2025\/02\/\u0633\u0644\u0633\u0629-\u0645\u0641\u0627\u062a\u064a\u062d-\u0628\u062a\u0635\u0645\u064a\u0645-\u062e\u0627\u0631\u0637\u0629-\u0627\u0644\u0645\u0645\u0644\u0643\u0629-\u0645\u0632\u064a\u0646\u0629-\u0628\u0627\u0644\u0631\u0645\u0627\u0644-\u0627\u0644\u0630\u0647\u0628\u064a\u0629-\u0648\u0633\u0641\u064a\u0646\u0629-\u0627\u0644\u0635\u062d\u0631\u0627\u0621.webp\" \/>\n\t<meta property=\"og:image:width\" content=\"600\" \/>\n\t<meta property=\"og:image:height\" content=\"600\" \/>\n\t<meta property=\"og:image:type\" content=\"image\/webp\" \/>\n<meta name=\"twitter:card\" content=\"summary_large_image\" \/>\n<meta name=\"twitter:site\" content=\"@saudigift_\" \/>\n<meta name=\"twitter:label1\" content=\"Dur\u00e9e de lecture estim\u00e9e\" \/>\n\t<meta name=\"twitter:data1\" content=\"1 minute\" \/>\n<script type=\"application\/ld+json\" class=\"yoast-schema-graph\">{\"@context\":\"https:\\\/\\\/schema.org\",\"@graph\":[{\"@type\":\"WebPage\",\"@id\":\"https:\\\/\\\/saudi-gift.com\\\/fr\\\/product\\\/un-porte-cles-avec-une-carte-du-royaume-decoree-de-sables-dores-et-dun-bateau-du-desert\\\/\",\"url\":\"https:\\\/\\\/saudi-gift.com\\\/fr\\\/product\\\/un-porte-cles-avec-une-carte-du-royaume-decoree-de-sables-dores-et-dun-bateau-du-desert\\\/\",\"name\":\"Un porte-cl\u00e9s avec une carte du Royaume d\u00e9cor\u00e9e de sables dor\u00e9s et d'un bateau du d\u00e9sert. - \u0647\u062f\u064a\u0629 \u0633\u0639\u0648\u062f\u064a\u0629\",\"isPartOf\":{\"@id\":\"https:\\\/\\\/saudi-gift.com\\\/#website\"},\"primaryImageOfPage\":{\"@id\":\"https:\\\/\\\/saudi-gift.com\\\/fr\\\/product\\\/un-porte-cles-avec-une-carte-du-royaume-decoree-de-sables-dores-et-dun-bateau-du-desert\\\/#primaryimage\"},\"image\":{\"@id\":\"https:\\\/\\\/saudi-gift.com\\\/fr\\\/product\\\/un-porte-cles-avec-une-carte-du-royaume-decoree-de-sables-dores-et-dun-bateau-du-desert\\\/#primaryimage\"},\"thumbnailUrl\":\"https:\\\/\\\/saudi-gift.com\\\/wp-content\\\/uploads\\\/2025\\\/02\\\/\u0633\u0644\u0633\u0629-\u0645\u0641\u0627\u062a\u064a\u062d-\u0628\u062a\u0635\u0645\u064a\u0645-\u062e\u0627\u0631\u0637\u0629-\u0627\u0644\u0645\u0645\u0644\u0643\u0629-\u0645\u0632\u064a\u0646\u0629-\u0628\u0627\u0644\u0631\u0645\u0627\u0644-\u0627\u0644\u0630\u0647\u0628\u064a\u0629-\u0648\u0633\u0641\u064a\u0646\u0629-\u0627\u0644\u0635\u062d\u0631\u0627\u0621.webp\",\"datePublished\":\"2025-02-01T12:56:45+00:00\",\"dateModified\":\"2025-02-06T09:52:28+00:00\",\"description\":\"Ce m\u00e9daillon est con\u00e7u pour refl\u00e9ter la beaut\u00e9 des sables dor\u00e9s et le vaisseau du d\u00e9sert, le chameau, qui incarne l'esprit nomade de l'Arabie saoudite. Ce m\u00e9daillon, r\u00e9alis\u00e9 en bois avec beaucoup de soin et de qualit\u00e9, vous emm\u00e8ne en voyage au c\u0153ur du d\u00e9sert, l\u00e0 o\u00f9 les dunes de sable brillent de couleurs dor\u00e9es et o\u00f9 les chameaux sont les plus beaux.\",\"breadcrumb\":{\"@id\":\"https:\\\/\\\/saudi-gift.com\\\/fr\\\/product\\\/un-porte-cles-avec-une-carte-du-royaume-decoree-de-sables-dores-et-dun-bateau-du-desert\\\/#breadcrumb\"},\"inLanguage\":\"fr-FR\",\"potentialAction\":[{\"@type\":\"ReadAction\",\"target\":[\"https:\\\/\\\/saudi-gift.com\\\/fr\\\/product\\\/un-porte-cles-avec-une-carte-du-royaume-decoree-de-sables-dores-et-dun-bateau-du-desert\\\/\"]}]},{\"@type\":\"ImageObject\",\"inLanguage\":\"fr-FR\",\"@id\":\"https:\\\/\\\/saudi-gift.com\\\/fr\\\/product\\\/un-porte-cles-avec-une-carte-du-royaume-decoree-de-sables-dores-et-dun-bateau-du-desert\\\/#primaryimage\",\"url\":\"https:\\\/\\\/saudi-gift.com\\\/wp-content\\\/uploads\\\/2025\\\/02\\\/\u0633\u0644\u0633\u0629-\u0645\u0641\u0627\u062a\u064a\u062d-\u0628\u062a\u0635\u0645\u064a\u0645-\u062e\u0627\u0631\u0637\u0629-\u0627\u0644\u0645\u0645\u0644\u0643\u0629-\u0645\u0632\u064a\u0646\u0629-\u0628\u0627\u0644\u0631\u0645\u0627\u0644-\u0627\u0644\u0630\u0647\u0628\u064a\u0629-\u0648\u0633\u0641\u064a\u0646\u0629-\u0627\u0644\u0635\u062d\u0631\u0627\u0621.webp\",\"contentUrl\":\"https:\\\/\\\/saudi-gift.com\\\/wp-content\\\/uploads\\\/2025\\\/02\\\/\u0633\u0644\u0633\u0629-\u0645\u0641\u0627\u062a\u064a\u062d-\u0628\u062a\u0635\u0645\u064a\u0645-\u062e\u0627\u0631\u0637\u0629-\u0627\u0644\u0645\u0645\u0644\u0643\u0629-\u0645\u0632\u064a\u0646\u0629-\u0628\u0627\u0644\u0631\u0645\u0627\u0644-\u0627\u0644\u0630\u0647\u0628\u064a\u0629-\u0648\u0633\u0641\u064a\u0646\u0629-\u0627\u0644\u0635\u062d\u0631\u0627\u0621.webp\",\"width\":600,\"height\":600},{\"@type\":\"BreadcrumbList\",\"@id\":\"https:\\\/\\\/saudi-gift.com\\\/fr\\\/product\\\/un-porte-cles-avec-une-carte-du-royaume-decoree-de-sables-dores-et-dun-bateau-du-desert\\\/#breadcrumb\",\"itemListElement\":[{\"@type\":\"ListItem\",\"position\":1,\"name\":\"Home\",\"item\":\"https:\\\/\\\/saudi-gift.com\\\/fr\\\/\"},{\"@type\":\"ListItem\",\"position\":2,\"name\":\"Acheter\",\"item\":\"https:\\\/\\\/saudi-gift.com\\\/fr\\\/acheter\\\/\"},{\"@type\":\"ListItem\",\"position\":3,\"name\":\"Un porte-cl\u00e9s avec une carte du Royaume d\u00e9cor\u00e9e de sables dor\u00e9s et d&#8217;un bateau du d\u00e9sert.\"}]},{\"@type\":\"WebSite\",\"@id\":\"https:\\\/\\\/saudi-gift.com\\\/#website\",\"url\":\"https:\\\/\\\/saudi-gift.com\\\/\",\"name\":\"\u0647\u062f\u064a\u0629 \u0633\u0639\u0648\u062f\u064a\u0629\",\"description\":\"\u0647\u062f\u064a\u0629 \u0633\u0639\u0648\u062f\u064a\u0629 \u0645\u062a\u062c\u0631 \u0627\u0644\u0643\u062a\u0631\u0648\u0646\u064a \u064a\u0642\u062f\u0645 \u0644\u0643\u0645 \u0645\u062c\u0645\u0648\u0639\u0629 \u0645\u0646 \u0627\u0644\u0647\u062f\u0627\u064a\u0627 \u0627\u0644\u062a\u064a \u062a\u062c\u0633\u062f \u0639\u0628\u0642 \u0630\u0643\u0631\u064a\u0627\u062a\u0643\u0645 \u0641\u064a \u0627\u0644\u0645\u0634\u0627\u0639\u0631 \u0627\u0644\u0645\u0642\u062f\u0633\u0629\",\"publisher\":{\"@id\":\"https:\\\/\\\/saudi-gift.com\\\/#organization\"},\"alternateName\":\"\u0647\u062f\u064a\u0629 \u0633\u0639\u0648\u062f\u064a\u0629\",\"potentialAction\":[{\"@type\":\"SearchAction\",\"target\":{\"@type\":\"EntryPoint\",\"urlTemplate\":\"https:\\\/\\\/saudi-gift.com\\\/?s={search_term_string}\"},\"query-input\":{\"@type\":\"PropertyValueSpecification\",\"valueRequired\":true,\"valueName\":\"search_term_string\"}}],\"inLanguage\":\"fr-FR\"},{\"@type\":\"Organization\",\"@id\":\"https:\\\/\\\/saudi-gift.com\\\/#organization\",\"name\":\"\u0645\u062a\u062c\u0631 \u0627\u0644\u0647\u062f\u064a\u0629\",\"alternateName\":\"\u0647\u062f\u064a\u0629 \u0633\u0639\u0648\u062f\u064a\u0629\",\"url\":\"https:\\\/\\\/saudi-gift.com\\\/\",\"logo\":{\"@type\":\"ImageObject\",\"inLanguage\":\"fr-FR\",\"@id\":\"https:\\\/\\\/saudi-gift.com\\\/#\\\/schema\\\/logo\\\/image\\\/\",\"url\":\"https:\\\/\\\/saudi-gift.com\\\/wp-content\\\/uploads\\\/2025\\\/05\\\/2.png\",\"contentUrl\":\"https:\\\/\\\/saudi-gift.com\\\/wp-content\\\/uploads\\\/2025\\\/05\\\/2.png\",\"width\":163,\"height\":42,\"caption\":\"\u0645\u062a\u062c\u0631 \u0627\u0644\u0647\u062f\u064a\u0629\"},\"image\":{\"@id\":\"https:\\\/\\\/saudi-gift.com\\\/#\\\/schema\\\/logo\\\/image\\\/\"},\"sameAs\":[\"https:\\\/\\\/www.facebook.com\\\/profile.php?id=61560277649059&mibextid=LQQJ4d\",\"https:\\\/\\\/x.com\\\/saudigift_\"]}]}<\/script>\n<!-- \/ Yoast SEO Premium plugin. -->","yoast_head_json":{"title":"Un porte-cl\u00e9s avec une carte du Royaume d\u00e9cor\u00e9e de sables dor\u00e9s et d'un bateau du d\u00e9sert. - \u0647\u062f\u064a\u0629 \u0633\u0639\u0648\u062f\u064a\u0629","description":"Ce m\u00e9daillon est con\u00e7u pour refl\u00e9ter la beaut\u00e9 des sables dor\u00e9s et le vaisseau du d\u00e9sert, le chameau, qui incarne l'esprit nomade de l'Arabie saoudite. Ce m\u00e9daillon, r\u00e9alis\u00e9 en bois avec beaucoup de soin et de qualit\u00e9, vous emm\u00e8ne en voyage au c\u0153ur du d\u00e9sert, l\u00e0 o\u00f9 les dunes de sable brillent de couleurs dor\u00e9es et o\u00f9 les chameaux sont les plus beaux.","robots":{"index":"index","follow":"follow","max-snippet":"max-snippet:-1","max-image-preview":"max-image-preview:large","max-video-preview":"max-video-preview:-1"},"canonical":"https:\/\/saudi-gift.com\/fr\/product\/un-porte-cles-avec-une-carte-du-royaume-decoree-de-sables-dores-et-dun-bateau-du-desert\/","og_locale":"fr_FR","og_type":"article","og_title":"Un porte-cl\u00e9s avec une carte du Royaume d\u00e9cor\u00e9e de sables dor\u00e9s et d'un bateau du d\u00e9sert.","og_description":"Ce m\u00e9daillon est con\u00e7u pour refl\u00e9ter la beaut\u00e9 des sables dor\u00e9s et le vaisseau du d\u00e9sert, le chameau, qui incarne l'esprit nomade de l'Arabie saoudite. Ce m\u00e9daillon, r\u00e9alis\u00e9 en bois avec beaucoup de soin et de qualit\u00e9, vous emm\u00e8ne en voyage au c\u0153ur du d\u00e9sert, l\u00e0 o\u00f9 les dunes de sable brillent de couleurs dor\u00e9es et o\u00f9 les chameaux sont les plus beaux.","og_url":"https:\/\/saudi-gift.com\/fr\/product\/un-porte-cles-avec-une-carte-du-royaume-decoree-de-sables-dores-et-dun-bateau-du-desert\/","og_site_name":"\u0647\u062f\u064a\u0629 \u0633\u0639\u0648\u062f\u064a\u0629","article_publisher":"https:\/\/www.facebook.com\/profile.php?id=61560277649059&mibextid=LQQJ4d","article_modified_time":"2025-02-06T09:52:28+00:00","og_image":[{"width":600,"height":600,"url":"https:\/\/saudi-gift.com\/wp-content\/uploads\/2025\/02\/\u0633\u0644\u0633\u0629-\u0645\u0641\u0627\u062a\u064a\u062d-\u0628\u062a\u0635\u0645\u064a\u0645-\u062e\u0627\u0631\u0637\u0629-\u0627\u0644\u0645\u0645\u0644\u0643\u0629-\u0645\u0632\u064a\u0646\u0629-\u0628\u0627\u0644\u0631\u0645\u0627\u0644-\u0627\u0644\u0630\u0647\u0628\u064a\u0629-\u0648\u0633\u0641\u064a\u0646\u0629-\u0627\u0644\u0635\u062d\u0631\u0627\u0621.webp","type":"image\/webp"}],"twitter_card":"summary_large_image","twitter_site":"@saudigift_","twitter_misc":{"Dur\u00e9e de lecture estim\u00e9e":"1 minute"},"schema":{"@context":"https:\/\/schema.org","@graph":[{"@type":"WebPage","@id":"https:\/\/saudi-gift.com\/fr\/product\/un-porte-cles-avec-une-carte-du-royaume-decoree-de-sables-dores-et-dun-bateau-du-desert\/","url":"https:\/\/saudi-gift.com\/fr\/product\/un-porte-cles-avec-une-carte-du-royaume-decoree-de-sables-dores-et-dun-bateau-du-desert\/","name":"Un porte-cl\u00e9s avec une carte du Royaume d\u00e9cor\u00e9e de sables dor\u00e9s et d'un bateau du d\u00e9sert. - \u0647\u062f\u064a\u0629 \u0633\u0639\u0648\u062f\u064a\u0629","isPartOf":{"@id":"https:\/\/saudi-gift.com\/#website"},"primaryImageOfPage":{"@id":"https:\/\/saudi-gift.com\/fr\/product\/un-porte-cles-avec-une-carte-du-royaume-decoree-de-sables-dores-et-dun-bateau-du-desert\/#primaryimage"},"image":{"@id":"https:\/\/saudi-gift.com\/fr\/product\/un-porte-cles-avec-une-carte-du-royaume-decoree-de-sables-dores-et-dun-bateau-du-desert\/#primaryimage"},"thumbnailUrl":"https:\/\/saudi-gift.com\/wp-content\/uploads\/2025\/02\/\u0633\u0644\u0633\u0629-\u0645\u0641\u0627\u062a\u064a\u062d-\u0628\u062a\u0635\u0645\u064a\u0645-\u062e\u0627\u0631\u0637\u0629-\u0627\u0644\u0645\u0645\u0644\u0643\u0629-\u0645\u0632\u064a\u0646\u0629-\u0628\u0627\u0644\u0631\u0645\u0627\u0644-\u0627\u0644\u0630\u0647\u0628\u064a\u0629-\u0648\u0633\u0641\u064a\u0646\u0629-\u0627\u0644\u0635\u062d\u0631\u0627\u0621.webp","datePublished":"2025-02-01T12:56:45+00:00","dateModified":"2025-02-06T09:52:28+00:00","description":"Ce m\u00e9daillon est con\u00e7u pour refl\u00e9ter la beaut\u00e9 des sables dor\u00e9s et le vaisseau du d\u00e9sert, le chameau, qui incarne l'esprit nomade de l'Arabie saoudite. Ce m\u00e9daillon, r\u00e9alis\u00e9 en bois avec beaucoup de soin et de qualit\u00e9, vous emm\u00e8ne en voyage au c\u0153ur du d\u00e9sert, l\u00e0 o\u00f9 les dunes de sable brillent de couleurs dor\u00e9es et o\u00f9 les chameaux sont les plus beaux.","breadcrumb":{"@id":"https:\/\/saudi-gift.com\/fr\/product\/un-porte-cles-avec-une-carte-du-royaume-decoree-de-sables-dores-et-dun-bateau-du-desert\/#breadcrumb"},"inLanguage":"fr-FR","potentialAction":[{"@type":"ReadAction","target":["https:\/\/saudi-gift.com\/fr\/product\/un-porte-cles-avec-une-carte-du-royaume-decoree-de-sables-dores-et-dun-bateau-du-desert\/"]}]},{"@type":"ImageObject","inLanguage":"fr-FR","@id":"https:\/\/saudi-gift.com\/fr\/product\/un-porte-cles-avec-une-carte-du-royaume-decoree-de-sables-dores-et-dun-bateau-du-desert\/#primaryimage","url":"https:\/\/saudi-gift.com\/wp-content\/uploads\/2025\/02\/\u0633\u0644\u0633\u0629-\u0645\u0641\u0627\u062a\u064a\u062d-\u0628\u062a\u0635\u0645\u064a\u0645-\u062e\u0627\u0631\u0637\u0629-\u0627\u0644\u0645\u0645\u0644\u0643\u0629-\u0645\u0632\u064a\u0646\u0629-\u0628\u0627\u0644\u0631\u0645\u0627\u0644-\u0627\u0644\u0630\u0647\u0628\u064a\u0629-\u0648\u0633\u0641\u064a\u0646\u0629-\u0627\u0644\u0635\u062d\u0631\u0627\u0621.webp","contentUrl":"https:\/\/saudi-gift.com\/wp-content\/uploads\/2025\/02\/\u0633\u0644\u0633\u0629-\u0645\u0641\u0627\u062a\u064a\u062d-\u0628\u062a\u0635\u0645\u064a\u0645-\u062e\u0627\u0631\u0637\u0629-\u0627\u0644\u0645\u0645\u0644\u0643\u0629-\u0645\u0632\u064a\u0646\u0629-\u0628\u0627\u0644\u0631\u0645\u0627\u0644-\u0627\u0644\u0630\u0647\u0628\u064a\u0629-\u0648\u0633\u0641\u064a\u0646\u0629-\u0627\u0644\u0635\u062d\u0631\u0627\u0621.webp","width":600,"height":600},{"@type":"BreadcrumbList","@id":"https:\/\/saudi-gift.com\/fr\/product\/un-porte-cles-avec-une-carte-du-royaume-decoree-de-sables-dores-et-dun-bateau-du-desert\/#breadcrumb","itemListElement":[{"@type":"ListItem","position":1,"name":"Home","item":"https:\/\/saudi-gift.com\/fr\/"},{"@type":"ListItem","position":2,"name":"Acheter","item":"https:\/\/saudi-gift.com\/fr\/acheter\/"},{"@type":"ListItem","position":3,"name":"Un porte-cl\u00e9s avec une carte du Royaume d\u00e9cor\u00e9e de sables dor\u00e9s et d&#8217;un bateau du d\u00e9sert."}]},{"@type":"WebSite","@id":"https:\/\/saudi-gift.com\/#website","url":"https:\/\/saudi-gift.com\/","name":"\u0647\u062f\u064a\u0629 \u0633\u0639\u0648\u062f\u064a\u0629","description":"\u0647\u062f\u064a\u0629 \u0633\u0639\u0648\u062f\u064a\u0629 \u0645\u062a\u062c\u0631 \u0627\u0644\u0643\u062a\u0631\u0648\u0646\u064a \u064a\u0642\u062f\u0645 \u0644\u0643\u0645 \u0645\u062c\u0645\u0648\u0639\u0629 \u0645\u0646 \u0627\u0644\u0647\u062f\u0627\u064a\u0627 \u0627\u0644\u062a\u064a \u062a\u062c\u0633\u062f \u0639\u0628\u0642 \u0630\u0643\u0631\u064a\u0627\u062a\u0643\u0645 \u0641\u064a \u0627\u0644\u0645\u0634\u0627\u0639\u0631 \u0627\u0644\u0645\u0642\u062f\u0633\u0629","publisher":{"@id":"https:\/\/saudi-gift.com\/#organization"},"alternateName":"\u0647\u062f\u064a\u0629 \u0633\u0639\u0648\u062f\u064a\u0629","potentialAction":[{"@type":"SearchAction","target":{"@type":"EntryPoint","urlTemplate":"https:\/\/saudi-gift.com\/?s={search_term_string}"},"query-input":{"@type":"PropertyValueSpecification","valueRequired":true,"valueName":"search_term_string"}}],"inLanguage":"fr-FR"},{"@type":"Organization","@id":"https:\/\/saudi-gift.com\/#organization","name":"\u0645\u062a\u062c\u0631 \u0627\u0644\u0647\u062f\u064a\u0629","alternateName":"\u0647\u062f\u064a\u0629 \u0633\u0639\u0648\u062f\u064a\u0629","url":"https:\/\/saudi-gift.com\/","logo":{"@type":"ImageObject","inLanguage":"fr-FR","@id":"https:\/\/saudi-gift.com\/#\/schema\/logo\/image\/","url":"https:\/\/saudi-gift.com\/wp-content\/uploads\/2025\/05\/2.png","contentUrl":"https:\/\/saudi-gift.com\/wp-content\/uploads\/2025\/05\/2.png","width":163,"height":42,"caption":"\u0645\u062a\u062c\u0631 \u0627\u0644\u0647\u062f\u064a\u0629"},"image":{"@id":"https:\/\/saudi-gift.com\/#\/schema\/logo\/image\/"},"sameAs":["https:\/\/www.facebook.com\/profile.php?id=61560277649059&mibextid=LQQJ4d","https:\/\/x.com\/saudigift_"]}]}},"jetpack-related-posts":[],"_links":{"self":[{"href":"https:\/\/saudi-gift.com\/fr\/wp-json\/wp\/v2\/product\/46017","targetHints":{"allow":["GET"]}}],"collection":[{"href":"https:\/\/saudi-gift.com\/fr\/wp-json\/wp\/v2\/product"}],"about":[{"href":"https:\/\/saudi-gift.com\/fr\/wp-json\/wp\/v2\/types\/product"}],"replies":[{"embeddable":true,"href":"https:\/\/saudi-gift.com\/fr\/wp-json\/wp\/v2\/comments?post=46017"}],"version-history":[{"count":0,"href":"https:\/\/saudi-gift.com\/fr\/wp-json\/wp\/v2\/product\/46017\/revisions"}],"wp:featuredmedia":[{"embeddable":true,"href":"https:\/\/saudi-gift.com\/fr\/wp-json\/wp\/v2\/media\/45732"}],"wp:attachment":[{"href":"https:\/\/saudi-gift.com\/fr\/wp-json\/wp\/v2\/media?parent=46017"}],"wp:term":[{"taxonomy":"product_brand","embeddable":true,"href":"https:\/\/saudi-gift.com\/fr\/wp-json\/wp\/v2\/product_brand?post=46017"},{"taxonomy":"product_cat","embeddable":true,"href":"https:\/\/saudi-gift.com\/fr\/wp-json\/wp\/v2\/product_cat?post=46017"},{"taxonomy":"product_tag","embeddable":true,"href":"https:\/\/saudi-gift.com\/fr\/wp-json\/wp\/v2\/product_tag?post=46017"}],"curies":[{"name":"wp","href":"https:\/\/api.w.org\/{rel}","templated":true}]}}