{"id":46023,"date":"2025-02-01T15:35:12","date_gmt":"2025-02-01T12:35:12","guid":{"rendered":"https:\/\/saudi-gift.com\/product\/serie-de-cles-a-lettres-saoudiennes\/"},"modified":"2025-02-06T13:01:57","modified_gmt":"2025-02-06T10:01:57","slug":"serie-de-cles-a-lettres-saoudiennes","status":"publish","type":"product","link":"https:\/\/saudi-gift.com\/fr\/produit\/serie-de-cles-a-lettres-saoudiennes\/","title":{"rendered":"S\u00e9rie de cl\u00e9s \u00e0 lettres saoudiennes"},"content":{"rendered":"<p>S\u00e9rie de cl\u00e9s \u00e0 lettres saoudiennes<\/p>\n<p>Chaque lettre du mot \u00ab\u00a0Arabie saoudite\u00a0\u00bb symbolise la beaut\u00e9 d&rsquo;une ville diff\u00e9rente du Royaume. Ce m\u00e9daillon est con\u00e7u pour refl\u00e9ter la diversit\u00e9 et la beaut\u00e9 des villes d&rsquo;Arabie saoudite, de Riyad \u00e0 Jeddah en passant par La Mecque et M\u00e9dine. Fabriqu\u00e9 en bois avec beaucoup de soin et de qualit\u00e9, ce m\u00e9daillon vous emm\u00e8ne en voyage \u00e0 travers les belles villes d&rsquo;Arabie saoudite et met en valeur leur esprit unique.     <\/p>\n<p>Caract\u00e9ristiques du produit :<\/p>\n<p>Un design unique : Refl\u00e8te la beaut\u00e9 des villes du Royaume dans chaque lettre.<br \/>\nBien fait : Fabriqu\u00e9 en bois de haute qualit\u00e9 pour garantir sa durabilit\u00e9 et sa beaut\u00e9.<br \/>\nUn souvenir national : Capture l&rsquo;esprit du Royaume et ajoute une touche de fiert\u00e9 nationale \u00e0 votre collection.<br \/>\nUtilisation multiple : Il peut \u00eatre utilis\u00e9 pour suspendre des cl\u00e9s ou comme support de sac, et constitue un cadeau parfait pour vos proches.\u00a0\u00bb  <\/p>\n","protected":false},"excerpt":{"rendered":"<p>Ce m\u00e9daillon est con\u00e7u pour refl\u00e9ter la diversit\u00e9 et la beaut\u00e9 des villes d&rsquo;Arabie saoudite, de Riyad \u00e0 Jeddah en passant par La Mecque et M\u00e9dine. <\/p>\n","protected":false},"featured_media":45699,"comment_status":"open","ping_status":"closed","template":"","meta":[],"product_brand":[],"product_cat":[379],"product_tag":[],"class_list":{"0":"post-46023","1":"product","2":"type-product","3":"status-publish","4":"has-post-thumbnail","6":"product_cat-souvenirs-touristiques","8":"first","9":"instock","10":"shipping-taxable","11":"purchasable","12":"product-type-simple"},"yoast_head":"<!-- This site is optimized with the Yoast SEO Premium plugin v27.2 (Yoast SEO v27.6) - https:\/\/yoast.com\/product\/yoast-seo-premium-wordpress\/ -->\n<title>S\u00e9rie de cl\u00e9s \u00e0 lettres saoudiennes - \u0647\u062f\u064a\u0629 \u0633\u0639\u0648\u062f\u064a\u0629<\/title>\n<meta name=\"description\" content=\"Ce m\u00e9daillon est con\u00e7u pour refl\u00e9ter la diversit\u00e9 et la beaut\u00e9 des villes d&#039;Arabie saoudite, de Riyad \u00e0 Jeddah en passant par La Mecque et M\u00e9dine. Fabriqu\u00e9 en bois avec beaucoup de soin et de qualit\u00e9, ce m\u00e9daillon vous emm\u00e8ne dans un voyage \u00e0 travers les belles villes d&#039;Arabie saoudite et met en valeur leur esprit unique.\" \/>\n<meta name=\"robots\" content=\"index, follow, max-snippet:-1, max-image-preview:large, max-video-preview:-1\" \/>\n<link rel=\"canonical\" href=\"https:\/\/saudi-gift.com\/fr\/product\/serie-de-cles-a-lettres-saoudiennes\/\" \/>\n<meta property=\"og:locale\" content=\"fr_FR\" \/>\n<meta property=\"og:type\" content=\"article\" \/>\n<meta property=\"og:title\" content=\"S\u00e9rie de cl\u00e9s \u00e0 lettres saoudiennes\" \/>\n<meta property=\"og:description\" content=\"Ce m\u00e9daillon est con\u00e7u pour refl\u00e9ter la diversit\u00e9 et la beaut\u00e9 des villes d&#039;Arabie saoudite, de Riyad \u00e0 Jeddah en passant par La Mecque et M\u00e9dine. Fabriqu\u00e9 en bois avec beaucoup de soin et de qualit\u00e9, ce m\u00e9daillon vous emm\u00e8ne dans un voyage \u00e0 travers les belles villes d&#039;Arabie saoudite et met en valeur leur esprit unique.\" \/>\n<meta property=\"og:url\" content=\"https:\/\/saudi-gift.com\/fr\/product\/serie-de-cles-a-lettres-saoudiennes\/\" \/>\n<meta property=\"og:site_name\" content=\"\u0647\u062f\u064a\u0629 \u0633\u0639\u0648\u062f\u064a\u0629\" \/>\n<meta property=\"article:publisher\" content=\"https:\/\/www.facebook.com\/profile.php?id=61560277649059&amp;mibextid=LQQJ4d\" \/>\n<meta property=\"article:modified_time\" content=\"2025-02-06T10:01:57+00:00\" \/>\n<meta property=\"og:image\" content=\"https:\/\/saudi-gift.com\/wp-content\/uploads\/2025\/02\/\u0633\u0644\u0633\u0629-\u0645\u0641\u0627\u062a\u064a\u062d-\u0627\u062d\u0631\u0641-\u0627\u0644\u0633\u0639\u0648\u062f\u064a\u0629.webp\" \/>\n\t<meta property=\"og:image:width\" content=\"600\" \/>\n\t<meta property=\"og:image:height\" content=\"600\" \/>\n\t<meta property=\"og:image:type\" content=\"image\/webp\" \/>\n<meta name=\"twitter:card\" content=\"summary_large_image\" \/>\n<meta name=\"twitter:site\" content=\"@saudigift_\" \/>\n<meta name=\"twitter:label1\" content=\"Dur\u00e9e de lecture estim\u00e9e\" \/>\n\t<meta name=\"twitter:data1\" content=\"1 minute\" \/>\n<script type=\"application\/ld+json\" class=\"yoast-schema-graph\">{\"@context\":\"https:\\\/\\\/schema.org\",\"@graph\":[{\"@type\":\"WebPage\",\"@id\":\"https:\\\/\\\/saudi-gift.com\\\/fr\\\/product\\\/serie-de-cles-a-lettres-saoudiennes\\\/\",\"url\":\"https:\\\/\\\/saudi-gift.com\\\/fr\\\/product\\\/serie-de-cles-a-lettres-saoudiennes\\\/\",\"name\":\"S\u00e9rie de cl\u00e9s \u00e0 lettres saoudiennes - \u0647\u062f\u064a\u0629 \u0633\u0639\u0648\u062f\u064a\u0629\",\"isPartOf\":{\"@id\":\"https:\\\/\\\/saudi-gift.com\\\/#website\"},\"primaryImageOfPage\":{\"@id\":\"https:\\\/\\\/saudi-gift.com\\\/fr\\\/product\\\/serie-de-cles-a-lettres-saoudiennes\\\/#primaryimage\"},\"image\":{\"@id\":\"https:\\\/\\\/saudi-gift.com\\\/fr\\\/product\\\/serie-de-cles-a-lettres-saoudiennes\\\/#primaryimage\"},\"thumbnailUrl\":\"https:\\\/\\\/saudi-gift.com\\\/wp-content\\\/uploads\\\/2025\\\/02\\\/\u0633\u0644\u0633\u0629-\u0645\u0641\u0627\u062a\u064a\u062d-\u0627\u062d\u0631\u0641-\u0627\u0644\u0633\u0639\u0648\u062f\u064a\u0629.webp\",\"datePublished\":\"2025-02-01T12:35:12+00:00\",\"dateModified\":\"2025-02-06T10:01:57+00:00\",\"description\":\"Ce m\u00e9daillon est con\u00e7u pour refl\u00e9ter la diversit\u00e9 et la beaut\u00e9 des villes d'Arabie saoudite, de Riyad \u00e0 Jeddah en passant par La Mecque et M\u00e9dine. Fabriqu\u00e9 en bois avec beaucoup de soin et de qualit\u00e9, ce m\u00e9daillon vous emm\u00e8ne dans un voyage \u00e0 travers les belles villes d'Arabie saoudite et met en valeur leur esprit unique.\",\"breadcrumb\":{\"@id\":\"https:\\\/\\\/saudi-gift.com\\\/fr\\\/product\\\/serie-de-cles-a-lettres-saoudiennes\\\/#breadcrumb\"},\"inLanguage\":\"fr-FR\",\"potentialAction\":[{\"@type\":\"ReadAction\",\"target\":[\"https:\\\/\\\/saudi-gift.com\\\/fr\\\/product\\\/serie-de-cles-a-lettres-saoudiennes\\\/\"]}]},{\"@type\":\"ImageObject\",\"inLanguage\":\"fr-FR\",\"@id\":\"https:\\\/\\\/saudi-gift.com\\\/fr\\\/product\\\/serie-de-cles-a-lettres-saoudiennes\\\/#primaryimage\",\"url\":\"https:\\\/\\\/saudi-gift.com\\\/wp-content\\\/uploads\\\/2025\\\/02\\\/\u0633\u0644\u0633\u0629-\u0645\u0641\u0627\u062a\u064a\u062d-\u0627\u062d\u0631\u0641-\u0627\u0644\u0633\u0639\u0648\u062f\u064a\u0629.webp\",\"contentUrl\":\"https:\\\/\\\/saudi-gift.com\\\/wp-content\\\/uploads\\\/2025\\\/02\\\/\u0633\u0644\u0633\u0629-\u0645\u0641\u0627\u062a\u064a\u062d-\u0627\u062d\u0631\u0641-\u0627\u0644\u0633\u0639\u0648\u062f\u064a\u0629.webp\",\"width\":600,\"height\":600},{\"@type\":\"BreadcrumbList\",\"@id\":\"https:\\\/\\\/saudi-gift.com\\\/fr\\\/product\\\/serie-de-cles-a-lettres-saoudiennes\\\/#breadcrumb\",\"itemListElement\":[{\"@type\":\"ListItem\",\"position\":1,\"name\":\"Home\",\"item\":\"https:\\\/\\\/saudi-gift.com\\\/fr\\\/\"},{\"@type\":\"ListItem\",\"position\":2,\"name\":\"Acheter\",\"item\":\"https:\\\/\\\/saudi-gift.com\\\/fr\\\/acheter\\\/\"},{\"@type\":\"ListItem\",\"position\":3,\"name\":\"S\u00e9rie de cl\u00e9s \u00e0 lettres saoudiennes\"}]},{\"@type\":\"WebSite\",\"@id\":\"https:\\\/\\\/saudi-gift.com\\\/#website\",\"url\":\"https:\\\/\\\/saudi-gift.com\\\/\",\"name\":\"\u0647\u062f\u064a\u0629 \u0633\u0639\u0648\u062f\u064a\u0629\",\"description\":\"\u0647\u062f\u064a\u0629 \u0633\u0639\u0648\u062f\u064a\u0629 \u0645\u062a\u062c\u0631 \u0627\u0644\u0643\u062a\u0631\u0648\u0646\u064a \u064a\u0642\u062f\u0645 \u0644\u0643\u0645 \u0645\u062c\u0645\u0648\u0639\u0629 \u0645\u0646 \u0627\u0644\u0647\u062f\u0627\u064a\u0627 \u0627\u0644\u062a\u064a \u062a\u062c\u0633\u062f \u0639\u0628\u0642 \u0630\u0643\u0631\u064a\u0627\u062a\u0643\u0645 \u0641\u064a \u0627\u0644\u0645\u0634\u0627\u0639\u0631 \u0627\u0644\u0645\u0642\u062f\u0633\u0629\",\"publisher\":{\"@id\":\"https:\\\/\\\/saudi-gift.com\\\/#organization\"},\"alternateName\":\"\u0647\u062f\u064a\u0629 \u0633\u0639\u0648\u062f\u064a\u0629\",\"potentialAction\":[{\"@type\":\"SearchAction\",\"target\":{\"@type\":\"EntryPoint\",\"urlTemplate\":\"https:\\\/\\\/saudi-gift.com\\\/?s={search_term_string}\"},\"query-input\":{\"@type\":\"PropertyValueSpecification\",\"valueRequired\":true,\"valueName\":\"search_term_string\"}}],\"inLanguage\":\"fr-FR\"},{\"@type\":\"Organization\",\"@id\":\"https:\\\/\\\/saudi-gift.com\\\/#organization\",\"name\":\"\u0645\u062a\u062c\u0631 \u0627\u0644\u0647\u062f\u064a\u0629\",\"alternateName\":\"\u0647\u062f\u064a\u0629 \u0633\u0639\u0648\u062f\u064a\u0629\",\"url\":\"https:\\\/\\\/saudi-gift.com\\\/\",\"logo\":{\"@type\":\"ImageObject\",\"inLanguage\":\"fr-FR\",\"@id\":\"https:\\\/\\\/saudi-gift.com\\\/#\\\/schema\\\/logo\\\/image\\\/\",\"url\":\"https:\\\/\\\/saudi-gift.com\\\/wp-content\\\/uploads\\\/2025\\\/05\\\/2.png\",\"contentUrl\":\"https:\\\/\\\/saudi-gift.com\\\/wp-content\\\/uploads\\\/2025\\\/05\\\/2.png\",\"width\":163,\"height\":42,\"caption\":\"\u0645\u062a\u062c\u0631 \u0627\u0644\u0647\u062f\u064a\u0629\"},\"image\":{\"@id\":\"https:\\\/\\\/saudi-gift.com\\\/#\\\/schema\\\/logo\\\/image\\\/\"},\"sameAs\":[\"https:\\\/\\\/www.facebook.com\\\/profile.php?id=61560277649059&mibextid=LQQJ4d\",\"https:\\\/\\\/x.com\\\/saudigift_\"]}]}<\/script>\n<!-- \/ Yoast SEO Premium plugin. -->","yoast_head_json":{"title":"S\u00e9rie de cl\u00e9s \u00e0 lettres saoudiennes - \u0647\u062f\u064a\u0629 \u0633\u0639\u0648\u062f\u064a\u0629","description":"Ce m\u00e9daillon est con\u00e7u pour refl\u00e9ter la diversit\u00e9 et la beaut\u00e9 des villes d'Arabie saoudite, de Riyad \u00e0 Jeddah en passant par La Mecque et M\u00e9dine. Fabriqu\u00e9 en bois avec beaucoup de soin et de qualit\u00e9, ce m\u00e9daillon vous emm\u00e8ne dans un voyage \u00e0 travers les belles villes d'Arabie saoudite et met en valeur leur esprit unique.","robots":{"index":"index","follow":"follow","max-snippet":"max-snippet:-1","max-image-preview":"max-image-preview:large","max-video-preview":"max-video-preview:-1"},"canonical":"https:\/\/saudi-gift.com\/fr\/product\/serie-de-cles-a-lettres-saoudiennes\/","og_locale":"fr_FR","og_type":"article","og_title":"S\u00e9rie de cl\u00e9s \u00e0 lettres saoudiennes","og_description":"Ce m\u00e9daillon est con\u00e7u pour refl\u00e9ter la diversit\u00e9 et la beaut\u00e9 des villes d'Arabie saoudite, de Riyad \u00e0 Jeddah en passant par La Mecque et M\u00e9dine. Fabriqu\u00e9 en bois avec beaucoup de soin et de qualit\u00e9, ce m\u00e9daillon vous emm\u00e8ne dans un voyage \u00e0 travers les belles villes d'Arabie saoudite et met en valeur leur esprit unique.","og_url":"https:\/\/saudi-gift.com\/fr\/product\/serie-de-cles-a-lettres-saoudiennes\/","og_site_name":"\u0647\u062f\u064a\u0629 \u0633\u0639\u0648\u062f\u064a\u0629","article_publisher":"https:\/\/www.facebook.com\/profile.php?id=61560277649059&mibextid=LQQJ4d","article_modified_time":"2025-02-06T10:01:57+00:00","og_image":[{"width":600,"height":600,"url":"https:\/\/saudi-gift.com\/wp-content\/uploads\/2025\/02\/\u0633\u0644\u0633\u0629-\u0645\u0641\u0627\u062a\u064a\u062d-\u0627\u062d\u0631\u0641-\u0627\u0644\u0633\u0639\u0648\u062f\u064a\u0629.webp","type":"image\/webp"}],"twitter_card":"summary_large_image","twitter_site":"@saudigift_","twitter_misc":{"Dur\u00e9e de lecture estim\u00e9e":"1 minute"},"schema":{"@context":"https:\/\/schema.org","@graph":[{"@type":"WebPage","@id":"https:\/\/saudi-gift.com\/fr\/product\/serie-de-cles-a-lettres-saoudiennes\/","url":"https:\/\/saudi-gift.com\/fr\/product\/serie-de-cles-a-lettres-saoudiennes\/","name":"S\u00e9rie de cl\u00e9s \u00e0 lettres saoudiennes - \u0647\u062f\u064a\u0629 \u0633\u0639\u0648\u062f\u064a\u0629","isPartOf":{"@id":"https:\/\/saudi-gift.com\/#website"},"primaryImageOfPage":{"@id":"https:\/\/saudi-gift.com\/fr\/product\/serie-de-cles-a-lettres-saoudiennes\/#primaryimage"},"image":{"@id":"https:\/\/saudi-gift.com\/fr\/product\/serie-de-cles-a-lettres-saoudiennes\/#primaryimage"},"thumbnailUrl":"https:\/\/saudi-gift.com\/wp-content\/uploads\/2025\/02\/\u0633\u0644\u0633\u0629-\u0645\u0641\u0627\u062a\u064a\u062d-\u0627\u062d\u0631\u0641-\u0627\u0644\u0633\u0639\u0648\u062f\u064a\u0629.webp","datePublished":"2025-02-01T12:35:12+00:00","dateModified":"2025-02-06T10:01:57+00:00","description":"Ce m\u00e9daillon est con\u00e7u pour refl\u00e9ter la diversit\u00e9 et la beaut\u00e9 des villes d'Arabie saoudite, de Riyad \u00e0 Jeddah en passant par La Mecque et M\u00e9dine. Fabriqu\u00e9 en bois avec beaucoup de soin et de qualit\u00e9, ce m\u00e9daillon vous emm\u00e8ne dans un voyage \u00e0 travers les belles villes d'Arabie saoudite et met en valeur leur esprit unique.","breadcrumb":{"@id":"https:\/\/saudi-gift.com\/fr\/product\/serie-de-cles-a-lettres-saoudiennes\/#breadcrumb"},"inLanguage":"fr-FR","potentialAction":[{"@type":"ReadAction","target":["https:\/\/saudi-gift.com\/fr\/product\/serie-de-cles-a-lettres-saoudiennes\/"]}]},{"@type":"ImageObject","inLanguage":"fr-FR","@id":"https:\/\/saudi-gift.com\/fr\/product\/serie-de-cles-a-lettres-saoudiennes\/#primaryimage","url":"https:\/\/saudi-gift.com\/wp-content\/uploads\/2025\/02\/\u0633\u0644\u0633\u0629-\u0645\u0641\u0627\u062a\u064a\u062d-\u0627\u062d\u0631\u0641-\u0627\u0644\u0633\u0639\u0648\u062f\u064a\u0629.webp","contentUrl":"https:\/\/saudi-gift.com\/wp-content\/uploads\/2025\/02\/\u0633\u0644\u0633\u0629-\u0645\u0641\u0627\u062a\u064a\u062d-\u0627\u062d\u0631\u0641-\u0627\u0644\u0633\u0639\u0648\u062f\u064a\u0629.webp","width":600,"height":600},{"@type":"BreadcrumbList","@id":"https:\/\/saudi-gift.com\/fr\/product\/serie-de-cles-a-lettres-saoudiennes\/#breadcrumb","itemListElement":[{"@type":"ListItem","position":1,"name":"Home","item":"https:\/\/saudi-gift.com\/fr\/"},{"@type":"ListItem","position":2,"name":"Acheter","item":"https:\/\/saudi-gift.com\/fr\/acheter\/"},{"@type":"ListItem","position":3,"name":"S\u00e9rie de cl\u00e9s \u00e0 lettres saoudiennes"}]},{"@type":"WebSite","@id":"https:\/\/saudi-gift.com\/#website","url":"https:\/\/saudi-gift.com\/","name":"\u0647\u062f\u064a\u0629 \u0633\u0639\u0648\u062f\u064a\u0629","description":"\u0647\u062f\u064a\u0629 \u0633\u0639\u0648\u062f\u064a\u0629 \u0645\u062a\u062c\u0631 \u0627\u0644\u0643\u062a\u0631\u0648\u0646\u064a \u064a\u0642\u062f\u0645 \u0644\u0643\u0645 \u0645\u062c\u0645\u0648\u0639\u0629 \u0645\u0646 \u0627\u0644\u0647\u062f\u0627\u064a\u0627 \u0627\u0644\u062a\u064a \u062a\u062c\u0633\u062f \u0639\u0628\u0642 \u0630\u0643\u0631\u064a\u0627\u062a\u0643\u0645 \u0641\u064a \u0627\u0644\u0645\u0634\u0627\u0639\u0631 \u0627\u0644\u0645\u0642\u062f\u0633\u0629","publisher":{"@id":"https:\/\/saudi-gift.com\/#organization"},"alternateName":"\u0647\u062f\u064a\u0629 \u0633\u0639\u0648\u062f\u064a\u0629","potentialAction":[{"@type":"SearchAction","target":{"@type":"EntryPoint","urlTemplate":"https:\/\/saudi-gift.com\/?s={search_term_string}"},"query-input":{"@type":"PropertyValueSpecification","valueRequired":true,"valueName":"search_term_string"}}],"inLanguage":"fr-FR"},{"@type":"Organization","@id":"https:\/\/saudi-gift.com\/#organization","name":"\u0645\u062a\u062c\u0631 \u0627\u0644\u0647\u062f\u064a\u0629","alternateName":"\u0647\u062f\u064a\u0629 \u0633\u0639\u0648\u062f\u064a\u0629","url":"https:\/\/saudi-gift.com\/","logo":{"@type":"ImageObject","inLanguage":"fr-FR","@id":"https:\/\/saudi-gift.com\/#\/schema\/logo\/image\/","url":"https:\/\/saudi-gift.com\/wp-content\/uploads\/2025\/05\/2.png","contentUrl":"https:\/\/saudi-gift.com\/wp-content\/uploads\/2025\/05\/2.png","width":163,"height":42,"caption":"\u0645\u062a\u062c\u0631 \u0627\u0644\u0647\u062f\u064a\u0629"},"image":{"@id":"https:\/\/saudi-gift.com\/#\/schema\/logo\/image\/"},"sameAs":["https:\/\/www.facebook.com\/profile.php?id=61560277649059&mibextid=LQQJ4d","https:\/\/x.com\/saudigift_"]}]}},"jetpack-related-posts":[],"_links":{"self":[{"href":"https:\/\/saudi-gift.com\/fr\/wp-json\/wp\/v2\/product\/46023","targetHints":{"allow":["GET"]}}],"collection":[{"href":"https:\/\/saudi-gift.com\/fr\/wp-json\/wp\/v2\/product"}],"about":[{"href":"https:\/\/saudi-gift.com\/fr\/wp-json\/wp\/v2\/types\/product"}],"replies":[{"embeddable":true,"href":"https:\/\/saudi-gift.com\/fr\/wp-json\/wp\/v2\/comments?post=46023"}],"version-history":[{"count":0,"href":"https:\/\/saudi-gift.com\/fr\/wp-json\/wp\/v2\/product\/46023\/revisions"}],"wp:featuredmedia":[{"embeddable":true,"href":"https:\/\/saudi-gift.com\/fr\/wp-json\/wp\/v2\/media\/45699"}],"wp:attachment":[{"href":"https:\/\/saudi-gift.com\/fr\/wp-json\/wp\/v2\/media?parent=46023"}],"wp:term":[{"taxonomy":"product_brand","embeddable":true,"href":"https:\/\/saudi-gift.com\/fr\/wp-json\/wp\/v2\/product_brand?post=46023"},{"taxonomy":"product_cat","embeddable":true,"href":"https:\/\/saudi-gift.com\/fr\/wp-json\/wp\/v2\/product_cat?post=46023"},{"taxonomy":"product_tag","embeddable":true,"href":"https:\/\/saudi-gift.com\/fr\/wp-json\/wp\/v2\/product_tag?post=46023"}],"curies":[{"name":"wp","href":"https:\/\/api.w.org\/{rel}","templated":true}]}}