{"id":46141,"date":"2025-02-01T14:48:37","date_gmt":"2025-02-01T11:48:37","guid":{"rendered":"https:\/\/saudi-gift.com\/product\/chapelet-de-pierres-aventurine\/"},"modified":"2025-02-06T13:52:40","modified_gmt":"2025-02-06T10:52:40","slug":"chapelet-de-pierres-aventurine","status":"publish","type":"product","link":"https:\/\/saudi-gift.com\/fr\/produit\/chapelet-de-pierres-aventurine\/","title":{"rendered":"Chapelet de pierres &#8211; Aventurine"},"content":{"rendered":"<p>Chapelet de pierres &#8211; Aventurine<\/p>\n<p>Les perles de rosaire en aventurine sont fabriqu\u00e9es \u00e0 partir d&rsquo;aventurine, une pierre pr\u00e9cieuse qui se caract\u00e9rise par sa beaut\u00e9 unique et son \u00e9clat \u00e9tincelant. On attribue \u00e0 l&rsquo;aventurine verte un certain nombre de bienfaits, notamment   <\/p>\n<p>Gu\u00e9rison et protection du chakra du c\u0153ur : Avec sa couleur verte, l&rsquo;aventurine aide \u00e0 soigner et \u00e0 prot\u00e9ger le chakra du c\u0153ur.<br \/>\nR\u00e9duit le brouillard \u00e9lectronique : R\u00e9duit les effets de la pollution \u00e9lectromagn\u00e9tique. <\/p>\n","protected":false},"excerpt":{"rendered":"<p>Ce chapelet pr\u00e9sente un pendentif unique avec le mot \u00ab\u00a0La Mecque\u00a0\u00bb, plaqu\u00e9 en argent pour une touche luxueuse. La Mecque, la ville sainte des musulmans   <\/p>\n","protected":false},"featured_media":45553,"comment_status":"open","ping_status":"closed","template":"","meta":[],"product_brand":[],"product_cat":[132],"product_tag":[663],"class_list":{"0":"post-46141","1":"product","2":"type-product","3":"status-publish","4":"has-post-thumbnail","6":"product_cat-made-in-medina","7":"product_tag-663","9":"first","10":"instock","11":"shipping-taxable","12":"purchasable","13":"product-type-simple"},"yoast_head":"<!-- This site is optimized with the Yoast SEO Premium plugin v27.2 (Yoast SEO v27.6) - https:\/\/yoast.com\/product\/yoast-seo-premium-wordpress\/ -->\n<title>Chapelet de pierres - Aventurine - \u0647\u062f\u064a\u0629 \u0633\u0639\u0648\u062f\u064a\u0629<\/title>\n<meta name=\"description\" content=\"Les perles de rosaire en aventurine sont fabriqu\u00e9es \u00e0 partir d&#039;aventurine, une pierre pr\u00e9cieuse qui se caract\u00e9rise par sa beaut\u00e9 unique et son \u00e9clat \u00e9tincelant. On pr\u00eate \u00e0 l&#039;aventurine verte de nombreux bienfaits, notamment la gu\u00e9rison et la protection du chakra du c\u0153ur : Gr\u00e2ce \u00e0 sa couleur verte, l&#039;aventurine aide \u00e0 soigner et \u00e0 prot\u00e9ger le chakra du c\u0153ur. R\u00e9duire la pollution \u00e9lectromagn\u00e9tique : R\u00e9duit les effets de la pollution \u00e9lectromagn\u00e9tique.\" \/>\n<meta name=\"robots\" content=\"index, follow, max-snippet:-1, max-image-preview:large, max-video-preview:-1\" \/>\n<link rel=\"canonical\" href=\"https:\/\/saudi-gift.com\/fr\/product\/chapelet-de-pierres-aventurine\/\" \/>\n<meta property=\"og:locale\" content=\"fr_FR\" \/>\n<meta property=\"og:type\" content=\"article\" \/>\n<meta property=\"og:title\" content=\"Chapelet de pierres - Aventurine\" \/>\n<meta property=\"og:description\" content=\"Les perles de rosaire en aventurine sont fabriqu\u00e9es \u00e0 partir d&#039;aventurine, une pierre pr\u00e9cieuse qui se caract\u00e9rise par sa beaut\u00e9 unique et son \u00e9clat \u00e9tincelant. On pr\u00eate \u00e0 l&#039;aventurine verte de nombreux bienfaits, notamment la gu\u00e9rison et la protection du chakra du c\u0153ur : Gr\u00e2ce \u00e0 sa couleur verte, l&#039;aventurine aide \u00e0 soigner et \u00e0 prot\u00e9ger le chakra du c\u0153ur. R\u00e9duire la pollution \u00e9lectromagn\u00e9tique : R\u00e9duit les effets de la pollution \u00e9lectromagn\u00e9tique.\" \/>\n<meta property=\"og:url\" content=\"https:\/\/saudi-gift.com\/fr\/product\/chapelet-de-pierres-aventurine\/\" \/>\n<meta property=\"og:site_name\" content=\"\u0647\u062f\u064a\u0629 \u0633\u0639\u0648\u062f\u064a\u0629\" \/>\n<meta property=\"article:publisher\" content=\"https:\/\/www.facebook.com\/profile.php?id=61560277649059&amp;mibextid=LQQJ4d\" \/>\n<meta property=\"article:modified_time\" content=\"2025-02-06T10:52:40+00:00\" \/>\n<meta property=\"og:image\" content=\"https:\/\/saudi-gift.com\/wp-content\/uploads\/2025\/02\/\u0633\u0628\u062d\u0629-\u062d\u062c\u0631-\u0643\u0631\u064a\u0645-\u0627\u0644\u0627\u0641\u0646\u062a\u0648\u0631\u064a\u0646.webp\" \/>\n\t<meta property=\"og:image:width\" content=\"600\" \/>\n\t<meta property=\"og:image:height\" content=\"600\" \/>\n\t<meta property=\"og:image:type\" content=\"image\/webp\" \/>\n<meta name=\"twitter:card\" content=\"summary_large_image\" \/>\n<meta name=\"twitter:site\" content=\"@saudigift_\" \/>\n<script type=\"application\/ld+json\" class=\"yoast-schema-graph\">{\"@context\":\"https:\\\/\\\/schema.org\",\"@graph\":[{\"@type\":\"WebPage\",\"@id\":\"https:\\\/\\\/saudi-gift.com\\\/fr\\\/product\\\/chapelet-de-pierres-aventurine\\\/\",\"url\":\"https:\\\/\\\/saudi-gift.com\\\/fr\\\/product\\\/chapelet-de-pierres-aventurine\\\/\",\"name\":\"Chapelet de pierres - Aventurine - \u0647\u062f\u064a\u0629 \u0633\u0639\u0648\u062f\u064a\u0629\",\"isPartOf\":{\"@id\":\"https:\\\/\\\/saudi-gift.com\\\/#website\"},\"primaryImageOfPage\":{\"@id\":\"https:\\\/\\\/saudi-gift.com\\\/fr\\\/product\\\/chapelet-de-pierres-aventurine\\\/#primaryimage\"},\"image\":{\"@id\":\"https:\\\/\\\/saudi-gift.com\\\/fr\\\/product\\\/chapelet-de-pierres-aventurine\\\/#primaryimage\"},\"thumbnailUrl\":\"https:\\\/\\\/saudi-gift.com\\\/wp-content\\\/uploads\\\/2025\\\/02\\\/\u0633\u0628\u062d\u0629-\u062d\u062c\u0631-\u0643\u0631\u064a\u0645-\u0627\u0644\u0627\u0641\u0646\u062a\u0648\u0631\u064a\u0646.webp\",\"datePublished\":\"2025-02-01T11:48:37+00:00\",\"dateModified\":\"2025-02-06T10:52:40+00:00\",\"description\":\"Les perles de rosaire en aventurine sont fabriqu\u00e9es \u00e0 partir d'aventurine, une pierre pr\u00e9cieuse qui se caract\u00e9rise par sa beaut\u00e9 unique et son \u00e9clat \u00e9tincelant. On pr\u00eate \u00e0 l'aventurine verte de nombreux bienfaits, notamment la gu\u00e9rison et la protection du chakra du c\u0153ur : Gr\u00e2ce \u00e0 sa couleur verte, l'aventurine aide \u00e0 soigner et \u00e0 prot\u00e9ger le chakra du c\u0153ur. R\u00e9duire la pollution \u00e9lectromagn\u00e9tique : R\u00e9duit les effets de la pollution \u00e9lectromagn\u00e9tique.\",\"breadcrumb\":{\"@id\":\"https:\\\/\\\/saudi-gift.com\\\/fr\\\/product\\\/chapelet-de-pierres-aventurine\\\/#breadcrumb\"},\"inLanguage\":\"fr-FR\",\"potentialAction\":[{\"@type\":\"ReadAction\",\"target\":[\"https:\\\/\\\/saudi-gift.com\\\/fr\\\/product\\\/chapelet-de-pierres-aventurine\\\/\"]}]},{\"@type\":\"ImageObject\",\"inLanguage\":\"fr-FR\",\"@id\":\"https:\\\/\\\/saudi-gift.com\\\/fr\\\/product\\\/chapelet-de-pierres-aventurine\\\/#primaryimage\",\"url\":\"https:\\\/\\\/saudi-gift.com\\\/wp-content\\\/uploads\\\/2025\\\/02\\\/\u0633\u0628\u062d\u0629-\u062d\u062c\u0631-\u0643\u0631\u064a\u0645-\u0627\u0644\u0627\u0641\u0646\u062a\u0648\u0631\u064a\u0646.webp\",\"contentUrl\":\"https:\\\/\\\/saudi-gift.com\\\/wp-content\\\/uploads\\\/2025\\\/02\\\/\u0633\u0628\u062d\u0629-\u062d\u062c\u0631-\u0643\u0631\u064a\u0645-\u0627\u0644\u0627\u0641\u0646\u062a\u0648\u0631\u064a\u0646.webp\",\"width\":600,\"height\":600},{\"@type\":\"BreadcrumbList\",\"@id\":\"https:\\\/\\\/saudi-gift.com\\\/fr\\\/product\\\/chapelet-de-pierres-aventurine\\\/#breadcrumb\",\"itemListElement\":[{\"@type\":\"ListItem\",\"position\":1,\"name\":\"Home\",\"item\":\"https:\\\/\\\/saudi-gift.com\\\/fr\\\/\"},{\"@type\":\"ListItem\",\"position\":2,\"name\":\"Acheter\",\"item\":\"https:\\\/\\\/saudi-gift.com\\\/fr\\\/acheter\\\/\"},{\"@type\":\"ListItem\",\"position\":3,\"name\":\"Chapelet de pierres &#8211; Aventurine\"}]},{\"@type\":\"WebSite\",\"@id\":\"https:\\\/\\\/saudi-gift.com\\\/#website\",\"url\":\"https:\\\/\\\/saudi-gift.com\\\/\",\"name\":\"\u0647\u062f\u064a\u0629 \u0633\u0639\u0648\u062f\u064a\u0629\",\"description\":\"\u0647\u062f\u064a\u0629 \u0633\u0639\u0648\u062f\u064a\u0629 \u0645\u062a\u062c\u0631 \u0627\u0644\u0643\u062a\u0631\u0648\u0646\u064a \u064a\u0642\u062f\u0645 \u0644\u0643\u0645 \u0645\u062c\u0645\u0648\u0639\u0629 \u0645\u0646 \u0627\u0644\u0647\u062f\u0627\u064a\u0627 \u0627\u0644\u062a\u064a \u062a\u062c\u0633\u062f \u0639\u0628\u0642 \u0630\u0643\u0631\u064a\u0627\u062a\u0643\u0645 \u0641\u064a \u0627\u0644\u0645\u0634\u0627\u0639\u0631 \u0627\u0644\u0645\u0642\u062f\u0633\u0629\",\"publisher\":{\"@id\":\"https:\\\/\\\/saudi-gift.com\\\/#organization\"},\"alternateName\":\"\u0647\u062f\u064a\u0629 \u0633\u0639\u0648\u062f\u064a\u0629\",\"potentialAction\":[{\"@type\":\"SearchAction\",\"target\":{\"@type\":\"EntryPoint\",\"urlTemplate\":\"https:\\\/\\\/saudi-gift.com\\\/?s={search_term_string}\"},\"query-input\":{\"@type\":\"PropertyValueSpecification\",\"valueRequired\":true,\"valueName\":\"search_term_string\"}}],\"inLanguage\":\"fr-FR\"},{\"@type\":\"Organization\",\"@id\":\"https:\\\/\\\/saudi-gift.com\\\/#organization\",\"name\":\"\u0645\u062a\u062c\u0631 \u0627\u0644\u0647\u062f\u064a\u0629\",\"alternateName\":\"\u0647\u062f\u064a\u0629 \u0633\u0639\u0648\u062f\u064a\u0629\",\"url\":\"https:\\\/\\\/saudi-gift.com\\\/\",\"logo\":{\"@type\":\"ImageObject\",\"inLanguage\":\"fr-FR\",\"@id\":\"https:\\\/\\\/saudi-gift.com\\\/#\\\/schema\\\/logo\\\/image\\\/\",\"url\":\"https:\\\/\\\/saudi-gift.com\\\/wp-content\\\/uploads\\\/2025\\\/05\\\/2.png\",\"contentUrl\":\"https:\\\/\\\/saudi-gift.com\\\/wp-content\\\/uploads\\\/2025\\\/05\\\/2.png\",\"width\":163,\"height\":42,\"caption\":\"\u0645\u062a\u062c\u0631 \u0627\u0644\u0647\u062f\u064a\u0629\"},\"image\":{\"@id\":\"https:\\\/\\\/saudi-gift.com\\\/#\\\/schema\\\/logo\\\/image\\\/\"},\"sameAs\":[\"https:\\\/\\\/www.facebook.com\\\/profile.php?id=61560277649059&mibextid=LQQJ4d\",\"https:\\\/\\\/x.com\\\/saudigift_\"]}]}<\/script>\n<!-- \/ Yoast SEO Premium plugin. -->","yoast_head_json":{"title":"Chapelet de pierres - Aventurine - \u0647\u062f\u064a\u0629 \u0633\u0639\u0648\u062f\u064a\u0629","description":"Les perles de rosaire en aventurine sont fabriqu\u00e9es \u00e0 partir d'aventurine, une pierre pr\u00e9cieuse qui se caract\u00e9rise par sa beaut\u00e9 unique et son \u00e9clat \u00e9tincelant. On pr\u00eate \u00e0 l'aventurine verte de nombreux bienfaits, notamment la gu\u00e9rison et la protection du chakra du c\u0153ur : Gr\u00e2ce \u00e0 sa couleur verte, l'aventurine aide \u00e0 soigner et \u00e0 prot\u00e9ger le chakra du c\u0153ur. R\u00e9duire la pollution \u00e9lectromagn\u00e9tique : R\u00e9duit les effets de la pollution \u00e9lectromagn\u00e9tique.","robots":{"index":"index","follow":"follow","max-snippet":"max-snippet:-1","max-image-preview":"max-image-preview:large","max-video-preview":"max-video-preview:-1"},"canonical":"https:\/\/saudi-gift.com\/fr\/product\/chapelet-de-pierres-aventurine\/","og_locale":"fr_FR","og_type":"article","og_title":"Chapelet de pierres - Aventurine","og_description":"Les perles de rosaire en aventurine sont fabriqu\u00e9es \u00e0 partir d'aventurine, une pierre pr\u00e9cieuse qui se caract\u00e9rise par sa beaut\u00e9 unique et son \u00e9clat \u00e9tincelant. On pr\u00eate \u00e0 l'aventurine verte de nombreux bienfaits, notamment la gu\u00e9rison et la protection du chakra du c\u0153ur : Gr\u00e2ce \u00e0 sa couleur verte, l'aventurine aide \u00e0 soigner et \u00e0 prot\u00e9ger le chakra du c\u0153ur. R\u00e9duire la pollution \u00e9lectromagn\u00e9tique : R\u00e9duit les effets de la pollution \u00e9lectromagn\u00e9tique.","og_url":"https:\/\/saudi-gift.com\/fr\/product\/chapelet-de-pierres-aventurine\/","og_site_name":"\u0647\u062f\u064a\u0629 \u0633\u0639\u0648\u062f\u064a\u0629","article_publisher":"https:\/\/www.facebook.com\/profile.php?id=61560277649059&mibextid=LQQJ4d","article_modified_time":"2025-02-06T10:52:40+00:00","og_image":[{"width":600,"height":600,"url":"https:\/\/saudi-gift.com\/wp-content\/uploads\/2025\/02\/\u0633\u0628\u062d\u0629-\u062d\u062c\u0631-\u0643\u0631\u064a\u0645-\u0627\u0644\u0627\u0641\u0646\u062a\u0648\u0631\u064a\u0646.webp","type":"image\/webp"}],"twitter_card":"summary_large_image","twitter_site":"@saudigift_","schema":{"@context":"https:\/\/schema.org","@graph":[{"@type":"WebPage","@id":"https:\/\/saudi-gift.com\/fr\/product\/chapelet-de-pierres-aventurine\/","url":"https:\/\/saudi-gift.com\/fr\/product\/chapelet-de-pierres-aventurine\/","name":"Chapelet de pierres - Aventurine - \u0647\u062f\u064a\u0629 \u0633\u0639\u0648\u062f\u064a\u0629","isPartOf":{"@id":"https:\/\/saudi-gift.com\/#website"},"primaryImageOfPage":{"@id":"https:\/\/saudi-gift.com\/fr\/product\/chapelet-de-pierres-aventurine\/#primaryimage"},"image":{"@id":"https:\/\/saudi-gift.com\/fr\/product\/chapelet-de-pierres-aventurine\/#primaryimage"},"thumbnailUrl":"https:\/\/saudi-gift.com\/wp-content\/uploads\/2025\/02\/\u0633\u0628\u062d\u0629-\u062d\u062c\u0631-\u0643\u0631\u064a\u0645-\u0627\u0644\u0627\u0641\u0646\u062a\u0648\u0631\u064a\u0646.webp","datePublished":"2025-02-01T11:48:37+00:00","dateModified":"2025-02-06T10:52:40+00:00","description":"Les perles de rosaire en aventurine sont fabriqu\u00e9es \u00e0 partir d'aventurine, une pierre pr\u00e9cieuse qui se caract\u00e9rise par sa beaut\u00e9 unique et son \u00e9clat \u00e9tincelant. On pr\u00eate \u00e0 l'aventurine verte de nombreux bienfaits, notamment la gu\u00e9rison et la protection du chakra du c\u0153ur : Gr\u00e2ce \u00e0 sa couleur verte, l'aventurine aide \u00e0 soigner et \u00e0 prot\u00e9ger le chakra du c\u0153ur. R\u00e9duire la pollution \u00e9lectromagn\u00e9tique : R\u00e9duit les effets de la pollution \u00e9lectromagn\u00e9tique.","breadcrumb":{"@id":"https:\/\/saudi-gift.com\/fr\/product\/chapelet-de-pierres-aventurine\/#breadcrumb"},"inLanguage":"fr-FR","potentialAction":[{"@type":"ReadAction","target":["https:\/\/saudi-gift.com\/fr\/product\/chapelet-de-pierres-aventurine\/"]}]},{"@type":"ImageObject","inLanguage":"fr-FR","@id":"https:\/\/saudi-gift.com\/fr\/product\/chapelet-de-pierres-aventurine\/#primaryimage","url":"https:\/\/saudi-gift.com\/wp-content\/uploads\/2025\/02\/\u0633\u0628\u062d\u0629-\u062d\u062c\u0631-\u0643\u0631\u064a\u0645-\u0627\u0644\u0627\u0641\u0646\u062a\u0648\u0631\u064a\u0646.webp","contentUrl":"https:\/\/saudi-gift.com\/wp-content\/uploads\/2025\/02\/\u0633\u0628\u062d\u0629-\u062d\u062c\u0631-\u0643\u0631\u064a\u0645-\u0627\u0644\u0627\u0641\u0646\u062a\u0648\u0631\u064a\u0646.webp","width":600,"height":600},{"@type":"BreadcrumbList","@id":"https:\/\/saudi-gift.com\/fr\/product\/chapelet-de-pierres-aventurine\/#breadcrumb","itemListElement":[{"@type":"ListItem","position":1,"name":"Home","item":"https:\/\/saudi-gift.com\/fr\/"},{"@type":"ListItem","position":2,"name":"Acheter","item":"https:\/\/saudi-gift.com\/fr\/acheter\/"},{"@type":"ListItem","position":3,"name":"Chapelet de pierres &#8211; Aventurine"}]},{"@type":"WebSite","@id":"https:\/\/saudi-gift.com\/#website","url":"https:\/\/saudi-gift.com\/","name":"\u0647\u062f\u064a\u0629 \u0633\u0639\u0648\u062f\u064a\u0629","description":"\u0647\u062f\u064a\u0629 \u0633\u0639\u0648\u062f\u064a\u0629 \u0645\u062a\u062c\u0631 \u0627\u0644\u0643\u062a\u0631\u0648\u0646\u064a \u064a\u0642\u062f\u0645 \u0644\u0643\u0645 \u0645\u062c\u0645\u0648\u0639\u0629 \u0645\u0646 \u0627\u0644\u0647\u062f\u0627\u064a\u0627 \u0627\u0644\u062a\u064a \u062a\u062c\u0633\u062f \u0639\u0628\u0642 \u0630\u0643\u0631\u064a\u0627\u062a\u0643\u0645 \u0641\u064a \u0627\u0644\u0645\u0634\u0627\u0639\u0631 \u0627\u0644\u0645\u0642\u062f\u0633\u0629","publisher":{"@id":"https:\/\/saudi-gift.com\/#organization"},"alternateName":"\u0647\u062f\u064a\u0629 \u0633\u0639\u0648\u062f\u064a\u0629","potentialAction":[{"@type":"SearchAction","target":{"@type":"EntryPoint","urlTemplate":"https:\/\/saudi-gift.com\/?s={search_term_string}"},"query-input":{"@type":"PropertyValueSpecification","valueRequired":true,"valueName":"search_term_string"}}],"inLanguage":"fr-FR"},{"@type":"Organization","@id":"https:\/\/saudi-gift.com\/#organization","name":"\u0645\u062a\u062c\u0631 \u0627\u0644\u0647\u062f\u064a\u0629","alternateName":"\u0647\u062f\u064a\u0629 \u0633\u0639\u0648\u062f\u064a\u0629","url":"https:\/\/saudi-gift.com\/","logo":{"@type":"ImageObject","inLanguage":"fr-FR","@id":"https:\/\/saudi-gift.com\/#\/schema\/logo\/image\/","url":"https:\/\/saudi-gift.com\/wp-content\/uploads\/2025\/05\/2.png","contentUrl":"https:\/\/saudi-gift.com\/wp-content\/uploads\/2025\/05\/2.png","width":163,"height":42,"caption":"\u0645\u062a\u062c\u0631 \u0627\u0644\u0647\u062f\u064a\u0629"},"image":{"@id":"https:\/\/saudi-gift.com\/#\/schema\/logo\/image\/"},"sameAs":["https:\/\/www.facebook.com\/profile.php?id=61560277649059&mibextid=LQQJ4d","https:\/\/x.com\/saudigift_"]}]}},"jetpack-related-posts":[],"_links":{"self":[{"href":"https:\/\/saudi-gift.com\/fr\/wp-json\/wp\/v2\/product\/46141","targetHints":{"allow":["GET"]}}],"collection":[{"href":"https:\/\/saudi-gift.com\/fr\/wp-json\/wp\/v2\/product"}],"about":[{"href":"https:\/\/saudi-gift.com\/fr\/wp-json\/wp\/v2\/types\/product"}],"replies":[{"embeddable":true,"href":"https:\/\/saudi-gift.com\/fr\/wp-json\/wp\/v2\/comments?post=46141"}],"version-history":[{"count":0,"href":"https:\/\/saudi-gift.com\/fr\/wp-json\/wp\/v2\/product\/46141\/revisions"}],"wp:featuredmedia":[{"embeddable":true,"href":"https:\/\/saudi-gift.com\/fr\/wp-json\/wp\/v2\/media\/45553"}],"wp:attachment":[{"href":"https:\/\/saudi-gift.com\/fr\/wp-json\/wp\/v2\/media?parent=46141"}],"wp:term":[{"taxonomy":"product_brand","embeddable":true,"href":"https:\/\/saudi-gift.com\/fr\/wp-json\/wp\/v2\/product_brand?post=46141"},{"taxonomy":"product_cat","embeddable":true,"href":"https:\/\/saudi-gift.com\/fr\/wp-json\/wp\/v2\/product_cat?post=46141"},{"taxonomy":"product_tag","embeddable":true,"href":"https:\/\/saudi-gift.com\/fr\/wp-json\/wp\/v2\/product_tag?post=46141"}],"curies":[{"name":"wp","href":"https:\/\/api.w.org\/{rel}","templated":true}]}}