{"id":46200,"date":"2025-02-01T15:12:36","date_gmt":"2025-02-01T12:12:36","guid":{"rendered":"https:\/\/saudi-gift.com\/product\/salaam-t-shirt-en-coton-pour-adultes\/"},"modified":"2025-02-06T13:48:19","modified_gmt":"2025-02-06T10:48:19","slug":"salaam-t-shirt-en-coton-pour-adultes","status":"publish","type":"product","link":"https:\/\/saudi-gift.com\/fr\/produit\/salaam-t-shirt-en-coton-pour-adultes\/","title":{"rendered":"Salaam T-Shirt en coton pour adultes"},"content":{"rendered":"<table class=\"table table-bordered\">\n<tbody>\n<tr>\n<th>Mat\u00e9riaux<\/th>\n<td>100% coton<\/td>\n<\/tr>\n<tr>\n<th>Style<\/th>\n<td>Chemise \u00e0 demi-manches<\/td>\n<\/tr>\n<tr>\n<th>La technique<\/th>\n<td>Imprim\u00e9<\/td>\n<\/tr>\n<\/tbody>\n<\/table>\n<p>Salaam T-Shirt en coton pour adultes<\/p>\n","protected":false},"excerpt":{"rendered":"<p>T-shirt 100% pur coton de haute qualit\u00e9<\/p>\n<p>Portez ce T-shirt confortable et \u00e9l\u00e9gant, con\u00e7u avec la phrase \u00ab\u00a0Salam\u00a0\u00bb, inspir\u00e9e du verset \u00ab\u00a0Entrez en paix et en s\u00e9curit\u00e9\u00a0\u00bb, qui exprime la paix et la tranquillit\u00e9 que les visiteurs ressentent \u00e0 La Mecque. Ce tee-shirt refl\u00e8te le sentiment de paix int\u00e9rieure et de s\u00e9curit\u00e9, \u00e0 l&rsquo;abri de toute peur et de toute crainte, que l&rsquo;on ressent d\u00e8s que l&rsquo;on entre \u00e0 La Mecque.<br \/>\nVeuillez consulter le tableau des tailles pour vous assurer de la taille r\u00e9elle. Id\u00e9al pour toutes les occasions, ce T-shirt allie confort et qualit\u00e9 avec un design qui refl\u00e8te la s\u00e9curit\u00e9 et la tranquillit\u00e9 d&rsquo;un visiteur de La Mecque.  <\/p>\n","protected":false},"featured_media":45620,"comment_status":"open","ping_status":"closed","template":"","meta":[],"product_brand":[],"product_cat":[390],"product_tag":[2047,2046,2048],"class_list":{"0":"post-46200","1":"product","2":"type-product","3":"status-publish","4":"has-post-thumbnail","6":"product_cat-imprimes","7":"product_tag--fr","9":"product_tag-_-fr","11":"first","12":"instock","13":"shipping-taxable","14":"product-type-simple"},"yoast_head":"<!-- This site is optimized with the Yoast SEO Premium plugin v27.2 (Yoast SEO v27.6) - https:\/\/yoast.com\/product\/yoast-seo-premium-wordpress\/ -->\n<title>Salaam T-Shirt en coton pour adultes - \u0647\u062f\u064a\u0629 \u0633\u0639\u0648\u062f\u064a\u0629<\/title>\n<meta name=\"robots\" content=\"index, follow, max-snippet:-1, max-image-preview:large, max-video-preview:-1\" \/>\n<link rel=\"canonical\" href=\"https:\/\/saudi-gift.com\/fr\/product\/salaam-t-shirt-en-coton-pour-adultes\/\" \/>\n<meta property=\"og:locale\" content=\"fr_FR\" \/>\n<meta property=\"og:type\" content=\"article\" \/>\n<meta property=\"og:title\" content=\"Salaam T-Shirt en coton pour adultes\" \/>\n<meta property=\"og:description\" content=\"T-shirt 100% pur coton de haute qualit\u00e9 Portez ce T-shirt confortable et \u00e9l\u00e9gant, con\u00e7u avec la phrase &quot;Salam&quot;, inspir\u00e9e du verset &quot;Entrez en paix et en s\u00e9curit\u00e9&quot;, qui exprime la paix et la tranquillit\u00e9 que les visiteurs ressentent \u00e0 La Mecque. Ce tee-shirt refl\u00e8te le sentiment de paix int\u00e9rieure et de s\u00e9curit\u00e9, \u00e0 l&#039;abri de toute peur et de toute crainte, que l&#039;on ressent d\u00e8s que l&#039;on entre \u00e0 La Mecque.  Veuillez consulter le tableau des tailles pour vous assurer de la taille r\u00e9elle. Id\u00e9al pour toutes les occasions, ce T-shirt allie confort et qualit\u00e9 avec un design qui refl\u00e8te la s\u00e9curit\u00e9 et la tranquillit\u00e9 d&#039;un visiteur de La Mecque.\" \/>\n<meta property=\"og:url\" content=\"https:\/\/saudi-gift.com\/fr\/product\/salaam-t-shirt-en-coton-pour-adultes\/\" \/>\n<meta property=\"og:site_name\" content=\"\u0647\u062f\u064a\u0629 \u0633\u0639\u0648\u062f\u064a\u0629\" \/>\n<meta property=\"article:publisher\" content=\"https:\/\/www.facebook.com\/profile.php?id=61560277649059&amp;mibextid=LQQJ4d\" \/>\n<meta property=\"article:modified_time\" content=\"2025-02-06T10:48:19+00:00\" \/>\n<meta property=\"og:image\" content=\"https:\/\/saudi-gift.com\/wp-content\/uploads\/2025\/02\/9002.webp\" \/>\n\t<meta property=\"og:image:width\" content=\"600\" \/>\n\t<meta property=\"og:image:height\" content=\"600\" \/>\n\t<meta property=\"og:image:type\" content=\"image\/webp\" \/>\n<meta name=\"twitter:card\" content=\"summary_large_image\" \/>\n<meta name=\"twitter:site\" content=\"@saudigift_\" \/>\n<script type=\"application\/ld+json\" class=\"yoast-schema-graph\">{\"@context\":\"https:\\\/\\\/schema.org\",\"@graph\":[{\"@type\":\"WebPage\",\"@id\":\"https:\\\/\\\/saudi-gift.com\\\/fr\\\/product\\\/salaam-t-shirt-en-coton-pour-adultes\\\/\",\"url\":\"https:\\\/\\\/saudi-gift.com\\\/fr\\\/product\\\/salaam-t-shirt-en-coton-pour-adultes\\\/\",\"name\":\"Salaam T-Shirt en coton pour adultes - \u0647\u062f\u064a\u0629 \u0633\u0639\u0648\u062f\u064a\u0629\",\"isPartOf\":{\"@id\":\"https:\\\/\\\/saudi-gift.com\\\/#website\"},\"primaryImageOfPage\":{\"@id\":\"https:\\\/\\\/saudi-gift.com\\\/fr\\\/product\\\/salaam-t-shirt-en-coton-pour-adultes\\\/#primaryimage\"},\"image\":{\"@id\":\"https:\\\/\\\/saudi-gift.com\\\/fr\\\/product\\\/salaam-t-shirt-en-coton-pour-adultes\\\/#primaryimage\"},\"thumbnailUrl\":\"https:\\\/\\\/saudi-gift.com\\\/wp-content\\\/uploads\\\/2025\\\/02\\\/9002.webp\",\"datePublished\":\"2025-02-01T12:12:36+00:00\",\"dateModified\":\"2025-02-06T10:48:19+00:00\",\"breadcrumb\":{\"@id\":\"https:\\\/\\\/saudi-gift.com\\\/fr\\\/product\\\/salaam-t-shirt-en-coton-pour-adultes\\\/#breadcrumb\"},\"inLanguage\":\"fr-FR\",\"potentialAction\":[{\"@type\":\"ReadAction\",\"target\":[\"https:\\\/\\\/saudi-gift.com\\\/fr\\\/product\\\/salaam-t-shirt-en-coton-pour-adultes\\\/\"]}]},{\"@type\":\"ImageObject\",\"inLanguage\":\"fr-FR\",\"@id\":\"https:\\\/\\\/saudi-gift.com\\\/fr\\\/product\\\/salaam-t-shirt-en-coton-pour-adultes\\\/#primaryimage\",\"url\":\"https:\\\/\\\/saudi-gift.com\\\/wp-content\\\/uploads\\\/2025\\\/02\\\/9002.webp\",\"contentUrl\":\"https:\\\/\\\/saudi-gift.com\\\/wp-content\\\/uploads\\\/2025\\\/02\\\/9002.webp\",\"width\":600,\"height\":600},{\"@type\":\"BreadcrumbList\",\"@id\":\"https:\\\/\\\/saudi-gift.com\\\/fr\\\/product\\\/salaam-t-shirt-en-coton-pour-adultes\\\/#breadcrumb\",\"itemListElement\":[{\"@type\":\"ListItem\",\"position\":1,\"name\":\"Home\",\"item\":\"https:\\\/\\\/saudi-gift.com\\\/fr\\\/\"},{\"@type\":\"ListItem\",\"position\":2,\"name\":\"Acheter\",\"item\":\"https:\\\/\\\/saudi-gift.com\\\/fr\\\/acheter\\\/\"},{\"@type\":\"ListItem\",\"position\":3,\"name\":\"Salaam T-Shirt en coton pour adultes\"}]},{\"@type\":\"WebSite\",\"@id\":\"https:\\\/\\\/saudi-gift.com\\\/#website\",\"url\":\"https:\\\/\\\/saudi-gift.com\\\/\",\"name\":\"\u0647\u062f\u064a\u0629 \u0633\u0639\u0648\u062f\u064a\u0629\",\"description\":\"\u0647\u062f\u064a\u0629 \u0633\u0639\u0648\u062f\u064a\u0629 \u0645\u062a\u062c\u0631 \u0627\u0644\u0643\u062a\u0631\u0648\u0646\u064a \u064a\u0642\u062f\u0645 \u0644\u0643\u0645 \u0645\u062c\u0645\u0648\u0639\u0629 \u0645\u0646 \u0627\u0644\u0647\u062f\u0627\u064a\u0627 \u0627\u0644\u062a\u064a \u062a\u062c\u0633\u062f \u0639\u0628\u0642 \u0630\u0643\u0631\u064a\u0627\u062a\u0643\u0645 \u0641\u064a \u0627\u0644\u0645\u0634\u0627\u0639\u0631 \u0627\u0644\u0645\u0642\u062f\u0633\u0629\",\"publisher\":{\"@id\":\"https:\\\/\\\/saudi-gift.com\\\/#organization\"},\"alternateName\":\"\u0647\u062f\u064a\u0629 \u0633\u0639\u0648\u062f\u064a\u0629\",\"potentialAction\":[{\"@type\":\"SearchAction\",\"target\":{\"@type\":\"EntryPoint\",\"urlTemplate\":\"https:\\\/\\\/saudi-gift.com\\\/?s={search_term_string}\"},\"query-input\":{\"@type\":\"PropertyValueSpecification\",\"valueRequired\":true,\"valueName\":\"search_term_string\"}}],\"inLanguage\":\"fr-FR\"},{\"@type\":\"Organization\",\"@id\":\"https:\\\/\\\/saudi-gift.com\\\/#organization\",\"name\":\"\u0645\u062a\u062c\u0631 \u0627\u0644\u0647\u062f\u064a\u0629\",\"alternateName\":\"\u0647\u062f\u064a\u0629 \u0633\u0639\u0648\u062f\u064a\u0629\",\"url\":\"https:\\\/\\\/saudi-gift.com\\\/\",\"logo\":{\"@type\":\"ImageObject\",\"inLanguage\":\"fr-FR\",\"@id\":\"https:\\\/\\\/saudi-gift.com\\\/#\\\/schema\\\/logo\\\/image\\\/\",\"url\":\"https:\\\/\\\/saudi-gift.com\\\/wp-content\\\/uploads\\\/2025\\\/05\\\/2.png\",\"contentUrl\":\"https:\\\/\\\/saudi-gift.com\\\/wp-content\\\/uploads\\\/2025\\\/05\\\/2.png\",\"width\":163,\"height\":42,\"caption\":\"\u0645\u062a\u062c\u0631 \u0627\u0644\u0647\u062f\u064a\u0629\"},\"image\":{\"@id\":\"https:\\\/\\\/saudi-gift.com\\\/#\\\/schema\\\/logo\\\/image\\\/\"},\"sameAs\":[\"https:\\\/\\\/www.facebook.com\\\/profile.php?id=61560277649059&mibextid=LQQJ4d\",\"https:\\\/\\\/x.com\\\/saudigift_\"]}]}<\/script>\n<!-- \/ Yoast SEO Premium plugin. -->","yoast_head_json":{"title":"Salaam T-Shirt en coton pour adultes - \u0647\u062f\u064a\u0629 \u0633\u0639\u0648\u062f\u064a\u0629","robots":{"index":"index","follow":"follow","max-snippet":"max-snippet:-1","max-image-preview":"max-image-preview:large","max-video-preview":"max-video-preview:-1"},"canonical":"https:\/\/saudi-gift.com\/fr\/product\/salaam-t-shirt-en-coton-pour-adultes\/","og_locale":"fr_FR","og_type":"article","og_title":"Salaam T-Shirt en coton pour adultes","og_description":"T-shirt 100% pur coton de haute qualit\u00e9 Portez ce T-shirt confortable et \u00e9l\u00e9gant, con\u00e7u avec la phrase \"Salam\", inspir\u00e9e du verset \"Entrez en paix et en s\u00e9curit\u00e9\", qui exprime la paix et la tranquillit\u00e9 que les visiteurs ressentent \u00e0 La Mecque. Ce tee-shirt refl\u00e8te le sentiment de paix int\u00e9rieure et de s\u00e9curit\u00e9, \u00e0 l'abri de toute peur et de toute crainte, que l'on ressent d\u00e8s que l'on entre \u00e0 La Mecque.  Veuillez consulter le tableau des tailles pour vous assurer de la taille r\u00e9elle. Id\u00e9al pour toutes les occasions, ce T-shirt allie confort et qualit\u00e9 avec un design qui refl\u00e8te la s\u00e9curit\u00e9 et la tranquillit\u00e9 d'un visiteur de La Mecque.","og_url":"https:\/\/saudi-gift.com\/fr\/product\/salaam-t-shirt-en-coton-pour-adultes\/","og_site_name":"\u0647\u062f\u064a\u0629 \u0633\u0639\u0648\u062f\u064a\u0629","article_publisher":"https:\/\/www.facebook.com\/profile.php?id=61560277649059&mibextid=LQQJ4d","article_modified_time":"2025-02-06T10:48:19+00:00","og_image":[{"width":600,"height":600,"url":"https:\/\/saudi-gift.com\/wp-content\/uploads\/2025\/02\/9002.webp","type":"image\/webp"}],"twitter_card":"summary_large_image","twitter_site":"@saudigift_","schema":{"@context":"https:\/\/schema.org","@graph":[{"@type":"WebPage","@id":"https:\/\/saudi-gift.com\/fr\/product\/salaam-t-shirt-en-coton-pour-adultes\/","url":"https:\/\/saudi-gift.com\/fr\/product\/salaam-t-shirt-en-coton-pour-adultes\/","name":"Salaam T-Shirt en coton pour adultes - \u0647\u062f\u064a\u0629 \u0633\u0639\u0648\u062f\u064a\u0629","isPartOf":{"@id":"https:\/\/saudi-gift.com\/#website"},"primaryImageOfPage":{"@id":"https:\/\/saudi-gift.com\/fr\/product\/salaam-t-shirt-en-coton-pour-adultes\/#primaryimage"},"image":{"@id":"https:\/\/saudi-gift.com\/fr\/product\/salaam-t-shirt-en-coton-pour-adultes\/#primaryimage"},"thumbnailUrl":"https:\/\/saudi-gift.com\/wp-content\/uploads\/2025\/02\/9002.webp","datePublished":"2025-02-01T12:12:36+00:00","dateModified":"2025-02-06T10:48:19+00:00","breadcrumb":{"@id":"https:\/\/saudi-gift.com\/fr\/product\/salaam-t-shirt-en-coton-pour-adultes\/#breadcrumb"},"inLanguage":"fr-FR","potentialAction":[{"@type":"ReadAction","target":["https:\/\/saudi-gift.com\/fr\/product\/salaam-t-shirt-en-coton-pour-adultes\/"]}]},{"@type":"ImageObject","inLanguage":"fr-FR","@id":"https:\/\/saudi-gift.com\/fr\/product\/salaam-t-shirt-en-coton-pour-adultes\/#primaryimage","url":"https:\/\/saudi-gift.com\/wp-content\/uploads\/2025\/02\/9002.webp","contentUrl":"https:\/\/saudi-gift.com\/wp-content\/uploads\/2025\/02\/9002.webp","width":600,"height":600},{"@type":"BreadcrumbList","@id":"https:\/\/saudi-gift.com\/fr\/product\/salaam-t-shirt-en-coton-pour-adultes\/#breadcrumb","itemListElement":[{"@type":"ListItem","position":1,"name":"Home","item":"https:\/\/saudi-gift.com\/fr\/"},{"@type":"ListItem","position":2,"name":"Acheter","item":"https:\/\/saudi-gift.com\/fr\/acheter\/"},{"@type":"ListItem","position":3,"name":"Salaam T-Shirt en coton pour adultes"}]},{"@type":"WebSite","@id":"https:\/\/saudi-gift.com\/#website","url":"https:\/\/saudi-gift.com\/","name":"\u0647\u062f\u064a\u0629 \u0633\u0639\u0648\u062f\u064a\u0629","description":"\u0647\u062f\u064a\u0629 \u0633\u0639\u0648\u062f\u064a\u0629 \u0645\u062a\u062c\u0631 \u0627\u0644\u0643\u062a\u0631\u0648\u0646\u064a \u064a\u0642\u062f\u0645 \u0644\u0643\u0645 \u0645\u062c\u0645\u0648\u0639\u0629 \u0645\u0646 \u0627\u0644\u0647\u062f\u0627\u064a\u0627 \u0627\u0644\u062a\u064a \u062a\u062c\u0633\u062f \u0639\u0628\u0642 \u0630\u0643\u0631\u064a\u0627\u062a\u0643\u0645 \u0641\u064a \u0627\u0644\u0645\u0634\u0627\u0639\u0631 \u0627\u0644\u0645\u0642\u062f\u0633\u0629","publisher":{"@id":"https:\/\/saudi-gift.com\/#organization"},"alternateName":"\u0647\u062f\u064a\u0629 \u0633\u0639\u0648\u062f\u064a\u0629","potentialAction":[{"@type":"SearchAction","target":{"@type":"EntryPoint","urlTemplate":"https:\/\/saudi-gift.com\/?s={search_term_string}"},"query-input":{"@type":"PropertyValueSpecification","valueRequired":true,"valueName":"search_term_string"}}],"inLanguage":"fr-FR"},{"@type":"Organization","@id":"https:\/\/saudi-gift.com\/#organization","name":"\u0645\u062a\u062c\u0631 \u0627\u0644\u0647\u062f\u064a\u0629","alternateName":"\u0647\u062f\u064a\u0629 \u0633\u0639\u0648\u062f\u064a\u0629","url":"https:\/\/saudi-gift.com\/","logo":{"@type":"ImageObject","inLanguage":"fr-FR","@id":"https:\/\/saudi-gift.com\/#\/schema\/logo\/image\/","url":"https:\/\/saudi-gift.com\/wp-content\/uploads\/2025\/05\/2.png","contentUrl":"https:\/\/saudi-gift.com\/wp-content\/uploads\/2025\/05\/2.png","width":163,"height":42,"caption":"\u0645\u062a\u062c\u0631 \u0627\u0644\u0647\u062f\u064a\u0629"},"image":{"@id":"https:\/\/saudi-gift.com\/#\/schema\/logo\/image\/"},"sameAs":["https:\/\/www.facebook.com\/profile.php?id=61560277649059&mibextid=LQQJ4d","https:\/\/x.com\/saudigift_"]}]}},"jetpack-related-posts":[],"_links":{"self":[{"href":"https:\/\/saudi-gift.com\/fr\/wp-json\/wp\/v2\/product\/46200","targetHints":{"allow":["GET"]}}],"collection":[{"href":"https:\/\/saudi-gift.com\/fr\/wp-json\/wp\/v2\/product"}],"about":[{"href":"https:\/\/saudi-gift.com\/fr\/wp-json\/wp\/v2\/types\/product"}],"replies":[{"embeddable":true,"href":"https:\/\/saudi-gift.com\/fr\/wp-json\/wp\/v2\/comments?post=46200"}],"version-history":[{"count":0,"href":"https:\/\/saudi-gift.com\/fr\/wp-json\/wp\/v2\/product\/46200\/revisions"}],"wp:featuredmedia":[{"embeddable":true,"href":"https:\/\/saudi-gift.com\/fr\/wp-json\/wp\/v2\/media\/45620"}],"wp:attachment":[{"href":"https:\/\/saudi-gift.com\/fr\/wp-json\/wp\/v2\/media?parent=46200"}],"wp:term":[{"taxonomy":"product_brand","embeddable":true,"href":"https:\/\/saudi-gift.com\/fr\/wp-json\/wp\/v2\/product_brand?post=46200"},{"taxonomy":"product_cat","embeddable":true,"href":"https:\/\/saudi-gift.com\/fr\/wp-json\/wp\/v2\/product_cat?post=46200"},{"taxonomy":"product_tag","embeddable":true,"href":"https:\/\/saudi-gift.com\/fr\/wp-json\/wp\/v2\/product_tag?post=46200"}],"curies":[{"name":"wp","href":"https:\/\/api.w.org\/{rel}","templated":true}]}}