{"id":46409,"date":"2025-02-01T19:43:45","date_gmt":"2025-02-01T16:43:45","guid":{"rendered":"https:\/\/saudi-gift.com\/product\/recipient-a-boisson\/"},"modified":"2025-02-03T15:03:42","modified_gmt":"2025-02-03T12:03:42","slug":"recipient-a-boisson","status":"publish","type":"product","link":"https:\/\/saudi-gift.com\/fr\/produit\/recipient-a-boisson\/","title":{"rendered":"R\u00e9cipient \u00e0 boisson"},"content":{"rendered":"<p>R\u00e9cipient \u00e0 boisson<\/p>\n<p>Bouteille thermos en verre double couche<\/p>\n<p>Profitez de la pr\u00e9paration de votre th\u00e9 pr\u00e9f\u00e9r\u00e9 \u00e0 tout moment gr\u00e2ce \u00e0 cette luxueuse gourde en verre qui garantit la commodit\u00e9 et la facilit\u00e9 d&rsquo;utilisation. Gr\u00e2ce \u00e0 sa conception \u00e0 double couche, vous pouvez \u00eatre s\u00fbr que la gourde ne chauffera pas de l&rsquo;ext\u00e9rieur et ne sera pas affect\u00e9e par la chaleur de l&rsquo;int\u00e9rieur, ce qui la rend incassable. La gourde est herm\u00e9tiquement ferm\u00e9e pour vous offrir une exp\u00e9rience de th\u00e9 parfaite.<br \/>\nMode d&#8217;emploi : Vous pouvez placer des feuilles de th\u00e9 dans la partie centrale et, lorsque vous souhaitez faire infuser du th\u00e9, il vous suffit de tourner la partie centrale et d&rsquo;inverser la gourde pour m\u00e9langer le th\u00e9 \u00e0 l&rsquo;eau. Fermez la gourde lorsque le th\u00e9 atteint la temp\u00e9rature souhait\u00e9e et savourez un th\u00e9 parfait.  <\/p>\n","protected":false},"excerpt":{"rendered":"<p><strong>Profitez de la pr\u00e9paration de votre th\u00e9 pr\u00e9f\u00e9r\u00e9 \u00e0 tout moment gr\u00e2ce \u00e0 cette luxueuse gourde en verre qui garantit la commodit\u00e9 et la facilit\u00e9 d&rsquo;utilisation.<\/strong><\/p>\n","protected":false},"featured_media":46337,"comment_status":"open","ping_status":"closed","template":"","meta":[],"product_brand":[],"product_cat":[3122],"product_tag":[2071],"class_list":{"0":"post-46409","1":"product","2":"type-product","3":"status-publish","4":"has-post-thumbnail","6":"product_cat-3122","7":"product_tag--fr","9":"first","10":"instock","11":"shipping-taxable","12":"purchasable","13":"product-type-simple"},"yoast_head":"<!-- This site is optimized with the Yoast SEO Premium plugin v27.2 (Yoast SEO v27.3) - https:\/\/yoast.com\/product\/yoast-seo-premium-wordpress\/ -->\n<title>R\u00e9cipient \u00e0 boisson - \u0647\u062f\u064a\u0629 \u0633\u0639\u0648\u062f\u064a\u0629<\/title>\n<meta name=\"description\" content=\"Profitez de la pr\u00e9paration de votre th\u00e9 pr\u00e9f\u00e9r\u00e9 \u00e0 tout moment gr\u00e2ce \u00e0 cette luxueuse gourde en verre qui garantit la commodit\u00e9 et la facilit\u00e9 d&#039;utilisation. Gr\u00e2ce \u00e0 sa conception \u00e0 double couche, vous pouvez \u00eatre s\u00fbr que la gourde ne chauffera pas de l&#039;ext\u00e9rieur et ne sera pas affect\u00e9e par la chaleur de l&#039;int\u00e9rieur, ce qui la rend incassable. La gourde est herm\u00e9tiquement ferm\u00e9e pour vous offrir une exp\u00e9rience de th\u00e9 parfaite.\" \/>\n<meta name=\"robots\" content=\"index, follow, max-snippet:-1, max-image-preview:large, max-video-preview:-1\" \/>\n<link rel=\"canonical\" href=\"https:\/\/saudi-gift.com\/product\/\u062d\u0627\u0641\u0638\u0629-\u0645\u0634\u0631\u0648\u0628\u0627\u062a-\u0642\u0632\u0627\u0632\/\" \/>\n<meta property=\"og:locale\" content=\"fr_FR\" \/>\n<meta property=\"og:type\" content=\"article\" \/>\n<meta property=\"og:title\" content=\"R\u00e9cipient \u00e0 boisson\" \/>\n<meta property=\"og:description\" content=\"Profitez de la pr\u00e9paration de votre th\u00e9 pr\u00e9f\u00e9r\u00e9 \u00e0 tout moment gr\u00e2ce \u00e0 cette luxueuse gourde en verre qui garantit la commodit\u00e9 et la facilit\u00e9 d&#039;utilisation. Gr\u00e2ce \u00e0 sa conception \u00e0 double couche, vous pouvez \u00eatre s\u00fbr que la gourde ne chauffera pas de l&#039;ext\u00e9rieur et ne sera pas affect\u00e9e par la chaleur de l&#039;int\u00e9rieur, ce qui la rend incassable. La gourde est herm\u00e9tiquement ferm\u00e9e pour vous offrir une exp\u00e9rience de th\u00e9 parfaite.\" \/>\n<meta property=\"og:url\" content=\"https:\/\/saudi-gift.com\/product\/\u062d\u0627\u0641\u0638\u0629-\u0645\u0634\u0631\u0648\u0628\u0627\u062a-\u0642\u0632\u0627\u0632\/\" \/>\n<meta property=\"og:site_name\" content=\"\u0647\u062f\u064a\u0629 \u0633\u0639\u0648\u062f\u064a\u0629\" \/>\n<meta property=\"article:publisher\" content=\"https:\/\/www.facebook.com\/profile.php?id=61560277649059&amp;mibextid=LQQJ4d\" \/>\n<meta property=\"article:modified_time\" content=\"2025-02-03T12:03:42+00:00\" \/>\n<meta property=\"og:image\" content=\"https:\/\/saudi-gift.com\/wp-content\/uploads\/2025\/02\/\u062d\u0627\u0641\u0638\u0629-\u0645\u0634\u0631\u0648\u0628\u0627\u062a-\u0642\u0632\u0627\u0632.webp\" \/>\n\t<meta property=\"og:image:width\" content=\"600\" \/>\n\t<meta property=\"og:image:height\" content=\"600\" \/>\n\t<meta property=\"og:image:type\" content=\"image\/webp\" \/>\n<meta name=\"twitter:card\" content=\"summary_large_image\" \/>\n<meta name=\"twitter:site\" content=\"@saudigift_\" \/>\n<meta name=\"twitter:label1\" content=\"Dur\u00e9e de lecture estim\u00e9e\" \/>\n\t<meta name=\"twitter:data1\" content=\"1 minute\" \/>\n<script type=\"application\/ld+json\" class=\"yoast-schema-graph\">{\"@context\":\"https:\\\/\\\/schema.org\",\"@graph\":[{\"@type\":\"WebPage\",\"@id\":\"https:\\\/\\\/saudi-gift.com\\\/product\\\/%d8%ad%d8%a7%d9%81%d8%b8%d8%a9-%d9%85%d8%b4%d8%b1%d9%88%d8%a8%d8%a7%d8%aa-%d9%82%d8%b2%d8%a7%d8%b2\\\/\",\"url\":\"https:\\\/\\\/saudi-gift.com\\\/product\\\/%d8%ad%d8%a7%d9%81%d8%b8%d8%a9-%d9%85%d8%b4%d8%b1%d9%88%d8%a8%d8%a7%d8%aa-%d9%82%d8%b2%d8%a7%d8%b2\\\/\",\"name\":\"R\u00e9cipient \u00e0 boisson - \u0647\u062f\u064a\u0629 \u0633\u0639\u0648\u062f\u064a\u0629\",\"isPartOf\":{\"@id\":\"https:\\\/\\\/saudi-gift.com\\\/#website\"},\"primaryImageOfPage\":{\"@id\":\"https:\\\/\\\/saudi-gift.com\\\/product\\\/%d8%ad%d8%a7%d9%81%d8%b8%d8%a9-%d9%85%d8%b4%d8%b1%d9%88%d8%a8%d8%a7%d8%aa-%d9%82%d8%b2%d8%a7%d8%b2\\\/#primaryimage\"},\"image\":{\"@id\":\"https:\\\/\\\/saudi-gift.com\\\/product\\\/%d8%ad%d8%a7%d9%81%d8%b8%d8%a9-%d9%85%d8%b4%d8%b1%d9%88%d8%a8%d8%a7%d8%aa-%d9%82%d8%b2%d8%a7%d8%b2\\\/#primaryimage\"},\"thumbnailUrl\":\"https:\\\/\\\/saudi-gift.com\\\/wp-content\\\/uploads\\\/2025\\\/02\\\/\u062d\u0627\u0641\u0638\u0629-\u0645\u0634\u0631\u0648\u0628\u0627\u062a-\u0642\u0632\u0627\u0632.webp\",\"datePublished\":\"2025-02-01T16:43:45+00:00\",\"dateModified\":\"2025-02-03T12:03:42+00:00\",\"description\":\"Profitez de la pr\u00e9paration de votre th\u00e9 pr\u00e9f\u00e9r\u00e9 \u00e0 tout moment gr\u00e2ce \u00e0 cette luxueuse gourde en verre qui garantit la commodit\u00e9 et la facilit\u00e9 d'utilisation. Gr\u00e2ce \u00e0 sa conception \u00e0 double couche, vous pouvez \u00eatre s\u00fbr que la gourde ne chauffera pas de l'ext\u00e9rieur et ne sera pas affect\u00e9e par la chaleur de l'int\u00e9rieur, ce qui la rend incassable. La gourde est herm\u00e9tiquement ferm\u00e9e pour vous offrir une exp\u00e9rience de th\u00e9 parfaite.\",\"breadcrumb\":{\"@id\":\"https:\\\/\\\/saudi-gift.com\\\/product\\\/%d8%ad%d8%a7%d9%81%d8%b8%d8%a9-%d9%85%d8%b4%d8%b1%d9%88%d8%a8%d8%a7%d8%aa-%d9%82%d8%b2%d8%a7%d8%b2\\\/#breadcrumb\"},\"inLanguage\":\"fr-FR\",\"potentialAction\":[{\"@type\":\"ReadAction\",\"target\":[\"https:\\\/\\\/saudi-gift.com\\\/product\\\/%d8%ad%d8%a7%d9%81%d8%b8%d8%a9-%d9%85%d8%b4%d8%b1%d9%88%d8%a8%d8%a7%d8%aa-%d9%82%d8%b2%d8%a7%d8%b2\\\/\"]}]},{\"@type\":\"ImageObject\",\"inLanguage\":\"fr-FR\",\"@id\":\"https:\\\/\\\/saudi-gift.com\\\/product\\\/%d8%ad%d8%a7%d9%81%d8%b8%d8%a9-%d9%85%d8%b4%d8%b1%d9%88%d8%a8%d8%a7%d8%aa-%d9%82%d8%b2%d8%a7%d8%b2\\\/#primaryimage\",\"url\":\"https:\\\/\\\/saudi-gift.com\\\/wp-content\\\/uploads\\\/2025\\\/02\\\/\u062d\u0627\u0641\u0638\u0629-\u0645\u0634\u0631\u0648\u0628\u0627\u062a-\u0642\u0632\u0627\u0632.webp\",\"contentUrl\":\"https:\\\/\\\/saudi-gift.com\\\/wp-content\\\/uploads\\\/2025\\\/02\\\/\u062d\u0627\u0641\u0638\u0629-\u0645\u0634\u0631\u0648\u0628\u0627\u062a-\u0642\u0632\u0627\u0632.webp\",\"width\":600,\"height\":600},{\"@type\":\"BreadcrumbList\",\"@id\":\"https:\\\/\\\/saudi-gift.com\\\/product\\\/%d8%ad%d8%a7%d9%81%d8%b8%d8%a9-%d9%85%d8%b4%d8%b1%d9%88%d8%a8%d8%a7%d8%aa-%d9%82%d8%b2%d8%a7%d8%b2\\\/#breadcrumb\",\"itemListElement\":[{\"@type\":\"ListItem\",\"position\":1,\"name\":\"Home\",\"item\":\"https:\\\/\\\/saudi-gift.com\\\/fr\\\/\"},{\"@type\":\"ListItem\",\"position\":2,\"name\":\"Acheter\",\"item\":\"https:\\\/\\\/saudi-gift.com\\\/fr\\\/acheter\\\/\"},{\"@type\":\"ListItem\",\"position\":3,\"name\":\"R\u00e9cipient \u00e0 boisson\"}]},{\"@type\":\"WebSite\",\"@id\":\"https:\\\/\\\/saudi-gift.com\\\/#website\",\"url\":\"https:\\\/\\\/saudi-gift.com\\\/\",\"name\":\"\u0647\u062f\u064a\u0629 \u0633\u0639\u0648\u062f\u064a\u0629\",\"description\":\"\u0647\u062f\u064a\u0629 \u0633\u0639\u0648\u062f\u064a\u0629 \u0645\u062a\u062c\u0631 \u0627\u0644\u0643\u062a\u0631\u0648\u0646\u064a \u064a\u0642\u062f\u0645 \u0644\u0643\u0645 \u0645\u062c\u0645\u0648\u0639\u0629 \u0645\u0646 \u0627\u0644\u0647\u062f\u0627\u064a\u0627 \u0627\u0644\u062a\u064a \u062a\u062c\u0633\u062f \u0639\u0628\u0642 \u0630\u0643\u0631\u064a\u0627\u062a\u0643\u0645 \u0641\u064a \u0627\u0644\u0645\u0634\u0627\u0639\u0631 \u0627\u0644\u0645\u0642\u062f\u0633\u0629\",\"publisher\":{\"@id\":\"https:\\\/\\\/saudi-gift.com\\\/#organization\"},\"alternateName\":\"\u0647\u062f\u064a\u0629 \u0633\u0639\u0648\u062f\u064a\u0629\",\"potentialAction\":[{\"@type\":\"SearchAction\",\"target\":{\"@type\":\"EntryPoint\",\"urlTemplate\":\"https:\\\/\\\/saudi-gift.com\\\/?s={search_term_string}\"},\"query-input\":{\"@type\":\"PropertyValueSpecification\",\"valueRequired\":true,\"valueName\":\"search_term_string\"}}],\"inLanguage\":\"fr-FR\"},{\"@type\":\"Organization\",\"@id\":\"https:\\\/\\\/saudi-gift.com\\\/#organization\",\"name\":\"\u0645\u062a\u062c\u0631 \u0627\u0644\u0647\u062f\u064a\u0629\",\"alternateName\":\"\u0647\u062f\u064a\u0629 \u0633\u0639\u0648\u062f\u064a\u0629\",\"url\":\"https:\\\/\\\/saudi-gift.com\\\/\",\"logo\":{\"@type\":\"ImageObject\",\"inLanguage\":\"fr-FR\",\"@id\":\"https:\\\/\\\/saudi-gift.com\\\/#\\\/schema\\\/logo\\\/image\\\/\",\"url\":\"https:\\\/\\\/saudi-gift.com\\\/wp-content\\\/uploads\\\/2025\\\/05\\\/2.png\",\"contentUrl\":\"https:\\\/\\\/saudi-gift.com\\\/wp-content\\\/uploads\\\/2025\\\/05\\\/2.png\",\"width\":163,\"height\":42,\"caption\":\"\u0645\u062a\u062c\u0631 \u0627\u0644\u0647\u062f\u064a\u0629\"},\"image\":{\"@id\":\"https:\\\/\\\/saudi-gift.com\\\/#\\\/schema\\\/logo\\\/image\\\/\"},\"sameAs\":[\"https:\\\/\\\/www.facebook.com\\\/profile.php?id=61560277649059&mibextid=LQQJ4d\",\"https:\\\/\\\/x.com\\\/saudigift_\"]}]}<\/script>\n<!-- \/ Yoast SEO Premium plugin. -->","yoast_head_json":{"title":"R\u00e9cipient \u00e0 boisson - \u0647\u062f\u064a\u0629 \u0633\u0639\u0648\u062f\u064a\u0629","description":"Profitez de la pr\u00e9paration de votre th\u00e9 pr\u00e9f\u00e9r\u00e9 \u00e0 tout moment gr\u00e2ce \u00e0 cette luxueuse gourde en verre qui garantit la commodit\u00e9 et la facilit\u00e9 d'utilisation. Gr\u00e2ce \u00e0 sa conception \u00e0 double couche, vous pouvez \u00eatre s\u00fbr que la gourde ne chauffera pas de l'ext\u00e9rieur et ne sera pas affect\u00e9e par la chaleur de l'int\u00e9rieur, ce qui la rend incassable. La gourde est herm\u00e9tiquement ferm\u00e9e pour vous offrir une exp\u00e9rience de th\u00e9 parfaite.","robots":{"index":"index","follow":"follow","max-snippet":"max-snippet:-1","max-image-preview":"max-image-preview:large","max-video-preview":"max-video-preview:-1"},"canonical":"https:\/\/saudi-gift.com\/product\/\u062d\u0627\u0641\u0638\u0629-\u0645\u0634\u0631\u0648\u0628\u0627\u062a-\u0642\u0632\u0627\u0632\/","og_locale":"fr_FR","og_type":"article","og_title":"R\u00e9cipient \u00e0 boisson","og_description":"Profitez de la pr\u00e9paration de votre th\u00e9 pr\u00e9f\u00e9r\u00e9 \u00e0 tout moment gr\u00e2ce \u00e0 cette luxueuse gourde en verre qui garantit la commodit\u00e9 et la facilit\u00e9 d'utilisation. Gr\u00e2ce \u00e0 sa conception \u00e0 double couche, vous pouvez \u00eatre s\u00fbr que la gourde ne chauffera pas de l'ext\u00e9rieur et ne sera pas affect\u00e9e par la chaleur de l'int\u00e9rieur, ce qui la rend incassable. La gourde est herm\u00e9tiquement ferm\u00e9e pour vous offrir une exp\u00e9rience de th\u00e9 parfaite.","og_url":"https:\/\/saudi-gift.com\/product\/\u062d\u0627\u0641\u0638\u0629-\u0645\u0634\u0631\u0648\u0628\u0627\u062a-\u0642\u0632\u0627\u0632\/","og_site_name":"\u0647\u062f\u064a\u0629 \u0633\u0639\u0648\u062f\u064a\u0629","article_publisher":"https:\/\/www.facebook.com\/profile.php?id=61560277649059&mibextid=LQQJ4d","article_modified_time":"2025-02-03T12:03:42+00:00","og_image":[{"width":600,"height":600,"url":"https:\/\/saudi-gift.com\/wp-content\/uploads\/2025\/02\/\u062d\u0627\u0641\u0638\u0629-\u0645\u0634\u0631\u0648\u0628\u0627\u062a-\u0642\u0632\u0627\u0632.webp","type":"image\/webp"}],"twitter_card":"summary_large_image","twitter_site":"@saudigift_","twitter_misc":{"Dur\u00e9e de lecture estim\u00e9e":"1 minute"},"schema":{"@context":"https:\/\/schema.org","@graph":[{"@type":"WebPage","@id":"https:\/\/saudi-gift.com\/product\/%d8%ad%d8%a7%d9%81%d8%b8%d8%a9-%d9%85%d8%b4%d8%b1%d9%88%d8%a8%d8%a7%d8%aa-%d9%82%d8%b2%d8%a7%d8%b2\/","url":"https:\/\/saudi-gift.com\/product\/%d8%ad%d8%a7%d9%81%d8%b8%d8%a9-%d9%85%d8%b4%d8%b1%d9%88%d8%a8%d8%a7%d8%aa-%d9%82%d8%b2%d8%a7%d8%b2\/","name":"R\u00e9cipient \u00e0 boisson - \u0647\u062f\u064a\u0629 \u0633\u0639\u0648\u062f\u064a\u0629","isPartOf":{"@id":"https:\/\/saudi-gift.com\/#website"},"primaryImageOfPage":{"@id":"https:\/\/saudi-gift.com\/product\/%d8%ad%d8%a7%d9%81%d8%b8%d8%a9-%d9%85%d8%b4%d8%b1%d9%88%d8%a8%d8%a7%d8%aa-%d9%82%d8%b2%d8%a7%d8%b2\/#primaryimage"},"image":{"@id":"https:\/\/saudi-gift.com\/product\/%d8%ad%d8%a7%d9%81%d8%b8%d8%a9-%d9%85%d8%b4%d8%b1%d9%88%d8%a8%d8%a7%d8%aa-%d9%82%d8%b2%d8%a7%d8%b2\/#primaryimage"},"thumbnailUrl":"https:\/\/saudi-gift.com\/wp-content\/uploads\/2025\/02\/\u062d\u0627\u0641\u0638\u0629-\u0645\u0634\u0631\u0648\u0628\u0627\u062a-\u0642\u0632\u0627\u0632.webp","datePublished":"2025-02-01T16:43:45+00:00","dateModified":"2025-02-03T12:03:42+00:00","description":"Profitez de la pr\u00e9paration de votre th\u00e9 pr\u00e9f\u00e9r\u00e9 \u00e0 tout moment gr\u00e2ce \u00e0 cette luxueuse gourde en verre qui garantit la commodit\u00e9 et la facilit\u00e9 d'utilisation. Gr\u00e2ce \u00e0 sa conception \u00e0 double couche, vous pouvez \u00eatre s\u00fbr que la gourde ne chauffera pas de l'ext\u00e9rieur et ne sera pas affect\u00e9e par la chaleur de l'int\u00e9rieur, ce qui la rend incassable. La gourde est herm\u00e9tiquement ferm\u00e9e pour vous offrir une exp\u00e9rience de th\u00e9 parfaite.","breadcrumb":{"@id":"https:\/\/saudi-gift.com\/product\/%d8%ad%d8%a7%d9%81%d8%b8%d8%a9-%d9%85%d8%b4%d8%b1%d9%88%d8%a8%d8%a7%d8%aa-%d9%82%d8%b2%d8%a7%d8%b2\/#breadcrumb"},"inLanguage":"fr-FR","potentialAction":[{"@type":"ReadAction","target":["https:\/\/saudi-gift.com\/product\/%d8%ad%d8%a7%d9%81%d8%b8%d8%a9-%d9%85%d8%b4%d8%b1%d9%88%d8%a8%d8%a7%d8%aa-%d9%82%d8%b2%d8%a7%d8%b2\/"]}]},{"@type":"ImageObject","inLanguage":"fr-FR","@id":"https:\/\/saudi-gift.com\/product\/%d8%ad%d8%a7%d9%81%d8%b8%d8%a9-%d9%85%d8%b4%d8%b1%d9%88%d8%a8%d8%a7%d8%aa-%d9%82%d8%b2%d8%a7%d8%b2\/#primaryimage","url":"https:\/\/saudi-gift.com\/wp-content\/uploads\/2025\/02\/\u062d\u0627\u0641\u0638\u0629-\u0645\u0634\u0631\u0648\u0628\u0627\u062a-\u0642\u0632\u0627\u0632.webp","contentUrl":"https:\/\/saudi-gift.com\/wp-content\/uploads\/2025\/02\/\u062d\u0627\u0641\u0638\u0629-\u0645\u0634\u0631\u0648\u0628\u0627\u062a-\u0642\u0632\u0627\u0632.webp","width":600,"height":600},{"@type":"BreadcrumbList","@id":"https:\/\/saudi-gift.com\/product\/%d8%ad%d8%a7%d9%81%d8%b8%d8%a9-%d9%85%d8%b4%d8%b1%d9%88%d8%a8%d8%a7%d8%aa-%d9%82%d8%b2%d8%a7%d8%b2\/#breadcrumb","itemListElement":[{"@type":"ListItem","position":1,"name":"Home","item":"https:\/\/saudi-gift.com\/fr\/"},{"@type":"ListItem","position":2,"name":"Acheter","item":"https:\/\/saudi-gift.com\/fr\/acheter\/"},{"@type":"ListItem","position":3,"name":"R\u00e9cipient \u00e0 boisson"}]},{"@type":"WebSite","@id":"https:\/\/saudi-gift.com\/#website","url":"https:\/\/saudi-gift.com\/","name":"\u0647\u062f\u064a\u0629 \u0633\u0639\u0648\u062f\u064a\u0629","description":"\u0647\u062f\u064a\u0629 \u0633\u0639\u0648\u062f\u064a\u0629 \u0645\u062a\u062c\u0631 \u0627\u0644\u0643\u062a\u0631\u0648\u0646\u064a \u064a\u0642\u062f\u0645 \u0644\u0643\u0645 \u0645\u062c\u0645\u0648\u0639\u0629 \u0645\u0646 \u0627\u0644\u0647\u062f\u0627\u064a\u0627 \u0627\u0644\u062a\u064a \u062a\u062c\u0633\u062f \u0639\u0628\u0642 \u0630\u0643\u0631\u064a\u0627\u062a\u0643\u0645 \u0641\u064a \u0627\u0644\u0645\u0634\u0627\u0639\u0631 \u0627\u0644\u0645\u0642\u062f\u0633\u0629","publisher":{"@id":"https:\/\/saudi-gift.com\/#organization"},"alternateName":"\u0647\u062f\u064a\u0629 \u0633\u0639\u0648\u062f\u064a\u0629","potentialAction":[{"@type":"SearchAction","target":{"@type":"EntryPoint","urlTemplate":"https:\/\/saudi-gift.com\/?s={search_term_string}"},"query-input":{"@type":"PropertyValueSpecification","valueRequired":true,"valueName":"search_term_string"}}],"inLanguage":"fr-FR"},{"@type":"Organization","@id":"https:\/\/saudi-gift.com\/#organization","name":"\u0645\u062a\u062c\u0631 \u0627\u0644\u0647\u062f\u064a\u0629","alternateName":"\u0647\u062f\u064a\u0629 \u0633\u0639\u0648\u062f\u064a\u0629","url":"https:\/\/saudi-gift.com\/","logo":{"@type":"ImageObject","inLanguage":"fr-FR","@id":"https:\/\/saudi-gift.com\/#\/schema\/logo\/image\/","url":"https:\/\/saudi-gift.com\/wp-content\/uploads\/2025\/05\/2.png","contentUrl":"https:\/\/saudi-gift.com\/wp-content\/uploads\/2025\/05\/2.png","width":163,"height":42,"caption":"\u0645\u062a\u062c\u0631 \u0627\u0644\u0647\u062f\u064a\u0629"},"image":{"@id":"https:\/\/saudi-gift.com\/#\/schema\/logo\/image\/"},"sameAs":["https:\/\/www.facebook.com\/profile.php?id=61560277649059&mibextid=LQQJ4d","https:\/\/x.com\/saudigift_"]}]}},"jetpack-related-posts":[],"_links":{"self":[{"href":"https:\/\/saudi-gift.com\/fr\/wp-json\/wp\/v2\/product\/46409","targetHints":{"allow":["GET"]}}],"collection":[{"href":"https:\/\/saudi-gift.com\/fr\/wp-json\/wp\/v2\/product"}],"about":[{"href":"https:\/\/saudi-gift.com\/fr\/wp-json\/wp\/v2\/types\/product"}],"replies":[{"embeddable":true,"href":"https:\/\/saudi-gift.com\/fr\/wp-json\/wp\/v2\/comments?post=46409"}],"version-history":[{"count":0,"href":"https:\/\/saudi-gift.com\/fr\/wp-json\/wp\/v2\/product\/46409\/revisions"}],"wp:featuredmedia":[{"embeddable":true,"href":"https:\/\/saudi-gift.com\/fr\/wp-json\/wp\/v2\/media\/46337"}],"wp:attachment":[{"href":"https:\/\/saudi-gift.com\/fr\/wp-json\/wp\/v2\/media?parent=46409"}],"wp:term":[{"taxonomy":"product_brand","embeddable":true,"href":"https:\/\/saudi-gift.com\/fr\/wp-json\/wp\/v2\/product_brand?post=46409"},{"taxonomy":"product_cat","embeddable":true,"href":"https:\/\/saudi-gift.com\/fr\/wp-json\/wp\/v2\/product_cat?post=46409"},{"taxonomy":"product_tag","embeddable":true,"href":"https:\/\/saudi-gift.com\/fr\/wp-json\/wp\/v2\/product_tag?post=46409"}],"curies":[{"name":"wp","href":"https:\/\/api.w.org\/{rel}","templated":true}]}}