{"id":46414,"date":"2025-02-01T19:37:22","date_gmt":"2025-02-01T16:37:22","guid":{"rendered":"https:\/\/saudi-gift.com\/product\/bouteille-de-sport-isolee-thermiquement-couleur-noire-avec-support\/"},"modified":"2025-02-03T15:04:54","modified_gmt":"2025-02-03T12:04:54","slug":"bouteille-de-sport-isolee-thermiquement-couleur-noire-avec-support","status":"publish","type":"product","link":"https:\/\/saudi-gift.com\/fr\/produit\/bouteille-de-sport-isolee-thermiquement-couleur-noire-avec-support\/","title":{"rendered":"Bouteille de sport isol\u00e9e thermiquement &#8211; couleur noire avec support"},"content":{"rendered":"<p>Bouteille de sport isol\u00e9e thermiquement &#8211; couleur noire avec support<\/p>\n<p>Flasque de sport \u00ab\u00a0Un moment saoudien \u00e0 emporter\u00a0\u00bb Savourez vos boissons pr\u00e9f\u00e9r\u00e9es, chaudes ou froides, avec cette luxueuse flasque de sport, soigneusement con\u00e7ue avec le logo \u00ab\u00a0Un moment saoudien \u00e0 emporter\u00a0\u00bb. Cette gourde de haute qualit\u00e9 est garantie de conserver vos boissons \u00e0 la bonne temp\u00e9rature pendant longtemps, ce qui la rend id\u00e9ale pour faire du sport ou voyager.<\/p>\n<p>Cette gourde de sport est \u00e9quip\u00e9e d&rsquo;une technologie de vide avanc\u00e9e pour maintenir la temp\u00e9rature. Parfait pour un usage quotidien, que ce soit au travail ou en d\u00e9placement. Savourez votre boisson avec une touche de luxe et gardez toujours un souvenir de l&rsquo;Arabie saoudite avec vous\u00a0\u00bb.  <\/p>\n","protected":false},"excerpt":{"rendered":"<p>Cette gourde de sport est \u00e9quip\u00e9e d&rsquo;une technologie de vide avanc\u00e9e pour maintenir la temp\u00e9rature.<\/p>\n<table class=\"table table-bordered\">\n<tbody>\n<tr>\n<th>Capacit\u00e9<\/th>\n<td>800ml<\/td>\n<\/tr>\n<\/tbody>\n<\/table>\n<table class=\"table table-bordered\">\n<tbody>\n<tr>\n<th>Mat\u00e9riaux<\/th>\n<td>Int\u00e9rieur et ext\u00e9rieur : Acier inoxydable 304 <\/td>\n<\/tr>\n<\/tbody>\n<\/table>\n","protected":false},"featured_media":46320,"comment_status":"open","ping_status":"closed","template":"","meta":[],"product_brand":[],"product_cat":[3122],"product_tag":[],"class_list":{"0":"post-46414","1":"product","2":"type-product","3":"status-publish","4":"has-post-thumbnail","6":"product_cat-3122","8":"first","9":"instock","10":"shipping-taxable","11":"purchasable","12":"product-type-simple"},"yoast_head":"<!-- This site is optimized with the Yoast SEO Premium plugin v27.2 (Yoast SEO v27.6) - https:\/\/yoast.com\/product\/yoast-seo-premium-wordpress\/ -->\n<title>Bouteille de sport isol\u00e9e thermiquement - couleur noire avec support - \u0647\u062f\u064a\u0629 \u0633\u0639\u0648\u062f\u064a\u0629<\/title>\n<meta name=\"robots\" content=\"index, follow, max-snippet:-1, max-image-preview:large, max-video-preview:-1\" \/>\n<link rel=\"canonical\" href=\"https:\/\/saudi-gift.com\/product\/\u0642\u0627\u0631\u0648\u0631\u0629-\u0631\u064a\u0627\u0636\u064a\u0629-\u0639\u0627\u0632\u0644\u0629-\u0644\u0644\u062d\u0631\u0627\u0631\u0629-\u0644\u0648\u0646-\u0627\u0633\u0648\u062f-\u0645\/\" \/>\n<meta property=\"og:locale\" content=\"fr_FR\" \/>\n<meta property=\"og:type\" content=\"article\" \/>\n<meta property=\"og:title\" content=\"Bouteille de sport isol\u00e9e thermiquement - couleur noire avec support\" \/>\n<meta property=\"og:description\" content=\"Cette gourde de sport est \u00e9quip\u00e9e d&#039;une technologie de vide avanc\u00e9e pour maintenir la temp\u00e9rature.  Capacit\u00e9 800ml    Mat\u00e9riaux Int\u00e9rieur et ext\u00e9rieur : Acier inoxydable 304\" \/>\n<meta property=\"og:url\" content=\"https:\/\/saudi-gift.com\/product\/\u0642\u0627\u0631\u0648\u0631\u0629-\u0631\u064a\u0627\u0636\u064a\u0629-\u0639\u0627\u0632\u0644\u0629-\u0644\u0644\u062d\u0631\u0627\u0631\u0629-\u0644\u0648\u0646-\u0627\u0633\u0648\u062f-\u0645\/\" \/>\n<meta property=\"og:site_name\" content=\"\u0647\u062f\u064a\u0629 \u0633\u0639\u0648\u062f\u064a\u0629\" \/>\n<meta property=\"article:publisher\" content=\"https:\/\/www.facebook.com\/profile.php?id=61560277649059&amp;mibextid=LQQJ4d\" \/>\n<meta property=\"article:modified_time\" content=\"2025-02-03T12:04:54+00:00\" \/>\n<meta property=\"og:image\" content=\"https:\/\/saudi-gift.com\/wp-content\/uploads\/2025\/02\/\u0642\u0627\u0631\u0648\u0631\u0629-\u0631\u064a\u0627\u0636\u064a\u0629-\u0639\u0627\u0632\u0644\u0629-\u0644\u0644\u062d\u0631\u0627\u0631\u0629-\u0644\u0648\u0646-\u0627\u0633\u0648\u062f-\u0645\u0639-\u062d\u0627\u0645\u0644.webp\" \/>\n\t<meta property=\"og:image:width\" content=\"600\" \/>\n\t<meta property=\"og:image:height\" content=\"600\" \/>\n\t<meta property=\"og:image:type\" content=\"image\/webp\" \/>\n<meta name=\"twitter:card\" content=\"summary_large_image\" \/>\n<meta name=\"twitter:site\" content=\"@saudigift_\" \/>\n<meta name=\"twitter:label1\" content=\"Dur\u00e9e de lecture estim\u00e9e\" \/>\n\t<meta name=\"twitter:data1\" content=\"1 minute\" \/>\n<script type=\"application\/ld+json\" class=\"yoast-schema-graph\">{\"@context\":\"https:\\\/\\\/schema.org\",\"@graph\":[{\"@type\":\"WebPage\",\"@id\":\"https:\\\/\\\/saudi-gift.com\\\/product\\\/%d9%82%d8%a7%d8%b1%d9%88%d8%b1%d8%a9-%d8%b1%d9%8a%d8%a7%d8%b6%d9%8a%d8%a9-%d8%b9%d8%a7%d8%b2%d9%84%d8%a9-%d9%84%d9%84%d8%ad%d8%b1%d8%a7%d8%b1%d8%a9-%d9%84%d9%88%d9%86-%d8%a7%d8%b3%d9%88%d8%af-%d9%85\\\/\",\"url\":\"https:\\\/\\\/saudi-gift.com\\\/product\\\/%d9%82%d8%a7%d8%b1%d9%88%d8%b1%d8%a9-%d8%b1%d9%8a%d8%a7%d8%b6%d9%8a%d8%a9-%d8%b9%d8%a7%d8%b2%d9%84%d8%a9-%d9%84%d9%84%d8%ad%d8%b1%d8%a7%d8%b1%d8%a9-%d9%84%d9%88%d9%86-%d8%a7%d8%b3%d9%88%d8%af-%d9%85\\\/\",\"name\":\"Bouteille de sport isol\u00e9e thermiquement - couleur noire avec support - \u0647\u062f\u064a\u0629 \u0633\u0639\u0648\u062f\u064a\u0629\",\"isPartOf\":{\"@id\":\"https:\\\/\\\/saudi-gift.com\\\/#website\"},\"primaryImageOfPage\":{\"@id\":\"https:\\\/\\\/saudi-gift.com\\\/product\\\/%d9%82%d8%a7%d8%b1%d9%88%d8%b1%d8%a9-%d8%b1%d9%8a%d8%a7%d8%b6%d9%8a%d8%a9-%d8%b9%d8%a7%d8%b2%d9%84%d8%a9-%d9%84%d9%84%d8%ad%d8%b1%d8%a7%d8%b1%d8%a9-%d9%84%d9%88%d9%86-%d8%a7%d8%b3%d9%88%d8%af-%d9%85\\\/#primaryimage\"},\"image\":{\"@id\":\"https:\\\/\\\/saudi-gift.com\\\/product\\\/%d9%82%d8%a7%d8%b1%d9%88%d8%b1%d8%a9-%d8%b1%d9%8a%d8%a7%d8%b6%d9%8a%d8%a9-%d8%b9%d8%a7%d8%b2%d9%84%d8%a9-%d9%84%d9%84%d8%ad%d8%b1%d8%a7%d8%b1%d8%a9-%d9%84%d9%88%d9%86-%d8%a7%d8%b3%d9%88%d8%af-%d9%85\\\/#primaryimage\"},\"thumbnailUrl\":\"https:\\\/\\\/saudi-gift.com\\\/wp-content\\\/uploads\\\/2025\\\/02\\\/\u0642\u0627\u0631\u0648\u0631\u0629-\u0631\u064a\u0627\u0636\u064a\u0629-\u0639\u0627\u0632\u0644\u0629-\u0644\u0644\u062d\u0631\u0627\u0631\u0629-\u0644\u0648\u0646-\u0627\u0633\u0648\u062f-\u0645\u0639-\u062d\u0627\u0645\u0644.webp\",\"datePublished\":\"2025-02-01T16:37:22+00:00\",\"dateModified\":\"2025-02-03T12:04:54+00:00\",\"breadcrumb\":{\"@id\":\"https:\\\/\\\/saudi-gift.com\\\/product\\\/%d9%82%d8%a7%d8%b1%d9%88%d8%b1%d8%a9-%d8%b1%d9%8a%d8%a7%d8%b6%d9%8a%d8%a9-%d8%b9%d8%a7%d8%b2%d9%84%d8%a9-%d9%84%d9%84%d8%ad%d8%b1%d8%a7%d8%b1%d8%a9-%d9%84%d9%88%d9%86-%d8%a7%d8%b3%d9%88%d8%af-%d9%85\\\/#breadcrumb\"},\"inLanguage\":\"fr-FR\",\"potentialAction\":[{\"@type\":\"ReadAction\",\"target\":[\"https:\\\/\\\/saudi-gift.com\\\/product\\\/%d9%82%d8%a7%d8%b1%d9%88%d8%b1%d8%a9-%d8%b1%d9%8a%d8%a7%d8%b6%d9%8a%d8%a9-%d8%b9%d8%a7%d8%b2%d9%84%d8%a9-%d9%84%d9%84%d8%ad%d8%b1%d8%a7%d8%b1%d8%a9-%d9%84%d9%88%d9%86-%d8%a7%d8%b3%d9%88%d8%af-%d9%85\\\/\"]}]},{\"@type\":\"ImageObject\",\"inLanguage\":\"fr-FR\",\"@id\":\"https:\\\/\\\/saudi-gift.com\\\/product\\\/%d9%82%d8%a7%d8%b1%d9%88%d8%b1%d8%a9-%d8%b1%d9%8a%d8%a7%d8%b6%d9%8a%d8%a9-%d8%b9%d8%a7%d8%b2%d9%84%d8%a9-%d9%84%d9%84%d8%ad%d8%b1%d8%a7%d8%b1%d8%a9-%d9%84%d9%88%d9%86-%d8%a7%d8%b3%d9%88%d8%af-%d9%85\\\/#primaryimage\",\"url\":\"https:\\\/\\\/saudi-gift.com\\\/wp-content\\\/uploads\\\/2025\\\/02\\\/\u0642\u0627\u0631\u0648\u0631\u0629-\u0631\u064a\u0627\u0636\u064a\u0629-\u0639\u0627\u0632\u0644\u0629-\u0644\u0644\u062d\u0631\u0627\u0631\u0629-\u0644\u0648\u0646-\u0627\u0633\u0648\u062f-\u0645\u0639-\u062d\u0627\u0645\u0644.webp\",\"contentUrl\":\"https:\\\/\\\/saudi-gift.com\\\/wp-content\\\/uploads\\\/2025\\\/02\\\/\u0642\u0627\u0631\u0648\u0631\u0629-\u0631\u064a\u0627\u0636\u064a\u0629-\u0639\u0627\u0632\u0644\u0629-\u0644\u0644\u062d\u0631\u0627\u0631\u0629-\u0644\u0648\u0646-\u0627\u0633\u0648\u062f-\u0645\u0639-\u062d\u0627\u0645\u0644.webp\",\"width\":600,\"height\":600},{\"@type\":\"BreadcrumbList\",\"@id\":\"https:\\\/\\\/saudi-gift.com\\\/product\\\/%d9%82%d8%a7%d8%b1%d9%88%d8%b1%d8%a9-%d8%b1%d9%8a%d8%a7%d8%b6%d9%8a%d8%a9-%d8%b9%d8%a7%d8%b2%d9%84%d8%a9-%d9%84%d9%84%d8%ad%d8%b1%d8%a7%d8%b1%d8%a9-%d9%84%d9%88%d9%86-%d8%a7%d8%b3%d9%88%d8%af-%d9%85\\\/#breadcrumb\",\"itemListElement\":[{\"@type\":\"ListItem\",\"position\":1,\"name\":\"Home\",\"item\":\"https:\\\/\\\/saudi-gift.com\\\/fr\\\/\"},{\"@type\":\"ListItem\",\"position\":2,\"name\":\"Acheter\",\"item\":\"https:\\\/\\\/saudi-gift.com\\\/fr\\\/acheter\\\/\"},{\"@type\":\"ListItem\",\"position\":3,\"name\":\"Bouteille de sport isol\u00e9e thermiquement &#8211; couleur noire avec support\"}]},{\"@type\":\"WebSite\",\"@id\":\"https:\\\/\\\/saudi-gift.com\\\/#website\",\"url\":\"https:\\\/\\\/saudi-gift.com\\\/\",\"name\":\"\u0647\u062f\u064a\u0629 \u0633\u0639\u0648\u062f\u064a\u0629\",\"description\":\"\u0647\u062f\u064a\u0629 \u0633\u0639\u0648\u062f\u064a\u0629 \u0645\u062a\u062c\u0631 \u0627\u0644\u0643\u062a\u0631\u0648\u0646\u064a \u064a\u0642\u062f\u0645 \u0644\u0643\u0645 \u0645\u062c\u0645\u0648\u0639\u0629 \u0645\u0646 \u0627\u0644\u0647\u062f\u0627\u064a\u0627 \u0627\u0644\u062a\u064a \u062a\u062c\u0633\u062f \u0639\u0628\u0642 \u0630\u0643\u0631\u064a\u0627\u062a\u0643\u0645 \u0641\u064a \u0627\u0644\u0645\u0634\u0627\u0639\u0631 \u0627\u0644\u0645\u0642\u062f\u0633\u0629\",\"publisher\":{\"@id\":\"https:\\\/\\\/saudi-gift.com\\\/#organization\"},\"alternateName\":\"\u0647\u062f\u064a\u0629 \u0633\u0639\u0648\u062f\u064a\u0629\",\"potentialAction\":[{\"@type\":\"SearchAction\",\"target\":{\"@type\":\"EntryPoint\",\"urlTemplate\":\"https:\\\/\\\/saudi-gift.com\\\/?s={search_term_string}\"},\"query-input\":{\"@type\":\"PropertyValueSpecification\",\"valueRequired\":true,\"valueName\":\"search_term_string\"}}],\"inLanguage\":\"fr-FR\"},{\"@type\":\"Organization\",\"@id\":\"https:\\\/\\\/saudi-gift.com\\\/#organization\",\"name\":\"\u0645\u062a\u062c\u0631 \u0627\u0644\u0647\u062f\u064a\u0629\",\"alternateName\":\"\u0647\u062f\u064a\u0629 \u0633\u0639\u0648\u062f\u064a\u0629\",\"url\":\"https:\\\/\\\/saudi-gift.com\\\/\",\"logo\":{\"@type\":\"ImageObject\",\"inLanguage\":\"fr-FR\",\"@id\":\"https:\\\/\\\/saudi-gift.com\\\/#\\\/schema\\\/logo\\\/image\\\/\",\"url\":\"https:\\\/\\\/saudi-gift.com\\\/wp-content\\\/uploads\\\/2025\\\/05\\\/2.png\",\"contentUrl\":\"https:\\\/\\\/saudi-gift.com\\\/wp-content\\\/uploads\\\/2025\\\/05\\\/2.png\",\"width\":163,\"height\":42,\"caption\":\"\u0645\u062a\u062c\u0631 \u0627\u0644\u0647\u062f\u064a\u0629\"},\"image\":{\"@id\":\"https:\\\/\\\/saudi-gift.com\\\/#\\\/schema\\\/logo\\\/image\\\/\"},\"sameAs\":[\"https:\\\/\\\/www.facebook.com\\\/profile.php?id=61560277649059&mibextid=LQQJ4d\",\"https:\\\/\\\/x.com\\\/saudigift_\"]}]}<\/script>\n<!-- \/ Yoast SEO Premium plugin. -->","yoast_head_json":{"title":"Bouteille de sport isol\u00e9e thermiquement - couleur noire avec support - \u0647\u062f\u064a\u0629 \u0633\u0639\u0648\u062f\u064a\u0629","robots":{"index":"index","follow":"follow","max-snippet":"max-snippet:-1","max-image-preview":"max-image-preview:large","max-video-preview":"max-video-preview:-1"},"canonical":"https:\/\/saudi-gift.com\/product\/\u0642\u0627\u0631\u0648\u0631\u0629-\u0631\u064a\u0627\u0636\u064a\u0629-\u0639\u0627\u0632\u0644\u0629-\u0644\u0644\u062d\u0631\u0627\u0631\u0629-\u0644\u0648\u0646-\u0627\u0633\u0648\u062f-\u0645\/","og_locale":"fr_FR","og_type":"article","og_title":"Bouteille de sport isol\u00e9e thermiquement - couleur noire avec support","og_description":"Cette gourde de sport est \u00e9quip\u00e9e d'une technologie de vide avanc\u00e9e pour maintenir la temp\u00e9rature.  Capacit\u00e9 800ml    Mat\u00e9riaux Int\u00e9rieur et ext\u00e9rieur : Acier inoxydable 304","og_url":"https:\/\/saudi-gift.com\/product\/\u0642\u0627\u0631\u0648\u0631\u0629-\u0631\u064a\u0627\u0636\u064a\u0629-\u0639\u0627\u0632\u0644\u0629-\u0644\u0644\u062d\u0631\u0627\u0631\u0629-\u0644\u0648\u0646-\u0627\u0633\u0648\u062f-\u0645\/","og_site_name":"\u0647\u062f\u064a\u0629 \u0633\u0639\u0648\u062f\u064a\u0629","article_publisher":"https:\/\/www.facebook.com\/profile.php?id=61560277649059&mibextid=LQQJ4d","article_modified_time":"2025-02-03T12:04:54+00:00","og_image":[{"width":600,"height":600,"url":"https:\/\/saudi-gift.com\/wp-content\/uploads\/2025\/02\/\u0642\u0627\u0631\u0648\u0631\u0629-\u0631\u064a\u0627\u0636\u064a\u0629-\u0639\u0627\u0632\u0644\u0629-\u0644\u0644\u062d\u0631\u0627\u0631\u0629-\u0644\u0648\u0646-\u0627\u0633\u0648\u062f-\u0645\u0639-\u062d\u0627\u0645\u0644.webp","type":"image\/webp"}],"twitter_card":"summary_large_image","twitter_site":"@saudigift_","twitter_misc":{"Dur\u00e9e de lecture estim\u00e9e":"1 minute"},"schema":{"@context":"https:\/\/schema.org","@graph":[{"@type":"WebPage","@id":"https:\/\/saudi-gift.com\/product\/%d9%82%d8%a7%d8%b1%d9%88%d8%b1%d8%a9-%d8%b1%d9%8a%d8%a7%d8%b6%d9%8a%d8%a9-%d8%b9%d8%a7%d8%b2%d9%84%d8%a9-%d9%84%d9%84%d8%ad%d8%b1%d8%a7%d8%b1%d8%a9-%d9%84%d9%88%d9%86-%d8%a7%d8%b3%d9%88%d8%af-%d9%85\/","url":"https:\/\/saudi-gift.com\/product\/%d9%82%d8%a7%d8%b1%d9%88%d8%b1%d8%a9-%d8%b1%d9%8a%d8%a7%d8%b6%d9%8a%d8%a9-%d8%b9%d8%a7%d8%b2%d9%84%d8%a9-%d9%84%d9%84%d8%ad%d8%b1%d8%a7%d8%b1%d8%a9-%d9%84%d9%88%d9%86-%d8%a7%d8%b3%d9%88%d8%af-%d9%85\/","name":"Bouteille de sport isol\u00e9e thermiquement - couleur noire avec support - \u0647\u062f\u064a\u0629 \u0633\u0639\u0648\u062f\u064a\u0629","isPartOf":{"@id":"https:\/\/saudi-gift.com\/#website"},"primaryImageOfPage":{"@id":"https:\/\/saudi-gift.com\/product\/%d9%82%d8%a7%d8%b1%d9%88%d8%b1%d8%a9-%d8%b1%d9%8a%d8%a7%d8%b6%d9%8a%d8%a9-%d8%b9%d8%a7%d8%b2%d9%84%d8%a9-%d9%84%d9%84%d8%ad%d8%b1%d8%a7%d8%b1%d8%a9-%d9%84%d9%88%d9%86-%d8%a7%d8%b3%d9%88%d8%af-%d9%85\/#primaryimage"},"image":{"@id":"https:\/\/saudi-gift.com\/product\/%d9%82%d8%a7%d8%b1%d9%88%d8%b1%d8%a9-%d8%b1%d9%8a%d8%a7%d8%b6%d9%8a%d8%a9-%d8%b9%d8%a7%d8%b2%d9%84%d8%a9-%d9%84%d9%84%d8%ad%d8%b1%d8%a7%d8%b1%d8%a9-%d9%84%d9%88%d9%86-%d8%a7%d8%b3%d9%88%d8%af-%d9%85\/#primaryimage"},"thumbnailUrl":"https:\/\/saudi-gift.com\/wp-content\/uploads\/2025\/02\/\u0642\u0627\u0631\u0648\u0631\u0629-\u0631\u064a\u0627\u0636\u064a\u0629-\u0639\u0627\u0632\u0644\u0629-\u0644\u0644\u062d\u0631\u0627\u0631\u0629-\u0644\u0648\u0646-\u0627\u0633\u0648\u062f-\u0645\u0639-\u062d\u0627\u0645\u0644.webp","datePublished":"2025-02-01T16:37:22+00:00","dateModified":"2025-02-03T12:04:54+00:00","breadcrumb":{"@id":"https:\/\/saudi-gift.com\/product\/%d9%82%d8%a7%d8%b1%d9%88%d8%b1%d8%a9-%d8%b1%d9%8a%d8%a7%d8%b6%d9%8a%d8%a9-%d8%b9%d8%a7%d8%b2%d9%84%d8%a9-%d9%84%d9%84%d8%ad%d8%b1%d8%a7%d8%b1%d8%a9-%d9%84%d9%88%d9%86-%d8%a7%d8%b3%d9%88%d8%af-%d9%85\/#breadcrumb"},"inLanguage":"fr-FR","potentialAction":[{"@type":"ReadAction","target":["https:\/\/saudi-gift.com\/product\/%d9%82%d8%a7%d8%b1%d9%88%d8%b1%d8%a9-%d8%b1%d9%8a%d8%a7%d8%b6%d9%8a%d8%a9-%d8%b9%d8%a7%d8%b2%d9%84%d8%a9-%d9%84%d9%84%d8%ad%d8%b1%d8%a7%d8%b1%d8%a9-%d9%84%d9%88%d9%86-%d8%a7%d8%b3%d9%88%d8%af-%d9%85\/"]}]},{"@type":"ImageObject","inLanguage":"fr-FR","@id":"https:\/\/saudi-gift.com\/product\/%d9%82%d8%a7%d8%b1%d9%88%d8%b1%d8%a9-%d8%b1%d9%8a%d8%a7%d8%b6%d9%8a%d8%a9-%d8%b9%d8%a7%d8%b2%d9%84%d8%a9-%d9%84%d9%84%d8%ad%d8%b1%d8%a7%d8%b1%d8%a9-%d9%84%d9%88%d9%86-%d8%a7%d8%b3%d9%88%d8%af-%d9%85\/#primaryimage","url":"https:\/\/saudi-gift.com\/wp-content\/uploads\/2025\/02\/\u0642\u0627\u0631\u0648\u0631\u0629-\u0631\u064a\u0627\u0636\u064a\u0629-\u0639\u0627\u0632\u0644\u0629-\u0644\u0644\u062d\u0631\u0627\u0631\u0629-\u0644\u0648\u0646-\u0627\u0633\u0648\u062f-\u0645\u0639-\u062d\u0627\u0645\u0644.webp","contentUrl":"https:\/\/saudi-gift.com\/wp-content\/uploads\/2025\/02\/\u0642\u0627\u0631\u0648\u0631\u0629-\u0631\u064a\u0627\u0636\u064a\u0629-\u0639\u0627\u0632\u0644\u0629-\u0644\u0644\u062d\u0631\u0627\u0631\u0629-\u0644\u0648\u0646-\u0627\u0633\u0648\u062f-\u0645\u0639-\u062d\u0627\u0645\u0644.webp","width":600,"height":600},{"@type":"BreadcrumbList","@id":"https:\/\/saudi-gift.com\/product\/%d9%82%d8%a7%d8%b1%d9%88%d8%b1%d8%a9-%d8%b1%d9%8a%d8%a7%d8%b6%d9%8a%d8%a9-%d8%b9%d8%a7%d8%b2%d9%84%d8%a9-%d9%84%d9%84%d8%ad%d8%b1%d8%a7%d8%b1%d8%a9-%d9%84%d9%88%d9%86-%d8%a7%d8%b3%d9%88%d8%af-%d9%85\/#breadcrumb","itemListElement":[{"@type":"ListItem","position":1,"name":"Home","item":"https:\/\/saudi-gift.com\/fr\/"},{"@type":"ListItem","position":2,"name":"Acheter","item":"https:\/\/saudi-gift.com\/fr\/acheter\/"},{"@type":"ListItem","position":3,"name":"Bouteille de sport isol\u00e9e thermiquement &#8211; couleur noire avec support"}]},{"@type":"WebSite","@id":"https:\/\/saudi-gift.com\/#website","url":"https:\/\/saudi-gift.com\/","name":"\u0647\u062f\u064a\u0629 \u0633\u0639\u0648\u062f\u064a\u0629","description":"\u0647\u062f\u064a\u0629 \u0633\u0639\u0648\u062f\u064a\u0629 \u0645\u062a\u062c\u0631 \u0627\u0644\u0643\u062a\u0631\u0648\u0646\u064a \u064a\u0642\u062f\u0645 \u0644\u0643\u0645 \u0645\u062c\u0645\u0648\u0639\u0629 \u0645\u0646 \u0627\u0644\u0647\u062f\u0627\u064a\u0627 \u0627\u0644\u062a\u064a \u062a\u062c\u0633\u062f \u0639\u0628\u0642 \u0630\u0643\u0631\u064a\u0627\u062a\u0643\u0645 \u0641\u064a \u0627\u0644\u0645\u0634\u0627\u0639\u0631 \u0627\u0644\u0645\u0642\u062f\u0633\u0629","publisher":{"@id":"https:\/\/saudi-gift.com\/#organization"},"alternateName":"\u0647\u062f\u064a\u0629 \u0633\u0639\u0648\u062f\u064a\u0629","potentialAction":[{"@type":"SearchAction","target":{"@type":"EntryPoint","urlTemplate":"https:\/\/saudi-gift.com\/?s={search_term_string}"},"query-input":{"@type":"PropertyValueSpecification","valueRequired":true,"valueName":"search_term_string"}}],"inLanguage":"fr-FR"},{"@type":"Organization","@id":"https:\/\/saudi-gift.com\/#organization","name":"\u0645\u062a\u062c\u0631 \u0627\u0644\u0647\u062f\u064a\u0629","alternateName":"\u0647\u062f\u064a\u0629 \u0633\u0639\u0648\u062f\u064a\u0629","url":"https:\/\/saudi-gift.com\/","logo":{"@type":"ImageObject","inLanguage":"fr-FR","@id":"https:\/\/saudi-gift.com\/#\/schema\/logo\/image\/","url":"https:\/\/saudi-gift.com\/wp-content\/uploads\/2025\/05\/2.png","contentUrl":"https:\/\/saudi-gift.com\/wp-content\/uploads\/2025\/05\/2.png","width":163,"height":42,"caption":"\u0645\u062a\u062c\u0631 \u0627\u0644\u0647\u062f\u064a\u0629"},"image":{"@id":"https:\/\/saudi-gift.com\/#\/schema\/logo\/image\/"},"sameAs":["https:\/\/www.facebook.com\/profile.php?id=61560277649059&mibextid=LQQJ4d","https:\/\/x.com\/saudigift_"]}]}},"jetpack-related-posts":[],"_links":{"self":[{"href":"https:\/\/saudi-gift.com\/fr\/wp-json\/wp\/v2\/product\/46414","targetHints":{"allow":["GET"]}}],"collection":[{"href":"https:\/\/saudi-gift.com\/fr\/wp-json\/wp\/v2\/product"}],"about":[{"href":"https:\/\/saudi-gift.com\/fr\/wp-json\/wp\/v2\/types\/product"}],"replies":[{"embeddable":true,"href":"https:\/\/saudi-gift.com\/fr\/wp-json\/wp\/v2\/comments?post=46414"}],"version-history":[{"count":0,"href":"https:\/\/saudi-gift.com\/fr\/wp-json\/wp\/v2\/product\/46414\/revisions"}],"wp:featuredmedia":[{"embeddable":true,"href":"https:\/\/saudi-gift.com\/fr\/wp-json\/wp\/v2\/media\/46320"}],"wp:attachment":[{"href":"https:\/\/saudi-gift.com\/fr\/wp-json\/wp\/v2\/media?parent=46414"}],"wp:term":[{"taxonomy":"product_brand","embeddable":true,"href":"https:\/\/saudi-gift.com\/fr\/wp-json\/wp\/v2\/product_brand?post=46414"},{"taxonomy":"product_cat","embeddable":true,"href":"https:\/\/saudi-gift.com\/fr\/wp-json\/wp\/v2\/product_cat?post=46414"},{"taxonomy":"product_tag","embeddable":true,"href":"https:\/\/saudi-gift.com\/fr\/wp-json\/wp\/v2\/product_tag?post=46414"}],"curies":[{"name":"wp","href":"https:\/\/api.w.org\/{rel}","templated":true}]}}