{"id":47646,"date":"2025-01-30T19:27:05","date_gmt":"2025-01-30T16:27:05","guid":{"rendered":"https:\/\/saudi-gift.com\/product\/collection-de-couleurs-makkia\/"},"modified":"2025-02-08T14:37:11","modified_gmt":"2025-02-08T11:37:11","slug":"collection-de-couleurs-makkia","status":"publish","type":"product","link":"https:\/\/saudi-gift.com\/fr\/produit\/collection-de-couleurs-makkia\/","title":{"rendered":"Collection de couleurs Makkia"},"content":{"rendered":"<p>Collection de couleurs Makkia<\/p>\n<p>\u00ab\u00a0Makiyah a \u00e9t\u00e9 soigneusement con\u00e7ue pour incarner la beaut\u00e9 et la s\u00e9r\u00e9nit\u00e9 d&rsquo;un bain de fi\u00e8vre. Toute la collection est fabriqu\u00e9e dans des mat\u00e9riaux s\u00fbrs et doux, adapt\u00e9s aux enfants, avec des d\u00e9tails d\u00e9licats qui refl\u00e8tent ses plumes d&rsquo;un blanc \u00e9clatant et ses yeux calmes.<\/p>\n<p>La collection Makiyah n&rsquo;est pas seulement un souvenir, mais un produit appr\u00e9ci\u00e9 qui raconte l&rsquo;histoire d&rsquo;une ville sacr\u00e9e. Conception du produit Dans un monde plein de couleurs et de cr\u00e9ativit\u00e9, le sac d&rsquo;art Makiyah est le compagnon id\u00e9al pour le voyage cr\u00e9atif de votre enfant. Ce sac est con\u00e7u pour convenir \u00e0 tout ce que les enfants aiment, avec une vari\u00e9t\u00e9 de couleurs et d&rsquo;outils artistiques pour les aider \u00e0 exprimer leurs talents et leur cr\u00e9ativit\u00e9 librement et avec plaisir. Le sac est orn\u00e9 d&rsquo;un amusant personnage Makia, ce qui le rend encore plus attrayant et inspirant pour les enfants.       <\/p>\n<p>Contenu du sac Couleurs \u00e0 la cire : Une gamme de couleurs de cire douces et lisses qui permettent aux enfants d&rsquo;exprimer leurs id\u00e9es de mani\u00e8re vivante et amusante.<br \/>\nCouleurs en bois : Les couleurs en bois de haute qualit\u00e9 offrent aux enfants une exp\u00e9rience de coloriage pr\u00e9cise et polyvalente.<br \/>\nAquarelles : Une gamme d&rsquo;aquarelles, permettant aux enfants d&rsquo;exp\u00e9rimenter l&rsquo;aquarelle et de cr\u00e9er des \u0153uvres d&rsquo;art innovantes.<br \/>\nUne r\u00e8gle : Une r\u00e8gle transparente pour mesurer et tracer des lignes avec pr\u00e9cision.<br \/>\nGomme : Gomme de haute qualit\u00e9 pour effacer facilement les erreurs.<br \/>\nClips : Un ensemble de clips pour stabiliser les papiers et les projets artistiques.<br \/>\nColle : Une colle sans danger pour les enfants, utilis\u00e9e pour coller des couleurs et d&rsquo;autres mat\u00e9riaux de mani\u00e8re s\u00fbre et durable.<br \/>\nFabriqu\u00e9 \u00e0 partir des mat\u00e9riaux les plus nobles, le sac d&rsquo;art est con\u00e7u pour garantir \u00e0 votre enfant une exp\u00e9rience de jeu amusante et s\u00fbre. Avec la poup\u00e9e Makia, le sac d&rsquo;art sera le compagnon id\u00e9al des jeux cr\u00e9atifs et amusants de votre enfant, am\u00e9liorant ses comp\u00e9tences artistiques et l&rsquo;encourageant \u00e0 s&rsquo;exprimer de mani\u00e8re cr\u00e9ative et magnifique.     <\/p>\n<p>Collection int\u00e9ressante<\/p>\n<p>La collection Makiyah comprend divers accessoires qui rendent l&rsquo;exp\u00e9rience plus interactive et \u00e9ducative pour les enfants : &#8211; Sac d&rsquo;art : contient toutes sortes de bois, de couleurs liquides et de cire, permettant aux enfants d&rsquo;exprimer leur cr\u00e9ativit\u00e9.<br \/>\n&#8211; Livret de coloriage : Un livret contenant des images de l&rsquo;esprit de l&rsquo;Arabie saoudite, que les enfants peuvent colorier et d\u00e9couvrir la beaut\u00e9 du patrimoine saoudien.<br \/>\n&#8211; Un journal : Un carnet sp\u00e9cial pour consigner les aventures et les pens\u00e9es des enfants avec Makia.<br \/>\n&#8211; Stylo Makiyah : un stylo Makiyah sp\u00e9cial pour accompagner les enfants dans leurs activit\u00e9s d&rsquo;\u00e9criture et de dessin.<br \/>\n&#8211; Casse-t\u00eate en coton : Un jeu amusant qui aide les enfants \u00e0 d\u00e9velopper leur motricit\u00e9 et leur esprit logique.<br \/>\n&#8211; M\u00e9daillon Makiyah : Petit jouet que l&rsquo;on peut attacher \u00e0 un sac ou porter avec des cl\u00e9s, Makiyah accompagne les enfants partout o\u00f9 ils vont. avec les enfants o\u00f9 qu&rsquo;ils aillent.<br \/>\n&#8211; Tasse Makia :<br \/>\nDesign distinctif et mat\u00e9riaux de haute qualit\u00e9, sans danger pour les enfants &#8211; Bijoux en plaqu\u00e9 argent : Une jolie parure en plaqu\u00e9 argent pour votre petite fille, avec le symbole \u00ab\u00a0Makiyah\u00a0\u00bb, pour promouvoir le sens de l&rsquo;unicit\u00e9 et de la beaut\u00e9.    <\/p>\n<p>\u00ab\u00a0Makiyah\u00a0\u00bb n&rsquo;est pas seulement une poup\u00e9e et sa collection, mais un message d&rsquo;amour et de paix provenant du lieu le plus saint de la plan\u00e8te. Elle est un symbole pour tous ceux qui ont fait l&rsquo;exp\u00e9rience du Hajj ou de la Omra, et pour tous ceux qui r\u00eavent de visiter La Mecque. En poss\u00e9dant Makiyah et son int\u00e9ressante collection, vous avez emport\u00e9 avec vous une partie de l&rsquo;esprit et de l&rsquo;h\u00e9ritage de La Mecque, et vous l&rsquo;avez partag\u00e9e avec vos enfants pour qu&rsquo;elle fasse partie de leurs souvenirs heureux et de leurs moments de jeu.\u00a0\u00bb      <\/p>\n","protected":false},"excerpt":{"rendered":"<p>Dans un monde plein de couleurs et de cr\u00e9ativit\u00e9, le Makiyah Art Bag est le compagnon id\u00e9al du voyage cr\u00e9atif de votre enfant. Ce sac est con\u00e7u pour contenir toutes les choses que les enfants aiment.  <\/p>\n","protected":false},"featured_media":44757,"comment_status":"open","ping_status":"closed","template":"","meta":[],"product_brand":[],"product_cat":[3248],"product_tag":[1965],"class_list":{"0":"post-47646","1":"product","2":"type-product","3":"status-publish","4":"has-post-thumbnail","6":"product_cat-3248","7":"product_tag-_","9":"first","10":"instock","11":"shipping-taxable","12":"purchasable","13":"product-type-simple"},"yoast_head":"<!-- This site is optimized with the Yoast SEO Premium plugin v27.2 (Yoast SEO v27.6) - https:\/\/yoast.com\/product\/yoast-seo-premium-wordpress\/ -->\n<title>Collection de couleurs Makkia - \u0647\u062f\u064a\u0629 \u0633\u0639\u0648\u062f\u064a\u0629<\/title>\n<meta name=\"robots\" content=\"index, follow, max-snippet:-1, max-image-preview:large, max-video-preview:-1\" \/>\n<link rel=\"canonical\" href=\"https:\/\/saudi-gift.com\/fr\/product\/collection-de-couleurs-makkia\/\" \/>\n<meta property=\"og:locale\" content=\"fr_FR\" \/>\n<meta property=\"og:type\" content=\"article\" \/>\n<meta property=\"og:title\" content=\"Collection de couleurs Makkia\" \/>\n<meta property=\"og:description\" content=\"Dans un monde plein de couleurs et de cr\u00e9ativit\u00e9, le Makiyah Art Bag est le compagnon id\u00e9al du voyage cr\u00e9atif de votre enfant. Ce sac est con\u00e7u pour contenir toutes les choses que les enfants aiment.\" \/>\n<meta property=\"og:url\" content=\"https:\/\/saudi-gift.com\/fr\/product\/collection-de-couleurs-makkia\/\" \/>\n<meta property=\"og:site_name\" content=\"\u0647\u062f\u064a\u0629 \u0633\u0639\u0648\u062f\u064a\u0629\" \/>\n<meta property=\"article:publisher\" content=\"https:\/\/www.facebook.com\/profile.php?id=61560277649059&amp;mibextid=LQQJ4d\" \/>\n<meta property=\"article:modified_time\" content=\"2025-02-08T11:37:11+00:00\" \/>\n<meta property=\"og:image\" content=\"https:\/\/saudi-gift.com\/wp-content\/uploads\/2025\/01\/\u0645\u062c\u0645\u0648\u0639\u0629-\u0627\u0644\u0648\u0627\u0646-\u0645\u0643\u064a\u0629.webp\" \/>\n\t<meta property=\"og:image:width\" content=\"600\" \/>\n\t<meta property=\"og:image:height\" content=\"600\" \/>\n\t<meta property=\"og:image:type\" content=\"image\/webp\" \/>\n<meta name=\"twitter:card\" content=\"summary_large_image\" \/>\n<meta name=\"twitter:site\" content=\"@saudigift_\" \/>\n<meta name=\"twitter:label1\" content=\"Dur\u00e9e de lecture estim\u00e9e\" \/>\n\t<meta name=\"twitter:data1\" content=\"3 minutes\" \/>\n<script type=\"application\/ld+json\" class=\"yoast-schema-graph\">{\"@context\":\"https:\\\/\\\/schema.org\",\"@graph\":[{\"@type\":\"WebPage\",\"@id\":\"https:\\\/\\\/saudi-gift.com\\\/fr\\\/product\\\/collection-de-couleurs-makkia\\\/\",\"url\":\"https:\\\/\\\/saudi-gift.com\\\/fr\\\/product\\\/collection-de-couleurs-makkia\\\/\",\"name\":\"Collection de couleurs Makkia - \u0647\u062f\u064a\u0629 \u0633\u0639\u0648\u062f\u064a\u0629\",\"isPartOf\":{\"@id\":\"https:\\\/\\\/saudi-gift.com\\\/#website\"},\"primaryImageOfPage\":{\"@id\":\"https:\\\/\\\/saudi-gift.com\\\/fr\\\/product\\\/collection-de-couleurs-makkia\\\/#primaryimage\"},\"image\":{\"@id\":\"https:\\\/\\\/saudi-gift.com\\\/fr\\\/product\\\/collection-de-couleurs-makkia\\\/#primaryimage\"},\"thumbnailUrl\":\"https:\\\/\\\/saudi-gift.com\\\/wp-content\\\/uploads\\\/2025\\\/01\\\/\u0645\u062c\u0645\u0648\u0639\u0629-\u0627\u0644\u0648\u0627\u0646-\u0645\u0643\u064a\u0629.webp\",\"datePublished\":\"2025-01-30T16:27:05+00:00\",\"dateModified\":\"2025-02-08T11:37:11+00:00\",\"breadcrumb\":{\"@id\":\"https:\\\/\\\/saudi-gift.com\\\/fr\\\/product\\\/collection-de-couleurs-makkia\\\/#breadcrumb\"},\"inLanguage\":\"fr-FR\",\"potentialAction\":[{\"@type\":\"ReadAction\",\"target\":[\"https:\\\/\\\/saudi-gift.com\\\/fr\\\/product\\\/collection-de-couleurs-makkia\\\/\"]}]},{\"@type\":\"ImageObject\",\"inLanguage\":\"fr-FR\",\"@id\":\"https:\\\/\\\/saudi-gift.com\\\/fr\\\/product\\\/collection-de-couleurs-makkia\\\/#primaryimage\",\"url\":\"https:\\\/\\\/saudi-gift.com\\\/wp-content\\\/uploads\\\/2025\\\/01\\\/\u0645\u062c\u0645\u0648\u0639\u0629-\u0627\u0644\u0648\u0627\u0646-\u0645\u0643\u064a\u0629.webp\",\"contentUrl\":\"https:\\\/\\\/saudi-gift.com\\\/wp-content\\\/uploads\\\/2025\\\/01\\\/\u0645\u062c\u0645\u0648\u0639\u0629-\u0627\u0644\u0648\u0627\u0646-\u0645\u0643\u064a\u0629.webp\",\"width\":600,\"height\":600},{\"@type\":\"BreadcrumbList\",\"@id\":\"https:\\\/\\\/saudi-gift.com\\\/fr\\\/product\\\/collection-de-couleurs-makkia\\\/#breadcrumb\",\"itemListElement\":[{\"@type\":\"ListItem\",\"position\":1,\"name\":\"Home\",\"item\":\"https:\\\/\\\/saudi-gift.com\\\/fr\\\/\"},{\"@type\":\"ListItem\",\"position\":2,\"name\":\"Acheter\",\"item\":\"https:\\\/\\\/saudi-gift.com\\\/fr\\\/acheter\\\/\"},{\"@type\":\"ListItem\",\"position\":3,\"name\":\"Collection de couleurs Makkia\"}]},{\"@type\":\"WebSite\",\"@id\":\"https:\\\/\\\/saudi-gift.com\\\/#website\",\"url\":\"https:\\\/\\\/saudi-gift.com\\\/\",\"name\":\"\u0647\u062f\u064a\u0629 \u0633\u0639\u0648\u062f\u064a\u0629\",\"description\":\"\u0647\u062f\u064a\u0629 \u0633\u0639\u0648\u062f\u064a\u0629 \u0645\u062a\u062c\u0631 \u0627\u0644\u0643\u062a\u0631\u0648\u0646\u064a \u064a\u0642\u062f\u0645 \u0644\u0643\u0645 \u0645\u062c\u0645\u0648\u0639\u0629 \u0645\u0646 \u0627\u0644\u0647\u062f\u0627\u064a\u0627 \u0627\u0644\u062a\u064a \u062a\u062c\u0633\u062f \u0639\u0628\u0642 \u0630\u0643\u0631\u064a\u0627\u062a\u0643\u0645 \u0641\u064a \u0627\u0644\u0645\u0634\u0627\u0639\u0631 \u0627\u0644\u0645\u0642\u062f\u0633\u0629\",\"publisher\":{\"@id\":\"https:\\\/\\\/saudi-gift.com\\\/#organization\"},\"alternateName\":\"\u0647\u062f\u064a\u0629 \u0633\u0639\u0648\u062f\u064a\u0629\",\"potentialAction\":[{\"@type\":\"SearchAction\",\"target\":{\"@type\":\"EntryPoint\",\"urlTemplate\":\"https:\\\/\\\/saudi-gift.com\\\/?s={search_term_string}\"},\"query-input\":{\"@type\":\"PropertyValueSpecification\",\"valueRequired\":true,\"valueName\":\"search_term_string\"}}],\"inLanguage\":\"fr-FR\"},{\"@type\":\"Organization\",\"@id\":\"https:\\\/\\\/saudi-gift.com\\\/#organization\",\"name\":\"\u0645\u062a\u062c\u0631 \u0627\u0644\u0647\u062f\u064a\u0629\",\"alternateName\":\"\u0647\u062f\u064a\u0629 \u0633\u0639\u0648\u062f\u064a\u0629\",\"url\":\"https:\\\/\\\/saudi-gift.com\\\/\",\"logo\":{\"@type\":\"ImageObject\",\"inLanguage\":\"fr-FR\",\"@id\":\"https:\\\/\\\/saudi-gift.com\\\/#\\\/schema\\\/logo\\\/image\\\/\",\"url\":\"https:\\\/\\\/saudi-gift.com\\\/wp-content\\\/uploads\\\/2025\\\/05\\\/2.png\",\"contentUrl\":\"https:\\\/\\\/saudi-gift.com\\\/wp-content\\\/uploads\\\/2025\\\/05\\\/2.png\",\"width\":163,\"height\":42,\"caption\":\"\u0645\u062a\u062c\u0631 \u0627\u0644\u0647\u062f\u064a\u0629\"},\"image\":{\"@id\":\"https:\\\/\\\/saudi-gift.com\\\/#\\\/schema\\\/logo\\\/image\\\/\"},\"sameAs\":[\"https:\\\/\\\/www.facebook.com\\\/profile.php?id=61560277649059&mibextid=LQQJ4d\",\"https:\\\/\\\/x.com\\\/saudigift_\"]}]}<\/script>\n<!-- \/ Yoast SEO Premium plugin. -->","yoast_head_json":{"title":"Collection de couleurs Makkia - \u0647\u062f\u064a\u0629 \u0633\u0639\u0648\u062f\u064a\u0629","robots":{"index":"index","follow":"follow","max-snippet":"max-snippet:-1","max-image-preview":"max-image-preview:large","max-video-preview":"max-video-preview:-1"},"canonical":"https:\/\/saudi-gift.com\/fr\/product\/collection-de-couleurs-makkia\/","og_locale":"fr_FR","og_type":"article","og_title":"Collection de couleurs Makkia","og_description":"Dans un monde plein de couleurs et de cr\u00e9ativit\u00e9, le Makiyah Art Bag est le compagnon id\u00e9al du voyage cr\u00e9atif de votre enfant. Ce sac est con\u00e7u pour contenir toutes les choses que les enfants aiment.","og_url":"https:\/\/saudi-gift.com\/fr\/product\/collection-de-couleurs-makkia\/","og_site_name":"\u0647\u062f\u064a\u0629 \u0633\u0639\u0648\u062f\u064a\u0629","article_publisher":"https:\/\/www.facebook.com\/profile.php?id=61560277649059&mibextid=LQQJ4d","article_modified_time":"2025-02-08T11:37:11+00:00","og_image":[{"width":600,"height":600,"url":"https:\/\/saudi-gift.com\/wp-content\/uploads\/2025\/01\/\u0645\u062c\u0645\u0648\u0639\u0629-\u0627\u0644\u0648\u0627\u0646-\u0645\u0643\u064a\u0629.webp","type":"image\/webp"}],"twitter_card":"summary_large_image","twitter_site":"@saudigift_","twitter_misc":{"Dur\u00e9e de lecture estim\u00e9e":"3 minutes"},"schema":{"@context":"https:\/\/schema.org","@graph":[{"@type":"WebPage","@id":"https:\/\/saudi-gift.com\/fr\/product\/collection-de-couleurs-makkia\/","url":"https:\/\/saudi-gift.com\/fr\/product\/collection-de-couleurs-makkia\/","name":"Collection de couleurs Makkia - \u0647\u062f\u064a\u0629 \u0633\u0639\u0648\u062f\u064a\u0629","isPartOf":{"@id":"https:\/\/saudi-gift.com\/#website"},"primaryImageOfPage":{"@id":"https:\/\/saudi-gift.com\/fr\/product\/collection-de-couleurs-makkia\/#primaryimage"},"image":{"@id":"https:\/\/saudi-gift.com\/fr\/product\/collection-de-couleurs-makkia\/#primaryimage"},"thumbnailUrl":"https:\/\/saudi-gift.com\/wp-content\/uploads\/2025\/01\/\u0645\u062c\u0645\u0648\u0639\u0629-\u0627\u0644\u0648\u0627\u0646-\u0645\u0643\u064a\u0629.webp","datePublished":"2025-01-30T16:27:05+00:00","dateModified":"2025-02-08T11:37:11+00:00","breadcrumb":{"@id":"https:\/\/saudi-gift.com\/fr\/product\/collection-de-couleurs-makkia\/#breadcrumb"},"inLanguage":"fr-FR","potentialAction":[{"@type":"ReadAction","target":["https:\/\/saudi-gift.com\/fr\/product\/collection-de-couleurs-makkia\/"]}]},{"@type":"ImageObject","inLanguage":"fr-FR","@id":"https:\/\/saudi-gift.com\/fr\/product\/collection-de-couleurs-makkia\/#primaryimage","url":"https:\/\/saudi-gift.com\/wp-content\/uploads\/2025\/01\/\u0645\u062c\u0645\u0648\u0639\u0629-\u0627\u0644\u0648\u0627\u0646-\u0645\u0643\u064a\u0629.webp","contentUrl":"https:\/\/saudi-gift.com\/wp-content\/uploads\/2025\/01\/\u0645\u062c\u0645\u0648\u0639\u0629-\u0627\u0644\u0648\u0627\u0646-\u0645\u0643\u064a\u0629.webp","width":600,"height":600},{"@type":"BreadcrumbList","@id":"https:\/\/saudi-gift.com\/fr\/product\/collection-de-couleurs-makkia\/#breadcrumb","itemListElement":[{"@type":"ListItem","position":1,"name":"Home","item":"https:\/\/saudi-gift.com\/fr\/"},{"@type":"ListItem","position":2,"name":"Acheter","item":"https:\/\/saudi-gift.com\/fr\/acheter\/"},{"@type":"ListItem","position":3,"name":"Collection de couleurs Makkia"}]},{"@type":"WebSite","@id":"https:\/\/saudi-gift.com\/#website","url":"https:\/\/saudi-gift.com\/","name":"\u0647\u062f\u064a\u0629 \u0633\u0639\u0648\u062f\u064a\u0629","description":"\u0647\u062f\u064a\u0629 \u0633\u0639\u0648\u062f\u064a\u0629 \u0645\u062a\u062c\u0631 \u0627\u0644\u0643\u062a\u0631\u0648\u0646\u064a \u064a\u0642\u062f\u0645 \u0644\u0643\u0645 \u0645\u062c\u0645\u0648\u0639\u0629 \u0645\u0646 \u0627\u0644\u0647\u062f\u0627\u064a\u0627 \u0627\u0644\u062a\u064a \u062a\u062c\u0633\u062f \u0639\u0628\u0642 \u0630\u0643\u0631\u064a\u0627\u062a\u0643\u0645 \u0641\u064a \u0627\u0644\u0645\u0634\u0627\u0639\u0631 \u0627\u0644\u0645\u0642\u062f\u0633\u0629","publisher":{"@id":"https:\/\/saudi-gift.com\/#organization"},"alternateName":"\u0647\u062f\u064a\u0629 \u0633\u0639\u0648\u062f\u064a\u0629","potentialAction":[{"@type":"SearchAction","target":{"@type":"EntryPoint","urlTemplate":"https:\/\/saudi-gift.com\/?s={search_term_string}"},"query-input":{"@type":"PropertyValueSpecification","valueRequired":true,"valueName":"search_term_string"}}],"inLanguage":"fr-FR"},{"@type":"Organization","@id":"https:\/\/saudi-gift.com\/#organization","name":"\u0645\u062a\u062c\u0631 \u0627\u0644\u0647\u062f\u064a\u0629","alternateName":"\u0647\u062f\u064a\u0629 \u0633\u0639\u0648\u062f\u064a\u0629","url":"https:\/\/saudi-gift.com\/","logo":{"@type":"ImageObject","inLanguage":"fr-FR","@id":"https:\/\/saudi-gift.com\/#\/schema\/logo\/image\/","url":"https:\/\/saudi-gift.com\/wp-content\/uploads\/2025\/05\/2.png","contentUrl":"https:\/\/saudi-gift.com\/wp-content\/uploads\/2025\/05\/2.png","width":163,"height":42,"caption":"\u0645\u062a\u062c\u0631 \u0627\u0644\u0647\u062f\u064a\u0629"},"image":{"@id":"https:\/\/saudi-gift.com\/#\/schema\/logo\/image\/"},"sameAs":["https:\/\/www.facebook.com\/profile.php?id=61560277649059&mibextid=LQQJ4d","https:\/\/x.com\/saudigift_"]}]}},"jetpack-related-posts":[],"_links":{"self":[{"href":"https:\/\/saudi-gift.com\/fr\/wp-json\/wp\/v2\/product\/47646","targetHints":{"allow":["GET"]}}],"collection":[{"href":"https:\/\/saudi-gift.com\/fr\/wp-json\/wp\/v2\/product"}],"about":[{"href":"https:\/\/saudi-gift.com\/fr\/wp-json\/wp\/v2\/types\/product"}],"replies":[{"embeddable":true,"href":"https:\/\/saudi-gift.com\/fr\/wp-json\/wp\/v2\/comments?post=47646"}],"version-history":[{"count":0,"href":"https:\/\/saudi-gift.com\/fr\/wp-json\/wp\/v2\/product\/47646\/revisions"}],"wp:featuredmedia":[{"embeddable":true,"href":"https:\/\/saudi-gift.com\/fr\/wp-json\/wp\/v2\/media\/44757"}],"wp:attachment":[{"href":"https:\/\/saudi-gift.com\/fr\/wp-json\/wp\/v2\/media?parent=47646"}],"wp:term":[{"taxonomy":"product_brand","embeddable":true,"href":"https:\/\/saudi-gift.com\/fr\/wp-json\/wp\/v2\/product_brand?post=47646"},{"taxonomy":"product_cat","embeddable":true,"href":"https:\/\/saudi-gift.com\/fr\/wp-json\/wp\/v2\/product_cat?post=47646"},{"taxonomy":"product_tag","embeddable":true,"href":"https:\/\/saudi-gift.com\/fr\/wp-json\/wp\/v2\/product_tag?post=47646"}],"curies":[{"name":"wp","href":"https:\/\/api.w.org\/{rel}","templated":true}]}}