{"id":47692,"date":"2025-01-30T19:24:45","date_gmt":"2025-01-30T16:24:45","guid":{"rendered":"https:\/\/saudi-gift.com\/product\/cahier-de-dialogue\/"},"modified":"2025-02-08T14:47:49","modified_gmt":"2025-02-08T11:47:49","slug":"cahier-de-dialogue","status":"publish","type":"product","link":"https:\/\/saudi-gift.com\/fr\/produit\/cahier-de-dialogue\/","title":{"rendered":"Cahier de dialogue"},"content":{"rendered":"<p>Cahier de dialogue<\/p>\n<p>\u00ab\u00a0Makiyah a \u00e9t\u00e9 soigneusement con\u00e7ue pour incarner la beaut\u00e9 et la s\u00e9r\u00e9nit\u00e9 d&rsquo;un bain de fi\u00e8vre. Toute la collection est fabriqu\u00e9e dans des mat\u00e9riaux s\u00fbrs et doux, adapt\u00e9s aux enfants, avec des d\u00e9tails d\u00e9licats qui refl\u00e8tent ses plumes d&rsquo;un blanc \u00e9clatant et ses yeux calmes.<\/p>\n<p>La collection Makkia n&rsquo;est pas seulement un souvenir, c&rsquo;est un produit aim\u00e9 qui raconte l&rsquo;histoire d&rsquo;une ville sacr\u00e9e. Conception du produit Ce carnet unique, fabriqu\u00e9 en cuir luxueux et tapiss\u00e9 d&rsquo;une vari\u00e9t\u00e9 de lignes, de tampons et de carr\u00e9s, est le carnet parfait pour le journal intime de votre enfant. Les enfants peuvent l&rsquo;utiliser pour consigner leurs aventures et leurs pens\u00e9es, ce qui leur permet d&rsquo;am\u00e9liorer leurs comp\u00e9tences en mati\u00e8re d&rsquo;\u00e9criture et d&rsquo;organisation.<br \/>\nLe carnet ajoute une touche personnalis\u00e9e et sp\u00e9ciale \u00e0 chaque enfant. The Interesting Collection        <\/p>\n<p>La collection Makiyah comprend divers accessoires qui rendent l&rsquo;exp\u00e9rience plus interactive et \u00e9ducative pour les enfants : &#8211; Sac d&rsquo;art : contient toutes sortes de bois, de couleurs liquides et de cire, permettant aux enfants d&rsquo;exprimer leur cr\u00e9ativit\u00e9.<br \/>\n&#8211; Livret de coloriage : Un livret contenant des images de l&rsquo;esprit de l&rsquo;Arabie saoudite, que les enfants peuvent colorier et d\u00e9couvrir la beaut\u00e9 du patrimoine saoudien.<br \/>\n&#8211; Un journal : Un carnet sp\u00e9cial pour consigner les aventures et les pens\u00e9es des enfants avec Makia.<br \/>\n&#8211; Stylo Makiyah : un stylo Makiyah sp\u00e9cial pour accompagner les enfants dans leurs activit\u00e9s d&rsquo;\u00e9criture et de dessin.<br \/>\n&#8211; Casse-t\u00eate en coton : Un jeu amusant qui aide les enfants \u00e0 d\u00e9velopper leur motricit\u00e9 et leur esprit logique.<br \/>\n&#8211; M\u00e9daillon Makiyah : Petit jouet que l&rsquo;on peut attacher \u00e0 un sac ou porter avec des cl\u00e9s, Makiyah accompagne les enfants partout o\u00f9 ils vont. avec les enfants o\u00f9 qu&rsquo;ils aillent.<br \/>\n&#8211; Tasse Makia :<br \/>\nUn design distinctif et des mat\u00e9riaux de haute qualit\u00e9, sans danger pour les enfants &#8211; Des bijoux en plaqu\u00e9 argent pour votre petite fille, avec le symbole de Makiyah, pour promouvoir le sens de l&rsquo;unicit\u00e9 et de la beaut\u00e9 : Une jolie parure en plaqu\u00e9 argent pour votre petite fille, avec le symbole de Makiyah, pour promouvoir un sentiment d&rsquo;unicit\u00e9 et de beaut\u00e9. Makiyah n&rsquo;est pas seulement une poup\u00e9e et sa collection, mais un message d&rsquo;amour et de paix provenant du lieu le plus saint de la plan\u00e8te. C&rsquo;est un symbole pour tous ceux qui ont fait l&rsquo;exp\u00e9rience du Hajj ou de la Omra, et pour tous ceux qui aspirent \u00e0 se rendre \u00e0 La Mecque. En poss\u00e9dant Makiyah et son int\u00e9ressante collection, vous avez emport\u00e9 avec vous une partie de l&rsquo;esprit et de l&rsquo;h\u00e9ritage de La Mecque, et vous l&rsquo;avez partag\u00e9e avec vos enfants pour qu&rsquo;elle fasse partie de leurs souvenirs heureux et de leurs moments de jeu.\u00a0\u00bb <\/p>\n","protected":false},"excerpt":{"rendered":"<p>Fabriqu\u00e9 en cuir de premi\u00e8re qualit\u00e9 et garni d&rsquo;une vari\u00e9t\u00e9 de lignes, de lignes, de lignes et de carr\u00e9s, c&rsquo;est l&rsquo;agenda id\u00e9al pour votre petit.   <\/p>\n","protected":false},"featured_media":44660,"comment_status":"open","ping_status":"closed","template":"","meta":[],"product_brand":[],"product_cat":[3283],"product_tag":[2056],"class_list":{"0":"post-47692","1":"product","2":"type-product","3":"status-publish","4":"has-post-thumbnail","6":"product_cat-carnets","7":"product_tag-_-fr","9":"first","10":"instock","11":"shipping-taxable","12":"purchasable","13":"product-type-simple"},"yoast_head":"<!-- This site is optimized with the Yoast SEO Premium plugin v27.2 (Yoast SEO v27.6) - https:\/\/yoast.com\/product\/yoast-seo-premium-wordpress\/ -->\n<title>Cahier de dialogue - \u0647\u062f\u064a\u0629 \u0633\u0639\u0648\u062f\u064a\u0629<\/title>\n<meta name=\"description\" content=\"Fabriqu\u00e9 en cuir luxueux et doubl\u00e9 d&#039;une vari\u00e9t\u00e9 de lignes, de traits et de carr\u00e9s, c&#039;est l&#039;agenda parfait pour le journal intime de votre petit.\" \/>\n<meta name=\"robots\" content=\"index, follow, max-snippet:-1, max-image-preview:large, max-video-preview:-1\" \/>\n<link rel=\"canonical\" href=\"https:\/\/saudi-gift.com\/fr\/product\/cahier-de-dialogue\/\" \/>\n<meta property=\"og:locale\" content=\"fr_FR\" \/>\n<meta property=\"og:type\" content=\"article\" \/>\n<meta property=\"og:title\" content=\"Cahier de dialogue\" \/>\n<meta property=\"og:description\" content=\"Fabriqu\u00e9 en cuir luxueux et doubl\u00e9 d&#039;une vari\u00e9t\u00e9 de lignes, de traits et de carr\u00e9s, c&#039;est l&#039;agenda parfait pour le journal intime de votre petit.\" \/>\n<meta property=\"og:url\" content=\"https:\/\/saudi-gift.com\/fr\/product\/cahier-de-dialogue\/\" \/>\n<meta property=\"og:site_name\" content=\"\u0647\u062f\u064a\u0629 \u0633\u0639\u0648\u062f\u064a\u0629\" \/>\n<meta property=\"article:publisher\" content=\"https:\/\/www.facebook.com\/profile.php?id=61560277649059&amp;mibextid=LQQJ4d\" \/>\n<meta property=\"article:modified_time\" content=\"2025-02-08T11:47:49+00:00\" \/>\n<meta property=\"og:image\" content=\"https:\/\/saudi-gift.com\/wp-content\/uploads\/2025\/01\/\u062f\u0641\u062a\u0631-\u0645\u0644\u0627\u062d\u0638\u0627\u062a-\u0645\u0643\u064a\u06297.jpg\" \/>\n\t<meta property=\"og:image:width\" content=\"1280\" \/>\n\t<meta property=\"og:image:height\" content=\"853\" \/>\n\t<meta property=\"og:image:type\" content=\"image\/jpeg\" \/>\n<meta name=\"twitter:card\" content=\"summary_large_image\" \/>\n<meta name=\"twitter:site\" content=\"@saudigift_\" \/>\n<meta name=\"twitter:label1\" content=\"Dur\u00e9e de lecture estim\u00e9e\" \/>\n\t<meta name=\"twitter:data1\" content=\"2 minutes\" \/>\n<script type=\"application\/ld+json\" class=\"yoast-schema-graph\">{\"@context\":\"https:\\\/\\\/schema.org\",\"@graph\":[{\"@type\":\"WebPage\",\"@id\":\"https:\\\/\\\/saudi-gift.com\\\/fr\\\/product\\\/cahier-de-dialogue\\\/\",\"url\":\"https:\\\/\\\/saudi-gift.com\\\/fr\\\/product\\\/cahier-de-dialogue\\\/\",\"name\":\"Cahier de dialogue - \u0647\u062f\u064a\u0629 \u0633\u0639\u0648\u062f\u064a\u0629\",\"isPartOf\":{\"@id\":\"https:\\\/\\\/saudi-gift.com\\\/#website\"},\"primaryImageOfPage\":{\"@id\":\"https:\\\/\\\/saudi-gift.com\\\/fr\\\/product\\\/cahier-de-dialogue\\\/#primaryimage\"},\"image\":{\"@id\":\"https:\\\/\\\/saudi-gift.com\\\/fr\\\/product\\\/cahier-de-dialogue\\\/#primaryimage\"},\"thumbnailUrl\":\"https:\\\/\\\/saudi-gift.com\\\/wp-content\\\/uploads\\\/2025\\\/01\\\/\u062f\u0641\u062a\u0631-\u0645\u0644\u0627\u062d\u0638\u0627\u062a-\u0645\u0643\u064a\u06297.jpg\",\"datePublished\":\"2025-01-30T16:24:45+00:00\",\"dateModified\":\"2025-02-08T11:47:49+00:00\",\"description\":\"Fabriqu\u00e9 en cuir luxueux et doubl\u00e9 d'une vari\u00e9t\u00e9 de lignes, de traits et de carr\u00e9s, c'est l'agenda parfait pour le journal intime de votre petit.\",\"breadcrumb\":{\"@id\":\"https:\\\/\\\/saudi-gift.com\\\/fr\\\/product\\\/cahier-de-dialogue\\\/#breadcrumb\"},\"inLanguage\":\"fr-FR\",\"potentialAction\":[{\"@type\":\"ReadAction\",\"target\":[\"https:\\\/\\\/saudi-gift.com\\\/fr\\\/product\\\/cahier-de-dialogue\\\/\"]}]},{\"@type\":\"ImageObject\",\"inLanguage\":\"fr-FR\",\"@id\":\"https:\\\/\\\/saudi-gift.com\\\/fr\\\/product\\\/cahier-de-dialogue\\\/#primaryimage\",\"url\":\"https:\\\/\\\/saudi-gift.com\\\/wp-content\\\/uploads\\\/2025\\\/01\\\/\u062f\u0641\u062a\u0631-\u0645\u0644\u0627\u062d\u0638\u0627\u062a-\u0645\u0643\u064a\u06297.jpg\",\"contentUrl\":\"https:\\\/\\\/saudi-gift.com\\\/wp-content\\\/uploads\\\/2025\\\/01\\\/\u062f\u0641\u062a\u0631-\u0645\u0644\u0627\u062d\u0638\u0627\u062a-\u0645\u0643\u064a\u06297.jpg\",\"width\":1280,\"height\":853,\"caption\":\"\u062f\u0641\u062a\u0631 \u0645\u0644\u0627\u062d\u0638\u0627\u062a \u062d\u0648\u0627\u0631 \\\" \u0645\u062c\u0645\u0648\u0639\u0629 \u0645\u0643\u064a\u0629\\\"\"},{\"@type\":\"BreadcrumbList\",\"@id\":\"https:\\\/\\\/saudi-gift.com\\\/fr\\\/product\\\/cahier-de-dialogue\\\/#breadcrumb\",\"itemListElement\":[{\"@type\":\"ListItem\",\"position\":1,\"name\":\"Home\",\"item\":\"https:\\\/\\\/saudi-gift.com\\\/fr\\\/\"},{\"@type\":\"ListItem\",\"position\":2,\"name\":\"Acheter\",\"item\":\"https:\\\/\\\/saudi-gift.com\\\/fr\\\/acheter\\\/\"},{\"@type\":\"ListItem\",\"position\":3,\"name\":\"Cahier de dialogue\"}]},{\"@type\":\"WebSite\",\"@id\":\"https:\\\/\\\/saudi-gift.com\\\/#website\",\"url\":\"https:\\\/\\\/saudi-gift.com\\\/\",\"name\":\"\u0647\u062f\u064a\u0629 \u0633\u0639\u0648\u062f\u064a\u0629\",\"description\":\"\u0647\u062f\u064a\u0629 \u0633\u0639\u0648\u062f\u064a\u0629 \u0645\u062a\u062c\u0631 \u0627\u0644\u0643\u062a\u0631\u0648\u0646\u064a \u064a\u0642\u062f\u0645 \u0644\u0643\u0645 \u0645\u062c\u0645\u0648\u0639\u0629 \u0645\u0646 \u0627\u0644\u0647\u062f\u0627\u064a\u0627 \u0627\u0644\u062a\u064a \u062a\u062c\u0633\u062f \u0639\u0628\u0642 \u0630\u0643\u0631\u064a\u0627\u062a\u0643\u0645 \u0641\u064a \u0627\u0644\u0645\u0634\u0627\u0639\u0631 \u0627\u0644\u0645\u0642\u062f\u0633\u0629\",\"publisher\":{\"@id\":\"https:\\\/\\\/saudi-gift.com\\\/#organization\"},\"alternateName\":\"\u0647\u062f\u064a\u0629 \u0633\u0639\u0648\u062f\u064a\u0629\",\"potentialAction\":[{\"@type\":\"SearchAction\",\"target\":{\"@type\":\"EntryPoint\",\"urlTemplate\":\"https:\\\/\\\/saudi-gift.com\\\/?s={search_term_string}\"},\"query-input\":{\"@type\":\"PropertyValueSpecification\",\"valueRequired\":true,\"valueName\":\"search_term_string\"}}],\"inLanguage\":\"fr-FR\"},{\"@type\":\"Organization\",\"@id\":\"https:\\\/\\\/saudi-gift.com\\\/#organization\",\"name\":\"\u0645\u062a\u062c\u0631 \u0627\u0644\u0647\u062f\u064a\u0629\",\"alternateName\":\"\u0647\u062f\u064a\u0629 \u0633\u0639\u0648\u062f\u064a\u0629\",\"url\":\"https:\\\/\\\/saudi-gift.com\\\/\",\"logo\":{\"@type\":\"ImageObject\",\"inLanguage\":\"fr-FR\",\"@id\":\"https:\\\/\\\/saudi-gift.com\\\/#\\\/schema\\\/logo\\\/image\\\/\",\"url\":\"https:\\\/\\\/saudi-gift.com\\\/wp-content\\\/uploads\\\/2025\\\/05\\\/2.png\",\"contentUrl\":\"https:\\\/\\\/saudi-gift.com\\\/wp-content\\\/uploads\\\/2025\\\/05\\\/2.png\",\"width\":163,\"height\":42,\"caption\":\"\u0645\u062a\u062c\u0631 \u0627\u0644\u0647\u062f\u064a\u0629\"},\"image\":{\"@id\":\"https:\\\/\\\/saudi-gift.com\\\/#\\\/schema\\\/logo\\\/image\\\/\"},\"sameAs\":[\"https:\\\/\\\/www.facebook.com\\\/profile.php?id=61560277649059&mibextid=LQQJ4d\",\"https:\\\/\\\/x.com\\\/saudigift_\"]}]}<\/script>\n<!-- \/ Yoast SEO Premium plugin. -->","yoast_head_json":{"title":"Cahier de dialogue - \u0647\u062f\u064a\u0629 \u0633\u0639\u0648\u062f\u064a\u0629","description":"Fabriqu\u00e9 en cuir luxueux et doubl\u00e9 d'une vari\u00e9t\u00e9 de lignes, de traits et de carr\u00e9s, c'est l'agenda parfait pour le journal intime de votre petit.","robots":{"index":"index","follow":"follow","max-snippet":"max-snippet:-1","max-image-preview":"max-image-preview:large","max-video-preview":"max-video-preview:-1"},"canonical":"https:\/\/saudi-gift.com\/fr\/product\/cahier-de-dialogue\/","og_locale":"fr_FR","og_type":"article","og_title":"Cahier de dialogue","og_description":"Fabriqu\u00e9 en cuir luxueux et doubl\u00e9 d'une vari\u00e9t\u00e9 de lignes, de traits et de carr\u00e9s, c'est l'agenda parfait pour le journal intime de votre petit.","og_url":"https:\/\/saudi-gift.com\/fr\/product\/cahier-de-dialogue\/","og_site_name":"\u0647\u062f\u064a\u0629 \u0633\u0639\u0648\u062f\u064a\u0629","article_publisher":"https:\/\/www.facebook.com\/profile.php?id=61560277649059&mibextid=LQQJ4d","article_modified_time":"2025-02-08T11:47:49+00:00","og_image":[{"width":1280,"height":853,"url":"https:\/\/saudi-gift.com\/wp-content\/uploads\/2025\/01\/\u062f\u0641\u062a\u0631-\u0645\u0644\u0627\u062d\u0638\u0627\u062a-\u0645\u0643\u064a\u06297.jpg","type":"image\/jpeg"}],"twitter_card":"summary_large_image","twitter_site":"@saudigift_","twitter_misc":{"Dur\u00e9e de lecture estim\u00e9e":"2 minutes"},"schema":{"@context":"https:\/\/schema.org","@graph":[{"@type":"WebPage","@id":"https:\/\/saudi-gift.com\/fr\/product\/cahier-de-dialogue\/","url":"https:\/\/saudi-gift.com\/fr\/product\/cahier-de-dialogue\/","name":"Cahier de dialogue - \u0647\u062f\u064a\u0629 \u0633\u0639\u0648\u062f\u064a\u0629","isPartOf":{"@id":"https:\/\/saudi-gift.com\/#website"},"primaryImageOfPage":{"@id":"https:\/\/saudi-gift.com\/fr\/product\/cahier-de-dialogue\/#primaryimage"},"image":{"@id":"https:\/\/saudi-gift.com\/fr\/product\/cahier-de-dialogue\/#primaryimage"},"thumbnailUrl":"https:\/\/saudi-gift.com\/wp-content\/uploads\/2025\/01\/\u062f\u0641\u062a\u0631-\u0645\u0644\u0627\u062d\u0638\u0627\u062a-\u0645\u0643\u064a\u06297.jpg","datePublished":"2025-01-30T16:24:45+00:00","dateModified":"2025-02-08T11:47:49+00:00","description":"Fabriqu\u00e9 en cuir luxueux et doubl\u00e9 d'une vari\u00e9t\u00e9 de lignes, de traits et de carr\u00e9s, c'est l'agenda parfait pour le journal intime de votre petit.","breadcrumb":{"@id":"https:\/\/saudi-gift.com\/fr\/product\/cahier-de-dialogue\/#breadcrumb"},"inLanguage":"fr-FR","potentialAction":[{"@type":"ReadAction","target":["https:\/\/saudi-gift.com\/fr\/product\/cahier-de-dialogue\/"]}]},{"@type":"ImageObject","inLanguage":"fr-FR","@id":"https:\/\/saudi-gift.com\/fr\/product\/cahier-de-dialogue\/#primaryimage","url":"https:\/\/saudi-gift.com\/wp-content\/uploads\/2025\/01\/\u062f\u0641\u062a\u0631-\u0645\u0644\u0627\u062d\u0638\u0627\u062a-\u0645\u0643\u064a\u06297.jpg","contentUrl":"https:\/\/saudi-gift.com\/wp-content\/uploads\/2025\/01\/\u062f\u0641\u062a\u0631-\u0645\u0644\u0627\u062d\u0638\u0627\u062a-\u0645\u0643\u064a\u06297.jpg","width":1280,"height":853,"caption":"\u062f\u0641\u062a\u0631 \u0645\u0644\u0627\u062d\u0638\u0627\u062a \u062d\u0648\u0627\u0631 \" \u0645\u062c\u0645\u0648\u0639\u0629 \u0645\u0643\u064a\u0629\""},{"@type":"BreadcrumbList","@id":"https:\/\/saudi-gift.com\/fr\/product\/cahier-de-dialogue\/#breadcrumb","itemListElement":[{"@type":"ListItem","position":1,"name":"Home","item":"https:\/\/saudi-gift.com\/fr\/"},{"@type":"ListItem","position":2,"name":"Acheter","item":"https:\/\/saudi-gift.com\/fr\/acheter\/"},{"@type":"ListItem","position":3,"name":"Cahier de dialogue"}]},{"@type":"WebSite","@id":"https:\/\/saudi-gift.com\/#website","url":"https:\/\/saudi-gift.com\/","name":"\u0647\u062f\u064a\u0629 \u0633\u0639\u0648\u062f\u064a\u0629","description":"\u0647\u062f\u064a\u0629 \u0633\u0639\u0648\u062f\u064a\u0629 \u0645\u062a\u062c\u0631 \u0627\u0644\u0643\u062a\u0631\u0648\u0646\u064a \u064a\u0642\u062f\u0645 \u0644\u0643\u0645 \u0645\u062c\u0645\u0648\u0639\u0629 \u0645\u0646 \u0627\u0644\u0647\u062f\u0627\u064a\u0627 \u0627\u0644\u062a\u064a \u062a\u062c\u0633\u062f \u0639\u0628\u0642 \u0630\u0643\u0631\u064a\u0627\u062a\u0643\u0645 \u0641\u064a \u0627\u0644\u0645\u0634\u0627\u0639\u0631 \u0627\u0644\u0645\u0642\u062f\u0633\u0629","publisher":{"@id":"https:\/\/saudi-gift.com\/#organization"},"alternateName":"\u0647\u062f\u064a\u0629 \u0633\u0639\u0648\u062f\u064a\u0629","potentialAction":[{"@type":"SearchAction","target":{"@type":"EntryPoint","urlTemplate":"https:\/\/saudi-gift.com\/?s={search_term_string}"},"query-input":{"@type":"PropertyValueSpecification","valueRequired":true,"valueName":"search_term_string"}}],"inLanguage":"fr-FR"},{"@type":"Organization","@id":"https:\/\/saudi-gift.com\/#organization","name":"\u0645\u062a\u062c\u0631 \u0627\u0644\u0647\u062f\u064a\u0629","alternateName":"\u0647\u062f\u064a\u0629 \u0633\u0639\u0648\u062f\u064a\u0629","url":"https:\/\/saudi-gift.com\/","logo":{"@type":"ImageObject","inLanguage":"fr-FR","@id":"https:\/\/saudi-gift.com\/#\/schema\/logo\/image\/","url":"https:\/\/saudi-gift.com\/wp-content\/uploads\/2025\/05\/2.png","contentUrl":"https:\/\/saudi-gift.com\/wp-content\/uploads\/2025\/05\/2.png","width":163,"height":42,"caption":"\u0645\u062a\u062c\u0631 \u0627\u0644\u0647\u062f\u064a\u0629"},"image":{"@id":"https:\/\/saudi-gift.com\/#\/schema\/logo\/image\/"},"sameAs":["https:\/\/www.facebook.com\/profile.php?id=61560277649059&mibextid=LQQJ4d","https:\/\/x.com\/saudigift_"]}]}},"jetpack-related-posts":[],"_links":{"self":[{"href":"https:\/\/saudi-gift.com\/fr\/wp-json\/wp\/v2\/product\/47692","targetHints":{"allow":["GET"]}}],"collection":[{"href":"https:\/\/saudi-gift.com\/fr\/wp-json\/wp\/v2\/product"}],"about":[{"href":"https:\/\/saudi-gift.com\/fr\/wp-json\/wp\/v2\/types\/product"}],"replies":[{"embeddable":true,"href":"https:\/\/saudi-gift.com\/fr\/wp-json\/wp\/v2\/comments?post=47692"}],"version-history":[{"count":0,"href":"https:\/\/saudi-gift.com\/fr\/wp-json\/wp\/v2\/product\/47692\/revisions"}],"wp:featuredmedia":[{"embeddable":true,"href":"https:\/\/saudi-gift.com\/fr\/wp-json\/wp\/v2\/media\/44660"}],"wp:attachment":[{"href":"https:\/\/saudi-gift.com\/fr\/wp-json\/wp\/v2\/media?parent=47692"}],"wp:term":[{"taxonomy":"product_brand","embeddable":true,"href":"https:\/\/saudi-gift.com\/fr\/wp-json\/wp\/v2\/product_brand?post=47692"},{"taxonomy":"product_cat","embeddable":true,"href":"https:\/\/saudi-gift.com\/fr\/wp-json\/wp\/v2\/product_cat?post=47692"},{"taxonomy":"product_tag","embeddable":true,"href":"https:\/\/saudi-gift.com\/fr\/wp-json\/wp\/v2\/product_tag?post=47692"}],"curies":[{"name":"wp","href":"https:\/\/api.w.org\/{rel}","templated":true}]}}