{"id":47819,"date":"2025-01-30T20:22:58","date_gmt":"2025-01-30T17:22:58","guid":{"rendered":"https:\/\/saudi-gift.com\/product\/pigeon-empaille-pendentif-pour-poupee-empaillee\/"},"modified":"2025-01-30T20:22:58","modified_gmt":"2025-01-30T17:22:58","slug":"pigeon-empaille-pendentif-pour-poupee-empaillee","status":"publish","type":"product","link":"https:\/\/saudi-gift.com\/fr\/produit\/pigeon-empaille-pendentif-pour-poupee-empaillee\/","title":{"rendered":"Pigeon empaill\u00e9 Pendentif pour poup\u00e9e empaill\u00e9e"},"content":{"rendered":"<p>Pigeon empaill\u00e9 Pendentif pour poup\u00e9e empaill\u00e9e<\/p>\n<p>\u00ab\u00a0Le commentaire enjou\u00e9 de Makiyah &#8211; une compagne \u00e9l\u00e9gante et innocente<\/p>\n<p>Compl\u00e9ment id\u00e9al de tout sac \u00e0 main ou porte-cl\u00e9s, le pendentif poup\u00e9e Makiyah allie douceur et \u00e9l\u00e9gance dans un design unique avec un c\u0153ur et le mot La Mecque. <\/p>\n<p>Signification de \u00ab\u00a0Makiyah\u00a0\u00bb Le choix du nom \u00ab\u00a0Makiyah\u00a0\u00bb a de profondes connotations. C&rsquo;est le symbole de la colombe de la paix, de La Mecque, le berceau de l&rsquo;islam et le lieu le plus saint de la plan\u00e8te. Le nom refl\u00e8te \u00e9galement le fait que les po\u00e8tes et les chanteurs ont chant\u00e9 la colombe du sanctuaire, comme Oum Kalthoum a chant\u00e9 les plus belles m\u00e9lodies, ce qui donne \u00e0 Makiyah une touche d&rsquo;originalit\u00e9 et d&rsquo;art.      <\/p>\n<p>\u00ab\u00a0Makiyah en tant que poup\u00e9e Lorsque vous achetez Makiyah, vous n&rsquo;obtenez pas seulement un magnifique souvenir, mais vous offrez \u00e0 vos enfants une poup\u00e9e remplie de tendresse et de paix. \u00ab\u00a0Makiyah est la compagne id\u00e9ale des enfants, ils peuvent la c\u00e2liner, dormir \u00e0 ses c\u00f4t\u00e9s et faire partie de leurs r\u00eaves et de leurs jeux. De plus, Makiyah est livr\u00e9e avec un ensemble d&rsquo;accessoires int\u00e9ressants qui rendent les jeux avec elle encore plus excitants et amusants.       <\/p>\n<p>Collection int\u00e9ressante<\/p>\n<p>La collection Makiyah comprend divers accessoires qui rendent l&rsquo;exp\u00e9rience plus interactive et \u00e9ducative pour les enfants : &#8211; Sac d&rsquo;art : contient toutes sortes de bois, de couleurs liquides et de cire, permettant aux enfants d&rsquo;exprimer leur cr\u00e9ativit\u00e9.<br \/>\n&#8211; Livret de coloriage : Un livret contenant des images de l&rsquo;esprit de l&rsquo;Arabie saoudite, que les enfants peuvent colorier et d\u00e9couvrir la beaut\u00e9 du patrimoine saoudien.<br \/>\n&#8211; Un journal : Un carnet sp\u00e9cial pour consigner les aventures et les pens\u00e9es des enfants avec Makia.<br \/>\n&#8211; Stylo Makiyah : un stylo Makiyah sp\u00e9cial pour accompagner les enfants dans leurs activit\u00e9s d&rsquo;\u00e9criture et de dessin.<br \/>\n&#8211; Casse-t\u00eate en coton : Un jeu amusant qui aide les enfants \u00e0 d\u00e9velopper leur motricit\u00e9 et leur esprit logique.<br \/>\n&#8211; M\u00e9daillon Makiyah : Petit jouet que l&rsquo;on peut attacher \u00e0 un sac ou porter avec des cl\u00e9s, Makiyah accompagne les enfants partout o\u00f9 ils vont. avec les enfants o\u00f9 qu&rsquo;ils aillent.<br \/>\n&#8211; Tasse Makia :<br \/>\nDesign distinctif et mat\u00e9riaux de haute qualit\u00e9, sans danger pour les enfants &#8211; Bijoux en plaqu\u00e9 argent : Une jolie parure en plaqu\u00e9 argent pour votre petite fille, avec le symbole \u00ab\u00a0Makiyah\u00a0\u00bb, pour promouvoir le sens de l&rsquo;unicit\u00e9 et de la beaut\u00e9.    <\/p>\n<p>\u00ab\u00a0Makiyah\u00a0\u00bb est un symbole d&rsquo;espoir et de s\u00e9r\u00e9nit\u00e9, un rappel constant de l&rsquo;importance de la paix int\u00e9rieure et de la connexion spirituelle. Elle invite tous ceux qui la voient \u00e0 vivre des moments de contemplation et de s\u00e9r\u00e9nit\u00e9, et \u00e0 faire partie de l&rsquo;histoire de La Mecque, l&rsquo;histoire de la foi et de l&rsquo;amour. Elle vise \u00e9galement \u00e0 inculquer aux enfants des valeurs nobles et l&rsquo;amour du patrimoine.     <\/p>\n<p>Conclusion \u00ab\u00a0Makiyah\u00a0\u00bb n&rsquo;est pas une simple poup\u00e9e, mais un message d&rsquo;amour et de paix provenant du lieu le plus saint de la plan\u00e8te. Elle est un symbole pour tous ceux qui ont fait l&rsquo;exp\u00e9rience du Hajj ou de la Omra, et pour tous ceux qui r\u00eavent de visiter La Mecque. En poss\u00e9dant Makiyah et sa collection int\u00e9ressante, vous avez emport\u00e9 avec vous une partie de l&rsquo;esprit de La Mecque et de son h\u00e9ritage ancien, et vous l&rsquo;avez partag\u00e9e avec vos enfants pour qu&rsquo;elle fasse partie de leurs souvenirs heureux et de leurs moments de jeu amusants.      <\/p>\n","protected":false},"excerpt":{"rendered":"<p>Compl\u00e9ment id\u00e9al de tout sac \u00e0 main ou porte-cl\u00e9s, le pendentif poup\u00e9e Makiyah allie douceur et \u00e9l\u00e9gance dans un design unique avec un c\u0153ur et le mot La Mecque. <\/p>\n<p>D\u00e9finition de \u00ab\u00a0Mecquois\u00a0\u00bb<\/p>\n","protected":false},"featured_media":45126,"comment_status":"open","ping_status":"closed","template":"","meta":[],"product_brand":[],"product_cat":[3122],"product_tag":[],"class_list":{"0":"post-47819","1":"product","2":"type-product","3":"status-publish","4":"has-post-thumbnail","6":"product_cat-3122","8":"first","9":"instock","10":"shipping-taxable","11":"purchasable","12":"product-type-simple"},"yoast_head":"<!-- This site is optimized with the Yoast SEO Premium plugin v27.2 (Yoast SEO v27.3) - https:\/\/yoast.com\/product\/yoast-seo-premium-wordpress\/ -->\n<title>Pigeon empaill\u00e9 Pendentif pour poup\u00e9e empaill\u00e9e - \u0647\u062f\u064a\u0629 \u0633\u0639\u0648\u062f\u064a\u0629<\/title>\n<meta name=\"description\" content=\"Compl\u00e9ment id\u00e9al de tout sac \u00e0 main ou porte-cl\u00e9s, le pendentif poup\u00e9e Makiyah allie douceur et \u00e9l\u00e9gance dans un design unique avec un c\u0153ur et le mot &quot;Mecca&quot;. Signification de &quot;Makiyah&quot;\" \/>\n<meta name=\"robots\" content=\"index, follow, max-snippet:-1, max-image-preview:large, max-video-preview:-1\" \/>\n<link rel=\"canonical\" href=\"https:\/\/saudi-gift.com\/product\/\u062a\u0639\u0644\u064a\u0642\u0629-\u062f\u0645\u064a\u0629-\u0645\u062d\u0634\u0648\u0629-\u0627\u0644\u062d\u0645\u0627\u0645\u0629-\u0645\u0643\u064a\u0629\/\" \/>\n<meta property=\"og:locale\" content=\"fr_FR\" \/>\n<meta property=\"og:type\" content=\"article\" \/>\n<meta property=\"og:title\" content=\"Pigeon empaill\u00e9 Pendentif pour poup\u00e9e empaill\u00e9e\" \/>\n<meta property=\"og:description\" content=\"Compl\u00e9ment id\u00e9al de tout sac \u00e0 main ou porte-cl\u00e9s, le pendentif poup\u00e9e Makiyah allie douceur et \u00e9l\u00e9gance dans un design unique avec un c\u0153ur et le mot &quot;Mecca&quot;. Signification de &quot;Makiyah&quot;\" \/>\n<meta property=\"og:url\" content=\"https:\/\/saudi-gift.com\/product\/\u062a\u0639\u0644\u064a\u0642\u0629-\u062f\u0645\u064a\u0629-\u0645\u062d\u0634\u0648\u0629-\u0627\u0644\u062d\u0645\u0627\u0645\u0629-\u0645\u0643\u064a\u0629\/\" \/>\n<meta property=\"og:site_name\" content=\"\u0647\u062f\u064a\u0629 \u0633\u0639\u0648\u062f\u064a\u0629\" \/>\n<meta property=\"article:publisher\" content=\"https:\/\/www.facebook.com\/profile.php?id=61560277649059&amp;mibextid=LQQJ4d\" \/>\n<meta property=\"og:image\" content=\"https:\/\/i0.wp.com\/saudi-gift.com\/wp-content\/uploads\/2025\/01\/%D8%AA%D8%B9%D9%84%D9%8A%D9%82%D8%A9-%D8%AF%D9%85%D9%8A%D8%A9-%D9%85%D8%AD%D8%B4%D9%88%D8%A9-%D8%A7%D9%84%D8%AD%D9%85%D8%A7%D9%85%D8%A9-%D9%85%D9%83%D9%8A%D8%A9.webp?fit=600%2C600&ssl=1\" \/>\n\t<meta property=\"og:image:width\" content=\"600\" \/>\n\t<meta property=\"og:image:height\" content=\"600\" \/>\n\t<meta property=\"og:image:type\" content=\"image\/webp\" \/>\n<meta name=\"twitter:card\" content=\"summary_large_image\" \/>\n<meta name=\"twitter:site\" content=\"@saudigift_\" \/>\n<meta name=\"twitter:label1\" content=\"Dur\u00e9e de lecture estim\u00e9e\" \/>\n\t<meta name=\"twitter:data1\" content=\"3 minutes\" \/>\n<script type=\"application\/ld+json\" class=\"yoast-schema-graph\">{\"@context\":\"https:\\\/\\\/schema.org\",\"@graph\":[{\"@type\":\"WebPage\",\"@id\":\"https:\\\/\\\/saudi-gift.com\\\/product\\\/%d8%aa%d8%b9%d9%84%d9%8a%d9%82%d8%a9-%d8%af%d9%85%d9%8a%d8%a9-%d9%85%d8%ad%d8%b4%d9%88%d8%a9-%d8%a7%d9%84%d8%ad%d9%85%d8%a7%d9%85%d8%a9-%d9%85%d9%83%d9%8a%d8%a9\\\/\",\"url\":\"https:\\\/\\\/saudi-gift.com\\\/product\\\/%d8%aa%d8%b9%d9%84%d9%8a%d9%82%d8%a9-%d8%af%d9%85%d9%8a%d8%a9-%d9%85%d8%ad%d8%b4%d9%88%d8%a9-%d8%a7%d9%84%d8%ad%d9%85%d8%a7%d9%85%d8%a9-%d9%85%d9%83%d9%8a%d8%a9\\\/\",\"name\":\"Pigeon empaill\u00e9 Pendentif pour poup\u00e9e empaill\u00e9e - \u0647\u062f\u064a\u0629 \u0633\u0639\u0648\u062f\u064a\u0629\",\"isPartOf\":{\"@id\":\"https:\\\/\\\/saudi-gift.com\\\/#website\"},\"primaryImageOfPage\":{\"@id\":\"https:\\\/\\\/saudi-gift.com\\\/product\\\/%d8%aa%d8%b9%d9%84%d9%8a%d9%82%d8%a9-%d8%af%d9%85%d9%8a%d8%a9-%d9%85%d8%ad%d8%b4%d9%88%d8%a9-%d8%a7%d9%84%d8%ad%d9%85%d8%a7%d9%85%d8%a9-%d9%85%d9%83%d9%8a%d8%a9\\\/#primaryimage\"},\"image\":{\"@id\":\"https:\\\/\\\/saudi-gift.com\\\/product\\\/%d8%aa%d8%b9%d9%84%d9%8a%d9%82%d8%a9-%d8%af%d9%85%d9%8a%d8%a9-%d9%85%d8%ad%d8%b4%d9%88%d8%a9-%d8%a7%d9%84%d8%ad%d9%85%d8%a7%d9%85%d8%a9-%d9%85%d9%83%d9%8a%d8%a9\\\/#primaryimage\"},\"thumbnailUrl\":\"https:\\\/\\\/saudi-gift.com\\\/wp-content\\\/uploads\\\/2025\\\/01\\\/\u062a\u0639\u0644\u064a\u0642\u0629-\u062f\u0645\u064a\u0629-\u0645\u062d\u0634\u0648\u0629-\u0627\u0644\u062d\u0645\u0627\u0645\u0629-\u0645\u0643\u064a\u0629.webp\",\"datePublished\":\"2025-01-30T17:22:58+00:00\",\"description\":\"Compl\u00e9ment id\u00e9al de tout sac \u00e0 main ou porte-cl\u00e9s, le pendentif poup\u00e9e Makiyah allie douceur et \u00e9l\u00e9gance dans un design unique avec un c\u0153ur et le mot \\\"Mecca\\\". Signification de \\\"Makiyah\\\"\",\"breadcrumb\":{\"@id\":\"https:\\\/\\\/saudi-gift.com\\\/product\\\/%d8%aa%d8%b9%d9%84%d9%8a%d9%82%d8%a9-%d8%af%d9%85%d9%8a%d8%a9-%d9%85%d8%ad%d8%b4%d9%88%d8%a9-%d8%a7%d9%84%d8%ad%d9%85%d8%a7%d9%85%d8%a9-%d9%85%d9%83%d9%8a%d8%a9\\\/#breadcrumb\"},\"inLanguage\":\"fr-FR\",\"potentialAction\":[{\"@type\":\"ReadAction\",\"target\":[\"https:\\\/\\\/saudi-gift.com\\\/product\\\/%d8%aa%d8%b9%d9%84%d9%8a%d9%82%d8%a9-%d8%af%d9%85%d9%8a%d8%a9-%d9%85%d8%ad%d8%b4%d9%88%d8%a9-%d8%a7%d9%84%d8%ad%d9%85%d8%a7%d9%85%d8%a9-%d9%85%d9%83%d9%8a%d8%a9\\\/\"]}]},{\"@type\":\"ImageObject\",\"inLanguage\":\"fr-FR\",\"@id\":\"https:\\\/\\\/saudi-gift.com\\\/product\\\/%d8%aa%d8%b9%d9%84%d9%8a%d9%82%d8%a9-%d8%af%d9%85%d9%8a%d8%a9-%d9%85%d8%ad%d8%b4%d9%88%d8%a9-%d8%a7%d9%84%d8%ad%d9%85%d8%a7%d9%85%d8%a9-%d9%85%d9%83%d9%8a%d8%a9\\\/#primaryimage\",\"url\":\"https:\\\/\\\/saudi-gift.com\\\/wp-content\\\/uploads\\\/2025\\\/01\\\/\u062a\u0639\u0644\u064a\u0642\u0629-\u062f\u0645\u064a\u0629-\u0645\u062d\u0634\u0648\u0629-\u0627\u0644\u062d\u0645\u0627\u0645\u0629-\u0645\u0643\u064a\u0629.webp\",\"contentUrl\":\"https:\\\/\\\/saudi-gift.com\\\/wp-content\\\/uploads\\\/2025\\\/01\\\/\u062a\u0639\u0644\u064a\u0642\u0629-\u062f\u0645\u064a\u0629-\u0645\u062d\u0634\u0648\u0629-\u0627\u0644\u062d\u0645\u0627\u0645\u0629-\u0645\u0643\u064a\u0629.webp\",\"width\":600,\"height\":600},{\"@type\":\"BreadcrumbList\",\"@id\":\"https:\\\/\\\/saudi-gift.com\\\/product\\\/%d8%aa%d8%b9%d9%84%d9%8a%d9%82%d8%a9-%d8%af%d9%85%d9%8a%d8%a9-%d9%85%d8%ad%d8%b4%d9%88%d8%a9-%d8%a7%d9%84%d8%ad%d9%85%d8%a7%d9%85%d8%a9-%d9%85%d9%83%d9%8a%d8%a9\\\/#breadcrumb\",\"itemListElement\":[{\"@type\":\"ListItem\",\"position\":1,\"name\":\"Home\",\"item\":\"https:\\\/\\\/saudi-gift.com\\\/fr\\\/\"},{\"@type\":\"ListItem\",\"position\":2,\"name\":\"Acheter\",\"item\":\"https:\\\/\\\/saudi-gift.com\\\/fr\\\/acheter\\\/\"},{\"@type\":\"ListItem\",\"position\":3,\"name\":\"Pigeon empaill\u00e9 Pendentif pour poup\u00e9e empaill\u00e9e\"}]},{\"@type\":\"WebSite\",\"@id\":\"https:\\\/\\\/saudi-gift.com\\\/#website\",\"url\":\"https:\\\/\\\/saudi-gift.com\\\/\",\"name\":\"\u0647\u062f\u064a\u0629 \u0633\u0639\u0648\u062f\u064a\u0629\",\"description\":\"\u0647\u062f\u064a\u0629 \u0633\u0639\u0648\u062f\u064a\u0629 \u0645\u062a\u062c\u0631 \u0627\u0644\u0643\u062a\u0631\u0648\u0646\u064a \u064a\u0642\u062f\u0645 \u0644\u0643\u0645 \u0645\u062c\u0645\u0648\u0639\u0629 \u0645\u0646 \u0627\u0644\u0647\u062f\u0627\u064a\u0627 \u0627\u0644\u062a\u064a \u062a\u062c\u0633\u062f \u0639\u0628\u0642 \u0630\u0643\u0631\u064a\u0627\u062a\u0643\u0645 \u0641\u064a \u0627\u0644\u0645\u0634\u0627\u0639\u0631 \u0627\u0644\u0645\u0642\u062f\u0633\u0629\",\"publisher\":{\"@id\":\"https:\\\/\\\/saudi-gift.com\\\/#organization\"},\"alternateName\":\"\u0647\u062f\u064a\u0629 \u0633\u0639\u0648\u062f\u064a\u0629\",\"potentialAction\":[{\"@type\":\"SearchAction\",\"target\":{\"@type\":\"EntryPoint\",\"urlTemplate\":\"https:\\\/\\\/saudi-gift.com\\\/?s={search_term_string}\"},\"query-input\":{\"@type\":\"PropertyValueSpecification\",\"valueRequired\":true,\"valueName\":\"search_term_string\"}}],\"inLanguage\":\"fr-FR\"},{\"@type\":\"Organization\",\"@id\":\"https:\\\/\\\/saudi-gift.com\\\/#organization\",\"name\":\"\u0645\u062a\u062c\u0631 \u0627\u0644\u0647\u062f\u064a\u0629\",\"alternateName\":\"\u0647\u062f\u064a\u0629 \u0633\u0639\u0648\u062f\u064a\u0629\",\"url\":\"https:\\\/\\\/saudi-gift.com\\\/\",\"logo\":{\"@type\":\"ImageObject\",\"inLanguage\":\"fr-FR\",\"@id\":\"https:\\\/\\\/saudi-gift.com\\\/#\\\/schema\\\/logo\\\/image\\\/\",\"url\":\"https:\\\/\\\/saudi-gift.com\\\/wp-content\\\/uploads\\\/2025\\\/05\\\/2.png\",\"contentUrl\":\"https:\\\/\\\/saudi-gift.com\\\/wp-content\\\/uploads\\\/2025\\\/05\\\/2.png\",\"width\":163,\"height\":42,\"caption\":\"\u0645\u062a\u062c\u0631 \u0627\u0644\u0647\u062f\u064a\u0629\"},\"image\":{\"@id\":\"https:\\\/\\\/saudi-gift.com\\\/#\\\/schema\\\/logo\\\/image\\\/\"},\"sameAs\":[\"https:\\\/\\\/www.facebook.com\\\/profile.php?id=61560277649059&mibextid=LQQJ4d\",\"https:\\\/\\\/x.com\\\/saudigift_\"]}]}<\/script>\n<!-- \/ Yoast SEO Premium plugin. -->","yoast_head_json":{"title":"Pigeon empaill\u00e9 Pendentif pour poup\u00e9e empaill\u00e9e - \u0647\u062f\u064a\u0629 \u0633\u0639\u0648\u062f\u064a\u0629","description":"Compl\u00e9ment id\u00e9al de tout sac \u00e0 main ou porte-cl\u00e9s, le pendentif poup\u00e9e Makiyah allie douceur et \u00e9l\u00e9gance dans un design unique avec un c\u0153ur et le mot \"Mecca\". Signification de \"Makiyah\"","robots":{"index":"index","follow":"follow","max-snippet":"max-snippet:-1","max-image-preview":"max-image-preview:large","max-video-preview":"max-video-preview:-1"},"canonical":"https:\/\/saudi-gift.com\/product\/\u062a\u0639\u0644\u064a\u0642\u0629-\u062f\u0645\u064a\u0629-\u0645\u062d\u0634\u0648\u0629-\u0627\u0644\u062d\u0645\u0627\u0645\u0629-\u0645\u0643\u064a\u0629\/","og_locale":"fr_FR","og_type":"article","og_title":"Pigeon empaill\u00e9 Pendentif pour poup\u00e9e empaill\u00e9e","og_description":"Compl\u00e9ment id\u00e9al de tout sac \u00e0 main ou porte-cl\u00e9s, le pendentif poup\u00e9e Makiyah allie douceur et \u00e9l\u00e9gance dans un design unique avec un c\u0153ur et le mot \"Mecca\". Signification de \"Makiyah\"","og_url":"https:\/\/saudi-gift.com\/product\/\u062a\u0639\u0644\u064a\u0642\u0629-\u062f\u0645\u064a\u0629-\u0645\u062d\u0634\u0648\u0629-\u0627\u0644\u062d\u0645\u0627\u0645\u0629-\u0645\u0643\u064a\u0629\/","og_site_name":"\u0647\u062f\u064a\u0629 \u0633\u0639\u0648\u062f\u064a\u0629","article_publisher":"https:\/\/www.facebook.com\/profile.php?id=61560277649059&mibextid=LQQJ4d","og_image":[{"width":600,"height":600,"url":"https:\/\/i0.wp.com\/saudi-gift.com\/wp-content\/uploads\/2025\/01\/%D8%AA%D8%B9%D9%84%D9%8A%D9%82%D8%A9-%D8%AF%D9%85%D9%8A%D8%A9-%D9%85%D8%AD%D8%B4%D9%88%D8%A9-%D8%A7%D9%84%D8%AD%D9%85%D8%A7%D9%85%D8%A9-%D9%85%D9%83%D9%8A%D8%A9.webp?fit=600%2C600&ssl=1","type":"image\/webp"}],"twitter_card":"summary_large_image","twitter_site":"@saudigift_","twitter_misc":{"Dur\u00e9e de lecture estim\u00e9e":"3 minutes"},"schema":{"@context":"https:\/\/schema.org","@graph":[{"@type":"WebPage","@id":"https:\/\/saudi-gift.com\/product\/%d8%aa%d8%b9%d9%84%d9%8a%d9%82%d8%a9-%d8%af%d9%85%d9%8a%d8%a9-%d9%85%d8%ad%d8%b4%d9%88%d8%a9-%d8%a7%d9%84%d8%ad%d9%85%d8%a7%d9%85%d8%a9-%d9%85%d9%83%d9%8a%d8%a9\/","url":"https:\/\/saudi-gift.com\/product\/%d8%aa%d8%b9%d9%84%d9%8a%d9%82%d8%a9-%d8%af%d9%85%d9%8a%d8%a9-%d9%85%d8%ad%d8%b4%d9%88%d8%a9-%d8%a7%d9%84%d8%ad%d9%85%d8%a7%d9%85%d8%a9-%d9%85%d9%83%d9%8a%d8%a9\/","name":"Pigeon empaill\u00e9 Pendentif pour poup\u00e9e empaill\u00e9e - \u0647\u062f\u064a\u0629 \u0633\u0639\u0648\u062f\u064a\u0629","isPartOf":{"@id":"https:\/\/saudi-gift.com\/#website"},"primaryImageOfPage":{"@id":"https:\/\/saudi-gift.com\/product\/%d8%aa%d8%b9%d9%84%d9%8a%d9%82%d8%a9-%d8%af%d9%85%d9%8a%d8%a9-%d9%85%d8%ad%d8%b4%d9%88%d8%a9-%d8%a7%d9%84%d8%ad%d9%85%d8%a7%d9%85%d8%a9-%d9%85%d9%83%d9%8a%d8%a9\/#primaryimage"},"image":{"@id":"https:\/\/saudi-gift.com\/product\/%d8%aa%d8%b9%d9%84%d9%8a%d9%82%d8%a9-%d8%af%d9%85%d9%8a%d8%a9-%d9%85%d8%ad%d8%b4%d9%88%d8%a9-%d8%a7%d9%84%d8%ad%d9%85%d8%a7%d9%85%d8%a9-%d9%85%d9%83%d9%8a%d8%a9\/#primaryimage"},"thumbnailUrl":"https:\/\/saudi-gift.com\/wp-content\/uploads\/2025\/01\/\u062a\u0639\u0644\u064a\u0642\u0629-\u062f\u0645\u064a\u0629-\u0645\u062d\u0634\u0648\u0629-\u0627\u0644\u062d\u0645\u0627\u0645\u0629-\u0645\u0643\u064a\u0629.webp","datePublished":"2025-01-30T17:22:58+00:00","description":"Compl\u00e9ment id\u00e9al de tout sac \u00e0 main ou porte-cl\u00e9s, le pendentif poup\u00e9e Makiyah allie douceur et \u00e9l\u00e9gance dans un design unique avec un c\u0153ur et le mot \"Mecca\". Signification de \"Makiyah\"","breadcrumb":{"@id":"https:\/\/saudi-gift.com\/product\/%d8%aa%d8%b9%d9%84%d9%8a%d9%82%d8%a9-%d8%af%d9%85%d9%8a%d8%a9-%d9%85%d8%ad%d8%b4%d9%88%d8%a9-%d8%a7%d9%84%d8%ad%d9%85%d8%a7%d9%85%d8%a9-%d9%85%d9%83%d9%8a%d8%a9\/#breadcrumb"},"inLanguage":"fr-FR","potentialAction":[{"@type":"ReadAction","target":["https:\/\/saudi-gift.com\/product\/%d8%aa%d8%b9%d9%84%d9%8a%d9%82%d8%a9-%d8%af%d9%85%d9%8a%d8%a9-%d9%85%d8%ad%d8%b4%d9%88%d8%a9-%d8%a7%d9%84%d8%ad%d9%85%d8%a7%d9%85%d8%a9-%d9%85%d9%83%d9%8a%d8%a9\/"]}]},{"@type":"ImageObject","inLanguage":"fr-FR","@id":"https:\/\/saudi-gift.com\/product\/%d8%aa%d8%b9%d9%84%d9%8a%d9%82%d8%a9-%d8%af%d9%85%d9%8a%d8%a9-%d9%85%d8%ad%d8%b4%d9%88%d8%a9-%d8%a7%d9%84%d8%ad%d9%85%d8%a7%d9%85%d8%a9-%d9%85%d9%83%d9%8a%d8%a9\/#primaryimage","url":"https:\/\/saudi-gift.com\/wp-content\/uploads\/2025\/01\/\u062a\u0639\u0644\u064a\u0642\u0629-\u062f\u0645\u064a\u0629-\u0645\u062d\u0634\u0648\u0629-\u0627\u0644\u062d\u0645\u0627\u0645\u0629-\u0645\u0643\u064a\u0629.webp","contentUrl":"https:\/\/saudi-gift.com\/wp-content\/uploads\/2025\/01\/\u062a\u0639\u0644\u064a\u0642\u0629-\u062f\u0645\u064a\u0629-\u0645\u062d\u0634\u0648\u0629-\u0627\u0644\u062d\u0645\u0627\u0645\u0629-\u0645\u0643\u064a\u0629.webp","width":600,"height":600},{"@type":"BreadcrumbList","@id":"https:\/\/saudi-gift.com\/product\/%d8%aa%d8%b9%d9%84%d9%8a%d9%82%d8%a9-%d8%af%d9%85%d9%8a%d8%a9-%d9%85%d8%ad%d8%b4%d9%88%d8%a9-%d8%a7%d9%84%d8%ad%d9%85%d8%a7%d9%85%d8%a9-%d9%85%d9%83%d9%8a%d8%a9\/#breadcrumb","itemListElement":[{"@type":"ListItem","position":1,"name":"Home","item":"https:\/\/saudi-gift.com\/fr\/"},{"@type":"ListItem","position":2,"name":"Acheter","item":"https:\/\/saudi-gift.com\/fr\/acheter\/"},{"@type":"ListItem","position":3,"name":"Pigeon empaill\u00e9 Pendentif pour poup\u00e9e empaill\u00e9e"}]},{"@type":"WebSite","@id":"https:\/\/saudi-gift.com\/#website","url":"https:\/\/saudi-gift.com\/","name":"\u0647\u062f\u064a\u0629 \u0633\u0639\u0648\u062f\u064a\u0629","description":"\u0647\u062f\u064a\u0629 \u0633\u0639\u0648\u062f\u064a\u0629 \u0645\u062a\u062c\u0631 \u0627\u0644\u0643\u062a\u0631\u0648\u0646\u064a \u064a\u0642\u062f\u0645 \u0644\u0643\u0645 \u0645\u062c\u0645\u0648\u0639\u0629 \u0645\u0646 \u0627\u0644\u0647\u062f\u0627\u064a\u0627 \u0627\u0644\u062a\u064a \u062a\u062c\u0633\u062f \u0639\u0628\u0642 \u0630\u0643\u0631\u064a\u0627\u062a\u0643\u0645 \u0641\u064a \u0627\u0644\u0645\u0634\u0627\u0639\u0631 \u0627\u0644\u0645\u0642\u062f\u0633\u0629","publisher":{"@id":"https:\/\/saudi-gift.com\/#organization"},"alternateName":"\u0647\u062f\u064a\u0629 \u0633\u0639\u0648\u062f\u064a\u0629","potentialAction":[{"@type":"SearchAction","target":{"@type":"EntryPoint","urlTemplate":"https:\/\/saudi-gift.com\/?s={search_term_string}"},"query-input":{"@type":"PropertyValueSpecification","valueRequired":true,"valueName":"search_term_string"}}],"inLanguage":"fr-FR"},{"@type":"Organization","@id":"https:\/\/saudi-gift.com\/#organization","name":"\u0645\u062a\u062c\u0631 \u0627\u0644\u0647\u062f\u064a\u0629","alternateName":"\u0647\u062f\u064a\u0629 \u0633\u0639\u0648\u062f\u064a\u0629","url":"https:\/\/saudi-gift.com\/","logo":{"@type":"ImageObject","inLanguage":"fr-FR","@id":"https:\/\/saudi-gift.com\/#\/schema\/logo\/image\/","url":"https:\/\/saudi-gift.com\/wp-content\/uploads\/2025\/05\/2.png","contentUrl":"https:\/\/saudi-gift.com\/wp-content\/uploads\/2025\/05\/2.png","width":163,"height":42,"caption":"\u0645\u062a\u062c\u0631 \u0627\u0644\u0647\u062f\u064a\u0629"},"image":{"@id":"https:\/\/saudi-gift.com\/#\/schema\/logo\/image\/"},"sameAs":["https:\/\/www.facebook.com\/profile.php?id=61560277649059&mibextid=LQQJ4d","https:\/\/x.com\/saudigift_"]}]}},"jetpack-related-posts":[],"_links":{"self":[{"href":"https:\/\/saudi-gift.com\/fr\/wp-json\/wp\/v2\/product\/47819","targetHints":{"allow":["GET"]}}],"collection":[{"href":"https:\/\/saudi-gift.com\/fr\/wp-json\/wp\/v2\/product"}],"about":[{"href":"https:\/\/saudi-gift.com\/fr\/wp-json\/wp\/v2\/types\/product"}],"replies":[{"embeddable":true,"href":"https:\/\/saudi-gift.com\/fr\/wp-json\/wp\/v2\/comments?post=47819"}],"version-history":[{"count":0,"href":"https:\/\/saudi-gift.com\/fr\/wp-json\/wp\/v2\/product\/47819\/revisions"}],"wp:featuredmedia":[{"embeddable":true,"href":"https:\/\/saudi-gift.com\/fr\/wp-json\/wp\/v2\/media\/45126"}],"wp:attachment":[{"href":"https:\/\/saudi-gift.com\/fr\/wp-json\/wp\/v2\/media?parent=47819"}],"wp:term":[{"taxonomy":"product_brand","embeddable":true,"href":"https:\/\/saudi-gift.com\/fr\/wp-json\/wp\/v2\/product_brand?post=47819"},{"taxonomy":"product_cat","embeddable":true,"href":"https:\/\/saudi-gift.com\/fr\/wp-json\/wp\/v2\/product_cat?post=47819"},{"taxonomy":"product_tag","embeddable":true,"href":"https:\/\/saudi-gift.com\/fr\/wp-json\/wp\/v2\/product_tag?post=47819"}],"curies":[{"name":"wp","href":"https:\/\/api.w.org\/{rel}","templated":true}]}}