{"id":47859,"date":"2025-01-30T20:03:57","date_gmt":"2025-01-30T17:03:57","guid":{"rendered":"https:\/\/saudi-gift.com\/product\/crochet-de-sac-orange\/"},"modified":"2025-01-30T20:03:57","modified_gmt":"2025-01-30T17:03:57","slug":"crochet-de-sac-orange","status":"publish","type":"product","link":"https:\/\/saudi-gift.com\/fr\/produit\/crochet-de-sac-orange\/","title":{"rendered":"Crochet de sac (orange)"},"content":{"rendered":"<table class=\"table table-bordered\">\n<tbody>\n<tr>\n<th>Mat\u00e9riaux<\/th>\n<td>Nickel<\/td>\n<\/tr>\n<tr>\n<th style=\"text-align: right;\">La marque<\/th>\n<td style=\"text-align: right;\">Saudi Way<\/td>\n<\/tr>\n<\/tbody>\n<\/table>\n<p>Crochet de sac (orange)<\/p>\n","protected":false},"excerpt":{"rendered":"<p>Faites briller votre sac avec ce magnifique crochet pour sac, fabriqu\u00e9 \u00e0 partir de mat\u00e9riaux de haute qualit\u00e9 et avec de beaux motifs qui accentuent l&rsquo;esth\u00e9tique de votre sac et y ajoutent une touche de glamour. \u00c9l\u00e9gant et facile \u00e0 utiliser, il est parfait pour ajouter une touche de sophistication \u00e0 votre sac de tous les jours.   <\/p>\n","protected":false},"featured_media":44873,"comment_status":"open","ping_status":"closed","template":"","meta":[],"product_brand":[],"product_cat":[132],"product_tag":[2118,2117,1282],"class_list":{"0":"post-47859","1":"product","2":"type-product","3":"status-publish","4":"has-post-thumbnail","6":"product_cat-made-in-medina","7":"product_tag--fr","8":"product_tag-_-fr","11":"first","12":"instock","13":"shipping-taxable","14":"purchasable","15":"product-type-simple"},"yoast_head":"<!-- This site is optimized with the Yoast SEO Premium plugin v27.2 (Yoast SEO v27.3) - https:\/\/yoast.com\/product\/yoast-seo-premium-wordpress\/ -->\n<title>Crochet de sac (orange) - \u0647\u062f\u064a\u0629 \u0633\u0639\u0648\u062f\u064a\u0629<\/title>\n<meta name=\"robots\" content=\"index, follow, max-snippet:-1, max-image-preview:large, max-video-preview:-1\" \/>\n<link rel=\"canonical\" href=\"https:\/\/saudi-gift.com\/fr\/product\/crochet-de-sac-orange\/\" \/>\n<meta property=\"og:locale\" content=\"fr_FR\" \/>\n<meta property=\"og:type\" content=\"article\" \/>\n<meta property=\"og:title\" content=\"Crochet de sac (orange)\" \/>\n<meta property=\"og:description\" content=\"Faites briller votre sac avec ce magnifique crochet pour sac, fabriqu\u00e9 \u00e0 partir de mat\u00e9riaux de haute qualit\u00e9 et avec de beaux motifs qui accentuent l&#039;esth\u00e9tique de votre sac et y ajoutent une touche de glamour. \u00c9l\u00e9gant et facile \u00e0 utiliser, il est parfait pour ajouter une touche de sophistication \u00e0 votre sac de tous les jours.\" \/>\n<meta property=\"og:url\" content=\"https:\/\/saudi-gift.com\/fr\/product\/crochet-de-sac-orange\/\" \/>\n<meta property=\"og:site_name\" content=\"\u0647\u062f\u064a\u0629 \u0633\u0639\u0648\u062f\u064a\u0629\" \/>\n<meta property=\"article:publisher\" content=\"https:\/\/www.facebook.com\/profile.php?id=61560277649059&amp;mibextid=LQQJ4d\" \/>\n<meta property=\"og:image\" content=\"https:\/\/i0.wp.com\/saudi-gift.com\/wp-content\/uploads\/2025\/01\/1404.webp?fit=600%2C600&ssl=1\" \/>\n\t<meta property=\"og:image:width\" content=\"600\" \/>\n\t<meta property=\"og:image:height\" content=\"600\" \/>\n\t<meta property=\"og:image:type\" content=\"image\/webp\" \/>\n<meta name=\"twitter:card\" content=\"summary_large_image\" \/>\n<meta name=\"twitter:site\" content=\"@saudigift_\" \/>\n<script type=\"application\/ld+json\" class=\"yoast-schema-graph\">{\"@context\":\"https:\\\/\\\/schema.org\",\"@graph\":[{\"@type\":\"WebPage\",\"@id\":\"https:\\\/\\\/saudi-gift.com\\\/fr\\\/product\\\/crochet-de-sac-orange\\\/\",\"url\":\"https:\\\/\\\/saudi-gift.com\\\/fr\\\/product\\\/crochet-de-sac-orange\\\/\",\"name\":\"Crochet de sac (orange) - \u0647\u062f\u064a\u0629 \u0633\u0639\u0648\u062f\u064a\u0629\",\"isPartOf\":{\"@id\":\"https:\\\/\\\/saudi-gift.com\\\/#website\"},\"primaryImageOfPage\":{\"@id\":\"https:\\\/\\\/saudi-gift.com\\\/fr\\\/product\\\/crochet-de-sac-orange\\\/#primaryimage\"},\"image\":{\"@id\":\"https:\\\/\\\/saudi-gift.com\\\/fr\\\/product\\\/crochet-de-sac-orange\\\/#primaryimage\"},\"thumbnailUrl\":\"https:\\\/\\\/saudi-gift.com\\\/wp-content\\\/uploads\\\/2025\\\/01\\\/1404.webp\",\"datePublished\":\"2025-01-30T17:03:57+00:00\",\"breadcrumb\":{\"@id\":\"https:\\\/\\\/saudi-gift.com\\\/fr\\\/product\\\/crochet-de-sac-orange\\\/#breadcrumb\"},\"inLanguage\":\"fr-FR\",\"potentialAction\":[{\"@type\":\"ReadAction\",\"target\":[\"https:\\\/\\\/saudi-gift.com\\\/fr\\\/product\\\/crochet-de-sac-orange\\\/\"]}]},{\"@type\":\"ImageObject\",\"inLanguage\":\"fr-FR\",\"@id\":\"https:\\\/\\\/saudi-gift.com\\\/fr\\\/product\\\/crochet-de-sac-orange\\\/#primaryimage\",\"url\":\"https:\\\/\\\/saudi-gift.com\\\/wp-content\\\/uploads\\\/2025\\\/01\\\/1404.webp\",\"contentUrl\":\"https:\\\/\\\/saudi-gift.com\\\/wp-content\\\/uploads\\\/2025\\\/01\\\/1404.webp\",\"width\":600,\"height\":600},{\"@type\":\"BreadcrumbList\",\"@id\":\"https:\\\/\\\/saudi-gift.com\\\/fr\\\/product\\\/crochet-de-sac-orange\\\/#breadcrumb\",\"itemListElement\":[{\"@type\":\"ListItem\",\"position\":1,\"name\":\"Home\",\"item\":\"https:\\\/\\\/saudi-gift.com\\\/fr\\\/\"},{\"@type\":\"ListItem\",\"position\":2,\"name\":\"Acheter\",\"item\":\"https:\\\/\\\/saudi-gift.com\\\/fr\\\/acheter\\\/\"},{\"@type\":\"ListItem\",\"position\":3,\"name\":\"Crochet de sac (orange)\"}]},{\"@type\":\"WebSite\",\"@id\":\"https:\\\/\\\/saudi-gift.com\\\/#website\",\"url\":\"https:\\\/\\\/saudi-gift.com\\\/\",\"name\":\"\u0647\u062f\u064a\u0629 \u0633\u0639\u0648\u062f\u064a\u0629\",\"description\":\"\u0647\u062f\u064a\u0629 \u0633\u0639\u0648\u062f\u064a\u0629 \u0645\u062a\u062c\u0631 \u0627\u0644\u0643\u062a\u0631\u0648\u0646\u064a \u064a\u0642\u062f\u0645 \u0644\u0643\u0645 \u0645\u062c\u0645\u0648\u0639\u0629 \u0645\u0646 \u0627\u0644\u0647\u062f\u0627\u064a\u0627 \u0627\u0644\u062a\u064a \u062a\u062c\u0633\u062f \u0639\u0628\u0642 \u0630\u0643\u0631\u064a\u0627\u062a\u0643\u0645 \u0641\u064a \u0627\u0644\u0645\u0634\u0627\u0639\u0631 \u0627\u0644\u0645\u0642\u062f\u0633\u0629\",\"publisher\":{\"@id\":\"https:\\\/\\\/saudi-gift.com\\\/#organization\"},\"alternateName\":\"\u0647\u062f\u064a\u0629 \u0633\u0639\u0648\u062f\u064a\u0629\",\"potentialAction\":[{\"@type\":\"SearchAction\",\"target\":{\"@type\":\"EntryPoint\",\"urlTemplate\":\"https:\\\/\\\/saudi-gift.com\\\/?s={search_term_string}\"},\"query-input\":{\"@type\":\"PropertyValueSpecification\",\"valueRequired\":true,\"valueName\":\"search_term_string\"}}],\"inLanguage\":\"fr-FR\"},{\"@type\":\"Organization\",\"@id\":\"https:\\\/\\\/saudi-gift.com\\\/#organization\",\"name\":\"\u0645\u062a\u062c\u0631 \u0627\u0644\u0647\u062f\u064a\u0629\",\"alternateName\":\"\u0647\u062f\u064a\u0629 \u0633\u0639\u0648\u062f\u064a\u0629\",\"url\":\"https:\\\/\\\/saudi-gift.com\\\/\",\"logo\":{\"@type\":\"ImageObject\",\"inLanguage\":\"fr-FR\",\"@id\":\"https:\\\/\\\/saudi-gift.com\\\/#\\\/schema\\\/logo\\\/image\\\/\",\"url\":\"https:\\\/\\\/saudi-gift.com\\\/wp-content\\\/uploads\\\/2025\\\/05\\\/2.png\",\"contentUrl\":\"https:\\\/\\\/saudi-gift.com\\\/wp-content\\\/uploads\\\/2025\\\/05\\\/2.png\",\"width\":163,\"height\":42,\"caption\":\"\u0645\u062a\u062c\u0631 \u0627\u0644\u0647\u062f\u064a\u0629\"},\"image\":{\"@id\":\"https:\\\/\\\/saudi-gift.com\\\/#\\\/schema\\\/logo\\\/image\\\/\"},\"sameAs\":[\"https:\\\/\\\/www.facebook.com\\\/profile.php?id=61560277649059&mibextid=LQQJ4d\",\"https:\\\/\\\/x.com\\\/saudigift_\"]}]}<\/script>\n<!-- \/ Yoast SEO Premium plugin. -->","yoast_head_json":{"title":"Crochet de sac (orange) - \u0647\u062f\u064a\u0629 \u0633\u0639\u0648\u062f\u064a\u0629","robots":{"index":"index","follow":"follow","max-snippet":"max-snippet:-1","max-image-preview":"max-image-preview:large","max-video-preview":"max-video-preview:-1"},"canonical":"https:\/\/saudi-gift.com\/fr\/product\/crochet-de-sac-orange\/","og_locale":"fr_FR","og_type":"article","og_title":"Crochet de sac (orange)","og_description":"Faites briller votre sac avec ce magnifique crochet pour sac, fabriqu\u00e9 \u00e0 partir de mat\u00e9riaux de haute qualit\u00e9 et avec de beaux motifs qui accentuent l'esth\u00e9tique de votre sac et y ajoutent une touche de glamour. \u00c9l\u00e9gant et facile \u00e0 utiliser, il est parfait pour ajouter une touche de sophistication \u00e0 votre sac de tous les jours.","og_url":"https:\/\/saudi-gift.com\/fr\/product\/crochet-de-sac-orange\/","og_site_name":"\u0647\u062f\u064a\u0629 \u0633\u0639\u0648\u062f\u064a\u0629","article_publisher":"https:\/\/www.facebook.com\/profile.php?id=61560277649059&mibextid=LQQJ4d","og_image":[{"width":600,"height":600,"url":"https:\/\/i0.wp.com\/saudi-gift.com\/wp-content\/uploads\/2025\/01\/1404.webp?fit=600%2C600&ssl=1","type":"image\/webp"}],"twitter_card":"summary_large_image","twitter_site":"@saudigift_","schema":{"@context":"https:\/\/schema.org","@graph":[{"@type":"WebPage","@id":"https:\/\/saudi-gift.com\/fr\/product\/crochet-de-sac-orange\/","url":"https:\/\/saudi-gift.com\/fr\/product\/crochet-de-sac-orange\/","name":"Crochet de sac (orange) - \u0647\u062f\u064a\u0629 \u0633\u0639\u0648\u062f\u064a\u0629","isPartOf":{"@id":"https:\/\/saudi-gift.com\/#website"},"primaryImageOfPage":{"@id":"https:\/\/saudi-gift.com\/fr\/product\/crochet-de-sac-orange\/#primaryimage"},"image":{"@id":"https:\/\/saudi-gift.com\/fr\/product\/crochet-de-sac-orange\/#primaryimage"},"thumbnailUrl":"https:\/\/saudi-gift.com\/wp-content\/uploads\/2025\/01\/1404.webp","datePublished":"2025-01-30T17:03:57+00:00","breadcrumb":{"@id":"https:\/\/saudi-gift.com\/fr\/product\/crochet-de-sac-orange\/#breadcrumb"},"inLanguage":"fr-FR","potentialAction":[{"@type":"ReadAction","target":["https:\/\/saudi-gift.com\/fr\/product\/crochet-de-sac-orange\/"]}]},{"@type":"ImageObject","inLanguage":"fr-FR","@id":"https:\/\/saudi-gift.com\/fr\/product\/crochet-de-sac-orange\/#primaryimage","url":"https:\/\/saudi-gift.com\/wp-content\/uploads\/2025\/01\/1404.webp","contentUrl":"https:\/\/saudi-gift.com\/wp-content\/uploads\/2025\/01\/1404.webp","width":600,"height":600},{"@type":"BreadcrumbList","@id":"https:\/\/saudi-gift.com\/fr\/product\/crochet-de-sac-orange\/#breadcrumb","itemListElement":[{"@type":"ListItem","position":1,"name":"Home","item":"https:\/\/saudi-gift.com\/fr\/"},{"@type":"ListItem","position":2,"name":"Acheter","item":"https:\/\/saudi-gift.com\/fr\/acheter\/"},{"@type":"ListItem","position":3,"name":"Crochet de sac (orange)"}]},{"@type":"WebSite","@id":"https:\/\/saudi-gift.com\/#website","url":"https:\/\/saudi-gift.com\/","name":"\u0647\u062f\u064a\u0629 \u0633\u0639\u0648\u062f\u064a\u0629","description":"\u0647\u062f\u064a\u0629 \u0633\u0639\u0648\u062f\u064a\u0629 \u0645\u062a\u062c\u0631 \u0627\u0644\u0643\u062a\u0631\u0648\u0646\u064a \u064a\u0642\u062f\u0645 \u0644\u0643\u0645 \u0645\u062c\u0645\u0648\u0639\u0629 \u0645\u0646 \u0627\u0644\u0647\u062f\u0627\u064a\u0627 \u0627\u0644\u062a\u064a \u062a\u062c\u0633\u062f \u0639\u0628\u0642 \u0630\u0643\u0631\u064a\u0627\u062a\u0643\u0645 \u0641\u064a \u0627\u0644\u0645\u0634\u0627\u0639\u0631 \u0627\u0644\u0645\u0642\u062f\u0633\u0629","publisher":{"@id":"https:\/\/saudi-gift.com\/#organization"},"alternateName":"\u0647\u062f\u064a\u0629 \u0633\u0639\u0648\u062f\u064a\u0629","potentialAction":[{"@type":"SearchAction","target":{"@type":"EntryPoint","urlTemplate":"https:\/\/saudi-gift.com\/?s={search_term_string}"},"query-input":{"@type":"PropertyValueSpecification","valueRequired":true,"valueName":"search_term_string"}}],"inLanguage":"fr-FR"},{"@type":"Organization","@id":"https:\/\/saudi-gift.com\/#organization","name":"\u0645\u062a\u062c\u0631 \u0627\u0644\u0647\u062f\u064a\u0629","alternateName":"\u0647\u062f\u064a\u0629 \u0633\u0639\u0648\u062f\u064a\u0629","url":"https:\/\/saudi-gift.com\/","logo":{"@type":"ImageObject","inLanguage":"fr-FR","@id":"https:\/\/saudi-gift.com\/#\/schema\/logo\/image\/","url":"https:\/\/saudi-gift.com\/wp-content\/uploads\/2025\/05\/2.png","contentUrl":"https:\/\/saudi-gift.com\/wp-content\/uploads\/2025\/05\/2.png","width":163,"height":42,"caption":"\u0645\u062a\u062c\u0631 \u0627\u0644\u0647\u062f\u064a\u0629"},"image":{"@id":"https:\/\/saudi-gift.com\/#\/schema\/logo\/image\/"},"sameAs":["https:\/\/www.facebook.com\/profile.php?id=61560277649059&mibextid=LQQJ4d","https:\/\/x.com\/saudigift_"]}]}},"jetpack-related-posts":[],"_links":{"self":[{"href":"https:\/\/saudi-gift.com\/fr\/wp-json\/wp\/v2\/product\/47859","targetHints":{"allow":["GET"]}}],"collection":[{"href":"https:\/\/saudi-gift.com\/fr\/wp-json\/wp\/v2\/product"}],"about":[{"href":"https:\/\/saudi-gift.com\/fr\/wp-json\/wp\/v2\/types\/product"}],"replies":[{"embeddable":true,"href":"https:\/\/saudi-gift.com\/fr\/wp-json\/wp\/v2\/comments?post=47859"}],"version-history":[{"count":0,"href":"https:\/\/saudi-gift.com\/fr\/wp-json\/wp\/v2\/product\/47859\/revisions"}],"wp:featuredmedia":[{"embeddable":true,"href":"https:\/\/saudi-gift.com\/fr\/wp-json\/wp\/v2\/media\/44873"}],"wp:attachment":[{"href":"https:\/\/saudi-gift.com\/fr\/wp-json\/wp\/v2\/media?parent=47859"}],"wp:term":[{"taxonomy":"product_brand","embeddable":true,"href":"https:\/\/saudi-gift.com\/fr\/wp-json\/wp\/v2\/product_brand?post=47859"},{"taxonomy":"product_cat","embeddable":true,"href":"https:\/\/saudi-gift.com\/fr\/wp-json\/wp\/v2\/product_cat?post=47859"},{"taxonomy":"product_tag","embeddable":true,"href":"https:\/\/saudi-gift.com\/fr\/wp-json\/wp\/v2\/product_tag?post=47859"}],"curies":[{"name":"wp","href":"https:\/\/api.w.org\/{rel}","templated":true}]}}