{"id":47898,"date":"2025-02-01T13:42:09","date_gmt":"2025-02-01T10:42:09","guid":{"rendered":"https:\/\/saudi-gift.com\/product\/suspension-sanctuary-bathroom-design-revetement-radium\/"},"modified":"2025-02-01T13:42:09","modified_gmt":"2025-02-01T10:42:09","slug":"suspension-sanctuary-bathroom-design-revetement-radium","status":"publish","type":"product","link":"https:\/\/saudi-gift.com\/fr\/produit\/suspension-sanctuary-bathroom-design-revetement-radium\/","title":{"rendered":"Suspension Sanctuary Bathroom Design &#8211; Rev\u00eatement Radium"},"content":{"rendered":"<p>Collier Haram Pigeon Design &#8211; Placage Radium \u00ab\u00a0Symbole d&rsquo;\u00e9l\u00e9gance noble et de sophistication, le collier Makiyah Colombe de la Paix est le symbole parfait de la joaillerie de style saoudien. Il est accompagn\u00e9 de boucles d&rsquo;oreilles souples et \u00e9l\u00e9gantes, et le collier vous rappelle les pigeons du Haramain lorsqu&rsquo;ils volent autour de vous. L&rsquo;harmonie parfaite pour un ensemble qui vous fait sentir, vous et votre petite fille, douce et belle, emball\u00e9e dans une bo\u00eete \u00e9tiquet\u00e9e avec la marque Saudi Method\u00a0\u00bb.<\/p>\n","protected":false},"excerpt":{"rendered":"<p>Il est accompagn\u00e9 de boucles d&rsquo;oreilles douces et \u00e9l\u00e9gantes et le collier vous rappelle un hammam autour du Haramain.<\/p>\n","protected":false},"featured_media":45286,"comment_status":"open","ping_status":"closed","template":"","meta":[],"product_brand":[],"product_cat":[382],"product_tag":[],"class_list":{"0":"post-47898","1":"product","2":"type-product","3":"status-publish","4":"has-post-thumbnail","6":"product_cat-fabrique-a-medine","8":"first","9":"instock","10":"featured","11":"shipping-taxable","12":"purchasable","13":"product-type-simple"},"yoast_head":"<!-- This site is optimized with the Yoast SEO Premium plugin v27.2 (Yoast SEO v27.6) - https:\/\/yoast.com\/product\/yoast-seo-premium-wordpress\/ -->\n<title>Suspension Sanctuary Bathroom Design - Rev\u00eatement Radium - \u0647\u062f\u064a\u0629 \u0633\u0639\u0648\u062f\u064a\u0629<\/title>\n<meta name=\"description\" content=\"&quot;Symbole d&#039;\u00e9l\u00e9gance noble et de sophistication, la colombe de la paix de Makiyah est le symbole parfait de la joaillerie de style saoudien. Elle est accompagn\u00e9e de boucles d&#039;oreilles douces et \u00e9l\u00e9gantes et le collier vous rappelle les pigeons du Haramain qui volent autour de vous. L&#039;harmonie parfaite pour une parure qui vous fera vous sentir douce et belle, vous et votre petite fille, emball\u00e9e dans une bo\u00eete marqu\u00e9e du logo Saudi Way&quot;.\" \/>\n<meta name=\"robots\" content=\"index, follow, max-snippet:-1, max-image-preview:large, max-video-preview:-1\" \/>\n<link rel=\"canonical\" href=\"https:\/\/saudi-gift.com\/fr\/product\/suspension-sanctuary-bathroom-design-revetement-radium\/\" \/>\n<meta property=\"og:locale\" content=\"fr_FR\" \/>\n<meta property=\"og:type\" content=\"article\" \/>\n<meta property=\"og:title\" content=\"Suspension Sanctuary Bathroom Design - Rev\u00eatement Radium\" \/>\n<meta property=\"og:description\" content=\"&quot;Symbole d&#039;\u00e9l\u00e9gance noble et de sophistication, la colombe de la paix de Makiyah est le symbole parfait de la joaillerie de style saoudien. Elle est accompagn\u00e9e de boucles d&#039;oreilles douces et \u00e9l\u00e9gantes et le collier vous rappelle les pigeons du Haramain qui volent autour de vous. L&#039;harmonie parfaite pour une parure qui vous fera vous sentir douce et belle, vous et votre petite fille, emball\u00e9e dans une bo\u00eete marqu\u00e9e du logo Saudi Way&quot;.\" \/>\n<meta property=\"og:url\" content=\"https:\/\/saudi-gift.com\/fr\/product\/suspension-sanctuary-bathroom-design-revetement-radium\/\" \/>\n<meta property=\"og:site_name\" content=\"\u0647\u062f\u064a\u0629 \u0633\u0639\u0648\u062f\u064a\u0629\" \/>\n<meta property=\"article:publisher\" content=\"https:\/\/www.facebook.com\/profile.php?id=61560277649059&amp;mibextid=LQQJ4d\" \/>\n<meta property=\"og:image\" content=\"https:\/\/i0.wp.com\/saudi-gift.com\/wp-content\/uploads\/2025\/02\/%D9%82%D9%84%D8%A7%D8%AF%D8%A9-%D8%AA%D8%B5%D9%85%D9%8A%D9%85-%D8%AD%D9%85%D8%A7%D9%85-%D8%A7%D9%84%D8%AD%D8%B1%D9%85-%D8%B7%D9%84%D8%A7%D8%A1-%D8%A7%D9%84%D8%B1%D8%AF%D9%8A%D9%88%D9%85.webp?fit=600%2C600&ssl=1\" \/>\n\t<meta property=\"og:image:width\" content=\"600\" \/>\n\t<meta property=\"og:image:height\" content=\"600\" \/>\n\t<meta property=\"og:image:type\" content=\"image\/webp\" \/>\n<meta name=\"twitter:card\" content=\"summary_large_image\" \/>\n<meta name=\"twitter:site\" content=\"@saudigift_\" \/>\n<script type=\"application\/ld+json\" class=\"yoast-schema-graph\">{\"@context\":\"https:\\\/\\\/schema.org\",\"@graph\":[{\"@type\":\"WebPage\",\"@id\":\"https:\\\/\\\/saudi-gift.com\\\/fr\\\/product\\\/suspension-sanctuary-bathroom-design-revetement-radium\\\/\",\"url\":\"https:\\\/\\\/saudi-gift.com\\\/fr\\\/product\\\/suspension-sanctuary-bathroom-design-revetement-radium\\\/\",\"name\":\"Suspension Sanctuary Bathroom Design - Rev\u00eatement Radium - \u0647\u062f\u064a\u0629 \u0633\u0639\u0648\u062f\u064a\u0629\",\"isPartOf\":{\"@id\":\"https:\\\/\\\/saudi-gift.com\\\/#website\"},\"primaryImageOfPage\":{\"@id\":\"https:\\\/\\\/saudi-gift.com\\\/fr\\\/product\\\/suspension-sanctuary-bathroom-design-revetement-radium\\\/#primaryimage\"},\"image\":{\"@id\":\"https:\\\/\\\/saudi-gift.com\\\/fr\\\/product\\\/suspension-sanctuary-bathroom-design-revetement-radium\\\/#primaryimage\"},\"thumbnailUrl\":\"https:\\\/\\\/saudi-gift.com\\\/wp-content\\\/uploads\\\/2025\\\/02\\\/\u0642\u0644\u0627\u062f\u0629-\u062a\u0635\u0645\u064a\u0645-\u062d\u0645\u0627\u0645-\u0627\u0644\u062d\u0631\u0645-\u0637\u0644\u0627\u0621-\u0627\u0644\u0631\u062f\u064a\u0648\u0645.webp\",\"datePublished\":\"2025-02-01T10:42:09+00:00\",\"description\":\"\\\"Symbole d'\u00e9l\u00e9gance noble et de sophistication, la colombe de la paix de Makiyah est le symbole parfait de la joaillerie de style saoudien. Elle est accompagn\u00e9e de boucles d'oreilles douces et \u00e9l\u00e9gantes et le collier vous rappelle les pigeons du Haramain qui volent autour de vous. L'harmonie parfaite pour une parure qui vous fera vous sentir douce et belle, vous et votre petite fille, emball\u00e9e dans une bo\u00eete marqu\u00e9e du logo Saudi Way\\\".\",\"breadcrumb\":{\"@id\":\"https:\\\/\\\/saudi-gift.com\\\/fr\\\/product\\\/suspension-sanctuary-bathroom-design-revetement-radium\\\/#breadcrumb\"},\"inLanguage\":\"fr-FR\",\"potentialAction\":[{\"@type\":\"ReadAction\",\"target\":[\"https:\\\/\\\/saudi-gift.com\\\/fr\\\/product\\\/suspension-sanctuary-bathroom-design-revetement-radium\\\/\"]}]},{\"@type\":\"ImageObject\",\"inLanguage\":\"fr-FR\",\"@id\":\"https:\\\/\\\/saudi-gift.com\\\/fr\\\/product\\\/suspension-sanctuary-bathroom-design-revetement-radium\\\/#primaryimage\",\"url\":\"https:\\\/\\\/saudi-gift.com\\\/wp-content\\\/uploads\\\/2025\\\/02\\\/\u0642\u0644\u0627\u062f\u0629-\u062a\u0635\u0645\u064a\u0645-\u062d\u0645\u0627\u0645-\u0627\u0644\u062d\u0631\u0645-\u0637\u0644\u0627\u0621-\u0627\u0644\u0631\u062f\u064a\u0648\u0645.webp\",\"contentUrl\":\"https:\\\/\\\/saudi-gift.com\\\/wp-content\\\/uploads\\\/2025\\\/02\\\/\u0642\u0644\u0627\u062f\u0629-\u062a\u0635\u0645\u064a\u0645-\u062d\u0645\u0627\u0645-\u0627\u0644\u062d\u0631\u0645-\u0637\u0644\u0627\u0621-\u0627\u0644\u0631\u062f\u064a\u0648\u0645.webp\",\"width\":600,\"height\":600},{\"@type\":\"BreadcrumbList\",\"@id\":\"https:\\\/\\\/saudi-gift.com\\\/fr\\\/product\\\/suspension-sanctuary-bathroom-design-revetement-radium\\\/#breadcrumb\",\"itemListElement\":[{\"@type\":\"ListItem\",\"position\":1,\"name\":\"Home\",\"item\":\"https:\\\/\\\/saudi-gift.com\\\/fr\\\/\"},{\"@type\":\"ListItem\",\"position\":2,\"name\":\"Acheter\",\"item\":\"https:\\\/\\\/saudi-gift.com\\\/fr\\\/acheter\\\/\"},{\"@type\":\"ListItem\",\"position\":3,\"name\":\"Suspension Sanctuary Bathroom Design &#8211; Rev\u00eatement Radium\"}]},{\"@type\":\"WebSite\",\"@id\":\"https:\\\/\\\/saudi-gift.com\\\/#website\",\"url\":\"https:\\\/\\\/saudi-gift.com\\\/\",\"name\":\"\u0647\u062f\u064a\u0629 \u0633\u0639\u0648\u062f\u064a\u0629\",\"description\":\"\u0647\u062f\u064a\u0629 \u0633\u0639\u0648\u062f\u064a\u0629 \u0645\u062a\u062c\u0631 \u0627\u0644\u0643\u062a\u0631\u0648\u0646\u064a \u064a\u0642\u062f\u0645 \u0644\u0643\u0645 \u0645\u062c\u0645\u0648\u0639\u0629 \u0645\u0646 \u0627\u0644\u0647\u062f\u0627\u064a\u0627 \u0627\u0644\u062a\u064a \u062a\u062c\u0633\u062f \u0639\u0628\u0642 \u0630\u0643\u0631\u064a\u0627\u062a\u0643\u0645 \u0641\u064a \u0627\u0644\u0645\u0634\u0627\u0639\u0631 \u0627\u0644\u0645\u0642\u062f\u0633\u0629\",\"publisher\":{\"@id\":\"https:\\\/\\\/saudi-gift.com\\\/#organization\"},\"alternateName\":\"\u0647\u062f\u064a\u0629 \u0633\u0639\u0648\u062f\u064a\u0629\",\"potentialAction\":[{\"@type\":\"SearchAction\",\"target\":{\"@type\":\"EntryPoint\",\"urlTemplate\":\"https:\\\/\\\/saudi-gift.com\\\/?s={search_term_string}\"},\"query-input\":{\"@type\":\"PropertyValueSpecification\",\"valueRequired\":true,\"valueName\":\"search_term_string\"}}],\"inLanguage\":\"fr-FR\"},{\"@type\":\"Organization\",\"@id\":\"https:\\\/\\\/saudi-gift.com\\\/#organization\",\"name\":\"\u0645\u062a\u062c\u0631 \u0627\u0644\u0647\u062f\u064a\u0629\",\"alternateName\":\"\u0647\u062f\u064a\u0629 \u0633\u0639\u0648\u062f\u064a\u0629\",\"url\":\"https:\\\/\\\/saudi-gift.com\\\/\",\"logo\":{\"@type\":\"ImageObject\",\"inLanguage\":\"fr-FR\",\"@id\":\"https:\\\/\\\/saudi-gift.com\\\/#\\\/schema\\\/logo\\\/image\\\/\",\"url\":\"https:\\\/\\\/saudi-gift.com\\\/wp-content\\\/uploads\\\/2025\\\/05\\\/2.png\",\"contentUrl\":\"https:\\\/\\\/saudi-gift.com\\\/wp-content\\\/uploads\\\/2025\\\/05\\\/2.png\",\"width\":163,\"height\":42,\"caption\":\"\u0645\u062a\u062c\u0631 \u0627\u0644\u0647\u062f\u064a\u0629\"},\"image\":{\"@id\":\"https:\\\/\\\/saudi-gift.com\\\/#\\\/schema\\\/logo\\\/image\\\/\"},\"sameAs\":[\"https:\\\/\\\/www.facebook.com\\\/profile.php?id=61560277649059&mibextid=LQQJ4d\",\"https:\\\/\\\/x.com\\\/saudigift_\"]}]}<\/script>\n<!-- \/ Yoast SEO Premium plugin. -->","yoast_head_json":{"title":"Suspension Sanctuary Bathroom Design - Rev\u00eatement Radium - \u0647\u062f\u064a\u0629 \u0633\u0639\u0648\u062f\u064a\u0629","description":"\"Symbole d'\u00e9l\u00e9gance noble et de sophistication, la colombe de la paix de Makiyah est le symbole parfait de la joaillerie de style saoudien. Elle est accompagn\u00e9e de boucles d'oreilles douces et \u00e9l\u00e9gantes et le collier vous rappelle les pigeons du Haramain qui volent autour de vous. L'harmonie parfaite pour une parure qui vous fera vous sentir douce et belle, vous et votre petite fille, emball\u00e9e dans une bo\u00eete marqu\u00e9e du logo Saudi Way\".","robots":{"index":"index","follow":"follow","max-snippet":"max-snippet:-1","max-image-preview":"max-image-preview:large","max-video-preview":"max-video-preview:-1"},"canonical":"https:\/\/saudi-gift.com\/fr\/product\/suspension-sanctuary-bathroom-design-revetement-radium\/","og_locale":"fr_FR","og_type":"article","og_title":"Suspension Sanctuary Bathroom Design - Rev\u00eatement Radium","og_description":"\"Symbole d'\u00e9l\u00e9gance noble et de sophistication, la colombe de la paix de Makiyah est le symbole parfait de la joaillerie de style saoudien. Elle est accompagn\u00e9e de boucles d'oreilles douces et \u00e9l\u00e9gantes et le collier vous rappelle les pigeons du Haramain qui volent autour de vous. L'harmonie parfaite pour une parure qui vous fera vous sentir douce et belle, vous et votre petite fille, emball\u00e9e dans une bo\u00eete marqu\u00e9e du logo Saudi Way\".","og_url":"https:\/\/saudi-gift.com\/fr\/product\/suspension-sanctuary-bathroom-design-revetement-radium\/","og_site_name":"\u0647\u062f\u064a\u0629 \u0633\u0639\u0648\u062f\u064a\u0629","article_publisher":"https:\/\/www.facebook.com\/profile.php?id=61560277649059&mibextid=LQQJ4d","og_image":[{"width":600,"height":600,"url":"https:\/\/i0.wp.com\/saudi-gift.com\/wp-content\/uploads\/2025\/02\/%D9%82%D9%84%D8%A7%D8%AF%D8%A9-%D8%AA%D8%B5%D9%85%D9%8A%D9%85-%D8%AD%D9%85%D8%A7%D9%85-%D8%A7%D9%84%D8%AD%D8%B1%D9%85-%D8%B7%D9%84%D8%A7%D8%A1-%D8%A7%D9%84%D8%B1%D8%AF%D9%8A%D9%88%D9%85.webp?fit=600%2C600&ssl=1","type":"image\/webp"}],"twitter_card":"summary_large_image","twitter_site":"@saudigift_","schema":{"@context":"https:\/\/schema.org","@graph":[{"@type":"WebPage","@id":"https:\/\/saudi-gift.com\/fr\/product\/suspension-sanctuary-bathroom-design-revetement-radium\/","url":"https:\/\/saudi-gift.com\/fr\/product\/suspension-sanctuary-bathroom-design-revetement-radium\/","name":"Suspension Sanctuary Bathroom Design - Rev\u00eatement Radium - \u0647\u062f\u064a\u0629 \u0633\u0639\u0648\u062f\u064a\u0629","isPartOf":{"@id":"https:\/\/saudi-gift.com\/#website"},"primaryImageOfPage":{"@id":"https:\/\/saudi-gift.com\/fr\/product\/suspension-sanctuary-bathroom-design-revetement-radium\/#primaryimage"},"image":{"@id":"https:\/\/saudi-gift.com\/fr\/product\/suspension-sanctuary-bathroom-design-revetement-radium\/#primaryimage"},"thumbnailUrl":"https:\/\/saudi-gift.com\/wp-content\/uploads\/2025\/02\/\u0642\u0644\u0627\u062f\u0629-\u062a\u0635\u0645\u064a\u0645-\u062d\u0645\u0627\u0645-\u0627\u0644\u062d\u0631\u0645-\u0637\u0644\u0627\u0621-\u0627\u0644\u0631\u062f\u064a\u0648\u0645.webp","datePublished":"2025-02-01T10:42:09+00:00","description":"\"Symbole d'\u00e9l\u00e9gance noble et de sophistication, la colombe de la paix de Makiyah est le symbole parfait de la joaillerie de style saoudien. Elle est accompagn\u00e9e de boucles d'oreilles douces et \u00e9l\u00e9gantes et le collier vous rappelle les pigeons du Haramain qui volent autour de vous. L'harmonie parfaite pour une parure qui vous fera vous sentir douce et belle, vous et votre petite fille, emball\u00e9e dans une bo\u00eete marqu\u00e9e du logo Saudi Way\".","breadcrumb":{"@id":"https:\/\/saudi-gift.com\/fr\/product\/suspension-sanctuary-bathroom-design-revetement-radium\/#breadcrumb"},"inLanguage":"fr-FR","potentialAction":[{"@type":"ReadAction","target":["https:\/\/saudi-gift.com\/fr\/product\/suspension-sanctuary-bathroom-design-revetement-radium\/"]}]},{"@type":"ImageObject","inLanguage":"fr-FR","@id":"https:\/\/saudi-gift.com\/fr\/product\/suspension-sanctuary-bathroom-design-revetement-radium\/#primaryimage","url":"https:\/\/saudi-gift.com\/wp-content\/uploads\/2025\/02\/\u0642\u0644\u0627\u062f\u0629-\u062a\u0635\u0645\u064a\u0645-\u062d\u0645\u0627\u0645-\u0627\u0644\u062d\u0631\u0645-\u0637\u0644\u0627\u0621-\u0627\u0644\u0631\u062f\u064a\u0648\u0645.webp","contentUrl":"https:\/\/saudi-gift.com\/wp-content\/uploads\/2025\/02\/\u0642\u0644\u0627\u062f\u0629-\u062a\u0635\u0645\u064a\u0645-\u062d\u0645\u0627\u0645-\u0627\u0644\u062d\u0631\u0645-\u0637\u0644\u0627\u0621-\u0627\u0644\u0631\u062f\u064a\u0648\u0645.webp","width":600,"height":600},{"@type":"BreadcrumbList","@id":"https:\/\/saudi-gift.com\/fr\/product\/suspension-sanctuary-bathroom-design-revetement-radium\/#breadcrumb","itemListElement":[{"@type":"ListItem","position":1,"name":"Home","item":"https:\/\/saudi-gift.com\/fr\/"},{"@type":"ListItem","position":2,"name":"Acheter","item":"https:\/\/saudi-gift.com\/fr\/acheter\/"},{"@type":"ListItem","position":3,"name":"Suspension Sanctuary Bathroom Design &#8211; Rev\u00eatement Radium"}]},{"@type":"WebSite","@id":"https:\/\/saudi-gift.com\/#website","url":"https:\/\/saudi-gift.com\/","name":"\u0647\u062f\u064a\u0629 \u0633\u0639\u0648\u062f\u064a\u0629","description":"\u0647\u062f\u064a\u0629 \u0633\u0639\u0648\u062f\u064a\u0629 \u0645\u062a\u062c\u0631 \u0627\u0644\u0643\u062a\u0631\u0648\u0646\u064a \u064a\u0642\u062f\u0645 \u0644\u0643\u0645 \u0645\u062c\u0645\u0648\u0639\u0629 \u0645\u0646 \u0627\u0644\u0647\u062f\u0627\u064a\u0627 \u0627\u0644\u062a\u064a \u062a\u062c\u0633\u062f \u0639\u0628\u0642 \u0630\u0643\u0631\u064a\u0627\u062a\u0643\u0645 \u0641\u064a \u0627\u0644\u0645\u0634\u0627\u0639\u0631 \u0627\u0644\u0645\u0642\u062f\u0633\u0629","publisher":{"@id":"https:\/\/saudi-gift.com\/#organization"},"alternateName":"\u0647\u062f\u064a\u0629 \u0633\u0639\u0648\u062f\u064a\u0629","potentialAction":[{"@type":"SearchAction","target":{"@type":"EntryPoint","urlTemplate":"https:\/\/saudi-gift.com\/?s={search_term_string}"},"query-input":{"@type":"PropertyValueSpecification","valueRequired":true,"valueName":"search_term_string"}}],"inLanguage":"fr-FR"},{"@type":"Organization","@id":"https:\/\/saudi-gift.com\/#organization","name":"\u0645\u062a\u062c\u0631 \u0627\u0644\u0647\u062f\u064a\u0629","alternateName":"\u0647\u062f\u064a\u0629 \u0633\u0639\u0648\u062f\u064a\u0629","url":"https:\/\/saudi-gift.com\/","logo":{"@type":"ImageObject","inLanguage":"fr-FR","@id":"https:\/\/saudi-gift.com\/#\/schema\/logo\/image\/","url":"https:\/\/saudi-gift.com\/wp-content\/uploads\/2025\/05\/2.png","contentUrl":"https:\/\/saudi-gift.com\/wp-content\/uploads\/2025\/05\/2.png","width":163,"height":42,"caption":"\u0645\u062a\u062c\u0631 \u0627\u0644\u0647\u062f\u064a\u0629"},"image":{"@id":"https:\/\/saudi-gift.com\/#\/schema\/logo\/image\/"},"sameAs":["https:\/\/www.facebook.com\/profile.php?id=61560277649059&mibextid=LQQJ4d","https:\/\/x.com\/saudigift_"]}]}},"jetpack-related-posts":[],"_links":{"self":[{"href":"https:\/\/saudi-gift.com\/fr\/wp-json\/wp\/v2\/product\/47898","targetHints":{"allow":["GET"]}}],"collection":[{"href":"https:\/\/saudi-gift.com\/fr\/wp-json\/wp\/v2\/product"}],"about":[{"href":"https:\/\/saudi-gift.com\/fr\/wp-json\/wp\/v2\/types\/product"}],"replies":[{"embeddable":true,"href":"https:\/\/saudi-gift.com\/fr\/wp-json\/wp\/v2\/comments?post=47898"}],"version-history":[{"count":0,"href":"https:\/\/saudi-gift.com\/fr\/wp-json\/wp\/v2\/product\/47898\/revisions"}],"wp:featuredmedia":[{"embeddable":true,"href":"https:\/\/saudi-gift.com\/fr\/wp-json\/wp\/v2\/media\/45286"}],"wp:attachment":[{"href":"https:\/\/saudi-gift.com\/fr\/wp-json\/wp\/v2\/media?parent=47898"}],"wp:term":[{"taxonomy":"product_brand","embeddable":true,"href":"https:\/\/saudi-gift.com\/fr\/wp-json\/wp\/v2\/product_brand?post=47898"},{"taxonomy":"product_cat","embeddable":true,"href":"https:\/\/saudi-gift.com\/fr\/wp-json\/wp\/v2\/product_cat?post=47898"},{"taxonomy":"product_tag","embeddable":true,"href":"https:\/\/saudi-gift.com\/fr\/wp-json\/wp\/v2\/product_tag?post=47898"}],"curies":[{"name":"wp","href":"https:\/\/api.w.org\/{rel}","templated":true}]}}