{"id":51070,"date":"2025-01-02T18:46:44","date_gmt":"2025-01-02T15:46:44","guid":{"rendered":"https:\/\/saudi-gift.com\/product\/ceux-qui-repriment-la-colere-et-ceux-qui-epargnent-les-gens\/"},"modified":"2025-01-02T18:46:44","modified_gmt":"2025-01-02T15:46:44","slug":"ceux-qui-repriment-la-colere-et-ceux-qui-epargnent-les-gens","status":"publish","type":"product","link":"https:\/\/saudi-gift.com\/fr\/produit\/ceux-qui-repriment-la-colere-et-ceux-qui-epargnent-les-gens\/","title":{"rendered":"Ceux qui r\u00e9priment la col\u00e8re et ceux qui \u00e9pargnent les gens"},"content":{"rendered":"<p>Ceux qui r\u00e9priment la col\u00e8re et ceux qui \u00e9pargnent les gens<\/p>\n<p>Ajoutez une touche de beaut\u00e9 et de tranquillit\u00e9 \u00e0 votre maison avec cette peinture murale sereine et \u00e9difiante, qui repr\u00e9sente le verset sacr\u00e9 de la sourate Al Imran : <\/p>\n<p><strong>Ceux qui d\u00e9pensent dans les bons et les mauvais moments, ceux qui r\u00e9priment la col\u00e8re et ceux qui pardonnent aux gens, et Dieu aime ceux qui font le bien\u00a0\u00bb (Al-Imran : 134). <\/strong><\/p>\n<p>Con\u00e7ue dans un style serein et magnifique, cette peinture est imprim\u00e9e sur une toile de haute qualit\u00e9 et tendue \u00e0 la perfection sur un cadre en bois \u00e9pais, pr\u00eate \u00e0 \u00eatre accroch\u00e9e partout o\u00f9 elle ajoutera de l&rsquo;\u00e9l\u00e9gance et de l&rsquo;inspiration \u00e0 votre maison.   <\/p>\n<p><strong>Caract\u00e9ristiques de la planche :<\/strong><\/p>\n<ul>\n<li><strong>Design calme et \u00e9l\u00e9gant :<\/strong> Refl\u00e8te la beaut\u00e9 du verset avec une spiritualit\u00e9 qui ajoute s\u00e9r\u00e9nit\u00e9 et confort \u00e0 votre environnement.<\/li>\n<li><strong>Impression de haute qualit\u00e9 :<\/strong> Sur toile, dans des couleurs vives qui mettent en valeur les d\u00e9tails de la calligraphie arabe d&rsquo;une mani\u00e8re luxueuse.<\/li>\n<li><strong>Cadre en bois robuste :<\/strong> Tendu de mani\u00e8re professionnelle et pr\u00eat \u00e0 \u00eatre accroch\u00e9 imm\u00e9diatement.<\/li>\n<li><strong>Parfait pour la d\u00e9coration :<\/strong> Ajoutez une touche spirituelle unique \u00e0 n&rsquo;importe quelle pi\u00e8ce ou bureau.<\/li>\n<\/ul>\n<p class=\"ql-align-right\">Profitez de l&rsquo;ajout de cette \u0153uvre d&rsquo;art \u00e0 votre d\u00e9coration int\u00e9rieure et laissez-la vous rappeler constamment la valeur de la patience, du pardon et de l&rsquo;amour dans notre vie quotidienne. <\/p>\n","protected":false},"excerpt":{"rendered":"<h1 class=\"text-[24px] leading-[35.28px] font-bold text-black\">Ceux qui r\u00e9priment la col\u00e8re et ceux qui \u00e9pargnent les gens<\/h1>\n","protected":false},"featured_media":32978,"comment_status":"open","ping_status":"closed","template":"","meta":[],"product_brand":[],"product_cat":[398],"product_tag":[2225],"class_list":{"0":"post-51070","1":"product","2":"type-product","3":"status-publish","4":"has-post-thumbnail","6":"product_cat-tableaux","7":"product_tag-peintures","9":"first","10":"instock","11":"shipping-taxable","12":"purchasable","13":"product-type-variable"},"yoast_head":"<!-- This site is optimized with the Yoast SEO Premium plugin v27.2 (Yoast SEO v27.3) - https:\/\/yoast.com\/product\/yoast-seo-premium-wordpress\/ -->\n<title>Ceux qui r\u00e9priment la col\u00e8re et ceux qui \u00e9pargnent les gens - \u0647\u062f\u064a\u0629 \u0633\u0639\u0648\u062f\u064a\u0629<\/title>\n<meta name=\"robots\" content=\"index, follow, max-snippet:-1, max-image-preview:large, max-video-preview:-1\" \/>\n<link rel=\"canonical\" href=\"https:\/\/saudi-gift.com\/fr\/product\/ceux-qui-repriment-la-colere-et-ceux-qui-epargnent-les-gens\/\" \/>\n<meta property=\"og:locale\" content=\"fr_FR\" \/>\n<meta property=\"og:type\" content=\"article\" \/>\n<meta property=\"og:title\" content=\"Ceux qui r\u00e9priment la col\u00e8re et ceux qui \u00e9pargnent les gens\" \/>\n<meta property=\"og:description\" content=\"Ceux qui r\u00e9priment la col\u00e8re et ceux qui \u00e9pargnent les gens\" \/>\n<meta property=\"og:url\" content=\"https:\/\/saudi-gift.com\/fr\/product\/ceux-qui-repriment-la-colere-et-ceux-qui-epargnent-les-gens\/\" \/>\n<meta property=\"og:site_name\" content=\"\u0647\u062f\u064a\u0629 \u0633\u0639\u0648\u062f\u064a\u0629\" \/>\n<meta property=\"article:publisher\" content=\"https:\/\/www.facebook.com\/profile.php?id=61560277649059&amp;mibextid=LQQJ4d\" \/>\n<meta property=\"og:image\" content=\"https:\/\/saudi-gift.com\/wp-content\/uploads\/2025\/01\/\u0648\u0627\u0644\u0643\u0627\u0638\u0645\u064a\u0646.webp\" \/>\n\t<meta property=\"og:image:width\" content=\"600\" \/>\n\t<meta property=\"og:image:height\" content=\"600\" \/>\n\t<meta property=\"og:image:type\" content=\"image\/webp\" \/>\n<meta name=\"twitter:card\" content=\"summary_large_image\" \/>\n<meta name=\"twitter:site\" content=\"@saudigift_\" \/>\n<meta name=\"twitter:label1\" content=\"Dur\u00e9e de lecture estim\u00e9e\" \/>\n\t<meta name=\"twitter:data1\" content=\"1 minute\" \/>\n<script type=\"application\/ld+json\" class=\"yoast-schema-graph\">{\"@context\":\"https:\\\/\\\/schema.org\",\"@graph\":[{\"@type\":\"WebPage\",\"@id\":\"https:\\\/\\\/saudi-gift.com\\\/fr\\\/product\\\/ceux-qui-repriment-la-colere-et-ceux-qui-epargnent-les-gens\\\/\",\"url\":\"https:\\\/\\\/saudi-gift.com\\\/fr\\\/product\\\/ceux-qui-repriment-la-colere-et-ceux-qui-epargnent-les-gens\\\/\",\"name\":\"Ceux qui r\u00e9priment la col\u00e8re et ceux qui \u00e9pargnent les gens - \u0647\u062f\u064a\u0629 \u0633\u0639\u0648\u062f\u064a\u0629\",\"isPartOf\":{\"@id\":\"https:\\\/\\\/saudi-gift.com\\\/#website\"},\"primaryImageOfPage\":{\"@id\":\"https:\\\/\\\/saudi-gift.com\\\/fr\\\/product\\\/ceux-qui-repriment-la-colere-et-ceux-qui-epargnent-les-gens\\\/#primaryimage\"},\"image\":{\"@id\":\"https:\\\/\\\/saudi-gift.com\\\/fr\\\/product\\\/ceux-qui-repriment-la-colere-et-ceux-qui-epargnent-les-gens\\\/#primaryimage\"},\"thumbnailUrl\":\"https:\\\/\\\/saudi-gift.com\\\/wp-content\\\/uploads\\\/2025\\\/01\\\/\u0648\u0627\u0644\u0643\u0627\u0638\u0645\u064a\u0646.webp\",\"datePublished\":\"2025-01-02T15:46:44+00:00\",\"breadcrumb\":{\"@id\":\"https:\\\/\\\/saudi-gift.com\\\/fr\\\/product\\\/ceux-qui-repriment-la-colere-et-ceux-qui-epargnent-les-gens\\\/#breadcrumb\"},\"inLanguage\":\"fr-FR\",\"potentialAction\":[{\"@type\":\"ReadAction\",\"target\":[\"https:\\\/\\\/saudi-gift.com\\\/fr\\\/product\\\/ceux-qui-repriment-la-colere-et-ceux-qui-epargnent-les-gens\\\/\"]}]},{\"@type\":\"ImageObject\",\"inLanguage\":\"fr-FR\",\"@id\":\"https:\\\/\\\/saudi-gift.com\\\/fr\\\/product\\\/ceux-qui-repriment-la-colere-et-ceux-qui-epargnent-les-gens\\\/#primaryimage\",\"url\":\"https:\\\/\\\/saudi-gift.com\\\/wp-content\\\/uploads\\\/2025\\\/01\\\/\u0648\u0627\u0644\u0643\u0627\u0638\u0645\u064a\u0646.webp\",\"contentUrl\":\"https:\\\/\\\/saudi-gift.com\\\/wp-content\\\/uploads\\\/2025\\\/01\\\/\u0648\u0627\u0644\u0643\u0627\u0638\u0645\u064a\u0646.webp\",\"width\":600,\"height\":600},{\"@type\":\"BreadcrumbList\",\"@id\":\"https:\\\/\\\/saudi-gift.com\\\/fr\\\/product\\\/ceux-qui-repriment-la-colere-et-ceux-qui-epargnent-les-gens\\\/#breadcrumb\",\"itemListElement\":[{\"@type\":\"ListItem\",\"position\":1,\"name\":\"Home\",\"item\":\"https:\\\/\\\/saudi-gift.com\\\/fr\\\/\"},{\"@type\":\"ListItem\",\"position\":2,\"name\":\"Acheter\",\"item\":\"https:\\\/\\\/saudi-gift.com\\\/fr\\\/acheter\\\/\"},{\"@type\":\"ListItem\",\"position\":3,\"name\":\"Ceux qui r\u00e9priment la col\u00e8re et ceux qui \u00e9pargnent les gens\"}]},{\"@type\":\"WebSite\",\"@id\":\"https:\\\/\\\/saudi-gift.com\\\/#website\",\"url\":\"https:\\\/\\\/saudi-gift.com\\\/\",\"name\":\"\u0647\u062f\u064a\u0629 \u0633\u0639\u0648\u062f\u064a\u0629\",\"description\":\"\u0647\u062f\u064a\u0629 \u0633\u0639\u0648\u062f\u064a\u0629 \u0645\u062a\u062c\u0631 \u0627\u0644\u0643\u062a\u0631\u0648\u0646\u064a \u064a\u0642\u062f\u0645 \u0644\u0643\u0645 \u0645\u062c\u0645\u0648\u0639\u0629 \u0645\u0646 \u0627\u0644\u0647\u062f\u0627\u064a\u0627 \u0627\u0644\u062a\u064a \u062a\u062c\u0633\u062f \u0639\u0628\u0642 \u0630\u0643\u0631\u064a\u0627\u062a\u0643\u0645 \u0641\u064a \u0627\u0644\u0645\u0634\u0627\u0639\u0631 \u0627\u0644\u0645\u0642\u062f\u0633\u0629\",\"publisher\":{\"@id\":\"https:\\\/\\\/saudi-gift.com\\\/#organization\"},\"alternateName\":\"\u0647\u062f\u064a\u0629 \u0633\u0639\u0648\u062f\u064a\u0629\",\"potentialAction\":[{\"@type\":\"SearchAction\",\"target\":{\"@type\":\"EntryPoint\",\"urlTemplate\":\"https:\\\/\\\/saudi-gift.com\\\/?s={search_term_string}\"},\"query-input\":{\"@type\":\"PropertyValueSpecification\",\"valueRequired\":true,\"valueName\":\"search_term_string\"}}],\"inLanguage\":\"fr-FR\"},{\"@type\":\"Organization\",\"@id\":\"https:\\\/\\\/saudi-gift.com\\\/#organization\",\"name\":\"\u0645\u062a\u062c\u0631 \u0627\u0644\u0647\u062f\u064a\u0629\",\"alternateName\":\"\u0647\u062f\u064a\u0629 \u0633\u0639\u0648\u062f\u064a\u0629\",\"url\":\"https:\\\/\\\/saudi-gift.com\\\/\",\"logo\":{\"@type\":\"ImageObject\",\"inLanguage\":\"fr-FR\",\"@id\":\"https:\\\/\\\/saudi-gift.com\\\/#\\\/schema\\\/logo\\\/image\\\/\",\"url\":\"https:\\\/\\\/saudi-gift.com\\\/wp-content\\\/uploads\\\/2025\\\/05\\\/2.png\",\"contentUrl\":\"https:\\\/\\\/saudi-gift.com\\\/wp-content\\\/uploads\\\/2025\\\/05\\\/2.png\",\"width\":163,\"height\":42,\"caption\":\"\u0645\u062a\u062c\u0631 \u0627\u0644\u0647\u062f\u064a\u0629\"},\"image\":{\"@id\":\"https:\\\/\\\/saudi-gift.com\\\/#\\\/schema\\\/logo\\\/image\\\/\"},\"sameAs\":[\"https:\\\/\\\/www.facebook.com\\\/profile.php?id=61560277649059&mibextid=LQQJ4d\",\"https:\\\/\\\/x.com\\\/saudigift_\"]}]}<\/script>\n<!-- \/ Yoast SEO Premium plugin. -->","yoast_head_json":{"title":"Ceux qui r\u00e9priment la col\u00e8re et ceux qui \u00e9pargnent les gens - \u0647\u062f\u064a\u0629 \u0633\u0639\u0648\u062f\u064a\u0629","robots":{"index":"index","follow":"follow","max-snippet":"max-snippet:-1","max-image-preview":"max-image-preview:large","max-video-preview":"max-video-preview:-1"},"canonical":"https:\/\/saudi-gift.com\/fr\/product\/ceux-qui-repriment-la-colere-et-ceux-qui-epargnent-les-gens\/","og_locale":"fr_FR","og_type":"article","og_title":"Ceux qui r\u00e9priment la col\u00e8re et ceux qui \u00e9pargnent les gens","og_description":"Ceux qui r\u00e9priment la col\u00e8re et ceux qui \u00e9pargnent les gens","og_url":"https:\/\/saudi-gift.com\/fr\/product\/ceux-qui-repriment-la-colere-et-ceux-qui-epargnent-les-gens\/","og_site_name":"\u0647\u062f\u064a\u0629 \u0633\u0639\u0648\u062f\u064a\u0629","article_publisher":"https:\/\/www.facebook.com\/profile.php?id=61560277649059&mibextid=LQQJ4d","og_image":[{"width":600,"height":600,"url":"https:\/\/saudi-gift.com\/wp-content\/uploads\/2025\/01\/\u0648\u0627\u0644\u0643\u0627\u0638\u0645\u064a\u0646.webp","type":"image\/webp"}],"twitter_card":"summary_large_image","twitter_site":"@saudigift_","twitter_misc":{"Dur\u00e9e de lecture estim\u00e9e":"1 minute"},"schema":{"@context":"https:\/\/schema.org","@graph":[{"@type":"WebPage","@id":"https:\/\/saudi-gift.com\/fr\/product\/ceux-qui-repriment-la-colere-et-ceux-qui-epargnent-les-gens\/","url":"https:\/\/saudi-gift.com\/fr\/product\/ceux-qui-repriment-la-colere-et-ceux-qui-epargnent-les-gens\/","name":"Ceux qui r\u00e9priment la col\u00e8re et ceux qui \u00e9pargnent les gens - \u0647\u062f\u064a\u0629 \u0633\u0639\u0648\u062f\u064a\u0629","isPartOf":{"@id":"https:\/\/saudi-gift.com\/#website"},"primaryImageOfPage":{"@id":"https:\/\/saudi-gift.com\/fr\/product\/ceux-qui-repriment-la-colere-et-ceux-qui-epargnent-les-gens\/#primaryimage"},"image":{"@id":"https:\/\/saudi-gift.com\/fr\/product\/ceux-qui-repriment-la-colere-et-ceux-qui-epargnent-les-gens\/#primaryimage"},"thumbnailUrl":"https:\/\/saudi-gift.com\/wp-content\/uploads\/2025\/01\/\u0648\u0627\u0644\u0643\u0627\u0638\u0645\u064a\u0646.webp","datePublished":"2025-01-02T15:46:44+00:00","breadcrumb":{"@id":"https:\/\/saudi-gift.com\/fr\/product\/ceux-qui-repriment-la-colere-et-ceux-qui-epargnent-les-gens\/#breadcrumb"},"inLanguage":"fr-FR","potentialAction":[{"@type":"ReadAction","target":["https:\/\/saudi-gift.com\/fr\/product\/ceux-qui-repriment-la-colere-et-ceux-qui-epargnent-les-gens\/"]}]},{"@type":"ImageObject","inLanguage":"fr-FR","@id":"https:\/\/saudi-gift.com\/fr\/product\/ceux-qui-repriment-la-colere-et-ceux-qui-epargnent-les-gens\/#primaryimage","url":"https:\/\/saudi-gift.com\/wp-content\/uploads\/2025\/01\/\u0648\u0627\u0644\u0643\u0627\u0638\u0645\u064a\u0646.webp","contentUrl":"https:\/\/saudi-gift.com\/wp-content\/uploads\/2025\/01\/\u0648\u0627\u0644\u0643\u0627\u0638\u0645\u064a\u0646.webp","width":600,"height":600},{"@type":"BreadcrumbList","@id":"https:\/\/saudi-gift.com\/fr\/product\/ceux-qui-repriment-la-colere-et-ceux-qui-epargnent-les-gens\/#breadcrumb","itemListElement":[{"@type":"ListItem","position":1,"name":"Home","item":"https:\/\/saudi-gift.com\/fr\/"},{"@type":"ListItem","position":2,"name":"Acheter","item":"https:\/\/saudi-gift.com\/fr\/acheter\/"},{"@type":"ListItem","position":3,"name":"Ceux qui r\u00e9priment la col\u00e8re et ceux qui \u00e9pargnent les gens"}]},{"@type":"WebSite","@id":"https:\/\/saudi-gift.com\/#website","url":"https:\/\/saudi-gift.com\/","name":"\u0647\u062f\u064a\u0629 \u0633\u0639\u0648\u062f\u064a\u0629","description":"\u0647\u062f\u064a\u0629 \u0633\u0639\u0648\u062f\u064a\u0629 \u0645\u062a\u062c\u0631 \u0627\u0644\u0643\u062a\u0631\u0648\u0646\u064a \u064a\u0642\u062f\u0645 \u0644\u0643\u0645 \u0645\u062c\u0645\u0648\u0639\u0629 \u0645\u0646 \u0627\u0644\u0647\u062f\u0627\u064a\u0627 \u0627\u0644\u062a\u064a \u062a\u062c\u0633\u062f \u0639\u0628\u0642 \u0630\u0643\u0631\u064a\u0627\u062a\u0643\u0645 \u0641\u064a \u0627\u0644\u0645\u0634\u0627\u0639\u0631 \u0627\u0644\u0645\u0642\u062f\u0633\u0629","publisher":{"@id":"https:\/\/saudi-gift.com\/#organization"},"alternateName":"\u0647\u062f\u064a\u0629 \u0633\u0639\u0648\u062f\u064a\u0629","potentialAction":[{"@type":"SearchAction","target":{"@type":"EntryPoint","urlTemplate":"https:\/\/saudi-gift.com\/?s={search_term_string}"},"query-input":{"@type":"PropertyValueSpecification","valueRequired":true,"valueName":"search_term_string"}}],"inLanguage":"fr-FR"},{"@type":"Organization","@id":"https:\/\/saudi-gift.com\/#organization","name":"\u0645\u062a\u062c\u0631 \u0627\u0644\u0647\u062f\u064a\u0629","alternateName":"\u0647\u062f\u064a\u0629 \u0633\u0639\u0648\u062f\u064a\u0629","url":"https:\/\/saudi-gift.com\/","logo":{"@type":"ImageObject","inLanguage":"fr-FR","@id":"https:\/\/saudi-gift.com\/#\/schema\/logo\/image\/","url":"https:\/\/saudi-gift.com\/wp-content\/uploads\/2025\/05\/2.png","contentUrl":"https:\/\/saudi-gift.com\/wp-content\/uploads\/2025\/05\/2.png","width":163,"height":42,"caption":"\u0645\u062a\u062c\u0631 \u0627\u0644\u0647\u062f\u064a\u0629"},"image":{"@id":"https:\/\/saudi-gift.com\/#\/schema\/logo\/image\/"},"sameAs":["https:\/\/www.facebook.com\/profile.php?id=61560277649059&mibextid=LQQJ4d","https:\/\/x.com\/saudigift_"]}]}},"jetpack-related-posts":[],"_links":{"self":[{"href":"https:\/\/saudi-gift.com\/fr\/wp-json\/wp\/v2\/product\/51070","targetHints":{"allow":["GET"]}}],"collection":[{"href":"https:\/\/saudi-gift.com\/fr\/wp-json\/wp\/v2\/product"}],"about":[{"href":"https:\/\/saudi-gift.com\/fr\/wp-json\/wp\/v2\/types\/product"}],"replies":[{"embeddable":true,"href":"https:\/\/saudi-gift.com\/fr\/wp-json\/wp\/v2\/comments?post=51070"}],"version-history":[{"count":0,"href":"https:\/\/saudi-gift.com\/fr\/wp-json\/wp\/v2\/product\/51070\/revisions"}],"wp:featuredmedia":[{"embeddable":true,"href":"https:\/\/saudi-gift.com\/fr\/wp-json\/wp\/v2\/media\/32978"}],"wp:attachment":[{"href":"https:\/\/saudi-gift.com\/fr\/wp-json\/wp\/v2\/media?parent=51070"}],"wp:term":[{"taxonomy":"product_brand","embeddable":true,"href":"https:\/\/saudi-gift.com\/fr\/wp-json\/wp\/v2\/product_brand?post=51070"},{"taxonomy":"product_cat","embeddable":true,"href":"https:\/\/saudi-gift.com\/fr\/wp-json\/wp\/v2\/product_cat?post=51070"},{"taxonomy":"product_tag","embeddable":true,"href":"https:\/\/saudi-gift.com\/fr\/wp-json\/wp\/v2\/product_tag?post=51070"}],"curies":[{"name":"wp","href":"https:\/\/api.w.org\/{rel}","templated":true}]}}