{"id":51091,"date":"2025-01-02T17:14:30","date_gmt":"2025-01-02T14:14:30","guid":{"rendered":"https:\/\/saudi-gift.com\/product\/je-temoigne-quil-ny-a-pas-dautre-dieu-quallah-et-je-temoigne-que-muhammad-est-le-messager-dallah\/"},"modified":"2025-01-02T17:14:30","modified_gmt":"2025-01-02T14:14:30","slug":"je-temoigne-quil-ny-a-pas-dautre-dieu-quallah-et-je-temoigne-que-muhammad-est-le-messager-dallah","status":"publish","type":"product","link":"https:\/\/saudi-gift.com\/fr\/produit\/je-temoigne-quil-ny-a-pas-dautre-dieu-quallah-et-je-temoigne-que-muhammad-est-le-messager-dallah\/","title":{"rendered":"Je t\u00e9moigne qu&rsquo;il n&rsquo;y a pas d&rsquo;autre dieu qu&rsquo;Allah et je t\u00e9moigne que Muhammad est le messager d&rsquo;Allah."},"content":{"rendered":"<p class=\"ql-align-right\">Je t\u00e9moigne qu&rsquo;il n&rsquo;y a pas d&rsquo;autre dieu qu&rsquo;Allah et je t\u00e9moigne que Muhammad est le messager d&rsquo;Allah est \u00e9crit par les calligraphes les plus habiles dans un design luxueux avec une combinaison de couleurs noir et or et un fond sucr\u00e9 imprim\u00e9 sur la toile la plus fine et tendu sur un cadre en bois, pr\u00eat \u00e0 \u00eatre accroch\u00e9. <\/p>\n<p class=\"ql-align-right\">Pour d\u00e9corer votre maison et la rendre plus m\u00e9morable<\/p>\n<p>Disponible en plusieurs tailles<\/p>\n<p>1\/40cmX60cm<\/p>\n<p>2\/60cmX90cm<\/p>\n<p>3\/80cmX120cm<\/p>\n<p>4\/90cmX140cm<\/p>\n","protected":false},"excerpt":{"rendered":"<h1 class=\"text-[24px] leading-[35.28px] font-bold text-black\">Je t\u00e9moigne qu&rsquo;il n&rsquo;y a pas d&rsquo;autre dieu qu&rsquo;Allah et je t\u00e9moigne que Muhammad est le messager d&rsquo;Allah.<\/h1>\n","protected":false},"featured_media":32892,"comment_status":"open","ping_status":"closed","template":"","meta":[],"product_brand":[],"product_cat":[180],"product_tag":[1392,611],"class_list":{"0":"post-51091","1":"product","2":"type-product","3":"status-publish","4":"has-post-thumbnail","6":"product_cat-180","7":"product_tag-1392","8":"product_tag-611","10":"first","11":"instock","12":"shipping-taxable","13":"purchasable","14":"product-type-variable"},"yoast_head":"<!-- This site is optimized with the Yoast SEO Premium plugin v27.2 (Yoast SEO v27.5) - https:\/\/yoast.com\/product\/yoast-seo-premium-wordpress\/ -->\n<title>Je t\u00e9moigne qu&#039;il n&#039;y a pas d&#039;autre dieu qu&#039;Allah et je t\u00e9moigne que Muhammad est le messager d&#039;Allah. - \u0647\u062f\u064a\u0629 \u0633\u0639\u0648\u062f\u064a\u0629<\/title>\n<meta name=\"robots\" content=\"index, follow, max-snippet:-1, max-image-preview:large, max-video-preview:-1\" \/>\n<link rel=\"canonical\" href=\"https:\/\/saudi-gift.com\/fr\/product\/je-temoigne-quil-ny-a-pas-dautre-dieu-quallah-et-je-temoigne-que-muhammad-est-le-messager-dallah\/\" \/>\n<meta property=\"og:locale\" content=\"fr_FR\" \/>\n<meta property=\"og:type\" content=\"article\" \/>\n<meta property=\"og:title\" content=\"Je t\u00e9moigne qu&#039;il n&#039;y a pas d&#039;autre dieu qu&#039;Allah et je t\u00e9moigne que Muhammad est le messager d&#039;Allah.\" \/>\n<meta property=\"og:description\" content=\"Je t\u00e9moigne qu&#039;il n&#039;y a pas d&#039;autre dieu qu&#039;Allah et je t\u00e9moigne que Muhammad est le messager d&#039;Allah.\" \/>\n<meta property=\"og:url\" content=\"https:\/\/saudi-gift.com\/fr\/product\/je-temoigne-quil-ny-a-pas-dautre-dieu-quallah-et-je-temoigne-que-muhammad-est-le-messager-dallah\/\" \/>\n<meta property=\"og:site_name\" content=\"\u0647\u062f\u064a\u0629 \u0633\u0639\u0648\u062f\u064a\u0629\" \/>\n<meta property=\"article:publisher\" content=\"https:\/\/www.facebook.com\/profile.php?id=61560277649059&amp;mibextid=LQQJ4d\" \/>\n<meta property=\"og:image\" content=\"https:\/\/saudi-gift.com\/wp-content\/uploads\/2025\/01\/\u0627\u0634\u0647\u062f-1.webp\" \/>\n\t<meta property=\"og:image:width\" content=\"600\" \/>\n\t<meta property=\"og:image:height\" content=\"600\" \/>\n\t<meta property=\"og:image:type\" content=\"image\/webp\" \/>\n<meta name=\"twitter:card\" content=\"summary_large_image\" \/>\n<meta name=\"twitter:site\" content=\"@saudigift_\" \/>\n<script type=\"application\/ld+json\" class=\"yoast-schema-graph\">{\"@context\":\"https:\\\/\\\/schema.org\",\"@graph\":[{\"@type\":\"WebPage\",\"@id\":\"https:\\\/\\\/saudi-gift.com\\\/fr\\\/product\\\/je-temoigne-quil-ny-a-pas-dautre-dieu-quallah-et-je-temoigne-que-muhammad-est-le-messager-dallah\\\/\",\"url\":\"https:\\\/\\\/saudi-gift.com\\\/fr\\\/product\\\/je-temoigne-quil-ny-a-pas-dautre-dieu-quallah-et-je-temoigne-que-muhammad-est-le-messager-dallah\\\/\",\"name\":\"Je t\u00e9moigne qu'il n'y a pas d'autre dieu qu'Allah et je t\u00e9moigne que Muhammad est le messager d'Allah. - \u0647\u062f\u064a\u0629 \u0633\u0639\u0648\u062f\u064a\u0629\",\"isPartOf\":{\"@id\":\"https:\\\/\\\/saudi-gift.com\\\/#website\"},\"primaryImageOfPage\":{\"@id\":\"https:\\\/\\\/saudi-gift.com\\\/fr\\\/product\\\/je-temoigne-quil-ny-a-pas-dautre-dieu-quallah-et-je-temoigne-que-muhammad-est-le-messager-dallah\\\/#primaryimage\"},\"image\":{\"@id\":\"https:\\\/\\\/saudi-gift.com\\\/fr\\\/product\\\/je-temoigne-quil-ny-a-pas-dautre-dieu-quallah-et-je-temoigne-que-muhammad-est-le-messager-dallah\\\/#primaryimage\"},\"thumbnailUrl\":\"https:\\\/\\\/saudi-gift.com\\\/wp-content\\\/uploads\\\/2025\\\/01\\\/\u0627\u0634\u0647\u062f-1.webp\",\"datePublished\":\"2025-01-02T14:14:30+00:00\",\"breadcrumb\":{\"@id\":\"https:\\\/\\\/saudi-gift.com\\\/fr\\\/product\\\/je-temoigne-quil-ny-a-pas-dautre-dieu-quallah-et-je-temoigne-que-muhammad-est-le-messager-dallah\\\/#breadcrumb\"},\"inLanguage\":\"fr-FR\",\"potentialAction\":[{\"@type\":\"ReadAction\",\"target\":[\"https:\\\/\\\/saudi-gift.com\\\/fr\\\/product\\\/je-temoigne-quil-ny-a-pas-dautre-dieu-quallah-et-je-temoigne-que-muhammad-est-le-messager-dallah\\\/\"]}]},{\"@type\":\"ImageObject\",\"inLanguage\":\"fr-FR\",\"@id\":\"https:\\\/\\\/saudi-gift.com\\\/fr\\\/product\\\/je-temoigne-quil-ny-a-pas-dautre-dieu-quallah-et-je-temoigne-que-muhammad-est-le-messager-dallah\\\/#primaryimage\",\"url\":\"https:\\\/\\\/saudi-gift.com\\\/wp-content\\\/uploads\\\/2025\\\/01\\\/\u0627\u0634\u0647\u062f-1.webp\",\"contentUrl\":\"https:\\\/\\\/saudi-gift.com\\\/wp-content\\\/uploads\\\/2025\\\/01\\\/\u0627\u0634\u0647\u062f-1.webp\",\"width\":600,\"height\":600},{\"@type\":\"BreadcrumbList\",\"@id\":\"https:\\\/\\\/saudi-gift.com\\\/fr\\\/product\\\/je-temoigne-quil-ny-a-pas-dautre-dieu-quallah-et-je-temoigne-que-muhammad-est-le-messager-dallah\\\/#breadcrumb\",\"itemListElement\":[{\"@type\":\"ListItem\",\"position\":1,\"name\":\"Home\",\"item\":\"https:\\\/\\\/saudi-gift.com\\\/fr\\\/\"},{\"@type\":\"ListItem\",\"position\":2,\"name\":\"Acheter\",\"item\":\"https:\\\/\\\/saudi-gift.com\\\/fr\\\/acheter\\\/\"},{\"@type\":\"ListItem\",\"position\":3,\"name\":\"Je t\u00e9moigne qu&#8217;il n&#8217;y a pas d&#8217;autre dieu qu&#8217;Allah et je t\u00e9moigne que Muhammad est le messager d&#8217;Allah.\"}]},{\"@type\":\"WebSite\",\"@id\":\"https:\\\/\\\/saudi-gift.com\\\/#website\",\"url\":\"https:\\\/\\\/saudi-gift.com\\\/\",\"name\":\"\u0647\u062f\u064a\u0629 \u0633\u0639\u0648\u062f\u064a\u0629\",\"description\":\"\u0647\u062f\u064a\u0629 \u0633\u0639\u0648\u062f\u064a\u0629 \u0645\u062a\u062c\u0631 \u0627\u0644\u0643\u062a\u0631\u0648\u0646\u064a \u064a\u0642\u062f\u0645 \u0644\u0643\u0645 \u0645\u062c\u0645\u0648\u0639\u0629 \u0645\u0646 \u0627\u0644\u0647\u062f\u0627\u064a\u0627 \u0627\u0644\u062a\u064a \u062a\u062c\u0633\u062f \u0639\u0628\u0642 \u0630\u0643\u0631\u064a\u0627\u062a\u0643\u0645 \u0641\u064a \u0627\u0644\u0645\u0634\u0627\u0639\u0631 \u0627\u0644\u0645\u0642\u062f\u0633\u0629\",\"publisher\":{\"@id\":\"https:\\\/\\\/saudi-gift.com\\\/#organization\"},\"alternateName\":\"\u0647\u062f\u064a\u0629 \u0633\u0639\u0648\u062f\u064a\u0629\",\"potentialAction\":[{\"@type\":\"SearchAction\",\"target\":{\"@type\":\"EntryPoint\",\"urlTemplate\":\"https:\\\/\\\/saudi-gift.com\\\/?s={search_term_string}\"},\"query-input\":{\"@type\":\"PropertyValueSpecification\",\"valueRequired\":true,\"valueName\":\"search_term_string\"}}],\"inLanguage\":\"fr-FR\"},{\"@type\":\"Organization\",\"@id\":\"https:\\\/\\\/saudi-gift.com\\\/#organization\",\"name\":\"\u0645\u062a\u062c\u0631 \u0627\u0644\u0647\u062f\u064a\u0629\",\"alternateName\":\"\u0647\u062f\u064a\u0629 \u0633\u0639\u0648\u062f\u064a\u0629\",\"url\":\"https:\\\/\\\/saudi-gift.com\\\/\",\"logo\":{\"@type\":\"ImageObject\",\"inLanguage\":\"fr-FR\",\"@id\":\"https:\\\/\\\/saudi-gift.com\\\/#\\\/schema\\\/logo\\\/image\\\/\",\"url\":\"https:\\\/\\\/saudi-gift.com\\\/wp-content\\\/uploads\\\/2025\\\/05\\\/2.png\",\"contentUrl\":\"https:\\\/\\\/saudi-gift.com\\\/wp-content\\\/uploads\\\/2025\\\/05\\\/2.png\",\"width\":163,\"height\":42,\"caption\":\"\u0645\u062a\u062c\u0631 \u0627\u0644\u0647\u062f\u064a\u0629\"},\"image\":{\"@id\":\"https:\\\/\\\/saudi-gift.com\\\/#\\\/schema\\\/logo\\\/image\\\/\"},\"sameAs\":[\"https:\\\/\\\/www.facebook.com\\\/profile.php?id=61560277649059&mibextid=LQQJ4d\",\"https:\\\/\\\/x.com\\\/saudigift_\"]}]}<\/script>\n<!-- \/ Yoast SEO Premium plugin. -->","yoast_head_json":{"title":"Je t\u00e9moigne qu'il n'y a pas d'autre dieu qu'Allah et je t\u00e9moigne que Muhammad est le messager d'Allah. - \u0647\u062f\u064a\u0629 \u0633\u0639\u0648\u062f\u064a\u0629","robots":{"index":"index","follow":"follow","max-snippet":"max-snippet:-1","max-image-preview":"max-image-preview:large","max-video-preview":"max-video-preview:-1"},"canonical":"https:\/\/saudi-gift.com\/fr\/product\/je-temoigne-quil-ny-a-pas-dautre-dieu-quallah-et-je-temoigne-que-muhammad-est-le-messager-dallah\/","og_locale":"fr_FR","og_type":"article","og_title":"Je t\u00e9moigne qu'il n'y a pas d'autre dieu qu'Allah et je t\u00e9moigne que Muhammad est le messager d'Allah.","og_description":"Je t\u00e9moigne qu'il n'y a pas d'autre dieu qu'Allah et je t\u00e9moigne que Muhammad est le messager d'Allah.","og_url":"https:\/\/saudi-gift.com\/fr\/product\/je-temoigne-quil-ny-a-pas-dautre-dieu-quallah-et-je-temoigne-que-muhammad-est-le-messager-dallah\/","og_site_name":"\u0647\u062f\u064a\u0629 \u0633\u0639\u0648\u062f\u064a\u0629","article_publisher":"https:\/\/www.facebook.com\/profile.php?id=61560277649059&mibextid=LQQJ4d","og_image":[{"width":600,"height":600,"url":"https:\/\/saudi-gift.com\/wp-content\/uploads\/2025\/01\/\u0627\u0634\u0647\u062f-1.webp","type":"image\/webp"}],"twitter_card":"summary_large_image","twitter_site":"@saudigift_","schema":{"@context":"https:\/\/schema.org","@graph":[{"@type":"WebPage","@id":"https:\/\/saudi-gift.com\/fr\/product\/je-temoigne-quil-ny-a-pas-dautre-dieu-quallah-et-je-temoigne-que-muhammad-est-le-messager-dallah\/","url":"https:\/\/saudi-gift.com\/fr\/product\/je-temoigne-quil-ny-a-pas-dautre-dieu-quallah-et-je-temoigne-que-muhammad-est-le-messager-dallah\/","name":"Je t\u00e9moigne qu'il n'y a pas d'autre dieu qu'Allah et je t\u00e9moigne que Muhammad est le messager d'Allah. - \u0647\u062f\u064a\u0629 \u0633\u0639\u0648\u062f\u064a\u0629","isPartOf":{"@id":"https:\/\/saudi-gift.com\/#website"},"primaryImageOfPage":{"@id":"https:\/\/saudi-gift.com\/fr\/product\/je-temoigne-quil-ny-a-pas-dautre-dieu-quallah-et-je-temoigne-que-muhammad-est-le-messager-dallah\/#primaryimage"},"image":{"@id":"https:\/\/saudi-gift.com\/fr\/product\/je-temoigne-quil-ny-a-pas-dautre-dieu-quallah-et-je-temoigne-que-muhammad-est-le-messager-dallah\/#primaryimage"},"thumbnailUrl":"https:\/\/saudi-gift.com\/wp-content\/uploads\/2025\/01\/\u0627\u0634\u0647\u062f-1.webp","datePublished":"2025-01-02T14:14:30+00:00","breadcrumb":{"@id":"https:\/\/saudi-gift.com\/fr\/product\/je-temoigne-quil-ny-a-pas-dautre-dieu-quallah-et-je-temoigne-que-muhammad-est-le-messager-dallah\/#breadcrumb"},"inLanguage":"fr-FR","potentialAction":[{"@type":"ReadAction","target":["https:\/\/saudi-gift.com\/fr\/product\/je-temoigne-quil-ny-a-pas-dautre-dieu-quallah-et-je-temoigne-que-muhammad-est-le-messager-dallah\/"]}]},{"@type":"ImageObject","inLanguage":"fr-FR","@id":"https:\/\/saudi-gift.com\/fr\/product\/je-temoigne-quil-ny-a-pas-dautre-dieu-quallah-et-je-temoigne-que-muhammad-est-le-messager-dallah\/#primaryimage","url":"https:\/\/saudi-gift.com\/wp-content\/uploads\/2025\/01\/\u0627\u0634\u0647\u062f-1.webp","contentUrl":"https:\/\/saudi-gift.com\/wp-content\/uploads\/2025\/01\/\u0627\u0634\u0647\u062f-1.webp","width":600,"height":600},{"@type":"BreadcrumbList","@id":"https:\/\/saudi-gift.com\/fr\/product\/je-temoigne-quil-ny-a-pas-dautre-dieu-quallah-et-je-temoigne-que-muhammad-est-le-messager-dallah\/#breadcrumb","itemListElement":[{"@type":"ListItem","position":1,"name":"Home","item":"https:\/\/saudi-gift.com\/fr\/"},{"@type":"ListItem","position":2,"name":"Acheter","item":"https:\/\/saudi-gift.com\/fr\/acheter\/"},{"@type":"ListItem","position":3,"name":"Je t\u00e9moigne qu&#8217;il n&#8217;y a pas d&#8217;autre dieu qu&#8217;Allah et je t\u00e9moigne que Muhammad est le messager d&#8217;Allah."}]},{"@type":"WebSite","@id":"https:\/\/saudi-gift.com\/#website","url":"https:\/\/saudi-gift.com\/","name":"\u0647\u062f\u064a\u0629 \u0633\u0639\u0648\u062f\u064a\u0629","description":"\u0647\u062f\u064a\u0629 \u0633\u0639\u0648\u062f\u064a\u0629 \u0645\u062a\u062c\u0631 \u0627\u0644\u0643\u062a\u0631\u0648\u0646\u064a \u064a\u0642\u062f\u0645 \u0644\u0643\u0645 \u0645\u062c\u0645\u0648\u0639\u0629 \u0645\u0646 \u0627\u0644\u0647\u062f\u0627\u064a\u0627 \u0627\u0644\u062a\u064a \u062a\u062c\u0633\u062f \u0639\u0628\u0642 \u0630\u0643\u0631\u064a\u0627\u062a\u0643\u0645 \u0641\u064a \u0627\u0644\u0645\u0634\u0627\u0639\u0631 \u0627\u0644\u0645\u0642\u062f\u0633\u0629","publisher":{"@id":"https:\/\/saudi-gift.com\/#organization"},"alternateName":"\u0647\u062f\u064a\u0629 \u0633\u0639\u0648\u062f\u064a\u0629","potentialAction":[{"@type":"SearchAction","target":{"@type":"EntryPoint","urlTemplate":"https:\/\/saudi-gift.com\/?s={search_term_string}"},"query-input":{"@type":"PropertyValueSpecification","valueRequired":true,"valueName":"search_term_string"}}],"inLanguage":"fr-FR"},{"@type":"Organization","@id":"https:\/\/saudi-gift.com\/#organization","name":"\u0645\u062a\u062c\u0631 \u0627\u0644\u0647\u062f\u064a\u0629","alternateName":"\u0647\u062f\u064a\u0629 \u0633\u0639\u0648\u062f\u064a\u0629","url":"https:\/\/saudi-gift.com\/","logo":{"@type":"ImageObject","inLanguage":"fr-FR","@id":"https:\/\/saudi-gift.com\/#\/schema\/logo\/image\/","url":"https:\/\/saudi-gift.com\/wp-content\/uploads\/2025\/05\/2.png","contentUrl":"https:\/\/saudi-gift.com\/wp-content\/uploads\/2025\/05\/2.png","width":163,"height":42,"caption":"\u0645\u062a\u062c\u0631 \u0627\u0644\u0647\u062f\u064a\u0629"},"image":{"@id":"https:\/\/saudi-gift.com\/#\/schema\/logo\/image\/"},"sameAs":["https:\/\/www.facebook.com\/profile.php?id=61560277649059&mibextid=LQQJ4d","https:\/\/x.com\/saudigift_"]}]}},"jetpack-related-posts":[],"_links":{"self":[{"href":"https:\/\/saudi-gift.com\/fr\/wp-json\/wp\/v2\/product\/51091","targetHints":{"allow":["GET"]}}],"collection":[{"href":"https:\/\/saudi-gift.com\/fr\/wp-json\/wp\/v2\/product"}],"about":[{"href":"https:\/\/saudi-gift.com\/fr\/wp-json\/wp\/v2\/types\/product"}],"replies":[{"embeddable":true,"href":"https:\/\/saudi-gift.com\/fr\/wp-json\/wp\/v2\/comments?post=51091"}],"version-history":[{"count":0,"href":"https:\/\/saudi-gift.com\/fr\/wp-json\/wp\/v2\/product\/51091\/revisions"}],"wp:featuredmedia":[{"embeddable":true,"href":"https:\/\/saudi-gift.com\/fr\/wp-json\/wp\/v2\/media\/32892"}],"wp:attachment":[{"href":"https:\/\/saudi-gift.com\/fr\/wp-json\/wp\/v2\/media?parent=51091"}],"wp:term":[{"taxonomy":"product_brand","embeddable":true,"href":"https:\/\/saudi-gift.com\/fr\/wp-json\/wp\/v2\/product_brand?post=51091"},{"taxonomy":"product_cat","embeddable":true,"href":"https:\/\/saudi-gift.com\/fr\/wp-json\/wp\/v2\/product_cat?post=51091"},{"taxonomy":"product_tag","embeddable":true,"href":"https:\/\/saudi-gift.com\/fr\/wp-json\/wp\/v2\/product_tag?post=51091"}],"curies":[{"name":"wp","href":"https:\/\/api.w.org\/{rel}","templated":true}]}}