{"id":51437,"date":"2025-01-30T16:20:51","date_gmt":"2025-01-30T13:20:51","guid":{"rendered":"https:\/\/saudi-gift.com\/product\/cafetiere-a-motif-sadu\/"},"modified":"2025-01-30T16:20:51","modified_gmt":"2025-01-30T13:20:51","slug":"cafetiere-a-motif-sadu","status":"publish","type":"product","link":"https:\/\/saudi-gift.com\/fr\/produit\/cafetiere-a-motif-sadu\/","title":{"rendered":"Cafeti\u00e8re \u00e0 motif Sadu"},"content":{"rendered":"<table class=\"table table-bordered\">\n<tbody>\n<tr>\n<th style=\"text-align: right;\">Tr\u00e8s bonne qualit\u00e9<\/th>\n<td style=\"text-align: right;\">Fabriqu\u00e9 en acier inoxydable \u00e0 l&rsquo;int\u00e9rieur, il est incassable et garanti pour une longue dur\u00e9e. <\/td>\n<\/tr>\n<tr>\n<th>Design moderne<\/th>\n<td>Comprend un filtre int\u00e9gr\u00e9 pour vous offrir une boisson exempte d&rsquo;impuret\u00e9s<\/td>\n<\/tr>\n<tr>\n<th>Conserve la chaleur et le froid pendant plus de 16 heures<\/th>\n<td>Gr\u00e2ce \u00e0 sa technologie d&rsquo;isolation thermique avanc\u00e9e, la cafeti\u00e8re garde le caf\u00e9 chaud ou la boisson froide pendant plus de 16 heures. <\/td>\n<\/tr>\n<tr>\n<th>Couvercle \u00e0 ouverture par effleurement<\/th>\n<td>Couvercle \u00e0 ouverture par effleurement pour une plus grande facilit\u00e9 d&rsquo;utilisation<\/td>\n<\/tr>\n<tr>\n<th>\u00c9cran tactile<\/th>\n<td>\u00c9cran tactile pour reconna\u00eetre facilement la temp\u00e9rature de votre boisson<\/td>\n<\/tr>\n<tr>\n<th>Base pivotante<\/th>\n<td>Le socle pivotant permet d&rsquo;organiser des r\u00e9unions parfaites et de servir facilement le caf\u00e9.<\/td>\n<\/tr>\n<tr>\n<th>Poign\u00e9e en bois de luxe<\/th>\n<td>La poign\u00e9e en bois luxueuse ajoute une touche de luxe<\/td>\n<\/tr>\n<tr>\n<th style=\"text-align: right;\">Les grandes couleurs<\/th>\n<td style=\"text-align: right;\">L&rsquo;orange est la couleur des sables de l&rsquo;Empty Quarter.<\/td>\n<\/tr>\n<\/tbody>\n<\/table>\n<div class=\"aioseo-google-search-preview__title\" data-v-4e7993c0=\"\">Cafeti\u00e8re \u00e0 motif Sadu<\/div>\n","protected":false},"excerpt":{"rendered":"<p>Dans un monde de tradition et d&rsquo;h\u00e9ritage, le Saudi Coffee Dallah s&rsquo;impose comme un symbole d&rsquo;hospitalit\u00e9 et d&rsquo;accueil. Alliant originalit\u00e9 et modernit\u00e9, il r\u00e9unit la beaut\u00e9 des arts traditionnels et la technologie de pointe.   <\/p>\n","protected":false},"featured_media":44018,"comment_status":"open","ping_status":"closed","template":"","meta":[],"product_brand":[],"product_cat":[3176],"product_tag":[2260,1298],"class_list":{"0":"post-51437","1":"product","2":"type-product","3":"status-publish","4":"has-post-thumbnail","6":"product_cat-hospitalite","7":"product_tag--fr","8":"product_tag-_-fr","10":"first","11":"instock","12":"shipping-taxable","13":"purchasable","14":"product-type-simple"},"yoast_head":"<!-- This site is optimized with the Yoast SEO Premium plugin v27.2 (Yoast SEO v27.6) - https:\/\/yoast.com\/product\/yoast-seo-premium-wordpress\/ -->\n<title>Cafeti\u00e8re \u00e0 motif Sadu - \u0647\u062f\u064a\u0629 \u0633\u0639\u0648\u062f\u064a\u0629<\/title>\n<meta name=\"robots\" content=\"index, follow, max-snippet:-1, max-image-preview:large, max-video-preview:-1\" \/>\n<link rel=\"canonical\" href=\"https:\/\/saudi-gift.com\/product\/\u062f\u0644\u0629-\u0642\u0647\u0648\u0629-\u0646\u0642\u0634-\u0627\u0644\u0633\u062f\u0648-2\/\" \/>\n<meta property=\"og:locale\" content=\"fr_FR\" \/>\n<meta property=\"og:type\" content=\"article\" \/>\n<meta property=\"og:title\" content=\"Cafeti\u00e8re \u00e0 motif Sadu\" \/>\n<meta property=\"og:description\" content=\"Dans un monde de tradition et d&#039;h\u00e9ritage, le Saudi Coffee Dallah s&#039;impose comme un symbole d&#039;hospitalit\u00e9 et d&#039;accueil. Alliant originalit\u00e9 et modernit\u00e9, il r\u00e9unit la beaut\u00e9 des arts traditionnels et la technologie de pointe.\" \/>\n<meta property=\"og:url\" content=\"https:\/\/saudi-gift.com\/product\/\u062f\u0644\u0629-\u0642\u0647\u0648\u0629-\u0646\u0642\u0634-\u0627\u0644\u0633\u062f\u0648-2\/\" \/>\n<meta property=\"og:site_name\" content=\"\u0647\u062f\u064a\u0629 \u0633\u0639\u0648\u062f\u064a\u0629\" \/>\n<meta property=\"article:publisher\" content=\"https:\/\/www.facebook.com\/profile.php?id=61560277649059&amp;mibextid=LQQJ4d\" \/>\n<meta property=\"og:image\" content=\"https:\/\/saudi-gift.com\/wp-content\/uploads\/2025\/01\/8201.webp\" \/>\n\t<meta property=\"og:image:width\" content=\"600\" \/>\n\t<meta property=\"og:image:height\" content=\"600\" \/>\n\t<meta property=\"og:image:type\" content=\"image\/webp\" \/>\n<meta name=\"twitter:card\" content=\"summary_large_image\" \/>\n<meta name=\"twitter:site\" content=\"@saudigift_\" \/>\n<meta name=\"twitter:label1\" content=\"Dur\u00e9e de lecture estim\u00e9e\" \/>\n\t<meta name=\"twitter:data1\" content=\"1 minute\" \/>\n<script type=\"application\/ld+json\" class=\"yoast-schema-graph\">{\"@context\":\"https:\\\/\\\/schema.org\",\"@graph\":[{\"@type\":\"WebPage\",\"@id\":\"https:\\\/\\\/saudi-gift.com\\\/product\\\/%d8%af%d9%84%d8%a9-%d9%82%d9%87%d9%88%d8%a9-%d9%86%d9%82%d8%b4-%d8%a7%d9%84%d8%b3%d8%af%d9%88-2\\\/\",\"url\":\"https:\\\/\\\/saudi-gift.com\\\/product\\\/%d8%af%d9%84%d8%a9-%d9%82%d9%87%d9%88%d8%a9-%d9%86%d9%82%d8%b4-%d8%a7%d9%84%d8%b3%d8%af%d9%88-2\\\/\",\"name\":\"Cafeti\u00e8re \u00e0 motif Sadu - \u0647\u062f\u064a\u0629 \u0633\u0639\u0648\u062f\u064a\u0629\",\"isPartOf\":{\"@id\":\"https:\\\/\\\/saudi-gift.com\\\/#website\"},\"primaryImageOfPage\":{\"@id\":\"https:\\\/\\\/saudi-gift.com\\\/product\\\/%d8%af%d9%84%d8%a9-%d9%82%d9%87%d9%88%d8%a9-%d9%86%d9%82%d8%b4-%d8%a7%d9%84%d8%b3%d8%af%d9%88-2\\\/#primaryimage\"},\"image\":{\"@id\":\"https:\\\/\\\/saudi-gift.com\\\/product\\\/%d8%af%d9%84%d8%a9-%d9%82%d9%87%d9%88%d8%a9-%d9%86%d9%82%d8%b4-%d8%a7%d9%84%d8%b3%d8%af%d9%88-2\\\/#primaryimage\"},\"thumbnailUrl\":\"https:\\\/\\\/saudi-gift.com\\\/wp-content\\\/uploads\\\/2025\\\/01\\\/8201.webp\",\"datePublished\":\"2025-01-30T13:20:51+00:00\",\"breadcrumb\":{\"@id\":\"https:\\\/\\\/saudi-gift.com\\\/product\\\/%d8%af%d9%84%d8%a9-%d9%82%d9%87%d9%88%d8%a9-%d9%86%d9%82%d8%b4-%d8%a7%d9%84%d8%b3%d8%af%d9%88-2\\\/#breadcrumb\"},\"inLanguage\":\"fr-FR\",\"potentialAction\":[{\"@type\":\"ReadAction\",\"target\":[\"https:\\\/\\\/saudi-gift.com\\\/product\\\/%d8%af%d9%84%d8%a9-%d9%82%d9%87%d9%88%d8%a9-%d9%86%d9%82%d8%b4-%d8%a7%d9%84%d8%b3%d8%af%d9%88-2\\\/\"]}]},{\"@type\":\"ImageObject\",\"inLanguage\":\"fr-FR\",\"@id\":\"https:\\\/\\\/saudi-gift.com\\\/product\\\/%d8%af%d9%84%d8%a9-%d9%82%d9%87%d9%88%d8%a9-%d9%86%d9%82%d8%b4-%d8%a7%d9%84%d8%b3%d8%af%d9%88-2\\\/#primaryimage\",\"url\":\"https:\\\/\\\/saudi-gift.com\\\/wp-content\\\/uploads\\\/2025\\\/01\\\/8201.webp\",\"contentUrl\":\"https:\\\/\\\/saudi-gift.com\\\/wp-content\\\/uploads\\\/2025\\\/01\\\/8201.webp\",\"width\":600,\"height\":600},{\"@type\":\"BreadcrumbList\",\"@id\":\"https:\\\/\\\/saudi-gift.com\\\/product\\\/%d8%af%d9%84%d8%a9-%d9%82%d9%87%d9%88%d8%a9-%d9%86%d9%82%d8%b4-%d8%a7%d9%84%d8%b3%d8%af%d9%88-2\\\/#breadcrumb\",\"itemListElement\":[{\"@type\":\"ListItem\",\"position\":1,\"name\":\"Home\",\"item\":\"https:\\\/\\\/saudi-gift.com\\\/fr\\\/\"},{\"@type\":\"ListItem\",\"position\":2,\"name\":\"Acheter\",\"item\":\"https:\\\/\\\/saudi-gift.com\\\/fr\\\/acheter\\\/\"},{\"@type\":\"ListItem\",\"position\":3,\"name\":\"Cafeti\u00e8re \u00e0 motif Sadu\"}]},{\"@type\":\"WebSite\",\"@id\":\"https:\\\/\\\/saudi-gift.com\\\/#website\",\"url\":\"https:\\\/\\\/saudi-gift.com\\\/\",\"name\":\"\u0647\u062f\u064a\u0629 \u0633\u0639\u0648\u062f\u064a\u0629\",\"description\":\"\u0647\u062f\u064a\u0629 \u0633\u0639\u0648\u062f\u064a\u0629 \u0645\u062a\u062c\u0631 \u0627\u0644\u0643\u062a\u0631\u0648\u0646\u064a \u064a\u0642\u062f\u0645 \u0644\u0643\u0645 \u0645\u062c\u0645\u0648\u0639\u0629 \u0645\u0646 \u0627\u0644\u0647\u062f\u0627\u064a\u0627 \u0627\u0644\u062a\u064a \u062a\u062c\u0633\u062f \u0639\u0628\u0642 \u0630\u0643\u0631\u064a\u0627\u062a\u0643\u0645 \u0641\u064a \u0627\u0644\u0645\u0634\u0627\u0639\u0631 \u0627\u0644\u0645\u0642\u062f\u0633\u0629\",\"publisher\":{\"@id\":\"https:\\\/\\\/saudi-gift.com\\\/#organization\"},\"alternateName\":\"\u0647\u062f\u064a\u0629 \u0633\u0639\u0648\u062f\u064a\u0629\",\"potentialAction\":[{\"@type\":\"SearchAction\",\"target\":{\"@type\":\"EntryPoint\",\"urlTemplate\":\"https:\\\/\\\/saudi-gift.com\\\/?s={search_term_string}\"},\"query-input\":{\"@type\":\"PropertyValueSpecification\",\"valueRequired\":true,\"valueName\":\"search_term_string\"}}],\"inLanguage\":\"fr-FR\"},{\"@type\":\"Organization\",\"@id\":\"https:\\\/\\\/saudi-gift.com\\\/#organization\",\"name\":\"\u0645\u062a\u062c\u0631 \u0627\u0644\u0647\u062f\u064a\u0629\",\"alternateName\":\"\u0647\u062f\u064a\u0629 \u0633\u0639\u0648\u062f\u064a\u0629\",\"url\":\"https:\\\/\\\/saudi-gift.com\\\/\",\"logo\":{\"@type\":\"ImageObject\",\"inLanguage\":\"fr-FR\",\"@id\":\"https:\\\/\\\/saudi-gift.com\\\/#\\\/schema\\\/logo\\\/image\\\/\",\"url\":\"https:\\\/\\\/saudi-gift.com\\\/wp-content\\\/uploads\\\/2025\\\/05\\\/2.png\",\"contentUrl\":\"https:\\\/\\\/saudi-gift.com\\\/wp-content\\\/uploads\\\/2025\\\/05\\\/2.png\",\"width\":163,\"height\":42,\"caption\":\"\u0645\u062a\u062c\u0631 \u0627\u0644\u0647\u062f\u064a\u0629\"},\"image\":{\"@id\":\"https:\\\/\\\/saudi-gift.com\\\/#\\\/schema\\\/logo\\\/image\\\/\"},\"sameAs\":[\"https:\\\/\\\/www.facebook.com\\\/profile.php?id=61560277649059&mibextid=LQQJ4d\",\"https:\\\/\\\/x.com\\\/saudigift_\"]}]}<\/script>\n<!-- \/ Yoast SEO Premium plugin. -->","yoast_head_json":{"title":"Cafeti\u00e8re \u00e0 motif Sadu - \u0647\u062f\u064a\u0629 \u0633\u0639\u0648\u062f\u064a\u0629","robots":{"index":"index","follow":"follow","max-snippet":"max-snippet:-1","max-image-preview":"max-image-preview:large","max-video-preview":"max-video-preview:-1"},"canonical":"https:\/\/saudi-gift.com\/product\/\u062f\u0644\u0629-\u0642\u0647\u0648\u0629-\u0646\u0642\u0634-\u0627\u0644\u0633\u062f\u0648-2\/","og_locale":"fr_FR","og_type":"article","og_title":"Cafeti\u00e8re \u00e0 motif Sadu","og_description":"Dans un monde de tradition et d'h\u00e9ritage, le Saudi Coffee Dallah s'impose comme un symbole d'hospitalit\u00e9 et d'accueil. Alliant originalit\u00e9 et modernit\u00e9, il r\u00e9unit la beaut\u00e9 des arts traditionnels et la technologie de pointe.","og_url":"https:\/\/saudi-gift.com\/product\/\u062f\u0644\u0629-\u0642\u0647\u0648\u0629-\u0646\u0642\u0634-\u0627\u0644\u0633\u062f\u0648-2\/","og_site_name":"\u0647\u062f\u064a\u0629 \u0633\u0639\u0648\u062f\u064a\u0629","article_publisher":"https:\/\/www.facebook.com\/profile.php?id=61560277649059&mibextid=LQQJ4d","og_image":[{"width":600,"height":600,"url":"https:\/\/saudi-gift.com\/wp-content\/uploads\/2025\/01\/8201.webp","type":"image\/webp"}],"twitter_card":"summary_large_image","twitter_site":"@saudigift_","twitter_misc":{"Dur\u00e9e de lecture estim\u00e9e":"1 minute"},"schema":{"@context":"https:\/\/schema.org","@graph":[{"@type":"WebPage","@id":"https:\/\/saudi-gift.com\/product\/%d8%af%d9%84%d8%a9-%d9%82%d9%87%d9%88%d8%a9-%d9%86%d9%82%d8%b4-%d8%a7%d9%84%d8%b3%d8%af%d9%88-2\/","url":"https:\/\/saudi-gift.com\/product\/%d8%af%d9%84%d8%a9-%d9%82%d9%87%d9%88%d8%a9-%d9%86%d9%82%d8%b4-%d8%a7%d9%84%d8%b3%d8%af%d9%88-2\/","name":"Cafeti\u00e8re \u00e0 motif Sadu - \u0647\u062f\u064a\u0629 \u0633\u0639\u0648\u062f\u064a\u0629","isPartOf":{"@id":"https:\/\/saudi-gift.com\/#website"},"primaryImageOfPage":{"@id":"https:\/\/saudi-gift.com\/product\/%d8%af%d9%84%d8%a9-%d9%82%d9%87%d9%88%d8%a9-%d9%86%d9%82%d8%b4-%d8%a7%d9%84%d8%b3%d8%af%d9%88-2\/#primaryimage"},"image":{"@id":"https:\/\/saudi-gift.com\/product\/%d8%af%d9%84%d8%a9-%d9%82%d9%87%d9%88%d8%a9-%d9%86%d9%82%d8%b4-%d8%a7%d9%84%d8%b3%d8%af%d9%88-2\/#primaryimage"},"thumbnailUrl":"https:\/\/saudi-gift.com\/wp-content\/uploads\/2025\/01\/8201.webp","datePublished":"2025-01-30T13:20:51+00:00","breadcrumb":{"@id":"https:\/\/saudi-gift.com\/product\/%d8%af%d9%84%d8%a9-%d9%82%d9%87%d9%88%d8%a9-%d9%86%d9%82%d8%b4-%d8%a7%d9%84%d8%b3%d8%af%d9%88-2\/#breadcrumb"},"inLanguage":"fr-FR","potentialAction":[{"@type":"ReadAction","target":["https:\/\/saudi-gift.com\/product\/%d8%af%d9%84%d8%a9-%d9%82%d9%87%d9%88%d8%a9-%d9%86%d9%82%d8%b4-%d8%a7%d9%84%d8%b3%d8%af%d9%88-2\/"]}]},{"@type":"ImageObject","inLanguage":"fr-FR","@id":"https:\/\/saudi-gift.com\/product\/%d8%af%d9%84%d8%a9-%d9%82%d9%87%d9%88%d8%a9-%d9%86%d9%82%d8%b4-%d8%a7%d9%84%d8%b3%d8%af%d9%88-2\/#primaryimage","url":"https:\/\/saudi-gift.com\/wp-content\/uploads\/2025\/01\/8201.webp","contentUrl":"https:\/\/saudi-gift.com\/wp-content\/uploads\/2025\/01\/8201.webp","width":600,"height":600},{"@type":"BreadcrumbList","@id":"https:\/\/saudi-gift.com\/product\/%d8%af%d9%84%d8%a9-%d9%82%d9%87%d9%88%d8%a9-%d9%86%d9%82%d8%b4-%d8%a7%d9%84%d8%b3%d8%af%d9%88-2\/#breadcrumb","itemListElement":[{"@type":"ListItem","position":1,"name":"Home","item":"https:\/\/saudi-gift.com\/fr\/"},{"@type":"ListItem","position":2,"name":"Acheter","item":"https:\/\/saudi-gift.com\/fr\/acheter\/"},{"@type":"ListItem","position":3,"name":"Cafeti\u00e8re \u00e0 motif Sadu"}]},{"@type":"WebSite","@id":"https:\/\/saudi-gift.com\/#website","url":"https:\/\/saudi-gift.com\/","name":"\u0647\u062f\u064a\u0629 \u0633\u0639\u0648\u062f\u064a\u0629","description":"\u0647\u062f\u064a\u0629 \u0633\u0639\u0648\u062f\u064a\u0629 \u0645\u062a\u062c\u0631 \u0627\u0644\u0643\u062a\u0631\u0648\u0646\u064a \u064a\u0642\u062f\u0645 \u0644\u0643\u0645 \u0645\u062c\u0645\u0648\u0639\u0629 \u0645\u0646 \u0627\u0644\u0647\u062f\u0627\u064a\u0627 \u0627\u0644\u062a\u064a \u062a\u062c\u0633\u062f \u0639\u0628\u0642 \u0630\u0643\u0631\u064a\u0627\u062a\u0643\u0645 \u0641\u064a \u0627\u0644\u0645\u0634\u0627\u0639\u0631 \u0627\u0644\u0645\u0642\u062f\u0633\u0629","publisher":{"@id":"https:\/\/saudi-gift.com\/#organization"},"alternateName":"\u0647\u062f\u064a\u0629 \u0633\u0639\u0648\u062f\u064a\u0629","potentialAction":[{"@type":"SearchAction","target":{"@type":"EntryPoint","urlTemplate":"https:\/\/saudi-gift.com\/?s={search_term_string}"},"query-input":{"@type":"PropertyValueSpecification","valueRequired":true,"valueName":"search_term_string"}}],"inLanguage":"fr-FR"},{"@type":"Organization","@id":"https:\/\/saudi-gift.com\/#organization","name":"\u0645\u062a\u062c\u0631 \u0627\u0644\u0647\u062f\u064a\u0629","alternateName":"\u0647\u062f\u064a\u0629 \u0633\u0639\u0648\u062f\u064a\u0629","url":"https:\/\/saudi-gift.com\/","logo":{"@type":"ImageObject","inLanguage":"fr-FR","@id":"https:\/\/saudi-gift.com\/#\/schema\/logo\/image\/","url":"https:\/\/saudi-gift.com\/wp-content\/uploads\/2025\/05\/2.png","contentUrl":"https:\/\/saudi-gift.com\/wp-content\/uploads\/2025\/05\/2.png","width":163,"height":42,"caption":"\u0645\u062a\u062c\u0631 \u0627\u0644\u0647\u062f\u064a\u0629"},"image":{"@id":"https:\/\/saudi-gift.com\/#\/schema\/logo\/image\/"},"sameAs":["https:\/\/www.facebook.com\/profile.php?id=61560277649059&mibextid=LQQJ4d","https:\/\/x.com\/saudigift_"]}]}},"jetpack-related-posts":[],"_links":{"self":[{"href":"https:\/\/saudi-gift.com\/fr\/wp-json\/wp\/v2\/product\/51437","targetHints":{"allow":["GET"]}}],"collection":[{"href":"https:\/\/saudi-gift.com\/fr\/wp-json\/wp\/v2\/product"}],"about":[{"href":"https:\/\/saudi-gift.com\/fr\/wp-json\/wp\/v2\/types\/product"}],"replies":[{"embeddable":true,"href":"https:\/\/saudi-gift.com\/fr\/wp-json\/wp\/v2\/comments?post=51437"}],"version-history":[{"count":0,"href":"https:\/\/saudi-gift.com\/fr\/wp-json\/wp\/v2\/product\/51437\/revisions"}],"wp:featuredmedia":[{"embeddable":true,"href":"https:\/\/saudi-gift.com\/fr\/wp-json\/wp\/v2\/media\/44018"}],"wp:attachment":[{"href":"https:\/\/saudi-gift.com\/fr\/wp-json\/wp\/v2\/media?parent=51437"}],"wp:term":[{"taxonomy":"product_brand","embeddable":true,"href":"https:\/\/saudi-gift.com\/fr\/wp-json\/wp\/v2\/product_brand?post=51437"},{"taxonomy":"product_cat","embeddable":true,"href":"https:\/\/saudi-gift.com\/fr\/wp-json\/wp\/v2\/product_cat?post=51437"},{"taxonomy":"product_tag","embeddable":true,"href":"https:\/\/saudi-gift.com\/fr\/wp-json\/wp\/v2\/product_tag?post=51437"}],"curies":[{"name":"wp","href":"https:\/\/api.w.org\/{rel}","templated":true}]}}