{"id":51450,"date":"2025-01-30T14:10:23","date_gmt":"2025-01-30T11:10:23","guid":{"rendered":"https:\/\/saudi-gift.com\/product\/tasse-a-cafe-amusante-calligraphie-arabe\/"},"modified":"2025-01-30T14:10:23","modified_gmt":"2025-01-30T11:10:23","slug":"tasse-a-cafe-amusante-calligraphie-arabe","status":"publish","type":"product","link":"https:\/\/saudi-gift.com\/fr\/produit\/tasse-a-cafe-amusante-calligraphie-arabe\/","title":{"rendered":"Tasse \u00e0 caf\u00e9 amusante &#8211; Calligraphie arabe"},"content":{"rendered":"<p>Tasse \u00e0 caf\u00e9 amusante &#8211; Calligraphie arabe<\/p>\n<p>Am\u00e9liorez votre exp\u00e9rience de la boisson avec cette tasse luxueuse, \u00e9l\u00e9gamment con\u00e7ue avec une calligraphie arabe qui dit \u00ab\u00a0Coffee and I are lovers\u00a0\u00bb (le caf\u00e9 et moi sommes amants). Ce mug est parfait pour conserver vos boissons chaudes ou froides \u00e0 leur meilleur, avec un design qui allie luxe et praticit\u00e9.  <\/p>\n","protected":false},"excerpt":{"rendered":"<p><strong>\u00ab\u00a0Tasse \u00e0 caf\u00e9 de haute qualit\u00e9 avec motif de calligraphie arabe<\/strong><\/p>\n","protected":false},"featured_media":43673,"comment_status":"open","ping_status":"closed","template":"","meta":[],"product_brand":[],"product_cat":[3122],"product_tag":[2255],"class_list":{"0":"post-51450","1":"product","2":"type-product","3":"status-publish","4":"has-post-thumbnail","6":"product_cat-3122","7":"product_tag-_-fr","9":"first","10":"instock","11":"shipping-taxable","12":"purchasable","13":"product-type-simple"},"yoast_head":"<!-- This site is optimized with the Yoast SEO Premium plugin v27.2 (Yoast SEO v27.3) - https:\/\/yoast.com\/product\/yoast-seo-premium-wordpress\/ -->\n<title>Tasse \u00e0 caf\u00e9 amusante - Calligraphie arabe - \u0647\u062f\u064a\u0629 \u0633\u0639\u0648\u062f\u064a\u0629<\/title>\n<meta name=\"description\" content=\"&quot;Tasse \u00e0 caf\u00e9 de haute qualit\u00e9 avec calligraphie arabe&quot; \u00c9levez votre exp\u00e9rience de la boisson avec cette tasse \u00e0 caf\u00e9 luxueuse et \u00e9l\u00e9gante avec la calligraphie arabe &quot;Coffee and I are lovers&quot; (le caf\u00e9 et moi sommes amants). Cette tasse est parfaite pour conserver vos boissons chaudes ou froides \u00e0 leur meilleur niveau, avec un design qui allie luxe et praticit\u00e9.\" \/>\n<meta name=\"robots\" content=\"index, follow, max-snippet:-1, max-image-preview:large, max-video-preview:-1\" \/>\n<link rel=\"canonical\" href=\"https:\/\/saudi-gift.com\/product\/\u0643\u0648\u0628-\u0627\u0644\u0642\u0647\u0648\u0629-\u0627\u0644\u0645\u0631\u062d-\u062a\u0635\u0645\u064a\u0645-\u0627\u0644\u062e\u0637-\u0627\u0644\u0639\u0631\u0628\u064a\/\" \/>\n<meta property=\"og:locale\" content=\"fr_FR\" \/>\n<meta property=\"og:type\" content=\"article\" \/>\n<meta property=\"og:title\" content=\"Tasse \u00e0 caf\u00e9 amusante - Calligraphie arabe\" \/>\n<meta property=\"og:description\" content=\"&quot;Tasse \u00e0 caf\u00e9 de haute qualit\u00e9 avec calligraphie arabe&quot; \u00c9levez votre exp\u00e9rience de la boisson avec cette tasse \u00e0 caf\u00e9 luxueuse et \u00e9l\u00e9gante avec la calligraphie arabe &quot;Coffee and I are lovers&quot; (le caf\u00e9 et moi sommes amants). Cette tasse est parfaite pour conserver vos boissons chaudes ou froides \u00e0 leur meilleur niveau, avec un design qui allie luxe et praticit\u00e9.\" \/>\n<meta property=\"og:url\" content=\"https:\/\/saudi-gift.com\/product\/\u0643\u0648\u0628-\u0627\u0644\u0642\u0647\u0648\u0629-\u0627\u0644\u0645\u0631\u062d-\u062a\u0635\u0645\u064a\u0645-\u0627\u0644\u062e\u0637-\u0627\u0644\u0639\u0631\u0628\u064a\/\" \/>\n<meta property=\"og:site_name\" content=\"\u0647\u062f\u064a\u0629 \u0633\u0639\u0648\u062f\u064a\u0629\" \/>\n<meta property=\"article:publisher\" content=\"https:\/\/www.facebook.com\/profile.php?id=61560277649059&amp;mibextid=LQQJ4d\" \/>\n<meta property=\"og:image\" content=\"https:\/\/saudi-gift.com\/wp-content\/uploads\/2025\/01\/7901.webp\" \/>\n\t<meta property=\"og:image:width\" content=\"600\" \/>\n\t<meta property=\"og:image:height\" content=\"600\" \/>\n\t<meta property=\"og:image:type\" content=\"image\/webp\" \/>\n<meta name=\"twitter:card\" content=\"summary_large_image\" \/>\n<meta name=\"twitter:site\" content=\"@saudigift_\" \/>\n<script type=\"application\/ld+json\" class=\"yoast-schema-graph\">{\"@context\":\"https:\\\/\\\/schema.org\",\"@graph\":[{\"@type\":\"WebPage\",\"@id\":\"https:\\\/\\\/saudi-gift.com\\\/product\\\/%d9%83%d9%88%d8%a8-%d8%a7%d9%84%d9%82%d9%87%d9%88%d8%a9-%d8%a7%d9%84%d9%85%d8%b1%d8%ad-%d8%aa%d8%b5%d9%85%d9%8a%d9%85-%d8%a7%d9%84%d8%ae%d8%b7-%d8%a7%d9%84%d8%b9%d8%b1%d8%a8%d9%8a\\\/\",\"url\":\"https:\\\/\\\/saudi-gift.com\\\/product\\\/%d9%83%d9%88%d8%a8-%d8%a7%d9%84%d9%82%d9%87%d9%88%d8%a9-%d8%a7%d9%84%d9%85%d8%b1%d8%ad-%d8%aa%d8%b5%d9%85%d9%8a%d9%85-%d8%a7%d9%84%d8%ae%d8%b7-%d8%a7%d9%84%d8%b9%d8%b1%d8%a8%d9%8a\\\/\",\"name\":\"Tasse \u00e0 caf\u00e9 amusante - Calligraphie arabe - \u0647\u062f\u064a\u0629 \u0633\u0639\u0648\u062f\u064a\u0629\",\"isPartOf\":{\"@id\":\"https:\\\/\\\/saudi-gift.com\\\/#website\"},\"primaryImageOfPage\":{\"@id\":\"https:\\\/\\\/saudi-gift.com\\\/product\\\/%d9%83%d9%88%d8%a8-%d8%a7%d9%84%d9%82%d9%87%d9%88%d8%a9-%d8%a7%d9%84%d9%85%d8%b1%d8%ad-%d8%aa%d8%b5%d9%85%d9%8a%d9%85-%d8%a7%d9%84%d8%ae%d8%b7-%d8%a7%d9%84%d8%b9%d8%b1%d8%a8%d9%8a\\\/#primaryimage\"},\"image\":{\"@id\":\"https:\\\/\\\/saudi-gift.com\\\/product\\\/%d9%83%d9%88%d8%a8-%d8%a7%d9%84%d9%82%d9%87%d9%88%d8%a9-%d8%a7%d9%84%d9%85%d8%b1%d8%ad-%d8%aa%d8%b5%d9%85%d9%8a%d9%85-%d8%a7%d9%84%d8%ae%d8%b7-%d8%a7%d9%84%d8%b9%d8%b1%d8%a8%d9%8a\\\/#primaryimage\"},\"thumbnailUrl\":\"https:\\\/\\\/saudi-gift.com\\\/wp-content\\\/uploads\\\/2025\\\/01\\\/7901.webp\",\"datePublished\":\"2025-01-30T11:10:23+00:00\",\"description\":\"\\\"Tasse \u00e0 caf\u00e9 de haute qualit\u00e9 avec calligraphie arabe\\\" \u00c9levez votre exp\u00e9rience de la boisson avec cette tasse \u00e0 caf\u00e9 luxueuse et \u00e9l\u00e9gante avec la calligraphie arabe \\\"Coffee and I are lovers\\\" (le caf\u00e9 et moi sommes amants). Cette tasse est parfaite pour conserver vos boissons chaudes ou froides \u00e0 leur meilleur niveau, avec un design qui allie luxe et praticit\u00e9.\",\"breadcrumb\":{\"@id\":\"https:\\\/\\\/saudi-gift.com\\\/product\\\/%d9%83%d9%88%d8%a8-%d8%a7%d9%84%d9%82%d9%87%d9%88%d8%a9-%d8%a7%d9%84%d9%85%d8%b1%d8%ad-%d8%aa%d8%b5%d9%85%d9%8a%d9%85-%d8%a7%d9%84%d8%ae%d8%b7-%d8%a7%d9%84%d8%b9%d8%b1%d8%a8%d9%8a\\\/#breadcrumb\"},\"inLanguage\":\"fr-FR\",\"potentialAction\":[{\"@type\":\"ReadAction\",\"target\":[\"https:\\\/\\\/saudi-gift.com\\\/product\\\/%d9%83%d9%88%d8%a8-%d8%a7%d9%84%d9%82%d9%87%d9%88%d8%a9-%d8%a7%d9%84%d9%85%d8%b1%d8%ad-%d8%aa%d8%b5%d9%85%d9%8a%d9%85-%d8%a7%d9%84%d8%ae%d8%b7-%d8%a7%d9%84%d8%b9%d8%b1%d8%a8%d9%8a\\\/\"]}]},{\"@type\":\"ImageObject\",\"inLanguage\":\"fr-FR\",\"@id\":\"https:\\\/\\\/saudi-gift.com\\\/product\\\/%d9%83%d9%88%d8%a8-%d8%a7%d9%84%d9%82%d9%87%d9%88%d8%a9-%d8%a7%d9%84%d9%85%d8%b1%d8%ad-%d8%aa%d8%b5%d9%85%d9%8a%d9%85-%d8%a7%d9%84%d8%ae%d8%b7-%d8%a7%d9%84%d8%b9%d8%b1%d8%a8%d9%8a\\\/#primaryimage\",\"url\":\"https:\\\/\\\/saudi-gift.com\\\/wp-content\\\/uploads\\\/2025\\\/01\\\/7901.webp\",\"contentUrl\":\"https:\\\/\\\/saudi-gift.com\\\/wp-content\\\/uploads\\\/2025\\\/01\\\/7901.webp\",\"width\":600,\"height\":600},{\"@type\":\"BreadcrumbList\",\"@id\":\"https:\\\/\\\/saudi-gift.com\\\/product\\\/%d9%83%d9%88%d8%a8-%d8%a7%d9%84%d9%82%d9%87%d9%88%d8%a9-%d8%a7%d9%84%d9%85%d8%b1%d8%ad-%d8%aa%d8%b5%d9%85%d9%8a%d9%85-%d8%a7%d9%84%d8%ae%d8%b7-%d8%a7%d9%84%d8%b9%d8%b1%d8%a8%d9%8a\\\/#breadcrumb\",\"itemListElement\":[{\"@type\":\"ListItem\",\"position\":1,\"name\":\"Home\",\"item\":\"https:\\\/\\\/saudi-gift.com\\\/fr\\\/\"},{\"@type\":\"ListItem\",\"position\":2,\"name\":\"Acheter\",\"item\":\"https:\\\/\\\/saudi-gift.com\\\/fr\\\/acheter\\\/\"},{\"@type\":\"ListItem\",\"position\":3,\"name\":\"Tasse \u00e0 caf\u00e9 amusante &#8211; Calligraphie arabe\"}]},{\"@type\":\"WebSite\",\"@id\":\"https:\\\/\\\/saudi-gift.com\\\/#website\",\"url\":\"https:\\\/\\\/saudi-gift.com\\\/\",\"name\":\"\u0647\u062f\u064a\u0629 \u0633\u0639\u0648\u062f\u064a\u0629\",\"description\":\"\u0647\u062f\u064a\u0629 \u0633\u0639\u0648\u062f\u064a\u0629 \u0645\u062a\u062c\u0631 \u0627\u0644\u0643\u062a\u0631\u0648\u0646\u064a \u064a\u0642\u062f\u0645 \u0644\u0643\u0645 \u0645\u062c\u0645\u0648\u0639\u0629 \u0645\u0646 \u0627\u0644\u0647\u062f\u0627\u064a\u0627 \u0627\u0644\u062a\u064a \u062a\u062c\u0633\u062f \u0639\u0628\u0642 \u0630\u0643\u0631\u064a\u0627\u062a\u0643\u0645 \u0641\u064a \u0627\u0644\u0645\u0634\u0627\u0639\u0631 \u0627\u0644\u0645\u0642\u062f\u0633\u0629\",\"publisher\":{\"@id\":\"https:\\\/\\\/saudi-gift.com\\\/#organization\"},\"alternateName\":\"\u0647\u062f\u064a\u0629 \u0633\u0639\u0648\u062f\u064a\u0629\",\"potentialAction\":[{\"@type\":\"SearchAction\",\"target\":{\"@type\":\"EntryPoint\",\"urlTemplate\":\"https:\\\/\\\/saudi-gift.com\\\/?s={search_term_string}\"},\"query-input\":{\"@type\":\"PropertyValueSpecification\",\"valueRequired\":true,\"valueName\":\"search_term_string\"}}],\"inLanguage\":\"fr-FR\"},{\"@type\":\"Organization\",\"@id\":\"https:\\\/\\\/saudi-gift.com\\\/#organization\",\"name\":\"\u0645\u062a\u062c\u0631 \u0627\u0644\u0647\u062f\u064a\u0629\",\"alternateName\":\"\u0647\u062f\u064a\u0629 \u0633\u0639\u0648\u062f\u064a\u0629\",\"url\":\"https:\\\/\\\/saudi-gift.com\\\/\",\"logo\":{\"@type\":\"ImageObject\",\"inLanguage\":\"fr-FR\",\"@id\":\"https:\\\/\\\/saudi-gift.com\\\/#\\\/schema\\\/logo\\\/image\\\/\",\"url\":\"https:\\\/\\\/saudi-gift.com\\\/wp-content\\\/uploads\\\/2025\\\/05\\\/2.png\",\"contentUrl\":\"https:\\\/\\\/saudi-gift.com\\\/wp-content\\\/uploads\\\/2025\\\/05\\\/2.png\",\"width\":163,\"height\":42,\"caption\":\"\u0645\u062a\u062c\u0631 \u0627\u0644\u0647\u062f\u064a\u0629\"},\"image\":{\"@id\":\"https:\\\/\\\/saudi-gift.com\\\/#\\\/schema\\\/logo\\\/image\\\/\"},\"sameAs\":[\"https:\\\/\\\/www.facebook.com\\\/profile.php?id=61560277649059&mibextid=LQQJ4d\",\"https:\\\/\\\/x.com\\\/saudigift_\"]}]}<\/script>\n<!-- \/ Yoast SEO Premium plugin. -->","yoast_head_json":{"title":"Tasse \u00e0 caf\u00e9 amusante - Calligraphie arabe - \u0647\u062f\u064a\u0629 \u0633\u0639\u0648\u062f\u064a\u0629","description":"\"Tasse \u00e0 caf\u00e9 de haute qualit\u00e9 avec calligraphie arabe\" \u00c9levez votre exp\u00e9rience de la boisson avec cette tasse \u00e0 caf\u00e9 luxueuse et \u00e9l\u00e9gante avec la calligraphie arabe \"Coffee and I are lovers\" (le caf\u00e9 et moi sommes amants). Cette tasse est parfaite pour conserver vos boissons chaudes ou froides \u00e0 leur meilleur niveau, avec un design qui allie luxe et praticit\u00e9.","robots":{"index":"index","follow":"follow","max-snippet":"max-snippet:-1","max-image-preview":"max-image-preview:large","max-video-preview":"max-video-preview:-1"},"canonical":"https:\/\/saudi-gift.com\/product\/\u0643\u0648\u0628-\u0627\u0644\u0642\u0647\u0648\u0629-\u0627\u0644\u0645\u0631\u062d-\u062a\u0635\u0645\u064a\u0645-\u0627\u0644\u062e\u0637-\u0627\u0644\u0639\u0631\u0628\u064a\/","og_locale":"fr_FR","og_type":"article","og_title":"Tasse \u00e0 caf\u00e9 amusante - Calligraphie arabe","og_description":"\"Tasse \u00e0 caf\u00e9 de haute qualit\u00e9 avec calligraphie arabe\" \u00c9levez votre exp\u00e9rience de la boisson avec cette tasse \u00e0 caf\u00e9 luxueuse et \u00e9l\u00e9gante avec la calligraphie arabe \"Coffee and I are lovers\" (le caf\u00e9 et moi sommes amants). Cette tasse est parfaite pour conserver vos boissons chaudes ou froides \u00e0 leur meilleur niveau, avec un design qui allie luxe et praticit\u00e9.","og_url":"https:\/\/saudi-gift.com\/product\/\u0643\u0648\u0628-\u0627\u0644\u0642\u0647\u0648\u0629-\u0627\u0644\u0645\u0631\u062d-\u062a\u0635\u0645\u064a\u0645-\u0627\u0644\u062e\u0637-\u0627\u0644\u0639\u0631\u0628\u064a\/","og_site_name":"\u0647\u062f\u064a\u0629 \u0633\u0639\u0648\u062f\u064a\u0629","article_publisher":"https:\/\/www.facebook.com\/profile.php?id=61560277649059&mibextid=LQQJ4d","og_image":[{"width":600,"height":600,"url":"https:\/\/saudi-gift.com\/wp-content\/uploads\/2025\/01\/7901.webp","type":"image\/webp"}],"twitter_card":"summary_large_image","twitter_site":"@saudigift_","schema":{"@context":"https:\/\/schema.org","@graph":[{"@type":"WebPage","@id":"https:\/\/saudi-gift.com\/product\/%d9%83%d9%88%d8%a8-%d8%a7%d9%84%d9%82%d9%87%d9%88%d8%a9-%d8%a7%d9%84%d9%85%d8%b1%d8%ad-%d8%aa%d8%b5%d9%85%d9%8a%d9%85-%d8%a7%d9%84%d8%ae%d8%b7-%d8%a7%d9%84%d8%b9%d8%b1%d8%a8%d9%8a\/","url":"https:\/\/saudi-gift.com\/product\/%d9%83%d9%88%d8%a8-%d8%a7%d9%84%d9%82%d9%87%d9%88%d8%a9-%d8%a7%d9%84%d9%85%d8%b1%d8%ad-%d8%aa%d8%b5%d9%85%d9%8a%d9%85-%d8%a7%d9%84%d8%ae%d8%b7-%d8%a7%d9%84%d8%b9%d8%b1%d8%a8%d9%8a\/","name":"Tasse \u00e0 caf\u00e9 amusante - Calligraphie arabe - \u0647\u062f\u064a\u0629 \u0633\u0639\u0648\u062f\u064a\u0629","isPartOf":{"@id":"https:\/\/saudi-gift.com\/#website"},"primaryImageOfPage":{"@id":"https:\/\/saudi-gift.com\/product\/%d9%83%d9%88%d8%a8-%d8%a7%d9%84%d9%82%d9%87%d9%88%d8%a9-%d8%a7%d9%84%d9%85%d8%b1%d8%ad-%d8%aa%d8%b5%d9%85%d9%8a%d9%85-%d8%a7%d9%84%d8%ae%d8%b7-%d8%a7%d9%84%d8%b9%d8%b1%d8%a8%d9%8a\/#primaryimage"},"image":{"@id":"https:\/\/saudi-gift.com\/product\/%d9%83%d9%88%d8%a8-%d8%a7%d9%84%d9%82%d9%87%d9%88%d8%a9-%d8%a7%d9%84%d9%85%d8%b1%d8%ad-%d8%aa%d8%b5%d9%85%d9%8a%d9%85-%d8%a7%d9%84%d8%ae%d8%b7-%d8%a7%d9%84%d8%b9%d8%b1%d8%a8%d9%8a\/#primaryimage"},"thumbnailUrl":"https:\/\/saudi-gift.com\/wp-content\/uploads\/2025\/01\/7901.webp","datePublished":"2025-01-30T11:10:23+00:00","description":"\"Tasse \u00e0 caf\u00e9 de haute qualit\u00e9 avec calligraphie arabe\" \u00c9levez votre exp\u00e9rience de la boisson avec cette tasse \u00e0 caf\u00e9 luxueuse et \u00e9l\u00e9gante avec la calligraphie arabe \"Coffee and I are lovers\" (le caf\u00e9 et moi sommes amants). Cette tasse est parfaite pour conserver vos boissons chaudes ou froides \u00e0 leur meilleur niveau, avec un design qui allie luxe et praticit\u00e9.","breadcrumb":{"@id":"https:\/\/saudi-gift.com\/product\/%d9%83%d9%88%d8%a8-%d8%a7%d9%84%d9%82%d9%87%d9%88%d8%a9-%d8%a7%d9%84%d9%85%d8%b1%d8%ad-%d8%aa%d8%b5%d9%85%d9%8a%d9%85-%d8%a7%d9%84%d8%ae%d8%b7-%d8%a7%d9%84%d8%b9%d8%b1%d8%a8%d9%8a\/#breadcrumb"},"inLanguage":"fr-FR","potentialAction":[{"@type":"ReadAction","target":["https:\/\/saudi-gift.com\/product\/%d9%83%d9%88%d8%a8-%d8%a7%d9%84%d9%82%d9%87%d9%88%d8%a9-%d8%a7%d9%84%d9%85%d8%b1%d8%ad-%d8%aa%d8%b5%d9%85%d9%8a%d9%85-%d8%a7%d9%84%d8%ae%d8%b7-%d8%a7%d9%84%d8%b9%d8%b1%d8%a8%d9%8a\/"]}]},{"@type":"ImageObject","inLanguage":"fr-FR","@id":"https:\/\/saudi-gift.com\/product\/%d9%83%d9%88%d8%a8-%d8%a7%d9%84%d9%82%d9%87%d9%88%d8%a9-%d8%a7%d9%84%d9%85%d8%b1%d8%ad-%d8%aa%d8%b5%d9%85%d9%8a%d9%85-%d8%a7%d9%84%d8%ae%d8%b7-%d8%a7%d9%84%d8%b9%d8%b1%d8%a8%d9%8a\/#primaryimage","url":"https:\/\/saudi-gift.com\/wp-content\/uploads\/2025\/01\/7901.webp","contentUrl":"https:\/\/saudi-gift.com\/wp-content\/uploads\/2025\/01\/7901.webp","width":600,"height":600},{"@type":"BreadcrumbList","@id":"https:\/\/saudi-gift.com\/product\/%d9%83%d9%88%d8%a8-%d8%a7%d9%84%d9%82%d9%87%d9%88%d8%a9-%d8%a7%d9%84%d9%85%d8%b1%d8%ad-%d8%aa%d8%b5%d9%85%d9%8a%d9%85-%d8%a7%d9%84%d8%ae%d8%b7-%d8%a7%d9%84%d8%b9%d8%b1%d8%a8%d9%8a\/#breadcrumb","itemListElement":[{"@type":"ListItem","position":1,"name":"Home","item":"https:\/\/saudi-gift.com\/fr\/"},{"@type":"ListItem","position":2,"name":"Acheter","item":"https:\/\/saudi-gift.com\/fr\/acheter\/"},{"@type":"ListItem","position":3,"name":"Tasse \u00e0 caf\u00e9 amusante &#8211; Calligraphie arabe"}]},{"@type":"WebSite","@id":"https:\/\/saudi-gift.com\/#website","url":"https:\/\/saudi-gift.com\/","name":"\u0647\u062f\u064a\u0629 \u0633\u0639\u0648\u062f\u064a\u0629","description":"\u0647\u062f\u064a\u0629 \u0633\u0639\u0648\u062f\u064a\u0629 \u0645\u062a\u062c\u0631 \u0627\u0644\u0643\u062a\u0631\u0648\u0646\u064a \u064a\u0642\u062f\u0645 \u0644\u0643\u0645 \u0645\u062c\u0645\u0648\u0639\u0629 \u0645\u0646 \u0627\u0644\u0647\u062f\u0627\u064a\u0627 \u0627\u0644\u062a\u064a \u062a\u062c\u0633\u062f \u0639\u0628\u0642 \u0630\u0643\u0631\u064a\u0627\u062a\u0643\u0645 \u0641\u064a \u0627\u0644\u0645\u0634\u0627\u0639\u0631 \u0627\u0644\u0645\u0642\u062f\u0633\u0629","publisher":{"@id":"https:\/\/saudi-gift.com\/#organization"},"alternateName":"\u0647\u062f\u064a\u0629 \u0633\u0639\u0648\u062f\u064a\u0629","potentialAction":[{"@type":"SearchAction","target":{"@type":"EntryPoint","urlTemplate":"https:\/\/saudi-gift.com\/?s={search_term_string}"},"query-input":{"@type":"PropertyValueSpecification","valueRequired":true,"valueName":"search_term_string"}}],"inLanguage":"fr-FR"},{"@type":"Organization","@id":"https:\/\/saudi-gift.com\/#organization","name":"\u0645\u062a\u062c\u0631 \u0627\u0644\u0647\u062f\u064a\u0629","alternateName":"\u0647\u062f\u064a\u0629 \u0633\u0639\u0648\u062f\u064a\u0629","url":"https:\/\/saudi-gift.com\/","logo":{"@type":"ImageObject","inLanguage":"fr-FR","@id":"https:\/\/saudi-gift.com\/#\/schema\/logo\/image\/","url":"https:\/\/saudi-gift.com\/wp-content\/uploads\/2025\/05\/2.png","contentUrl":"https:\/\/saudi-gift.com\/wp-content\/uploads\/2025\/05\/2.png","width":163,"height":42,"caption":"\u0645\u062a\u062c\u0631 \u0627\u0644\u0647\u062f\u064a\u0629"},"image":{"@id":"https:\/\/saudi-gift.com\/#\/schema\/logo\/image\/"},"sameAs":["https:\/\/www.facebook.com\/profile.php?id=61560277649059&mibextid=LQQJ4d","https:\/\/x.com\/saudigift_"]}]}},"jetpack-related-posts":[],"_links":{"self":[{"href":"https:\/\/saudi-gift.com\/fr\/wp-json\/wp\/v2\/product\/51450","targetHints":{"allow":["GET"]}}],"collection":[{"href":"https:\/\/saudi-gift.com\/fr\/wp-json\/wp\/v2\/product"}],"about":[{"href":"https:\/\/saudi-gift.com\/fr\/wp-json\/wp\/v2\/types\/product"}],"replies":[{"embeddable":true,"href":"https:\/\/saudi-gift.com\/fr\/wp-json\/wp\/v2\/comments?post=51450"}],"version-history":[{"count":0,"href":"https:\/\/saudi-gift.com\/fr\/wp-json\/wp\/v2\/product\/51450\/revisions"}],"wp:featuredmedia":[{"embeddable":true,"href":"https:\/\/saudi-gift.com\/fr\/wp-json\/wp\/v2\/media\/43673"}],"wp:attachment":[{"href":"https:\/\/saudi-gift.com\/fr\/wp-json\/wp\/v2\/media?parent=51450"}],"wp:term":[{"taxonomy":"product_brand","embeddable":true,"href":"https:\/\/saudi-gift.com\/fr\/wp-json\/wp\/v2\/product_brand?post=51450"},{"taxonomy":"product_cat","embeddable":true,"href":"https:\/\/saudi-gift.com\/fr\/wp-json\/wp\/v2\/product_cat?post=51450"},{"taxonomy":"product_tag","embeddable":true,"href":"https:\/\/saudi-gift.com\/fr\/wp-json\/wp\/v2\/product_tag?post=51450"}],"curies":[{"name":"wp","href":"https:\/\/api.w.org\/{rel}","templated":true}]}}