{"id":51594,"date":"2025-01-30T15:42:12","date_gmt":"2025-01-30T12:42:12","guid":{"rendered":"https:\/\/saudi-gift.com\/product\/brosse-a-dents-classique-smart-smart-pour-adultes-transparent-classic-shape-aqua\/"},"modified":"2025-01-30T15:42:12","modified_gmt":"2025-01-30T12:42:12","slug":"brosse-a-dents-classique-smart-smart-pour-adultes-transparent-classic-shape-aqua","status":"publish","type":"product","link":"https:\/\/saudi-gift.com\/fr\/produit\/brosse-a-dents-classique-smart-smart-pour-adultes-transparent-classic-shape-aqua\/","title":{"rendered":"Brosse \u00e0 dents classique Smart Smart pour adultes Transparent Classic Shape (Aqua)"},"content":{"rendered":"<div>Brosse \u00e0 dents classique Smart Smart pour adultes Transparent Classic Shape (Aqua)<\/div>\n<div>Il a une grande capacit\u00e9 \u00e0 \u00e9liminer les d\u00e9p\u00f4ts et a \u00e9t\u00e9 s\u00e9lectionn\u00e9 par une universit\u00e9 dentaire au Japon, prouvant son efficacit\u00e9 sans dentifrice. Il poss\u00e8de des cils pro\u00e9minents qui p\u00e9n\u00e8trent entre les poches des dents et \u00e9liminent les d\u00e9p\u00f4ts avec une grande efficacit\u00e9. <\/div>\n<p><strong><\/p>\n<p>Manche classique transparent \/ Manche classique textur\u00e9 Cache-t\u00eate transparent \/ Cache pour le prot\u00e9ger des intemp\u00e9ries Franges pro\u00e9minentes pour un nettoyage en profondeur<\/strong><\/p>\n","protected":false},"excerpt":{"rendered":"<p><strong>\u00ab\u00a0Pr\u00e9parez-vous \u00e0 une nouvelle routine de soins bucco-dentaires avec la brosse classique Smart Miswak. Elle nettoie efficacement vos dents gr\u00e2ce \u00e0 son design innovant qui vous permet d&rsquo;atteindre les endroits les plus difficiles.   <\/strong><\/p>\n","protected":false},"featured_media":43802,"comment_status":"open","ping_status":"closed","template":"","meta":[],"product_brand":[],"product_cat":[132],"product_tag":[2274,2244,1282],"class_list":{"0":"post-51594","1":"product","2":"type-product","3":"status-publish","4":"has-post-thumbnail","6":"product_cat-made-in-medina","7":"product_tag--fr","9":"product_tag-_-fr","11":"first","12":"instock","13":"shipping-taxable","14":"purchasable","15":"product-type-simple"},"yoast_head":"<!-- This site is optimized with the Yoast SEO Premium plugin v27.2 (Yoast SEO v27.3) - https:\/\/yoast.com\/product\/yoast-seo-premium-wordpress\/ -->\n<title>Brosse \u00e0 dents classique Smart Smart pour adultes Transparent Classic Shape (Aqua) - \u0647\u062f\u064a\u0629 \u0633\u0639\u0648\u062f\u064a\u0629<\/title>\n<meta name=\"robots\" content=\"index, follow, max-snippet:-1, max-image-preview:large, max-video-preview:-1\" \/>\n<link rel=\"canonical\" href=\"https:\/\/saudi-gift.com\/fr\/product\/brosse-a-dents-classique-smart-smart-pour-adultes-transparent-classic-shape-aqua\/\" \/>\n<meta property=\"og:locale\" content=\"fr_FR\" \/>\n<meta property=\"og:type\" content=\"article\" \/>\n<meta property=\"og:title\" content=\"Brosse \u00e0 dents classique Smart Smart pour adultes Transparent Classic Shape (Aqua)\" \/>\n<meta property=\"og:description\" content=\"&quot;Pr\u00e9parez-vous \u00e0 une nouvelle routine de soins bucco-dentaires avec la brosse classique Smart Miswak. Elle nettoie efficacement vos dents gr\u00e2ce \u00e0 son design innovant qui vous permet d&#039;atteindre les endroits les plus difficiles.\" \/>\n<meta property=\"og:url\" content=\"https:\/\/saudi-gift.com\/fr\/product\/brosse-a-dents-classique-smart-smart-pour-adultes-transparent-classic-shape-aqua\/\" \/>\n<meta property=\"og:site_name\" content=\"\u0647\u062f\u064a\u0629 \u0633\u0639\u0648\u062f\u064a\u0629\" \/>\n<meta property=\"article:publisher\" content=\"https:\/\/www.facebook.com\/profile.php?id=61560277649059&amp;mibextid=LQQJ4d\" \/>\n<meta property=\"og:image\" content=\"https:\/\/saudi-gift.com\/wp-content\/uploads\/2025\/01\/57905e7d-3c73-4e84-b9e1-9b25072aaa45-thumbnail-1000x1000-70.webp\" \/>\n\t<meta property=\"og:image:width\" content=\"600\" \/>\n\t<meta property=\"og:image:height\" content=\"600\" \/>\n\t<meta property=\"og:image:type\" content=\"image\/webp\" \/>\n<meta name=\"twitter:card\" content=\"summary_large_image\" \/>\n<meta name=\"twitter:site\" content=\"@saudigift_\" \/>\n<script type=\"application\/ld+json\" class=\"yoast-schema-graph\">{\"@context\":\"https:\\\/\\\/schema.org\",\"@graph\":[{\"@type\":\"WebPage\",\"@id\":\"https:\\\/\\\/saudi-gift.com\\\/fr\\\/product\\\/brosse-a-dents-classique-smart-smart-pour-adultes-transparent-classic-shape-aqua\\\/\",\"url\":\"https:\\\/\\\/saudi-gift.com\\\/fr\\\/product\\\/brosse-a-dents-classique-smart-smart-pour-adultes-transparent-classic-shape-aqua\\\/\",\"name\":\"Brosse \u00e0 dents classique Smart Smart pour adultes Transparent Classic Shape (Aqua) - \u0647\u062f\u064a\u0629 \u0633\u0639\u0648\u062f\u064a\u0629\",\"isPartOf\":{\"@id\":\"https:\\\/\\\/saudi-gift.com\\\/#website\"},\"primaryImageOfPage\":{\"@id\":\"https:\\\/\\\/saudi-gift.com\\\/fr\\\/product\\\/brosse-a-dents-classique-smart-smart-pour-adultes-transparent-classic-shape-aqua\\\/#primaryimage\"},\"image\":{\"@id\":\"https:\\\/\\\/saudi-gift.com\\\/fr\\\/product\\\/brosse-a-dents-classique-smart-smart-pour-adultes-transparent-classic-shape-aqua\\\/#primaryimage\"},\"thumbnailUrl\":\"https:\\\/\\\/saudi-gift.com\\\/wp-content\\\/uploads\\\/2025\\\/01\\\/57905e7d-3c73-4e84-b9e1-9b25072aaa45-thumbnail-1000x1000-70.webp\",\"datePublished\":\"2025-01-30T12:42:12+00:00\",\"breadcrumb\":{\"@id\":\"https:\\\/\\\/saudi-gift.com\\\/fr\\\/product\\\/brosse-a-dents-classique-smart-smart-pour-adultes-transparent-classic-shape-aqua\\\/#breadcrumb\"},\"inLanguage\":\"fr-FR\",\"potentialAction\":[{\"@type\":\"ReadAction\",\"target\":[\"https:\\\/\\\/saudi-gift.com\\\/fr\\\/product\\\/brosse-a-dents-classique-smart-smart-pour-adultes-transparent-classic-shape-aqua\\\/\"]}]},{\"@type\":\"ImageObject\",\"inLanguage\":\"fr-FR\",\"@id\":\"https:\\\/\\\/saudi-gift.com\\\/fr\\\/product\\\/brosse-a-dents-classique-smart-smart-pour-adultes-transparent-classic-shape-aqua\\\/#primaryimage\",\"url\":\"https:\\\/\\\/saudi-gift.com\\\/wp-content\\\/uploads\\\/2025\\\/01\\\/57905e7d-3c73-4e84-b9e1-9b25072aaa45-thumbnail-1000x1000-70.webp\",\"contentUrl\":\"https:\\\/\\\/saudi-gift.com\\\/wp-content\\\/uploads\\\/2025\\\/01\\\/57905e7d-3c73-4e84-b9e1-9b25072aaa45-thumbnail-1000x1000-70.webp\",\"width\":600,\"height\":600},{\"@type\":\"BreadcrumbList\",\"@id\":\"https:\\\/\\\/saudi-gift.com\\\/fr\\\/product\\\/brosse-a-dents-classique-smart-smart-pour-adultes-transparent-classic-shape-aqua\\\/#breadcrumb\",\"itemListElement\":[{\"@type\":\"ListItem\",\"position\":1,\"name\":\"Home\",\"item\":\"https:\\\/\\\/saudi-gift.com\\\/fr\\\/\"},{\"@type\":\"ListItem\",\"position\":2,\"name\":\"Acheter\",\"item\":\"https:\\\/\\\/saudi-gift.com\\\/fr\\\/acheter\\\/\"},{\"@type\":\"ListItem\",\"position\":3,\"name\":\"Brosse \u00e0 dents classique Smart Smart pour adultes Transparent Classic Shape (Aqua)\"}]},{\"@type\":\"WebSite\",\"@id\":\"https:\\\/\\\/saudi-gift.com\\\/#website\",\"url\":\"https:\\\/\\\/saudi-gift.com\\\/\",\"name\":\"\u0647\u062f\u064a\u0629 \u0633\u0639\u0648\u062f\u064a\u0629\",\"description\":\"\u0647\u062f\u064a\u0629 \u0633\u0639\u0648\u062f\u064a\u0629 \u0645\u062a\u062c\u0631 \u0627\u0644\u0643\u062a\u0631\u0648\u0646\u064a \u064a\u0642\u062f\u0645 \u0644\u0643\u0645 \u0645\u062c\u0645\u0648\u0639\u0629 \u0645\u0646 \u0627\u0644\u0647\u062f\u0627\u064a\u0627 \u0627\u0644\u062a\u064a \u062a\u062c\u0633\u062f \u0639\u0628\u0642 \u0630\u0643\u0631\u064a\u0627\u062a\u0643\u0645 \u0641\u064a \u0627\u0644\u0645\u0634\u0627\u0639\u0631 \u0627\u0644\u0645\u0642\u062f\u0633\u0629\",\"publisher\":{\"@id\":\"https:\\\/\\\/saudi-gift.com\\\/#organization\"},\"alternateName\":\"\u0647\u062f\u064a\u0629 \u0633\u0639\u0648\u062f\u064a\u0629\",\"potentialAction\":[{\"@type\":\"SearchAction\",\"target\":{\"@type\":\"EntryPoint\",\"urlTemplate\":\"https:\\\/\\\/saudi-gift.com\\\/?s={search_term_string}\"},\"query-input\":{\"@type\":\"PropertyValueSpecification\",\"valueRequired\":true,\"valueName\":\"search_term_string\"}}],\"inLanguage\":\"fr-FR\"},{\"@type\":\"Organization\",\"@id\":\"https:\\\/\\\/saudi-gift.com\\\/#organization\",\"name\":\"\u0645\u062a\u062c\u0631 \u0627\u0644\u0647\u062f\u064a\u0629\",\"alternateName\":\"\u0647\u062f\u064a\u0629 \u0633\u0639\u0648\u062f\u064a\u0629\",\"url\":\"https:\\\/\\\/saudi-gift.com\\\/\",\"logo\":{\"@type\":\"ImageObject\",\"inLanguage\":\"fr-FR\",\"@id\":\"https:\\\/\\\/saudi-gift.com\\\/#\\\/schema\\\/logo\\\/image\\\/\",\"url\":\"https:\\\/\\\/saudi-gift.com\\\/wp-content\\\/uploads\\\/2025\\\/05\\\/2.png\",\"contentUrl\":\"https:\\\/\\\/saudi-gift.com\\\/wp-content\\\/uploads\\\/2025\\\/05\\\/2.png\",\"width\":163,\"height\":42,\"caption\":\"\u0645\u062a\u062c\u0631 \u0627\u0644\u0647\u062f\u064a\u0629\"},\"image\":{\"@id\":\"https:\\\/\\\/saudi-gift.com\\\/#\\\/schema\\\/logo\\\/image\\\/\"},\"sameAs\":[\"https:\\\/\\\/www.facebook.com\\\/profile.php?id=61560277649059&mibextid=LQQJ4d\",\"https:\\\/\\\/x.com\\\/saudigift_\"]}]}<\/script>\n<!-- \/ Yoast SEO Premium plugin. -->","yoast_head_json":{"title":"Brosse \u00e0 dents classique Smart Smart pour adultes Transparent Classic Shape (Aqua) - \u0647\u062f\u064a\u0629 \u0633\u0639\u0648\u062f\u064a\u0629","robots":{"index":"index","follow":"follow","max-snippet":"max-snippet:-1","max-image-preview":"max-image-preview:large","max-video-preview":"max-video-preview:-1"},"canonical":"https:\/\/saudi-gift.com\/fr\/product\/brosse-a-dents-classique-smart-smart-pour-adultes-transparent-classic-shape-aqua\/","og_locale":"fr_FR","og_type":"article","og_title":"Brosse \u00e0 dents classique Smart Smart pour adultes Transparent Classic Shape (Aqua)","og_description":"\"Pr\u00e9parez-vous \u00e0 une nouvelle routine de soins bucco-dentaires avec la brosse classique Smart Miswak. Elle nettoie efficacement vos dents gr\u00e2ce \u00e0 son design innovant qui vous permet d'atteindre les endroits les plus difficiles.","og_url":"https:\/\/saudi-gift.com\/fr\/product\/brosse-a-dents-classique-smart-smart-pour-adultes-transparent-classic-shape-aqua\/","og_site_name":"\u0647\u062f\u064a\u0629 \u0633\u0639\u0648\u062f\u064a\u0629","article_publisher":"https:\/\/www.facebook.com\/profile.php?id=61560277649059&mibextid=LQQJ4d","og_image":[{"width":600,"height":600,"url":"https:\/\/saudi-gift.com\/wp-content\/uploads\/2025\/01\/57905e7d-3c73-4e84-b9e1-9b25072aaa45-thumbnail-1000x1000-70.webp","type":"image\/webp"}],"twitter_card":"summary_large_image","twitter_site":"@saudigift_","schema":{"@context":"https:\/\/schema.org","@graph":[{"@type":"WebPage","@id":"https:\/\/saudi-gift.com\/fr\/product\/brosse-a-dents-classique-smart-smart-pour-adultes-transparent-classic-shape-aqua\/","url":"https:\/\/saudi-gift.com\/fr\/product\/brosse-a-dents-classique-smart-smart-pour-adultes-transparent-classic-shape-aqua\/","name":"Brosse \u00e0 dents classique Smart Smart pour adultes Transparent Classic Shape (Aqua) - \u0647\u062f\u064a\u0629 \u0633\u0639\u0648\u062f\u064a\u0629","isPartOf":{"@id":"https:\/\/saudi-gift.com\/#website"},"primaryImageOfPage":{"@id":"https:\/\/saudi-gift.com\/fr\/product\/brosse-a-dents-classique-smart-smart-pour-adultes-transparent-classic-shape-aqua\/#primaryimage"},"image":{"@id":"https:\/\/saudi-gift.com\/fr\/product\/brosse-a-dents-classique-smart-smart-pour-adultes-transparent-classic-shape-aqua\/#primaryimage"},"thumbnailUrl":"https:\/\/saudi-gift.com\/wp-content\/uploads\/2025\/01\/57905e7d-3c73-4e84-b9e1-9b25072aaa45-thumbnail-1000x1000-70.webp","datePublished":"2025-01-30T12:42:12+00:00","breadcrumb":{"@id":"https:\/\/saudi-gift.com\/fr\/product\/brosse-a-dents-classique-smart-smart-pour-adultes-transparent-classic-shape-aqua\/#breadcrumb"},"inLanguage":"fr-FR","potentialAction":[{"@type":"ReadAction","target":["https:\/\/saudi-gift.com\/fr\/product\/brosse-a-dents-classique-smart-smart-pour-adultes-transparent-classic-shape-aqua\/"]}]},{"@type":"ImageObject","inLanguage":"fr-FR","@id":"https:\/\/saudi-gift.com\/fr\/product\/brosse-a-dents-classique-smart-smart-pour-adultes-transparent-classic-shape-aqua\/#primaryimage","url":"https:\/\/saudi-gift.com\/wp-content\/uploads\/2025\/01\/57905e7d-3c73-4e84-b9e1-9b25072aaa45-thumbnail-1000x1000-70.webp","contentUrl":"https:\/\/saudi-gift.com\/wp-content\/uploads\/2025\/01\/57905e7d-3c73-4e84-b9e1-9b25072aaa45-thumbnail-1000x1000-70.webp","width":600,"height":600},{"@type":"BreadcrumbList","@id":"https:\/\/saudi-gift.com\/fr\/product\/brosse-a-dents-classique-smart-smart-pour-adultes-transparent-classic-shape-aqua\/#breadcrumb","itemListElement":[{"@type":"ListItem","position":1,"name":"Home","item":"https:\/\/saudi-gift.com\/fr\/"},{"@type":"ListItem","position":2,"name":"Acheter","item":"https:\/\/saudi-gift.com\/fr\/acheter\/"},{"@type":"ListItem","position":3,"name":"Brosse \u00e0 dents classique Smart Smart pour adultes Transparent Classic Shape (Aqua)"}]},{"@type":"WebSite","@id":"https:\/\/saudi-gift.com\/#website","url":"https:\/\/saudi-gift.com\/","name":"\u0647\u062f\u064a\u0629 \u0633\u0639\u0648\u062f\u064a\u0629","description":"\u0647\u062f\u064a\u0629 \u0633\u0639\u0648\u062f\u064a\u0629 \u0645\u062a\u062c\u0631 \u0627\u0644\u0643\u062a\u0631\u0648\u0646\u064a \u064a\u0642\u062f\u0645 \u0644\u0643\u0645 \u0645\u062c\u0645\u0648\u0639\u0629 \u0645\u0646 \u0627\u0644\u0647\u062f\u0627\u064a\u0627 \u0627\u0644\u062a\u064a \u062a\u062c\u0633\u062f \u0639\u0628\u0642 \u0630\u0643\u0631\u064a\u0627\u062a\u0643\u0645 \u0641\u064a \u0627\u0644\u0645\u0634\u0627\u0639\u0631 \u0627\u0644\u0645\u0642\u062f\u0633\u0629","publisher":{"@id":"https:\/\/saudi-gift.com\/#organization"},"alternateName":"\u0647\u062f\u064a\u0629 \u0633\u0639\u0648\u062f\u064a\u0629","potentialAction":[{"@type":"SearchAction","target":{"@type":"EntryPoint","urlTemplate":"https:\/\/saudi-gift.com\/?s={search_term_string}"},"query-input":{"@type":"PropertyValueSpecification","valueRequired":true,"valueName":"search_term_string"}}],"inLanguage":"fr-FR"},{"@type":"Organization","@id":"https:\/\/saudi-gift.com\/#organization","name":"\u0645\u062a\u062c\u0631 \u0627\u0644\u0647\u062f\u064a\u0629","alternateName":"\u0647\u062f\u064a\u0629 \u0633\u0639\u0648\u062f\u064a\u0629","url":"https:\/\/saudi-gift.com\/","logo":{"@type":"ImageObject","inLanguage":"fr-FR","@id":"https:\/\/saudi-gift.com\/#\/schema\/logo\/image\/","url":"https:\/\/saudi-gift.com\/wp-content\/uploads\/2025\/05\/2.png","contentUrl":"https:\/\/saudi-gift.com\/wp-content\/uploads\/2025\/05\/2.png","width":163,"height":42,"caption":"\u0645\u062a\u062c\u0631 \u0627\u0644\u0647\u062f\u064a\u0629"},"image":{"@id":"https:\/\/saudi-gift.com\/#\/schema\/logo\/image\/"},"sameAs":["https:\/\/www.facebook.com\/profile.php?id=61560277649059&mibextid=LQQJ4d","https:\/\/x.com\/saudigift_"]}]}},"jetpack-related-posts":[],"_links":{"self":[{"href":"https:\/\/saudi-gift.com\/fr\/wp-json\/wp\/v2\/product\/51594","targetHints":{"allow":["GET"]}}],"collection":[{"href":"https:\/\/saudi-gift.com\/fr\/wp-json\/wp\/v2\/product"}],"about":[{"href":"https:\/\/saudi-gift.com\/fr\/wp-json\/wp\/v2\/types\/product"}],"replies":[{"embeddable":true,"href":"https:\/\/saudi-gift.com\/fr\/wp-json\/wp\/v2\/comments?post=51594"}],"version-history":[{"count":0,"href":"https:\/\/saudi-gift.com\/fr\/wp-json\/wp\/v2\/product\/51594\/revisions"}],"wp:featuredmedia":[{"embeddable":true,"href":"https:\/\/saudi-gift.com\/fr\/wp-json\/wp\/v2\/media\/43802"}],"wp:attachment":[{"href":"https:\/\/saudi-gift.com\/fr\/wp-json\/wp\/v2\/media?parent=51594"}],"wp:term":[{"taxonomy":"product_brand","embeddable":true,"href":"https:\/\/saudi-gift.com\/fr\/wp-json\/wp\/v2\/product_brand?post=51594"},{"taxonomy":"product_cat","embeddable":true,"href":"https:\/\/saudi-gift.com\/fr\/wp-json\/wp\/v2\/product_cat?post=51594"},{"taxonomy":"product_tag","embeddable":true,"href":"https:\/\/saudi-gift.com\/fr\/wp-json\/wp\/v2\/product_tag?post=51594"}],"curies":[{"name":"wp","href":"https:\/\/api.w.org\/{rel}","templated":true}]}}