{"id":51615,"date":"2025-01-30T15:26:27","date_gmt":"2025-01-30T12:26:27","guid":{"rendered":"https:\/\/saudi-gift.com\/product\/smart-luxury-miswak-brush-avec-manche-en-caoutchouc-flexible-blanc\/"},"modified":"2025-01-30T15:26:27","modified_gmt":"2025-01-30T12:26:27","slug":"smart-luxury-miswak-brush-avec-manche-en-caoutchouc-flexible-blanc","status":"publish","type":"product","link":"https:\/\/saudi-gift.com\/fr\/produit\/smart-luxury-miswak-brush-avec-manche-en-caoutchouc-flexible-blanc\/","title":{"rendered":"Smart Luxury Miswak Brush avec manche en caoutchouc flexible (blanc)"},"content":{"rendered":"<div style=\"text-align: right;\">Smart Luxury Miswak Brush avec manche en caoutchouc flexible (blanc)<\/div>\n<div style=\"text-align: right;\">\nIl se caract\u00e9rise par une grande capacit\u00e9 \u00e0 \u00e9liminer les d\u00e9p\u00f4ts et a \u00e9t\u00e9 test\u00e9 dans une universit\u00e9 dentaire au Japon, o\u00f9 il s&rsquo;est av\u00e9r\u00e9 efficace sans dentifrice. Il contient \u00e9galement des cils pro\u00e9minents qui p\u00e9n\u00e8trent entre les poches des dents et \u00e9liminent les d\u00e9p\u00f4ts avec une grande efficacit\u00e9.<\/div>\n<div style=\"text-align: right;\"><\/div>\n<div style=\"text-align: right;\"><strong><br \/>\n<\/strong><\/p>\n<p>C<strong>aract\u00e9ristiques sp\u00e9ciales de la<\/strong> t\u00eate de <strong><strong>brosse Luxury Smart Miswak<\/strong> con\u00e7ue pour atteindre les zones les plus recul\u00e9es Manche souple en caoutchouc \/ offre flexibilit\u00e9 et s\u00e9curit\u00e9 antid\u00e9rapante. La t\u00eate large vous offre une exp\u00e9rience unique lors du brossage. Comprend des cils pro\u00e9minents pour un nettoyage en profondeur.<\/strong><\/div>\n","protected":false},"excerpt":{"rendered":"<p><b>Faites du brossage de vos dents une exp\u00e9rience inoubliable gr\u00e2ce \u00e0 cette luxueuse brosse \u00e0 dents intelligente. Con\u00e7ue avec soin au Japon et test\u00e9e \u00e0 l&rsquo;Universit\u00e9 dentaire de Kanegawa, elle permet un nettoyage en profondeur de vos dents. Essayez-la d\u00e8s aujourd&rsquo;hui et vous verrez la diff\u00e9rence.   <\/b><\/p>\n","protected":false},"featured_media":43850,"comment_status":"open","ping_status":"closed","template":"","meta":[],"product_brand":[],"product_cat":[132],"product_tag":[2274,2244,1282],"class_list":{"0":"post-51615","1":"product","2":"type-product","3":"status-publish","4":"has-post-thumbnail","6":"product_cat-made-in-medina","7":"product_tag--fr","9":"product_tag-_-fr","11":"first","12":"instock","13":"shipping-taxable","14":"purchasable","15":"product-type-simple"},"yoast_head":"<!-- This site is optimized with the Yoast SEO Premium plugin v27.2 (Yoast SEO v27.3) - https:\/\/yoast.com\/product\/yoast-seo-premium-wordpress\/ -->\n<title>Smart Luxury Miswak Brush avec manche en caoutchouc flexible (blanc) - \u0647\u062f\u064a\u0629 \u0633\u0639\u0648\u062f\u064a\u0629<\/title>\n<meta name=\"robots\" content=\"index, follow, max-snippet:-1, max-image-preview:large, max-video-preview:-1\" \/>\n<link rel=\"canonical\" href=\"https:\/\/saudi-gift.com\/product\/\u0641\u0631\u0634\u0627\u0629-\u0645\u0633\u0648\u0627\u0643-\u0627\u0644\u0630\u0643\u064a\u0629-\u0627\u0644\u0641\u0627\u062e\u0631\u0629-\u0628\u0645\u0642\u0628\u0636-\u0645\u0637\u0627\u0637\/\" \/>\n<meta property=\"og:locale\" content=\"fr_FR\" \/>\n<meta property=\"og:type\" content=\"article\" \/>\n<meta property=\"og:title\" content=\"Smart Luxury Miswak Brush avec manche en caoutchouc flexible (blanc)\" \/>\n<meta property=\"og:description\" content=\"Faites du brossage de vos dents une exp\u00e9rience inoubliable gr\u00e2ce \u00e0 cette luxueuse brosse \u00e0 dents intelligente. Con\u00e7ue avec soin au Japon et test\u00e9e \u00e0 l&#039;Universit\u00e9 dentaire de Kanegawa, elle permet un nettoyage en profondeur de vos dents. Essayez-la d\u00e8s aujourd&#039;hui et vous verrez la diff\u00e9rence.\" \/>\n<meta property=\"og:url\" content=\"https:\/\/saudi-gift.com\/product\/\u0641\u0631\u0634\u0627\u0629-\u0645\u0633\u0648\u0627\u0643-\u0627\u0644\u0630\u0643\u064a\u0629-\u0627\u0644\u0641\u0627\u062e\u0631\u0629-\u0628\u0645\u0642\u0628\u0636-\u0645\u0637\u0627\u0637\/\" \/>\n<meta property=\"og:site_name\" content=\"\u0647\u062f\u064a\u0629 \u0633\u0639\u0648\u062f\u064a\u0629\" \/>\n<meta property=\"article:publisher\" content=\"https:\/\/www.facebook.com\/profile.php?id=61560277649059&amp;mibextid=LQQJ4d\" \/>\n<meta property=\"og:image\" content=\"https:\/\/saudi-gift.com\/wp-content\/uploads\/2025\/01\/af72d749-29ea-4da8-80ad-61082ad8b24a-1.webp\" \/>\n\t<meta property=\"og:image:width\" content=\"600\" \/>\n\t<meta property=\"og:image:height\" content=\"600\" \/>\n\t<meta property=\"og:image:type\" content=\"image\/webp\" \/>\n<meta name=\"twitter:card\" content=\"summary_large_image\" \/>\n<meta name=\"twitter:site\" content=\"@saudigift_\" \/>\n<meta name=\"twitter:label1\" content=\"Dur\u00e9e de lecture estim\u00e9e\" \/>\n\t<meta name=\"twitter:data1\" content=\"1 minute\" \/>\n<script type=\"application\/ld+json\" class=\"yoast-schema-graph\">{\"@context\":\"https:\\\/\\\/schema.org\",\"@graph\":[{\"@type\":\"WebPage\",\"@id\":\"https:\\\/\\\/saudi-gift.com\\\/product\\\/%d9%81%d8%b1%d8%b4%d8%a7%d8%a9-%d9%85%d8%b3%d9%88%d8%a7%d9%83-%d8%a7%d9%84%d8%b0%d9%83%d9%8a%d8%a9-%d8%a7%d9%84%d9%81%d8%a7%d8%ae%d8%b1%d8%a9-%d8%a8%d9%85%d9%82%d8%a8%d8%b6-%d9%85%d8%b7%d8%a7%d8%b7\\\/\",\"url\":\"https:\\\/\\\/saudi-gift.com\\\/product\\\/%d9%81%d8%b1%d8%b4%d8%a7%d8%a9-%d9%85%d8%b3%d9%88%d8%a7%d9%83-%d8%a7%d9%84%d8%b0%d9%83%d9%8a%d8%a9-%d8%a7%d9%84%d9%81%d8%a7%d8%ae%d8%b1%d8%a9-%d8%a8%d9%85%d9%82%d8%a8%d8%b6-%d9%85%d8%b7%d8%a7%d8%b7\\\/\",\"name\":\"Smart Luxury Miswak Brush avec manche en caoutchouc flexible (blanc) - \u0647\u062f\u064a\u0629 \u0633\u0639\u0648\u062f\u064a\u0629\",\"isPartOf\":{\"@id\":\"https:\\\/\\\/saudi-gift.com\\\/#website\"},\"primaryImageOfPage\":{\"@id\":\"https:\\\/\\\/saudi-gift.com\\\/product\\\/%d9%81%d8%b1%d8%b4%d8%a7%d8%a9-%d9%85%d8%b3%d9%88%d8%a7%d9%83-%d8%a7%d9%84%d8%b0%d9%83%d9%8a%d8%a9-%d8%a7%d9%84%d9%81%d8%a7%d8%ae%d8%b1%d8%a9-%d8%a8%d9%85%d9%82%d8%a8%d8%b6-%d9%85%d8%b7%d8%a7%d8%b7\\\/#primaryimage\"},\"image\":{\"@id\":\"https:\\\/\\\/saudi-gift.com\\\/product\\\/%d9%81%d8%b1%d8%b4%d8%a7%d8%a9-%d9%85%d8%b3%d9%88%d8%a7%d9%83-%d8%a7%d9%84%d8%b0%d9%83%d9%8a%d8%a9-%d8%a7%d9%84%d9%81%d8%a7%d8%ae%d8%b1%d8%a9-%d8%a8%d9%85%d9%82%d8%a8%d8%b6-%d9%85%d8%b7%d8%a7%d8%b7\\\/#primaryimage\"},\"thumbnailUrl\":\"https:\\\/\\\/saudi-gift.com\\\/wp-content\\\/uploads\\\/2025\\\/01\\\/af72d749-29ea-4da8-80ad-61082ad8b24a-1.webp\",\"datePublished\":\"2025-01-30T12:26:27+00:00\",\"breadcrumb\":{\"@id\":\"https:\\\/\\\/saudi-gift.com\\\/product\\\/%d9%81%d8%b1%d8%b4%d8%a7%d8%a9-%d9%85%d8%b3%d9%88%d8%a7%d9%83-%d8%a7%d9%84%d8%b0%d9%83%d9%8a%d8%a9-%d8%a7%d9%84%d9%81%d8%a7%d8%ae%d8%b1%d8%a9-%d8%a8%d9%85%d9%82%d8%a8%d8%b6-%d9%85%d8%b7%d8%a7%d8%b7\\\/#breadcrumb\"},\"inLanguage\":\"fr-FR\",\"potentialAction\":[{\"@type\":\"ReadAction\",\"target\":[\"https:\\\/\\\/saudi-gift.com\\\/product\\\/%d9%81%d8%b1%d8%b4%d8%a7%d8%a9-%d9%85%d8%b3%d9%88%d8%a7%d9%83-%d8%a7%d9%84%d8%b0%d9%83%d9%8a%d8%a9-%d8%a7%d9%84%d9%81%d8%a7%d8%ae%d8%b1%d8%a9-%d8%a8%d9%85%d9%82%d8%a8%d8%b6-%d9%85%d8%b7%d8%a7%d8%b7\\\/\"]}]},{\"@type\":\"ImageObject\",\"inLanguage\":\"fr-FR\",\"@id\":\"https:\\\/\\\/saudi-gift.com\\\/product\\\/%d9%81%d8%b1%d8%b4%d8%a7%d8%a9-%d9%85%d8%b3%d9%88%d8%a7%d9%83-%d8%a7%d9%84%d8%b0%d9%83%d9%8a%d8%a9-%d8%a7%d9%84%d9%81%d8%a7%d8%ae%d8%b1%d8%a9-%d8%a8%d9%85%d9%82%d8%a8%d8%b6-%d9%85%d8%b7%d8%a7%d8%b7\\\/#primaryimage\",\"url\":\"https:\\\/\\\/saudi-gift.com\\\/wp-content\\\/uploads\\\/2025\\\/01\\\/af72d749-29ea-4da8-80ad-61082ad8b24a-1.webp\",\"contentUrl\":\"https:\\\/\\\/saudi-gift.com\\\/wp-content\\\/uploads\\\/2025\\\/01\\\/af72d749-29ea-4da8-80ad-61082ad8b24a-1.webp\",\"width\":600,\"height\":600},{\"@type\":\"BreadcrumbList\",\"@id\":\"https:\\\/\\\/saudi-gift.com\\\/product\\\/%d9%81%d8%b1%d8%b4%d8%a7%d8%a9-%d9%85%d8%b3%d9%88%d8%a7%d9%83-%d8%a7%d9%84%d8%b0%d9%83%d9%8a%d8%a9-%d8%a7%d9%84%d9%81%d8%a7%d8%ae%d8%b1%d8%a9-%d8%a8%d9%85%d9%82%d8%a8%d8%b6-%d9%85%d8%b7%d8%a7%d8%b7\\\/#breadcrumb\",\"itemListElement\":[{\"@type\":\"ListItem\",\"position\":1,\"name\":\"Home\",\"item\":\"https:\\\/\\\/saudi-gift.com\\\/fr\\\/\"},{\"@type\":\"ListItem\",\"position\":2,\"name\":\"Acheter\",\"item\":\"https:\\\/\\\/saudi-gift.com\\\/fr\\\/acheter\\\/\"},{\"@type\":\"ListItem\",\"position\":3,\"name\":\"Smart Luxury Miswak Brush avec manche en caoutchouc flexible (blanc)\"}]},{\"@type\":\"WebSite\",\"@id\":\"https:\\\/\\\/saudi-gift.com\\\/#website\",\"url\":\"https:\\\/\\\/saudi-gift.com\\\/\",\"name\":\"\u0647\u062f\u064a\u0629 \u0633\u0639\u0648\u062f\u064a\u0629\",\"description\":\"\u0647\u062f\u064a\u0629 \u0633\u0639\u0648\u062f\u064a\u0629 \u0645\u062a\u062c\u0631 \u0627\u0644\u0643\u062a\u0631\u0648\u0646\u064a \u064a\u0642\u062f\u0645 \u0644\u0643\u0645 \u0645\u062c\u0645\u0648\u0639\u0629 \u0645\u0646 \u0627\u0644\u0647\u062f\u0627\u064a\u0627 \u0627\u0644\u062a\u064a \u062a\u062c\u0633\u062f \u0639\u0628\u0642 \u0630\u0643\u0631\u064a\u0627\u062a\u0643\u0645 \u0641\u064a \u0627\u0644\u0645\u0634\u0627\u0639\u0631 \u0627\u0644\u0645\u0642\u062f\u0633\u0629\",\"publisher\":{\"@id\":\"https:\\\/\\\/saudi-gift.com\\\/#organization\"},\"alternateName\":\"\u0647\u062f\u064a\u0629 \u0633\u0639\u0648\u062f\u064a\u0629\",\"potentialAction\":[{\"@type\":\"SearchAction\",\"target\":{\"@type\":\"EntryPoint\",\"urlTemplate\":\"https:\\\/\\\/saudi-gift.com\\\/?s={search_term_string}\"},\"query-input\":{\"@type\":\"PropertyValueSpecification\",\"valueRequired\":true,\"valueName\":\"search_term_string\"}}],\"inLanguage\":\"fr-FR\"},{\"@type\":\"Organization\",\"@id\":\"https:\\\/\\\/saudi-gift.com\\\/#organization\",\"name\":\"\u0645\u062a\u062c\u0631 \u0627\u0644\u0647\u062f\u064a\u0629\",\"alternateName\":\"\u0647\u062f\u064a\u0629 \u0633\u0639\u0648\u062f\u064a\u0629\",\"url\":\"https:\\\/\\\/saudi-gift.com\\\/\",\"logo\":{\"@type\":\"ImageObject\",\"inLanguage\":\"fr-FR\",\"@id\":\"https:\\\/\\\/saudi-gift.com\\\/#\\\/schema\\\/logo\\\/image\\\/\",\"url\":\"https:\\\/\\\/saudi-gift.com\\\/wp-content\\\/uploads\\\/2025\\\/05\\\/2.png\",\"contentUrl\":\"https:\\\/\\\/saudi-gift.com\\\/wp-content\\\/uploads\\\/2025\\\/05\\\/2.png\",\"width\":163,\"height\":42,\"caption\":\"\u0645\u062a\u062c\u0631 \u0627\u0644\u0647\u062f\u064a\u0629\"},\"image\":{\"@id\":\"https:\\\/\\\/saudi-gift.com\\\/#\\\/schema\\\/logo\\\/image\\\/\"},\"sameAs\":[\"https:\\\/\\\/www.facebook.com\\\/profile.php?id=61560277649059&mibextid=LQQJ4d\",\"https:\\\/\\\/x.com\\\/saudigift_\"]}]}<\/script>\n<!-- \/ Yoast SEO Premium plugin. -->","yoast_head_json":{"title":"Smart Luxury Miswak Brush avec manche en caoutchouc flexible (blanc) - \u0647\u062f\u064a\u0629 \u0633\u0639\u0648\u062f\u064a\u0629","robots":{"index":"index","follow":"follow","max-snippet":"max-snippet:-1","max-image-preview":"max-image-preview:large","max-video-preview":"max-video-preview:-1"},"canonical":"https:\/\/saudi-gift.com\/product\/\u0641\u0631\u0634\u0627\u0629-\u0645\u0633\u0648\u0627\u0643-\u0627\u0644\u0630\u0643\u064a\u0629-\u0627\u0644\u0641\u0627\u062e\u0631\u0629-\u0628\u0645\u0642\u0628\u0636-\u0645\u0637\u0627\u0637\/","og_locale":"fr_FR","og_type":"article","og_title":"Smart Luxury Miswak Brush avec manche en caoutchouc flexible (blanc)","og_description":"Faites du brossage de vos dents une exp\u00e9rience inoubliable gr\u00e2ce \u00e0 cette luxueuse brosse \u00e0 dents intelligente. Con\u00e7ue avec soin au Japon et test\u00e9e \u00e0 l'Universit\u00e9 dentaire de Kanegawa, elle permet un nettoyage en profondeur de vos dents. Essayez-la d\u00e8s aujourd'hui et vous verrez la diff\u00e9rence.","og_url":"https:\/\/saudi-gift.com\/product\/\u0641\u0631\u0634\u0627\u0629-\u0645\u0633\u0648\u0627\u0643-\u0627\u0644\u0630\u0643\u064a\u0629-\u0627\u0644\u0641\u0627\u062e\u0631\u0629-\u0628\u0645\u0642\u0628\u0636-\u0645\u0637\u0627\u0637\/","og_site_name":"\u0647\u062f\u064a\u0629 \u0633\u0639\u0648\u062f\u064a\u0629","article_publisher":"https:\/\/www.facebook.com\/profile.php?id=61560277649059&mibextid=LQQJ4d","og_image":[{"width":600,"height":600,"url":"https:\/\/saudi-gift.com\/wp-content\/uploads\/2025\/01\/af72d749-29ea-4da8-80ad-61082ad8b24a-1.webp","type":"image\/webp"}],"twitter_card":"summary_large_image","twitter_site":"@saudigift_","twitter_misc":{"Dur\u00e9e de lecture estim\u00e9e":"1 minute"},"schema":{"@context":"https:\/\/schema.org","@graph":[{"@type":"WebPage","@id":"https:\/\/saudi-gift.com\/product\/%d9%81%d8%b1%d8%b4%d8%a7%d8%a9-%d9%85%d8%b3%d9%88%d8%a7%d9%83-%d8%a7%d9%84%d8%b0%d9%83%d9%8a%d8%a9-%d8%a7%d9%84%d9%81%d8%a7%d8%ae%d8%b1%d8%a9-%d8%a8%d9%85%d9%82%d8%a8%d8%b6-%d9%85%d8%b7%d8%a7%d8%b7\/","url":"https:\/\/saudi-gift.com\/product\/%d9%81%d8%b1%d8%b4%d8%a7%d8%a9-%d9%85%d8%b3%d9%88%d8%a7%d9%83-%d8%a7%d9%84%d8%b0%d9%83%d9%8a%d8%a9-%d8%a7%d9%84%d9%81%d8%a7%d8%ae%d8%b1%d8%a9-%d8%a8%d9%85%d9%82%d8%a8%d8%b6-%d9%85%d8%b7%d8%a7%d8%b7\/","name":"Smart Luxury Miswak Brush avec manche en caoutchouc flexible (blanc) - \u0647\u062f\u064a\u0629 \u0633\u0639\u0648\u062f\u064a\u0629","isPartOf":{"@id":"https:\/\/saudi-gift.com\/#website"},"primaryImageOfPage":{"@id":"https:\/\/saudi-gift.com\/product\/%d9%81%d8%b1%d8%b4%d8%a7%d8%a9-%d9%85%d8%b3%d9%88%d8%a7%d9%83-%d8%a7%d9%84%d8%b0%d9%83%d9%8a%d8%a9-%d8%a7%d9%84%d9%81%d8%a7%d8%ae%d8%b1%d8%a9-%d8%a8%d9%85%d9%82%d8%a8%d8%b6-%d9%85%d8%b7%d8%a7%d8%b7\/#primaryimage"},"image":{"@id":"https:\/\/saudi-gift.com\/product\/%d9%81%d8%b1%d8%b4%d8%a7%d8%a9-%d9%85%d8%b3%d9%88%d8%a7%d9%83-%d8%a7%d9%84%d8%b0%d9%83%d9%8a%d8%a9-%d8%a7%d9%84%d9%81%d8%a7%d8%ae%d8%b1%d8%a9-%d8%a8%d9%85%d9%82%d8%a8%d8%b6-%d9%85%d8%b7%d8%a7%d8%b7\/#primaryimage"},"thumbnailUrl":"https:\/\/saudi-gift.com\/wp-content\/uploads\/2025\/01\/af72d749-29ea-4da8-80ad-61082ad8b24a-1.webp","datePublished":"2025-01-30T12:26:27+00:00","breadcrumb":{"@id":"https:\/\/saudi-gift.com\/product\/%d9%81%d8%b1%d8%b4%d8%a7%d8%a9-%d9%85%d8%b3%d9%88%d8%a7%d9%83-%d8%a7%d9%84%d8%b0%d9%83%d9%8a%d8%a9-%d8%a7%d9%84%d9%81%d8%a7%d8%ae%d8%b1%d8%a9-%d8%a8%d9%85%d9%82%d8%a8%d8%b6-%d9%85%d8%b7%d8%a7%d8%b7\/#breadcrumb"},"inLanguage":"fr-FR","potentialAction":[{"@type":"ReadAction","target":["https:\/\/saudi-gift.com\/product\/%d9%81%d8%b1%d8%b4%d8%a7%d8%a9-%d9%85%d8%b3%d9%88%d8%a7%d9%83-%d8%a7%d9%84%d8%b0%d9%83%d9%8a%d8%a9-%d8%a7%d9%84%d9%81%d8%a7%d8%ae%d8%b1%d8%a9-%d8%a8%d9%85%d9%82%d8%a8%d8%b6-%d9%85%d8%b7%d8%a7%d8%b7\/"]}]},{"@type":"ImageObject","inLanguage":"fr-FR","@id":"https:\/\/saudi-gift.com\/product\/%d9%81%d8%b1%d8%b4%d8%a7%d8%a9-%d9%85%d8%b3%d9%88%d8%a7%d9%83-%d8%a7%d9%84%d8%b0%d9%83%d9%8a%d8%a9-%d8%a7%d9%84%d9%81%d8%a7%d8%ae%d8%b1%d8%a9-%d8%a8%d9%85%d9%82%d8%a8%d8%b6-%d9%85%d8%b7%d8%a7%d8%b7\/#primaryimage","url":"https:\/\/saudi-gift.com\/wp-content\/uploads\/2025\/01\/af72d749-29ea-4da8-80ad-61082ad8b24a-1.webp","contentUrl":"https:\/\/saudi-gift.com\/wp-content\/uploads\/2025\/01\/af72d749-29ea-4da8-80ad-61082ad8b24a-1.webp","width":600,"height":600},{"@type":"BreadcrumbList","@id":"https:\/\/saudi-gift.com\/product\/%d9%81%d8%b1%d8%b4%d8%a7%d8%a9-%d9%85%d8%b3%d9%88%d8%a7%d9%83-%d8%a7%d9%84%d8%b0%d9%83%d9%8a%d8%a9-%d8%a7%d9%84%d9%81%d8%a7%d8%ae%d8%b1%d8%a9-%d8%a8%d9%85%d9%82%d8%a8%d8%b6-%d9%85%d8%b7%d8%a7%d8%b7\/#breadcrumb","itemListElement":[{"@type":"ListItem","position":1,"name":"Home","item":"https:\/\/saudi-gift.com\/fr\/"},{"@type":"ListItem","position":2,"name":"Acheter","item":"https:\/\/saudi-gift.com\/fr\/acheter\/"},{"@type":"ListItem","position":3,"name":"Smart Luxury Miswak Brush avec manche en caoutchouc flexible (blanc)"}]},{"@type":"WebSite","@id":"https:\/\/saudi-gift.com\/#website","url":"https:\/\/saudi-gift.com\/","name":"\u0647\u062f\u064a\u0629 \u0633\u0639\u0648\u062f\u064a\u0629","description":"\u0647\u062f\u064a\u0629 \u0633\u0639\u0648\u062f\u064a\u0629 \u0645\u062a\u062c\u0631 \u0627\u0644\u0643\u062a\u0631\u0648\u0646\u064a \u064a\u0642\u062f\u0645 \u0644\u0643\u0645 \u0645\u062c\u0645\u0648\u0639\u0629 \u0645\u0646 \u0627\u0644\u0647\u062f\u0627\u064a\u0627 \u0627\u0644\u062a\u064a \u062a\u062c\u0633\u062f \u0639\u0628\u0642 \u0630\u0643\u0631\u064a\u0627\u062a\u0643\u0645 \u0641\u064a \u0627\u0644\u0645\u0634\u0627\u0639\u0631 \u0627\u0644\u0645\u0642\u062f\u0633\u0629","publisher":{"@id":"https:\/\/saudi-gift.com\/#organization"},"alternateName":"\u0647\u062f\u064a\u0629 \u0633\u0639\u0648\u062f\u064a\u0629","potentialAction":[{"@type":"SearchAction","target":{"@type":"EntryPoint","urlTemplate":"https:\/\/saudi-gift.com\/?s={search_term_string}"},"query-input":{"@type":"PropertyValueSpecification","valueRequired":true,"valueName":"search_term_string"}}],"inLanguage":"fr-FR"},{"@type":"Organization","@id":"https:\/\/saudi-gift.com\/#organization","name":"\u0645\u062a\u062c\u0631 \u0627\u0644\u0647\u062f\u064a\u0629","alternateName":"\u0647\u062f\u064a\u0629 \u0633\u0639\u0648\u062f\u064a\u0629","url":"https:\/\/saudi-gift.com\/","logo":{"@type":"ImageObject","inLanguage":"fr-FR","@id":"https:\/\/saudi-gift.com\/#\/schema\/logo\/image\/","url":"https:\/\/saudi-gift.com\/wp-content\/uploads\/2025\/05\/2.png","contentUrl":"https:\/\/saudi-gift.com\/wp-content\/uploads\/2025\/05\/2.png","width":163,"height":42,"caption":"\u0645\u062a\u062c\u0631 \u0627\u0644\u0647\u062f\u064a\u0629"},"image":{"@id":"https:\/\/saudi-gift.com\/#\/schema\/logo\/image\/"},"sameAs":["https:\/\/www.facebook.com\/profile.php?id=61560277649059&mibextid=LQQJ4d","https:\/\/x.com\/saudigift_"]}]}},"jetpack-related-posts":[],"_links":{"self":[{"href":"https:\/\/saudi-gift.com\/fr\/wp-json\/wp\/v2\/product\/51615","targetHints":{"allow":["GET"]}}],"collection":[{"href":"https:\/\/saudi-gift.com\/fr\/wp-json\/wp\/v2\/product"}],"about":[{"href":"https:\/\/saudi-gift.com\/fr\/wp-json\/wp\/v2\/types\/product"}],"replies":[{"embeddable":true,"href":"https:\/\/saudi-gift.com\/fr\/wp-json\/wp\/v2\/comments?post=51615"}],"version-history":[{"count":0,"href":"https:\/\/saudi-gift.com\/fr\/wp-json\/wp\/v2\/product\/51615\/revisions"}],"wp:featuredmedia":[{"embeddable":true,"href":"https:\/\/saudi-gift.com\/fr\/wp-json\/wp\/v2\/media\/43850"}],"wp:attachment":[{"href":"https:\/\/saudi-gift.com\/fr\/wp-json\/wp\/v2\/media?parent=51615"}],"wp:term":[{"taxonomy":"product_brand","embeddable":true,"href":"https:\/\/saudi-gift.com\/fr\/wp-json\/wp\/v2\/product_brand?post=51615"},{"taxonomy":"product_cat","embeddable":true,"href":"https:\/\/saudi-gift.com\/fr\/wp-json\/wp\/v2\/product_cat?post=51615"},{"taxonomy":"product_tag","embeddable":true,"href":"https:\/\/saudi-gift.com\/fr\/wp-json\/wp\/v2\/product_tag?post=51615"}],"curies":[{"name":"wp","href":"https:\/\/api.w.org\/{rel}","templated":true}]}}