{"id":55670,"date":"2025-03-09T01:16:41","date_gmt":"2025-03-08T22:16:41","guid":{"rendered":"https:\/\/saudi-gift.com\/product\/le-champignon-et-la-citrouille-de-riesen-constituent-une-belle-piece-maitresse-pour-un-porte-encens-ou-une-boite-a-accessoires\/"},"modified":"2025-03-09T01:16:41","modified_gmt":"2025-03-08T22:16:41","slug":"le-champignon-et-la-citrouille-de-riesen-constituent-une-belle-piece-maitresse-pour-un-porte-encens-ou-une-boite-a-accessoires","status":"publish","type":"product","link":"https:\/\/saudi-gift.com\/fr\/produit\/le-champignon-et-la-citrouille-de-riesen-constituent-une-belle-piece-maitresse-pour-un-porte-encens-ou-une-boite-a-accessoires\/","title":{"rendered":"Le champignon et la citrouille de Riesen constituent une belle pi\u00e8ce ma\u00eetresse pour un porte-encens ou une bo\u00eete \u00e0 accessoires."},"content":{"rendered":"<p>Antiquit\u00e9s avec diff\u00e9rentes formes de citrouilles, de champignons ou la forme classique utilis\u00e9es comme bougeoirs ou porte-encens et accessoires avec la possibilit\u00e9 de choisir les couleurs et les ajouts souhait\u00e9s.<\/p>\n","protected":false},"excerpt":{"rendered":"<p>Les antiquit\u00e9s ayant diff\u00e9rentes formes de citrouilles, de champignons ou la forme classique sont utilis\u00e9es comme bougeoirs ou porte-encens et accessoires.<\/p>\n","protected":false},"featured_media":55182,"comment_status":"open","ping_status":"closed","template":"","meta":[],"product_brand":[],"product_cat":[400],"product_tag":[2419],"class_list":{"0":"post-55670","1":"product","2":"type-product","3":"status-publish","4":"has-post-thumbnail","6":"product_cat-oud-encens","7":"product_tag-_-fr","9":"first","10":"instock","11":"shipping-taxable","12":"purchasable","13":"product-type-simple"},"yoast_head":"<!-- This site is optimized with the Yoast SEO Premium plugin v27.2 (Yoast SEO v27.6) - https:\/\/yoast.com\/product\/yoast-seo-premium-wordpress\/ -->\n<title>Le champignon et la citrouille de Riesen constituent une belle pi\u00e8ce ma\u00eetresse pour un porte-encens ou une bo\u00eete \u00e0 accessoires. - \u0647\u062f\u064a\u0629 \u0633\u0639\u0648\u062f\u064a\u0629<\/title>\n<meta name=\"robots\" content=\"index, follow, max-snippet:-1, max-image-preview:large, max-video-preview:-1\" \/>\n<link rel=\"canonical\" href=\"https:\/\/saudi-gift.com\/fr\/product\/le-champignon-et-la-citrouille-de-riesen-constituent-une-belle-piece-maitresse-pour-un-porte-encens-ou-une-boite-a-accessoires\/\" \/>\n<meta property=\"og:locale\" content=\"fr_FR\" \/>\n<meta property=\"og:type\" content=\"article\" \/>\n<meta property=\"og:title\" content=\"Le champignon et la citrouille de Riesen constituent une belle pi\u00e8ce ma\u00eetresse pour un porte-encens ou une bo\u00eete \u00e0 accessoires.\" \/>\n<meta property=\"og:description\" content=\"Les antiquit\u00e9s ayant diff\u00e9rentes formes de citrouilles, de champignons ou la forme classique sont utilis\u00e9es comme bougeoirs ou porte-encens et accessoires.\" \/>\n<meta property=\"og:url\" content=\"https:\/\/saudi-gift.com\/fr\/product\/le-champignon-et-la-citrouille-de-riesen-constituent-une-belle-piece-maitresse-pour-un-porte-encens-ou-une-boite-a-accessoires\/\" \/>\n<meta property=\"og:site_name\" content=\"\u0647\u062f\u064a\u0629 \u0633\u0639\u0648\u062f\u064a\u0629\" \/>\n<meta property=\"article:publisher\" content=\"https:\/\/www.facebook.com\/profile.php?id=61560277649059&amp;mibextid=LQQJ4d\" \/>\n<meta property=\"og:image\" content=\"https:\/\/saudi-gift.com\/wp-content\/uploads\/2025\/03\/IMG_1914.jpeg\" \/>\n\t<meta property=\"og:image:width\" content=\"544\" \/>\n\t<meta property=\"og:image:height\" content=\"859\" \/>\n\t<meta property=\"og:image:type\" content=\"image\/jpeg\" \/>\n<meta name=\"twitter:card\" content=\"summary_large_image\" \/>\n<meta name=\"twitter:site\" content=\"@saudigift_\" \/>\n<script type=\"application\/ld+json\" class=\"yoast-schema-graph\">{\"@context\":\"https:\\\/\\\/schema.org\",\"@graph\":[{\"@type\":\"WebPage\",\"@id\":\"https:\\\/\\\/saudi-gift.com\\\/fr\\\/product\\\/le-champignon-et-la-citrouille-de-riesen-constituent-une-belle-piece-maitresse-pour-un-porte-encens-ou-une-boite-a-accessoires\\\/\",\"url\":\"https:\\\/\\\/saudi-gift.com\\\/fr\\\/product\\\/le-champignon-et-la-citrouille-de-riesen-constituent-une-belle-piece-maitresse-pour-un-porte-encens-ou-une-boite-a-accessoires\\\/\",\"name\":\"Le champignon et la citrouille de Riesen constituent une belle pi\u00e8ce ma\u00eetresse pour un porte-encens ou une bo\u00eete \u00e0 accessoires. - \u0647\u062f\u064a\u0629 \u0633\u0639\u0648\u062f\u064a\u0629\",\"isPartOf\":{\"@id\":\"https:\\\/\\\/saudi-gift.com\\\/#website\"},\"primaryImageOfPage\":{\"@id\":\"https:\\\/\\\/saudi-gift.com\\\/fr\\\/product\\\/le-champignon-et-la-citrouille-de-riesen-constituent-une-belle-piece-maitresse-pour-un-porte-encens-ou-une-boite-a-accessoires\\\/#primaryimage\"},\"image\":{\"@id\":\"https:\\\/\\\/saudi-gift.com\\\/fr\\\/product\\\/le-champignon-et-la-citrouille-de-riesen-constituent-une-belle-piece-maitresse-pour-un-porte-encens-ou-une-boite-a-accessoires\\\/#primaryimage\"},\"thumbnailUrl\":\"https:\\\/\\\/saudi-gift.com\\\/wp-content\\\/uploads\\\/2025\\\/03\\\/IMG_1914.jpeg\",\"datePublished\":\"2025-03-08T22:16:41+00:00\",\"breadcrumb\":{\"@id\":\"https:\\\/\\\/saudi-gift.com\\\/fr\\\/product\\\/le-champignon-et-la-citrouille-de-riesen-constituent-une-belle-piece-maitresse-pour-un-porte-encens-ou-une-boite-a-accessoires\\\/#breadcrumb\"},\"inLanguage\":\"fr-FR\",\"potentialAction\":[{\"@type\":\"ReadAction\",\"target\":[\"https:\\\/\\\/saudi-gift.com\\\/fr\\\/product\\\/le-champignon-et-la-citrouille-de-riesen-constituent-une-belle-piece-maitresse-pour-un-porte-encens-ou-une-boite-a-accessoires\\\/\"]}]},{\"@type\":\"ImageObject\",\"inLanguage\":\"fr-FR\",\"@id\":\"https:\\\/\\\/saudi-gift.com\\\/fr\\\/product\\\/le-champignon-et-la-citrouille-de-riesen-constituent-une-belle-piece-maitresse-pour-un-porte-encens-ou-une-boite-a-accessoires\\\/#primaryimage\",\"url\":\"https:\\\/\\\/saudi-gift.com\\\/wp-content\\\/uploads\\\/2025\\\/03\\\/IMG_1914.jpeg\",\"contentUrl\":\"https:\\\/\\\/saudi-gift.com\\\/wp-content\\\/uploads\\\/2025\\\/03\\\/IMG_1914.jpeg\",\"width\":544,\"height\":859,\"caption\":\"Capture d'\u00e9cran\"},{\"@type\":\"BreadcrumbList\",\"@id\":\"https:\\\/\\\/saudi-gift.com\\\/fr\\\/product\\\/le-champignon-et-la-citrouille-de-riesen-constituent-une-belle-piece-maitresse-pour-un-porte-encens-ou-une-boite-a-accessoires\\\/#breadcrumb\",\"itemListElement\":[{\"@type\":\"ListItem\",\"position\":1,\"name\":\"Home\",\"item\":\"https:\\\/\\\/saudi-gift.com\\\/fr\\\/\"},{\"@type\":\"ListItem\",\"position\":2,\"name\":\"Acheter\",\"item\":\"https:\\\/\\\/saudi-gift.com\\\/fr\\\/acheter\\\/\"},{\"@type\":\"ListItem\",\"position\":3,\"name\":\"Le champignon et la citrouille de Riesen constituent une belle pi\u00e8ce ma\u00eetresse pour un porte-encens ou une bo\u00eete \u00e0 accessoires.\"}]},{\"@type\":\"WebSite\",\"@id\":\"https:\\\/\\\/saudi-gift.com\\\/#website\",\"url\":\"https:\\\/\\\/saudi-gift.com\\\/\",\"name\":\"\u0647\u062f\u064a\u0629 \u0633\u0639\u0648\u062f\u064a\u0629\",\"description\":\"\u0647\u062f\u064a\u0629 \u0633\u0639\u0648\u062f\u064a\u0629 \u0645\u062a\u062c\u0631 \u0627\u0644\u0643\u062a\u0631\u0648\u0646\u064a \u064a\u0642\u062f\u0645 \u0644\u0643\u0645 \u0645\u062c\u0645\u0648\u0639\u0629 \u0645\u0646 \u0627\u0644\u0647\u062f\u0627\u064a\u0627 \u0627\u0644\u062a\u064a \u062a\u062c\u0633\u062f \u0639\u0628\u0642 \u0630\u0643\u0631\u064a\u0627\u062a\u0643\u0645 \u0641\u064a \u0627\u0644\u0645\u0634\u0627\u0639\u0631 \u0627\u0644\u0645\u0642\u062f\u0633\u0629\",\"publisher\":{\"@id\":\"https:\\\/\\\/saudi-gift.com\\\/#organization\"},\"alternateName\":\"\u0647\u062f\u064a\u0629 \u0633\u0639\u0648\u062f\u064a\u0629\",\"potentialAction\":[{\"@type\":\"SearchAction\",\"target\":{\"@type\":\"EntryPoint\",\"urlTemplate\":\"https:\\\/\\\/saudi-gift.com\\\/?s={search_term_string}\"},\"query-input\":{\"@type\":\"PropertyValueSpecification\",\"valueRequired\":true,\"valueName\":\"search_term_string\"}}],\"inLanguage\":\"fr-FR\"},{\"@type\":\"Organization\",\"@id\":\"https:\\\/\\\/saudi-gift.com\\\/#organization\",\"name\":\"\u0645\u062a\u062c\u0631 \u0627\u0644\u0647\u062f\u064a\u0629\",\"alternateName\":\"\u0647\u062f\u064a\u0629 \u0633\u0639\u0648\u062f\u064a\u0629\",\"url\":\"https:\\\/\\\/saudi-gift.com\\\/\",\"logo\":{\"@type\":\"ImageObject\",\"inLanguage\":\"fr-FR\",\"@id\":\"https:\\\/\\\/saudi-gift.com\\\/#\\\/schema\\\/logo\\\/image\\\/\",\"url\":\"https:\\\/\\\/saudi-gift.com\\\/wp-content\\\/uploads\\\/2025\\\/05\\\/2.png\",\"contentUrl\":\"https:\\\/\\\/saudi-gift.com\\\/wp-content\\\/uploads\\\/2025\\\/05\\\/2.png\",\"width\":163,\"height\":42,\"caption\":\"\u0645\u062a\u062c\u0631 \u0627\u0644\u0647\u062f\u064a\u0629\"},\"image\":{\"@id\":\"https:\\\/\\\/saudi-gift.com\\\/#\\\/schema\\\/logo\\\/image\\\/\"},\"sameAs\":[\"https:\\\/\\\/www.facebook.com\\\/profile.php?id=61560277649059&mibextid=LQQJ4d\",\"https:\\\/\\\/x.com\\\/saudigift_\"]}]}<\/script>\n<!-- \/ Yoast SEO Premium plugin. -->","yoast_head_json":{"title":"Le champignon et la citrouille de Riesen constituent une belle pi\u00e8ce ma\u00eetresse pour un porte-encens ou une bo\u00eete \u00e0 accessoires. - \u0647\u062f\u064a\u0629 \u0633\u0639\u0648\u062f\u064a\u0629","robots":{"index":"index","follow":"follow","max-snippet":"max-snippet:-1","max-image-preview":"max-image-preview:large","max-video-preview":"max-video-preview:-1"},"canonical":"https:\/\/saudi-gift.com\/fr\/product\/le-champignon-et-la-citrouille-de-riesen-constituent-une-belle-piece-maitresse-pour-un-porte-encens-ou-une-boite-a-accessoires\/","og_locale":"fr_FR","og_type":"article","og_title":"Le champignon et la citrouille de Riesen constituent une belle pi\u00e8ce ma\u00eetresse pour un porte-encens ou une bo\u00eete \u00e0 accessoires.","og_description":"Les antiquit\u00e9s ayant diff\u00e9rentes formes de citrouilles, de champignons ou la forme classique sont utilis\u00e9es comme bougeoirs ou porte-encens et accessoires.","og_url":"https:\/\/saudi-gift.com\/fr\/product\/le-champignon-et-la-citrouille-de-riesen-constituent-une-belle-piece-maitresse-pour-un-porte-encens-ou-une-boite-a-accessoires\/","og_site_name":"\u0647\u062f\u064a\u0629 \u0633\u0639\u0648\u062f\u064a\u0629","article_publisher":"https:\/\/www.facebook.com\/profile.php?id=61560277649059&mibextid=LQQJ4d","og_image":[{"width":544,"height":859,"url":"https:\/\/saudi-gift.com\/wp-content\/uploads\/2025\/03\/IMG_1914.jpeg","type":"image\/jpeg"}],"twitter_card":"summary_large_image","twitter_site":"@saudigift_","schema":{"@context":"https:\/\/schema.org","@graph":[{"@type":"WebPage","@id":"https:\/\/saudi-gift.com\/fr\/product\/le-champignon-et-la-citrouille-de-riesen-constituent-une-belle-piece-maitresse-pour-un-porte-encens-ou-une-boite-a-accessoires\/","url":"https:\/\/saudi-gift.com\/fr\/product\/le-champignon-et-la-citrouille-de-riesen-constituent-une-belle-piece-maitresse-pour-un-porte-encens-ou-une-boite-a-accessoires\/","name":"Le champignon et la citrouille de Riesen constituent une belle pi\u00e8ce ma\u00eetresse pour un porte-encens ou une bo\u00eete \u00e0 accessoires. - \u0647\u062f\u064a\u0629 \u0633\u0639\u0648\u062f\u064a\u0629","isPartOf":{"@id":"https:\/\/saudi-gift.com\/#website"},"primaryImageOfPage":{"@id":"https:\/\/saudi-gift.com\/fr\/product\/le-champignon-et-la-citrouille-de-riesen-constituent-une-belle-piece-maitresse-pour-un-porte-encens-ou-une-boite-a-accessoires\/#primaryimage"},"image":{"@id":"https:\/\/saudi-gift.com\/fr\/product\/le-champignon-et-la-citrouille-de-riesen-constituent-une-belle-piece-maitresse-pour-un-porte-encens-ou-une-boite-a-accessoires\/#primaryimage"},"thumbnailUrl":"https:\/\/saudi-gift.com\/wp-content\/uploads\/2025\/03\/IMG_1914.jpeg","datePublished":"2025-03-08T22:16:41+00:00","breadcrumb":{"@id":"https:\/\/saudi-gift.com\/fr\/product\/le-champignon-et-la-citrouille-de-riesen-constituent-une-belle-piece-maitresse-pour-un-porte-encens-ou-une-boite-a-accessoires\/#breadcrumb"},"inLanguage":"fr-FR","potentialAction":[{"@type":"ReadAction","target":["https:\/\/saudi-gift.com\/fr\/product\/le-champignon-et-la-citrouille-de-riesen-constituent-une-belle-piece-maitresse-pour-un-porte-encens-ou-une-boite-a-accessoires\/"]}]},{"@type":"ImageObject","inLanguage":"fr-FR","@id":"https:\/\/saudi-gift.com\/fr\/product\/le-champignon-et-la-citrouille-de-riesen-constituent-une-belle-piece-maitresse-pour-un-porte-encens-ou-une-boite-a-accessoires\/#primaryimage","url":"https:\/\/saudi-gift.com\/wp-content\/uploads\/2025\/03\/IMG_1914.jpeg","contentUrl":"https:\/\/saudi-gift.com\/wp-content\/uploads\/2025\/03\/IMG_1914.jpeg","width":544,"height":859,"caption":"Capture d'\u00e9cran"},{"@type":"BreadcrumbList","@id":"https:\/\/saudi-gift.com\/fr\/product\/le-champignon-et-la-citrouille-de-riesen-constituent-une-belle-piece-maitresse-pour-un-porte-encens-ou-une-boite-a-accessoires\/#breadcrumb","itemListElement":[{"@type":"ListItem","position":1,"name":"Home","item":"https:\/\/saudi-gift.com\/fr\/"},{"@type":"ListItem","position":2,"name":"Acheter","item":"https:\/\/saudi-gift.com\/fr\/acheter\/"},{"@type":"ListItem","position":3,"name":"Le champignon et la citrouille de Riesen constituent une belle pi\u00e8ce ma\u00eetresse pour un porte-encens ou une bo\u00eete \u00e0 accessoires."}]},{"@type":"WebSite","@id":"https:\/\/saudi-gift.com\/#website","url":"https:\/\/saudi-gift.com\/","name":"\u0647\u062f\u064a\u0629 \u0633\u0639\u0648\u062f\u064a\u0629","description":"\u0647\u062f\u064a\u0629 \u0633\u0639\u0648\u062f\u064a\u0629 \u0645\u062a\u062c\u0631 \u0627\u0644\u0643\u062a\u0631\u0648\u0646\u064a \u064a\u0642\u062f\u0645 \u0644\u0643\u0645 \u0645\u062c\u0645\u0648\u0639\u0629 \u0645\u0646 \u0627\u0644\u0647\u062f\u0627\u064a\u0627 \u0627\u0644\u062a\u064a \u062a\u062c\u0633\u062f \u0639\u0628\u0642 \u0630\u0643\u0631\u064a\u0627\u062a\u0643\u0645 \u0641\u064a \u0627\u0644\u0645\u0634\u0627\u0639\u0631 \u0627\u0644\u0645\u0642\u062f\u0633\u0629","publisher":{"@id":"https:\/\/saudi-gift.com\/#organization"},"alternateName":"\u0647\u062f\u064a\u0629 \u0633\u0639\u0648\u062f\u064a\u0629","potentialAction":[{"@type":"SearchAction","target":{"@type":"EntryPoint","urlTemplate":"https:\/\/saudi-gift.com\/?s={search_term_string}"},"query-input":{"@type":"PropertyValueSpecification","valueRequired":true,"valueName":"search_term_string"}}],"inLanguage":"fr-FR"},{"@type":"Organization","@id":"https:\/\/saudi-gift.com\/#organization","name":"\u0645\u062a\u062c\u0631 \u0627\u0644\u0647\u062f\u064a\u0629","alternateName":"\u0647\u062f\u064a\u0629 \u0633\u0639\u0648\u062f\u064a\u0629","url":"https:\/\/saudi-gift.com\/","logo":{"@type":"ImageObject","inLanguage":"fr-FR","@id":"https:\/\/saudi-gift.com\/#\/schema\/logo\/image\/","url":"https:\/\/saudi-gift.com\/wp-content\/uploads\/2025\/05\/2.png","contentUrl":"https:\/\/saudi-gift.com\/wp-content\/uploads\/2025\/05\/2.png","width":163,"height":42,"caption":"\u0645\u062a\u062c\u0631 \u0627\u0644\u0647\u062f\u064a\u0629"},"image":{"@id":"https:\/\/saudi-gift.com\/#\/schema\/logo\/image\/"},"sameAs":["https:\/\/www.facebook.com\/profile.php?id=61560277649059&mibextid=LQQJ4d","https:\/\/x.com\/saudigift_"]}]}},"jetpack-related-posts":[],"_links":{"self":[{"href":"https:\/\/saudi-gift.com\/fr\/wp-json\/wp\/v2\/product\/55670","targetHints":{"allow":["GET"]}}],"collection":[{"href":"https:\/\/saudi-gift.com\/fr\/wp-json\/wp\/v2\/product"}],"about":[{"href":"https:\/\/saudi-gift.com\/fr\/wp-json\/wp\/v2\/types\/product"}],"replies":[{"embeddable":true,"href":"https:\/\/saudi-gift.com\/fr\/wp-json\/wp\/v2\/comments?post=55670"}],"version-history":[{"count":0,"href":"https:\/\/saudi-gift.com\/fr\/wp-json\/wp\/v2\/product\/55670\/revisions"}],"wp:featuredmedia":[{"embeddable":true,"href":"https:\/\/saudi-gift.com\/fr\/wp-json\/wp\/v2\/media\/55182"}],"wp:attachment":[{"href":"https:\/\/saudi-gift.com\/fr\/wp-json\/wp\/v2\/media?parent=55670"}],"wp:term":[{"taxonomy":"product_brand","embeddable":true,"href":"https:\/\/saudi-gift.com\/fr\/wp-json\/wp\/v2\/product_brand?post=55670"},{"taxonomy":"product_cat","embeddable":true,"href":"https:\/\/saudi-gift.com\/fr\/wp-json\/wp\/v2\/product_cat?post=55670"},{"taxonomy":"product_tag","embeddable":true,"href":"https:\/\/saudi-gift.com\/fr\/wp-json\/wp\/v2\/product_tag?post=55670"}],"curies":[{"name":"wp","href":"https:\/\/api.w.org\/{rel}","templated":true}]}}