{"id":56963,"date":"2025-03-18T18:50:35","date_gmt":"2025-03-18T15:50:35","guid":{"rendered":"https:\/\/saudi-gift.com\/product\/porte-coran-reisen-5\/"},"modified":"2025-04-23T13:39:50","modified_gmt":"2025-04-23T10:39:50","slug":"porte-coran-reisen-5","status":"publish","type":"product","link":"https:\/\/saudi-gift.com\/fr\/produit\/porte-coran-reisen-5\/","title":{"rendered":"Porte-coran Reisen"},"content":{"rendered":"<article class=\"group\/turn w-full text-token-text-primary focus-visible:outline-none\" dir=\"auto\" tabindex=\"-1\" data-testid=\"conversation-turn-366\" data-scroll-anchor=\"true\">\n<div class=\"text-base my-auto mx-auto py-5 px-6\">\n<div class=\"mx-auto flex flex-1 text-base gap-4 md:gap-5 lg:gap-6 md:max-w-3xl lg:max-w-[40rem] xl:max-w-[48rem]\">\n<div class=\"group\/conversation-turn relative flex w-full min-w-0 flex-col agent-turn @xs\/thread:px-0 @sm\/thread:px-1.5 @md\/thread:px-4\">\n<div class=\"relative flex-col gap-1 md:gap-3\">\n<div class=\"flex max-w-full flex-col flex-grow\">\n<div class=\"min-h-8 text-message relative flex w-full flex-col items-end gap-2 whitespace-normal break-words text-start [.text-message+&amp;]:mt-5\" dir=\"auto\" data-message-author-role=\"assistant\" data-message-id=\"f0a4d92a-0973-4830-871b-f310789c7333\" data-message-model-slug=\"gpt-4o\">\n<div class=\"flex w-full flex-col gap-1 empty:hidden first:pt-[3px]\">\n<div class=\"streaming-animation markdown prose w-full break-words dark:prose-invert light\">\n<h1 class=\"\" data-start=\"0\" data-end=\"67\"><strong data-start=\"2\" data-end=\"61\">Rizen Quran Holder &#8211; Luxe et confort dans la r\u00e9citation du Saint Coran<\/strong> \ud83d\udcd6\u2728<\/h1>\n<p class=\"\" data-start=\"69\" data-end=\"411\">Le porte-coran<strong data-start=\"75\" data-end=\"108\"> Rizen<\/strong> est un chef-d&rsquo;\u0153uvre qui combine  <strong data-start=\"128\" data-end=\"166\">\u00c9l\u00e9gance, durabilit\u00e9 et fonctionnalit\u00e9 <\/strong>C&rsquo;est le choix id\u00e9al pour tous ceux qui recherchent le <strong data-start=\"208\" data-end=\"230\">confort lors de la r\u00e9citation du<\/strong> Coran ou qui souhaitent ajouter une <strong data-start=\"240\" data-end=\"262\">touche islamique sophistiqu\u00e9e<\/strong> au coin pri\u00e8re de leur maison ou de leur mosqu\u00e9e. Avec son <strong data-start=\"304\" data-end=\"342\">design unique et ses mat\u00e9riaux de haute qualit\u00e9<\/strong>, le porte-coran Rizen est un must pour tous les amoureux du Coran. <\/p>\n<h2 class=\"\" data-start=\"413\" data-end=\"454\"><strong data-start=\"416\" data-end=\"452\">\u2726 Caract\u00e9ristiques de Rizen Quran Holder\u2726<\/strong><\/h2>\n<h3 class=\"\" data-start=\"456\" data-end=\"486\"><strong data-start=\"460\" data-end=\"484\">1. Haute qualit\u00e9 et durabilit\u00e9<\/strong><\/h3>\n<p class=\"\" data-start=\"487\" data-end=\"685\">\u2714 Fabriqu\u00e9 en <strong data-start=\"498\" data-end=\"511\">Reisen de premi\u00e8re qualit\u00e9<\/strong>, qui est durable et solide, ce qui lui donne la capacit\u00e9 de r\u00e9sister \u00e0 une utilisation quotidienne sans \u00eatre cass\u00e9 ou endommag\u00e9. <br data-start=\"610\" data-end=\"613\">\u2714 R\u00e9sistant aux rayures et \u00e0 la corrosion, il conserve longtemps son attrait esth\u00e9tique. <\/p>\n<h3 class=\"\" data-start=\"687\" data-end=\"714\"><strong data-start=\"691\" data-end=\"712\">2. Design artistique \u00e9l\u00e9gant<\/strong><\/h3>\n<p class=\"\" data-start=\"715\" data-end=\"960\">\u2714 Avec d&rsquo;\u00e9l\u00e9gants motifs islamiques inspir\u00e9s de l&rsquo;h\u00e9ritage de l&rsquo;Islam.<br data-start=\"784\" data-end=\"787\">\u2714 Disponible dans une vari\u00e9t\u00e9 de couleurs et de formes pour tous les go\u00fbts, ajoutant une touche artistique distinctive \u00e0 n&rsquo;importe quel espace.<br data-start=\"879\" data-end=\"882\">\u2714 Combine un caract\u00e8re traditionnel authentique avec un style moderne pour cr\u00e9er une <strong data-start=\"938\" data-end=\"957\">pi\u00e8ce d&rsquo;art unique.<\/strong> <\/p>\n<h3 class=\"\" data-start=\"962\" data-end=\"1000\"><strong data-start=\"966\" data-end=\"998\">3. Confort de r\u00e9citation optimal<\/strong><\/h3>\n<p class=\"\" data-start=\"1001\" data-end=\"1240\"><strong data-start=\"1003\" data-end=\"1023\">\u2714 L&rsquo;angle d&rsquo;inclinaison optimal<\/strong> offre une position confortable pour la lecture du Saint Coran sans avoir \u00e0 tenir le Coran pendant de longues p\u00e9riodes.<br data-start=\"1102\" data-end=\"1105\">\u2714 Facilite la r\u00e9flexion <strong data-start=\"1118\" data-end=\"1136\">et la m\u00e9ditation<\/strong> sur les versets sans se sentir stress\u00e9 ou fatigu\u00e9.<br data-start=\"1176\" data-end=\"1179\">\u2714 Con\u00e7u pour tenir le Coran en toute s\u00e9curit\u00e9, l&#8217;emp\u00eachant de glisser pendant la r\u00e9citation. <\/p>\n<h3 class=\"\" data-start=\"1242\" data-end=\"1281\"><strong data-start=\"1246\" data-end=\"1279\">4. Taille pratique et facilit\u00e9 d&rsquo;utilisation<\/strong><\/h3>\n<p class=\"\" data-start=\"1282\" data-end=\"1506\">\u2714 S&rsquo;adapte \u00e0 <strong data-start=\"1290\" data-end=\"1313\">diff\u00e9rentes tailles de Coran<\/strong>, ce qui le rend polyvalent.<br data-start=\"1343\" data-end=\"1346\">\u2714 L\u00e9ger et facile \u00e0 transporter, il peut \u00eatre <strong data-start=\"1381\" data-end=\"1400\">plac\u00e9 n&rsquo;importe o\u00f9<\/strong> \u00e0 l&rsquo;int\u00e9rieur de la maison ou de la mosqu\u00e9e.<br data-start=\"1423\" data-end=\"1426\">\u2714 Une base stable lui conf\u00e8re une <strong data-start=\"1446\" data-end=\"1467\">stabilit\u00e9 optimale<\/strong>, garantissant que le Coran est stable pendant la lecture. <\/p>\n<h3 class=\"\" data-start=\"1508\" data-end=\"1551\"><strong data-start=\"1512\" data-end=\"1549\">5. Compl\u00e9ment esth\u00e9tique au d\u00e9cor de votre coin pri\u00e8re<\/strong><\/h3>\n<p data-start=\"1552\" data-end=\"1764\"><span class=\"_fadeIn_4f9by_7\">\u2714 <\/span><span class=\"_fadeIn_4f9by_7\">Parfait <\/span><strong data-start=\"1560\" data-end=\"1581\"><span class=\"_fadeIn_4f9by_7\">pour d\u00e9corer <\/span><span class=\"_fadeIn_4f9by_7\">coin <\/span><span class=\"_fadeIn_4f9by_7\">coin pri\u00e8re<\/span><\/strong> <span class=\"_fadeIn_4f9by_7\">Dans le <\/span><span class=\"_fadeIn_4f9by_7\">maison <\/span><span class=\"_fadeIn_4f9by_7\">ou <\/span><span class=\"_fadeIn_4f9by_7\">bureau <\/span><span class=\"_fadeIn_4f9by_7\">ou <\/span><span class=\"_fadeIn_4f9by_7\">mosqu\u00e9e<\/span><span class=\"_fadeIn_4f9by_7\">o\u00f9. <\/span><span class=\"_fadeIn_4f9by_7\">o\u00f9 <\/span><span class=\"_fadeIn_4f9by_7\">donne <\/span><span class=\"_fadeIn_4f9by_7\">lieu <\/span><strong data-start=\"1629\" data-end=\"1655\"><span class=\"_fadeIn_4f9by_7\">spiritualit\u00e9 <\/span><span class=\"_fadeIn_4f9by_7\">et la beaut\u00e9 <\/span><span class=\"_fadeIn_4f9by_7\">unique<\/span><\/strong><span class=\"_fadeIn_4f9by_7\">.<\/span><span class=\"_fadeIn_4f9by_7\"><br data-start=\"1656\" data-end=\"1659\"><\/span> <span class=\"_fadeIn_4f9by_7\">\u2714 <\/span><span class=\"_fadeIn_4f9by_7\">ajoute une <\/span><span class=\"_fadeIn_4f9by_7\">touche <\/span><span class=\"_fadeIn_4f9by_7\">de <\/span><strong data-start=\"1674\" data-end=\"1692\"><span class=\"_fadeIn_4f9by_7\">luxe <\/span><span class=\"_fadeIn_4f9by_7\">et de sophistication<\/span><\/strong> <span class=\"_fadeIn_4f9by_7\">\u00e0 <\/span><span class=\"_fadeIn_4f9by_7\">n&rsquo;importe <\/span><span class=\"_fadeIn_4f9by_7\">espace <\/span><span class=\"_fadeIn_4f9by_7\">il est <\/span><span class=\"_fadeIn_4f9by_7\">plac\u00e9 <\/span><span class=\"_fadeIn_4f9by_7\">dans lequel il est plac\u00e9<\/span><span class=\"_fadeIn_4f9by_7\">c&rsquo;est une bonne chose. <\/span><span class=\"_fadeIn_4f9by_7\">ce qui <\/span><span class=\"_fadeIn_4f9by_7\">en fait un <\/span><span class=\"_fadeIn_4f9by_7\">pi\u00e8ce <\/span><span class=\"_fadeIn_4f9by_7\">distinctif <\/span><span class=\"_fadeIn_4f9by_7\">dans le <\/span><span class=\"_fadeIn_4f9by_7\">d\u00e9cor <\/span><span class=\"_fadeIn_4f9by_7\">islamique<\/span><span class=\"_fadeIn_4f9by_7\">.<\/span><\/p>\n<h3 class=\"!hidden\" data-start=\"1766\" data-end=\"1795\"><strong data-start=\"1770\" data-end=\"1793\">6. Cadeau haut de gamme<\/strong><\/h3>\n<p class=\"!hidden\" data-start=\"1796\" data-end=\"1813\">\u2714 Consid\u00e9r\u00e9 comme <strong data-start=\"1804\" data-end=\"1813\" data-is-last-node=\"\">un cadeau<\/strong><\/p>\n<\/div>\n<\/div>\n<\/div>\n<\/div>\n<\/div>\n<\/div>\n<\/div>\n<\/div>\n<\/article>\n","protected":false},"excerpt":{"rendered":"<p>Rizen Support de Coran 20*30cm Fait \u00e0 la main en Rizen de haute transparence et duret\u00e9<\/p>\n","protected":false},"featured_media":55994,"comment_status":"open","ping_status":"closed","template":"","meta":[],"product_brand":[],"product_cat":[3176],"product_tag":[2394],"class_list":{"0":"post-56963","1":"product","2":"type-product","3":"status-publish","4":"has-post-thumbnail","6":"product_cat-hospitalite","7":"product_tag-_-fr","9":"first","10":"instock","11":"sale","12":"shipping-taxable","13":"purchasable","14":"product-type-simple"},"yoast_head":"<!-- This site is optimized with the Yoast SEO Premium plugin v27.2 (Yoast SEO v27.6) - https:\/\/yoast.com\/product\/yoast-seo-premium-wordpress\/ -->\n<title>Coran-stand-Reisen<\/title>\n<meta name=\"description\" content=\"Fabriqu\u00e9 en Rizen de haute qualit\u00e9, ce support de Coran offre une exp\u00e9rience de lecture confortable gr\u00e2ce \u00e0 son design durable et \u00e9l\u00e9gant. Il pr\u00e9sente un angle d&#039;inclinaison parfait pour faciliter la r\u00e9citation sans fatigue.\" \/>\n<meta name=\"robots\" content=\"index, follow, max-snippet:-1, max-image-preview:large, max-video-preview:-1\" \/>\n<link rel=\"canonical\" href=\"https:\/\/saudi-gift.com\/product\/\u062d\u0627\u0645\u0644-\u0645\u0635\u062d\u0641-\u0631\u064a\u0632\u0646-2\/\" \/>\n<meta property=\"og:locale\" content=\"fr_FR\" \/>\n<meta property=\"og:type\" content=\"article\" \/>\n<meta property=\"og:title\" content=\"Porte-coran Reisen\" \/>\n<meta property=\"og:description\" content=\"Fabriqu\u00e9 en Rizen de haute qualit\u00e9, ce support de Coran offre une exp\u00e9rience de lecture confortable gr\u00e2ce \u00e0 son design durable et \u00e9l\u00e9gant. Il pr\u00e9sente un angle d&#039;inclinaison parfait pour faciliter la r\u00e9citation sans fatigue.\" \/>\n<meta property=\"og:url\" content=\"https:\/\/saudi-gift.com\/product\/\u062d\u0627\u0645\u0644-\u0645\u0635\u062d\u0641-\u0631\u064a\u0632\u0646-2\/\" \/>\n<meta property=\"og:site_name\" content=\"\u0647\u062f\u064a\u0629 \u0633\u0639\u0648\u062f\u064a\u0629\" \/>\n<meta property=\"article:publisher\" content=\"https:\/\/www.facebook.com\/profile.php?id=61560277649059&amp;mibextid=LQQJ4d\" \/>\n<meta property=\"article:modified_time\" content=\"2025-04-23T10:39:50+00:00\" \/>\n<meta property=\"og:image\" content=\"https:\/\/saudi-gift.com\/wp-content\/uploads\/2025\/03\/IMG_5854-scaled.jpeg\" \/>\n\t<meta property=\"og:image:width\" content=\"1200\" \/>\n\t<meta property=\"og:image:height\" content=\"1600\" \/>\n\t<meta property=\"og:image:type\" content=\"image\/jpeg\" \/>\n<meta name=\"twitter:card\" content=\"summary_large_image\" \/>\n<meta name=\"twitter:site\" content=\"@saudigift_\" \/>\n<meta name=\"twitter:label1\" content=\"Dur\u00e9e de lecture estim\u00e9e\" \/>\n\t<meta name=\"twitter:data1\" content=\"2 minutes\" \/>\n<script type=\"application\/ld+json\" class=\"yoast-schema-graph\">{\"@context\":\"https:\\\/\\\/schema.org\",\"@graph\":[{\"@type\":\"WebPage\",\"@id\":\"https:\\\/\\\/saudi-gift.com\\\/product\\\/%d8%ad%d8%a7%d9%85%d9%84-%d9%85%d8%b5%d8%ad%d9%81-%d8%b1%d9%8a%d8%b2%d9%86-2\\\/\",\"url\":\"https:\\\/\\\/saudi-gift.com\\\/product\\\/%d8%ad%d8%a7%d9%85%d9%84-%d9%85%d8%b5%d8%ad%d9%81-%d8%b1%d9%8a%d8%b2%d9%86-2\\\/\",\"name\":\"Coran-stand-Reisen\",\"isPartOf\":{\"@id\":\"https:\\\/\\\/saudi-gift.com\\\/#website\"},\"primaryImageOfPage\":{\"@id\":\"https:\\\/\\\/saudi-gift.com\\\/product\\\/%d8%ad%d8%a7%d9%85%d9%84-%d9%85%d8%b5%d8%ad%d9%81-%d8%b1%d9%8a%d8%b2%d9%86-2\\\/#primaryimage\"},\"image\":{\"@id\":\"https:\\\/\\\/saudi-gift.com\\\/product\\\/%d8%ad%d8%a7%d9%85%d9%84-%d9%85%d8%b5%d8%ad%d9%81-%d8%b1%d9%8a%d8%b2%d9%86-2\\\/#primaryimage\"},\"thumbnailUrl\":\"https:\\\/\\\/saudi-gift.com\\\/wp-content\\\/uploads\\\/2025\\\/03\\\/IMG_5854-scaled.jpeg\",\"datePublished\":\"2025-03-18T15:50:35+00:00\",\"dateModified\":\"2025-04-23T10:39:50+00:00\",\"description\":\"Fabriqu\u00e9 en Rizen de haute qualit\u00e9, ce support de Coran offre une exp\u00e9rience de lecture confortable gr\u00e2ce \u00e0 son design durable et \u00e9l\u00e9gant. Il pr\u00e9sente un angle d'inclinaison parfait pour faciliter la r\u00e9citation sans fatigue.\",\"breadcrumb\":{\"@id\":\"https:\\\/\\\/saudi-gift.com\\\/product\\\/%d8%ad%d8%a7%d9%85%d9%84-%d9%85%d8%b5%d8%ad%d9%81-%d8%b1%d9%8a%d8%b2%d9%86-2\\\/#breadcrumb\"},\"inLanguage\":\"fr-FR\",\"potentialAction\":[{\"@type\":\"ReadAction\",\"target\":[\"https:\\\/\\\/saudi-gift.com\\\/product\\\/%d8%ad%d8%a7%d9%85%d9%84-%d9%85%d8%b5%d8%ad%d9%81-%d8%b1%d9%8a%d8%b2%d9%86-2\\\/\"]}]},{\"@type\":\"ImageObject\",\"inLanguage\":\"fr-FR\",\"@id\":\"https:\\\/\\\/saudi-gift.com\\\/product\\\/%d8%ad%d8%a7%d9%85%d9%84-%d9%85%d8%b5%d8%ad%d9%81-%d8%b1%d9%8a%d8%b2%d9%86-2\\\/#primaryimage\",\"url\":\"https:\\\/\\\/saudi-gift.com\\\/wp-content\\\/uploads\\\/2025\\\/03\\\/IMG_5854-scaled.jpeg\",\"contentUrl\":\"https:\\\/\\\/saudi-gift.com\\\/wp-content\\\/uploads\\\/2025\\\/03\\\/IMG_5854-scaled.jpeg\",\"width\":1200,\"height\":1600},{\"@type\":\"BreadcrumbList\",\"@id\":\"https:\\\/\\\/saudi-gift.com\\\/product\\\/%d8%ad%d8%a7%d9%85%d9%84-%d9%85%d8%b5%d8%ad%d9%81-%d8%b1%d9%8a%d8%b2%d9%86-2\\\/#breadcrumb\",\"itemListElement\":[{\"@type\":\"ListItem\",\"position\":1,\"name\":\"Home\",\"item\":\"https:\\\/\\\/saudi-gift.com\\\/fr\\\/\"},{\"@type\":\"ListItem\",\"position\":2,\"name\":\"Acheter\",\"item\":\"https:\\\/\\\/saudi-gift.com\\\/fr\\\/acheter\\\/\"},{\"@type\":\"ListItem\",\"position\":3,\"name\":\"Porte-coran Reisen\"}]},{\"@type\":\"WebSite\",\"@id\":\"https:\\\/\\\/saudi-gift.com\\\/#website\",\"url\":\"https:\\\/\\\/saudi-gift.com\\\/\",\"name\":\"\u0647\u062f\u064a\u0629 \u0633\u0639\u0648\u062f\u064a\u0629\",\"description\":\"\u0647\u062f\u064a\u0629 \u0633\u0639\u0648\u062f\u064a\u0629 \u0645\u062a\u062c\u0631 \u0627\u0644\u0643\u062a\u0631\u0648\u0646\u064a \u064a\u0642\u062f\u0645 \u0644\u0643\u0645 \u0645\u062c\u0645\u0648\u0639\u0629 \u0645\u0646 \u0627\u0644\u0647\u062f\u0627\u064a\u0627 \u0627\u0644\u062a\u064a \u062a\u062c\u0633\u062f \u0639\u0628\u0642 \u0630\u0643\u0631\u064a\u0627\u062a\u0643\u0645 \u0641\u064a \u0627\u0644\u0645\u0634\u0627\u0639\u0631 \u0627\u0644\u0645\u0642\u062f\u0633\u0629\",\"publisher\":{\"@id\":\"https:\\\/\\\/saudi-gift.com\\\/#organization\"},\"alternateName\":\"\u0647\u062f\u064a\u0629 \u0633\u0639\u0648\u062f\u064a\u0629\",\"potentialAction\":[{\"@type\":\"SearchAction\",\"target\":{\"@type\":\"EntryPoint\",\"urlTemplate\":\"https:\\\/\\\/saudi-gift.com\\\/?s={search_term_string}\"},\"query-input\":{\"@type\":\"PropertyValueSpecification\",\"valueRequired\":true,\"valueName\":\"search_term_string\"}}],\"inLanguage\":\"fr-FR\"},{\"@type\":\"Organization\",\"@id\":\"https:\\\/\\\/saudi-gift.com\\\/#organization\",\"name\":\"\u0645\u062a\u062c\u0631 \u0627\u0644\u0647\u062f\u064a\u0629\",\"alternateName\":\"\u0647\u062f\u064a\u0629 \u0633\u0639\u0648\u062f\u064a\u0629\",\"url\":\"https:\\\/\\\/saudi-gift.com\\\/\",\"logo\":{\"@type\":\"ImageObject\",\"inLanguage\":\"fr-FR\",\"@id\":\"https:\\\/\\\/saudi-gift.com\\\/#\\\/schema\\\/logo\\\/image\\\/\",\"url\":\"https:\\\/\\\/saudi-gift.com\\\/wp-content\\\/uploads\\\/2025\\\/05\\\/2.png\",\"contentUrl\":\"https:\\\/\\\/saudi-gift.com\\\/wp-content\\\/uploads\\\/2025\\\/05\\\/2.png\",\"width\":163,\"height\":42,\"caption\":\"\u0645\u062a\u062c\u0631 \u0627\u0644\u0647\u062f\u064a\u0629\"},\"image\":{\"@id\":\"https:\\\/\\\/saudi-gift.com\\\/#\\\/schema\\\/logo\\\/image\\\/\"},\"sameAs\":[\"https:\\\/\\\/www.facebook.com\\\/profile.php?id=61560277649059&mibextid=LQQJ4d\",\"https:\\\/\\\/x.com\\\/saudigift_\"]}]}<\/script>\n<!-- \/ Yoast SEO Premium plugin. -->","yoast_head_json":{"title":"Coran-stand-Reisen","description":"Fabriqu\u00e9 en Rizen de haute qualit\u00e9, ce support de Coran offre une exp\u00e9rience de lecture confortable gr\u00e2ce \u00e0 son design durable et \u00e9l\u00e9gant. Il pr\u00e9sente un angle d'inclinaison parfait pour faciliter la r\u00e9citation sans fatigue.","robots":{"index":"index","follow":"follow","max-snippet":"max-snippet:-1","max-image-preview":"max-image-preview:large","max-video-preview":"max-video-preview:-1"},"canonical":"https:\/\/saudi-gift.com\/product\/\u062d\u0627\u0645\u0644-\u0645\u0635\u062d\u0641-\u0631\u064a\u0632\u0646-2\/","og_locale":"fr_FR","og_type":"article","og_title":"Porte-coran Reisen","og_description":"Fabriqu\u00e9 en Rizen de haute qualit\u00e9, ce support de Coran offre une exp\u00e9rience de lecture confortable gr\u00e2ce \u00e0 son design durable et \u00e9l\u00e9gant. Il pr\u00e9sente un angle d'inclinaison parfait pour faciliter la r\u00e9citation sans fatigue.","og_url":"https:\/\/saudi-gift.com\/product\/\u062d\u0627\u0645\u0644-\u0645\u0635\u062d\u0641-\u0631\u064a\u0632\u0646-2\/","og_site_name":"\u0647\u062f\u064a\u0629 \u0633\u0639\u0648\u062f\u064a\u0629","article_publisher":"https:\/\/www.facebook.com\/profile.php?id=61560277649059&mibextid=LQQJ4d","article_modified_time":"2025-04-23T10:39:50+00:00","og_image":[{"width":1200,"height":1600,"url":"https:\/\/saudi-gift.com\/wp-content\/uploads\/2025\/03\/IMG_5854-scaled.jpeg","type":"image\/jpeg"}],"twitter_card":"summary_large_image","twitter_site":"@saudigift_","twitter_misc":{"Dur\u00e9e de lecture estim\u00e9e":"2 minutes"},"schema":{"@context":"https:\/\/schema.org","@graph":[{"@type":"WebPage","@id":"https:\/\/saudi-gift.com\/product\/%d8%ad%d8%a7%d9%85%d9%84-%d9%85%d8%b5%d8%ad%d9%81-%d8%b1%d9%8a%d8%b2%d9%86-2\/","url":"https:\/\/saudi-gift.com\/product\/%d8%ad%d8%a7%d9%85%d9%84-%d9%85%d8%b5%d8%ad%d9%81-%d8%b1%d9%8a%d8%b2%d9%86-2\/","name":"Coran-stand-Reisen","isPartOf":{"@id":"https:\/\/saudi-gift.com\/#website"},"primaryImageOfPage":{"@id":"https:\/\/saudi-gift.com\/product\/%d8%ad%d8%a7%d9%85%d9%84-%d9%85%d8%b5%d8%ad%d9%81-%d8%b1%d9%8a%d8%b2%d9%86-2\/#primaryimage"},"image":{"@id":"https:\/\/saudi-gift.com\/product\/%d8%ad%d8%a7%d9%85%d9%84-%d9%85%d8%b5%d8%ad%d9%81-%d8%b1%d9%8a%d8%b2%d9%86-2\/#primaryimage"},"thumbnailUrl":"https:\/\/saudi-gift.com\/wp-content\/uploads\/2025\/03\/IMG_5854-scaled.jpeg","datePublished":"2025-03-18T15:50:35+00:00","dateModified":"2025-04-23T10:39:50+00:00","description":"Fabriqu\u00e9 en Rizen de haute qualit\u00e9, ce support de Coran offre une exp\u00e9rience de lecture confortable gr\u00e2ce \u00e0 son design durable et \u00e9l\u00e9gant. Il pr\u00e9sente un angle d'inclinaison parfait pour faciliter la r\u00e9citation sans fatigue.","breadcrumb":{"@id":"https:\/\/saudi-gift.com\/product\/%d8%ad%d8%a7%d9%85%d9%84-%d9%85%d8%b5%d8%ad%d9%81-%d8%b1%d9%8a%d8%b2%d9%86-2\/#breadcrumb"},"inLanguage":"fr-FR","potentialAction":[{"@type":"ReadAction","target":["https:\/\/saudi-gift.com\/product\/%d8%ad%d8%a7%d9%85%d9%84-%d9%85%d8%b5%d8%ad%d9%81-%d8%b1%d9%8a%d8%b2%d9%86-2\/"]}]},{"@type":"ImageObject","inLanguage":"fr-FR","@id":"https:\/\/saudi-gift.com\/product\/%d8%ad%d8%a7%d9%85%d9%84-%d9%85%d8%b5%d8%ad%d9%81-%d8%b1%d9%8a%d8%b2%d9%86-2\/#primaryimage","url":"https:\/\/saudi-gift.com\/wp-content\/uploads\/2025\/03\/IMG_5854-scaled.jpeg","contentUrl":"https:\/\/saudi-gift.com\/wp-content\/uploads\/2025\/03\/IMG_5854-scaled.jpeg","width":1200,"height":1600},{"@type":"BreadcrumbList","@id":"https:\/\/saudi-gift.com\/product\/%d8%ad%d8%a7%d9%85%d9%84-%d9%85%d8%b5%d8%ad%d9%81-%d8%b1%d9%8a%d8%b2%d9%86-2\/#breadcrumb","itemListElement":[{"@type":"ListItem","position":1,"name":"Home","item":"https:\/\/saudi-gift.com\/fr\/"},{"@type":"ListItem","position":2,"name":"Acheter","item":"https:\/\/saudi-gift.com\/fr\/acheter\/"},{"@type":"ListItem","position":3,"name":"Porte-coran Reisen"}]},{"@type":"WebSite","@id":"https:\/\/saudi-gift.com\/#website","url":"https:\/\/saudi-gift.com\/","name":"\u0647\u062f\u064a\u0629 \u0633\u0639\u0648\u062f\u064a\u0629","description":"\u0647\u062f\u064a\u0629 \u0633\u0639\u0648\u062f\u064a\u0629 \u0645\u062a\u062c\u0631 \u0627\u0644\u0643\u062a\u0631\u0648\u0646\u064a \u064a\u0642\u062f\u0645 \u0644\u0643\u0645 \u0645\u062c\u0645\u0648\u0639\u0629 \u0645\u0646 \u0627\u0644\u0647\u062f\u0627\u064a\u0627 \u0627\u0644\u062a\u064a \u062a\u062c\u0633\u062f \u0639\u0628\u0642 \u0630\u0643\u0631\u064a\u0627\u062a\u0643\u0645 \u0641\u064a \u0627\u0644\u0645\u0634\u0627\u0639\u0631 \u0627\u0644\u0645\u0642\u062f\u0633\u0629","publisher":{"@id":"https:\/\/saudi-gift.com\/#organization"},"alternateName":"\u0647\u062f\u064a\u0629 \u0633\u0639\u0648\u062f\u064a\u0629","potentialAction":[{"@type":"SearchAction","target":{"@type":"EntryPoint","urlTemplate":"https:\/\/saudi-gift.com\/?s={search_term_string}"},"query-input":{"@type":"PropertyValueSpecification","valueRequired":true,"valueName":"search_term_string"}}],"inLanguage":"fr-FR"},{"@type":"Organization","@id":"https:\/\/saudi-gift.com\/#organization","name":"\u0645\u062a\u062c\u0631 \u0627\u0644\u0647\u062f\u064a\u0629","alternateName":"\u0647\u062f\u064a\u0629 \u0633\u0639\u0648\u062f\u064a\u0629","url":"https:\/\/saudi-gift.com\/","logo":{"@type":"ImageObject","inLanguage":"fr-FR","@id":"https:\/\/saudi-gift.com\/#\/schema\/logo\/image\/","url":"https:\/\/saudi-gift.com\/wp-content\/uploads\/2025\/05\/2.png","contentUrl":"https:\/\/saudi-gift.com\/wp-content\/uploads\/2025\/05\/2.png","width":163,"height":42,"caption":"\u0645\u062a\u062c\u0631 \u0627\u0644\u0647\u062f\u064a\u0629"},"image":{"@id":"https:\/\/saudi-gift.com\/#\/schema\/logo\/image\/"},"sameAs":["https:\/\/www.facebook.com\/profile.php?id=61560277649059&mibextid=LQQJ4d","https:\/\/x.com\/saudigift_"]}]}},"jetpack-related-posts":[],"_links":{"self":[{"href":"https:\/\/saudi-gift.com\/fr\/wp-json\/wp\/v2\/product\/56963","targetHints":{"allow":["GET"]}}],"collection":[{"href":"https:\/\/saudi-gift.com\/fr\/wp-json\/wp\/v2\/product"}],"about":[{"href":"https:\/\/saudi-gift.com\/fr\/wp-json\/wp\/v2\/types\/product"}],"replies":[{"embeddable":true,"href":"https:\/\/saudi-gift.com\/fr\/wp-json\/wp\/v2\/comments?post=56963"}],"version-history":[{"count":0,"href":"https:\/\/saudi-gift.com\/fr\/wp-json\/wp\/v2\/product\/56963\/revisions"}],"wp:featuredmedia":[{"embeddable":true,"href":"https:\/\/saudi-gift.com\/fr\/wp-json\/wp\/v2\/media\/55994"}],"wp:attachment":[{"href":"https:\/\/saudi-gift.com\/fr\/wp-json\/wp\/v2\/media?parent=56963"}],"wp:term":[{"taxonomy":"product_brand","embeddable":true,"href":"https:\/\/saudi-gift.com\/fr\/wp-json\/wp\/v2\/product_brand?post=56963"},{"taxonomy":"product_cat","embeddable":true,"href":"https:\/\/saudi-gift.com\/fr\/wp-json\/wp\/v2\/product_cat?post=56963"},{"taxonomy":"product_tag","embeddable":true,"href":"https:\/\/saudi-gift.com\/fr\/wp-json\/wp\/v2\/product_tag?post=56963"}],"curies":[{"name":"wp","href":"https:\/\/api.w.org\/{rel}","templated":true}]}}