{"id":70800,"date":"2025-10-10T09:33:43","date_gmt":"2025-10-10T06:33:43","guid":{"rendered":"https:\/\/saudi-gift.com\/product\/le-panneau-de-la-porte-de-la-kaaba-presente-un-design-delicat-et-orne-qui-met-en-valeur-la-beaute-de-la-kaaba\/"},"modified":"2025-10-10T09:33:43","modified_gmt":"2025-10-10T06:33:43","slug":"le-panneau-de-la-porte-de-la-kaaba-presente-un-design-delicat-et-orne-qui-met-en-valeur-la-beaute-de-la-kaaba","status":"publish","type":"product","link":"https:\/\/saudi-gift.com\/fr\/produit\/le-panneau-de-la-porte-de-la-kaaba-presente-un-design-delicat-et-orne-qui-met-en-valeur-la-beaute-de-la-kaaba\/","title":{"rendered":"Le panneau de la porte de la Kaaba pr\u00e9sente un design d\u00e9licat et orn\u00e9 qui met en valeur la beaut\u00e9 de la Kaaba."},"content":{"rendered":"<ul class=\"a-unordered-list a-vertical a-spacing-mini\">\n<li class=\"a-spacing-mini\"><span class=\"a-list-item\">Design \u00e9l\u00e9gant : Ajoutez une touche d&rsquo;\u00e9l\u00e9gance islamique \u00e0 votre int\u00e9rieur gr\u00e2ce \u00e0 cette superbe tapisserie repr\u00e9sentant la porte de la Kaaba et des versets coraniques brod\u00e9s en or et en argent avec de la calligraphie arabe. <\/span><\/li>\n<li class=\"a-spacing-mini\"><span class=\"a-list-item\">Taille : (140cm x 75cm) Poids : (440g)<\/span><\/li>\n<li class=\"a-spacing-mini\"><span class=\"a-list-item\">Tapisserie tiss\u00e9e : Nous vous pr\u00e9sentons la broderie complexe et \u00e9l\u00e9gante de cette tapisserie qui met en valeur les d\u00e9tails et les couleurs complexes du dessin de la porte de la Kaaba et de la calligraphie arabe. <\/span><\/li>\n<li class=\"a-spacing-mini\"><span class=\"a-list-item\">D\u00e9coration islamique pour la maison : Tr\u00e8s beau cadeau pour l&rsquo;A\u00efd, le Hajj, la Omra, le Ramadan, le Mawlid, les vacances, le martyre et toute autre occasion sp\u00e9ciale ! <\/span><\/li>\n<li class=\"a-spacing-mini\"><span class=\"a-list-item\">Id\u00e9e de cadeau islamique : Surprenez vos amis musulmans et votre famille avec ce magnifique tissu qui convient aussi bien aux hommes qu&rsquo;aux femmes et qui peut \u00eatre offert comme cadeau attentionn\u00e9 pour des occasions sp\u00e9ciales telles que l&rsquo;A\u00efd, le Mawlid et le Ramadan. Fabriqu\u00e9 en \u00c9gypte : D\u00e9couvrez la beaut\u00e9 et la diversit\u00e9 de la culture \u00e9gyptienne ancienne gr\u00e2ce \u00e0 ce tissu fabriqu\u00e9 en \u00c9gypte \u00e0 partir d&rsquo;un tissu et d&rsquo;un dessin de haute qualit\u00e9.   <\/span><\/li>\n<\/ul>\n","protected":false},"excerpt":{"rendered":"<div id=\"productDescription_feature_div\" class=\"celwidget\" data-feature-name=\"productDescription\" data-csa-c-type=\"widget\" data-csa-c-content-id=\"productDescription\" data-csa-c-slot-id=\"productDescription_feature_div\" data-csa-c-asin=\"\" data-csa-c-is-in-initial-active-row=\"false\" data-csa-c-id=\"80t1hq-56bu4y-pdjq9q-5hltga\" data-cel-widget=\"productDescription_feature_div\">\n<div>\n<div id=\"productDescription_feature_div\" class=\"a-row feature\" data-feature-name=\"productDescription\" data-template-name=\"productDescription\" data-cel-widget=\"productDescription_feature_div\">\n<div id=\"productDescription\" class=\"a-section a-spacing-small\">\n<p>La peinture murale est fabriqu\u00e9e \u00e0 partir de mat\u00e9riaux durables et de haute qualit\u00e9, de couleur or et argent. Convient pour \u00eatre accroch\u00e9 dans les mosqu\u00e9es, les maisons et les bureaux Excellent cadeau pour les p\u00e8lerins, les p\u00e8lerins et leurs proches Facile \u00e0 installer et \u00e0 accrocher sur un mur ou un rideau. La peinture murale est soigneusement con\u00e7ue pour refl\u00e9ter la beaut\u00e9 et les d\u00e9tails de la porte de la Kaaba La broderie unique et d\u00e9corative ajoute une touche esth\u00e9tique \u00e0 l&rsquo;endroit La peinture murale refl\u00e8te la spiritualit\u00e9 et la beaut\u00e9 de la Sainte Kaaba Le design de la porte de la Kaaba et des versets coraniques en broderie d&rsquo;or et d&rsquo;argent en calligraphie arabe.  <\/p>\n<\/div>\n<\/div>\n<\/div>\n<\/div>\n","protected":false},"featured_media":70801,"comment_status":"open","ping_status":"closed","template":"","meta":[],"product_brand":[],"product_cat":[3252],"product_tag":[1438,667],"class_list":{"0":"post-70800","1":"product","2":"type-product","3":"status-publish","4":"has-post-thumbnail","6":"product_cat-3252","7":"product_tag--_","8":"product_tag-_","10":"first","11":"instock","12":"sale","13":"shipping-taxable","14":"purchasable","15":"product-type-simple"},"yoast_head":"<!-- This site is optimized with the Yoast SEO Premium plugin v27.2 (Yoast SEO v27.6) - https:\/\/yoast.com\/product\/yoast-seo-premium-wordpress\/ -->\n<title>Le panneau de la porte de la Kaaba pr\u00e9sente un design d\u00e9licat et orn\u00e9 qui met en valeur la beaut\u00e9 de la Kaaba. - \u0647\u062f\u064a\u0629 \u0633\u0639\u0648\u062f\u064a\u0629<\/title>\n<meta name=\"robots\" content=\"index, follow, max-snippet:-1, max-image-preview:large, max-video-preview:-1\" \/>\n<link rel=\"canonical\" href=\"https:\/\/saudi-gift.com\/fr\/produit\/le-panneau-de-la-porte-de-la-kaaba-presente-un-design-delicat-et-orne-qui-met-en-valeur-la-beaute-de-la-kaaba\/\" \/>\n<meta property=\"og:locale\" content=\"fr_FR\" \/>\n<meta property=\"og:type\" content=\"article\" \/>\n<meta property=\"og:title\" content=\"Le panneau de la porte de la Kaaba pr\u00e9sente un design d\u00e9licat et orn\u00e9 qui met en valeur la beaut\u00e9 de la Kaaba.\" \/>\n<meta property=\"og:description\" content=\"La peinture murale est fabriqu\u00e9e \u00e0 partir de mat\u00e9riaux durables et de haute qualit\u00e9, de couleur or et argent. Convient pour \u00eatre accroch\u00e9 dans les mosqu\u00e9es, les maisons et les bureaux Excellent cadeau pour les p\u00e8lerins, les p\u00e8lerins et leurs proches Facile \u00e0 installer et \u00e0 accrocher sur un mur ou un rideau. La peinture murale est soigneusement con\u00e7ue pour refl\u00e9ter la beaut\u00e9 et les d\u00e9tails de la porte de la Kaaba La broderie unique et d\u00e9corative ajoute une touche esth\u00e9tique \u00e0 l&#039;endroit La peinture murale refl\u00e8te la spiritualit\u00e9 et la beaut\u00e9 de la Sainte Kaaba Le design de la porte de la Kaaba et des versets coraniques en broderie d&#039;or et d&#039;argent en calligraphie arabe.\" \/>\n<meta property=\"og:url\" content=\"https:\/\/saudi-gift.com\/fr\/produit\/le-panneau-de-la-porte-de-la-kaaba-presente-un-design-delicat-et-orne-qui-met-en-valeur-la-beaute-de-la-kaaba\/\" \/>\n<meta property=\"og:site_name\" content=\"\u0647\u062f\u064a\u0629 \u0633\u0639\u0648\u062f\u064a\u0629\" \/>\n<meta property=\"article:publisher\" content=\"https:\/\/www.facebook.com\/profile.php?id=61560277649059&amp;mibextid=LQQJ4d\" \/>\n<meta property=\"og:image\" content=\"https:\/\/i0.wp.com\/saudi-gift.com\/wp-content\/uploads\/2025\/10\/cropped-IMG-20250602-WA0044.jpg?fit=755%2C1180&ssl=1\" \/>\n\t<meta property=\"og:image:width\" content=\"755\" \/>\n\t<meta property=\"og:image:height\" content=\"1180\" \/>\n\t<meta property=\"og:image:type\" content=\"image\/jpeg\" \/>\n<meta name=\"twitter:card\" content=\"summary_large_image\" \/>\n<meta name=\"twitter:site\" content=\"@saudigift_\" \/>\n<meta name=\"twitter:label1\" content=\"Dur\u00e9e de lecture estim\u00e9e\" \/>\n\t<meta name=\"twitter:data1\" content=\"1 minute\" \/>\n<script type=\"application\/ld+json\" class=\"yoast-schema-graph\">{\"@context\":\"https:\\\/\\\/schema.org\",\"@graph\":[{\"@type\":\"WebPage\",\"@id\":\"https:\\\/\\\/saudi-gift.com\\\/fr\\\/produit\\\/le-panneau-de-la-porte-de-la-kaaba-presente-un-design-delicat-et-orne-qui-met-en-valeur-la-beaute-de-la-kaaba\\\/\",\"url\":\"https:\\\/\\\/saudi-gift.com\\\/fr\\\/produit\\\/le-panneau-de-la-porte-de-la-kaaba-presente-un-design-delicat-et-orne-qui-met-en-valeur-la-beaute-de-la-kaaba\\\/\",\"name\":\"Le panneau de la porte de la Kaaba pr\u00e9sente un design d\u00e9licat et orn\u00e9 qui met en valeur la beaut\u00e9 de la Kaaba. - \u0647\u062f\u064a\u0629 \u0633\u0639\u0648\u062f\u064a\u0629\",\"isPartOf\":{\"@id\":\"https:\\\/\\\/saudi-gift.com\\\/#website\"},\"primaryImageOfPage\":{\"@id\":\"https:\\\/\\\/saudi-gift.com\\\/fr\\\/produit\\\/le-panneau-de-la-porte-de-la-kaaba-presente-un-design-delicat-et-orne-qui-met-en-valeur-la-beaute-de-la-kaaba\\\/#primaryimage\"},\"image\":{\"@id\":\"https:\\\/\\\/saudi-gift.com\\\/fr\\\/produit\\\/le-panneau-de-la-porte-de-la-kaaba-presente-un-design-delicat-et-orne-qui-met-en-valeur-la-beaute-de-la-kaaba\\\/#primaryimage\"},\"thumbnailUrl\":\"https:\\\/\\\/saudi-gift.com\\\/wp-content\\\/uploads\\\/2025\\\/10\\\/cropped-IMG-20250602-WA0044.jpg\",\"datePublished\":\"2025-10-10T06:33:43+00:00\",\"breadcrumb\":{\"@id\":\"https:\\\/\\\/saudi-gift.com\\\/fr\\\/produit\\\/le-panneau-de-la-porte-de-la-kaaba-presente-un-design-delicat-et-orne-qui-met-en-valeur-la-beaute-de-la-kaaba\\\/#breadcrumb\"},\"inLanguage\":\"fr-FR\",\"potentialAction\":[{\"@type\":\"ReadAction\",\"target\":[\"https:\\\/\\\/saudi-gift.com\\\/fr\\\/produit\\\/le-panneau-de-la-porte-de-la-kaaba-presente-un-design-delicat-et-orne-qui-met-en-valeur-la-beaute-de-la-kaaba\\\/\"]}]},{\"@type\":\"ImageObject\",\"inLanguage\":\"fr-FR\",\"@id\":\"https:\\\/\\\/saudi-gift.com\\\/fr\\\/produit\\\/le-panneau-de-la-porte-de-la-kaaba-presente-un-design-delicat-et-orne-qui-met-en-valeur-la-beaute-de-la-kaaba\\\/#primaryimage\",\"url\":\"https:\\\/\\\/saudi-gift.com\\\/wp-content\\\/uploads\\\/2025\\\/10\\\/cropped-IMG-20250602-WA0044.jpg\",\"contentUrl\":\"https:\\\/\\\/saudi-gift.com\\\/wp-content\\\/uploads\\\/2025\\\/10\\\/cropped-IMG-20250602-WA0044.jpg\",\"width\":755,\"height\":1180},{\"@type\":\"BreadcrumbList\",\"@id\":\"https:\\\/\\\/saudi-gift.com\\\/fr\\\/produit\\\/le-panneau-de-la-porte-de-la-kaaba-presente-un-design-delicat-et-orne-qui-met-en-valeur-la-beaute-de-la-kaaba\\\/#breadcrumb\",\"itemListElement\":[{\"@type\":\"ListItem\",\"position\":1,\"name\":\"Home\",\"item\":\"https:\\\/\\\/saudi-gift.com\\\/fr\\\/\"},{\"@type\":\"ListItem\",\"position\":2,\"name\":\"Acheter\",\"item\":\"https:\\\/\\\/saudi-gift.com\\\/fr\\\/acheter\\\/\"},{\"@type\":\"ListItem\",\"position\":3,\"name\":\"Le panneau de la porte de la Kaaba pr\u00e9sente un design d\u00e9licat et orn\u00e9 qui met en valeur la beaut\u00e9 de la Kaaba.\"}]},{\"@type\":\"WebSite\",\"@id\":\"https:\\\/\\\/saudi-gift.com\\\/#website\",\"url\":\"https:\\\/\\\/saudi-gift.com\\\/\",\"name\":\"\u0647\u062f\u064a\u0629 \u0633\u0639\u0648\u062f\u064a\u0629\",\"description\":\"\u0647\u062f\u064a\u0629 \u0633\u0639\u0648\u062f\u064a\u0629 \u0645\u062a\u062c\u0631 \u0627\u0644\u0643\u062a\u0631\u0648\u0646\u064a \u064a\u0642\u062f\u0645 \u0644\u0643\u0645 \u0645\u062c\u0645\u0648\u0639\u0629 \u0645\u0646 \u0627\u0644\u0647\u062f\u0627\u064a\u0627 \u0627\u0644\u062a\u064a \u062a\u062c\u0633\u062f \u0639\u0628\u0642 \u0630\u0643\u0631\u064a\u0627\u062a\u0643\u0645 \u0641\u064a \u0627\u0644\u0645\u0634\u0627\u0639\u0631 \u0627\u0644\u0645\u0642\u062f\u0633\u0629\",\"publisher\":{\"@id\":\"https:\\\/\\\/saudi-gift.com\\\/#organization\"},\"alternateName\":\"\u0647\u062f\u064a\u0629 \u0633\u0639\u0648\u062f\u064a\u0629\",\"potentialAction\":[{\"@type\":\"SearchAction\",\"target\":{\"@type\":\"EntryPoint\",\"urlTemplate\":\"https:\\\/\\\/saudi-gift.com\\\/?s={search_term_string}\"},\"query-input\":{\"@type\":\"PropertyValueSpecification\",\"valueRequired\":true,\"valueName\":\"search_term_string\"}}],\"inLanguage\":\"fr-FR\"},{\"@type\":\"Organization\",\"@id\":\"https:\\\/\\\/saudi-gift.com\\\/#organization\",\"name\":\"\u0645\u062a\u062c\u0631 \u0627\u0644\u0647\u062f\u064a\u0629\",\"alternateName\":\"\u0647\u062f\u064a\u0629 \u0633\u0639\u0648\u062f\u064a\u0629\",\"url\":\"https:\\\/\\\/saudi-gift.com\\\/\",\"logo\":{\"@type\":\"ImageObject\",\"inLanguage\":\"fr-FR\",\"@id\":\"https:\\\/\\\/saudi-gift.com\\\/#\\\/schema\\\/logo\\\/image\\\/\",\"url\":\"https:\\\/\\\/saudi-gift.com\\\/wp-content\\\/uploads\\\/2025\\\/05\\\/2.png\",\"contentUrl\":\"https:\\\/\\\/saudi-gift.com\\\/wp-content\\\/uploads\\\/2025\\\/05\\\/2.png\",\"width\":163,\"height\":42,\"caption\":\"\u0645\u062a\u062c\u0631 \u0627\u0644\u0647\u062f\u064a\u0629\"},\"image\":{\"@id\":\"https:\\\/\\\/saudi-gift.com\\\/#\\\/schema\\\/logo\\\/image\\\/\"},\"sameAs\":[\"https:\\\/\\\/www.facebook.com\\\/profile.php?id=61560277649059&mibextid=LQQJ4d\",\"https:\\\/\\\/x.com\\\/saudigift_\"]}]}<\/script>\n<!-- \/ Yoast SEO Premium plugin. -->","yoast_head_json":{"title":"Le panneau de la porte de la Kaaba pr\u00e9sente un design d\u00e9licat et orn\u00e9 qui met en valeur la beaut\u00e9 de la Kaaba. - \u0647\u062f\u064a\u0629 \u0633\u0639\u0648\u062f\u064a\u0629","robots":{"index":"index","follow":"follow","max-snippet":"max-snippet:-1","max-image-preview":"max-image-preview:large","max-video-preview":"max-video-preview:-1"},"canonical":"https:\/\/saudi-gift.com\/fr\/produit\/le-panneau-de-la-porte-de-la-kaaba-presente-un-design-delicat-et-orne-qui-met-en-valeur-la-beaute-de-la-kaaba\/","og_locale":"fr_FR","og_type":"article","og_title":"Le panneau de la porte de la Kaaba pr\u00e9sente un design d\u00e9licat et orn\u00e9 qui met en valeur la beaut\u00e9 de la Kaaba.","og_description":"La peinture murale est fabriqu\u00e9e \u00e0 partir de mat\u00e9riaux durables et de haute qualit\u00e9, de couleur or et argent. Convient pour \u00eatre accroch\u00e9 dans les mosqu\u00e9es, les maisons et les bureaux Excellent cadeau pour les p\u00e8lerins, les p\u00e8lerins et leurs proches Facile \u00e0 installer et \u00e0 accrocher sur un mur ou un rideau. La peinture murale est soigneusement con\u00e7ue pour refl\u00e9ter la beaut\u00e9 et les d\u00e9tails de la porte de la Kaaba La broderie unique et d\u00e9corative ajoute une touche esth\u00e9tique \u00e0 l'endroit La peinture murale refl\u00e8te la spiritualit\u00e9 et la beaut\u00e9 de la Sainte Kaaba Le design de la porte de la Kaaba et des versets coraniques en broderie d'or et d'argent en calligraphie arabe.","og_url":"https:\/\/saudi-gift.com\/fr\/produit\/le-panneau-de-la-porte-de-la-kaaba-presente-un-design-delicat-et-orne-qui-met-en-valeur-la-beaute-de-la-kaaba\/","og_site_name":"\u0647\u062f\u064a\u0629 \u0633\u0639\u0648\u062f\u064a\u0629","article_publisher":"https:\/\/www.facebook.com\/profile.php?id=61560277649059&mibextid=LQQJ4d","og_image":[{"width":755,"height":1180,"url":"https:\/\/i0.wp.com\/saudi-gift.com\/wp-content\/uploads\/2025\/10\/cropped-IMG-20250602-WA0044.jpg?fit=755%2C1180&ssl=1","type":"image\/jpeg"}],"twitter_card":"summary_large_image","twitter_site":"@saudigift_","twitter_misc":{"Dur\u00e9e de lecture estim\u00e9e":"1 minute"},"schema":{"@context":"https:\/\/schema.org","@graph":[{"@type":"WebPage","@id":"https:\/\/saudi-gift.com\/fr\/produit\/le-panneau-de-la-porte-de-la-kaaba-presente-un-design-delicat-et-orne-qui-met-en-valeur-la-beaute-de-la-kaaba\/","url":"https:\/\/saudi-gift.com\/fr\/produit\/le-panneau-de-la-porte-de-la-kaaba-presente-un-design-delicat-et-orne-qui-met-en-valeur-la-beaute-de-la-kaaba\/","name":"Le panneau de la porte de la Kaaba pr\u00e9sente un design d\u00e9licat et orn\u00e9 qui met en valeur la beaut\u00e9 de la Kaaba. - \u0647\u062f\u064a\u0629 \u0633\u0639\u0648\u062f\u064a\u0629","isPartOf":{"@id":"https:\/\/saudi-gift.com\/#website"},"primaryImageOfPage":{"@id":"https:\/\/saudi-gift.com\/fr\/produit\/le-panneau-de-la-porte-de-la-kaaba-presente-un-design-delicat-et-orne-qui-met-en-valeur-la-beaute-de-la-kaaba\/#primaryimage"},"image":{"@id":"https:\/\/saudi-gift.com\/fr\/produit\/le-panneau-de-la-porte-de-la-kaaba-presente-un-design-delicat-et-orne-qui-met-en-valeur-la-beaute-de-la-kaaba\/#primaryimage"},"thumbnailUrl":"https:\/\/saudi-gift.com\/wp-content\/uploads\/2025\/10\/cropped-IMG-20250602-WA0044.jpg","datePublished":"2025-10-10T06:33:43+00:00","breadcrumb":{"@id":"https:\/\/saudi-gift.com\/fr\/produit\/le-panneau-de-la-porte-de-la-kaaba-presente-un-design-delicat-et-orne-qui-met-en-valeur-la-beaute-de-la-kaaba\/#breadcrumb"},"inLanguage":"fr-FR","potentialAction":[{"@type":"ReadAction","target":["https:\/\/saudi-gift.com\/fr\/produit\/le-panneau-de-la-porte-de-la-kaaba-presente-un-design-delicat-et-orne-qui-met-en-valeur-la-beaute-de-la-kaaba\/"]}]},{"@type":"ImageObject","inLanguage":"fr-FR","@id":"https:\/\/saudi-gift.com\/fr\/produit\/le-panneau-de-la-porte-de-la-kaaba-presente-un-design-delicat-et-orne-qui-met-en-valeur-la-beaute-de-la-kaaba\/#primaryimage","url":"https:\/\/saudi-gift.com\/wp-content\/uploads\/2025\/10\/cropped-IMG-20250602-WA0044.jpg","contentUrl":"https:\/\/saudi-gift.com\/wp-content\/uploads\/2025\/10\/cropped-IMG-20250602-WA0044.jpg","width":755,"height":1180},{"@type":"BreadcrumbList","@id":"https:\/\/saudi-gift.com\/fr\/produit\/le-panneau-de-la-porte-de-la-kaaba-presente-un-design-delicat-et-orne-qui-met-en-valeur-la-beaute-de-la-kaaba\/#breadcrumb","itemListElement":[{"@type":"ListItem","position":1,"name":"Home","item":"https:\/\/saudi-gift.com\/fr\/"},{"@type":"ListItem","position":2,"name":"Acheter","item":"https:\/\/saudi-gift.com\/fr\/acheter\/"},{"@type":"ListItem","position":3,"name":"Le panneau de la porte de la Kaaba pr\u00e9sente un design d\u00e9licat et orn\u00e9 qui met en valeur la beaut\u00e9 de la Kaaba."}]},{"@type":"WebSite","@id":"https:\/\/saudi-gift.com\/#website","url":"https:\/\/saudi-gift.com\/","name":"\u0647\u062f\u064a\u0629 \u0633\u0639\u0648\u062f\u064a\u0629","description":"\u0647\u062f\u064a\u0629 \u0633\u0639\u0648\u062f\u064a\u0629 \u0645\u062a\u062c\u0631 \u0627\u0644\u0643\u062a\u0631\u0648\u0646\u064a \u064a\u0642\u062f\u0645 \u0644\u0643\u0645 \u0645\u062c\u0645\u0648\u0639\u0629 \u0645\u0646 \u0627\u0644\u0647\u062f\u0627\u064a\u0627 \u0627\u0644\u062a\u064a \u062a\u062c\u0633\u062f \u0639\u0628\u0642 \u0630\u0643\u0631\u064a\u0627\u062a\u0643\u0645 \u0641\u064a \u0627\u0644\u0645\u0634\u0627\u0639\u0631 \u0627\u0644\u0645\u0642\u062f\u0633\u0629","publisher":{"@id":"https:\/\/saudi-gift.com\/#organization"},"alternateName":"\u0647\u062f\u064a\u0629 \u0633\u0639\u0648\u062f\u064a\u0629","potentialAction":[{"@type":"SearchAction","target":{"@type":"EntryPoint","urlTemplate":"https:\/\/saudi-gift.com\/?s={search_term_string}"},"query-input":{"@type":"PropertyValueSpecification","valueRequired":true,"valueName":"search_term_string"}}],"inLanguage":"fr-FR"},{"@type":"Organization","@id":"https:\/\/saudi-gift.com\/#organization","name":"\u0645\u062a\u062c\u0631 \u0627\u0644\u0647\u062f\u064a\u0629","alternateName":"\u0647\u062f\u064a\u0629 \u0633\u0639\u0648\u062f\u064a\u0629","url":"https:\/\/saudi-gift.com\/","logo":{"@type":"ImageObject","inLanguage":"fr-FR","@id":"https:\/\/saudi-gift.com\/#\/schema\/logo\/image\/","url":"https:\/\/saudi-gift.com\/wp-content\/uploads\/2025\/05\/2.png","contentUrl":"https:\/\/saudi-gift.com\/wp-content\/uploads\/2025\/05\/2.png","width":163,"height":42,"caption":"\u0645\u062a\u062c\u0631 \u0627\u0644\u0647\u062f\u064a\u0629"},"image":{"@id":"https:\/\/saudi-gift.com\/#\/schema\/logo\/image\/"},"sameAs":["https:\/\/www.facebook.com\/profile.php?id=61560277649059&mibextid=LQQJ4d","https:\/\/x.com\/saudigift_"]}]}},"jetpack-related-posts":[],"_links":{"self":[{"href":"https:\/\/saudi-gift.com\/fr\/wp-json\/wp\/v2\/product\/70800","targetHints":{"allow":["GET"]}}],"collection":[{"href":"https:\/\/saudi-gift.com\/fr\/wp-json\/wp\/v2\/product"}],"about":[{"href":"https:\/\/saudi-gift.com\/fr\/wp-json\/wp\/v2\/types\/product"}],"replies":[{"embeddable":true,"href":"https:\/\/saudi-gift.com\/fr\/wp-json\/wp\/v2\/comments?post=70800"}],"version-history":[{"count":0,"href":"https:\/\/saudi-gift.com\/fr\/wp-json\/wp\/v2\/product\/70800\/revisions"}],"wp:featuredmedia":[{"embeddable":true,"href":"https:\/\/saudi-gift.com\/fr\/wp-json\/wp\/v2\/media\/70801"}],"wp:attachment":[{"href":"https:\/\/saudi-gift.com\/fr\/wp-json\/wp\/v2\/media?parent=70800"}],"wp:term":[{"taxonomy":"product_brand","embeddable":true,"href":"https:\/\/saudi-gift.com\/fr\/wp-json\/wp\/v2\/product_brand?post=70800"},{"taxonomy":"product_cat","embeddable":true,"href":"https:\/\/saudi-gift.com\/fr\/wp-json\/wp\/v2\/product_cat?post=70800"},{"taxonomy":"product_tag","embeddable":true,"href":"https:\/\/saudi-gift.com\/fr\/wp-json\/wp\/v2\/product_tag?post=70800"}],"curies":[{"name":"wp","href":"https:\/\/api.w.org\/{rel}","templated":true}]}}