{"id":71784,"date":"2025-12-28T19:33:10","date_gmt":"2025-12-28T16:33:10","guid":{"rendered":"https:\/\/saudi-gift.com\/product\/chapelet-de-perles-elegant-design-doux-dans-des-couleurs-distinctives\/"},"modified":"2025-12-28T19:33:10","modified_gmt":"2025-12-28T16:33:10","slug":"chapelet-de-perles-elegant-design-doux-dans-des-couleurs-distinctives","status":"publish","type":"product","link":"https:\/\/saudi-gift.com\/fr\/produit\/chapelet-de-perles-elegant-design-doux-dans-des-couleurs-distinctives\/","title":{"rendered":"Chapelet de perles \u00e9l\u00e9gant &#8211; design doux dans des couleurs distinctives"},"content":{"rendered":"<p dir=\"rtl\">Con\u00e7u avec soin pour allier simplicit\u00e9 et \u00e9l\u00e9gance, ce chapelet de perles est compos\u00e9 de perles douces \u00e0 la finition brillante et d&rsquo;une solide cha\u00eene en m\u00e9tal qui lui conf\u00e8re une belle allure classique. <\/p>\n<p dir=\"rtl\">L\u00e9ger et facile \u00e0 utiliser, il convient \u00e0 un usage quotidien ou \u00e0 un transport permanent. <\/p>\n<p dir=\"rtl\">Id\u00e9al pour offrir \u00e0 diff\u00e9rentes occasions, c&rsquo;est aussi un excellent choix pour ceux qui aiment les chapelets aux couleurs discr\u00e8tes et au design \u00e9pur\u00e9. <\/p>\n<p dir=\"rtl\">Disponible en plusieurs couleurs pour r\u00e9pondre \u00e0 tous les go\u00fbts.<\/p>\n<p dir=\"rtl\">Note : La couleur peut varier l\u00e9g\u00e8rement en fonction de l&rsquo;\u00e9clairage ou de l&rsquo;\u00e9cran.<\/p>\n","protected":false},"excerpt":{"rendered":"<p dir=\"rtl\">Ce chapelet de perles, au design \u00e9l\u00e9gant et aux couleurs douces, convient \u00e0 la louange quotidienne ou \u00e0 un cadeau sophistiqu\u00e9. <\/p>\n","protected":false},"featured_media":71785,"comment_status":"open","ping_status":"closed","template":"","meta":[],"product_brand":[],"product_cat":[3363],"product_tag":[819,1811,807,3409],"class_list":{"0":"post-71784","1":"product","2":"type-product","3":"status-publish","4":"has-post-thumbnail","6":"product_cat-chapelets","7":"product_tag-sabha-fr","8":"product_tag-_-fr","10":"product_tag-3409","12":"first","13":"outofstock","14":"shipping-taxable","15":"purchasable","16":"product-type-simple"},"yoast_head":"<!-- This site is optimized with the Yoast SEO Premium plugin v27.2 (Yoast SEO v27.6) - https:\/\/yoast.com\/product\/yoast-seo-premium-wordpress\/ -->\n<title>Chapelet de perles \u00e9l\u00e9gant - design doux dans des couleurs distinctives - \u0647\u062f\u064a\u0629 \u0633\u0639\u0648\u062f\u064a\u0629<\/title>\n<meta name=\"robots\" content=\"index, follow, max-snippet:-1, max-image-preview:large, max-video-preview:-1\" \/>\n<link rel=\"canonical\" href=\"https:\/\/saudi-gift.com\/fr\/produit\/chapelet-de-perles-elegant-design-doux-dans-des-couleurs-distinctives\/\" \/>\n<meta property=\"og:locale\" content=\"fr_FR\" \/>\n<meta property=\"og:type\" content=\"article\" \/>\n<meta property=\"og:title\" content=\"Chapelet de perles \u00e9l\u00e9gant - design doux dans des couleurs distinctives\" \/>\n<meta property=\"og:description\" content=\"Ce chapelet de perles, au design \u00e9l\u00e9gant et aux couleurs douces, convient \u00e0 la louange quotidienne ou \u00e0 un cadeau sophistiqu\u00e9.\" \/>\n<meta property=\"og:url\" content=\"https:\/\/saudi-gift.com\/fr\/produit\/chapelet-de-perles-elegant-design-doux-dans-des-couleurs-distinctives\/\" \/>\n<meta property=\"og:site_name\" content=\"\u0647\u062f\u064a\u0629 \u0633\u0639\u0648\u062f\u064a\u0629\" \/>\n<meta property=\"article:publisher\" content=\"https:\/\/www.facebook.com\/profile.php?id=61560277649059&amp;mibextid=LQQJ4d\" \/>\n<meta property=\"og:image\" content=\"https:\/\/i0.wp.com\/saudi-gift.com\/wp-content\/uploads\/2025\/12\/cropped-IMG_6864.jpeg?fit=800%2C990&ssl=1\" \/>\n\t<meta property=\"og:image:width\" content=\"800\" \/>\n\t<meta property=\"og:image:height\" content=\"990\" \/>\n\t<meta property=\"og:image:type\" content=\"image\/jpeg\" \/>\n<meta name=\"twitter:card\" content=\"summary_large_image\" \/>\n<meta name=\"twitter:site\" content=\"@saudigift_\" \/>\n<meta name=\"twitter:label1\" content=\"Dur\u00e9e de lecture estim\u00e9e\" \/>\n\t<meta name=\"twitter:data1\" content=\"1 minute\" \/>\n<script type=\"application\/ld+json\" class=\"yoast-schema-graph\">{\"@context\":\"https:\\\/\\\/schema.org\",\"@graph\":[{\"@type\":\"WebPage\",\"@id\":\"https:\\\/\\\/saudi-gift.com\\\/fr\\\/produit\\\/chapelet-de-perles-elegant-design-doux-dans-des-couleurs-distinctives\\\/\",\"url\":\"https:\\\/\\\/saudi-gift.com\\\/fr\\\/produit\\\/chapelet-de-perles-elegant-design-doux-dans-des-couleurs-distinctives\\\/\",\"name\":\"Chapelet de perles \u00e9l\u00e9gant - design doux dans des couleurs distinctives - \u0647\u062f\u064a\u0629 \u0633\u0639\u0648\u062f\u064a\u0629\",\"isPartOf\":{\"@id\":\"https:\\\/\\\/saudi-gift.com\\\/#website\"},\"primaryImageOfPage\":{\"@id\":\"https:\\\/\\\/saudi-gift.com\\\/fr\\\/produit\\\/chapelet-de-perles-elegant-design-doux-dans-des-couleurs-distinctives\\\/#primaryimage\"},\"image\":{\"@id\":\"https:\\\/\\\/saudi-gift.com\\\/fr\\\/produit\\\/chapelet-de-perles-elegant-design-doux-dans-des-couleurs-distinctives\\\/#primaryimage\"},\"thumbnailUrl\":\"https:\\\/\\\/saudi-gift.com\\\/wp-content\\\/uploads\\\/2025\\\/12\\\/cropped-IMG_6864.jpeg\",\"datePublished\":\"2025-12-28T16:33:10+00:00\",\"breadcrumb\":{\"@id\":\"https:\\\/\\\/saudi-gift.com\\\/fr\\\/produit\\\/chapelet-de-perles-elegant-design-doux-dans-des-couleurs-distinctives\\\/#breadcrumb\"},\"inLanguage\":\"fr-FR\",\"potentialAction\":[{\"@type\":\"ReadAction\",\"target\":[\"https:\\\/\\\/saudi-gift.com\\\/fr\\\/produit\\\/chapelet-de-perles-elegant-design-doux-dans-des-couleurs-distinctives\\\/\"]}]},{\"@type\":\"ImageObject\",\"inLanguage\":\"fr-FR\",\"@id\":\"https:\\\/\\\/saudi-gift.com\\\/fr\\\/produit\\\/chapelet-de-perles-elegant-design-doux-dans-des-couleurs-distinctives\\\/#primaryimage\",\"url\":\"https:\\\/\\\/saudi-gift.com\\\/wp-content\\\/uploads\\\/2025\\\/12\\\/cropped-IMG_6864.jpeg\",\"contentUrl\":\"https:\\\/\\\/saudi-gift.com\\\/wp-content\\\/uploads\\\/2025\\\/12\\\/cropped-IMG_6864.jpeg\",\"width\":800,\"height\":990},{\"@type\":\"BreadcrumbList\",\"@id\":\"https:\\\/\\\/saudi-gift.com\\\/fr\\\/produit\\\/chapelet-de-perles-elegant-design-doux-dans-des-couleurs-distinctives\\\/#breadcrumb\",\"itemListElement\":[{\"@type\":\"ListItem\",\"position\":1,\"name\":\"Home\",\"item\":\"https:\\\/\\\/saudi-gift.com\\\/fr\\\/\"},{\"@type\":\"ListItem\",\"position\":2,\"name\":\"Acheter\",\"item\":\"https:\\\/\\\/saudi-gift.com\\\/fr\\\/acheter\\\/\"},{\"@type\":\"ListItem\",\"position\":3,\"name\":\"Chapelet de perles \u00e9l\u00e9gant &#8211; design doux dans des couleurs distinctives\"}]},{\"@type\":\"WebSite\",\"@id\":\"https:\\\/\\\/saudi-gift.com\\\/#website\",\"url\":\"https:\\\/\\\/saudi-gift.com\\\/\",\"name\":\"\u0647\u062f\u064a\u0629 \u0633\u0639\u0648\u062f\u064a\u0629\",\"description\":\"\u0647\u062f\u064a\u0629 \u0633\u0639\u0648\u062f\u064a\u0629 \u0645\u062a\u062c\u0631 \u0627\u0644\u0643\u062a\u0631\u0648\u0646\u064a \u064a\u0642\u062f\u0645 \u0644\u0643\u0645 \u0645\u062c\u0645\u0648\u0639\u0629 \u0645\u0646 \u0627\u0644\u0647\u062f\u0627\u064a\u0627 \u0627\u0644\u062a\u064a \u062a\u062c\u0633\u062f \u0639\u0628\u0642 \u0630\u0643\u0631\u064a\u0627\u062a\u0643\u0645 \u0641\u064a \u0627\u0644\u0645\u0634\u0627\u0639\u0631 \u0627\u0644\u0645\u0642\u062f\u0633\u0629\",\"publisher\":{\"@id\":\"https:\\\/\\\/saudi-gift.com\\\/#organization\"},\"alternateName\":\"\u0647\u062f\u064a\u0629 \u0633\u0639\u0648\u062f\u064a\u0629\",\"potentialAction\":[{\"@type\":\"SearchAction\",\"target\":{\"@type\":\"EntryPoint\",\"urlTemplate\":\"https:\\\/\\\/saudi-gift.com\\\/?s={search_term_string}\"},\"query-input\":{\"@type\":\"PropertyValueSpecification\",\"valueRequired\":true,\"valueName\":\"search_term_string\"}}],\"inLanguage\":\"fr-FR\"},{\"@type\":\"Organization\",\"@id\":\"https:\\\/\\\/saudi-gift.com\\\/#organization\",\"name\":\"\u0645\u062a\u062c\u0631 \u0627\u0644\u0647\u062f\u064a\u0629\",\"alternateName\":\"\u0647\u062f\u064a\u0629 \u0633\u0639\u0648\u062f\u064a\u0629\",\"url\":\"https:\\\/\\\/saudi-gift.com\\\/\",\"logo\":{\"@type\":\"ImageObject\",\"inLanguage\":\"fr-FR\",\"@id\":\"https:\\\/\\\/saudi-gift.com\\\/#\\\/schema\\\/logo\\\/image\\\/\",\"url\":\"https:\\\/\\\/saudi-gift.com\\\/wp-content\\\/uploads\\\/2025\\\/05\\\/2.png\",\"contentUrl\":\"https:\\\/\\\/saudi-gift.com\\\/wp-content\\\/uploads\\\/2025\\\/05\\\/2.png\",\"width\":163,\"height\":42,\"caption\":\"\u0645\u062a\u062c\u0631 \u0627\u0644\u0647\u062f\u064a\u0629\"},\"image\":{\"@id\":\"https:\\\/\\\/saudi-gift.com\\\/#\\\/schema\\\/logo\\\/image\\\/\"},\"sameAs\":[\"https:\\\/\\\/www.facebook.com\\\/profile.php?id=61560277649059&mibextid=LQQJ4d\",\"https:\\\/\\\/x.com\\\/saudigift_\"]}]}<\/script>\n<!-- \/ Yoast SEO Premium plugin. -->","yoast_head_json":{"title":"Chapelet de perles \u00e9l\u00e9gant - design doux dans des couleurs distinctives - \u0647\u062f\u064a\u0629 \u0633\u0639\u0648\u062f\u064a\u0629","robots":{"index":"index","follow":"follow","max-snippet":"max-snippet:-1","max-image-preview":"max-image-preview:large","max-video-preview":"max-video-preview:-1"},"canonical":"https:\/\/saudi-gift.com\/fr\/produit\/chapelet-de-perles-elegant-design-doux-dans-des-couleurs-distinctives\/","og_locale":"fr_FR","og_type":"article","og_title":"Chapelet de perles \u00e9l\u00e9gant - design doux dans des couleurs distinctives","og_description":"Ce chapelet de perles, au design \u00e9l\u00e9gant et aux couleurs douces, convient \u00e0 la louange quotidienne ou \u00e0 un cadeau sophistiqu\u00e9.","og_url":"https:\/\/saudi-gift.com\/fr\/produit\/chapelet-de-perles-elegant-design-doux-dans-des-couleurs-distinctives\/","og_site_name":"\u0647\u062f\u064a\u0629 \u0633\u0639\u0648\u062f\u064a\u0629","article_publisher":"https:\/\/www.facebook.com\/profile.php?id=61560277649059&mibextid=LQQJ4d","og_image":[{"width":800,"height":990,"url":"https:\/\/i0.wp.com\/saudi-gift.com\/wp-content\/uploads\/2025\/12\/cropped-IMG_6864.jpeg?fit=800%2C990&ssl=1","type":"image\/jpeg"}],"twitter_card":"summary_large_image","twitter_site":"@saudigift_","twitter_misc":{"Dur\u00e9e de lecture estim\u00e9e":"1 minute"},"schema":{"@context":"https:\/\/schema.org","@graph":[{"@type":"WebPage","@id":"https:\/\/saudi-gift.com\/fr\/produit\/chapelet-de-perles-elegant-design-doux-dans-des-couleurs-distinctives\/","url":"https:\/\/saudi-gift.com\/fr\/produit\/chapelet-de-perles-elegant-design-doux-dans-des-couleurs-distinctives\/","name":"Chapelet de perles \u00e9l\u00e9gant - design doux dans des couleurs distinctives - \u0647\u062f\u064a\u0629 \u0633\u0639\u0648\u062f\u064a\u0629","isPartOf":{"@id":"https:\/\/saudi-gift.com\/#website"},"primaryImageOfPage":{"@id":"https:\/\/saudi-gift.com\/fr\/produit\/chapelet-de-perles-elegant-design-doux-dans-des-couleurs-distinctives\/#primaryimage"},"image":{"@id":"https:\/\/saudi-gift.com\/fr\/produit\/chapelet-de-perles-elegant-design-doux-dans-des-couleurs-distinctives\/#primaryimage"},"thumbnailUrl":"https:\/\/saudi-gift.com\/wp-content\/uploads\/2025\/12\/cropped-IMG_6864.jpeg","datePublished":"2025-12-28T16:33:10+00:00","breadcrumb":{"@id":"https:\/\/saudi-gift.com\/fr\/produit\/chapelet-de-perles-elegant-design-doux-dans-des-couleurs-distinctives\/#breadcrumb"},"inLanguage":"fr-FR","potentialAction":[{"@type":"ReadAction","target":["https:\/\/saudi-gift.com\/fr\/produit\/chapelet-de-perles-elegant-design-doux-dans-des-couleurs-distinctives\/"]}]},{"@type":"ImageObject","inLanguage":"fr-FR","@id":"https:\/\/saudi-gift.com\/fr\/produit\/chapelet-de-perles-elegant-design-doux-dans-des-couleurs-distinctives\/#primaryimage","url":"https:\/\/saudi-gift.com\/wp-content\/uploads\/2025\/12\/cropped-IMG_6864.jpeg","contentUrl":"https:\/\/saudi-gift.com\/wp-content\/uploads\/2025\/12\/cropped-IMG_6864.jpeg","width":800,"height":990},{"@type":"BreadcrumbList","@id":"https:\/\/saudi-gift.com\/fr\/produit\/chapelet-de-perles-elegant-design-doux-dans-des-couleurs-distinctives\/#breadcrumb","itemListElement":[{"@type":"ListItem","position":1,"name":"Home","item":"https:\/\/saudi-gift.com\/fr\/"},{"@type":"ListItem","position":2,"name":"Acheter","item":"https:\/\/saudi-gift.com\/fr\/acheter\/"},{"@type":"ListItem","position":3,"name":"Chapelet de perles \u00e9l\u00e9gant &#8211; design doux dans des couleurs distinctives"}]},{"@type":"WebSite","@id":"https:\/\/saudi-gift.com\/#website","url":"https:\/\/saudi-gift.com\/","name":"\u0647\u062f\u064a\u0629 \u0633\u0639\u0648\u062f\u064a\u0629","description":"\u0647\u062f\u064a\u0629 \u0633\u0639\u0648\u062f\u064a\u0629 \u0645\u062a\u062c\u0631 \u0627\u0644\u0643\u062a\u0631\u0648\u0646\u064a \u064a\u0642\u062f\u0645 \u0644\u0643\u0645 \u0645\u062c\u0645\u0648\u0639\u0629 \u0645\u0646 \u0627\u0644\u0647\u062f\u0627\u064a\u0627 \u0627\u0644\u062a\u064a \u062a\u062c\u0633\u062f \u0639\u0628\u0642 \u0630\u0643\u0631\u064a\u0627\u062a\u0643\u0645 \u0641\u064a \u0627\u0644\u0645\u0634\u0627\u0639\u0631 \u0627\u0644\u0645\u0642\u062f\u0633\u0629","publisher":{"@id":"https:\/\/saudi-gift.com\/#organization"},"alternateName":"\u0647\u062f\u064a\u0629 \u0633\u0639\u0648\u062f\u064a\u0629","potentialAction":[{"@type":"SearchAction","target":{"@type":"EntryPoint","urlTemplate":"https:\/\/saudi-gift.com\/?s={search_term_string}"},"query-input":{"@type":"PropertyValueSpecification","valueRequired":true,"valueName":"search_term_string"}}],"inLanguage":"fr-FR"},{"@type":"Organization","@id":"https:\/\/saudi-gift.com\/#organization","name":"\u0645\u062a\u062c\u0631 \u0627\u0644\u0647\u062f\u064a\u0629","alternateName":"\u0647\u062f\u064a\u0629 \u0633\u0639\u0648\u062f\u064a\u0629","url":"https:\/\/saudi-gift.com\/","logo":{"@type":"ImageObject","inLanguage":"fr-FR","@id":"https:\/\/saudi-gift.com\/#\/schema\/logo\/image\/","url":"https:\/\/saudi-gift.com\/wp-content\/uploads\/2025\/05\/2.png","contentUrl":"https:\/\/saudi-gift.com\/wp-content\/uploads\/2025\/05\/2.png","width":163,"height":42,"caption":"\u0645\u062a\u062c\u0631 \u0627\u0644\u0647\u062f\u064a\u0629"},"image":{"@id":"https:\/\/saudi-gift.com\/#\/schema\/logo\/image\/"},"sameAs":["https:\/\/www.facebook.com\/profile.php?id=61560277649059&mibextid=LQQJ4d","https:\/\/x.com\/saudigift_"]}]}},"jetpack-related-posts":[],"_links":{"self":[{"href":"https:\/\/saudi-gift.com\/fr\/wp-json\/wp\/v2\/product\/71784","targetHints":{"allow":["GET"]}}],"collection":[{"href":"https:\/\/saudi-gift.com\/fr\/wp-json\/wp\/v2\/product"}],"about":[{"href":"https:\/\/saudi-gift.com\/fr\/wp-json\/wp\/v2\/types\/product"}],"replies":[{"embeddable":true,"href":"https:\/\/saudi-gift.com\/fr\/wp-json\/wp\/v2\/comments?post=71784"}],"version-history":[{"count":0,"href":"https:\/\/saudi-gift.com\/fr\/wp-json\/wp\/v2\/product\/71784\/revisions"}],"wp:featuredmedia":[{"embeddable":true,"href":"https:\/\/saudi-gift.com\/fr\/wp-json\/wp\/v2\/media\/71785"}],"wp:attachment":[{"href":"https:\/\/saudi-gift.com\/fr\/wp-json\/wp\/v2\/media?parent=71784"}],"wp:term":[{"taxonomy":"product_brand","embeddable":true,"href":"https:\/\/saudi-gift.com\/fr\/wp-json\/wp\/v2\/product_brand?post=71784"},{"taxonomy":"product_cat","embeddable":true,"href":"https:\/\/saudi-gift.com\/fr\/wp-json\/wp\/v2\/product_cat?post=71784"},{"taxonomy":"product_tag","embeddable":true,"href":"https:\/\/saudi-gift.com\/fr\/wp-json\/wp\/v2\/product_tag?post=71784"}],"curies":[{"name":"wp","href":"https:\/\/api.w.org\/{rel}","templated":true}]}}