{"id":73605,"date":"2026-02-11T16:07:33","date_gmt":"2026-02-11T13:07:33","guid":{"rendered":"https:\/\/saudi-gift.com\/product\/original-natural-miswak-soins-bucco-dentaires-sunnah\/"},"modified":"2026-02-11T16:07:33","modified_gmt":"2026-02-11T13:07:33","slug":"original-natural-miswak-soins-bucco-dentaires-sunnah","status":"publish","type":"product","link":"https:\/\/saudi-gift.com\/fr\/produit\/original-natural-miswak-soins-bucco-dentaires-sunnah\/","title":{"rendered":"Original Natural Miswak &#8211; Soins bucco-dentaires Sunnah"},"content":{"rendered":"<p data-start=\"386\" data-end=\"514\">Profitez de soins dentaires naturels avec le <strong data-start=\"422\" data-end=\"448\">miswak naturel original<\/strong>, fabriqu\u00e9 \u00e0 partir des racines de l&rsquo;arbre Arak et reconnu pour ses bienfaits sur la sant\u00e9 depuis l&rsquo;Antiquit\u00e9.<\/p>\n<p data-start=\"516\" data-end=\"653\">Miswak est id\u00e9al pour ceux qui recherchent une hygi\u00e8ne bucco-dentaire naturelle et s\u00fbre. Il est utilis\u00e9 conform\u00e9ment \u00e0 la Sunnah du proph\u00e8te Mahomet, combinant les bienfaits pour la sant\u00e9 et la valeur religieuse.  <\/p>\n<p data-start=\"655\" data-end=\"745\">Il est facile \u00e0 utiliser, l\u00e9ger et peut \u00eatre transport\u00e9 dans une poche ou un sac pour \u00eatre utilis\u00e9 \u00e0 tout moment.  <\/p>\n<h3 data-start=\"747\" data-end=\"762\">\u2728 Caract\u00e9ristiques :<\/h3>\n<ul data-start=\"763\" data-end=\"954\">\n<li data-start=\"763\" data-end=\"792\">\n<p data-start=\"765\" data-end=\"792\">100% naturel de l&rsquo;arbre Arak<\/p>\n<\/li>\n<li data-start=\"793\" data-end=\"835\">\n<p data-start=\"795\" data-end=\"835\">Aide \u00e0 nettoyer les dents et \u00e0 \u00e9liminer la plaque dentaire<\/p>\n<\/li>\n<li data-start=\"836\" data-end=\"864\">\n<p data-start=\"838\" data-end=\"864\">Naturellement rafra\u00eechissant<\/p>\n<\/li>\n<li data-start=\"865\" data-end=\"894\">\n<p data-start=\"867\" data-end=\"894\">Sans produits chimiques<\/p>\n<\/li>\n<li data-start=\"895\" data-end=\"921\">\n<p data-start=\"897\" data-end=\"921\">Convient \u00e0 un usage quotidien<\/p>\n<\/li>\n<li data-start=\"922\" data-end=\"954\">\n<p data-start=\"924\" data-end=\"954\">Un produit du patrimoine \u00e0 haute valeur religieuse<\/p>\n<\/li>\n<\/ul>\n<h2 data-start=\"961\" data-end=\"998\">\ud83d\udce6 D\u00e9tails du produit<\/h2>\n<ul data-start=\"1000\" data-end=\"1159\">\n<li data-start=\"1000\" data-end=\"1022\">\n<p data-start=\"1002\" data-end=\"1022\">Type : Cure-dents naturel <\/p>\n<\/li>\n<li data-start=\"1023\" data-end=\"1046\">\n<p data-start=\"1025\" data-end=\"1046\">Source : Arak Tree <\/p>\n<\/li>\n<li data-start=\"1047\" data-end=\"1077\">\n<p data-start=\"1049\" data-end=\"1077\">Hauteur approximative : 15 &#8211; 20cm <\/p>\n<\/li>\n<li data-start=\"1078\" data-end=\"1122\">\n<p data-start=\"1080\" data-end=\"1122\">Utilisation : Nettoyage des dents et soin des gencives <\/p>\n<\/li>\n<\/ul>\n","protected":false},"excerpt":{"rendered":"<p>10pcs &#8211; Un cure-dent 100% naturel pour un brossage sain et s\u00fbr, vous procurant une fra\u00eecheur naturelle et favorisant la sant\u00e9 des gencives au quotidien. <\/p>\n","protected":false},"featured_media":73607,"comment_status":"open","ping_status":"closed","template":"","meta":[],"product_brand":[],"product_cat":[3360],"product_tag":[3553,2244,3554],"class_list":{"0":"post-73605","1":"product","2":"type-product","3":"status-publish","4":"has-post-thumbnail","6":"product_cat-produits-naturels-prophetiques","7":"product_tag-_","8":"product_tag--fr","11":"first","12":"instock","13":"shipping-taxable","14":"purchasable","15":"product-type-simple"},"yoast_head":"<!-- This site is optimized with the Yoast SEO Premium plugin v27.2 (Yoast SEO v27.6) - https:\/\/yoast.com\/product\/yoast-seo-premium-wordpress\/ -->\n<title>Original Natural Miswak - Soins bucco-dentaires Sunnah - \u0647\u062f\u064a\u0629 \u0633\u0639\u0648\u062f\u064a\u0629<\/title>\n<meta name=\"robots\" content=\"index, follow, max-snippet:-1, max-image-preview:large, max-video-preview:-1\" \/>\n<link rel=\"canonical\" href=\"https:\/\/saudi-gift.com\/fr\/produit\/original-natural-miswak-soins-bucco-dentaires-sunnah\/\" \/>\n<meta property=\"og:locale\" content=\"fr_FR\" \/>\n<meta property=\"og:type\" content=\"article\" \/>\n<meta property=\"og:title\" content=\"Original Natural Miswak - Soins bucco-dentaires Sunnah\" \/>\n<meta property=\"og:description\" content=\"10pcs - Un cure-dent 100% naturel pour un brossage sain et s\u00fbr, vous procurant une fra\u00eecheur naturelle et favorisant la sant\u00e9 des gencives au quotidien.\" \/>\n<meta property=\"og:url\" content=\"https:\/\/saudi-gift.com\/fr\/produit\/original-natural-miswak-soins-bucco-dentaires-sunnah\/\" \/>\n<meta property=\"og:site_name\" content=\"\u0647\u062f\u064a\u0629 \u0633\u0639\u0648\u062f\u064a\u0629\" \/>\n<meta property=\"article:publisher\" content=\"https:\/\/www.facebook.com\/profile.php?id=61560277649059&amp;mibextid=LQQJ4d\" \/>\n<meta property=\"og:image\" content=\"https:\/\/i0.wp.com\/saudi-gift.com\/wp-content\/uploads\/2026\/02\/%D9%85%D8%B3%D9%88%D8%A7%D9%83.webp?fit=474%2C474&ssl=1\" \/>\n\t<meta property=\"og:image:width\" content=\"474\" \/>\n\t<meta property=\"og:image:height\" content=\"474\" \/>\n\t<meta property=\"og:image:type\" content=\"image\/webp\" \/>\n<meta name=\"twitter:card\" content=\"summary_large_image\" \/>\n<meta name=\"twitter:site\" content=\"@saudigift_\" \/>\n<meta name=\"twitter:label1\" content=\"Dur\u00e9e de lecture estim\u00e9e\" \/>\n\t<meta name=\"twitter:data1\" content=\"1 minute\" \/>\n<script type=\"application\/ld+json\" class=\"yoast-schema-graph\">{\"@context\":\"https:\\\/\\\/schema.org\",\"@graph\":[{\"@type\":\"WebPage\",\"@id\":\"https:\\\/\\\/saudi-gift.com\\\/fr\\\/produit\\\/original-natural-miswak-soins-bucco-dentaires-sunnah\\\/\",\"url\":\"https:\\\/\\\/saudi-gift.com\\\/fr\\\/produit\\\/original-natural-miswak-soins-bucco-dentaires-sunnah\\\/\",\"name\":\"Original Natural Miswak - Soins bucco-dentaires Sunnah - \u0647\u062f\u064a\u0629 \u0633\u0639\u0648\u062f\u064a\u0629\",\"isPartOf\":{\"@id\":\"https:\\\/\\\/saudi-gift.com\\\/#website\"},\"primaryImageOfPage\":{\"@id\":\"https:\\\/\\\/saudi-gift.com\\\/fr\\\/produit\\\/original-natural-miswak-soins-bucco-dentaires-sunnah\\\/#primaryimage\"},\"image\":{\"@id\":\"https:\\\/\\\/saudi-gift.com\\\/fr\\\/produit\\\/original-natural-miswak-soins-bucco-dentaires-sunnah\\\/#primaryimage\"},\"thumbnailUrl\":\"https:\\\/\\\/saudi-gift.com\\\/wp-content\\\/uploads\\\/2026\\\/02\\\/\u0645\u0633\u0648\u0627\u0643.webp\",\"datePublished\":\"2026-02-11T13:07:33+00:00\",\"breadcrumb\":{\"@id\":\"https:\\\/\\\/saudi-gift.com\\\/fr\\\/produit\\\/original-natural-miswak-soins-bucco-dentaires-sunnah\\\/#breadcrumb\"},\"inLanguage\":\"fr-FR\",\"potentialAction\":[{\"@type\":\"ReadAction\",\"target\":[\"https:\\\/\\\/saudi-gift.com\\\/fr\\\/produit\\\/original-natural-miswak-soins-bucco-dentaires-sunnah\\\/\"]}]},{\"@type\":\"ImageObject\",\"inLanguage\":\"fr-FR\",\"@id\":\"https:\\\/\\\/saudi-gift.com\\\/fr\\\/produit\\\/original-natural-miswak-soins-bucco-dentaires-sunnah\\\/#primaryimage\",\"url\":\"https:\\\/\\\/saudi-gift.com\\\/wp-content\\\/uploads\\\/2026\\\/02\\\/\u0645\u0633\u0648\u0627\u0643.webp\",\"contentUrl\":\"https:\\\/\\\/saudi-gift.com\\\/wp-content\\\/uploads\\\/2026\\\/02\\\/\u0645\u0633\u0648\u0627\u0643.webp\",\"width\":474,\"height\":474},{\"@type\":\"BreadcrumbList\",\"@id\":\"https:\\\/\\\/saudi-gift.com\\\/fr\\\/produit\\\/original-natural-miswak-soins-bucco-dentaires-sunnah\\\/#breadcrumb\",\"itemListElement\":[{\"@type\":\"ListItem\",\"position\":1,\"name\":\"Home\",\"item\":\"https:\\\/\\\/saudi-gift.com\\\/fr\\\/\"},{\"@type\":\"ListItem\",\"position\":2,\"name\":\"Acheter\",\"item\":\"https:\\\/\\\/saudi-gift.com\\\/fr\\\/acheter\\\/\"},{\"@type\":\"ListItem\",\"position\":3,\"name\":\"Original Natural Miswak &#8211; Soins bucco-dentaires Sunnah\"}]},{\"@type\":\"WebSite\",\"@id\":\"https:\\\/\\\/saudi-gift.com\\\/#website\",\"url\":\"https:\\\/\\\/saudi-gift.com\\\/\",\"name\":\"\u0647\u062f\u064a\u0629 \u0633\u0639\u0648\u062f\u064a\u0629\",\"description\":\"\u0647\u062f\u064a\u0629 \u0633\u0639\u0648\u062f\u064a\u0629 \u0645\u062a\u062c\u0631 \u0627\u0644\u0643\u062a\u0631\u0648\u0646\u064a \u064a\u0642\u062f\u0645 \u0644\u0643\u0645 \u0645\u062c\u0645\u0648\u0639\u0629 \u0645\u0646 \u0627\u0644\u0647\u062f\u0627\u064a\u0627 \u0627\u0644\u062a\u064a \u062a\u062c\u0633\u062f \u0639\u0628\u0642 \u0630\u0643\u0631\u064a\u0627\u062a\u0643\u0645 \u0641\u064a \u0627\u0644\u0645\u0634\u0627\u0639\u0631 \u0627\u0644\u0645\u0642\u062f\u0633\u0629\",\"publisher\":{\"@id\":\"https:\\\/\\\/saudi-gift.com\\\/#organization\"},\"alternateName\":\"\u0647\u062f\u064a\u0629 \u0633\u0639\u0648\u062f\u064a\u0629\",\"potentialAction\":[{\"@type\":\"SearchAction\",\"target\":{\"@type\":\"EntryPoint\",\"urlTemplate\":\"https:\\\/\\\/saudi-gift.com\\\/?s={search_term_string}\"},\"query-input\":{\"@type\":\"PropertyValueSpecification\",\"valueRequired\":true,\"valueName\":\"search_term_string\"}}],\"inLanguage\":\"fr-FR\"},{\"@type\":\"Organization\",\"@id\":\"https:\\\/\\\/saudi-gift.com\\\/#organization\",\"name\":\"\u0645\u062a\u062c\u0631 \u0627\u0644\u0647\u062f\u064a\u0629\",\"alternateName\":\"\u0647\u062f\u064a\u0629 \u0633\u0639\u0648\u062f\u064a\u0629\",\"url\":\"https:\\\/\\\/saudi-gift.com\\\/\",\"logo\":{\"@type\":\"ImageObject\",\"inLanguage\":\"fr-FR\",\"@id\":\"https:\\\/\\\/saudi-gift.com\\\/#\\\/schema\\\/logo\\\/image\\\/\",\"url\":\"https:\\\/\\\/saudi-gift.com\\\/wp-content\\\/uploads\\\/2025\\\/05\\\/2.png\",\"contentUrl\":\"https:\\\/\\\/saudi-gift.com\\\/wp-content\\\/uploads\\\/2025\\\/05\\\/2.png\",\"width\":163,\"height\":42,\"caption\":\"\u0645\u062a\u062c\u0631 \u0627\u0644\u0647\u062f\u064a\u0629\"},\"image\":{\"@id\":\"https:\\\/\\\/saudi-gift.com\\\/#\\\/schema\\\/logo\\\/image\\\/\"},\"sameAs\":[\"https:\\\/\\\/www.facebook.com\\\/profile.php?id=61560277649059&mibextid=LQQJ4d\",\"https:\\\/\\\/x.com\\\/saudigift_\"]}]}<\/script>\n<!-- \/ Yoast SEO Premium plugin. -->","yoast_head_json":{"title":"Original Natural Miswak - Soins bucco-dentaires Sunnah - \u0647\u062f\u064a\u0629 \u0633\u0639\u0648\u062f\u064a\u0629","robots":{"index":"index","follow":"follow","max-snippet":"max-snippet:-1","max-image-preview":"max-image-preview:large","max-video-preview":"max-video-preview:-1"},"canonical":"https:\/\/saudi-gift.com\/fr\/produit\/original-natural-miswak-soins-bucco-dentaires-sunnah\/","og_locale":"fr_FR","og_type":"article","og_title":"Original Natural Miswak - Soins bucco-dentaires Sunnah","og_description":"10pcs - Un cure-dent 100% naturel pour un brossage sain et s\u00fbr, vous procurant une fra\u00eecheur naturelle et favorisant la sant\u00e9 des gencives au quotidien.","og_url":"https:\/\/saudi-gift.com\/fr\/produit\/original-natural-miswak-soins-bucco-dentaires-sunnah\/","og_site_name":"\u0647\u062f\u064a\u0629 \u0633\u0639\u0648\u062f\u064a\u0629","article_publisher":"https:\/\/www.facebook.com\/profile.php?id=61560277649059&mibextid=LQQJ4d","og_image":[{"width":474,"height":474,"url":"https:\/\/i0.wp.com\/saudi-gift.com\/wp-content\/uploads\/2026\/02\/%D9%85%D8%B3%D9%88%D8%A7%D9%83.webp?fit=474%2C474&ssl=1","type":"image\/webp"}],"twitter_card":"summary_large_image","twitter_site":"@saudigift_","twitter_misc":{"Dur\u00e9e de lecture estim\u00e9e":"1 minute"},"schema":{"@context":"https:\/\/schema.org","@graph":[{"@type":"WebPage","@id":"https:\/\/saudi-gift.com\/fr\/produit\/original-natural-miswak-soins-bucco-dentaires-sunnah\/","url":"https:\/\/saudi-gift.com\/fr\/produit\/original-natural-miswak-soins-bucco-dentaires-sunnah\/","name":"Original Natural Miswak - Soins bucco-dentaires Sunnah - \u0647\u062f\u064a\u0629 \u0633\u0639\u0648\u062f\u064a\u0629","isPartOf":{"@id":"https:\/\/saudi-gift.com\/#website"},"primaryImageOfPage":{"@id":"https:\/\/saudi-gift.com\/fr\/produit\/original-natural-miswak-soins-bucco-dentaires-sunnah\/#primaryimage"},"image":{"@id":"https:\/\/saudi-gift.com\/fr\/produit\/original-natural-miswak-soins-bucco-dentaires-sunnah\/#primaryimage"},"thumbnailUrl":"https:\/\/saudi-gift.com\/wp-content\/uploads\/2026\/02\/\u0645\u0633\u0648\u0627\u0643.webp","datePublished":"2026-02-11T13:07:33+00:00","breadcrumb":{"@id":"https:\/\/saudi-gift.com\/fr\/produit\/original-natural-miswak-soins-bucco-dentaires-sunnah\/#breadcrumb"},"inLanguage":"fr-FR","potentialAction":[{"@type":"ReadAction","target":["https:\/\/saudi-gift.com\/fr\/produit\/original-natural-miswak-soins-bucco-dentaires-sunnah\/"]}]},{"@type":"ImageObject","inLanguage":"fr-FR","@id":"https:\/\/saudi-gift.com\/fr\/produit\/original-natural-miswak-soins-bucco-dentaires-sunnah\/#primaryimage","url":"https:\/\/saudi-gift.com\/wp-content\/uploads\/2026\/02\/\u0645\u0633\u0648\u0627\u0643.webp","contentUrl":"https:\/\/saudi-gift.com\/wp-content\/uploads\/2026\/02\/\u0645\u0633\u0648\u0627\u0643.webp","width":474,"height":474},{"@type":"BreadcrumbList","@id":"https:\/\/saudi-gift.com\/fr\/produit\/original-natural-miswak-soins-bucco-dentaires-sunnah\/#breadcrumb","itemListElement":[{"@type":"ListItem","position":1,"name":"Home","item":"https:\/\/saudi-gift.com\/fr\/"},{"@type":"ListItem","position":2,"name":"Acheter","item":"https:\/\/saudi-gift.com\/fr\/acheter\/"},{"@type":"ListItem","position":3,"name":"Original Natural Miswak &#8211; Soins bucco-dentaires Sunnah"}]},{"@type":"WebSite","@id":"https:\/\/saudi-gift.com\/#website","url":"https:\/\/saudi-gift.com\/","name":"\u0647\u062f\u064a\u0629 \u0633\u0639\u0648\u062f\u064a\u0629","description":"\u0647\u062f\u064a\u0629 \u0633\u0639\u0648\u062f\u064a\u0629 \u0645\u062a\u062c\u0631 \u0627\u0644\u0643\u062a\u0631\u0648\u0646\u064a \u064a\u0642\u062f\u0645 \u0644\u0643\u0645 \u0645\u062c\u0645\u0648\u0639\u0629 \u0645\u0646 \u0627\u0644\u0647\u062f\u0627\u064a\u0627 \u0627\u0644\u062a\u064a \u062a\u062c\u0633\u062f \u0639\u0628\u0642 \u0630\u0643\u0631\u064a\u0627\u062a\u0643\u0645 \u0641\u064a \u0627\u0644\u0645\u0634\u0627\u0639\u0631 \u0627\u0644\u0645\u0642\u062f\u0633\u0629","publisher":{"@id":"https:\/\/saudi-gift.com\/#organization"},"alternateName":"\u0647\u062f\u064a\u0629 \u0633\u0639\u0648\u062f\u064a\u0629","potentialAction":[{"@type":"SearchAction","target":{"@type":"EntryPoint","urlTemplate":"https:\/\/saudi-gift.com\/?s={search_term_string}"},"query-input":{"@type":"PropertyValueSpecification","valueRequired":true,"valueName":"search_term_string"}}],"inLanguage":"fr-FR"},{"@type":"Organization","@id":"https:\/\/saudi-gift.com\/#organization","name":"\u0645\u062a\u062c\u0631 \u0627\u0644\u0647\u062f\u064a\u0629","alternateName":"\u0647\u062f\u064a\u0629 \u0633\u0639\u0648\u062f\u064a\u0629","url":"https:\/\/saudi-gift.com\/","logo":{"@type":"ImageObject","inLanguage":"fr-FR","@id":"https:\/\/saudi-gift.com\/#\/schema\/logo\/image\/","url":"https:\/\/saudi-gift.com\/wp-content\/uploads\/2025\/05\/2.png","contentUrl":"https:\/\/saudi-gift.com\/wp-content\/uploads\/2025\/05\/2.png","width":163,"height":42,"caption":"\u0645\u062a\u062c\u0631 \u0627\u0644\u0647\u062f\u064a\u0629"},"image":{"@id":"https:\/\/saudi-gift.com\/#\/schema\/logo\/image\/"},"sameAs":["https:\/\/www.facebook.com\/profile.php?id=61560277649059&mibextid=LQQJ4d","https:\/\/x.com\/saudigift_"]}]}},"jetpack-related-posts":[],"_links":{"self":[{"href":"https:\/\/saudi-gift.com\/fr\/wp-json\/wp\/v2\/product\/73605","targetHints":{"allow":["GET"]}}],"collection":[{"href":"https:\/\/saudi-gift.com\/fr\/wp-json\/wp\/v2\/product"}],"about":[{"href":"https:\/\/saudi-gift.com\/fr\/wp-json\/wp\/v2\/types\/product"}],"replies":[{"embeddable":true,"href":"https:\/\/saudi-gift.com\/fr\/wp-json\/wp\/v2\/comments?post=73605"}],"version-history":[{"count":0,"href":"https:\/\/saudi-gift.com\/fr\/wp-json\/wp\/v2\/product\/73605\/revisions"}],"wp:featuredmedia":[{"embeddable":true,"href":"https:\/\/saudi-gift.com\/fr\/wp-json\/wp\/v2\/media\/73607"}],"wp:attachment":[{"href":"https:\/\/saudi-gift.com\/fr\/wp-json\/wp\/v2\/media?parent=73605"}],"wp:term":[{"taxonomy":"product_brand","embeddable":true,"href":"https:\/\/saudi-gift.com\/fr\/wp-json\/wp\/v2\/product_brand?post=73605"},{"taxonomy":"product_cat","embeddable":true,"href":"https:\/\/saudi-gift.com\/fr\/wp-json\/wp\/v2\/product_cat?post=73605"},{"taxonomy":"product_tag","embeddable":true,"href":"https:\/\/saudi-gift.com\/fr\/wp-json\/wp\/v2\/product_tag?post=73605"}],"curies":[{"name":"wp","href":"https:\/\/api.w.org\/{rel}","templated":true}]}}