{"id":73657,"date":"2026-02-23T15:42:24","date_gmt":"2026-02-23T12:42:24","guid":{"rendered":"https:\/\/saudi-gift.com\/product\/il-a-nage-dans-la-poussiere-de-medine\/"},"modified":"2026-02-23T15:42:24","modified_gmt":"2026-02-23T12:42:24","slug":"il-a-nage-dans-la-poussiere-de-medine","status":"publish","type":"product","link":"https:\/\/saudi-gift.com\/fr\/produit\/il-a-nage-dans-la-poussiere-de-medine\/","title":{"rendered":"Il a nag\u00e9 dans la poussi\u00e8re de M\u00e9dine"},"content":{"rendered":"<p>33 perles et pendentifs Serrure miniature de la chambre du Proph\u00e8te et flacon de parfum de 1ml<\/p>\n","protected":false},"excerpt":{"rendered":"<p>Chapelet en poussi\u00e8re de M\u00e9dine<\/p>\n<p>Un chapelet fait avec les doigts de M\u00e9dine et une combinaison de p\u00e2te d&rsquo;argile luxueuse et de poussi\u00e8re du lieu le plus sacr\u00e9 sur terre, en particulier le Mont Uhud, avec des couleurs inspir\u00e9es des palmiers de M\u00e9dine, avec un m\u00e9daillon inspir\u00e9 de la porte de fermeture de la hijra de la Noble Rawdah et un petit parfum avec l&rsquo;odeur du m\u00e9lange de la hijra.<\/p>\n","protected":false},"featured_media":73659,"comment_status":"open","ping_status":"closed","template":"","meta":[],"product_brand":[163],"product_cat":[3349],"product_tag":[],"class_list":{"0":"post-73657","1":"product","2":"type-product","3":"status-publish","4":"has-post-thumbnail","6":"product_brand-163","7":"product_cat-cadeaux-spirituels","9":"first","10":"instock","11":"shipping-taxable","12":"purchasable","13":"product-type-simple"},"yoast_head":"<!-- This site is optimized with the Yoast SEO Premium plugin v27.2 (Yoast SEO v27.6) - https:\/\/yoast.com\/product\/yoast-seo-premium-wordpress\/ -->\n<title>Il a nag\u00e9 dans la poussi\u00e8re de M\u00e9dine - \u0647\u062f\u064a\u0629 \u0633\u0639\u0648\u062f\u064a\u0629<\/title>\n<meta name=\"robots\" content=\"index, follow, max-snippet:-1, max-image-preview:large, max-video-preview:-1\" \/>\n<link rel=\"canonical\" href=\"https:\/\/saudi-gift.com\/fr\/produit\/il-a-nage-dans-la-poussiere-de-medine\/\" \/>\n<meta property=\"og:locale\" content=\"fr_FR\" \/>\n<meta property=\"og:type\" content=\"article\" \/>\n<meta property=\"og:title\" content=\"Il a nag\u00e9 dans la poussi\u00e8re de M\u00e9dine\" \/>\n<meta property=\"og:description\" content=\"Chapelet en poussi\u00e8re de M\u00e9dine Un chapelet fait avec les doigts de M\u00e9dine et une combinaison de p\u00e2te d&#039;argile luxueuse et de poussi\u00e8re du lieu le plus sacr\u00e9 sur terre, en particulier le Mont Uhud, avec des couleurs inspir\u00e9es des palmiers de M\u00e9dine, avec un m\u00e9daillon inspir\u00e9 de la porte de fermeture de la hijra de la Noble Rawdah et un petit parfum avec l&#039;odeur du m\u00e9lange de la hijra.\" \/>\n<meta property=\"og:url\" content=\"https:\/\/saudi-gift.com\/fr\/produit\/il-a-nage-dans-la-poussiere-de-medine\/\" \/>\n<meta property=\"og:site_name\" content=\"\u0647\u062f\u064a\u0629 \u0633\u0639\u0648\u062f\u064a\u0629\" \/>\n<meta property=\"article:publisher\" content=\"https:\/\/www.facebook.com\/profile.php?id=61560277649059&amp;mibextid=LQQJ4d\" \/>\n<meta property=\"og:image\" content=\"https:\/\/i0.wp.com\/saudi-gift.com\/wp-content\/uploads\/2026\/02\/cropped-%D8%B3%D8%A8%D8%AD-%D8%AA%D8%B1%D8%A7%D8%A8-%D8%A7%D9%84%D9%85%D8%AF%D9%8A%D9%86%D8%A9.webp?fit=800%2C522&ssl=1\" \/>\n\t<meta property=\"og:image:width\" content=\"800\" \/>\n\t<meta property=\"og:image:height\" content=\"522\" \/>\n\t<meta property=\"og:image:type\" content=\"image\/webp\" \/>\n<meta name=\"twitter:card\" content=\"summary_large_image\" \/>\n<meta name=\"twitter:site\" content=\"@saudigift_\" \/>\n<script type=\"application\/ld+json\" class=\"yoast-schema-graph\">{\"@context\":\"https:\\\/\\\/schema.org\",\"@graph\":[{\"@type\":\"WebPage\",\"@id\":\"https:\\\/\\\/saudi-gift.com\\\/fr\\\/produit\\\/il-a-nage-dans-la-poussiere-de-medine\\\/\",\"url\":\"https:\\\/\\\/saudi-gift.com\\\/fr\\\/produit\\\/il-a-nage-dans-la-poussiere-de-medine\\\/\",\"name\":\"Il a nag\u00e9 dans la poussi\u00e8re de M\u00e9dine - \u0647\u062f\u064a\u0629 \u0633\u0639\u0648\u062f\u064a\u0629\",\"isPartOf\":{\"@id\":\"https:\\\/\\\/saudi-gift.com\\\/#website\"},\"primaryImageOfPage\":{\"@id\":\"https:\\\/\\\/saudi-gift.com\\\/fr\\\/produit\\\/il-a-nage-dans-la-poussiere-de-medine\\\/#primaryimage\"},\"image\":{\"@id\":\"https:\\\/\\\/saudi-gift.com\\\/fr\\\/produit\\\/il-a-nage-dans-la-poussiere-de-medine\\\/#primaryimage\"},\"thumbnailUrl\":\"https:\\\/\\\/saudi-gift.com\\\/wp-content\\\/uploads\\\/2026\\\/02\\\/cropped-\u0633\u0628\u062d-\u062a\u0631\u0627\u0628-\u0627\u0644\u0645\u062f\u064a\u0646\u0629.webp\",\"datePublished\":\"2026-02-23T12:42:24+00:00\",\"breadcrumb\":{\"@id\":\"https:\\\/\\\/saudi-gift.com\\\/fr\\\/produit\\\/il-a-nage-dans-la-poussiere-de-medine\\\/#breadcrumb\"},\"inLanguage\":\"fr-FR\",\"potentialAction\":[{\"@type\":\"ReadAction\",\"target\":[\"https:\\\/\\\/saudi-gift.com\\\/fr\\\/produit\\\/il-a-nage-dans-la-poussiere-de-medine\\\/\"]}]},{\"@type\":\"ImageObject\",\"inLanguage\":\"fr-FR\",\"@id\":\"https:\\\/\\\/saudi-gift.com\\\/fr\\\/produit\\\/il-a-nage-dans-la-poussiere-de-medine\\\/#primaryimage\",\"url\":\"https:\\\/\\\/saudi-gift.com\\\/wp-content\\\/uploads\\\/2026\\\/02\\\/cropped-\u0633\u0628\u062d-\u062a\u0631\u0627\u0628-\u0627\u0644\u0645\u062f\u064a\u0646\u0629.webp\",\"contentUrl\":\"https:\\\/\\\/saudi-gift.com\\\/wp-content\\\/uploads\\\/2026\\\/02\\\/cropped-\u0633\u0628\u062d-\u062a\u0631\u0627\u0628-\u0627\u0644\u0645\u062f\u064a\u0646\u0629.webp\",\"width\":800,\"height\":522},{\"@type\":\"BreadcrumbList\",\"@id\":\"https:\\\/\\\/saudi-gift.com\\\/fr\\\/produit\\\/il-a-nage-dans-la-poussiere-de-medine\\\/#breadcrumb\",\"itemListElement\":[{\"@type\":\"ListItem\",\"position\":1,\"name\":\"Home\",\"item\":\"https:\\\/\\\/saudi-gift.com\\\/fr\\\/\"},{\"@type\":\"ListItem\",\"position\":2,\"name\":\"Acheter\",\"item\":\"https:\\\/\\\/saudi-gift.com\\\/fr\\\/acheter\\\/\"},{\"@type\":\"ListItem\",\"position\":3,\"name\":\"Il a nag\u00e9 dans la poussi\u00e8re de M\u00e9dine\"}]},{\"@type\":\"WebSite\",\"@id\":\"https:\\\/\\\/saudi-gift.com\\\/#website\",\"url\":\"https:\\\/\\\/saudi-gift.com\\\/\",\"name\":\"\u0647\u062f\u064a\u0629 \u0633\u0639\u0648\u062f\u064a\u0629\",\"description\":\"\u0647\u062f\u064a\u0629 \u0633\u0639\u0648\u062f\u064a\u0629 \u0645\u062a\u062c\u0631 \u0627\u0644\u0643\u062a\u0631\u0648\u0646\u064a \u064a\u0642\u062f\u0645 \u0644\u0643\u0645 \u0645\u062c\u0645\u0648\u0639\u0629 \u0645\u0646 \u0627\u0644\u0647\u062f\u0627\u064a\u0627 \u0627\u0644\u062a\u064a \u062a\u062c\u0633\u062f \u0639\u0628\u0642 \u0630\u0643\u0631\u064a\u0627\u062a\u0643\u0645 \u0641\u064a \u0627\u0644\u0645\u0634\u0627\u0639\u0631 \u0627\u0644\u0645\u0642\u062f\u0633\u0629\",\"publisher\":{\"@id\":\"https:\\\/\\\/saudi-gift.com\\\/#organization\"},\"alternateName\":\"\u0647\u062f\u064a\u0629 \u0633\u0639\u0648\u062f\u064a\u0629\",\"potentialAction\":[{\"@type\":\"SearchAction\",\"target\":{\"@type\":\"EntryPoint\",\"urlTemplate\":\"https:\\\/\\\/saudi-gift.com\\\/?s={search_term_string}\"},\"query-input\":{\"@type\":\"PropertyValueSpecification\",\"valueRequired\":true,\"valueName\":\"search_term_string\"}}],\"inLanguage\":\"fr-FR\"},{\"@type\":\"Organization\",\"@id\":\"https:\\\/\\\/saudi-gift.com\\\/#organization\",\"name\":\"\u0645\u062a\u062c\u0631 \u0627\u0644\u0647\u062f\u064a\u0629\",\"alternateName\":\"\u0647\u062f\u064a\u0629 \u0633\u0639\u0648\u062f\u064a\u0629\",\"url\":\"https:\\\/\\\/saudi-gift.com\\\/\",\"logo\":{\"@type\":\"ImageObject\",\"inLanguage\":\"fr-FR\",\"@id\":\"https:\\\/\\\/saudi-gift.com\\\/#\\\/schema\\\/logo\\\/image\\\/\",\"url\":\"https:\\\/\\\/saudi-gift.com\\\/wp-content\\\/uploads\\\/2025\\\/05\\\/2.png\",\"contentUrl\":\"https:\\\/\\\/saudi-gift.com\\\/wp-content\\\/uploads\\\/2025\\\/05\\\/2.png\",\"width\":163,\"height\":42,\"caption\":\"\u0645\u062a\u062c\u0631 \u0627\u0644\u0647\u062f\u064a\u0629\"},\"image\":{\"@id\":\"https:\\\/\\\/saudi-gift.com\\\/#\\\/schema\\\/logo\\\/image\\\/\"},\"sameAs\":[\"https:\\\/\\\/www.facebook.com\\\/profile.php?id=61560277649059&mibextid=LQQJ4d\",\"https:\\\/\\\/x.com\\\/saudigift_\"]}]}<\/script>\n<!-- \/ Yoast SEO Premium plugin. -->","yoast_head_json":{"title":"Il a nag\u00e9 dans la poussi\u00e8re de M\u00e9dine - \u0647\u062f\u064a\u0629 \u0633\u0639\u0648\u062f\u064a\u0629","robots":{"index":"index","follow":"follow","max-snippet":"max-snippet:-1","max-image-preview":"max-image-preview:large","max-video-preview":"max-video-preview:-1"},"canonical":"https:\/\/saudi-gift.com\/fr\/produit\/il-a-nage-dans-la-poussiere-de-medine\/","og_locale":"fr_FR","og_type":"article","og_title":"Il a nag\u00e9 dans la poussi\u00e8re de M\u00e9dine","og_description":"Chapelet en poussi\u00e8re de M\u00e9dine Un chapelet fait avec les doigts de M\u00e9dine et une combinaison de p\u00e2te d'argile luxueuse et de poussi\u00e8re du lieu le plus sacr\u00e9 sur terre, en particulier le Mont Uhud, avec des couleurs inspir\u00e9es des palmiers de M\u00e9dine, avec un m\u00e9daillon inspir\u00e9 de la porte de fermeture de la hijra de la Noble Rawdah et un petit parfum avec l'odeur du m\u00e9lange de la hijra.","og_url":"https:\/\/saudi-gift.com\/fr\/produit\/il-a-nage-dans-la-poussiere-de-medine\/","og_site_name":"\u0647\u062f\u064a\u0629 \u0633\u0639\u0648\u062f\u064a\u0629","article_publisher":"https:\/\/www.facebook.com\/profile.php?id=61560277649059&mibextid=LQQJ4d","og_image":[{"width":800,"height":522,"url":"https:\/\/i0.wp.com\/saudi-gift.com\/wp-content\/uploads\/2026\/02\/cropped-%D8%B3%D8%A8%D8%AD-%D8%AA%D8%B1%D8%A7%D8%A8-%D8%A7%D9%84%D9%85%D8%AF%D9%8A%D9%86%D8%A9.webp?fit=800%2C522&ssl=1","type":"image\/webp"}],"twitter_card":"summary_large_image","twitter_site":"@saudigift_","schema":{"@context":"https:\/\/schema.org","@graph":[{"@type":"WebPage","@id":"https:\/\/saudi-gift.com\/fr\/produit\/il-a-nage-dans-la-poussiere-de-medine\/","url":"https:\/\/saudi-gift.com\/fr\/produit\/il-a-nage-dans-la-poussiere-de-medine\/","name":"Il a nag\u00e9 dans la poussi\u00e8re de M\u00e9dine - \u0647\u062f\u064a\u0629 \u0633\u0639\u0648\u062f\u064a\u0629","isPartOf":{"@id":"https:\/\/saudi-gift.com\/#website"},"primaryImageOfPage":{"@id":"https:\/\/saudi-gift.com\/fr\/produit\/il-a-nage-dans-la-poussiere-de-medine\/#primaryimage"},"image":{"@id":"https:\/\/saudi-gift.com\/fr\/produit\/il-a-nage-dans-la-poussiere-de-medine\/#primaryimage"},"thumbnailUrl":"https:\/\/saudi-gift.com\/wp-content\/uploads\/2026\/02\/cropped-\u0633\u0628\u062d-\u062a\u0631\u0627\u0628-\u0627\u0644\u0645\u062f\u064a\u0646\u0629.webp","datePublished":"2026-02-23T12:42:24+00:00","breadcrumb":{"@id":"https:\/\/saudi-gift.com\/fr\/produit\/il-a-nage-dans-la-poussiere-de-medine\/#breadcrumb"},"inLanguage":"fr-FR","potentialAction":[{"@type":"ReadAction","target":["https:\/\/saudi-gift.com\/fr\/produit\/il-a-nage-dans-la-poussiere-de-medine\/"]}]},{"@type":"ImageObject","inLanguage":"fr-FR","@id":"https:\/\/saudi-gift.com\/fr\/produit\/il-a-nage-dans-la-poussiere-de-medine\/#primaryimage","url":"https:\/\/saudi-gift.com\/wp-content\/uploads\/2026\/02\/cropped-\u0633\u0628\u062d-\u062a\u0631\u0627\u0628-\u0627\u0644\u0645\u062f\u064a\u0646\u0629.webp","contentUrl":"https:\/\/saudi-gift.com\/wp-content\/uploads\/2026\/02\/cropped-\u0633\u0628\u062d-\u062a\u0631\u0627\u0628-\u0627\u0644\u0645\u062f\u064a\u0646\u0629.webp","width":800,"height":522},{"@type":"BreadcrumbList","@id":"https:\/\/saudi-gift.com\/fr\/produit\/il-a-nage-dans-la-poussiere-de-medine\/#breadcrumb","itemListElement":[{"@type":"ListItem","position":1,"name":"Home","item":"https:\/\/saudi-gift.com\/fr\/"},{"@type":"ListItem","position":2,"name":"Acheter","item":"https:\/\/saudi-gift.com\/fr\/acheter\/"},{"@type":"ListItem","position":3,"name":"Il a nag\u00e9 dans la poussi\u00e8re de M\u00e9dine"}]},{"@type":"WebSite","@id":"https:\/\/saudi-gift.com\/#website","url":"https:\/\/saudi-gift.com\/","name":"\u0647\u062f\u064a\u0629 \u0633\u0639\u0648\u062f\u064a\u0629","description":"\u0647\u062f\u064a\u0629 \u0633\u0639\u0648\u062f\u064a\u0629 \u0645\u062a\u062c\u0631 \u0627\u0644\u0643\u062a\u0631\u0648\u0646\u064a \u064a\u0642\u062f\u0645 \u0644\u0643\u0645 \u0645\u062c\u0645\u0648\u0639\u0629 \u0645\u0646 \u0627\u0644\u0647\u062f\u0627\u064a\u0627 \u0627\u0644\u062a\u064a \u062a\u062c\u0633\u062f \u0639\u0628\u0642 \u0630\u0643\u0631\u064a\u0627\u062a\u0643\u0645 \u0641\u064a \u0627\u0644\u0645\u0634\u0627\u0639\u0631 \u0627\u0644\u0645\u0642\u062f\u0633\u0629","publisher":{"@id":"https:\/\/saudi-gift.com\/#organization"},"alternateName":"\u0647\u062f\u064a\u0629 \u0633\u0639\u0648\u062f\u064a\u0629","potentialAction":[{"@type":"SearchAction","target":{"@type":"EntryPoint","urlTemplate":"https:\/\/saudi-gift.com\/?s={search_term_string}"},"query-input":{"@type":"PropertyValueSpecification","valueRequired":true,"valueName":"search_term_string"}}],"inLanguage":"fr-FR"},{"@type":"Organization","@id":"https:\/\/saudi-gift.com\/#organization","name":"\u0645\u062a\u062c\u0631 \u0627\u0644\u0647\u062f\u064a\u0629","alternateName":"\u0647\u062f\u064a\u0629 \u0633\u0639\u0648\u062f\u064a\u0629","url":"https:\/\/saudi-gift.com\/","logo":{"@type":"ImageObject","inLanguage":"fr-FR","@id":"https:\/\/saudi-gift.com\/#\/schema\/logo\/image\/","url":"https:\/\/saudi-gift.com\/wp-content\/uploads\/2025\/05\/2.png","contentUrl":"https:\/\/saudi-gift.com\/wp-content\/uploads\/2025\/05\/2.png","width":163,"height":42,"caption":"\u0645\u062a\u062c\u0631 \u0627\u0644\u0647\u062f\u064a\u0629"},"image":{"@id":"https:\/\/saudi-gift.com\/#\/schema\/logo\/image\/"},"sameAs":["https:\/\/www.facebook.com\/profile.php?id=61560277649059&mibextid=LQQJ4d","https:\/\/x.com\/saudigift_"]}]}},"jetpack-related-posts":[],"_links":{"self":[{"href":"https:\/\/saudi-gift.com\/fr\/wp-json\/wp\/v2\/product\/73657","targetHints":{"allow":["GET"]}}],"collection":[{"href":"https:\/\/saudi-gift.com\/fr\/wp-json\/wp\/v2\/product"}],"about":[{"href":"https:\/\/saudi-gift.com\/fr\/wp-json\/wp\/v2\/types\/product"}],"replies":[{"embeddable":true,"href":"https:\/\/saudi-gift.com\/fr\/wp-json\/wp\/v2\/comments?post=73657"}],"version-history":[{"count":0,"href":"https:\/\/saudi-gift.com\/fr\/wp-json\/wp\/v2\/product\/73657\/revisions"}],"wp:featuredmedia":[{"embeddable":true,"href":"https:\/\/saudi-gift.com\/fr\/wp-json\/wp\/v2\/media\/73659"}],"wp:attachment":[{"href":"https:\/\/saudi-gift.com\/fr\/wp-json\/wp\/v2\/media?parent=73657"}],"wp:term":[{"taxonomy":"product_brand","embeddable":true,"href":"https:\/\/saudi-gift.com\/fr\/wp-json\/wp\/v2\/product_brand?post=73657"},{"taxonomy":"product_cat","embeddable":true,"href":"https:\/\/saudi-gift.com\/fr\/wp-json\/wp\/v2\/product_cat?post=73657"},{"taxonomy":"product_tag","embeddable":true,"href":"https:\/\/saudi-gift.com\/fr\/wp-json\/wp\/v2\/product_tag?post=73657"}],"curies":[{"name":"wp","href":"https:\/\/api.w.org\/{rel}","templated":true}]}}