{"id":73948,"date":"2026-03-01T12:33:17","date_gmt":"2026-03-01T09:33:17","guid":{"rendered":"https:\/\/saudi-gift.com\/product\/medaillon-de-la-serrure-de-lhijrah\/"},"modified":"2026-03-01T12:33:17","modified_gmt":"2026-03-01T09:33:17","slug":"medaillon-de-la-serrure-de-lhijrah","status":"publish","type":"product","link":"https:\/\/saudi-gift.com\/fr\/produit\/medaillon-de-la-serrure-de-lhijrah\/","title":{"rendered":"M\u00e9daillon de la serrure de l&rsquo;Hijrah"},"content":{"rendered":"<p>M\u00e9tal peint<\/p>\n","protected":false},"excerpt":{"rendered":"<p>Serrure miniature de la chambre du proph\u00e8te<\/p>\n<p>Sur chaque face est \u00e9crite une partie du po\u00e8me al-Barda<\/p>\n<p>(Il est le bien-aim\u00e9 dont on esp\u00e8re l&rsquo;intercession pour chacune des horreurs de la temp\u00eate)<\/p>\n<p>(Il est impossible qu&rsquo;il prive ceux qui recherchent ses honneurs ou que le voisin revienne irrespectueux)<\/p>\n<p>et un petit paquet contenant un m\u00e9lange de parfums dont l&rsquo;odeur se rapproche le plus de l&rsquo;encens du Haram al-Nabawi du proph\u00e8te.<\/p>\n","protected":false},"featured_media":73950,"comment_status":"open","ping_status":"closed","template":"","meta":[],"product_brand":[],"product_cat":[3349],"product_tag":[],"class_list":{"0":"post-73948","1":"product","2":"type-product","3":"status-publish","4":"has-post-thumbnail","6":"product_cat-cadeaux-spirituels","8":"first","9":"instock","10":"shipping-taxable","11":"purchasable","12":"product-type-variable","13":"has-default-attributes"},"yoast_head":"<!-- This site is optimized with the Yoast SEO Premium plugin v27.2 (Yoast SEO v27.6) - https:\/\/yoast.com\/product\/yoast-seo-premium-wordpress\/ -->\n<title>M\u00e9daillon de la serrure de l&#039;Hijrah - \u0647\u062f\u064a\u0629 \u0633\u0639\u0648\u062f\u064a\u0629<\/title>\n<meta name=\"robots\" content=\"index, follow, max-snippet:-1, max-image-preview:large, max-video-preview:-1\" \/>\n<link rel=\"canonical\" href=\"https:\/\/saudi-gift.com\/fr\/produit\/medaillon-de-la-serrure-de-lhijrah\/\" \/>\n<meta property=\"og:locale\" content=\"fr_FR\" \/>\n<meta property=\"og:type\" content=\"article\" \/>\n<meta property=\"og:title\" content=\"M\u00e9daillon de la serrure de l&#039;Hijrah\" \/>\n<meta property=\"og:description\" content=\"Serrure miniature de la chambre du proph\u00e8te Sur chaque face est \u00e9crite une partie du po\u00e8me al-Barda (Il est le bien-aim\u00e9 dont on esp\u00e8re l&#039;intercession pour chacune des horreurs de la temp\u00eate) (Il est impossible qu&#039;il prive ceux qui recherchent ses honneurs ou que le voisin revienne irrespectueux) et un petit paquet contenant un m\u00e9lange de parfums dont l&#039;odeur se rapproche le plus de l&#039;encens du Haram al-Nabawi du proph\u00e8te.\" \/>\n<meta property=\"og:url\" content=\"https:\/\/saudi-gift.com\/fr\/produit\/medaillon-de-la-serrure-de-lhijrah\/\" \/>\n<meta property=\"og:site_name\" content=\"\u0647\u062f\u064a\u0629 \u0633\u0639\u0648\u062f\u064a\u0629\" \/>\n<meta property=\"article:publisher\" content=\"https:\/\/www.facebook.com\/profile.php?id=61560277649059&amp;mibextid=LQQJ4d\" \/>\n<meta property=\"og:image\" content=\"https:\/\/i0.wp.com\/saudi-gift.com\/wp-content\/uploads\/2026\/02\/cropped-cropped-%D9%85%D9%8A%D8%AF%D8%A7%D9%84%D9%8A%D8%A9-%D9%82%D9%81%D9%84-%D8%A7%D9%84%D8%AD%D8%AC%D8%B1%D8%A9-%D8%A7%D9%84%D9%86%D8%A8%D9%88%D9%8A%D8%A9-1.webp?fit=799%2C549&ssl=1\" \/>\n\t<meta property=\"og:image:width\" content=\"799\" \/>\n\t<meta property=\"og:image:height\" content=\"549\" \/>\n\t<meta property=\"og:image:type\" content=\"image\/webp\" \/>\n<meta name=\"twitter:card\" content=\"summary_large_image\" \/>\n<meta name=\"twitter:site\" content=\"@saudigift_\" \/>\n<script type=\"application\/ld+json\" class=\"yoast-schema-graph\">{\"@context\":\"https:\\\/\\\/schema.org\",\"@graph\":[{\"@type\":\"WebPage\",\"@id\":\"https:\\\/\\\/saudi-gift.com\\\/fr\\\/produit\\\/medaillon-de-la-serrure-de-lhijrah\\\/\",\"url\":\"https:\\\/\\\/saudi-gift.com\\\/fr\\\/produit\\\/medaillon-de-la-serrure-de-lhijrah\\\/\",\"name\":\"M\u00e9daillon de la serrure de l'Hijrah - \u0647\u062f\u064a\u0629 \u0633\u0639\u0648\u062f\u064a\u0629\",\"isPartOf\":{\"@id\":\"https:\\\/\\\/saudi-gift.com\\\/#website\"},\"primaryImageOfPage\":{\"@id\":\"https:\\\/\\\/saudi-gift.com\\\/fr\\\/produit\\\/medaillon-de-la-serrure-de-lhijrah\\\/#primaryimage\"},\"image\":{\"@id\":\"https:\\\/\\\/saudi-gift.com\\\/fr\\\/produit\\\/medaillon-de-la-serrure-de-lhijrah\\\/#primaryimage\"},\"thumbnailUrl\":\"https:\\\/\\\/saudi-gift.com\\\/wp-content\\\/uploads\\\/2026\\\/02\\\/cropped-cropped-\u0645\u064a\u062f\u0627\u0644\u064a\u0629-\u0642\u0641\u0644-\u0627\u0644\u062d\u062c\u0631\u0629-\u0627\u0644\u0646\u0628\u0648\u064a\u0629-1.webp\",\"datePublished\":\"2026-03-01T09:33:17+00:00\",\"breadcrumb\":{\"@id\":\"https:\\\/\\\/saudi-gift.com\\\/fr\\\/produit\\\/medaillon-de-la-serrure-de-lhijrah\\\/#breadcrumb\"},\"inLanguage\":\"fr-FR\",\"potentialAction\":[{\"@type\":\"ReadAction\",\"target\":[\"https:\\\/\\\/saudi-gift.com\\\/fr\\\/produit\\\/medaillon-de-la-serrure-de-lhijrah\\\/\"]}]},{\"@type\":\"ImageObject\",\"inLanguage\":\"fr-FR\",\"@id\":\"https:\\\/\\\/saudi-gift.com\\\/fr\\\/produit\\\/medaillon-de-la-serrure-de-lhijrah\\\/#primaryimage\",\"url\":\"https:\\\/\\\/saudi-gift.com\\\/wp-content\\\/uploads\\\/2026\\\/02\\\/cropped-cropped-\u0645\u064a\u062f\u0627\u0644\u064a\u0629-\u0642\u0641\u0644-\u0627\u0644\u062d\u062c\u0631\u0629-\u0627\u0644\u0646\u0628\u0648\u064a\u0629-1.webp\",\"contentUrl\":\"https:\\\/\\\/saudi-gift.com\\\/wp-content\\\/uploads\\\/2026\\\/02\\\/cropped-cropped-\u0645\u064a\u062f\u0627\u0644\u064a\u0629-\u0642\u0641\u0644-\u0627\u0644\u062d\u062c\u0631\u0629-\u0627\u0644\u0646\u0628\u0648\u064a\u0629-1.webp\",\"width\":799,\"height\":549},{\"@type\":\"BreadcrumbList\",\"@id\":\"https:\\\/\\\/saudi-gift.com\\\/fr\\\/produit\\\/medaillon-de-la-serrure-de-lhijrah\\\/#breadcrumb\",\"itemListElement\":[{\"@type\":\"ListItem\",\"position\":1,\"name\":\"Home\",\"item\":\"https:\\\/\\\/saudi-gift.com\\\/fr\\\/\"},{\"@type\":\"ListItem\",\"position\":2,\"name\":\"Acheter\",\"item\":\"https:\\\/\\\/saudi-gift.com\\\/fr\\\/acheter\\\/\"},{\"@type\":\"ListItem\",\"position\":3,\"name\":\"M\u00e9daillon de la serrure de l&#8217;Hijrah\"}]},{\"@type\":\"WebSite\",\"@id\":\"https:\\\/\\\/saudi-gift.com\\\/#website\",\"url\":\"https:\\\/\\\/saudi-gift.com\\\/\",\"name\":\"\u0647\u062f\u064a\u0629 \u0633\u0639\u0648\u062f\u064a\u0629\",\"description\":\"\u0647\u062f\u064a\u0629 \u0633\u0639\u0648\u062f\u064a\u0629 \u0645\u062a\u062c\u0631 \u0627\u0644\u0643\u062a\u0631\u0648\u0646\u064a \u064a\u0642\u062f\u0645 \u0644\u0643\u0645 \u0645\u062c\u0645\u0648\u0639\u0629 \u0645\u0646 \u0627\u0644\u0647\u062f\u0627\u064a\u0627 \u0627\u0644\u062a\u064a \u062a\u062c\u0633\u062f \u0639\u0628\u0642 \u0630\u0643\u0631\u064a\u0627\u062a\u0643\u0645 \u0641\u064a \u0627\u0644\u0645\u0634\u0627\u0639\u0631 \u0627\u0644\u0645\u0642\u062f\u0633\u0629\",\"publisher\":{\"@id\":\"https:\\\/\\\/saudi-gift.com\\\/#organization\"},\"alternateName\":\"\u0647\u062f\u064a\u0629 \u0633\u0639\u0648\u062f\u064a\u0629\",\"potentialAction\":[{\"@type\":\"SearchAction\",\"target\":{\"@type\":\"EntryPoint\",\"urlTemplate\":\"https:\\\/\\\/saudi-gift.com\\\/?s={search_term_string}\"},\"query-input\":{\"@type\":\"PropertyValueSpecification\",\"valueRequired\":true,\"valueName\":\"search_term_string\"}}],\"inLanguage\":\"fr-FR\"},{\"@type\":\"Organization\",\"@id\":\"https:\\\/\\\/saudi-gift.com\\\/#organization\",\"name\":\"\u0645\u062a\u062c\u0631 \u0627\u0644\u0647\u062f\u064a\u0629\",\"alternateName\":\"\u0647\u062f\u064a\u0629 \u0633\u0639\u0648\u062f\u064a\u0629\",\"url\":\"https:\\\/\\\/saudi-gift.com\\\/\",\"logo\":{\"@type\":\"ImageObject\",\"inLanguage\":\"fr-FR\",\"@id\":\"https:\\\/\\\/saudi-gift.com\\\/#\\\/schema\\\/logo\\\/image\\\/\",\"url\":\"https:\\\/\\\/saudi-gift.com\\\/wp-content\\\/uploads\\\/2025\\\/05\\\/2.png\",\"contentUrl\":\"https:\\\/\\\/saudi-gift.com\\\/wp-content\\\/uploads\\\/2025\\\/05\\\/2.png\",\"width\":163,\"height\":42,\"caption\":\"\u0645\u062a\u062c\u0631 \u0627\u0644\u0647\u062f\u064a\u0629\"},\"image\":{\"@id\":\"https:\\\/\\\/saudi-gift.com\\\/#\\\/schema\\\/logo\\\/image\\\/\"},\"sameAs\":[\"https:\\\/\\\/www.facebook.com\\\/profile.php?id=61560277649059&mibextid=LQQJ4d\",\"https:\\\/\\\/x.com\\\/saudigift_\"]}]}<\/script>\n<!-- \/ Yoast SEO Premium plugin. -->","yoast_head_json":{"title":"M\u00e9daillon de la serrure de l'Hijrah - \u0647\u062f\u064a\u0629 \u0633\u0639\u0648\u062f\u064a\u0629","robots":{"index":"index","follow":"follow","max-snippet":"max-snippet:-1","max-image-preview":"max-image-preview:large","max-video-preview":"max-video-preview:-1"},"canonical":"https:\/\/saudi-gift.com\/fr\/produit\/medaillon-de-la-serrure-de-lhijrah\/","og_locale":"fr_FR","og_type":"article","og_title":"M\u00e9daillon de la serrure de l'Hijrah","og_description":"Serrure miniature de la chambre du proph\u00e8te Sur chaque face est \u00e9crite une partie du po\u00e8me al-Barda (Il est le bien-aim\u00e9 dont on esp\u00e8re l'intercession pour chacune des horreurs de la temp\u00eate) (Il est impossible qu'il prive ceux qui recherchent ses honneurs ou que le voisin revienne irrespectueux) et un petit paquet contenant un m\u00e9lange de parfums dont l'odeur se rapproche le plus de l'encens du Haram al-Nabawi du proph\u00e8te.","og_url":"https:\/\/saudi-gift.com\/fr\/produit\/medaillon-de-la-serrure-de-lhijrah\/","og_site_name":"\u0647\u062f\u064a\u0629 \u0633\u0639\u0648\u062f\u064a\u0629","article_publisher":"https:\/\/www.facebook.com\/profile.php?id=61560277649059&mibextid=LQQJ4d","og_image":[{"width":799,"height":549,"url":"https:\/\/i0.wp.com\/saudi-gift.com\/wp-content\/uploads\/2026\/02\/cropped-cropped-%D9%85%D9%8A%D8%AF%D8%A7%D9%84%D9%8A%D8%A9-%D9%82%D9%81%D9%84-%D8%A7%D9%84%D8%AD%D8%AC%D8%B1%D8%A9-%D8%A7%D9%84%D9%86%D8%A8%D9%88%D9%8A%D8%A9-1.webp?fit=799%2C549&ssl=1","type":"image\/webp"}],"twitter_card":"summary_large_image","twitter_site":"@saudigift_","schema":{"@context":"https:\/\/schema.org","@graph":[{"@type":"WebPage","@id":"https:\/\/saudi-gift.com\/fr\/produit\/medaillon-de-la-serrure-de-lhijrah\/","url":"https:\/\/saudi-gift.com\/fr\/produit\/medaillon-de-la-serrure-de-lhijrah\/","name":"M\u00e9daillon de la serrure de l'Hijrah - \u0647\u062f\u064a\u0629 \u0633\u0639\u0648\u062f\u064a\u0629","isPartOf":{"@id":"https:\/\/saudi-gift.com\/#website"},"primaryImageOfPage":{"@id":"https:\/\/saudi-gift.com\/fr\/produit\/medaillon-de-la-serrure-de-lhijrah\/#primaryimage"},"image":{"@id":"https:\/\/saudi-gift.com\/fr\/produit\/medaillon-de-la-serrure-de-lhijrah\/#primaryimage"},"thumbnailUrl":"https:\/\/saudi-gift.com\/wp-content\/uploads\/2026\/02\/cropped-cropped-\u0645\u064a\u062f\u0627\u0644\u064a\u0629-\u0642\u0641\u0644-\u0627\u0644\u062d\u062c\u0631\u0629-\u0627\u0644\u0646\u0628\u0648\u064a\u0629-1.webp","datePublished":"2026-03-01T09:33:17+00:00","breadcrumb":{"@id":"https:\/\/saudi-gift.com\/fr\/produit\/medaillon-de-la-serrure-de-lhijrah\/#breadcrumb"},"inLanguage":"fr-FR","potentialAction":[{"@type":"ReadAction","target":["https:\/\/saudi-gift.com\/fr\/produit\/medaillon-de-la-serrure-de-lhijrah\/"]}]},{"@type":"ImageObject","inLanguage":"fr-FR","@id":"https:\/\/saudi-gift.com\/fr\/produit\/medaillon-de-la-serrure-de-lhijrah\/#primaryimage","url":"https:\/\/saudi-gift.com\/wp-content\/uploads\/2026\/02\/cropped-cropped-\u0645\u064a\u062f\u0627\u0644\u064a\u0629-\u0642\u0641\u0644-\u0627\u0644\u062d\u062c\u0631\u0629-\u0627\u0644\u0646\u0628\u0648\u064a\u0629-1.webp","contentUrl":"https:\/\/saudi-gift.com\/wp-content\/uploads\/2026\/02\/cropped-cropped-\u0645\u064a\u062f\u0627\u0644\u064a\u0629-\u0642\u0641\u0644-\u0627\u0644\u062d\u062c\u0631\u0629-\u0627\u0644\u0646\u0628\u0648\u064a\u0629-1.webp","width":799,"height":549},{"@type":"BreadcrumbList","@id":"https:\/\/saudi-gift.com\/fr\/produit\/medaillon-de-la-serrure-de-lhijrah\/#breadcrumb","itemListElement":[{"@type":"ListItem","position":1,"name":"Home","item":"https:\/\/saudi-gift.com\/fr\/"},{"@type":"ListItem","position":2,"name":"Acheter","item":"https:\/\/saudi-gift.com\/fr\/acheter\/"},{"@type":"ListItem","position":3,"name":"M\u00e9daillon de la serrure de l&#8217;Hijrah"}]},{"@type":"WebSite","@id":"https:\/\/saudi-gift.com\/#website","url":"https:\/\/saudi-gift.com\/","name":"\u0647\u062f\u064a\u0629 \u0633\u0639\u0648\u062f\u064a\u0629","description":"\u0647\u062f\u064a\u0629 \u0633\u0639\u0648\u062f\u064a\u0629 \u0645\u062a\u062c\u0631 \u0627\u0644\u0643\u062a\u0631\u0648\u0646\u064a \u064a\u0642\u062f\u0645 \u0644\u0643\u0645 \u0645\u062c\u0645\u0648\u0639\u0629 \u0645\u0646 \u0627\u0644\u0647\u062f\u0627\u064a\u0627 \u0627\u0644\u062a\u064a \u062a\u062c\u0633\u062f \u0639\u0628\u0642 \u0630\u0643\u0631\u064a\u0627\u062a\u0643\u0645 \u0641\u064a \u0627\u0644\u0645\u0634\u0627\u0639\u0631 \u0627\u0644\u0645\u0642\u062f\u0633\u0629","publisher":{"@id":"https:\/\/saudi-gift.com\/#organization"},"alternateName":"\u0647\u062f\u064a\u0629 \u0633\u0639\u0648\u062f\u064a\u0629","potentialAction":[{"@type":"SearchAction","target":{"@type":"EntryPoint","urlTemplate":"https:\/\/saudi-gift.com\/?s={search_term_string}"},"query-input":{"@type":"PropertyValueSpecification","valueRequired":true,"valueName":"search_term_string"}}],"inLanguage":"fr-FR"},{"@type":"Organization","@id":"https:\/\/saudi-gift.com\/#organization","name":"\u0645\u062a\u062c\u0631 \u0627\u0644\u0647\u062f\u064a\u0629","alternateName":"\u0647\u062f\u064a\u0629 \u0633\u0639\u0648\u062f\u064a\u0629","url":"https:\/\/saudi-gift.com\/","logo":{"@type":"ImageObject","inLanguage":"fr-FR","@id":"https:\/\/saudi-gift.com\/#\/schema\/logo\/image\/","url":"https:\/\/saudi-gift.com\/wp-content\/uploads\/2025\/05\/2.png","contentUrl":"https:\/\/saudi-gift.com\/wp-content\/uploads\/2025\/05\/2.png","width":163,"height":42,"caption":"\u0645\u062a\u062c\u0631 \u0627\u0644\u0647\u062f\u064a\u0629"},"image":{"@id":"https:\/\/saudi-gift.com\/#\/schema\/logo\/image\/"},"sameAs":["https:\/\/www.facebook.com\/profile.php?id=61560277649059&mibextid=LQQJ4d","https:\/\/x.com\/saudigift_"]}]}},"jetpack-related-posts":[],"_links":{"self":[{"href":"https:\/\/saudi-gift.com\/fr\/wp-json\/wp\/v2\/product\/73948","targetHints":{"allow":["GET"]}}],"collection":[{"href":"https:\/\/saudi-gift.com\/fr\/wp-json\/wp\/v2\/product"}],"about":[{"href":"https:\/\/saudi-gift.com\/fr\/wp-json\/wp\/v2\/types\/product"}],"replies":[{"embeddable":true,"href":"https:\/\/saudi-gift.com\/fr\/wp-json\/wp\/v2\/comments?post=73948"}],"version-history":[{"count":0,"href":"https:\/\/saudi-gift.com\/fr\/wp-json\/wp\/v2\/product\/73948\/revisions"}],"wp:featuredmedia":[{"embeddable":true,"href":"https:\/\/saudi-gift.com\/fr\/wp-json\/wp\/v2\/media\/73950"}],"wp:attachment":[{"href":"https:\/\/saudi-gift.com\/fr\/wp-json\/wp\/v2\/media?parent=73948"}],"wp:term":[{"taxonomy":"product_brand","embeddable":true,"href":"https:\/\/saudi-gift.com\/fr\/wp-json\/wp\/v2\/product_brand?post=73948"},{"taxonomy":"product_cat","embeddable":true,"href":"https:\/\/saudi-gift.com\/fr\/wp-json\/wp\/v2\/product_cat?post=73948"},{"taxonomy":"product_tag","embeddable":true,"href":"https:\/\/saudi-gift.com\/fr\/wp-json\/wp\/v2\/product_tag?post=73948"}],"curies":[{"name":"wp","href":"https:\/\/api.w.org\/{rel}","templated":true}]}}