{"id":29492,"date":"2024-12-03T01:24:04","date_gmt":"2024-12-02T22:24:04","guid":{"rendered":"https:\/\/saudi-gift.com\/product\/comlek-su-kabi\/"},"modified":"2024-12-25T09:22:09","modified_gmt":"2024-12-25T06:22:09","slug":"comlek-su-kabi","status":"publish","type":"product","link":"https:\/\/saudi-gift.com\/tr\/urun\/comlek-su-kabi\/","title":{"rendered":"Medini Su Tutucu"},"content":{"rendered":"<p><span style=\"font-size: 11px;\"><strong>Sorumluluk Reddi:<\/strong><\/span><\/p>\n<p><span style=\"font-size: 11px;\">T\u00fcm \u00f6l\u00e7\u00fcler yakla\u015f\u0131kt\u0131r ve el yap\u0131m\u0131 olduklar\u0131 i\u00e7in kesin de\u011fildir ve \u00f6rnekten \u00f6rne\u011fe de\u011fi\u015febilir.<\/span><\/p>\n","protected":false},"excerpt":{"rendered":"<p>Bir zamanlar <strong>suyu so\u011fuk tutmak<\/strong> ve i\u00e7mek <strong>i\u00e7in kullan\u0131lan<\/strong> \u015fi\u015fe bi\u00e7imli toprak kap. <strong>\u015eehir kilinden<\/strong> yap\u0131lm\u0131\u015ft\u0131r. Kapasite <strong>500ml <\/strong>  <\/p>\n","protected":false},"featured_media":28969,"comment_status":"open","ping_status":"closed","template":"","meta":[],"product_brand":[],"product_cat":[3314,132],"product_tag":[1259,1205],"class_list":{"0":"post-29492","1":"product","2":"type-product","3":"status-publish","4":"has-post-thumbnail","6":"product_cat-3314","7":"product_cat-made-in-medina","8":"product_tag-_","9":"product_tag-1205","11":"first","12":"instock","13":"shipping-taxable","14":"purchasable","15":"product-type-simple"},"yoast_head":"<!-- This site is optimized with the Yoast SEO Premium plugin v27.2 (Yoast SEO v27.6) - https:\/\/yoast.com\/product\/yoast-seo-premium-wordpress\/ -->\n<title>City Pottery Su Tutaca\u011f\u0131 - Saudi Gift Shop&#039;ta \u015fimdi sat\u0131n al\u0131n<\/title>\n<meta name=\"description\" content=\"Bir zamanlar suyu so\u011fuk tutmak ve i\u00e7mek i\u00e7in kullan\u0131lan \u015fi\u015fe bi\u00e7imli toprak kap. \u015eehir kilinden yap\u0131lm\u0131\u015ft\u0131r. Kapasite 500ml\" \/>\n<meta name=\"robots\" content=\"index, follow, max-snippet:-1, max-image-preview:large, max-video-preview:-1\" \/>\n<link rel=\"canonical\" href=\"https:\/\/saudi-gift.com\/tr\/product\/comlek-su-kabi\/\" \/>\n<meta property=\"og:locale\" content=\"tr_TR\" \/>\n<meta property=\"og:type\" content=\"article\" \/>\n<meta property=\"og:title\" content=\"Medini Su Tutucu\" \/>\n<meta property=\"og:description\" content=\"Bir zamanlar suyu so\u011fuk tutmak ve i\u00e7mek i\u00e7in kullan\u0131lan \u015fi\u015fe bi\u00e7imli toprak kap. \u015eehir kilinden yap\u0131lm\u0131\u015ft\u0131r. Kapasite 500ml\" \/>\n<meta property=\"og:url\" content=\"https:\/\/saudi-gift.com\/tr\/product\/comlek-su-kabi\/\" \/>\n<meta property=\"og:site_name\" content=\"\u0647\u062f\u064a\u0629 \u0633\u0639\u0648\u062f\u064a\u0629\" \/>\n<meta property=\"article:publisher\" content=\"https:\/\/www.facebook.com\/profile.php?id=61560277649059&amp;mibextid=LQQJ4d\" \/>\n<meta property=\"article:modified_time\" content=\"2024-12-25T06:22:09+00:00\" \/>\n<meta property=\"og:image\" content=\"https:\/\/saudi-gift.com\/wp-content\/uploads\/2024\/12\/IMG_5000.jpg\" \/>\n\t<meta property=\"og:image:width\" content=\"600\" \/>\n\t<meta property=\"og:image:height\" content=\"600\" \/>\n\t<meta property=\"og:image:type\" content=\"image\/jpeg\" \/>\n<meta name=\"twitter:card\" content=\"summary_large_image\" \/>\n<meta name=\"twitter:site\" content=\"@saudigift_\" \/>\n<script type=\"application\/ld+json\" class=\"yoast-schema-graph\">{\"@context\":\"https:\\\/\\\/schema.org\",\"@graph\":[{\"@type\":\"WebPage\",\"@id\":\"https:\\\/\\\/saudi-gift.com\\\/tr\\\/product\\\/comlek-su-kabi\\\/\",\"url\":\"https:\\\/\\\/saudi-gift.com\\\/tr\\\/product\\\/comlek-su-kabi\\\/\",\"name\":\"City Pottery Su Tutaca\u011f\u0131 - Saudi Gift Shop'ta \u015fimdi sat\u0131n al\u0131n\",\"isPartOf\":{\"@id\":\"https:\\\/\\\/saudi-gift.com\\\/#website\"},\"primaryImageOfPage\":{\"@id\":\"https:\\\/\\\/saudi-gift.com\\\/tr\\\/product\\\/comlek-su-kabi\\\/#primaryimage\"},\"image\":{\"@id\":\"https:\\\/\\\/saudi-gift.com\\\/tr\\\/product\\\/comlek-su-kabi\\\/#primaryimage\"},\"thumbnailUrl\":\"https:\\\/\\\/saudi-gift.com\\\/wp-content\\\/uploads\\\/2024\\\/12\\\/IMG_5000.jpg\",\"datePublished\":\"2024-12-02T22:24:04+00:00\",\"dateModified\":\"2024-12-25T06:22:09+00:00\",\"description\":\"Bir zamanlar suyu so\u011fuk tutmak ve i\u00e7mek i\u00e7in kullan\u0131lan \u015fi\u015fe bi\u00e7imli toprak kap. \u015eehir kilinden yap\u0131lm\u0131\u015ft\u0131r. Kapasite 500ml\",\"breadcrumb\":{\"@id\":\"https:\\\/\\\/saudi-gift.com\\\/tr\\\/product\\\/comlek-su-kabi\\\/#breadcrumb\"},\"inLanguage\":\"tr\",\"potentialAction\":[{\"@type\":\"ReadAction\",\"target\":[\"https:\\\/\\\/saudi-gift.com\\\/tr\\\/product\\\/comlek-su-kabi\\\/\"]}]},{\"@type\":\"ImageObject\",\"inLanguage\":\"tr\",\"@id\":\"https:\\\/\\\/saudi-gift.com\\\/tr\\\/product\\\/comlek-su-kabi\\\/#primaryimage\",\"url\":\"https:\\\/\\\/saudi-gift.com\\\/wp-content\\\/uploads\\\/2024\\\/12\\\/IMG_5000.jpg\",\"contentUrl\":\"https:\\\/\\\/saudi-gift.com\\\/wp-content\\\/uploads\\\/2024\\\/12\\\/IMG_5000.jpg\",\"width\":600,\"height\":600,\"caption\":\"\u062d\u0627\u0641\u0638\u0629 \u0645\u0627\u0621 \u0623\u0646\u064a\u0642\u0629\"},{\"@type\":\"BreadcrumbList\",\"@id\":\"https:\\\/\\\/saudi-gift.com\\\/tr\\\/product\\\/comlek-su-kabi\\\/#breadcrumb\",\"itemListElement\":[{\"@type\":\"ListItem\",\"position\":1,\"name\":\"Home\",\"item\":\"https:\\\/\\\/saudi-gift.com\\\/tr\\\/\"},{\"@type\":\"ListItem\",\"position\":2,\"name\":\"\u015eimdi Al\u0131\u015fveri\u015f Yap\u0131n\",\"item\":\"https:\\\/\\\/saudi-gift.com\\\/tr\\\/simdi-alisveris-yapin\\\/\"},{\"@type\":\"ListItem\",\"position\":3,\"name\":\"Medini Su Tutucu\"}]},{\"@type\":\"WebSite\",\"@id\":\"https:\\\/\\\/saudi-gift.com\\\/#website\",\"url\":\"https:\\\/\\\/saudi-gift.com\\\/\",\"name\":\"\u0647\u062f\u064a\u0629 \u0633\u0639\u0648\u062f\u064a\u0629\",\"description\":\"\u0647\u062f\u064a\u0629 \u0633\u0639\u0648\u062f\u064a\u0629 \u0645\u062a\u062c\u0631 \u0627\u0644\u0643\u062a\u0631\u0648\u0646\u064a \u064a\u0642\u062f\u0645 \u0644\u0643\u0645 \u0645\u062c\u0645\u0648\u0639\u0629 \u0645\u0646 \u0627\u0644\u0647\u062f\u0627\u064a\u0627 \u0627\u0644\u062a\u064a \u062a\u062c\u0633\u062f \u0639\u0628\u0642 \u0630\u0643\u0631\u064a\u0627\u062a\u0643\u0645 \u0641\u064a \u0627\u0644\u0645\u0634\u0627\u0639\u0631 \u0627\u0644\u0645\u0642\u062f\u0633\u0629\",\"publisher\":{\"@id\":\"https:\\\/\\\/saudi-gift.com\\\/#organization\"},\"alternateName\":\"\u0647\u062f\u064a\u0629 \u0633\u0639\u0648\u062f\u064a\u0629\",\"potentialAction\":[{\"@type\":\"SearchAction\",\"target\":{\"@type\":\"EntryPoint\",\"urlTemplate\":\"https:\\\/\\\/saudi-gift.com\\\/?s={search_term_string}\"},\"query-input\":{\"@type\":\"PropertyValueSpecification\",\"valueRequired\":true,\"valueName\":\"search_term_string\"}}],\"inLanguage\":\"tr\"},{\"@type\":\"Organization\",\"@id\":\"https:\\\/\\\/saudi-gift.com\\\/#organization\",\"name\":\"\u0645\u062a\u062c\u0631 \u0627\u0644\u0647\u062f\u064a\u0629\",\"alternateName\":\"\u0647\u062f\u064a\u0629 \u0633\u0639\u0648\u062f\u064a\u0629\",\"url\":\"https:\\\/\\\/saudi-gift.com\\\/\",\"logo\":{\"@type\":\"ImageObject\",\"inLanguage\":\"tr\",\"@id\":\"https:\\\/\\\/saudi-gift.com\\\/#\\\/schema\\\/logo\\\/image\\\/\",\"url\":\"https:\\\/\\\/saudi-gift.com\\\/wp-content\\\/uploads\\\/2025\\\/05\\\/2.png\",\"contentUrl\":\"https:\\\/\\\/saudi-gift.com\\\/wp-content\\\/uploads\\\/2025\\\/05\\\/2.png\",\"width\":163,\"height\":42,\"caption\":\"\u0645\u062a\u062c\u0631 \u0627\u0644\u0647\u062f\u064a\u0629\"},\"image\":{\"@id\":\"https:\\\/\\\/saudi-gift.com\\\/#\\\/schema\\\/logo\\\/image\\\/\"},\"sameAs\":[\"https:\\\/\\\/www.facebook.com\\\/profile.php?id=61560277649059&mibextid=LQQJ4d\",\"https:\\\/\\\/x.com\\\/saudigift_\"]}]}<\/script>\n<!-- \/ Yoast SEO Premium plugin. -->","yoast_head_json":{"title":"City Pottery Su Tutaca\u011f\u0131 - Saudi Gift Shop'ta \u015fimdi sat\u0131n al\u0131n","description":"Bir zamanlar suyu so\u011fuk tutmak ve i\u00e7mek i\u00e7in kullan\u0131lan \u015fi\u015fe bi\u00e7imli toprak kap. \u015eehir kilinden yap\u0131lm\u0131\u015ft\u0131r. Kapasite 500ml","robots":{"index":"index","follow":"follow","max-snippet":"max-snippet:-1","max-image-preview":"max-image-preview:large","max-video-preview":"max-video-preview:-1"},"canonical":"https:\/\/saudi-gift.com\/tr\/product\/comlek-su-kabi\/","og_locale":"tr_TR","og_type":"article","og_title":"Medini Su Tutucu","og_description":"Bir zamanlar suyu so\u011fuk tutmak ve i\u00e7mek i\u00e7in kullan\u0131lan \u015fi\u015fe bi\u00e7imli toprak kap. \u015eehir kilinden yap\u0131lm\u0131\u015ft\u0131r. Kapasite 500ml","og_url":"https:\/\/saudi-gift.com\/tr\/product\/comlek-su-kabi\/","og_site_name":"\u0647\u062f\u064a\u0629 \u0633\u0639\u0648\u062f\u064a\u0629","article_publisher":"https:\/\/www.facebook.com\/profile.php?id=61560277649059&mibextid=LQQJ4d","article_modified_time":"2024-12-25T06:22:09+00:00","og_image":[{"width":600,"height":600,"url":"https:\/\/saudi-gift.com\/wp-content\/uploads\/2024\/12\/IMG_5000.jpg","type":"image\/jpeg"}],"twitter_card":"summary_large_image","twitter_site":"@saudigift_","schema":{"@context":"https:\/\/schema.org","@graph":[{"@type":"WebPage","@id":"https:\/\/saudi-gift.com\/tr\/product\/comlek-su-kabi\/","url":"https:\/\/saudi-gift.com\/tr\/product\/comlek-su-kabi\/","name":"City Pottery Su Tutaca\u011f\u0131 - Saudi Gift Shop'ta \u015fimdi sat\u0131n al\u0131n","isPartOf":{"@id":"https:\/\/saudi-gift.com\/#website"},"primaryImageOfPage":{"@id":"https:\/\/saudi-gift.com\/tr\/product\/comlek-su-kabi\/#primaryimage"},"image":{"@id":"https:\/\/saudi-gift.com\/tr\/product\/comlek-su-kabi\/#primaryimage"},"thumbnailUrl":"https:\/\/saudi-gift.com\/wp-content\/uploads\/2024\/12\/IMG_5000.jpg","datePublished":"2024-12-02T22:24:04+00:00","dateModified":"2024-12-25T06:22:09+00:00","description":"Bir zamanlar suyu so\u011fuk tutmak ve i\u00e7mek i\u00e7in kullan\u0131lan \u015fi\u015fe bi\u00e7imli toprak kap. \u015eehir kilinden yap\u0131lm\u0131\u015ft\u0131r. Kapasite 500ml","breadcrumb":{"@id":"https:\/\/saudi-gift.com\/tr\/product\/comlek-su-kabi\/#breadcrumb"},"inLanguage":"tr","potentialAction":[{"@type":"ReadAction","target":["https:\/\/saudi-gift.com\/tr\/product\/comlek-su-kabi\/"]}]},{"@type":"ImageObject","inLanguage":"tr","@id":"https:\/\/saudi-gift.com\/tr\/product\/comlek-su-kabi\/#primaryimage","url":"https:\/\/saudi-gift.com\/wp-content\/uploads\/2024\/12\/IMG_5000.jpg","contentUrl":"https:\/\/saudi-gift.com\/wp-content\/uploads\/2024\/12\/IMG_5000.jpg","width":600,"height":600,"caption":"\u062d\u0627\u0641\u0638\u0629 \u0645\u0627\u0621 \u0623\u0646\u064a\u0642\u0629"},{"@type":"BreadcrumbList","@id":"https:\/\/saudi-gift.com\/tr\/product\/comlek-su-kabi\/#breadcrumb","itemListElement":[{"@type":"ListItem","position":1,"name":"Home","item":"https:\/\/saudi-gift.com\/tr\/"},{"@type":"ListItem","position":2,"name":"\u015eimdi Al\u0131\u015fveri\u015f Yap\u0131n","item":"https:\/\/saudi-gift.com\/tr\/simdi-alisveris-yapin\/"},{"@type":"ListItem","position":3,"name":"Medini Su Tutucu"}]},{"@type":"WebSite","@id":"https:\/\/saudi-gift.com\/#website","url":"https:\/\/saudi-gift.com\/","name":"\u0647\u062f\u064a\u0629 \u0633\u0639\u0648\u062f\u064a\u0629","description":"\u0647\u062f\u064a\u0629 \u0633\u0639\u0648\u062f\u064a\u0629 \u0645\u062a\u062c\u0631 \u0627\u0644\u0643\u062a\u0631\u0648\u0646\u064a \u064a\u0642\u062f\u0645 \u0644\u0643\u0645 \u0645\u062c\u0645\u0648\u0639\u0629 \u0645\u0646 \u0627\u0644\u0647\u062f\u0627\u064a\u0627 \u0627\u0644\u062a\u064a \u062a\u062c\u0633\u062f \u0639\u0628\u0642 \u0630\u0643\u0631\u064a\u0627\u062a\u0643\u0645 \u0641\u064a \u0627\u0644\u0645\u0634\u0627\u0639\u0631 \u0627\u0644\u0645\u0642\u062f\u0633\u0629","publisher":{"@id":"https:\/\/saudi-gift.com\/#organization"},"alternateName":"\u0647\u062f\u064a\u0629 \u0633\u0639\u0648\u062f\u064a\u0629","potentialAction":[{"@type":"SearchAction","target":{"@type":"EntryPoint","urlTemplate":"https:\/\/saudi-gift.com\/?s={search_term_string}"},"query-input":{"@type":"PropertyValueSpecification","valueRequired":true,"valueName":"search_term_string"}}],"inLanguage":"tr"},{"@type":"Organization","@id":"https:\/\/saudi-gift.com\/#organization","name":"\u0645\u062a\u062c\u0631 \u0627\u0644\u0647\u062f\u064a\u0629","alternateName":"\u0647\u062f\u064a\u0629 \u0633\u0639\u0648\u062f\u064a\u0629","url":"https:\/\/saudi-gift.com\/","logo":{"@type":"ImageObject","inLanguage":"tr","@id":"https:\/\/saudi-gift.com\/#\/schema\/logo\/image\/","url":"https:\/\/saudi-gift.com\/wp-content\/uploads\/2025\/05\/2.png","contentUrl":"https:\/\/saudi-gift.com\/wp-content\/uploads\/2025\/05\/2.png","width":163,"height":42,"caption":"\u0645\u062a\u062c\u0631 \u0627\u0644\u0647\u062f\u064a\u0629"},"image":{"@id":"https:\/\/saudi-gift.com\/#\/schema\/logo\/image\/"},"sameAs":["https:\/\/www.facebook.com\/profile.php?id=61560277649059&mibextid=LQQJ4d","https:\/\/x.com\/saudigift_"]}]}},"jetpack-related-posts":[],"_links":{"self":[{"href":"https:\/\/saudi-gift.com\/tr\/wp-json\/wp\/v2\/product\/29492","targetHints":{"allow":["GET"]}}],"collection":[{"href":"https:\/\/saudi-gift.com\/tr\/wp-json\/wp\/v2\/product"}],"about":[{"href":"https:\/\/saudi-gift.com\/tr\/wp-json\/wp\/v2\/types\/product"}],"replies":[{"embeddable":true,"href":"https:\/\/saudi-gift.com\/tr\/wp-json\/wp\/v2\/comments?post=29492"}],"version-history":[{"count":0,"href":"https:\/\/saudi-gift.com\/tr\/wp-json\/wp\/v2\/product\/29492\/revisions"}],"wp:featuredmedia":[{"embeddable":true,"href":"https:\/\/saudi-gift.com\/tr\/wp-json\/wp\/v2\/media\/28969"}],"wp:attachment":[{"href":"https:\/\/saudi-gift.com\/tr\/wp-json\/wp\/v2\/media?parent=29492"}],"wp:term":[{"taxonomy":"product_brand","embeddable":true,"href":"https:\/\/saudi-gift.com\/tr\/wp-json\/wp\/v2\/product_brand?post=29492"},{"taxonomy":"product_cat","embeddable":true,"href":"https:\/\/saudi-gift.com\/tr\/wp-json\/wp\/v2\/product_cat?post=29492"},{"taxonomy":"product_tag","embeddable":true,"href":"https:\/\/saudi-gift.com\/tr\/wp-json\/wp\/v2\/product_tag?post=29492"}],"curies":[{"name":"wp","href":"https:\/\/api.w.org\/{rel}","templated":true}]}}