{"id":38331,"date":"2024-12-26T17:40:08","date_gmt":"2024-12-26T14:40:08","guid":{"rendered":"https:\/\/saudi-gift.com\/product\/sekerleme-ve-antep-fistigi-sekeri\/"},"modified":"2024-12-26T17:40:08","modified_gmt":"2024-12-26T14:40:08","slug":"sekerleme-ve-antep-fistigi-sekeri","status":"publish","type":"product","link":"https:\/\/saudi-gift.com\/tr\/urun\/sekerleme-ve-antep-fistigi-sekeri\/","title":{"rendered":"\u015eekerleme ve Antep F\u0131st\u0131\u011f\u0131 \u015eekeri"},"content":{"rendered":"<p><strong>Antep F\u0131st\u0131kl\u0131 Toffee Kremal\u0131 \u015eeker Hurma<\/strong><\/p>\n<p>bir miktar Antep f\u0131st\u0131\u011f\u0131 aromas\u0131 ile. Bu tarif, hurman\u0131n tatl\u0131, vitamin ve mineral a\u00e7\u0131s\u0131ndan zengin tad\u0131, \u015fekerleme kremas\u0131n\u0131n p\u00fcr\u00fczs\u00fczl\u00fc\u011f\u00fc ve protein ve sa\u011fl\u0131kl\u0131 ya\u011flar a\u00e7\u0131s\u0131ndan zengin Antep f\u0131st\u0131\u011f\u0131n\u0131n f\u0131st\u0131kl\u0131 tad\u0131 ile m\u00fckemmel bir lezzet kar\u0131\u015f\u0131m\u0131d\u0131r.<\/p>\n<ul>\n<li><strong>Eksiksiz bir deneyim:<\/strong><\/li>\n<\/ul>\n<p>Antep F\u0131st\u0131kl\u0131 Toffee Kremal\u0131 \u015eeker Hurma, eksiksiz bir lezzet ve besin de\u011feri deneyimi sunarak sa\u011fl\u0131kl\u0131 bir at\u0131\u015ft\u0131rmal\u0131k veya g\u00fcn boyunca beslenme ihtiya\u00e7lar\u0131n\u0131z\u0131 kar\u015f\u0131layacak bir enerji at\u0131\u015ft\u0131rmal\u0131\u011f\u0131 olarak ideal bir se\u00e7imdir. <\/p>\n<ul>\n<li><strong>Y\u00fcksek besin de\u011feri:<\/strong><\/li>\n<\/ul>\n<p>Her 100 g Antep F\u0131st\u0131kl\u0131 Toffee Kremal\u0131 \u015eekerli Hurma porsiyonu 370 kalori i\u00e7erir, bu da onu besleyici bir enerji ve canl\u0131l\u0131k kayna\u011f\u0131 haline getirir. <\/p>\n<ul>\n<li><strong>Zengin bir besin kayna\u011f\u0131:<\/strong><\/li>\n<\/ul>\n<p>Hurma C vitamini, B6 vitamini, potasyum ve magnezyum gibi bir\u00e7ok \u00f6nemli vitamin ve mineral i\u00e7erirken, Antep f\u0131st\u0131\u011f\u0131 protein, sa\u011fl\u0131kl\u0131 ya\u011flar ve lif sa\u011flar. <\/p>\n<ul>\n<li><strong>Do\u011fal i\u00e7erikler:<\/strong><\/li>\n<\/ul>\n<p>Bu tarifin \u00f6zelli\u011fi, herhangi bir koruyucu veya zararl\u0131 kimyasal madde eklenmeden sadece do\u011fal ve sa\u011fl\u0131kl\u0131 malzemeler i\u00e7ermesidir. <\/p>\n<ul>\n<li><strong>T\u00fcm zamanlar i\u00e7in uygundur:<\/strong><\/li>\n<\/ul>\n<p>Ferahlat\u0131c\u0131 bir enerji art\u0131\u015f\u0131 i\u00e7in sabah at\u0131\u015ft\u0131rmal\u0131\u011f\u0131 olarak, \u00f6\u011f\u00fcnler aras\u0131nda at\u0131\u015ft\u0131rmal\u0131k olarak veya hatta sporcular i\u00e7in egzersiz sonras\u0131 at\u0131\u015ft\u0131rmal\u0131k olarak g\u00fcn\u00fcn herhangi bir saatinde yenebilir.   <\/p>\n<p><strong>Tamar Sugar Antep F\u0131st\u0131kl\u0131 Toffee Krema ile lezzetli ve besleyici bir deneyim ya\u015fay\u0131n, enfes tad\u0131 g\u00fcn\u00fcn\u00fcz\u00fcn her an\u0131n\u0131 doldursun! <\/strong><\/p>\n","protected":false},"excerpt":{"rendered":"<p>Hurman\u0131n do\u011fal tatl\u0131l\u0131\u011f\u0131n\u0131 toffee kremas\u0131n\u0131n yumu\u015fakl\u0131\u011f\u0131 ile birle\u015ftiren Antep F\u0131st\u0131kl\u0131 Toffee Kremal\u0131 \u015eekerli Hurma ile lezzetli ve besleyici bir deneyim ya\u015fay\u0131n <\/p>\n<p>&nbsp;<\/p>\n<p>&nbsp;<\/p>\n<p><strong><span style=\"font-size: 17px\">Hapla kaplanm\u0131\u015f m\u0131?<\/span><\/strong><\/p>\n","protected":false},"featured_media":31564,"comment_status":"open","ping_status":"closed","template":"","meta":[],"product_brand":[],"product_cat":[3178],"product_tag":[1634,716,1625],"class_list":{"0":"post-38331","1":"product","2":"type-product","3":"status-publish","4":"has-post-thumbnail","6":"product_cat-ikram-urunleri","7":"product_tag-_-tr","8":"product_tag--tr","11":"first","12":"instock","13":"sale","14":"shipping-taxable","15":"purchasable","16":"product-type-variable"},"yoast_head":"<!-- This site is optimized with the Yoast SEO Premium plugin v27.2 (Yoast SEO v27.6) - https:\/\/yoast.com\/product\/yoast-seo-premium-wordpress\/ -->\n<title>\u015eekerleme ve Antep f\u0131st\u0131kl\u0131 \u015fekerli hurma - en d\u00fc\u015f\u00fck fiyatlarla bir Suudi hediyesi i\u00e7in \u015fimdi al\u0131\u015fveri\u015f yap\u0131n<\/title>\n<meta name=\"description\" content=\"Hurman\u0131n do\u011fal tatl\u0131l\u0131\u011f\u0131n\u0131 toffee kremas\u0131n\u0131n yumu\u015fakl\u0131\u011f\u0131 ile birle\u015ftiren Antep F\u0131st\u0131kl\u0131 Toffee Kremal\u0131 \u015eekerli Hurma ile lezzetli ve besleyici bir deneyim ya\u015fay\u0131n\" \/>\n<meta name=\"robots\" content=\"index, follow, max-snippet:-1, max-image-preview:large, max-video-preview:-1\" \/>\n<link rel=\"canonical\" href=\"https:\/\/saudi-gift.com\/product\/\u0633\u0643\u0631\u064a-\u0628\u0627\u0644\u062a\u0648\u0641\u064a-\u0648-\u0627\u0644\u0641\u0633\u062a\u0642\/\" \/>\n<meta property=\"og:locale\" content=\"tr_TR\" \/>\n<meta property=\"og:type\" content=\"article\" \/>\n<meta property=\"og:title\" content=\"\u015eekerleme ve Antep F\u0131st\u0131\u011f\u0131 \u015eekeri\" \/>\n<meta property=\"og:description\" content=\"Hurman\u0131n do\u011fal tatl\u0131l\u0131\u011f\u0131n\u0131 toffee kremas\u0131n\u0131n yumu\u015fakl\u0131\u011f\u0131 ile birle\u015ftiren Antep F\u0131st\u0131kl\u0131 Toffee Kremal\u0131 \u015eekerli Hurma ile lezzetli ve besleyici bir deneyim ya\u015fay\u0131n\" \/>\n<meta property=\"og:url\" content=\"https:\/\/saudi-gift.com\/product\/\u0633\u0643\u0631\u064a-\u0628\u0627\u0644\u062a\u0648\u0641\u064a-\u0648-\u0627\u0644\u0641\u0633\u062a\u0642\/\" \/>\n<meta property=\"og:site_name\" content=\"\u0647\u062f\u064a\u0629 \u0633\u0639\u0648\u062f\u064a\u0629\" \/>\n<meta property=\"article:publisher\" content=\"https:\/\/www.facebook.com\/profile.php?id=61560277649059&amp;mibextid=LQQJ4d\" \/>\n<meta property=\"og:image\" content=\"https:\/\/saudi-gift.com\/wp-content\/uploads\/2024\/12\/a2e1979c-2044-41ac-81cd-9af1b22fe946-1000x737-HbmFb3sphCCCYlDodF6ZI2z9Occw9KyV2uGbgzFY-1-1.webp\" \/>\n\t<meta property=\"og:image:width\" content=\"600\" \/>\n\t<meta property=\"og:image:height\" content=\"600\" \/>\n\t<meta property=\"og:image:type\" content=\"image\/webp\" \/>\n<meta name=\"twitter:card\" content=\"summary_large_image\" \/>\n<meta name=\"twitter:site\" content=\"@saudigift_\" \/>\n<meta name=\"twitter:label1\" content=\"Tahmini okuma s\u00fcresi\" \/>\n\t<meta name=\"twitter:data1\" content=\"1 dakika\" \/>\n<script type=\"application\/ld+json\" class=\"yoast-schema-graph\">{\"@context\":\"https:\\\/\\\/schema.org\",\"@graph\":[{\"@type\":\"WebPage\",\"@id\":\"https:\\\/\\\/saudi-gift.com\\\/product\\\/%d8%b3%d9%83%d8%b1%d9%8a-%d8%a8%d8%a7%d9%84%d8%aa%d9%88%d9%81%d9%8a-%d9%88-%d8%a7%d9%84%d9%81%d8%b3%d8%aa%d9%82\\\/\",\"url\":\"https:\\\/\\\/saudi-gift.com\\\/product\\\/%d8%b3%d9%83%d8%b1%d9%8a-%d8%a8%d8%a7%d9%84%d8%aa%d9%88%d9%81%d9%8a-%d9%88-%d8%a7%d9%84%d9%81%d8%b3%d8%aa%d9%82\\\/\",\"name\":\"\u015eekerleme ve Antep f\u0131st\u0131kl\u0131 \u015fekerli hurma - en d\u00fc\u015f\u00fck fiyatlarla bir Suudi hediyesi i\u00e7in \u015fimdi al\u0131\u015fveri\u015f yap\u0131n\",\"isPartOf\":{\"@id\":\"https:\\\/\\\/saudi-gift.com\\\/#website\"},\"primaryImageOfPage\":{\"@id\":\"https:\\\/\\\/saudi-gift.com\\\/product\\\/%d8%b3%d9%83%d8%b1%d9%8a-%d8%a8%d8%a7%d9%84%d8%aa%d9%88%d9%81%d9%8a-%d9%88-%d8%a7%d9%84%d9%81%d8%b3%d8%aa%d9%82\\\/#primaryimage\"},\"image\":{\"@id\":\"https:\\\/\\\/saudi-gift.com\\\/product\\\/%d8%b3%d9%83%d8%b1%d9%8a-%d8%a8%d8%a7%d9%84%d8%aa%d9%88%d9%81%d9%8a-%d9%88-%d8%a7%d9%84%d9%81%d8%b3%d8%aa%d9%82\\\/#primaryimage\"},\"thumbnailUrl\":\"https:\\\/\\\/saudi-gift.com\\\/wp-content\\\/uploads\\\/2024\\\/12\\\/a2e1979c-2044-41ac-81cd-9af1b22fe946-1000x737-HbmFb3sphCCCYlDodF6ZI2z9Occw9KyV2uGbgzFY-1-1.webp\",\"datePublished\":\"2024-12-26T14:40:08+00:00\",\"description\":\"Hurman\u0131n do\u011fal tatl\u0131l\u0131\u011f\u0131n\u0131 toffee kremas\u0131n\u0131n yumu\u015fakl\u0131\u011f\u0131 ile birle\u015ftiren Antep F\u0131st\u0131kl\u0131 Toffee Kremal\u0131 \u015eekerli Hurma ile lezzetli ve besleyici bir deneyim ya\u015fay\u0131n\",\"breadcrumb\":{\"@id\":\"https:\\\/\\\/saudi-gift.com\\\/product\\\/%d8%b3%d9%83%d8%b1%d9%8a-%d8%a8%d8%a7%d9%84%d8%aa%d9%88%d9%81%d9%8a-%d9%88-%d8%a7%d9%84%d9%81%d8%b3%d8%aa%d9%82\\\/#breadcrumb\"},\"inLanguage\":\"tr\",\"potentialAction\":[{\"@type\":\"ReadAction\",\"target\":[\"https:\\\/\\\/saudi-gift.com\\\/product\\\/%d8%b3%d9%83%d8%b1%d9%8a-%d8%a8%d8%a7%d9%84%d8%aa%d9%88%d9%81%d9%8a-%d9%88-%d8%a7%d9%84%d9%81%d8%b3%d8%aa%d9%82\\\/\"]}]},{\"@type\":\"ImageObject\",\"inLanguage\":\"tr\",\"@id\":\"https:\\\/\\\/saudi-gift.com\\\/product\\\/%d8%b3%d9%83%d8%b1%d9%8a-%d8%a8%d8%a7%d9%84%d8%aa%d9%88%d9%81%d9%8a-%d9%88-%d8%a7%d9%84%d9%81%d8%b3%d8%aa%d9%82\\\/#primaryimage\",\"url\":\"https:\\\/\\\/saudi-gift.com\\\/wp-content\\\/uploads\\\/2024\\\/12\\\/a2e1979c-2044-41ac-81cd-9af1b22fe946-1000x737-HbmFb3sphCCCYlDodF6ZI2z9Occw9KyV2uGbgzFY-1-1.webp\",\"contentUrl\":\"https:\\\/\\\/saudi-gift.com\\\/wp-content\\\/uploads\\\/2024\\\/12\\\/a2e1979c-2044-41ac-81cd-9af1b22fe946-1000x737-HbmFb3sphCCCYlDodF6ZI2z9Occw9KyV2uGbgzFY-1-1.webp\",\"width\":600,\"height\":600},{\"@type\":\"BreadcrumbList\",\"@id\":\"https:\\\/\\\/saudi-gift.com\\\/product\\\/%d8%b3%d9%83%d8%b1%d9%8a-%d8%a8%d8%a7%d9%84%d8%aa%d9%88%d9%81%d9%8a-%d9%88-%d8%a7%d9%84%d9%81%d8%b3%d8%aa%d9%82\\\/#breadcrumb\",\"itemListElement\":[{\"@type\":\"ListItem\",\"position\":1,\"name\":\"Home\",\"item\":\"https:\\\/\\\/saudi-gift.com\\\/tr\\\/\"},{\"@type\":\"ListItem\",\"position\":2,\"name\":\"\u015eimdi Al\u0131\u015fveri\u015f Yap\u0131n\",\"item\":\"https:\\\/\\\/saudi-gift.com\\\/tr\\\/simdi-alisveris-yapin\\\/\"},{\"@type\":\"ListItem\",\"position\":3,\"name\":\"\u015eekerleme ve Antep F\u0131st\u0131\u011f\u0131 \u015eekeri\"}]},{\"@type\":\"WebSite\",\"@id\":\"https:\\\/\\\/saudi-gift.com\\\/#website\",\"url\":\"https:\\\/\\\/saudi-gift.com\\\/\",\"name\":\"\u0647\u062f\u064a\u0629 \u0633\u0639\u0648\u062f\u064a\u0629\",\"description\":\"\u0647\u062f\u064a\u0629 \u0633\u0639\u0648\u062f\u064a\u0629 \u0645\u062a\u062c\u0631 \u0627\u0644\u0643\u062a\u0631\u0648\u0646\u064a \u064a\u0642\u062f\u0645 \u0644\u0643\u0645 \u0645\u062c\u0645\u0648\u0639\u0629 \u0645\u0646 \u0627\u0644\u0647\u062f\u0627\u064a\u0627 \u0627\u0644\u062a\u064a \u062a\u062c\u0633\u062f \u0639\u0628\u0642 \u0630\u0643\u0631\u064a\u0627\u062a\u0643\u0645 \u0641\u064a \u0627\u0644\u0645\u0634\u0627\u0639\u0631 \u0627\u0644\u0645\u0642\u062f\u0633\u0629\",\"publisher\":{\"@id\":\"https:\\\/\\\/saudi-gift.com\\\/#organization\"},\"alternateName\":\"\u0647\u062f\u064a\u0629 \u0633\u0639\u0648\u062f\u064a\u0629\",\"potentialAction\":[{\"@type\":\"SearchAction\",\"target\":{\"@type\":\"EntryPoint\",\"urlTemplate\":\"https:\\\/\\\/saudi-gift.com\\\/?s={search_term_string}\"},\"query-input\":{\"@type\":\"PropertyValueSpecification\",\"valueRequired\":true,\"valueName\":\"search_term_string\"}}],\"inLanguage\":\"tr\"},{\"@type\":\"Organization\",\"@id\":\"https:\\\/\\\/saudi-gift.com\\\/#organization\",\"name\":\"\u0645\u062a\u062c\u0631 \u0627\u0644\u0647\u062f\u064a\u0629\",\"alternateName\":\"\u0647\u062f\u064a\u0629 \u0633\u0639\u0648\u062f\u064a\u0629\",\"url\":\"https:\\\/\\\/saudi-gift.com\\\/\",\"logo\":{\"@type\":\"ImageObject\",\"inLanguage\":\"tr\",\"@id\":\"https:\\\/\\\/saudi-gift.com\\\/#\\\/schema\\\/logo\\\/image\\\/\",\"url\":\"https:\\\/\\\/saudi-gift.com\\\/wp-content\\\/uploads\\\/2025\\\/05\\\/2.png\",\"contentUrl\":\"https:\\\/\\\/saudi-gift.com\\\/wp-content\\\/uploads\\\/2025\\\/05\\\/2.png\",\"width\":163,\"height\":42,\"caption\":\"\u0645\u062a\u062c\u0631 \u0627\u0644\u0647\u062f\u064a\u0629\"},\"image\":{\"@id\":\"https:\\\/\\\/saudi-gift.com\\\/#\\\/schema\\\/logo\\\/image\\\/\"},\"sameAs\":[\"https:\\\/\\\/www.facebook.com\\\/profile.php?id=61560277649059&mibextid=LQQJ4d\",\"https:\\\/\\\/x.com\\\/saudigift_\"]}]}<\/script>\n<!-- \/ Yoast SEO Premium plugin. -->","yoast_head_json":{"title":"\u015eekerleme ve Antep f\u0131st\u0131kl\u0131 \u015fekerli hurma - en d\u00fc\u015f\u00fck fiyatlarla bir Suudi hediyesi i\u00e7in \u015fimdi al\u0131\u015fveri\u015f yap\u0131n","description":"Hurman\u0131n do\u011fal tatl\u0131l\u0131\u011f\u0131n\u0131 toffee kremas\u0131n\u0131n yumu\u015fakl\u0131\u011f\u0131 ile birle\u015ftiren Antep F\u0131st\u0131kl\u0131 Toffee Kremal\u0131 \u015eekerli Hurma ile lezzetli ve besleyici bir deneyim ya\u015fay\u0131n","robots":{"index":"index","follow":"follow","max-snippet":"max-snippet:-1","max-image-preview":"max-image-preview:large","max-video-preview":"max-video-preview:-1"},"canonical":"https:\/\/saudi-gift.com\/product\/\u0633\u0643\u0631\u064a-\u0628\u0627\u0644\u062a\u0648\u0641\u064a-\u0648-\u0627\u0644\u0641\u0633\u062a\u0642\/","og_locale":"tr_TR","og_type":"article","og_title":"\u015eekerleme ve Antep F\u0131st\u0131\u011f\u0131 \u015eekeri","og_description":"Hurman\u0131n do\u011fal tatl\u0131l\u0131\u011f\u0131n\u0131 toffee kremas\u0131n\u0131n yumu\u015fakl\u0131\u011f\u0131 ile birle\u015ftiren Antep F\u0131st\u0131kl\u0131 Toffee Kremal\u0131 \u015eekerli Hurma ile lezzetli ve besleyici bir deneyim ya\u015fay\u0131n","og_url":"https:\/\/saudi-gift.com\/product\/\u0633\u0643\u0631\u064a-\u0628\u0627\u0644\u062a\u0648\u0641\u064a-\u0648-\u0627\u0644\u0641\u0633\u062a\u0642\/","og_site_name":"\u0647\u062f\u064a\u0629 \u0633\u0639\u0648\u062f\u064a\u0629","article_publisher":"https:\/\/www.facebook.com\/profile.php?id=61560277649059&mibextid=LQQJ4d","og_image":[{"width":600,"height":600,"url":"https:\/\/saudi-gift.com\/wp-content\/uploads\/2024\/12\/a2e1979c-2044-41ac-81cd-9af1b22fe946-1000x737-HbmFb3sphCCCYlDodF6ZI2z9Occw9KyV2uGbgzFY-1-1.webp","type":"image\/webp"}],"twitter_card":"summary_large_image","twitter_site":"@saudigift_","twitter_misc":{"Tahmini okuma s\u00fcresi":"1 dakika"},"schema":{"@context":"https:\/\/schema.org","@graph":[{"@type":"WebPage","@id":"https:\/\/saudi-gift.com\/product\/%d8%b3%d9%83%d8%b1%d9%8a-%d8%a8%d8%a7%d9%84%d8%aa%d9%88%d9%81%d9%8a-%d9%88-%d8%a7%d9%84%d9%81%d8%b3%d8%aa%d9%82\/","url":"https:\/\/saudi-gift.com\/product\/%d8%b3%d9%83%d8%b1%d9%8a-%d8%a8%d8%a7%d9%84%d8%aa%d9%88%d9%81%d9%8a-%d9%88-%d8%a7%d9%84%d9%81%d8%b3%d8%aa%d9%82\/","name":"\u015eekerleme ve Antep f\u0131st\u0131kl\u0131 \u015fekerli hurma - en d\u00fc\u015f\u00fck fiyatlarla bir Suudi hediyesi i\u00e7in \u015fimdi al\u0131\u015fveri\u015f yap\u0131n","isPartOf":{"@id":"https:\/\/saudi-gift.com\/#website"},"primaryImageOfPage":{"@id":"https:\/\/saudi-gift.com\/product\/%d8%b3%d9%83%d8%b1%d9%8a-%d8%a8%d8%a7%d9%84%d8%aa%d9%88%d9%81%d9%8a-%d9%88-%d8%a7%d9%84%d9%81%d8%b3%d8%aa%d9%82\/#primaryimage"},"image":{"@id":"https:\/\/saudi-gift.com\/product\/%d8%b3%d9%83%d8%b1%d9%8a-%d8%a8%d8%a7%d9%84%d8%aa%d9%88%d9%81%d9%8a-%d9%88-%d8%a7%d9%84%d9%81%d8%b3%d8%aa%d9%82\/#primaryimage"},"thumbnailUrl":"https:\/\/saudi-gift.com\/wp-content\/uploads\/2024\/12\/a2e1979c-2044-41ac-81cd-9af1b22fe946-1000x737-HbmFb3sphCCCYlDodF6ZI2z9Occw9KyV2uGbgzFY-1-1.webp","datePublished":"2024-12-26T14:40:08+00:00","description":"Hurman\u0131n do\u011fal tatl\u0131l\u0131\u011f\u0131n\u0131 toffee kremas\u0131n\u0131n yumu\u015fakl\u0131\u011f\u0131 ile birle\u015ftiren Antep F\u0131st\u0131kl\u0131 Toffee Kremal\u0131 \u015eekerli Hurma ile lezzetli ve besleyici bir deneyim ya\u015fay\u0131n","breadcrumb":{"@id":"https:\/\/saudi-gift.com\/product\/%d8%b3%d9%83%d8%b1%d9%8a-%d8%a8%d8%a7%d9%84%d8%aa%d9%88%d9%81%d9%8a-%d9%88-%d8%a7%d9%84%d9%81%d8%b3%d8%aa%d9%82\/#breadcrumb"},"inLanguage":"tr","potentialAction":[{"@type":"ReadAction","target":["https:\/\/saudi-gift.com\/product\/%d8%b3%d9%83%d8%b1%d9%8a-%d8%a8%d8%a7%d9%84%d8%aa%d9%88%d9%81%d9%8a-%d9%88-%d8%a7%d9%84%d9%81%d8%b3%d8%aa%d9%82\/"]}]},{"@type":"ImageObject","inLanguage":"tr","@id":"https:\/\/saudi-gift.com\/product\/%d8%b3%d9%83%d8%b1%d9%8a-%d8%a8%d8%a7%d9%84%d8%aa%d9%88%d9%81%d9%8a-%d9%88-%d8%a7%d9%84%d9%81%d8%b3%d8%aa%d9%82\/#primaryimage","url":"https:\/\/saudi-gift.com\/wp-content\/uploads\/2024\/12\/a2e1979c-2044-41ac-81cd-9af1b22fe946-1000x737-HbmFb3sphCCCYlDodF6ZI2z9Occw9KyV2uGbgzFY-1-1.webp","contentUrl":"https:\/\/saudi-gift.com\/wp-content\/uploads\/2024\/12\/a2e1979c-2044-41ac-81cd-9af1b22fe946-1000x737-HbmFb3sphCCCYlDodF6ZI2z9Occw9KyV2uGbgzFY-1-1.webp","width":600,"height":600},{"@type":"BreadcrumbList","@id":"https:\/\/saudi-gift.com\/product\/%d8%b3%d9%83%d8%b1%d9%8a-%d8%a8%d8%a7%d9%84%d8%aa%d9%88%d9%81%d9%8a-%d9%88-%d8%a7%d9%84%d9%81%d8%b3%d8%aa%d9%82\/#breadcrumb","itemListElement":[{"@type":"ListItem","position":1,"name":"Home","item":"https:\/\/saudi-gift.com\/tr\/"},{"@type":"ListItem","position":2,"name":"\u015eimdi Al\u0131\u015fveri\u015f Yap\u0131n","item":"https:\/\/saudi-gift.com\/tr\/simdi-alisveris-yapin\/"},{"@type":"ListItem","position":3,"name":"\u015eekerleme ve Antep F\u0131st\u0131\u011f\u0131 \u015eekeri"}]},{"@type":"WebSite","@id":"https:\/\/saudi-gift.com\/#website","url":"https:\/\/saudi-gift.com\/","name":"\u0647\u062f\u064a\u0629 \u0633\u0639\u0648\u062f\u064a\u0629","description":"\u0647\u062f\u064a\u0629 \u0633\u0639\u0648\u062f\u064a\u0629 \u0645\u062a\u062c\u0631 \u0627\u0644\u0643\u062a\u0631\u0648\u0646\u064a \u064a\u0642\u062f\u0645 \u0644\u0643\u0645 \u0645\u062c\u0645\u0648\u0639\u0629 \u0645\u0646 \u0627\u0644\u0647\u062f\u0627\u064a\u0627 \u0627\u0644\u062a\u064a \u062a\u062c\u0633\u062f \u0639\u0628\u0642 \u0630\u0643\u0631\u064a\u0627\u062a\u0643\u0645 \u0641\u064a \u0627\u0644\u0645\u0634\u0627\u0639\u0631 \u0627\u0644\u0645\u0642\u062f\u0633\u0629","publisher":{"@id":"https:\/\/saudi-gift.com\/#organization"},"alternateName":"\u0647\u062f\u064a\u0629 \u0633\u0639\u0648\u062f\u064a\u0629","potentialAction":[{"@type":"SearchAction","target":{"@type":"EntryPoint","urlTemplate":"https:\/\/saudi-gift.com\/?s={search_term_string}"},"query-input":{"@type":"PropertyValueSpecification","valueRequired":true,"valueName":"search_term_string"}}],"inLanguage":"tr"},{"@type":"Organization","@id":"https:\/\/saudi-gift.com\/#organization","name":"\u0645\u062a\u062c\u0631 \u0627\u0644\u0647\u062f\u064a\u0629","alternateName":"\u0647\u062f\u064a\u0629 \u0633\u0639\u0648\u062f\u064a\u0629","url":"https:\/\/saudi-gift.com\/","logo":{"@type":"ImageObject","inLanguage":"tr","@id":"https:\/\/saudi-gift.com\/#\/schema\/logo\/image\/","url":"https:\/\/saudi-gift.com\/wp-content\/uploads\/2025\/05\/2.png","contentUrl":"https:\/\/saudi-gift.com\/wp-content\/uploads\/2025\/05\/2.png","width":163,"height":42,"caption":"\u0645\u062a\u062c\u0631 \u0627\u0644\u0647\u062f\u064a\u0629"},"image":{"@id":"https:\/\/saudi-gift.com\/#\/schema\/logo\/image\/"},"sameAs":["https:\/\/www.facebook.com\/profile.php?id=61560277649059&mibextid=LQQJ4d","https:\/\/x.com\/saudigift_"]}]}},"jetpack-related-posts":[],"_links":{"self":[{"href":"https:\/\/saudi-gift.com\/tr\/wp-json\/wp\/v2\/product\/38331","targetHints":{"allow":["GET"]}}],"collection":[{"href":"https:\/\/saudi-gift.com\/tr\/wp-json\/wp\/v2\/product"}],"about":[{"href":"https:\/\/saudi-gift.com\/tr\/wp-json\/wp\/v2\/types\/product"}],"replies":[{"embeddable":true,"href":"https:\/\/saudi-gift.com\/tr\/wp-json\/wp\/v2\/comments?post=38331"}],"version-history":[{"count":0,"href":"https:\/\/saudi-gift.com\/tr\/wp-json\/wp\/v2\/product\/38331\/revisions"}],"wp:featuredmedia":[{"embeddable":true,"href":"https:\/\/saudi-gift.com\/tr\/wp-json\/wp\/v2\/media\/31564"}],"wp:attachment":[{"href":"https:\/\/saudi-gift.com\/tr\/wp-json\/wp\/v2\/media?parent=38331"}],"wp:term":[{"taxonomy":"product_brand","embeddable":true,"href":"https:\/\/saudi-gift.com\/tr\/wp-json\/wp\/v2\/product_brand?post=38331"},{"taxonomy":"product_cat","embeddable":true,"href":"https:\/\/saudi-gift.com\/tr\/wp-json\/wp\/v2\/product_cat?post=38331"},{"taxonomy":"product_tag","embeddable":true,"href":"https:\/\/saudi-gift.com\/tr\/wp-json\/wp\/v2\/product_tag?post=38331"}],"curies":[{"name":"wp","href":"https:\/\/api.w.org\/{rel}","templated":true}]}}