{"id":38357,"date":"2024-12-26T17:30:39","date_gmt":"2024-12-26T14:30:39","guid":{"rendered":"https:\/\/saudi-gift.com\/product\/bademli-ve-kakuleli-sajaqi\/"},"modified":"2024-12-26T17:30:39","modified_gmt":"2024-12-26T14:30:39","slug":"bademli-ve-kakuleli-sajaqi","status":"publish","type":"product","link":"https:\/\/saudi-gift.com\/tr\/urun\/bademli-ve-kakuleli-sajaqi\/","title":{"rendered":"Bademli ve Kakuleli Sajaqi"},"content":{"rendered":"","protected":false},"excerpt":{"rendered":"<p>Badem ve Kakule ile Doldurulmu\u015f Sakai Hurmas\u0131, hurman\u0131n do\u011fal, vitamin ve mineral a\u00e7\u0131s\u0131ndan zengin tad\u0131n\u0131, \u00e7\u0131t\u0131r badem dokunu\u015fu ve kakulenin e\u015fsiz lezzetiyle birle\u015ftiren kar\u015f\u0131 konulmaz bir deneyimdir. <\/p>\n<p>&nbsp;<\/p>\n<p>&nbsp;<\/p>\n<p><strong><span style=\"font-size: 17px\">Hapla kaplanm\u0131\u015f m\u0131?<\/span><\/strong><\/p>\n","protected":false},"featured_media":31582,"comment_status":"open","ping_status":"closed","template":"","meta":[],"product_brand":[],"product_cat":[3122],"product_tag":[1640,716,1625],"class_list":{"0":"post-38357","1":"product","2":"type-product","3":"status-publish","4":"has-post-thumbnail","6":"product_cat-3122","7":"product_tag-_-tr","8":"product_tag--tr","11":"first","12":"instock","13":"sale","14":"sold-individually","15":"shipping-taxable","16":"purchasable","17":"product-type-variable"},"yoast_head":"<!-- This site is optimized with the Yoast SEO Premium plugin v27.2 (Yoast SEO v27.6) - https:\/\/yoast.com\/product\/yoast-seo-premium-wordpress\/ -->\n<title>Bademli ve Kakuleli Saqi Hurmas\u0131 - Saudi Gift Now&#039;da online al\u0131\u015fveri\u015f yap\u0131n<\/title>\n<meta name=\"description\" content=\"Hurman\u0131n vitamin ve mineral a\u00e7\u0131s\u0131ndan zengin do\u011fal lezzetinin, \u00e7\u0131t\u0131r badem dokunu\u015fu ve kakulenin e\u015fsiz lezzetiyle birle\u015fti\u011fi Saqai&#039;nin Badem ve Kakule Dolgulu Hurmas\u0131 ile kar\u015f\u0131 konulmaz bir deneyim.\" \/>\n<meta name=\"robots\" content=\"index, follow, max-snippet:-1, max-image-preview:large, max-video-preview:-1\" \/>\n<link rel=\"canonical\" href=\"https:\/\/saudi-gift.com\/product\/\u062a\u0645\u0631-\u0635\u0642\u0639\u064a-\u0628\u0627\u0644\u0644\u0648\u0632-\u0648\u0627\u0644\u0647\u064a\u0644\/\" \/>\n<meta property=\"og:locale\" content=\"tr_TR\" \/>\n<meta property=\"og:type\" content=\"article\" \/>\n<meta property=\"og:title\" content=\"Bademli ve Kakuleli Sajaqi\" \/>\n<meta property=\"og:description\" content=\"Hurman\u0131n vitamin ve mineral a\u00e7\u0131s\u0131ndan zengin do\u011fal lezzetinin, \u00e7\u0131t\u0131r badem dokunu\u015fu ve kakulenin e\u015fsiz lezzetiyle birle\u015fti\u011fi Saqai&#039;nin Badem ve Kakule Dolgulu Hurmas\u0131 ile kar\u015f\u0131 konulmaz bir deneyim.\" \/>\n<meta property=\"og:url\" content=\"https:\/\/saudi-gift.com\/product\/\u062a\u0645\u0631-\u0635\u0642\u0639\u064a-\u0628\u0627\u0644\u0644\u0648\u0632-\u0648\u0627\u0644\u0647\u064a\u0644\/\" \/>\n<meta property=\"og:site_name\" content=\"\u0647\u062f\u064a\u0629 \u0633\u0639\u0648\u062f\u064a\u0629\" \/>\n<meta property=\"article:publisher\" content=\"https:\/\/www.facebook.com\/profile.php?id=61560277649059&amp;mibextid=LQQJ4d\" \/>\n<meta property=\"og:image\" content=\"https:\/\/saudi-gift.com\/wp-content\/uploads\/2024\/12\/29dd52de-5c33-47ca-b37a-c716ddee5bc8-1000x737-jDf4TiE6mcnK1EDW0uX9izMqnhdlLBpeKb5pr6IT-1.webp\" \/>\n\t<meta property=\"og:image:width\" content=\"600\" \/>\n\t<meta property=\"og:image:height\" content=\"600\" \/>\n\t<meta property=\"og:image:type\" content=\"image\/webp\" \/>\n<meta name=\"twitter:card\" content=\"summary_large_image\" \/>\n<meta name=\"twitter:site\" content=\"@saudigift_\" \/>\n<script type=\"application\/ld+json\" class=\"yoast-schema-graph\">{\"@context\":\"https:\\\/\\\/schema.org\",\"@graph\":[{\"@type\":\"WebPage\",\"@id\":\"https:\\\/\\\/saudi-gift.com\\\/product\\\/%d8%aa%d9%85%d8%b1-%d8%b5%d9%82%d8%b9%d9%8a-%d8%a8%d8%a7%d9%84%d9%84%d9%88%d8%b2-%d9%88%d8%a7%d9%84%d9%87%d9%8a%d9%84\\\/\",\"url\":\"https:\\\/\\\/saudi-gift.com\\\/product\\\/%d8%aa%d9%85%d8%b1-%d8%b5%d9%82%d8%b9%d9%8a-%d8%a8%d8%a7%d9%84%d9%84%d9%88%d8%b2-%d9%88%d8%a7%d9%84%d9%87%d9%8a%d9%84\\\/\",\"name\":\"Bademli ve Kakuleli Saqi Hurmas\u0131 - Saudi Gift Now'da online al\u0131\u015fveri\u015f yap\u0131n\",\"isPartOf\":{\"@id\":\"https:\\\/\\\/saudi-gift.com\\\/#website\"},\"primaryImageOfPage\":{\"@id\":\"https:\\\/\\\/saudi-gift.com\\\/product\\\/%d8%aa%d9%85%d8%b1-%d8%b5%d9%82%d8%b9%d9%8a-%d8%a8%d8%a7%d9%84%d9%84%d9%88%d8%b2-%d9%88%d8%a7%d9%84%d9%87%d9%8a%d9%84\\\/#primaryimage\"},\"image\":{\"@id\":\"https:\\\/\\\/saudi-gift.com\\\/product\\\/%d8%aa%d9%85%d8%b1-%d8%b5%d9%82%d8%b9%d9%8a-%d8%a8%d8%a7%d9%84%d9%84%d9%88%d8%b2-%d9%88%d8%a7%d9%84%d9%87%d9%8a%d9%84\\\/#primaryimage\"},\"thumbnailUrl\":\"https:\\\/\\\/saudi-gift.com\\\/wp-content\\\/uploads\\\/2024\\\/12\\\/29dd52de-5c33-47ca-b37a-c716ddee5bc8-1000x737-jDf4TiE6mcnK1EDW0uX9izMqnhdlLBpeKb5pr6IT-1.webp\",\"datePublished\":\"2024-12-26T14:30:39+00:00\",\"description\":\"Hurman\u0131n vitamin ve mineral a\u00e7\u0131s\u0131ndan zengin do\u011fal lezzetinin, \u00e7\u0131t\u0131r badem dokunu\u015fu ve kakulenin e\u015fsiz lezzetiyle birle\u015fti\u011fi Saqai'nin Badem ve Kakule Dolgulu Hurmas\u0131 ile kar\u015f\u0131 konulmaz bir deneyim.\",\"breadcrumb\":{\"@id\":\"https:\\\/\\\/saudi-gift.com\\\/product\\\/%d8%aa%d9%85%d8%b1-%d8%b5%d9%82%d8%b9%d9%8a-%d8%a8%d8%a7%d9%84%d9%84%d9%88%d8%b2-%d9%88%d8%a7%d9%84%d9%87%d9%8a%d9%84\\\/#breadcrumb\"},\"inLanguage\":\"tr\",\"potentialAction\":[{\"@type\":\"ReadAction\",\"target\":[\"https:\\\/\\\/saudi-gift.com\\\/product\\\/%d8%aa%d9%85%d8%b1-%d8%b5%d9%82%d8%b9%d9%8a-%d8%a8%d8%a7%d9%84%d9%84%d9%88%d8%b2-%d9%88%d8%a7%d9%84%d9%87%d9%8a%d9%84\\\/\"]}]},{\"@type\":\"ImageObject\",\"inLanguage\":\"tr\",\"@id\":\"https:\\\/\\\/saudi-gift.com\\\/product\\\/%d8%aa%d9%85%d8%b1-%d8%b5%d9%82%d8%b9%d9%8a-%d8%a8%d8%a7%d9%84%d9%84%d9%88%d8%b2-%d9%88%d8%a7%d9%84%d9%87%d9%8a%d9%84\\\/#primaryimage\",\"url\":\"https:\\\/\\\/saudi-gift.com\\\/wp-content\\\/uploads\\\/2024\\\/12\\\/29dd52de-5c33-47ca-b37a-c716ddee5bc8-1000x737-jDf4TiE6mcnK1EDW0uX9izMqnhdlLBpeKb5pr6IT-1.webp\",\"contentUrl\":\"https:\\\/\\\/saudi-gift.com\\\/wp-content\\\/uploads\\\/2024\\\/12\\\/29dd52de-5c33-47ca-b37a-c716ddee5bc8-1000x737-jDf4TiE6mcnK1EDW0uX9izMqnhdlLBpeKb5pr6IT-1.webp\",\"width\":600,\"height\":600},{\"@type\":\"BreadcrumbList\",\"@id\":\"https:\\\/\\\/saudi-gift.com\\\/product\\\/%d8%aa%d9%85%d8%b1-%d8%b5%d9%82%d8%b9%d9%8a-%d8%a8%d8%a7%d9%84%d9%84%d9%88%d8%b2-%d9%88%d8%a7%d9%84%d9%87%d9%8a%d9%84\\\/#breadcrumb\",\"itemListElement\":[{\"@type\":\"ListItem\",\"position\":1,\"name\":\"Home\",\"item\":\"https:\\\/\\\/saudi-gift.com\\\/tr\\\/\"},{\"@type\":\"ListItem\",\"position\":2,\"name\":\"\u015eimdi Al\u0131\u015fveri\u015f Yap\u0131n\",\"item\":\"https:\\\/\\\/saudi-gift.com\\\/tr\\\/simdi-alisveris-yapin\\\/\"},{\"@type\":\"ListItem\",\"position\":3,\"name\":\"Bademli ve Kakuleli Sajaqi\"}]},{\"@type\":\"WebSite\",\"@id\":\"https:\\\/\\\/saudi-gift.com\\\/#website\",\"url\":\"https:\\\/\\\/saudi-gift.com\\\/\",\"name\":\"\u0647\u062f\u064a\u0629 \u0633\u0639\u0648\u062f\u064a\u0629\",\"description\":\"\u0647\u062f\u064a\u0629 \u0633\u0639\u0648\u062f\u064a\u0629 \u0645\u062a\u062c\u0631 \u0627\u0644\u0643\u062a\u0631\u0648\u0646\u064a \u064a\u0642\u062f\u0645 \u0644\u0643\u0645 \u0645\u062c\u0645\u0648\u0639\u0629 \u0645\u0646 \u0627\u0644\u0647\u062f\u0627\u064a\u0627 \u0627\u0644\u062a\u064a \u062a\u062c\u0633\u062f \u0639\u0628\u0642 \u0630\u0643\u0631\u064a\u0627\u062a\u0643\u0645 \u0641\u064a \u0627\u0644\u0645\u0634\u0627\u0639\u0631 \u0627\u0644\u0645\u0642\u062f\u0633\u0629\",\"publisher\":{\"@id\":\"https:\\\/\\\/saudi-gift.com\\\/#organization\"},\"alternateName\":\"\u0647\u062f\u064a\u0629 \u0633\u0639\u0648\u062f\u064a\u0629\",\"potentialAction\":[{\"@type\":\"SearchAction\",\"target\":{\"@type\":\"EntryPoint\",\"urlTemplate\":\"https:\\\/\\\/saudi-gift.com\\\/?s={search_term_string}\"},\"query-input\":{\"@type\":\"PropertyValueSpecification\",\"valueRequired\":true,\"valueName\":\"search_term_string\"}}],\"inLanguage\":\"tr\"},{\"@type\":\"Organization\",\"@id\":\"https:\\\/\\\/saudi-gift.com\\\/#organization\",\"name\":\"\u0645\u062a\u062c\u0631 \u0627\u0644\u0647\u062f\u064a\u0629\",\"alternateName\":\"\u0647\u062f\u064a\u0629 \u0633\u0639\u0648\u062f\u064a\u0629\",\"url\":\"https:\\\/\\\/saudi-gift.com\\\/\",\"logo\":{\"@type\":\"ImageObject\",\"inLanguage\":\"tr\",\"@id\":\"https:\\\/\\\/saudi-gift.com\\\/#\\\/schema\\\/logo\\\/image\\\/\",\"url\":\"https:\\\/\\\/saudi-gift.com\\\/wp-content\\\/uploads\\\/2025\\\/05\\\/2.png\",\"contentUrl\":\"https:\\\/\\\/saudi-gift.com\\\/wp-content\\\/uploads\\\/2025\\\/05\\\/2.png\",\"width\":163,\"height\":42,\"caption\":\"\u0645\u062a\u062c\u0631 \u0627\u0644\u0647\u062f\u064a\u0629\"},\"image\":{\"@id\":\"https:\\\/\\\/saudi-gift.com\\\/#\\\/schema\\\/logo\\\/image\\\/\"},\"sameAs\":[\"https:\\\/\\\/www.facebook.com\\\/profile.php?id=61560277649059&mibextid=LQQJ4d\",\"https:\\\/\\\/x.com\\\/saudigift_\"]}]}<\/script>\n<!-- \/ Yoast SEO Premium plugin. -->","yoast_head_json":{"title":"Bademli ve Kakuleli Saqi Hurmas\u0131 - Saudi Gift Now'da online al\u0131\u015fveri\u015f yap\u0131n","description":"Hurman\u0131n vitamin ve mineral a\u00e7\u0131s\u0131ndan zengin do\u011fal lezzetinin, \u00e7\u0131t\u0131r badem dokunu\u015fu ve kakulenin e\u015fsiz lezzetiyle birle\u015fti\u011fi Saqai'nin Badem ve Kakule Dolgulu Hurmas\u0131 ile kar\u015f\u0131 konulmaz bir deneyim.","robots":{"index":"index","follow":"follow","max-snippet":"max-snippet:-1","max-image-preview":"max-image-preview:large","max-video-preview":"max-video-preview:-1"},"canonical":"https:\/\/saudi-gift.com\/product\/\u062a\u0645\u0631-\u0635\u0642\u0639\u064a-\u0628\u0627\u0644\u0644\u0648\u0632-\u0648\u0627\u0644\u0647\u064a\u0644\/","og_locale":"tr_TR","og_type":"article","og_title":"Bademli ve Kakuleli Sajaqi","og_description":"Hurman\u0131n vitamin ve mineral a\u00e7\u0131s\u0131ndan zengin do\u011fal lezzetinin, \u00e7\u0131t\u0131r badem dokunu\u015fu ve kakulenin e\u015fsiz lezzetiyle birle\u015fti\u011fi Saqai'nin Badem ve Kakule Dolgulu Hurmas\u0131 ile kar\u015f\u0131 konulmaz bir deneyim.","og_url":"https:\/\/saudi-gift.com\/product\/\u062a\u0645\u0631-\u0635\u0642\u0639\u064a-\u0628\u0627\u0644\u0644\u0648\u0632-\u0648\u0627\u0644\u0647\u064a\u0644\/","og_site_name":"\u0647\u062f\u064a\u0629 \u0633\u0639\u0648\u062f\u064a\u0629","article_publisher":"https:\/\/www.facebook.com\/profile.php?id=61560277649059&mibextid=LQQJ4d","og_image":[{"width":600,"height":600,"url":"https:\/\/saudi-gift.com\/wp-content\/uploads\/2024\/12\/29dd52de-5c33-47ca-b37a-c716ddee5bc8-1000x737-jDf4TiE6mcnK1EDW0uX9izMqnhdlLBpeKb5pr6IT-1.webp","type":"image\/webp"}],"twitter_card":"summary_large_image","twitter_site":"@saudigift_","schema":{"@context":"https:\/\/schema.org","@graph":[{"@type":"WebPage","@id":"https:\/\/saudi-gift.com\/product\/%d8%aa%d9%85%d8%b1-%d8%b5%d9%82%d8%b9%d9%8a-%d8%a8%d8%a7%d9%84%d9%84%d9%88%d8%b2-%d9%88%d8%a7%d9%84%d9%87%d9%8a%d9%84\/","url":"https:\/\/saudi-gift.com\/product\/%d8%aa%d9%85%d8%b1-%d8%b5%d9%82%d8%b9%d9%8a-%d8%a8%d8%a7%d9%84%d9%84%d9%88%d8%b2-%d9%88%d8%a7%d9%84%d9%87%d9%8a%d9%84\/","name":"Bademli ve Kakuleli Saqi Hurmas\u0131 - Saudi Gift Now'da online al\u0131\u015fveri\u015f yap\u0131n","isPartOf":{"@id":"https:\/\/saudi-gift.com\/#website"},"primaryImageOfPage":{"@id":"https:\/\/saudi-gift.com\/product\/%d8%aa%d9%85%d8%b1-%d8%b5%d9%82%d8%b9%d9%8a-%d8%a8%d8%a7%d9%84%d9%84%d9%88%d8%b2-%d9%88%d8%a7%d9%84%d9%87%d9%8a%d9%84\/#primaryimage"},"image":{"@id":"https:\/\/saudi-gift.com\/product\/%d8%aa%d9%85%d8%b1-%d8%b5%d9%82%d8%b9%d9%8a-%d8%a8%d8%a7%d9%84%d9%84%d9%88%d8%b2-%d9%88%d8%a7%d9%84%d9%87%d9%8a%d9%84\/#primaryimage"},"thumbnailUrl":"https:\/\/saudi-gift.com\/wp-content\/uploads\/2024\/12\/29dd52de-5c33-47ca-b37a-c716ddee5bc8-1000x737-jDf4TiE6mcnK1EDW0uX9izMqnhdlLBpeKb5pr6IT-1.webp","datePublished":"2024-12-26T14:30:39+00:00","description":"Hurman\u0131n vitamin ve mineral a\u00e7\u0131s\u0131ndan zengin do\u011fal lezzetinin, \u00e7\u0131t\u0131r badem dokunu\u015fu ve kakulenin e\u015fsiz lezzetiyle birle\u015fti\u011fi Saqai'nin Badem ve Kakule Dolgulu Hurmas\u0131 ile kar\u015f\u0131 konulmaz bir deneyim.","breadcrumb":{"@id":"https:\/\/saudi-gift.com\/product\/%d8%aa%d9%85%d8%b1-%d8%b5%d9%82%d8%b9%d9%8a-%d8%a8%d8%a7%d9%84%d9%84%d9%88%d8%b2-%d9%88%d8%a7%d9%84%d9%87%d9%8a%d9%84\/#breadcrumb"},"inLanguage":"tr","potentialAction":[{"@type":"ReadAction","target":["https:\/\/saudi-gift.com\/product\/%d8%aa%d9%85%d8%b1-%d8%b5%d9%82%d8%b9%d9%8a-%d8%a8%d8%a7%d9%84%d9%84%d9%88%d8%b2-%d9%88%d8%a7%d9%84%d9%87%d9%8a%d9%84\/"]}]},{"@type":"ImageObject","inLanguage":"tr","@id":"https:\/\/saudi-gift.com\/product\/%d8%aa%d9%85%d8%b1-%d8%b5%d9%82%d8%b9%d9%8a-%d8%a8%d8%a7%d9%84%d9%84%d9%88%d8%b2-%d9%88%d8%a7%d9%84%d9%87%d9%8a%d9%84\/#primaryimage","url":"https:\/\/saudi-gift.com\/wp-content\/uploads\/2024\/12\/29dd52de-5c33-47ca-b37a-c716ddee5bc8-1000x737-jDf4TiE6mcnK1EDW0uX9izMqnhdlLBpeKb5pr6IT-1.webp","contentUrl":"https:\/\/saudi-gift.com\/wp-content\/uploads\/2024\/12\/29dd52de-5c33-47ca-b37a-c716ddee5bc8-1000x737-jDf4TiE6mcnK1EDW0uX9izMqnhdlLBpeKb5pr6IT-1.webp","width":600,"height":600},{"@type":"BreadcrumbList","@id":"https:\/\/saudi-gift.com\/product\/%d8%aa%d9%85%d8%b1-%d8%b5%d9%82%d8%b9%d9%8a-%d8%a8%d8%a7%d9%84%d9%84%d9%88%d8%b2-%d9%88%d8%a7%d9%84%d9%87%d9%8a%d9%84\/#breadcrumb","itemListElement":[{"@type":"ListItem","position":1,"name":"Home","item":"https:\/\/saudi-gift.com\/tr\/"},{"@type":"ListItem","position":2,"name":"\u015eimdi Al\u0131\u015fveri\u015f Yap\u0131n","item":"https:\/\/saudi-gift.com\/tr\/simdi-alisveris-yapin\/"},{"@type":"ListItem","position":3,"name":"Bademli ve Kakuleli Sajaqi"}]},{"@type":"WebSite","@id":"https:\/\/saudi-gift.com\/#website","url":"https:\/\/saudi-gift.com\/","name":"\u0647\u062f\u064a\u0629 \u0633\u0639\u0648\u062f\u064a\u0629","description":"\u0647\u062f\u064a\u0629 \u0633\u0639\u0648\u062f\u064a\u0629 \u0645\u062a\u062c\u0631 \u0627\u0644\u0643\u062a\u0631\u0648\u0646\u064a \u064a\u0642\u062f\u0645 \u0644\u0643\u0645 \u0645\u062c\u0645\u0648\u0639\u0629 \u0645\u0646 \u0627\u0644\u0647\u062f\u0627\u064a\u0627 \u0627\u0644\u062a\u064a \u062a\u062c\u0633\u062f \u0639\u0628\u0642 \u0630\u0643\u0631\u064a\u0627\u062a\u0643\u0645 \u0641\u064a \u0627\u0644\u0645\u0634\u0627\u0639\u0631 \u0627\u0644\u0645\u0642\u062f\u0633\u0629","publisher":{"@id":"https:\/\/saudi-gift.com\/#organization"},"alternateName":"\u0647\u062f\u064a\u0629 \u0633\u0639\u0648\u062f\u064a\u0629","potentialAction":[{"@type":"SearchAction","target":{"@type":"EntryPoint","urlTemplate":"https:\/\/saudi-gift.com\/?s={search_term_string}"},"query-input":{"@type":"PropertyValueSpecification","valueRequired":true,"valueName":"search_term_string"}}],"inLanguage":"tr"},{"@type":"Organization","@id":"https:\/\/saudi-gift.com\/#organization","name":"\u0645\u062a\u062c\u0631 \u0627\u0644\u0647\u062f\u064a\u0629","alternateName":"\u0647\u062f\u064a\u0629 \u0633\u0639\u0648\u062f\u064a\u0629","url":"https:\/\/saudi-gift.com\/","logo":{"@type":"ImageObject","inLanguage":"tr","@id":"https:\/\/saudi-gift.com\/#\/schema\/logo\/image\/","url":"https:\/\/saudi-gift.com\/wp-content\/uploads\/2025\/05\/2.png","contentUrl":"https:\/\/saudi-gift.com\/wp-content\/uploads\/2025\/05\/2.png","width":163,"height":42,"caption":"\u0645\u062a\u062c\u0631 \u0627\u0644\u0647\u062f\u064a\u0629"},"image":{"@id":"https:\/\/saudi-gift.com\/#\/schema\/logo\/image\/"},"sameAs":["https:\/\/www.facebook.com\/profile.php?id=61560277649059&mibextid=LQQJ4d","https:\/\/x.com\/saudigift_"]}]}},"jetpack-related-posts":[],"_links":{"self":[{"href":"https:\/\/saudi-gift.com\/tr\/wp-json\/wp\/v2\/product\/38357","targetHints":{"allow":["GET"]}}],"collection":[{"href":"https:\/\/saudi-gift.com\/tr\/wp-json\/wp\/v2\/product"}],"about":[{"href":"https:\/\/saudi-gift.com\/tr\/wp-json\/wp\/v2\/types\/product"}],"replies":[{"embeddable":true,"href":"https:\/\/saudi-gift.com\/tr\/wp-json\/wp\/v2\/comments?post=38357"}],"version-history":[{"count":0,"href":"https:\/\/saudi-gift.com\/tr\/wp-json\/wp\/v2\/product\/38357\/revisions"}],"wp:featuredmedia":[{"embeddable":true,"href":"https:\/\/saudi-gift.com\/tr\/wp-json\/wp\/v2\/media\/31582"}],"wp:attachment":[{"href":"https:\/\/saudi-gift.com\/tr\/wp-json\/wp\/v2\/media?parent=38357"}],"wp:term":[{"taxonomy":"product_brand","embeddable":true,"href":"https:\/\/saudi-gift.com\/tr\/wp-json\/wp\/v2\/product_brand?post=38357"},{"taxonomy":"product_cat","embeddable":true,"href":"https:\/\/saudi-gift.com\/tr\/wp-json\/wp\/v2\/product_cat?post=38357"},{"taxonomy":"product_tag","embeddable":true,"href":"https:\/\/saudi-gift.com\/tr\/wp-json\/wp\/v2\/product_tag?post=38357"}],"curies":[{"name":"wp","href":"https:\/\/api.w.org\/{rel}","templated":true}]}}